{"id":27698,"date":"2018-09-21T11:29:25","date_gmt":"2018-09-21T08:29:25","guid":{"rendered":"https:\/\/jaaaeg.ee\/oppeprogramm\/uncategorized\/liustike-parandus-eestimaa-pinnal\/"},"modified":"2026-03-04T10:54:22","modified_gmt":"2026-03-04T08:54:22","slug":"liustike-parandus-eestimaa-pinnal","status":"publish","type":"product","link":"https:\/\/jaaaeg.ee\/ru\/oppeprogramm\/pohikoolile-ru\/liustike-parandus-eestimaa-pinnal\/","title":{"rendered":"Liustike p\u00e4randus Eestimaa pinnal"},"content":{"rendered":"<p><a href=\"https:\/\/jaaaeg.ee\/wp-content\/uploads\/2020\/01\/0-Margis-1-150x150.png\"><img loading=\"lazy\" decoding=\"async\" width=\"150\" height=\"150\" class=\"size-thumbnail wp-image-19360 alignright\" src=\"https:\/\/jaaaeg.ee\/wp-content\/uploads\/2020\/01\/0-Margis-1-150x150.png\" alt=\"\" srcset=\"https:\/\/jaaaeg.ee\/wp-content\/uploads\/2020\/01\/0-Margis-1-150x150.png 150w, https:\/\/jaaaeg.ee\/wp-content\/uploads\/2020\/01\/0-Margis-1-300x300.png 300w, https:\/\/jaaaeg.ee\/wp-content\/uploads\/2020\/01\/0-Margis-1-100x100.png 100w, https:\/\/jaaaeg.ee\/wp-content\/uploads\/2020\/01\/0-Margis-1-600x600.png 600w, https:\/\/jaaaeg.ee\/wp-content\/uploads\/2020\/01\/0-Margis-1-700x700.png 700w, https:\/\/jaaaeg.ee\/wp-content\/uploads\/2020\/01\/0-Margis-1-768x768.png 768w, https:\/\/jaaaeg.ee\/wp-content\/uploads\/2020\/01\/0-Margis-1-120x120.png 120w, https:\/\/jaaaeg.ee\/wp-content\/uploads\/2020\/01\/0-Margis-1.png 1389w\" sizes=\"auto, (max-width: 150px) 100vw, 150px\" \/><\/a>Osalejad saavad teada, kuidas liustikud kasvavad ning on kokku vedanud kogu kivimimaterjali, millest Eesti pinnavormid koosnevad.<br \/>\n\u00d5pime eristama erinevaid pinnavorme ja arutletakse, kuidas need pinnavormid on tekkinud. R\u00fchmat\u00f6\u00f6 k\u00e4igus tutvutakse juhtr\u00e4ndkivide teooriaga ja Eesti eriilmeliste r\u00e4ndrahnudega, s\u00f5elutakse liustikusetteid.<\/p>\n<p>\u00d5ppeprogrammi eesm\u00e4rgiks on tutvustada j\u00e4\u00e4liustiku kulutavat ja kuhjavat toimet.<\/p>\n<p>V\u00f5imalik tellida ka vene keeles<\/p>\n<p>&nbsp;<\/p>\n<p><strong>Programmi kirjeldus pdf formaadis:<\/strong><\/p>\n<p><a href=\"https:\/\/jaaaeg.ee\/wp-content\/uploads\/2018\/09\/Liustike-parandus-Eestimaa-pinnal_6-9kl_15h_25.01.2017.pdf\" rel=\"\">Liustike parandus Eestimaa pinnal 6-9kl<\/a><\/p>\n<p>&nbsp;<\/p>\n<p><strong>T\u00f6\u00f6lehed:<\/strong><\/p>\n<p><a href=\"https:\/\/jaaaeg.ee\/wp-content\/uploads\/2018\/09\/R\u00e4ndrahnud.pdf\" rel=\"\">R\u00e4ndrahnud<\/a><\/p>\n<p><a href=\"https:\/\/jaaaeg.ee\/wp-content\/uploads\/2018\/09\/Sorteerime-liustikesetteid.pdf\" rel=\"\">Sorteerime liustikesetteid<\/a><\/p>\n<p><a href=\"https:\/\/jaaaeg.ee\/wp-content\/uploads\/2018\/09\/Liustike-p\u00e4randus_M\u00e4ed-k\u00fcnkad-n\u00f5lvakud-1.pdf\" rel=\"\">M\u00e4ed, k\u00fcnkad, n\u00f5lvakud EST<\/a><\/p>\n<p><a href=\"https:\/\/jaaaeg.ee\/wp-content\/uploads\/2018\/09\/M\u00e4ed-k\u00fcnkad-n\u00f5lvakud-RUS.pdf\" rel=\"\">M\u00e4ed, k\u00fcnkad, n\u00f5lvakud RUS<\/a><\/p>\n<p><a href=\"https:\/\/jaaaeg.ee\/wp-content\/uploads\/2018\/09\/M\u00e4ed-k\u00fcnkad-n\u00f5lvakud-ENG.pdf\" rel=\"\">M\u00e4ed k\u00fcnkad n\u00f5lvakud ENG<\/a><\/p>\n","protected":false},"excerpt":{"rendered":"<strong>Sihtr\u00fchm:<\/strong>&nbsp;6.-9. klass\r\n<strong>Kestus<\/strong>: 1,5 tundi\r\n<strong>Koht: <\/strong>J\u00e4\u00e4aja Keskuse 2. korruse ekspositsioon\r\n<strong>R\u00fchma suurus:&nbsp;<\/strong>kuni 20 \u00f5pilast\r\n<strong>Hind: 7 \u20ac osaleja + 50 \u20ac juhendamine<\/strong>\r\n\r\n<a href=\"https:\/\/lydian.ee\/broneeri\/programmid\/jaaaeg\/liustike-parandus-eestimaa-pinnal\/\">BRONEERI<\/a>","protected":false},"featured_media":27703,"template":"","meta":{"_acf_changed":false,"ngg_post_thumbnail":0},"product_brand":[],"product_cat":[123],"product_tag":[],"class_list":{"0":"post-27698","1":"product","2":"type-product","3":"status-publish","4":"has-post-thumbnail","6":"product_cat-pohikoolile-ru","8":"first","9":"instock","10":"downloadable","11":"virtual","12":"product-type-simple"},"acf":[],"yoast_head":"<!-- This site is optimized with the Yoast SEO plugin v27.3 - https:\/\/yoast.com\/product\/yoast-seo-wordpress\/ -->\n<title>Liustike p\u00e4randus Eestimaa pinnal - J\u00e4\u00e4aja Keskus<\/title>\n<meta name=\"description\" content=\"J\u00e4\u00e4aja Keskuse \u00f5ppeprogrammi eesm\u00e4rgiks on tutvustada j\u00e4\u00e4liustiku kulutavat ja kuhjavat toimet ning tutvustada selle m\u00f5ju Eesti pinnale.\" \/>\n<meta name=\"robots\" content=\"index, follow, max-snippet:-1, max-image-preview:large, max-video-preview:-1\" \/>\n<link rel=\"canonical\" href=\"https:\/\/jaaaeg.ee\/ru\/oppeprogramm\/pohikoolile-ru\/liustike-parandus-eestimaa-pinnal\/\" \/>\n<meta property=\"og:locale\" content=\"ru_RU\" \/>\n<meta property=\"og:type\" content=\"article\" \/>\n<meta property=\"og:title\" content=\"Liustike p\u00e4randus Eestimaa pinnal - J\u00e4\u00e4aja Keskus\" \/>\n<meta property=\"og:description\" content=\"J\u00e4\u00e4aja Keskuse \u00f5ppeprogrammi eesm\u00e4rgiks on tutvustada j\u00e4\u00e4liustiku kulutavat ja kuhjavat toimet ning tutvustada selle m\u00f5ju Eesti pinnale.\" \/>\n<meta property=\"og:url\" content=\"https:\/\/jaaaeg.ee\/ru\/oppeprogramm\/pohikoolile-ru\/liustike-parandus-eestimaa-pinnal\/\" \/>\n<meta property=\"og:site_name\" content=\"J\u00e4\u00e4aja Keskus\" \/>\n<meta property=\"article:publisher\" content=\"https:\/\/www.facebook.com\/JaaajaKeskus\/\" \/>\n<meta property=\"article:modified_time\" content=\"2026-03-04T08:54:22+00:00\" \/>\n<meta property=\"og:image\" content=\"https:\/\/jaaaeg.ee\/wp-content\/uploads\/2018\/09\/oppeprogrammide-vaheleht_randkivide-varviline-maailm.jpg\" \/>\n\t<meta property=\"og:image:width\" content=\"2480\" \/>\n\t<meta property=\"og:image:height\" content=\"1748\" \/>\n\t<meta property=\"og:image:type\" content=\"image\/jpeg\" \/>\n<meta name=\"twitter:card\" content=\"summary_large_image\" \/>\n<script type=\"application\/ld+json\" class=\"yoast-schema-graph\">{\"@context\":\"https:\\\/\\\/schema.org\",\"@graph\":[{\"@type\":\"WebPage\",\"@id\":\"https:\\\/\\\/jaaaeg.ee\\\/ru\\\/oppeprogramm\\\/pohikoolile-ru\\\/liustike-parandus-eestimaa-pinnal\\\/\",\"url\":\"https:\\\/\\\/jaaaeg.ee\\\/ru\\\/oppeprogramm\\\/pohikoolile-ru\\\/liustike-parandus-eestimaa-pinnal\\\/\",\"name\":\"Liustike p\u00e4randus Eestimaa pinnal - J\u00e4\u00e4aja Keskus\",\"isPartOf\":{\"@id\":\"https:\\\/\\\/jaaaeg.ee\\\/ru\\\/#website\"},\"primaryImageOfPage\":{\"@id\":\"https:\\\/\\\/jaaaeg.ee\\\/ru\\\/oppeprogramm\\\/pohikoolile-ru\\\/liustike-parandus-eestimaa-pinnal\\\/#primaryimage\"},\"image\":{\"@id\":\"https:\\\/\\\/jaaaeg.ee\\\/ru\\\/oppeprogramm\\\/pohikoolile-ru\\\/liustike-parandus-eestimaa-pinnal\\\/#primaryimage\"},\"thumbnailUrl\":\"https:\\\/\\\/jaaaeg.ee\\\/wp-content\\\/uploads\\\/2018\\\/09\\\/oppeprogrammide-vaheleht_randkivide-varviline-maailm.jpg\",\"datePublished\":\"2018-09-21T08:29:25+00:00\",\"dateModified\":\"2026-03-04T08:54:22+00:00\",\"description\":\"J\u00e4\u00e4aja Keskuse \u00f5ppeprogrammi eesm\u00e4rgiks on tutvustada j\u00e4\u00e4liustiku kulutavat ja kuhjavat toimet ning tutvustada selle m\u00f5ju Eesti pinnale.\",\"breadcrumb\":{\"@id\":\"https:\\\/\\\/jaaaeg.ee\\\/ru\\\/oppeprogramm\\\/pohikoolile-ru\\\/liustike-parandus-eestimaa-pinnal\\\/#breadcrumb\"},\"inLanguage\":\"ru-RU\",\"potentialAction\":[{\"@type\":\"ReadAction\",\"target\":[\"https:\\\/\\\/jaaaeg.ee\\\/ru\\\/oppeprogramm\\\/pohikoolile-ru\\\/liustike-parandus-eestimaa-pinnal\\\/\"]}]},{\"@type\":\"ImageObject\",\"inLanguage\":\"ru-RU\",\"@id\":\"https:\\\/\\\/jaaaeg.ee\\\/ru\\\/oppeprogramm\\\/pohikoolile-ru\\\/liustike-parandus-eestimaa-pinnal\\\/#primaryimage\",\"url\":\"https:\\\/\\\/jaaaeg.ee\\\/wp-content\\\/uploads\\\/2018\\\/09\\\/oppeprogrammide-vaheleht_randkivide-varviline-maailm.jpg\",\"contentUrl\":\"https:\\\/\\\/jaaaeg.ee\\\/wp-content\\\/uploads\\\/2018\\\/09\\\/oppeprogrammide-vaheleht_randkivide-varviline-maailm.jpg\",\"width\":2480,\"height\":1748,\"caption\":\"oppeprogrammide vaheleht randkivide varviline maailm\"},{\"@type\":\"BreadcrumbList\",\"@id\":\"https:\\\/\\\/jaaaeg.ee\\\/ru\\\/oppeprogramm\\\/pohikoolile-ru\\\/liustike-parandus-eestimaa-pinnal\\\/#breadcrumb\",\"itemListElement\":[{\"@type\":\"ListItem\",\"position\":1,\"name\":\"Home\",\"item\":\"https:\\\/\\\/jaaaeg.ee\\\/ru\\\/\"},{\"@type\":\"ListItem\",\"position\":2,\"name\":\"Liustike p\u00e4randus Eestimaa pinnal\"}]},{\"@type\":\"WebSite\",\"@id\":\"https:\\\/\\\/jaaaeg.ee\\\/ru\\\/#website\",\"url\":\"https:\\\/\\\/jaaaeg.ee\\\/ru\\\/\",\"name\":\"J\u00e4\u00e4aja Keskus\",\"description\":\"avastamisr\u00f5\u00f5m igas vanuses k\u00fclastajatele\",\"potentialAction\":[{\"@type\":\"SearchAction\",\"target\":{\"@type\":\"EntryPoint\",\"urlTemplate\":\"https:\\\/\\\/jaaaeg.ee\\\/ru\\\/?s={search_term_string}\"},\"query-input\":{\"@type\":\"PropertyValueSpecification\",\"valueRequired\":true,\"valueName\":\"search_term_string\"}}],\"inLanguage\":\"ru-RU\"}]}<\/script>\n<!-- \/ Yoast SEO plugin. -->","yoast_head_json":{"title":"Liustike p\u00e4randus Eestimaa pinnal - J\u00e4\u00e4aja Keskus","description":"J\u00e4\u00e4aja Keskuse \u00f5ppeprogrammi eesm\u00e4rgiks on tutvustada j\u00e4\u00e4liustiku kulutavat ja kuhjavat toimet ning tutvustada selle m\u00f5ju Eesti pinnale.","robots":{"index":"index","follow":"follow","max-snippet":"max-snippet:-1","max-image-preview":"max-image-preview:large","max-video-preview":"max-video-preview:-1"},"canonical":"https:\/\/jaaaeg.ee\/ru\/oppeprogramm\/pohikoolile-ru\/liustike-parandus-eestimaa-pinnal\/","og_locale":"ru_RU","og_type":"article","og_title":"Liustike p\u00e4randus Eestimaa pinnal - J\u00e4\u00e4aja Keskus","og_description":"J\u00e4\u00e4aja Keskuse \u00f5ppeprogrammi eesm\u00e4rgiks on tutvustada j\u00e4\u00e4liustiku kulutavat ja kuhjavat toimet ning tutvustada selle m\u00f5ju Eesti pinnale.","og_url":"https:\/\/jaaaeg.ee\/ru\/oppeprogramm\/pohikoolile-ru\/liustike-parandus-eestimaa-pinnal\/","og_site_name":"J\u00e4\u00e4aja Keskus","article_publisher":"https:\/\/www.facebook.com\/JaaajaKeskus\/","article_modified_time":"2026-03-04T08:54:22+00:00","og_image":[{"width":2480,"height":1748,"url":"https:\/\/jaaaeg.ee\/wp-content\/uploads\/2018\/09\/oppeprogrammide-vaheleht_randkivide-varviline-maailm.jpg","type":"image\/jpeg"}],"twitter_card":"summary_large_image","schema":{"@context":"https:\/\/schema.org","@graph":[{"@type":"WebPage","@id":"https:\/\/jaaaeg.ee\/ru\/oppeprogramm\/pohikoolile-ru\/liustike-parandus-eestimaa-pinnal\/","url":"https:\/\/jaaaeg.ee\/ru\/oppeprogramm\/pohikoolile-ru\/liustike-parandus-eestimaa-pinnal\/","name":"Liustike p\u00e4randus Eestimaa pinnal - J\u00e4\u00e4aja Keskus","isPartOf":{"@id":"https:\/\/jaaaeg.ee\/ru\/#website"},"primaryImageOfPage":{"@id":"https:\/\/jaaaeg.ee\/ru\/oppeprogramm\/pohikoolile-ru\/liustike-parandus-eestimaa-pinnal\/#primaryimage"},"image":{"@id":"https:\/\/jaaaeg.ee\/ru\/oppeprogramm\/pohikoolile-ru\/liustike-parandus-eestimaa-pinnal\/#primaryimage"},"thumbnailUrl":"https:\/\/jaaaeg.ee\/wp-content\/uploads\/2018\/09\/oppeprogrammide-vaheleht_randkivide-varviline-maailm.jpg","datePublished":"2018-09-21T08:29:25+00:00","dateModified":"2026-03-04T08:54:22+00:00","description":"J\u00e4\u00e4aja Keskuse \u00f5ppeprogrammi eesm\u00e4rgiks on tutvustada j\u00e4\u00e4liustiku kulutavat ja kuhjavat toimet ning tutvustada selle m\u00f5ju Eesti pinnale.","breadcrumb":{"@id":"https:\/\/jaaaeg.ee\/ru\/oppeprogramm\/pohikoolile-ru\/liustike-parandus-eestimaa-pinnal\/#breadcrumb"},"inLanguage":"ru-RU","potentialAction":[{"@type":"ReadAction","target":["https:\/\/jaaaeg.ee\/ru\/oppeprogramm\/pohikoolile-ru\/liustike-parandus-eestimaa-pinnal\/"]}]},{"@type":"ImageObject","inLanguage":"ru-RU","@id":"https:\/\/jaaaeg.ee\/ru\/oppeprogramm\/pohikoolile-ru\/liustike-parandus-eestimaa-pinnal\/#primaryimage","url":"https:\/\/jaaaeg.ee\/wp-content\/uploads\/2018\/09\/oppeprogrammide-vaheleht_randkivide-varviline-maailm.jpg","contentUrl":"https:\/\/jaaaeg.ee\/wp-content\/uploads\/2018\/09\/oppeprogrammide-vaheleht_randkivide-varviline-maailm.jpg","width":2480,"height":1748,"caption":"oppeprogrammide vaheleht randkivide varviline maailm"},{"@type":"BreadcrumbList","@id":"https:\/\/jaaaeg.ee\/ru\/oppeprogramm\/pohikoolile-ru\/liustike-parandus-eestimaa-pinnal\/#breadcrumb","itemListElement":[{"@type":"ListItem","position":1,"name":"Home","item":"https:\/\/jaaaeg.ee\/ru\/"},{"@type":"ListItem","position":2,"name":"Liustike p\u00e4randus Eestimaa pinnal"}]},{"@type":"WebSite","@id":"https:\/\/jaaaeg.ee\/ru\/#website","url":"https:\/\/jaaaeg.ee\/ru\/","name":"J\u00e4\u00e4aja Keskus","description":"avastamisr\u00f5\u00f5m igas vanuses k\u00fclastajatele","potentialAction":[{"@type":"SearchAction","target":{"@type":"EntryPoint","urlTemplate":"https:\/\/jaaaeg.ee\/ru\/?s={search_term_string}"},"query-input":{"@type":"PropertyValueSpecification","valueRequired":true,"valueName":"search_term_string"}}],"inLanguage":"ru-RU"}]}},"_links":{"self":[{"href":"https:\/\/jaaaeg.ee\/ru\/wp-json\/wp\/v2\/product\/27698","targetHints":{"allow":["GET"]}}],"collection":[{"href":"https:\/\/jaaaeg.ee\/ru\/wp-json\/wp\/v2\/product"}],"about":[{"href":"https:\/\/jaaaeg.ee\/ru\/wp-json\/wp\/v2\/types\/product"}],"wp:featuredmedia":[{"embeddable":true,"href":"https:\/\/jaaaeg.ee\/ru\/wp-json\/wp\/v2\/media\/27703"}],"wp:attachment":[{"href":"https:\/\/jaaaeg.ee\/ru\/wp-json\/wp\/v2\/media?parent=27698"}],"wp:term":[{"taxonomy":"product_brand","embeddable":true,"href":"https:\/\/jaaaeg.ee\/ru\/wp-json\/wp\/v2\/product_brand?post=27698"},{"taxonomy":"product_cat","embeddable":true,"href":"https:\/\/jaaaeg.ee\/ru\/wp-json\/wp\/v2\/product_cat?post=27698"},{"taxonomy":"product_tag","embeddable":true,"href":"https:\/\/jaaaeg.ee\/ru\/wp-json\/wp\/v2\/product_tag?post=27698"}],"curies":[{"name":"wp","href":"https:\/\/api.w.org\/{rel}","templated":true}]}}