{"id":27689,"date":"2018-09-21T11:29:27","date_gmt":"2018-09-21T08:29:27","guid":{"rendered":"https:\/\/jaaaeg.ee\/oppeprogramm\/uncategorized\/jaaajajargne-loodus-ja-inimene-eestis-2\/"},"modified":"2026-03-04T10:59:43","modified_gmt":"2026-03-04T08:59:43","slug":"jaaajajargne-loodus-ja-inimene-eestis-2","status":"publish","type":"product","link":"https:\/\/jaaaeg.ee\/ru\/oppeprogramm\/gymna-ru\/jaaajajargne-loodus-ja-inimene-eestis-2\/","title":{"rendered":"J\u00e4\u00e4ajaj\u00e4rgne loodus ja inimene Eestis"},"content":{"rendered":"<p>&nbsp;<\/p>\n<p>Anal\u00fc\u00fcsime j\u00e4\u00e4liustiku kulutava, kuhjava ja h\u00e4vitava j\u00f5u m\u00f5ju loodusele. Leiame eluorganismide kohastumised, mis aitavad j\u00e4\u00e4aegade-j\u00e4\u00e4vaheaegade vaheldumisega toime tulla.<\/p>\n<p>R\u00fchmat\u00f6\u00f6 k\u00e4igus saab selgeks Eesti looduse muutumine alates eelmise j\u00e4\u00e4aja j\u00e4\u00e4liustike sulamisest kuni t\u00e4nap\u00e4evani ja vaatame ka pisut tulevikku. Uurime, kui palju on looduslike tingimuste ja koosluste muutused m\u00f5jutanud inimeste elu ning kui palju on inimene m\u00f5jutanud \u00fcmbritsevat keskkonda.<\/p>\n<p>\u00d5ppeprogrammi k\u00e4igus tutvutakse j\u00e4\u00e4aegade ja j\u00e4\u00e4vaheaegade vaheldumise paratamatusega.<\/p>\n<p><strong>Programmi kirjeldus pdf formaadis:<br \/>\n<\/strong><a href=\"https:\/\/jaaaeg.ee\/wp-content\/uploads\/2018\/09\/J\u00e4\u00e4ajaj\u00e4rgne-loodus-ja-inimene-Eestis_8-9kl_15h_25.01.17.pdf\" rel=\"\">J\u00e4\u00e4ajaj\u00e4rgne loodus ja inimene Eestis<\/a><\/p>\n<p>&nbsp;<\/p>\n<p><strong>T\u00f6\u00f6lehed<br \/>\n<\/strong><a href=\"https:\/\/jaaaeg.ee\/wp-content\/uploads\/2018\/09\/J\u00e4\u00e4ajaj\u00e4rgne-loodus-ja-inimene-Eestis-1.pdf\" rel=\"\">J\u00e4\u00e4ajaj\u00e4rgne loodus ja inimene Eestis<\/a><\/p>\n<p><a href=\"https:\/\/jaaaeg.ee\/wp-content\/uploads\/2018\/09\/TL_Oleme_ise_giidid-1.pdf\" rel=\"\">TL_Oleme_ise_giidid<\/a><\/p>\n","protected":false},"excerpt":{"rendered":"<strong>Sihtr\u00fchm:&nbsp;g\u00fcmnaasium\r\n<\/strong><strong>Kestus<\/strong>: 1,5 tundi\r\n<strong>Koht:&nbsp;<\/strong>J\u00e4\u00e4aja Keskuse 1. korrus ja 2. korruse ekspositsioon\r\n<strong>R\u00fchma suurus:&nbsp;<\/strong>kuni 20 osalejat\r\n<strong>Hind: 7 \u20ac osaleja + 50 \u20ac juhendaja<\/strong>\r\n\r\n<a href=\"https:\/\/lydian.ee\/broneeri\/programmid\/jaaaeg\/jaaajajargne-loodus-ja-inimene-eestis\/\">BRONEERI<\/a>","protected":false},"featured_media":27694,"template":"","meta":{"_acf_changed":false,"ngg_post_thumbnail":0},"product_brand":[],"product_cat":[124],"product_tag":[],"class_list":{"0":"post-27689","1":"product","2":"type-product","3":"status-publish","4":"has-post-thumbnail","6":"product_cat-gymna-ru","8":"first","9":"instock","10":"downloadable","11":"virtual","12":"product-type-simple"},"acf":[],"yoast_head":"<!-- This site is optimized with the Yoast SEO plugin v27.3 - https:\/\/yoast.com\/product\/yoast-seo-wordpress\/ -->\n<title>J\u00e4\u00e4ajaj\u00e4rgne loodus ja inimene Eestis - J\u00e4\u00e4aja Keskus<\/title>\n<meta name=\"description\" content=\"J\u00e4\u00e4aja Keskuse \u00f5ppeprogrammi k\u00e4igus tutvutakse j\u00e4\u00e4aegade ja j\u00e4\u00e4vaheaegade vaheldumise paratamatusega ning m\u00f5juga loodusele.\" \/>\n<meta name=\"robots\" content=\"index, follow, max-snippet:-1, max-image-preview:large, max-video-preview:-1\" \/>\n<link rel=\"canonical\" href=\"https:\/\/jaaaeg.ee\/ru\/oppeprogramm\/gymna-ru\/jaaajajargne-loodus-ja-inimene-eestis-2\/\" \/>\n<meta property=\"og:locale\" content=\"ru_RU\" \/>\n<meta property=\"og:type\" content=\"article\" \/>\n<meta property=\"og:title\" content=\"J\u00e4\u00e4ajaj\u00e4rgne loodus ja inimene Eestis - J\u00e4\u00e4aja Keskus\" \/>\n<meta property=\"og:description\" content=\"J\u00e4\u00e4aja Keskuse \u00f5ppeprogrammi k\u00e4igus tutvutakse j\u00e4\u00e4aegade ja j\u00e4\u00e4vaheaegade vaheldumise paratamatusega ning m\u00f5juga loodusele.\" \/>\n<meta property=\"og:url\" content=\"https:\/\/jaaaeg.ee\/ru\/oppeprogramm\/gymna-ru\/jaaajajargne-loodus-ja-inimene-eestis-2\/\" \/>\n<meta property=\"og:site_name\" content=\"J\u00e4\u00e4aja Keskus\" \/>\n<meta property=\"article:publisher\" content=\"https:\/\/www.facebook.com\/JaaajaKeskus\/\" \/>\n<meta property=\"article:modified_time\" content=\"2026-03-04T08:59:43+00:00\" \/>\n<meta property=\"og:image\" content=\"https:\/\/jaaaeg.ee\/wp-content\/uploads\/2018\/09\/oppeprogrammide-vaheleht_jaajargne-loodus-ja-inimene.jpg\" \/>\n\t<meta property=\"og:image:width\" content=\"2480\" \/>\n\t<meta property=\"og:image:height\" content=\"1748\" \/>\n\t<meta property=\"og:image:type\" content=\"image\/jpeg\" \/>\n<meta name=\"twitter:card\" content=\"summary_large_image\" \/>\n<meta name=\"twitter:label1\" content=\"\u041f\u0440\u0438\u043c\u0435\u0440\u043d\u043e\u0435 \u0432\u0440\u0435\u043c\u044f \u0434\u043b\u044f \u0447\u0442\u0435\u043d\u0438\u044f\" \/>\n\t<meta name=\"twitter:data1\" content=\"1 \u043c\u0438\u043d\u0443\u0442\u0430\" \/>\n<script type=\"application\/ld+json\" class=\"yoast-schema-graph\">{\"@context\":\"https:\\\/\\\/schema.org\",\"@graph\":[{\"@type\":\"WebPage\",\"@id\":\"https:\\\/\\\/jaaaeg.ee\\\/ru\\\/oppeprogramm\\\/gymna-ru\\\/jaaajajargne-loodus-ja-inimene-eestis-2\\\/\",\"url\":\"https:\\\/\\\/jaaaeg.ee\\\/ru\\\/oppeprogramm\\\/gymna-ru\\\/jaaajajargne-loodus-ja-inimene-eestis-2\\\/\",\"name\":\"J\u00e4\u00e4ajaj\u00e4rgne loodus ja inimene Eestis - J\u00e4\u00e4aja Keskus\",\"isPartOf\":{\"@id\":\"https:\\\/\\\/jaaaeg.ee\\\/ru\\\/#website\"},\"primaryImageOfPage\":{\"@id\":\"https:\\\/\\\/jaaaeg.ee\\\/ru\\\/oppeprogramm\\\/gymna-ru\\\/jaaajajargne-loodus-ja-inimene-eestis-2\\\/#primaryimage\"},\"image\":{\"@id\":\"https:\\\/\\\/jaaaeg.ee\\\/ru\\\/oppeprogramm\\\/gymna-ru\\\/jaaajajargne-loodus-ja-inimene-eestis-2\\\/#primaryimage\"},\"thumbnailUrl\":\"https:\\\/\\\/jaaaeg.ee\\\/wp-content\\\/uploads\\\/2018\\\/09\\\/oppeprogrammide-vaheleht_jaajargne-loodus-ja-inimene.jpg\",\"datePublished\":\"2018-09-21T08:29:27+00:00\",\"dateModified\":\"2026-03-04T08:59:43+00:00\",\"description\":\"J\u00e4\u00e4aja Keskuse \u00f5ppeprogrammi k\u00e4igus tutvutakse j\u00e4\u00e4aegade ja j\u00e4\u00e4vaheaegade vaheldumise paratamatusega ning m\u00f5juga loodusele.\",\"breadcrumb\":{\"@id\":\"https:\\\/\\\/jaaaeg.ee\\\/ru\\\/oppeprogramm\\\/gymna-ru\\\/jaaajajargne-loodus-ja-inimene-eestis-2\\\/#breadcrumb\"},\"inLanguage\":\"ru-RU\",\"potentialAction\":[{\"@type\":\"ReadAction\",\"target\":[\"https:\\\/\\\/jaaaeg.ee\\\/ru\\\/oppeprogramm\\\/gymna-ru\\\/jaaajajargne-loodus-ja-inimene-eestis-2\\\/\"]}]},{\"@type\":\"ImageObject\",\"inLanguage\":\"ru-RU\",\"@id\":\"https:\\\/\\\/jaaaeg.ee\\\/ru\\\/oppeprogramm\\\/gymna-ru\\\/jaaajajargne-loodus-ja-inimene-eestis-2\\\/#primaryimage\",\"url\":\"https:\\\/\\\/jaaaeg.ee\\\/wp-content\\\/uploads\\\/2018\\\/09\\\/oppeprogrammide-vaheleht_jaajargne-loodus-ja-inimene.jpg\",\"contentUrl\":\"https:\\\/\\\/jaaaeg.ee\\\/wp-content\\\/uploads\\\/2018\\\/09\\\/oppeprogrammide-vaheleht_jaajargne-loodus-ja-inimene.jpg\",\"width\":2480,\"height\":1748,\"caption\":\"oppeprogrammide vaheleht jaajargne loodus ja inimene\"},{\"@type\":\"BreadcrumbList\",\"@id\":\"https:\\\/\\\/jaaaeg.ee\\\/ru\\\/oppeprogramm\\\/gymna-ru\\\/jaaajajargne-loodus-ja-inimene-eestis-2\\\/#breadcrumb\",\"itemListElement\":[{\"@type\":\"ListItem\",\"position\":1,\"name\":\"Home\",\"item\":\"https:\\\/\\\/jaaaeg.ee\\\/ru\\\/\"},{\"@type\":\"ListItem\",\"position\":2,\"name\":\"J\u00e4\u00e4ajaj\u00e4rgne loodus ja inimene Eestis\"}]},{\"@type\":\"WebSite\",\"@id\":\"https:\\\/\\\/jaaaeg.ee\\\/ru\\\/#website\",\"url\":\"https:\\\/\\\/jaaaeg.ee\\\/ru\\\/\",\"name\":\"J\u00e4\u00e4aja Keskus\",\"description\":\"avastamisr\u00f5\u00f5m igas vanuses k\u00fclastajatele\",\"potentialAction\":[{\"@type\":\"SearchAction\",\"target\":{\"@type\":\"EntryPoint\",\"urlTemplate\":\"https:\\\/\\\/jaaaeg.ee\\\/ru\\\/?s={search_term_string}\"},\"query-input\":{\"@type\":\"PropertyValueSpecification\",\"valueRequired\":true,\"valueName\":\"search_term_string\"}}],\"inLanguage\":\"ru-RU\"}]}<\/script>\n<!-- \/ Yoast SEO plugin. -->","yoast_head_json":{"title":"J\u00e4\u00e4ajaj\u00e4rgne loodus ja inimene Eestis - J\u00e4\u00e4aja Keskus","description":"J\u00e4\u00e4aja Keskuse \u00f5ppeprogrammi k\u00e4igus tutvutakse j\u00e4\u00e4aegade ja j\u00e4\u00e4vaheaegade vaheldumise paratamatusega ning m\u00f5juga loodusele.","robots":{"index":"index","follow":"follow","max-snippet":"max-snippet:-1","max-image-preview":"max-image-preview:large","max-video-preview":"max-video-preview:-1"},"canonical":"https:\/\/jaaaeg.ee\/ru\/oppeprogramm\/gymna-ru\/jaaajajargne-loodus-ja-inimene-eestis-2\/","og_locale":"ru_RU","og_type":"article","og_title":"J\u00e4\u00e4ajaj\u00e4rgne loodus ja inimene Eestis - J\u00e4\u00e4aja Keskus","og_description":"J\u00e4\u00e4aja Keskuse \u00f5ppeprogrammi k\u00e4igus tutvutakse j\u00e4\u00e4aegade ja j\u00e4\u00e4vaheaegade vaheldumise paratamatusega ning m\u00f5juga loodusele.","og_url":"https:\/\/jaaaeg.ee\/ru\/oppeprogramm\/gymna-ru\/jaaajajargne-loodus-ja-inimene-eestis-2\/","og_site_name":"J\u00e4\u00e4aja Keskus","article_publisher":"https:\/\/www.facebook.com\/JaaajaKeskus\/","article_modified_time":"2026-03-04T08:59:43+00:00","og_image":[{"width":2480,"height":1748,"url":"https:\/\/jaaaeg.ee\/wp-content\/uploads\/2018\/09\/oppeprogrammide-vaheleht_jaajargne-loodus-ja-inimene.jpg","type":"image\/jpeg"}],"twitter_card":"summary_large_image","twitter_misc":{"\u041f\u0440\u0438\u043c\u0435\u0440\u043d\u043e\u0435 \u0432\u0440\u0435\u043c\u044f \u0434\u043b\u044f \u0447\u0442\u0435\u043d\u0438\u044f":"1 \u043c\u0438\u043d\u0443\u0442\u0430"},"schema":{"@context":"https:\/\/schema.org","@graph":[{"@type":"WebPage","@id":"https:\/\/jaaaeg.ee\/ru\/oppeprogramm\/gymna-ru\/jaaajajargne-loodus-ja-inimene-eestis-2\/","url":"https:\/\/jaaaeg.ee\/ru\/oppeprogramm\/gymna-ru\/jaaajajargne-loodus-ja-inimene-eestis-2\/","name":"J\u00e4\u00e4ajaj\u00e4rgne loodus ja inimene Eestis - J\u00e4\u00e4aja Keskus","isPartOf":{"@id":"https:\/\/jaaaeg.ee\/ru\/#website"},"primaryImageOfPage":{"@id":"https:\/\/jaaaeg.ee\/ru\/oppeprogramm\/gymna-ru\/jaaajajargne-loodus-ja-inimene-eestis-2\/#primaryimage"},"image":{"@id":"https:\/\/jaaaeg.ee\/ru\/oppeprogramm\/gymna-ru\/jaaajajargne-loodus-ja-inimene-eestis-2\/#primaryimage"},"thumbnailUrl":"https:\/\/jaaaeg.ee\/wp-content\/uploads\/2018\/09\/oppeprogrammide-vaheleht_jaajargne-loodus-ja-inimene.jpg","datePublished":"2018-09-21T08:29:27+00:00","dateModified":"2026-03-04T08:59:43+00:00","description":"J\u00e4\u00e4aja Keskuse \u00f5ppeprogrammi k\u00e4igus tutvutakse j\u00e4\u00e4aegade ja j\u00e4\u00e4vaheaegade vaheldumise paratamatusega ning m\u00f5juga loodusele.","breadcrumb":{"@id":"https:\/\/jaaaeg.ee\/ru\/oppeprogramm\/gymna-ru\/jaaajajargne-loodus-ja-inimene-eestis-2\/#breadcrumb"},"inLanguage":"ru-RU","potentialAction":[{"@type":"ReadAction","target":["https:\/\/jaaaeg.ee\/ru\/oppeprogramm\/gymna-ru\/jaaajajargne-loodus-ja-inimene-eestis-2\/"]}]},{"@type":"ImageObject","inLanguage":"ru-RU","@id":"https:\/\/jaaaeg.ee\/ru\/oppeprogramm\/gymna-ru\/jaaajajargne-loodus-ja-inimene-eestis-2\/#primaryimage","url":"https:\/\/jaaaeg.ee\/wp-content\/uploads\/2018\/09\/oppeprogrammide-vaheleht_jaajargne-loodus-ja-inimene.jpg","contentUrl":"https:\/\/jaaaeg.ee\/wp-content\/uploads\/2018\/09\/oppeprogrammide-vaheleht_jaajargne-loodus-ja-inimene.jpg","width":2480,"height":1748,"caption":"oppeprogrammide vaheleht jaajargne loodus ja inimene"},{"@type":"BreadcrumbList","@id":"https:\/\/jaaaeg.ee\/ru\/oppeprogramm\/gymna-ru\/jaaajajargne-loodus-ja-inimene-eestis-2\/#breadcrumb","itemListElement":[{"@type":"ListItem","position":1,"name":"Home","item":"https:\/\/jaaaeg.ee\/ru\/"},{"@type":"ListItem","position":2,"name":"J\u00e4\u00e4ajaj\u00e4rgne loodus ja inimene Eestis"}]},{"@type":"WebSite","@id":"https:\/\/jaaaeg.ee\/ru\/#website","url":"https:\/\/jaaaeg.ee\/ru\/","name":"J\u00e4\u00e4aja Keskus","description":"avastamisr\u00f5\u00f5m igas vanuses k\u00fclastajatele","potentialAction":[{"@type":"SearchAction","target":{"@type":"EntryPoint","urlTemplate":"https:\/\/jaaaeg.ee\/ru\/?s={search_term_string}"},"query-input":{"@type":"PropertyValueSpecification","valueRequired":true,"valueName":"search_term_string"}}],"inLanguage":"ru-RU"}]}},"_links":{"self":[{"href":"https:\/\/jaaaeg.ee\/ru\/wp-json\/wp\/v2\/product\/27689","targetHints":{"allow":["GET"]}}],"collection":[{"href":"https:\/\/jaaaeg.ee\/ru\/wp-json\/wp\/v2\/product"}],"about":[{"href":"https:\/\/jaaaeg.ee\/ru\/wp-json\/wp\/v2\/types\/product"}],"wp:featuredmedia":[{"embeddable":true,"href":"https:\/\/jaaaeg.ee\/ru\/wp-json\/wp\/v2\/media\/27694"}],"wp:attachment":[{"href":"https:\/\/jaaaeg.ee\/ru\/wp-json\/wp\/v2\/media?parent=27689"}],"wp:term":[{"taxonomy":"product_brand","embeddable":true,"href":"https:\/\/jaaaeg.ee\/ru\/wp-json\/wp\/v2\/product_brand?post=27689"},{"taxonomy":"product_cat","embeddable":true,"href":"https:\/\/jaaaeg.ee\/ru\/wp-json\/wp\/v2\/product_cat?post=27689"},{"taxonomy":"product_tag","embeddable":true,"href":"https:\/\/jaaaeg.ee\/ru\/wp-json\/wp\/v2\/product_tag?post=27689"}],"curies":[{"name":"wp","href":"https:\/\/api.w.org\/{rel}","templated":true}]}}