{"id":26715,"date":"2018-09-21T11:29:16","date_gmt":"2018-09-21T08:29:16","guid":{"rendered":"https:\/\/jaaaeg.ee\/oppeprogramm\/uncategorized\/jaaaeg-maa-arengu-lahutamatu-osa-2\/"},"modified":"2026-03-04T10:51:29","modified_gmt":"2026-03-04T08:51:29","slug":"jaaaeg-maa-arengu-lahutamatu-osa-2","status":"publish","type":"product","link":"https:\/\/jaaaeg.ee\/ru\/oppeprogramm\/pohikoolile-ru\/jaaaeg-maa-arengu-lahutamatu-osa-2\/","title":{"rendered":"J\u00e4\u00e4aeg &#8211; Maa arengu lahutamatu osa"},"content":{"rendered":"<p><a href=\"https:\/\/jaaaeg.ee\/wp-content\/uploads\/2020\/01\/0-Margis-1-150x150.png\"><img loading=\"lazy\" decoding=\"async\" width=\"150\" height=\"150\" class=\"size-thumbnail wp-image-19360 alignright\" src=\"https:\/\/jaaaeg.ee\/wp-content\/uploads\/2020\/01\/0-Margis-1-150x150.png\" alt=\"\" srcset=\"https:\/\/jaaaeg.ee\/wp-content\/uploads\/2020\/01\/0-Margis-1-150x150.png 150w, https:\/\/jaaaeg.ee\/wp-content\/uploads\/2020\/01\/0-Margis-1-300x300.png 300w, https:\/\/jaaaeg.ee\/wp-content\/uploads\/2020\/01\/0-Margis-1-100x100.png 100w, https:\/\/jaaaeg.ee\/wp-content\/uploads\/2020\/01\/0-Margis-1-600x600.png 600w, https:\/\/jaaaeg.ee\/wp-content\/uploads\/2020\/01\/0-Margis-1-700x700.png 700w, https:\/\/jaaaeg.ee\/wp-content\/uploads\/2020\/01\/0-Margis-1-768x768.png 768w, https:\/\/jaaaeg.ee\/wp-content\/uploads\/2020\/01\/0-Margis-1-120x120.png 120w, https:\/\/jaaaeg.ee\/wp-content\/uploads\/2020\/01\/0-Margis-1.png 1389w\" sizes=\"auto, (max-width: 150px) 100vw, 150px\" \/><\/a>Programmis osalejatele tutvustatakse kliimamuutuste p\u00f5hjuseid, osalejad saavad \u00fclevaate Maa ajaloos toimunud kliimamuutustest, ja et j\u00e4\u00e4ajad ja j\u00e4\u00e4vaheajad on pidevalt vaheldunud ning see protsess j\u00e4tkub nii ka tulevikus.<br \/>\nR\u00fchmat\u00f6\u00f6na ekspositsiooni infot uurides saadakse teada, miks ja kuidas tekib liustikuj\u00e4\u00e4, kui ulatuslikud olid liustikud viimasel j\u00e4\u00e4ajal ning kui suur purustav j\u00f5ud on liustikel. M\u00f5eldakse r\u00fchmades selle \u00fcle, millised on inimeste elutingimuse erinevused j\u00e4\u00e4aegadel ja j\u00e4\u00e4vaheaegadel.<br \/>\nKoos arutletakse, mis ulatuses on inimene m\u00f5jutanud kliimat minevikus ja kui suur on inimtegevuse m\u00f5ju t\u00e4nap\u00e4eval.<\/p>\n<p>\u00d5ppeprogrammis tutvustame kliimamuutuste p\u00f5hjuseid ning anname \u00fclevaate Maa ajaloos toimunud kliimamuutustest.<\/p>\n<p>V\u00f5imalik tellida nii inglise- kui ka vene keeles&nbsp;<\/p>\n<p><strong>Programmi kirjeldus pdf formaadis:<\/strong><\/p>\n<p><a href=\"https:\/\/jaaaeg.ee\/wp-content\/uploads\/2018\/09\/J\u00e4\u00e4aeg-Maa-arengu-lahutamatu-osa-2-h-5.-9.kl_-1.pdf\" rel=\"\">J\u00e4\u00e4aeg &#8211; Maa arengu lahutamatu osa<\/a><\/p>\n<p>&nbsp;<\/p>\n<p><strong>T\u00f6\u00f6lehed:<\/strong><\/p>\n<p><a href=\"https:\/\/jaaaeg.ee\/wp-content\/uploads\/2018\/09\/Jaaajad_Maa_ajaloo_taustal.pdf\" rel=\"\">Jaaajad_Maa_ajaloo_taustal<\/a><\/p>\n<p><a href=\"https:\/\/jaaaeg.ee\/wp-content\/uploads\/2018\/09\/J-aja-kujunemine.pdf\">J\u00e4\u00e4aja kujunemine<\/a><\/p>\n<p><a href=\"https:\/\/jaaaeg.ee\/wp-content\/uploads\/2018\/09\/J-aeg.pdf\">J\u00e4\u00e4aeg<\/a><\/p>\n<p><a href=\"https:\/\/jaaaeg.ee\/wp-content\/uploads\/2018\/09\/Elustik_jaaajal_PK-I.pdf\" rel=\"\">Elustik_jaaajal_PK I<\/a><\/p>\n<p><a href=\"https:\/\/jaaaeg.ee\/wp-content\/uploads\/2018\/09\/Elustik_jaaajal-PK-III.pdf\" rel=\"\">Elustik_jaaajal PK III<\/a><\/p>\n<p><a href=\"https:\/\/jaaaeg.ee\/wp-content\/uploads\/2018\/09\/Loomade_bingo_PKI.pdf\" rel=\"\">Loomade_bingo_PKI<\/a><\/p>\n<p><a href=\"https:\/\/jaaaeg.ee\/wp-content\/uploads\/2018\/09\/Inimene-jaaajal-PK-I-ja-II.pdf\" rel=\"\">Inimene jaaajal PK I ja II<\/a><\/p>\n<p><a href=\"https:\/\/jaaaeg.ee\/wp-content\/uploads\/2018\/09\/Inimene-jaaajal-PK-III.pdf\" rel=\"\">Inimene jaaajal PK III<\/a><\/p>\n","protected":false},"excerpt":{"rendered":"<strong>Sihtr\u00fchm:<\/strong>&nbsp;4.-9. klass<strong>\r\nKestus:<\/strong>&nbsp;1,5 tundi\r\n<strong>Koht:<\/strong> J\u00e4\u00e4aja Keskuse 1. korruse ekspositsioon\r\n<strong>R\u00fchma suurus:&nbsp;<\/strong>kuni 20 \u00f5pilast\r\n<strong>Hind: 7 \u20ac osaleja + 50 \u20ac juhendamise tasu<\/strong>\r\n\r\n<a href=\"https:\/\/lydian.ee\/broneeri\/programmid\/jaaaeg\/jaaaeg-maa-arengu-lahutamatu-osa\/\">BRONEERI<\/a>","protected":false},"featured_media":26712,"template":"","meta":{"_acf_changed":false,"ngg_post_thumbnail":0},"product_brand":[],"product_cat":[123],"product_tag":[],"class_list":{"0":"post-26715","1":"product","2":"type-product","3":"status-publish","4":"has-post-thumbnail","6":"product_cat-pohikoolile-ru","8":"first","9":"instock","10":"downloadable","11":"virtual","12":"product-type-simple"},"acf":[],"yoast_head":"<!-- This site is optimized with the Yoast SEO plugin v27.3 - https:\/\/yoast.com\/product\/yoast-seo-wordpress\/ -->\n<title>J\u00e4\u00e4aeg - Maa arengu lahutamatu osa - J\u00e4\u00e4aja Keskus<\/title>\n<meta name=\"description\" content=\"\u00d5ppeprogrammis tutvustame kliimamuutuste p\u00f5hjuseid ning anname \u00fclevaate Maa ajaloos toimunud kliimamuutustest.\" \/>\n<meta name=\"robots\" content=\"index, follow, max-snippet:-1, max-image-preview:large, max-video-preview:-1\" \/>\n<link rel=\"canonical\" href=\"https:\/\/jaaaeg.ee\/ru\/oppeprogramm\/pohikoolile-ru\/jaaaeg-maa-arengu-lahutamatu-osa-2\/\" \/>\n<meta property=\"og:locale\" content=\"ru_RU\" \/>\n<meta property=\"og:type\" content=\"article\" \/>\n<meta property=\"og:title\" content=\"J\u00e4\u00e4aeg - Maa arengu lahutamatu osa - J\u00e4\u00e4aja Keskus\" \/>\n<meta property=\"og:description\" content=\"\u00d5ppeprogrammis tutvustame kliimamuutuste p\u00f5hjuseid ning anname \u00fclevaate Maa ajaloos toimunud kliimamuutustest.\" \/>\n<meta property=\"og:url\" content=\"https:\/\/jaaaeg.ee\/ru\/oppeprogramm\/pohikoolile-ru\/jaaaeg-maa-arengu-lahutamatu-osa-2\/\" \/>\n<meta property=\"og:site_name\" content=\"J\u00e4\u00e4aja Keskus\" \/>\n<meta property=\"article:publisher\" content=\"https:\/\/www.facebook.com\/JaaajaKeskus\/\" \/>\n<meta property=\"article:modified_time\" content=\"2026-03-04T08:51:29+00:00\" \/>\n<meta property=\"og:image\" content=\"https:\/\/jaaaeg.ee\/wp-content\/uploads\/2018\/09\/OP_jaaaeg-maa-lahutamatu-osa.jpg\" \/>\n\t<meta property=\"og:image:width\" content=\"2480\" \/>\n\t<meta property=\"og:image:height\" content=\"1748\" \/>\n\t<meta property=\"og:image:type\" content=\"image\/jpeg\" \/>\n<meta name=\"twitter:card\" content=\"summary_large_image\" \/>\n<meta name=\"twitter:label1\" content=\"\u041f\u0440\u0438\u043c\u0435\u0440\u043d\u043e\u0435 \u0432\u0440\u0435\u043c\u044f \u0434\u043b\u044f \u0447\u0442\u0435\u043d\u0438\u044f\" \/>\n\t<meta name=\"twitter:data1\" content=\"1 \u043c\u0438\u043d\u0443\u0442\u0430\" \/>\n<script type=\"application\/ld+json\" class=\"yoast-schema-graph\">{\"@context\":\"https:\\\/\\\/schema.org\",\"@graph\":[{\"@type\":\"WebPage\",\"@id\":\"https:\\\/\\\/jaaaeg.ee\\\/ru\\\/oppeprogramm\\\/pohikoolile-ru\\\/jaaaeg-maa-arengu-lahutamatu-osa-2\\\/\",\"url\":\"https:\\\/\\\/jaaaeg.ee\\\/ru\\\/oppeprogramm\\\/pohikoolile-ru\\\/jaaaeg-maa-arengu-lahutamatu-osa-2\\\/\",\"name\":\"J\u00e4\u00e4aeg - Maa arengu lahutamatu osa - J\u00e4\u00e4aja Keskus\",\"isPartOf\":{\"@id\":\"https:\\\/\\\/jaaaeg.ee\\\/ru\\\/#website\"},\"primaryImageOfPage\":{\"@id\":\"https:\\\/\\\/jaaaeg.ee\\\/ru\\\/oppeprogramm\\\/pohikoolile-ru\\\/jaaaeg-maa-arengu-lahutamatu-osa-2\\\/#primaryimage\"},\"image\":{\"@id\":\"https:\\\/\\\/jaaaeg.ee\\\/ru\\\/oppeprogramm\\\/pohikoolile-ru\\\/jaaaeg-maa-arengu-lahutamatu-osa-2\\\/#primaryimage\"},\"thumbnailUrl\":\"https:\\\/\\\/jaaaeg.ee\\\/wp-content\\\/uploads\\\/2018\\\/09\\\/OP_jaaaeg-maa-lahutamatu-osa.jpg\",\"datePublished\":\"2018-09-21T08:29:16+00:00\",\"dateModified\":\"2026-03-04T08:51:29+00:00\",\"description\":\"\u00d5ppeprogrammis tutvustame kliimamuutuste p\u00f5hjuseid ning anname \u00fclevaate Maa ajaloos toimunud kliimamuutustest.\",\"breadcrumb\":{\"@id\":\"https:\\\/\\\/jaaaeg.ee\\\/ru\\\/oppeprogramm\\\/pohikoolile-ru\\\/jaaaeg-maa-arengu-lahutamatu-osa-2\\\/#breadcrumb\"},\"inLanguage\":\"ru-RU\",\"potentialAction\":[{\"@type\":\"ReadAction\",\"target\":[\"https:\\\/\\\/jaaaeg.ee\\\/ru\\\/oppeprogramm\\\/pohikoolile-ru\\\/jaaaeg-maa-arengu-lahutamatu-osa-2\\\/\"]}]},{\"@type\":\"ImageObject\",\"inLanguage\":\"ru-RU\",\"@id\":\"https:\\\/\\\/jaaaeg.ee\\\/ru\\\/oppeprogramm\\\/pohikoolile-ru\\\/jaaaeg-maa-arengu-lahutamatu-osa-2\\\/#primaryimage\",\"url\":\"https:\\\/\\\/jaaaeg.ee\\\/wp-content\\\/uploads\\\/2018\\\/09\\\/OP_jaaaeg-maa-lahutamatu-osa.jpg\",\"contentUrl\":\"https:\\\/\\\/jaaaeg.ee\\\/wp-content\\\/uploads\\\/2018\\\/09\\\/OP_jaaaeg-maa-lahutamatu-osa.jpg\",\"width\":2480,\"height\":1748,\"caption\":\"OP jaaaeg maa lahutamatu osa\"},{\"@type\":\"BreadcrumbList\",\"@id\":\"https:\\\/\\\/jaaaeg.ee\\\/ru\\\/oppeprogramm\\\/pohikoolile-ru\\\/jaaaeg-maa-arengu-lahutamatu-osa-2\\\/#breadcrumb\",\"itemListElement\":[{\"@type\":\"ListItem\",\"position\":1,\"name\":\"Home\",\"item\":\"https:\\\/\\\/jaaaeg.ee\\\/ru\\\/\"},{\"@type\":\"ListItem\",\"position\":2,\"name\":\"J\u00e4\u00e4aeg &#8211; Maa arengu lahutamatu osa\"}]},{\"@type\":\"WebSite\",\"@id\":\"https:\\\/\\\/jaaaeg.ee\\\/ru\\\/#website\",\"url\":\"https:\\\/\\\/jaaaeg.ee\\\/ru\\\/\",\"name\":\"J\u00e4\u00e4aja Keskus\",\"description\":\"avastamisr\u00f5\u00f5m igas vanuses k\u00fclastajatele\",\"potentialAction\":[{\"@type\":\"SearchAction\",\"target\":{\"@type\":\"EntryPoint\",\"urlTemplate\":\"https:\\\/\\\/jaaaeg.ee\\\/ru\\\/?s={search_term_string}\"},\"query-input\":{\"@type\":\"PropertyValueSpecification\",\"valueRequired\":true,\"valueName\":\"search_term_string\"}}],\"inLanguage\":\"ru-RU\"}]}<\/script>\n<!-- \/ Yoast SEO plugin. -->","yoast_head_json":{"title":"J\u00e4\u00e4aeg - Maa arengu lahutamatu osa - J\u00e4\u00e4aja Keskus","description":"\u00d5ppeprogrammis tutvustame kliimamuutuste p\u00f5hjuseid ning anname \u00fclevaate Maa ajaloos toimunud kliimamuutustest.","robots":{"index":"index","follow":"follow","max-snippet":"max-snippet:-1","max-image-preview":"max-image-preview:large","max-video-preview":"max-video-preview:-1"},"canonical":"https:\/\/jaaaeg.ee\/ru\/oppeprogramm\/pohikoolile-ru\/jaaaeg-maa-arengu-lahutamatu-osa-2\/","og_locale":"ru_RU","og_type":"article","og_title":"J\u00e4\u00e4aeg - Maa arengu lahutamatu osa - J\u00e4\u00e4aja Keskus","og_description":"\u00d5ppeprogrammis tutvustame kliimamuutuste p\u00f5hjuseid ning anname \u00fclevaate Maa ajaloos toimunud kliimamuutustest.","og_url":"https:\/\/jaaaeg.ee\/ru\/oppeprogramm\/pohikoolile-ru\/jaaaeg-maa-arengu-lahutamatu-osa-2\/","og_site_name":"J\u00e4\u00e4aja Keskus","article_publisher":"https:\/\/www.facebook.com\/JaaajaKeskus\/","article_modified_time":"2026-03-04T08:51:29+00:00","og_image":[{"width":2480,"height":1748,"url":"https:\/\/jaaaeg.ee\/wp-content\/uploads\/2018\/09\/OP_jaaaeg-maa-lahutamatu-osa.jpg","type":"image\/jpeg"}],"twitter_card":"summary_large_image","twitter_misc":{"\u041f\u0440\u0438\u043c\u0435\u0440\u043d\u043e\u0435 \u0432\u0440\u0435\u043c\u044f \u0434\u043b\u044f \u0447\u0442\u0435\u043d\u0438\u044f":"1 \u043c\u0438\u043d\u0443\u0442\u0430"},"schema":{"@context":"https:\/\/schema.org","@graph":[{"@type":"WebPage","@id":"https:\/\/jaaaeg.ee\/ru\/oppeprogramm\/pohikoolile-ru\/jaaaeg-maa-arengu-lahutamatu-osa-2\/","url":"https:\/\/jaaaeg.ee\/ru\/oppeprogramm\/pohikoolile-ru\/jaaaeg-maa-arengu-lahutamatu-osa-2\/","name":"J\u00e4\u00e4aeg - Maa arengu lahutamatu osa - J\u00e4\u00e4aja Keskus","isPartOf":{"@id":"https:\/\/jaaaeg.ee\/ru\/#website"},"primaryImageOfPage":{"@id":"https:\/\/jaaaeg.ee\/ru\/oppeprogramm\/pohikoolile-ru\/jaaaeg-maa-arengu-lahutamatu-osa-2\/#primaryimage"},"image":{"@id":"https:\/\/jaaaeg.ee\/ru\/oppeprogramm\/pohikoolile-ru\/jaaaeg-maa-arengu-lahutamatu-osa-2\/#primaryimage"},"thumbnailUrl":"https:\/\/jaaaeg.ee\/wp-content\/uploads\/2018\/09\/OP_jaaaeg-maa-lahutamatu-osa.jpg","datePublished":"2018-09-21T08:29:16+00:00","dateModified":"2026-03-04T08:51:29+00:00","description":"\u00d5ppeprogrammis tutvustame kliimamuutuste p\u00f5hjuseid ning anname \u00fclevaate Maa ajaloos toimunud kliimamuutustest.","breadcrumb":{"@id":"https:\/\/jaaaeg.ee\/ru\/oppeprogramm\/pohikoolile-ru\/jaaaeg-maa-arengu-lahutamatu-osa-2\/#breadcrumb"},"inLanguage":"ru-RU","potentialAction":[{"@type":"ReadAction","target":["https:\/\/jaaaeg.ee\/ru\/oppeprogramm\/pohikoolile-ru\/jaaaeg-maa-arengu-lahutamatu-osa-2\/"]}]},{"@type":"ImageObject","inLanguage":"ru-RU","@id":"https:\/\/jaaaeg.ee\/ru\/oppeprogramm\/pohikoolile-ru\/jaaaeg-maa-arengu-lahutamatu-osa-2\/#primaryimage","url":"https:\/\/jaaaeg.ee\/wp-content\/uploads\/2018\/09\/OP_jaaaeg-maa-lahutamatu-osa.jpg","contentUrl":"https:\/\/jaaaeg.ee\/wp-content\/uploads\/2018\/09\/OP_jaaaeg-maa-lahutamatu-osa.jpg","width":2480,"height":1748,"caption":"OP jaaaeg maa lahutamatu osa"},{"@type":"BreadcrumbList","@id":"https:\/\/jaaaeg.ee\/ru\/oppeprogramm\/pohikoolile-ru\/jaaaeg-maa-arengu-lahutamatu-osa-2\/#breadcrumb","itemListElement":[{"@type":"ListItem","position":1,"name":"Home","item":"https:\/\/jaaaeg.ee\/ru\/"},{"@type":"ListItem","position":2,"name":"J\u00e4\u00e4aeg &#8211; Maa arengu lahutamatu osa"}]},{"@type":"WebSite","@id":"https:\/\/jaaaeg.ee\/ru\/#website","url":"https:\/\/jaaaeg.ee\/ru\/","name":"J\u00e4\u00e4aja Keskus","description":"avastamisr\u00f5\u00f5m igas vanuses k\u00fclastajatele","potentialAction":[{"@type":"SearchAction","target":{"@type":"EntryPoint","urlTemplate":"https:\/\/jaaaeg.ee\/ru\/?s={search_term_string}"},"query-input":{"@type":"PropertyValueSpecification","valueRequired":true,"valueName":"search_term_string"}}],"inLanguage":"ru-RU"}]}},"_links":{"self":[{"href":"https:\/\/jaaaeg.ee\/ru\/wp-json\/wp\/v2\/product\/26715","targetHints":{"allow":["GET"]}}],"collection":[{"href":"https:\/\/jaaaeg.ee\/ru\/wp-json\/wp\/v2\/product"}],"about":[{"href":"https:\/\/jaaaeg.ee\/ru\/wp-json\/wp\/v2\/types\/product"}],"wp:featuredmedia":[{"embeddable":true,"href":"https:\/\/jaaaeg.ee\/ru\/wp-json\/wp\/v2\/media\/26712"}],"wp:attachment":[{"href":"https:\/\/jaaaeg.ee\/ru\/wp-json\/wp\/v2\/media?parent=26715"}],"wp:term":[{"taxonomy":"product_brand","embeddable":true,"href":"https:\/\/jaaaeg.ee\/ru\/wp-json\/wp\/v2\/product_brand?post=26715"},{"taxonomy":"product_cat","embeddable":true,"href":"https:\/\/jaaaeg.ee\/ru\/wp-json\/wp\/v2\/product_cat?post=26715"},{"taxonomy":"product_tag","embeddable":true,"href":"https:\/\/jaaaeg.ee\/ru\/wp-json\/wp\/v2\/product_tag?post=26715"}],"curies":[{"name":"wp","href":"https:\/\/api.w.org\/{rel}","templated":true}]}}