{"id":26658,"date":"2024-03-28T11:25:21","date_gmt":"2024-03-28T09:25:21","guid":{"rendered":"https:\/\/jaaaeg.ee\/oppeprogramm\/uncategorized\/energia-kaks-poolt\/"},"modified":"2026-02-27T14:12:31","modified_gmt":"2026-02-27T12:12:31","slug":"energia-kaks-poolt","status":"publish","type":"product","link":"https:\/\/jaaaeg.ee\/ru\/oppeprogramm\/pohikoolile-ru\/energia-kaks-poolt\/","title":{"rendered":"Energia kaks poolt"},"content":{"rendered":"<p><strong>Programmi \u00f5pieesm\u00e4rk<\/strong><\/p>\n<p>Suunata osaleja t\u00e4helepanu erinevatele energiatootmisviisidele, \u00fcletarbimisele ja kokkuhoiu vajadusele.<\/p>\n<p>Programmi alustatakse n-\u00f6 rohujuure tasandilt \u2013 oma kodust, kus vaadatakse , kuidas ja millest koosneb elektriarve ning liigutakse globaaltasandile.<\/p>\n<p>&nbsp;Oluline on juhtida osalejaid m\u00f5tlema erinevatest otsustest, millest s\u00f5ltub nii iga pere kui \u00fchiskonna heaolu laiemalt.<\/p>\n<p>Otsima pikemas ajavaates loovaid lahendusi kriiside ennetamiseks ja lahendamiseks.<\/p>\n<p>&nbsp;<\/p>\n<p><strong>L\u00e4bitavad teoreetilised arutlusteemad:<\/strong><\/p>\n<p>Kuidas toota keskkonnas\u00f5bralikult?<\/p>\n<p>Kuidas t\u00f6\u00f6tab tuulegeneraator, p\u00e4ikesepark ja h\u00fcdrojaam?<\/p>\n<p>Kas igale poole saab ehitada p\u00e4ikesepargi?<\/p>\n<p>Erinevate taastuvate energiaallikate plussid ja miinused.<\/p>\n<p>&nbsp;Kas Eestil on v\u00f5imalus tagada elektrienergia ja energias\u00f5ltuvus taastuvatest allikatest? Mida selleks on vaja teha?<\/p>\n<p>Elektrienergia kokkuhoiu ja salvestamise v\u00f5imalused. Tarbimise nutikas planeerimine. Energiakadude v\u00e4hendamine.<\/p>\n<p>Elektrienergia ja soojusenergia koostootmine. Koostuutmisjaamade olulisus kohaliku elektrivarustuse tagamisel.<\/p>\n<p>&nbsp;<\/p>\n<p><strong>Praktiline tegevus<\/strong><\/p>\n<ol>\n<li>\u00d5pilased \u00f5pivad lugema J\u00e4\u00e4aja Keskuse p\u00e4ikesepargi tootlikkuse tulemusi, arutleda, millal ja miks paneelid enam toodavad, leida tiputootmise aegu ja v\u00f5rrelda ilmaga<\/li>\n<li>\u00d5pitakse \u201elugema\u201c elektriarvet, et saada aru, millest see koosneb, mida t\u00e4hendab t\u00e4his kWh, mida m\u00f5isted b\u00f6rsihind ja fikseeritud hind, v\u00f5rguteenuse hind, kahetariifne m\u00f5\u00f5tmiss\u00fcsteem, taastuvenergia tasu jne<\/li>\n<\/ol>\n<p>&nbsp;<\/p>\n<p><strong>Programmi tulem<\/strong><\/p>\n<p>Programmi l\u00e4binud \u00f5pilastel kinnistub teadmine erinevatest energia tootmise ja kokkuhoiu viisidest<\/p>\n<p>Kasvavad praktilised teadmise tulevikus ise toimetulemiseks<\/p>\n<p>Kasvab arusaam, kas ja kuidas ise toota rohelist energiat<\/p>\n<p>Kasvab arutlusoskus<\/p>\n<p>\u00d5ppeprogrammi ja S\u00e4rtsutoa loomist toetas Eesti riik, Kliimaministeerium ja Keskkonnainvesteeringute keskus.<\/p>\n<p><img loading=\"lazy\" decoding=\"async\" width=\"300\" height=\"96\" class=\"alignnone size-medium wp-image-26562\" src=\"https:\/\/jaaaeg.ee\/wp-content\/uploads\/2024\/03\/kliimaministeerium-300x96.png\" alt=\"\" srcset=\"https:\/\/jaaaeg.ee\/wp-content\/uploads\/2024\/03\/kliimaministeerium-300x96.png 300w, https:\/\/jaaaeg.ee\/wp-content\/uploads\/2024\/03\/kliimaministeerium-120x38.png 120w, https:\/\/jaaaeg.ee\/wp-content\/uploads\/2024\/03\/kliimaministeerium-320x102.png 320w, https:\/\/jaaaeg.ee\/wp-content\/uploads\/2024\/03\/kliimaministeerium.png 397w\" sizes=\"auto, (max-width: 300px) 100vw, 300px\" \/> <img loading=\"lazy\" decoding=\"async\" width=\"300\" height=\"169\" class=\"alignnone size-medium wp-image-26382\" src=\"https:\/\/jaaaeg.ee\/wp-content\/uploads\/2024\/03\/KIK_Toetab_varv-300x169.jpg\" alt=\"KIK toetab s\u00e4rtsutuba\" srcset=\"https:\/\/jaaaeg.ee\/wp-content\/uploads\/2024\/03\/KIK_Toetab_varv-300x169.jpg 300w, https:\/\/jaaaeg.ee\/wp-content\/uploads\/2024\/03\/KIK_Toetab_varv-120x68.jpg 120w, https:\/\/jaaaeg.ee\/wp-content\/uploads\/2024\/03\/KIK_Toetab_varv-320x180.jpg 320w, https:\/\/jaaaeg.ee\/wp-content\/uploads\/2024\/03\/KIK_Toetab_varv.jpg 378w\" sizes=\"auto, (max-width: 300px) 100vw, 300px\" \/><\/p>\n","protected":false},"excerpt":{"rendered":"<strong>Sihtgrupid: <\/strong>7. &#8211; 9. klassid \/ 10.-12. klassid\r\n<strong>Kestus:<\/strong> 1 h&nbsp;\r\n<strong>\u00d5ppekeel:<\/strong> eesti keel\r\n<strong>Osalejate arv: <\/strong>20 \u00f5pilast\r\n<strong>Hind:<\/strong> 7 \u20ac osaleja + juhendamise tasu 50 \u20ac\r\n\r\n<a href=\"https:\/\/lydian.ee\/broneeri\/programmid\/jaaaeg\/energia-kaks-poolt\/\">BRONEERI<\/a>\r\n\r\n&nbsp;","protected":false},"featured_media":32336,"template":"","meta":{"_acf_changed":false,"ngg_post_thumbnail":0},"product_brand":[],"product_cat":[124,123],"product_tag":[],"class_list":{"0":"post-26658","1":"product","2":"type-product","3":"status-publish","4":"has-post-thumbnail","6":"product_cat-gymna-ru","7":"product_cat-pohikoolile-ru","9":"first","10":"instock","11":"shipping-taxable","12":"product-type-simple"},"acf":[],"yoast_head":"<!-- This site is optimized with the Yoast SEO plugin v27.3 - https:\/\/yoast.com\/product\/yoast-seo-wordpress\/ -->\n<title>Energia kaks poolt - J\u00e4\u00e4aja Keskus<\/title>\n<meta name=\"robots\" content=\"index, follow, max-snippet:-1, max-image-preview:large, max-video-preview:-1\" \/>\n<link rel=\"canonical\" href=\"https:\/\/jaaaeg.ee\/ru\/oppeprogramm\/pohikoolile-ru\/energia-kaks-poolt\/\" \/>\n<meta property=\"og:locale\" content=\"ru_RU\" \/>\n<meta property=\"og:type\" content=\"article\" \/>\n<meta property=\"og:title\" content=\"Energia kaks poolt - J\u00e4\u00e4aja Keskus\" \/>\n<meta property=\"og:description\" content=\"Sihtgrupid: 7. - 9. klassid \/ 10.-12. klassid Kestus: 1 h&nbsp; \u00d5ppekeel: eesti keel Osalejate arv: 20 \u00f5pilast Hind: 7 \u20ac osaleja + juhendamise tasu 50 \u20ac  BRONEERI  &nbsp;\" \/>\n<meta property=\"og:url\" content=\"https:\/\/jaaaeg.ee\/ru\/oppeprogramm\/pohikoolile-ru\/energia-kaks-poolt\/\" \/>\n<meta property=\"og:site_name\" content=\"J\u00e4\u00e4aja Keskus\" \/>\n<meta property=\"article:publisher\" content=\"https:\/\/www.facebook.com\/JaaajaKeskus\/\" \/>\n<meta property=\"article:modified_time\" content=\"2026-02-27T12:12:31+00:00\" \/>\n<meta property=\"og:image\" content=\"https:\/\/jaaaeg.ee\/wp-content\/uploads\/2024\/03\/Ekspo.jpg\" \/>\n\t<meta property=\"og:image:width\" content=\"2048\" \/>\n\t<meta property=\"og:image:height\" content=\"1365\" \/>\n\t<meta property=\"og:image:type\" content=\"image\/jpeg\" \/>\n<meta name=\"twitter:card\" content=\"summary_large_image\" \/>\n<meta name=\"twitter:label1\" content=\"\u041f\u0440\u0438\u043c\u0435\u0440\u043d\u043e\u0435 \u0432\u0440\u0435\u043c\u044f \u0434\u043b\u044f \u0447\u0442\u0435\u043d\u0438\u044f\" \/>\n\t<meta name=\"twitter:data1\" content=\"1 \u043c\u0438\u043d\u0443\u0442\u0430\" \/>\n<script type=\"application\/ld+json\" class=\"yoast-schema-graph\">{\"@context\":\"https:\\\/\\\/schema.org\",\"@graph\":[{\"@type\":\"WebPage\",\"@id\":\"https:\\\/\\\/jaaaeg.ee\\\/ru\\\/oppeprogramm\\\/pohikoolile-ru\\\/energia-kaks-poolt\\\/\",\"url\":\"https:\\\/\\\/jaaaeg.ee\\\/ru\\\/oppeprogramm\\\/pohikoolile-ru\\\/energia-kaks-poolt\\\/\",\"name\":\"Energia kaks poolt - J\u00e4\u00e4aja Keskus\",\"isPartOf\":{\"@id\":\"https:\\\/\\\/jaaaeg.ee\\\/ru\\\/#website\"},\"primaryImageOfPage\":{\"@id\":\"https:\\\/\\\/jaaaeg.ee\\\/ru\\\/oppeprogramm\\\/pohikoolile-ru\\\/energia-kaks-poolt\\\/#primaryimage\"},\"image\":{\"@id\":\"https:\\\/\\\/jaaaeg.ee\\\/ru\\\/oppeprogramm\\\/pohikoolile-ru\\\/energia-kaks-poolt\\\/#primaryimage\"},\"thumbnailUrl\":\"https:\\\/\\\/jaaaeg.ee\\\/wp-content\\\/uploads\\\/2024\\\/03\\\/Ekspo.jpg\",\"datePublished\":\"2024-03-28T09:25:21+00:00\",\"dateModified\":\"2026-02-27T12:12:31+00:00\",\"breadcrumb\":{\"@id\":\"https:\\\/\\\/jaaaeg.ee\\\/ru\\\/oppeprogramm\\\/pohikoolile-ru\\\/energia-kaks-poolt\\\/#breadcrumb\"},\"inLanguage\":\"ru-RU\",\"potentialAction\":[{\"@type\":\"ReadAction\",\"target\":[\"https:\\\/\\\/jaaaeg.ee\\\/ru\\\/oppeprogramm\\\/pohikoolile-ru\\\/energia-kaks-poolt\\\/\"]}]},{\"@type\":\"ImageObject\",\"inLanguage\":\"ru-RU\",\"@id\":\"https:\\\/\\\/jaaaeg.ee\\\/ru\\\/oppeprogramm\\\/pohikoolile-ru\\\/energia-kaks-poolt\\\/#primaryimage\",\"url\":\"https:\\\/\\\/jaaaeg.ee\\\/wp-content\\\/uploads\\\/2024\\\/03\\\/Ekspo.jpg\",\"contentUrl\":\"https:\\\/\\\/jaaaeg.ee\\\/wp-content\\\/uploads\\\/2024\\\/03\\\/Ekspo.jpg\",\"width\":2048,\"height\":1365,\"caption\":\"Energia kaks poolt\"},{\"@type\":\"BreadcrumbList\",\"@id\":\"https:\\\/\\\/jaaaeg.ee\\\/ru\\\/oppeprogramm\\\/pohikoolile-ru\\\/energia-kaks-poolt\\\/#breadcrumb\",\"itemListElement\":[{\"@type\":\"ListItem\",\"position\":1,\"name\":\"Home\",\"item\":\"https:\\\/\\\/jaaaeg.ee\\\/ru\\\/\"},{\"@type\":\"ListItem\",\"position\":2,\"name\":\"Energia kaks poolt\"}]},{\"@type\":\"WebSite\",\"@id\":\"https:\\\/\\\/jaaaeg.ee\\\/ru\\\/#website\",\"url\":\"https:\\\/\\\/jaaaeg.ee\\\/ru\\\/\",\"name\":\"J\u00e4\u00e4aja Keskus\",\"description\":\"avastamisr\u00f5\u00f5m igas vanuses k\u00fclastajatele\",\"potentialAction\":[{\"@type\":\"SearchAction\",\"target\":{\"@type\":\"EntryPoint\",\"urlTemplate\":\"https:\\\/\\\/jaaaeg.ee\\\/ru\\\/?s={search_term_string}\"},\"query-input\":{\"@type\":\"PropertyValueSpecification\",\"valueRequired\":true,\"valueName\":\"search_term_string\"}}],\"inLanguage\":\"ru-RU\"}]}<\/script>\n<!-- \/ Yoast SEO plugin. -->","yoast_head_json":{"title":"Energia kaks poolt - J\u00e4\u00e4aja Keskus","robots":{"index":"index","follow":"follow","max-snippet":"max-snippet:-1","max-image-preview":"max-image-preview:large","max-video-preview":"max-video-preview:-1"},"canonical":"https:\/\/jaaaeg.ee\/ru\/oppeprogramm\/pohikoolile-ru\/energia-kaks-poolt\/","og_locale":"ru_RU","og_type":"article","og_title":"Energia kaks poolt - J\u00e4\u00e4aja Keskus","og_description":"Sihtgrupid: 7. - 9. klassid \/ 10.-12. klassid Kestus: 1 h&nbsp; \u00d5ppekeel: eesti keel Osalejate arv: 20 \u00f5pilast Hind: 7 \u20ac osaleja + juhendamise tasu 50 \u20ac  BRONEERI  &nbsp;","og_url":"https:\/\/jaaaeg.ee\/ru\/oppeprogramm\/pohikoolile-ru\/energia-kaks-poolt\/","og_site_name":"J\u00e4\u00e4aja Keskus","article_publisher":"https:\/\/www.facebook.com\/JaaajaKeskus\/","article_modified_time":"2026-02-27T12:12:31+00:00","og_image":[{"width":2048,"height":1365,"url":"https:\/\/jaaaeg.ee\/wp-content\/uploads\/2024\/03\/Ekspo.jpg","type":"image\/jpeg"}],"twitter_card":"summary_large_image","twitter_misc":{"\u041f\u0440\u0438\u043c\u0435\u0440\u043d\u043e\u0435 \u0432\u0440\u0435\u043c\u044f \u0434\u043b\u044f \u0447\u0442\u0435\u043d\u0438\u044f":"1 \u043c\u0438\u043d\u0443\u0442\u0430"},"schema":{"@context":"https:\/\/schema.org","@graph":[{"@type":"WebPage","@id":"https:\/\/jaaaeg.ee\/ru\/oppeprogramm\/pohikoolile-ru\/energia-kaks-poolt\/","url":"https:\/\/jaaaeg.ee\/ru\/oppeprogramm\/pohikoolile-ru\/energia-kaks-poolt\/","name":"Energia kaks poolt - J\u00e4\u00e4aja Keskus","isPartOf":{"@id":"https:\/\/jaaaeg.ee\/ru\/#website"},"primaryImageOfPage":{"@id":"https:\/\/jaaaeg.ee\/ru\/oppeprogramm\/pohikoolile-ru\/energia-kaks-poolt\/#primaryimage"},"image":{"@id":"https:\/\/jaaaeg.ee\/ru\/oppeprogramm\/pohikoolile-ru\/energia-kaks-poolt\/#primaryimage"},"thumbnailUrl":"https:\/\/jaaaeg.ee\/wp-content\/uploads\/2024\/03\/Ekspo.jpg","datePublished":"2024-03-28T09:25:21+00:00","dateModified":"2026-02-27T12:12:31+00:00","breadcrumb":{"@id":"https:\/\/jaaaeg.ee\/ru\/oppeprogramm\/pohikoolile-ru\/energia-kaks-poolt\/#breadcrumb"},"inLanguage":"ru-RU","potentialAction":[{"@type":"ReadAction","target":["https:\/\/jaaaeg.ee\/ru\/oppeprogramm\/pohikoolile-ru\/energia-kaks-poolt\/"]}]},{"@type":"ImageObject","inLanguage":"ru-RU","@id":"https:\/\/jaaaeg.ee\/ru\/oppeprogramm\/pohikoolile-ru\/energia-kaks-poolt\/#primaryimage","url":"https:\/\/jaaaeg.ee\/wp-content\/uploads\/2024\/03\/Ekspo.jpg","contentUrl":"https:\/\/jaaaeg.ee\/wp-content\/uploads\/2024\/03\/Ekspo.jpg","width":2048,"height":1365,"caption":"Energia kaks poolt"},{"@type":"BreadcrumbList","@id":"https:\/\/jaaaeg.ee\/ru\/oppeprogramm\/pohikoolile-ru\/energia-kaks-poolt\/#breadcrumb","itemListElement":[{"@type":"ListItem","position":1,"name":"Home","item":"https:\/\/jaaaeg.ee\/ru\/"},{"@type":"ListItem","position":2,"name":"Energia kaks poolt"}]},{"@type":"WebSite","@id":"https:\/\/jaaaeg.ee\/ru\/#website","url":"https:\/\/jaaaeg.ee\/ru\/","name":"J\u00e4\u00e4aja Keskus","description":"avastamisr\u00f5\u00f5m igas vanuses k\u00fclastajatele","potentialAction":[{"@type":"SearchAction","target":{"@type":"EntryPoint","urlTemplate":"https:\/\/jaaaeg.ee\/ru\/?s={search_term_string}"},"query-input":{"@type":"PropertyValueSpecification","valueRequired":true,"valueName":"search_term_string"}}],"inLanguage":"ru-RU"}]}},"_links":{"self":[{"href":"https:\/\/jaaaeg.ee\/ru\/wp-json\/wp\/v2\/product\/26658","targetHints":{"allow":["GET"]}}],"collection":[{"href":"https:\/\/jaaaeg.ee\/ru\/wp-json\/wp\/v2\/product"}],"about":[{"href":"https:\/\/jaaaeg.ee\/ru\/wp-json\/wp\/v2\/types\/product"}],"wp:featuredmedia":[{"embeddable":true,"href":"https:\/\/jaaaeg.ee\/ru\/wp-json\/wp\/v2\/media\/32336"}],"wp:attachment":[{"href":"https:\/\/jaaaeg.ee\/ru\/wp-json\/wp\/v2\/media?parent=26658"}],"wp:term":[{"taxonomy":"product_brand","embeddable":true,"href":"https:\/\/jaaaeg.ee\/ru\/wp-json\/wp\/v2\/product_brand?post=26658"},{"taxonomy":"product_cat","embeddable":true,"href":"https:\/\/jaaaeg.ee\/ru\/wp-json\/wp\/v2\/product_cat?post=26658"},{"taxonomy":"product_tag","embeddable":true,"href":"https:\/\/jaaaeg.ee\/ru\/wp-json\/wp\/v2\/product_tag?post=26658"}],"curies":[{"name":"wp","href":"https:\/\/api.w.org\/{rel}","templated":true}]}}