{"id":26489,"date":"2018-09-21T11:28:53","date_gmt":"2018-09-21T08:28:53","guid":{"rendered":"https:\/\/jaaaeg.ee\/oppeprogramm\/uncategorized\/mammutipoiss-aksel-tuleb-kulla\/"},"modified":"2026-02-27T12:10:28","modified_gmt":"2026-02-27T10:10:28","slug":"mammutipoiss-aksel-tuleb-kulla","status":"publish","type":"product","link":"https:\/\/jaaaeg.ee\/ru\/oppeprogramm\/alg-ru\/mammutipoiss-aksel-tuleb-kulla\/","title":{"rendered":"Mammutipoiss \u00c4ksel tuleb k\u00fclla"},"content":{"rendered":"<p>Programmis osalejad saavad teadmisi mammutite arenguloost ning kadumisest.<br \/>\nL\u00e4bi m\u00e4ngulise tegevuse \u00f5pitakse tundma mammutite toidulauda. \u00d5pilased \u00f5pivad m\u00e4rkama loomade kohastumusi keskkonnaoludega, \u00f5pivad seostama kohastumusi \u00fcmbritseva keskkonna tingimustega.<br \/>\nOsalejad \u00f5pivad m\u00e4rkama mammutite ja elevantide erisusi ning arutlema nende erinevuste \u00fcle.<\/p>\n<p>Lapsed \u00f5pivad \u00fcheskoos ning l\u00e4bi m\u00e4ngu tundma ja vaatlema loomade erinevaid kohastumusi ilmastikuoludega.<br \/>\nProgrammi saab tellida ka vene keeles.&nbsp;<\/p>\n<p><strong>NB!<\/strong> Programmi on v\u00f5imalik tellida ka lasteaeda. V\u00e4ljas\u00f5iduprogrammi hind: 7 \u20ac osaleja + 50 \u20ac juhendamise tasu + transpordikulu<\/p>\n<p><strong>\u00d5ppeprogrammi kirjeldus:<\/strong><\/p>\n<p><a href=\"https:\/\/jaaaeg.ee\/wp-content\/uploads\/2018\/09\/Mammutipoiss-\u00c4ksel-tuleb-k\u00fclla-1.pdf\" rel=\"\">Mammutipoiss \u00c4ksel tuleb k\u00fclla<\/a><\/p>\n<p>&nbsp;<\/p>\n<p>\u00d5ppeprogrammi koostamist toetas SA Keskkonnainvesteeringute Keskus<\/p>\n","protected":false},"excerpt":{"rendered":"<strong>Sihtr\u00fchm:&nbsp;<\/strong>lasteaed, algkool\r\n<strong>Kestus:&nbsp;<\/strong>1 tund\r\n<strong>Koht: <\/strong>siseruum\r\n<strong>R\u00fchma suurus:&nbsp;<\/strong>kuni 25 last\r\n<strong>Hind: 5 \u20ac osaleja + 50 \u20ac juhendamise tasu<\/strong>\r\n<!-- end Google Calendar Appointment Scheduling -->\r\n\r\n<a href=\"https:\/\/lydian.ee\/broneeri\/programmid\/jaaaeg\/mammutipoiss-aksel-tuleb-kulla\/\">BRONEERI<\/a>","protected":false},"featured_media":26499,"template":"","meta":{"_acf_changed":false,"ngg_post_thumbnail":0},"product_brand":[],"product_cat":[122,129],"product_tag":[],"class_list":{"0":"post-26489","1":"product","2":"type-product","3":"status-publish","4":"has-post-thumbnail","6":"product_cat-alg-ru","7":"product_cat-laste-ru","9":"first","10":"instock","11":"downloadable","12":"virtual","13":"product-type-simple"},"acf":[],"yoast_head":"<!-- This site is optimized with the Yoast SEO plugin v27.3 - https:\/\/yoast.com\/product\/yoast-seo-wordpress\/ -->\n<title>Mammutipoiss \u00c4ksel tuleb k\u00fclla - J\u00e4\u00e4aja Keskus<\/title>\n<meta name=\"description\" content=\"Kutsu J\u00e4\u00e4aja Keskuse juhendaja koos mammutipojaga enda lasteaeda k\u00fclla! \u00d5pime l\u00e4bi m\u00e4ngu tundma loomade erinevaid kohastumusi.\" \/>\n<meta name=\"robots\" content=\"index, follow, max-snippet:-1, max-image-preview:large, max-video-preview:-1\" \/>\n<link rel=\"canonical\" href=\"https:\/\/jaaaeg.ee\/ru\/oppeprogramm\/alg-ru\/mammutipoiss-aksel-tuleb-kulla\/\" \/>\n<meta property=\"og:locale\" content=\"ru_RU\" \/>\n<meta property=\"og:type\" content=\"article\" \/>\n<meta property=\"og:title\" content=\"Mammutipoiss \u00c4ksel tuleb k\u00fclla - J\u00e4\u00e4aja Keskus\" \/>\n<meta property=\"og:description\" content=\"Kutsu J\u00e4\u00e4aja Keskuse juhendaja koos mammutipojaga enda lasteaeda k\u00fclla! \u00d5pime l\u00e4bi m\u00e4ngu tundma loomade erinevaid kohastumusi.\" \/>\n<meta property=\"og:url\" content=\"https:\/\/jaaaeg.ee\/ru\/oppeprogramm\/alg-ru\/mammutipoiss-aksel-tuleb-kulla\/\" \/>\n<meta property=\"og:site_name\" content=\"J\u00e4\u00e4aja Keskus\" \/>\n<meta property=\"article:publisher\" content=\"https:\/\/www.facebook.com\/JaaajaKeskus\/\" \/>\n<meta property=\"article:modified_time\" content=\"2026-02-27T10:10:28+00:00\" \/>\n<meta property=\"og:image\" content=\"https:\/\/jaaaeg.ee\/wp-content\/uploads\/2018\/09\/OP_mammutipoeg-Aksel-tuleb-kulla.jpg\" \/>\n\t<meta property=\"og:image:width\" content=\"2480\" \/>\n\t<meta property=\"og:image:height\" content=\"1748\" \/>\n\t<meta property=\"og:image:type\" content=\"image\/jpeg\" \/>\n<meta name=\"twitter:card\" content=\"summary_large_image\" \/>\n<script type=\"application\/ld+json\" class=\"yoast-schema-graph\">{\"@context\":\"https:\\\/\\\/schema.org\",\"@graph\":[{\"@type\":\"WebPage\",\"@id\":\"https:\\\/\\\/jaaaeg.ee\\\/ru\\\/oppeprogramm\\\/alg-ru\\\/mammutipoiss-aksel-tuleb-kulla\\\/\",\"url\":\"https:\\\/\\\/jaaaeg.ee\\\/ru\\\/oppeprogramm\\\/alg-ru\\\/mammutipoiss-aksel-tuleb-kulla\\\/\",\"name\":\"Mammutipoiss \u00c4ksel tuleb k\u00fclla - J\u00e4\u00e4aja Keskus\",\"isPartOf\":{\"@id\":\"https:\\\/\\\/jaaaeg.ee\\\/ru\\\/#website\"},\"primaryImageOfPage\":{\"@id\":\"https:\\\/\\\/jaaaeg.ee\\\/ru\\\/oppeprogramm\\\/alg-ru\\\/mammutipoiss-aksel-tuleb-kulla\\\/#primaryimage\"},\"image\":{\"@id\":\"https:\\\/\\\/jaaaeg.ee\\\/ru\\\/oppeprogramm\\\/alg-ru\\\/mammutipoiss-aksel-tuleb-kulla\\\/#primaryimage\"},\"thumbnailUrl\":\"https:\\\/\\\/jaaaeg.ee\\\/wp-content\\\/uploads\\\/2018\\\/09\\\/OP_mammutipoeg-Aksel-tuleb-kulla.jpg\",\"datePublished\":\"2018-09-21T08:28:53+00:00\",\"dateModified\":\"2026-02-27T10:10:28+00:00\",\"description\":\"Kutsu J\u00e4\u00e4aja Keskuse juhendaja koos mammutipojaga enda lasteaeda k\u00fclla! \u00d5pime l\u00e4bi m\u00e4ngu tundma loomade erinevaid kohastumusi.\",\"breadcrumb\":{\"@id\":\"https:\\\/\\\/jaaaeg.ee\\\/ru\\\/oppeprogramm\\\/alg-ru\\\/mammutipoiss-aksel-tuleb-kulla\\\/#breadcrumb\"},\"inLanguage\":\"ru-RU\",\"potentialAction\":[{\"@type\":\"ReadAction\",\"target\":[\"https:\\\/\\\/jaaaeg.ee\\\/ru\\\/oppeprogramm\\\/alg-ru\\\/mammutipoiss-aksel-tuleb-kulla\\\/\"]}]},{\"@type\":\"ImageObject\",\"inLanguage\":\"ru-RU\",\"@id\":\"https:\\\/\\\/jaaaeg.ee\\\/ru\\\/oppeprogramm\\\/alg-ru\\\/mammutipoiss-aksel-tuleb-kulla\\\/#primaryimage\",\"url\":\"https:\\\/\\\/jaaaeg.ee\\\/wp-content\\\/uploads\\\/2018\\\/09\\\/OP_mammutipoeg-Aksel-tuleb-kulla.jpg\",\"contentUrl\":\"https:\\\/\\\/jaaaeg.ee\\\/wp-content\\\/uploads\\\/2018\\\/09\\\/OP_mammutipoeg-Aksel-tuleb-kulla.jpg\",\"width\":2480,\"height\":1748,\"caption\":\"OP mammutipoeg Aksel tuleb kulla\"},{\"@type\":\"BreadcrumbList\",\"@id\":\"https:\\\/\\\/jaaaeg.ee\\\/ru\\\/oppeprogramm\\\/alg-ru\\\/mammutipoiss-aksel-tuleb-kulla\\\/#breadcrumb\",\"itemListElement\":[{\"@type\":\"ListItem\",\"position\":1,\"name\":\"Home\",\"item\":\"https:\\\/\\\/jaaaeg.ee\\\/ru\\\/\"},{\"@type\":\"ListItem\",\"position\":2,\"name\":\"Mammutipoiss \u00c4ksel tuleb k\u00fclla\"}]},{\"@type\":\"WebSite\",\"@id\":\"https:\\\/\\\/jaaaeg.ee\\\/ru\\\/#website\",\"url\":\"https:\\\/\\\/jaaaeg.ee\\\/ru\\\/\",\"name\":\"J\u00e4\u00e4aja Keskus\",\"description\":\"avastamisr\u00f5\u00f5m igas vanuses k\u00fclastajatele\",\"potentialAction\":[{\"@type\":\"SearchAction\",\"target\":{\"@type\":\"EntryPoint\",\"urlTemplate\":\"https:\\\/\\\/jaaaeg.ee\\\/ru\\\/?s={search_term_string}\"},\"query-input\":{\"@type\":\"PropertyValueSpecification\",\"valueRequired\":true,\"valueName\":\"search_term_string\"}}],\"inLanguage\":\"ru-RU\"}]}<\/script>\n<!-- \/ Yoast SEO plugin. -->","yoast_head_json":{"title":"Mammutipoiss \u00c4ksel tuleb k\u00fclla - J\u00e4\u00e4aja Keskus","description":"Kutsu J\u00e4\u00e4aja Keskuse juhendaja koos mammutipojaga enda lasteaeda k\u00fclla! \u00d5pime l\u00e4bi m\u00e4ngu tundma loomade erinevaid kohastumusi.","robots":{"index":"index","follow":"follow","max-snippet":"max-snippet:-1","max-image-preview":"max-image-preview:large","max-video-preview":"max-video-preview:-1"},"canonical":"https:\/\/jaaaeg.ee\/ru\/oppeprogramm\/alg-ru\/mammutipoiss-aksel-tuleb-kulla\/","og_locale":"ru_RU","og_type":"article","og_title":"Mammutipoiss \u00c4ksel tuleb k\u00fclla - J\u00e4\u00e4aja Keskus","og_description":"Kutsu J\u00e4\u00e4aja Keskuse juhendaja koos mammutipojaga enda lasteaeda k\u00fclla! \u00d5pime l\u00e4bi m\u00e4ngu tundma loomade erinevaid kohastumusi.","og_url":"https:\/\/jaaaeg.ee\/ru\/oppeprogramm\/alg-ru\/mammutipoiss-aksel-tuleb-kulla\/","og_site_name":"J\u00e4\u00e4aja Keskus","article_publisher":"https:\/\/www.facebook.com\/JaaajaKeskus\/","article_modified_time":"2026-02-27T10:10:28+00:00","og_image":[{"width":2480,"height":1748,"url":"https:\/\/jaaaeg.ee\/wp-content\/uploads\/2018\/09\/OP_mammutipoeg-Aksel-tuleb-kulla.jpg","type":"image\/jpeg"}],"twitter_card":"summary_large_image","schema":{"@context":"https:\/\/schema.org","@graph":[{"@type":"WebPage","@id":"https:\/\/jaaaeg.ee\/ru\/oppeprogramm\/alg-ru\/mammutipoiss-aksel-tuleb-kulla\/","url":"https:\/\/jaaaeg.ee\/ru\/oppeprogramm\/alg-ru\/mammutipoiss-aksel-tuleb-kulla\/","name":"Mammutipoiss \u00c4ksel tuleb k\u00fclla - J\u00e4\u00e4aja Keskus","isPartOf":{"@id":"https:\/\/jaaaeg.ee\/ru\/#website"},"primaryImageOfPage":{"@id":"https:\/\/jaaaeg.ee\/ru\/oppeprogramm\/alg-ru\/mammutipoiss-aksel-tuleb-kulla\/#primaryimage"},"image":{"@id":"https:\/\/jaaaeg.ee\/ru\/oppeprogramm\/alg-ru\/mammutipoiss-aksel-tuleb-kulla\/#primaryimage"},"thumbnailUrl":"https:\/\/jaaaeg.ee\/wp-content\/uploads\/2018\/09\/OP_mammutipoeg-Aksel-tuleb-kulla.jpg","datePublished":"2018-09-21T08:28:53+00:00","dateModified":"2026-02-27T10:10:28+00:00","description":"Kutsu J\u00e4\u00e4aja Keskuse juhendaja koos mammutipojaga enda lasteaeda k\u00fclla! \u00d5pime l\u00e4bi m\u00e4ngu tundma loomade erinevaid kohastumusi.","breadcrumb":{"@id":"https:\/\/jaaaeg.ee\/ru\/oppeprogramm\/alg-ru\/mammutipoiss-aksel-tuleb-kulla\/#breadcrumb"},"inLanguage":"ru-RU","potentialAction":[{"@type":"ReadAction","target":["https:\/\/jaaaeg.ee\/ru\/oppeprogramm\/alg-ru\/mammutipoiss-aksel-tuleb-kulla\/"]}]},{"@type":"ImageObject","inLanguage":"ru-RU","@id":"https:\/\/jaaaeg.ee\/ru\/oppeprogramm\/alg-ru\/mammutipoiss-aksel-tuleb-kulla\/#primaryimage","url":"https:\/\/jaaaeg.ee\/wp-content\/uploads\/2018\/09\/OP_mammutipoeg-Aksel-tuleb-kulla.jpg","contentUrl":"https:\/\/jaaaeg.ee\/wp-content\/uploads\/2018\/09\/OP_mammutipoeg-Aksel-tuleb-kulla.jpg","width":2480,"height":1748,"caption":"OP mammutipoeg Aksel tuleb kulla"},{"@type":"BreadcrumbList","@id":"https:\/\/jaaaeg.ee\/ru\/oppeprogramm\/alg-ru\/mammutipoiss-aksel-tuleb-kulla\/#breadcrumb","itemListElement":[{"@type":"ListItem","position":1,"name":"Home","item":"https:\/\/jaaaeg.ee\/ru\/"},{"@type":"ListItem","position":2,"name":"Mammutipoiss \u00c4ksel tuleb k\u00fclla"}]},{"@type":"WebSite","@id":"https:\/\/jaaaeg.ee\/ru\/#website","url":"https:\/\/jaaaeg.ee\/ru\/","name":"J\u00e4\u00e4aja Keskus","description":"avastamisr\u00f5\u00f5m igas vanuses k\u00fclastajatele","potentialAction":[{"@type":"SearchAction","target":{"@type":"EntryPoint","urlTemplate":"https:\/\/jaaaeg.ee\/ru\/?s={search_term_string}"},"query-input":{"@type":"PropertyValueSpecification","valueRequired":true,"valueName":"search_term_string"}}],"inLanguage":"ru-RU"}]}},"_links":{"self":[{"href":"https:\/\/jaaaeg.ee\/ru\/wp-json\/wp\/v2\/product\/26489","targetHints":{"allow":["GET"]}}],"collection":[{"href":"https:\/\/jaaaeg.ee\/ru\/wp-json\/wp\/v2\/product"}],"about":[{"href":"https:\/\/jaaaeg.ee\/ru\/wp-json\/wp\/v2\/types\/product"}],"wp:featuredmedia":[{"embeddable":true,"href":"https:\/\/jaaaeg.ee\/ru\/wp-json\/wp\/v2\/media\/26499"}],"wp:attachment":[{"href":"https:\/\/jaaaeg.ee\/ru\/wp-json\/wp\/v2\/media?parent=26489"}],"wp:term":[{"taxonomy":"product_brand","embeddable":true,"href":"https:\/\/jaaaeg.ee\/ru\/wp-json\/wp\/v2\/product_brand?post=26489"},{"taxonomy":"product_cat","embeddable":true,"href":"https:\/\/jaaaeg.ee\/ru\/wp-json\/wp\/v2\/product_cat?post=26489"},{"taxonomy":"product_tag","embeddable":true,"href":"https:\/\/jaaaeg.ee\/ru\/wp-json\/wp\/v2\/product_tag?post=26489"}],"curies":[{"name":"wp","href":"https:\/\/api.w.org\/{rel}","templated":true}]}}