{"id":26481,"date":"2018-09-21T11:30:03","date_gmt":"2018-09-21T08:30:03","guid":{"rendered":"https:\/\/jaaaeg.ee\/oppeprogramm\/uncategorized\/kas-tunned-vooremaad\/"},"modified":"2026-03-04T10:48:28","modified_gmt":"2026-03-04T08:48:28","slug":"kas-tunned-vooremaad","status":"publish","type":"product","link":"https:\/\/jaaaeg.ee\/ru\/oppeprogramm\/pohikoolile-ru\/kas-tunned-vooremaad\/","title":{"rendered":"Kas tunned Vooremaad?"},"content":{"rendered":"<p style=\"text-align: left;\">Keskuses toimuvas programmi osas saavad osalejad teadmisi mandrij\u00e4\u00e4tekkelistest pinnavormidest ning pinnavormide teket m\u00f5jutanud protsessidest l\u00e4bi ekspositsiooni infot k\u00e4sitlevate \u00fclesannete.<\/p>\n<p style=\"text-align: left;\">V\u00e4ljas\u00f5idul Vooremaale saadakse \u00fclevaade Euroopa \u00fchest esinduslikumast voorestikust. \u00d5pitakse tundma looduskaitselisi objekte ning saadakse teadmisi looduskaitse vajadusest.<\/p>\n<p>&nbsp;<\/p>\n<p><strong>\u00d5ppeprogrammi kirjeldus:<\/strong><\/p>\n<p><a href=\"https:\/\/jaaaeg.ee\/wp-content\/uploads\/2018\/09\/Kas_tunned_Vooremaad.pdf\">Kas tunned Vooremaad?<\/a><\/p>\n<p>&nbsp;<\/p>\n<p><strong>T\u00f6\u00f6lehed:<\/strong><\/p>\n<p><a href=\"https:\/\/jaaaeg.ee\/wp-content\/uploads\/2018\/09\/Kas_tunned_Vooremaad_PKII_III.pdf\" rel=\"\">Kas_tunned_Vooremaad_PKII_III<\/a><\/p>\n<p><a href=\"https:\/\/jaaaeg.ee\/wp-content\/uploads\/2018\/09\/Maastik-vaatlustornist_mis-pidin-torni-\u00fcmber-tegema.pdf\" rel=\"\">Maastik vaatlustornist<\/a><\/p>\n<p><a href=\"https:\/\/jaaaeg.ee\/wp-content\/uploads\/2018\/09\/Vooremaastik-est.pdf\" rel=\"\">Vooremaastik<\/a><\/p>\n<p><a href=\"https:\/\/jaaaeg.ee\/wp-content\/uploads\/2018\/09\/Vooremaastik_eng.pdf\" rel=\"\">Vooremaa ENG-t\u00f6\u00f6leht<\/a><\/p>\n<p><a href=\"https:\/\/jaaaeg.ee\/wp-content\/uploads\/2018\/09\/Vooremaastik_rus.pdf\" rel=\"\">Vooremaa RUS-t\u00f6\u00f6leht<\/a><\/p>\n","protected":false},"excerpt":{"rendered":"Programm koosneb kahest osast: esimene toimub <strong>J\u00e4\u00e4aja Keskuses<\/strong> ning teine oa toimub <strong>Vooremaa maastikukaitsealal<\/strong>.\r\n\r\n<strong>Sihtr\u00fchm<\/strong>: k\u00f5ik huvilised<a href=\"https:\/\/jaaaeg.ee\/wp-content\/uploads\/2020\/01\/0-Margis-1-150x150.png\"><img loading=\"lazy\" decoding=\"async\" width=\"150\" height=\"150\" class=\"size-thumbnail wp-image-19360 alignright\" src=\"https:\/\/jaaaeg.ee\/wp-content\/uploads\/2020\/01\/0-Margis-1-150x150.png\" alt=\"\" srcset=\"https:\/\/jaaaeg.ee\/wp-content\/uploads\/2020\/01\/0-Margis-1-150x150.png 150w, https:\/\/jaaaeg.ee\/wp-content\/uploads\/2020\/01\/0-Margis-1-300x300.png 300w, https:\/\/jaaaeg.ee\/wp-content\/uploads\/2020\/01\/0-Margis-1-100x100.png 100w, https:\/\/jaaaeg.ee\/wp-content\/uploads\/2020\/01\/0-Margis-1-600x600.png 600w, https:\/\/jaaaeg.ee\/wp-content\/uploads\/2020\/01\/0-Margis-1-700x700.png 700w, https:\/\/jaaaeg.ee\/wp-content\/uploads\/2020\/01\/0-Margis-1-768x768.png 768w, https:\/\/jaaaeg.ee\/wp-content\/uploads\/2020\/01\/0-Margis-1-120x120.png 120w, https:\/\/jaaaeg.ee\/wp-content\/uploads\/2020\/01\/0-Margis-1.png 1389w\" sizes=\"auto, (max-width: 150px) 100vw, 150px\" \/><\/a><strong>\r\nKestus<\/strong>: 3 tundi\r\n<strong>Koht<\/strong>: J\u00e4\u00e4aja Keskuse ekspositsioon, Vooremaa maastikukaitseala\r\n<strong>Osalejate arv: <\/strong>20&nbsp;\r\n<strong>Hind:<\/strong> <strong>7 \u20ac osaleja + 50 \u20ac juhendamise tasu<\/strong>\r\n\r\n<a href=\"https:\/\/lydian.ee\/broneeri\/programmid\/jaaaeg\/kas-tunned-vooremaad\/\">BRONEERI<\/a>\r\nProgrammis osalemiseks on vajalik transport tellija poolt!","protected":false},"featured_media":26494,"template":"","meta":{"_acf_changed":false,"ngg_post_thumbnail":0},"product_brand":[],"product_cat":[123],"product_tag":[],"class_list":{"0":"post-26481","1":"product","2":"type-product","3":"status-publish","4":"has-post-thumbnail","6":"product_cat-pohikoolile-ru","8":"first","9":"instock","10":"downloadable","11":"virtual","12":"product-type-simple"},"acf":[],"yoast_head":"<!-- This site is optimized with the Yoast SEO plugin v27.3 - https:\/\/yoast.com\/product\/yoast-seo-wordpress\/ -->\n<title>Kas tunned Vooremaad? - J\u00e4\u00e4aja Keskus<\/title>\n<meta name=\"description\" content=\"Programm koosneb kahest osast: esimene toimub J\u00e4\u00e4aja Keskuses ning teine osa toimub Vooremaa maastikukaitsealal.\" \/>\n<meta name=\"robots\" content=\"index, follow, max-snippet:-1, max-image-preview:large, max-video-preview:-1\" \/>\n<link rel=\"canonical\" href=\"https:\/\/jaaaeg.ee\/ru\/oppeprogramm\/pohikoolile-ru\/kas-tunned-vooremaad\/\" \/>\n<meta property=\"og:locale\" content=\"ru_RU\" \/>\n<meta property=\"og:type\" content=\"article\" \/>\n<meta property=\"og:title\" content=\"Kas tunned Vooremaad? - J\u00e4\u00e4aja Keskus\" \/>\n<meta property=\"og:description\" content=\"Programm koosneb kahest osast: esimene toimub J\u00e4\u00e4aja Keskuses ning teine osa toimub Vooremaa maastikukaitsealal.\" \/>\n<meta property=\"og:url\" content=\"https:\/\/jaaaeg.ee\/ru\/oppeprogramm\/pohikoolile-ru\/kas-tunned-vooremaad\/\" \/>\n<meta property=\"og:site_name\" content=\"J\u00e4\u00e4aja Keskus\" \/>\n<meta property=\"article:publisher\" content=\"https:\/\/www.facebook.com\/JaaajaKeskus\/\" \/>\n<meta property=\"article:modified_time\" content=\"2026-03-04T08:48:28+00:00\" \/>\n<meta property=\"og:image\" content=\"https:\/\/jaaaeg.ee\/wp-content\/uploads\/2018\/09\/OP_kas-tunned-vooremaad.jpg\" \/>\n\t<meta property=\"og:image:width\" content=\"2480\" \/>\n\t<meta property=\"og:image:height\" content=\"1748\" \/>\n\t<meta property=\"og:image:type\" content=\"image\/jpeg\" \/>\n<meta name=\"twitter:card\" content=\"summary_large_image\" \/>\n<script type=\"application\/ld+json\" class=\"yoast-schema-graph\">{\"@context\":\"https:\\\/\\\/schema.org\",\"@graph\":[{\"@type\":\"WebPage\",\"@id\":\"https:\\\/\\\/jaaaeg.ee\\\/ru\\\/oppeprogramm\\\/pohikoolile-ru\\\/kas-tunned-vooremaad\\\/\",\"url\":\"https:\\\/\\\/jaaaeg.ee\\\/ru\\\/oppeprogramm\\\/pohikoolile-ru\\\/kas-tunned-vooremaad\\\/\",\"name\":\"Kas tunned Vooremaad? - J\u00e4\u00e4aja Keskus\",\"isPartOf\":{\"@id\":\"https:\\\/\\\/jaaaeg.ee\\\/ru\\\/#website\"},\"primaryImageOfPage\":{\"@id\":\"https:\\\/\\\/jaaaeg.ee\\\/ru\\\/oppeprogramm\\\/pohikoolile-ru\\\/kas-tunned-vooremaad\\\/#primaryimage\"},\"image\":{\"@id\":\"https:\\\/\\\/jaaaeg.ee\\\/ru\\\/oppeprogramm\\\/pohikoolile-ru\\\/kas-tunned-vooremaad\\\/#primaryimage\"},\"thumbnailUrl\":\"https:\\\/\\\/jaaaeg.ee\\\/wp-content\\\/uploads\\\/2018\\\/09\\\/OP_kas-tunned-vooremaad.jpg\",\"datePublished\":\"2018-09-21T08:30:03+00:00\",\"dateModified\":\"2026-03-04T08:48:28+00:00\",\"description\":\"Programm koosneb kahest osast: esimene toimub J\u00e4\u00e4aja Keskuses ning teine osa toimub Vooremaa maastikukaitsealal.\",\"breadcrumb\":{\"@id\":\"https:\\\/\\\/jaaaeg.ee\\\/ru\\\/oppeprogramm\\\/pohikoolile-ru\\\/kas-tunned-vooremaad\\\/#breadcrumb\"},\"inLanguage\":\"ru-RU\",\"potentialAction\":[{\"@type\":\"ReadAction\",\"target\":[\"https:\\\/\\\/jaaaeg.ee\\\/ru\\\/oppeprogramm\\\/pohikoolile-ru\\\/kas-tunned-vooremaad\\\/\"]}]},{\"@type\":\"ImageObject\",\"inLanguage\":\"ru-RU\",\"@id\":\"https:\\\/\\\/jaaaeg.ee\\\/ru\\\/oppeprogramm\\\/pohikoolile-ru\\\/kas-tunned-vooremaad\\\/#primaryimage\",\"url\":\"https:\\\/\\\/jaaaeg.ee\\\/wp-content\\\/uploads\\\/2018\\\/09\\\/OP_kas-tunned-vooremaad.jpg\",\"contentUrl\":\"https:\\\/\\\/jaaaeg.ee\\\/wp-content\\\/uploads\\\/2018\\\/09\\\/OP_kas-tunned-vooremaad.jpg\",\"width\":2480,\"height\":1748,\"caption\":\"OP kas tunned vooremaad\"},{\"@type\":\"BreadcrumbList\",\"@id\":\"https:\\\/\\\/jaaaeg.ee\\\/ru\\\/oppeprogramm\\\/pohikoolile-ru\\\/kas-tunned-vooremaad\\\/#breadcrumb\",\"itemListElement\":[{\"@type\":\"ListItem\",\"position\":1,\"name\":\"Home\",\"item\":\"https:\\\/\\\/jaaaeg.ee\\\/ru\\\/\"},{\"@type\":\"ListItem\",\"position\":2,\"name\":\"Kas tunned Vooremaad?\"}]},{\"@type\":\"WebSite\",\"@id\":\"https:\\\/\\\/jaaaeg.ee\\\/ru\\\/#website\",\"url\":\"https:\\\/\\\/jaaaeg.ee\\\/ru\\\/\",\"name\":\"J\u00e4\u00e4aja Keskus\",\"description\":\"avastamisr\u00f5\u00f5m igas vanuses k\u00fclastajatele\",\"potentialAction\":[{\"@type\":\"SearchAction\",\"target\":{\"@type\":\"EntryPoint\",\"urlTemplate\":\"https:\\\/\\\/jaaaeg.ee\\\/ru\\\/?s={search_term_string}\"},\"query-input\":{\"@type\":\"PropertyValueSpecification\",\"valueRequired\":true,\"valueName\":\"search_term_string\"}}],\"inLanguage\":\"ru-RU\"}]}<\/script>\n<!-- \/ Yoast SEO plugin. -->","yoast_head_json":{"title":"Kas tunned Vooremaad? - J\u00e4\u00e4aja Keskus","description":"Programm koosneb kahest osast: esimene toimub J\u00e4\u00e4aja Keskuses ning teine osa toimub Vooremaa maastikukaitsealal.","robots":{"index":"index","follow":"follow","max-snippet":"max-snippet:-1","max-image-preview":"max-image-preview:large","max-video-preview":"max-video-preview:-1"},"canonical":"https:\/\/jaaaeg.ee\/ru\/oppeprogramm\/pohikoolile-ru\/kas-tunned-vooremaad\/","og_locale":"ru_RU","og_type":"article","og_title":"Kas tunned Vooremaad? - J\u00e4\u00e4aja Keskus","og_description":"Programm koosneb kahest osast: esimene toimub J\u00e4\u00e4aja Keskuses ning teine osa toimub Vooremaa maastikukaitsealal.","og_url":"https:\/\/jaaaeg.ee\/ru\/oppeprogramm\/pohikoolile-ru\/kas-tunned-vooremaad\/","og_site_name":"J\u00e4\u00e4aja Keskus","article_publisher":"https:\/\/www.facebook.com\/JaaajaKeskus\/","article_modified_time":"2026-03-04T08:48:28+00:00","og_image":[{"width":2480,"height":1748,"url":"https:\/\/jaaaeg.ee\/wp-content\/uploads\/2018\/09\/OP_kas-tunned-vooremaad.jpg","type":"image\/jpeg"}],"twitter_card":"summary_large_image","schema":{"@context":"https:\/\/schema.org","@graph":[{"@type":"WebPage","@id":"https:\/\/jaaaeg.ee\/ru\/oppeprogramm\/pohikoolile-ru\/kas-tunned-vooremaad\/","url":"https:\/\/jaaaeg.ee\/ru\/oppeprogramm\/pohikoolile-ru\/kas-tunned-vooremaad\/","name":"Kas tunned Vooremaad? - J\u00e4\u00e4aja Keskus","isPartOf":{"@id":"https:\/\/jaaaeg.ee\/ru\/#website"},"primaryImageOfPage":{"@id":"https:\/\/jaaaeg.ee\/ru\/oppeprogramm\/pohikoolile-ru\/kas-tunned-vooremaad\/#primaryimage"},"image":{"@id":"https:\/\/jaaaeg.ee\/ru\/oppeprogramm\/pohikoolile-ru\/kas-tunned-vooremaad\/#primaryimage"},"thumbnailUrl":"https:\/\/jaaaeg.ee\/wp-content\/uploads\/2018\/09\/OP_kas-tunned-vooremaad.jpg","datePublished":"2018-09-21T08:30:03+00:00","dateModified":"2026-03-04T08:48:28+00:00","description":"Programm koosneb kahest osast: esimene toimub J\u00e4\u00e4aja Keskuses ning teine osa toimub Vooremaa maastikukaitsealal.","breadcrumb":{"@id":"https:\/\/jaaaeg.ee\/ru\/oppeprogramm\/pohikoolile-ru\/kas-tunned-vooremaad\/#breadcrumb"},"inLanguage":"ru-RU","potentialAction":[{"@type":"ReadAction","target":["https:\/\/jaaaeg.ee\/ru\/oppeprogramm\/pohikoolile-ru\/kas-tunned-vooremaad\/"]}]},{"@type":"ImageObject","inLanguage":"ru-RU","@id":"https:\/\/jaaaeg.ee\/ru\/oppeprogramm\/pohikoolile-ru\/kas-tunned-vooremaad\/#primaryimage","url":"https:\/\/jaaaeg.ee\/wp-content\/uploads\/2018\/09\/OP_kas-tunned-vooremaad.jpg","contentUrl":"https:\/\/jaaaeg.ee\/wp-content\/uploads\/2018\/09\/OP_kas-tunned-vooremaad.jpg","width":2480,"height":1748,"caption":"OP kas tunned vooremaad"},{"@type":"BreadcrumbList","@id":"https:\/\/jaaaeg.ee\/ru\/oppeprogramm\/pohikoolile-ru\/kas-tunned-vooremaad\/#breadcrumb","itemListElement":[{"@type":"ListItem","position":1,"name":"Home","item":"https:\/\/jaaaeg.ee\/ru\/"},{"@type":"ListItem","position":2,"name":"Kas tunned Vooremaad?"}]},{"@type":"WebSite","@id":"https:\/\/jaaaeg.ee\/ru\/#website","url":"https:\/\/jaaaeg.ee\/ru\/","name":"J\u00e4\u00e4aja Keskus","description":"avastamisr\u00f5\u00f5m igas vanuses k\u00fclastajatele","potentialAction":[{"@type":"SearchAction","target":{"@type":"EntryPoint","urlTemplate":"https:\/\/jaaaeg.ee\/ru\/?s={search_term_string}"},"query-input":{"@type":"PropertyValueSpecification","valueRequired":true,"valueName":"search_term_string"}}],"inLanguage":"ru-RU"}]}},"_links":{"self":[{"href":"https:\/\/jaaaeg.ee\/ru\/wp-json\/wp\/v2\/product\/26481","targetHints":{"allow":["GET"]}}],"collection":[{"href":"https:\/\/jaaaeg.ee\/ru\/wp-json\/wp\/v2\/product"}],"about":[{"href":"https:\/\/jaaaeg.ee\/ru\/wp-json\/wp\/v2\/types\/product"}],"wp:featuredmedia":[{"embeddable":true,"href":"https:\/\/jaaaeg.ee\/ru\/wp-json\/wp\/v2\/media\/26494"}],"wp:attachment":[{"href":"https:\/\/jaaaeg.ee\/ru\/wp-json\/wp\/v2\/media?parent=26481"}],"wp:term":[{"taxonomy":"product_brand","embeddable":true,"href":"https:\/\/jaaaeg.ee\/ru\/wp-json\/wp\/v2\/product_brand?post=26481"},{"taxonomy":"product_cat","embeddable":true,"href":"https:\/\/jaaaeg.ee\/ru\/wp-json\/wp\/v2\/product_cat?post=26481"},{"taxonomy":"product_tag","embeddable":true,"href":"https:\/\/jaaaeg.ee\/ru\/wp-json\/wp\/v2\/product_tag?post=26481"}],"curies":[{"name":"wp","href":"https:\/\/api.w.org\/{rel}","templated":true}]}}