{"id":26433,"date":"2018-09-11T15:11:57","date_gmt":"2018-09-11T12:11:57","guid":{"rendered":"https:\/\/jaaaeg.ee\/obrazovatelnye-programmy\/gumnaasiumile\/"},"modified":"2024-03-27T12:00:06","modified_gmt":"2024-03-27T10:00:06","slug":"gumnaasiumile","status":"publish","type":"page","link":"https:\/\/jaaaeg.ee\/ru\/obrazovatelnye-programmy\/gumnaasiumile\/","title":{"rendered":"G\u00fcmnaasiumile"},"content":{"rendered":"<div class=\"vce-row-container\" data-vce-boxed-width=\"true\"><div class=\"vce-row vce-row--col-gap-30 vce-row-equal-height vce-row-content--top\" id=\"el-d5e49071\" data-vce-do-apply=\"all el-d5e49071\"><div class=\"vce-row-content\" data-vce-element-content=\"true\"><div class=\"vce-col vce-col--md-auto vce-col--xs-1 vce-col--xs-last vce-col--xs-first vce-col--sm-last vce-col--sm-first vce-col--md-last vce-col--lg-last vce-col--xl-last vce-col--md-first vce-col--lg-first vce-col--xl-first\" id=\"el-3c002f1c\"><div class=\"vce-col-inner\" data-vce-do-apply=\"border margin background  el-3c002f1c\"><div class=\"vce-col-content\" data-vce-element-content=\"true\" data-vce-do-apply=\"padding el-3c002f1c\"><div class=\"vce-text-block\"><div class=\"vce-text-block-wrapper vce\" id=\"el-b3bc8b6e\" data-vce-do-apply=\"all el-b3bc8b6e\"><p>G\u00fcmnaasiumi\u00f5pilastele pakume erinevaid <strong>aktiiv\u00f5ppe programme ja giidituure<\/strong><\/p><ul><li>elektri tootmine ja teostame praktilisi n\u00e4iteid <a href=\"https:\/\/jaaaeg.ee\/ru\/sartsutuba\/\" target=\"_blank\" rel=\"noopener\">S\u00c4RTSUTOAS<\/a><\/li><li>r\u00e4ndkivide tekkimine ja liikumine<\/li><li>pinnavormid<\/li><li>voorestik ja Vooremaa<\/li><li>j\u00e4\u00e4ajaj\u00e4rgne loodus<\/li><li>kliimamuutused Eesti aladel ja looduses<\/li><li>inimasustuse teke<\/li><li>j\u00e4rv ja j\u00e4rveelustiku erip\u00e4ra<\/li><\/ul><p><div class=\"woocommerce columns-4 \"><ul class=\"products columns-4\">\n<li class=\"product type-product post-25081 status-publish first instock product_cat-gymna-ru product_cat-pohikoolile-ru has-post-thumbnail shipping-taxable product-type-simple\">\n\t<a href=\"https:\/\/jaaaeg.ee\/ru\/oppeprogramm\/pohikoolile-ru\/aeg-parast-jaaaega\/\" class=\"woocommerce-LoopProduct-link woocommerce-loop-product__link\"><img width=\"300\" height=\"300\" src=\"https:\/\/jaaaeg.ee\/wp-content\/uploads\/2022\/08\/JK_porandamang_Beljaev-300x300.jpg\" class=\"attachment-woocommerce_thumbnail size-woocommerce_thumbnail\" alt=\"JK porandamang Beljaev\" srcset=\"https:\/\/jaaaeg.ee\/wp-content\/uploads\/2022\/08\/JK_porandamang_Beljaev-300x300.jpg 300w, https:\/\/jaaaeg.ee\/wp-content\/uploads\/2022\/08\/JK_porandamang_Beljaev-150x150.jpg 150w, https:\/\/jaaaeg.ee\/wp-content\/uploads\/2022\/08\/JK_porandamang_Beljaev-100x100.jpg 100w\" sizes=\"(max-width: 300px) 100vw, 300px\" \/><h2 class=\"woocommerce-loop-product__title\">Aeg p\u00e4rast j\u00e4\u00e4aega<\/h2>\n<\/a><a href=\"https:\/\/jaaaeg.ee\/ru\/oppeprogramm\/pohikoolile-ru\/aeg-parast-jaaaega\/\" aria-describedby=\"woocommerce_loop_add_to_cart_link_describedby_25081\" data-quantity=\"1\" class=\"button product_type_simple\" data-product_id=\"25081\" data-product_sku=\"\" aria-label=\"\u041f\u0440\u043e\u0447\u0438\u0442\u0430\u0439\u0442\u0435 \u0431\u043e\u043b\u044c\u0448\u0435 \u043e &laquo;Aeg p\u00e4rast j\u00e4\u00e4aega&raquo;\" rel=\"nofollow\" data-success_message=\"\">\u041f\u043e\u0434\u0440\u043e\u0431\u043d\u0435\u0435<\/a>\t<span id=\"woocommerce_loop_add_to_cart_link_describedby_25081\" class=\"screen-reader-text\">\n\t\t\t<\/span>\n<\/li>\n<li class=\"product type-product post-26658 status-publish instock product_cat-gymna-ru product_cat-pohikoolile-ru has-post-thumbnail shipping-taxable product-type-simple\">\n\t<a href=\"https:\/\/jaaaeg.ee\/ru\/oppeprogramm\/pohikoolile-ru\/energia-kaks-poolt\/\" class=\"woocommerce-LoopProduct-link woocommerce-loop-product__link\"><img width=\"300\" height=\"300\" src=\"https:\/\/jaaaeg.ee\/wp-content\/uploads\/2024\/03\/Ekspo-300x300.jpg\" class=\"attachment-woocommerce_thumbnail size-woocommerce_thumbnail\" alt=\"Energia kaks poolt\" srcset=\"https:\/\/jaaaeg.ee\/wp-content\/uploads\/2024\/03\/Ekspo-300x300.jpg 300w, https:\/\/jaaaeg.ee\/wp-content\/uploads\/2024\/03\/Ekspo-150x150.jpg 150w, https:\/\/jaaaeg.ee\/wp-content\/uploads\/2024\/03\/Ekspo-100x100.jpg 100w\" sizes=\"(max-width: 300px) 100vw, 300px\" \/><h2 class=\"woocommerce-loop-product__title\">Energia kaks poolt<\/h2>\n<\/a><a href=\"https:\/\/jaaaeg.ee\/ru\/oppeprogramm\/pohikoolile-ru\/energia-kaks-poolt\/\" aria-describedby=\"woocommerce_loop_add_to_cart_link_describedby_26658\" data-quantity=\"1\" class=\"button product_type_simple\" data-product_id=\"26658\" data-product_sku=\"\" aria-label=\"\u041f\u0440\u043e\u0447\u0438\u0442\u0430\u0439\u0442\u0435 \u0431\u043e\u043b\u044c\u0448\u0435 \u043e &laquo;Energia kaks poolt&raquo;\" rel=\"nofollow\" data-success_message=\"\">\u041f\u043e\u0434\u0440\u043e\u0431\u043d\u0435\u0435<\/a>\t<span id=\"woocommerce_loop_add_to_cart_link_describedby_26658\" class=\"screen-reader-text\">\n\t\t\t<\/span>\n<\/li>\n<li class=\"product type-product post-26570 status-publish instock product_cat-gymna-ru product_cat-pohikoolile-ru has-post-thumbnail shipping-taxable product-type-simple\">\n\t<a href=\"https:\/\/jaaaeg.ee\/ru\/oppeprogramm\/pohikoolile-ru\/energiakriis-minu-linnas\/\" class=\"woocommerce-LoopProduct-link woocommerce-loop-product__link\"><img width=\"300\" height=\"300\" src=\"https:\/\/jaaaeg.ee\/wp-content\/uploads\/2024\/03\/Energia-kaks-poolt-1-300x300.jpeg\" class=\"attachment-woocommerce_thumbnail size-woocommerce_thumbnail\" alt=\"Energiakriis minu linnas \" srcset=\"https:\/\/jaaaeg.ee\/wp-content\/uploads\/2024\/03\/Energia-kaks-poolt-1-300x300.jpeg 300w, https:\/\/jaaaeg.ee\/wp-content\/uploads\/2024\/03\/Energia-kaks-poolt-1-150x150.jpeg 150w, https:\/\/jaaaeg.ee\/wp-content\/uploads\/2024\/03\/Energia-kaks-poolt-1-100x100.jpeg 100w\" sizes=\"(max-width: 300px) 100vw, 300px\" \/><h2 class=\"woocommerce-loop-product__title\">Energiakriis minu linnas<\/h2>\n<\/a><a href=\"https:\/\/jaaaeg.ee\/ru\/oppeprogramm\/pohikoolile-ru\/energiakriis-minu-linnas\/\" aria-describedby=\"woocommerce_loop_add_to_cart_link_describedby_26570\" data-quantity=\"1\" class=\"button product_type_simple\" data-product_id=\"26570\" data-product_sku=\"\" aria-label=\"\u041f\u0440\u043e\u0447\u0438\u0442\u0430\u0439\u0442\u0435 \u0431\u043e\u043b\u044c\u0448\u0435 \u043e &laquo;Energiakriis minu linnas&raquo;\" rel=\"nofollow\" data-success_message=\"\">\u041f\u043e\u0434\u0440\u043e\u0431\u043d\u0435\u0435<\/a>\t<span id=\"woocommerce_loop_add_to_cart_link_describedby_26570\" class=\"screen-reader-text\">\n\t\t\t<\/span>\n<\/li>\n<li class=\"product type-product post-27686 status-publish last instock product_cat-gymna-ru has-post-thumbnail shipping-taxable product-type-simple\">\n\t<a href=\"https:\/\/jaaaeg.ee\/ru\/oppeprogramm\/gymna-ru\/randkivid-eestis\/\" class=\"woocommerce-LoopProduct-link woocommerce-loop-product__link\"><img width=\"300\" height=\"300\" src=\"https:\/\/jaaaeg.ee\/wp-content\/uploads\/2018\/09\/oppeprogrammide-vaheleht_randkivi_katrin-300x300.jpg\" class=\"attachment-woocommerce_thumbnail size-woocommerce_thumbnail\" alt=\"oppeprogrammide vaheleht randkivi katrin\" srcset=\"https:\/\/jaaaeg.ee\/wp-content\/uploads\/2018\/09\/oppeprogrammide-vaheleht_randkivi_katrin-300x300.jpg 300w, https:\/\/jaaaeg.ee\/wp-content\/uploads\/2018\/09\/oppeprogrammide-vaheleht_randkivi_katrin-150x150.jpg 150w, https:\/\/jaaaeg.ee\/wp-content\/uploads\/2018\/09\/oppeprogrammide-vaheleht_randkivi_katrin-100x100.jpg 100w\" sizes=\"(max-width: 300px) 100vw, 300px\" \/><h2 class=\"woocommerce-loop-product__title\">R\u00e4ndkivid Eestis<\/h2>\n<\/a><a href=\"https:\/\/jaaaeg.ee\/ru\/oppeprogramm\/gymna-ru\/randkivid-eestis\/\" aria-describedby=\"woocommerce_loop_add_to_cart_link_describedby_27686\" data-quantity=\"1\" class=\"button product_type_simple\" data-product_id=\"27686\" data-product_sku=\"\" aria-label=\"\u041f\u0440\u043e\u0447\u0438\u0442\u0430\u0439\u0442\u0435 \u0431\u043e\u043b\u044c\u0448\u0435 \u043e &laquo;R\u00e4ndkivid Eestis&raquo;\" rel=\"nofollow\" data-success_message=\"\">\u041f\u043e\u0434\u0440\u043e\u0431\u043d\u0435\u0435<\/a>\t<span id=\"woocommerce_loop_add_to_cart_link_describedby_27686\" class=\"screen-reader-text\">\n\t\t\t<\/span>\n<\/li>\n<li class=\"product type-product post-25072 status-publish first instock product_cat-alg-ru product_cat-gymna-ru product_cat-pohikoolile-ru has-post-thumbnail virtual product-type-simple\">\n\t<a href=\"https:\/\/jaaaeg.ee\/ru\/oppeprogramm\/alg-ru\/jarv-elukeskkonnana-parv\/\" class=\"woocommerce-LoopProduct-link woocommerce-loop-product__link\"><img width=\"300\" height=\"300\" src=\"https:\/\/jaaaeg.ee\/wp-content\/uploads\/2018\/10\/Jarv-elukeskkonnana-1-300x300.png\" class=\"attachment-woocommerce_thumbnail size-woocommerce_thumbnail\" alt=\"J\u00e4rv elukeskkonnana: uuringud parvelt\" srcset=\"https:\/\/jaaaeg.ee\/wp-content\/uploads\/2018\/10\/Jarv-elukeskkonnana-1-300x300.png 300w, https:\/\/jaaaeg.ee\/wp-content\/uploads\/2018\/10\/Jarv-elukeskkonnana-1-150x150.png 150w, https:\/\/jaaaeg.ee\/wp-content\/uploads\/2018\/10\/Jarv-elukeskkonnana-1-100x100.png 100w\" sizes=\"(max-width: 300px) 100vw, 300px\" \/><h2 class=\"woocommerce-loop-product__title\">J\u00e4rv elukeskkonnana: uuringud parvelt<\/h2>\n<\/a><a href=\"https:\/\/jaaaeg.ee\/ru\/oppeprogramm\/alg-ru\/jarv-elukeskkonnana-parv\/\" aria-describedby=\"woocommerce_loop_add_to_cart_link_describedby_25072\" data-quantity=\"1\" class=\"button product_type_simple\" data-product_id=\"25072\" data-product_sku=\"\" aria-label=\"\u041f\u0440\u043e\u0447\u0438\u0442\u0430\u0439\u0442\u0435 \u0431\u043e\u043b\u044c\u0448\u0435 \u043e &laquo;J\u00e4rv elukeskkonnana: uuringud parvelt&raquo;\" rel=\"nofollow\" data-success_message=\"\">\u041f\u043e\u0434\u0440\u043e\u0431\u043d\u0435\u0435<\/a>\t<span id=\"woocommerce_loop_add_to_cart_link_describedby_25072\" class=\"screen-reader-text\">\n\t\t\t<\/span>\n<\/li>\n<li class=\"product type-product post-27718 status-publish instock product_cat-gymna-ru product_cat-pohikoolile-ru has-post-thumbnail virtual product-type-simple\">\n\t<a href=\"https:\/\/jaaaeg.ee\/ru\/oppeprogramm\/pohikoolile-ru\/jarv-selgrootud\/\" class=\"woocommerce-LoopProduct-link woocommerce-loop-product__link\"><img width=\"300\" height=\"300\" src=\"https:\/\/jaaaeg.ee\/wp-content\/uploads\/2018\/09\/J\u00e4rv-elukeskkonnana-4-12-kl-300x300.jpg\" class=\"attachment-woocommerce_thumbnail size-woocommerce_thumbnail\" alt=\"J\u00e4rv elukeskkonnana 4 12 kl\" srcset=\"https:\/\/jaaaeg.ee\/wp-content\/uploads\/2018\/09\/J\u00e4rv-elukeskkonnana-4-12-kl-300x300.jpg 300w, https:\/\/jaaaeg.ee\/wp-content\/uploads\/2018\/09\/J\u00e4rv-elukeskkonnana-4-12-kl-100x100.jpg 100w, https:\/\/jaaaeg.ee\/wp-content\/uploads\/2018\/09\/J\u00e4rv-elukeskkonnana-4-12-kl-150x150.jpg 150w\" sizes=\"(max-width: 300px) 100vw, 300px\" \/><h2 class=\"woocommerce-loop-product__title\">J\u00e4rv elukeskkonnana: veeselgrootud<\/h2>\n<\/a><a href=\"https:\/\/jaaaeg.ee\/ru\/oppeprogramm\/pohikoolile-ru\/jarv-selgrootud\/\" aria-describedby=\"woocommerce_loop_add_to_cart_link_describedby_27718\" data-quantity=\"1\" class=\"button product_type_simple\" data-product_id=\"27718\" data-product_sku=\"\" aria-label=\"\u041f\u0440\u043e\u0447\u0438\u0442\u0430\u0439\u0442\u0435 \u0431\u043e\u043b\u044c\u0448\u0435 \u043e &laquo;J\u00e4rv elukeskkonnana: veeselgrootud&raquo;\" rel=\"nofollow\" data-success_message=\"\">\u041f\u043e\u0434\u0440\u043e\u0431\u043d\u0435\u0435<\/a>\t<span id=\"woocommerce_loop_add_to_cart_link_describedby_27718\" class=\"screen-reader-text\">\n\t\t\t<\/span>\n<\/li>\n<li class=\"product type-product post-27689 status-publish instock product_cat-gymna-ru has-post-thumbnail downloadable virtual product-type-simple\">\n\t<a href=\"https:\/\/jaaaeg.ee\/ru\/oppeprogramm\/gymna-ru\/jaaajajargne-loodus-ja-inimene-eestis-2\/\" class=\"woocommerce-LoopProduct-link woocommerce-loop-product__link\"><img width=\"300\" height=\"300\" src=\"https:\/\/jaaaeg.ee\/wp-content\/uploads\/2018\/09\/oppeprogrammide-vaheleht_jaajargne-loodus-ja-inimene-300x300.jpg\" class=\"attachment-woocommerce_thumbnail size-woocommerce_thumbnail\" alt=\"oppeprogrammide vaheleht jaajargne loodus ja inimene\" srcset=\"https:\/\/jaaaeg.ee\/wp-content\/uploads\/2018\/09\/oppeprogrammide-vaheleht_jaajargne-loodus-ja-inimene-300x300.jpg 300w, https:\/\/jaaaeg.ee\/wp-content\/uploads\/2018\/09\/oppeprogrammide-vaheleht_jaajargne-loodus-ja-inimene-150x150.jpg 150w, https:\/\/jaaaeg.ee\/wp-content\/uploads\/2018\/09\/oppeprogrammide-vaheleht_jaajargne-loodus-ja-inimene-100x100.jpg 100w\" sizes=\"(max-width: 300px) 100vw, 300px\" \/><h2 class=\"woocommerce-loop-product__title\">J\u00e4\u00e4ajaj\u00e4rgne loodus ja inimene Eestis<\/h2>\n<\/a><a href=\"https:\/\/jaaaeg.ee\/ru\/oppeprogramm\/gymna-ru\/jaaajajargne-loodus-ja-inimene-eestis-2\/\" aria-describedby=\"woocommerce_loop_add_to_cart_link_describedby_27689\" data-quantity=\"1\" class=\"button product_type_simple\" data-product_id=\"27689\" data-product_sku=\"\" aria-label=\"\u041f\u0440\u043e\u0447\u0438\u0442\u0430\u0439\u0442\u0435 \u0431\u043e\u043b\u044c\u0448\u0435 \u043e &laquo;J\u00e4\u00e4ajaj\u00e4rgne loodus ja inimene Eestis&raquo;\" rel=\"nofollow\" data-success_message=\"\">\u041f\u043e\u0434\u0440\u043e\u0431\u043d\u0435\u0435<\/a>\t<span id=\"woocommerce_loop_add_to_cart_link_describedby_27689\" class=\"screen-reader-text\">\n\t\t\t<\/span>\n<\/li>\n<\/ul>\n<\/div><\/p><\/div><\/div><\/div><\/div><\/div><\/div><\/div><\/div>\n","protected":false},"excerpt":{"rendered":"G\u00fcmnaasiumi\u00f5pilastele pakume erinevaid aktiiv\u00f5ppe programme ja giidituureelektri tootmine ja teostame praktilisi n\u00e4iteid S\u00c4RTSUTOASr\u00e4ndkivide tekkimine ja liikuminepinnavormidvoorestik ja Vooremaaj\u00e4\u00e4ajaj\u00e4rgne looduskliimamuutused Eesti aladel ja loodusesinimasustuse tekej\u00e4rv ja j\u00e4rveelustiku erip\u00e4ra","protected":false},"author":1,"featured_media":440,"parent":1721,"menu_order":306,"comment_status":"closed","ping_status":"closed","template":"template-sidebar.php","meta":{"_acf_changed":false,"ngg_post_thumbnail":0,"footnotes":""},"class_list":["post-26433","page","type-page","status-publish","has-post-thumbnail","hentry"],"acf":[],"yoast_head":"<!-- This site is optimized with the Yoast SEO plugin v27.3 - https:\/\/yoast.com\/product\/yoast-seo-wordpress\/ -->\n<title>G\u00fcmnaasiumile - J\u00e4\u00e4aja Keskus<\/title>\n<meta name=\"description\" content=\"G\u00fcmnaasiumi\u00f5pilastele pakume erinevaid aktiiv\u00f5ppe programme elektri tootmise\u00a0 teemal ja puudutame ka palju looduse temaatikat.\" \/>\n<meta name=\"robots\" content=\"index, follow, max-snippet:-1, max-image-preview:large, max-video-preview:-1\" \/>\n<link rel=\"canonical\" href=\"https:\/\/jaaaeg.ee\/ru\/obrazovatelnye-programmy\/gumnaasiumile\/\" \/>\n<meta property=\"og:locale\" content=\"ru_RU\" \/>\n<meta property=\"og:type\" content=\"article\" \/>\n<meta property=\"og:title\" content=\"G\u00fcmnaasiumile - J\u00e4\u00e4aja Keskus\" \/>\n<meta property=\"og:description\" content=\"G\u00fcmnaasiumi\u00f5pilastele pakume erinevaid aktiiv\u00f5ppe programme elektri tootmise\u00a0 teemal ja puudutame ka palju looduse temaatikat.\" \/>\n<meta property=\"og:url\" content=\"https:\/\/jaaaeg.ee\/ru\/obrazovatelnye-programmy\/gumnaasiumile\/\" \/>\n<meta property=\"og:site_name\" content=\"J\u00e4\u00e4aja Keskus\" \/>\n<meta property=\"article:publisher\" content=\"https:\/\/www.facebook.com\/JaaajaKeskus\/\" \/>\n<meta property=\"article:modified_time\" content=\"2024-03-27T10:00:06+00:00\" \/>\n<meta property=\"og:image\" content=\"https:\/\/jaaaeg.ee\/wp-content\/uploads\/2018\/09\/J\u00e4rv-elukeskkonnana-4-12-kl.jpg\" \/>\n\t<meta property=\"og:image:width\" content=\"500\" \/>\n\t<meta property=\"og:image:height\" content=\"335\" \/>\n\t<meta property=\"og:image:type\" content=\"image\/jpeg\" \/>\n<meta name=\"twitter:card\" content=\"summary_large_image\" \/>\n<script type=\"application\/ld+json\" class=\"yoast-schema-graph\">{\"@context\":\"https:\\\/\\\/schema.org\",\"@graph\":[{\"@type\":\"WebPage\",\"@id\":\"https:\\\/\\\/jaaaeg.ee\\\/ru\\\/obrazovatelnye-programmy\\\/gumnaasiumile\\\/\",\"url\":\"https:\\\/\\\/jaaaeg.ee\\\/ru\\\/obrazovatelnye-programmy\\\/gumnaasiumile\\\/\",\"name\":\"G\u00fcmnaasiumile - J\u00e4\u00e4aja Keskus\",\"isPartOf\":{\"@id\":\"https:\\\/\\\/jaaaeg.ee\\\/ru\\\/#website\"},\"primaryImageOfPage\":{\"@id\":\"https:\\\/\\\/jaaaeg.ee\\\/ru\\\/obrazovatelnye-programmy\\\/gumnaasiumile\\\/#primaryimage\"},\"image\":{\"@id\":\"https:\\\/\\\/jaaaeg.ee\\\/ru\\\/obrazovatelnye-programmy\\\/gumnaasiumile\\\/#primaryimage\"},\"thumbnailUrl\":\"https:\\\/\\\/jaaaeg.ee\\\/wp-content\\\/uploads\\\/2018\\\/09\\\/J\u00e4rv-elukeskkonnana-4-12-kl.jpg\",\"datePublished\":\"2018-09-11T12:11:57+00:00\",\"dateModified\":\"2024-03-27T10:00:06+00:00\",\"description\":\"G\u00fcmnaasiumi\u00f5pilastele pakume erinevaid aktiiv\u00f5ppe programme elektri tootmise\u00a0 teemal ja puudutame ka palju looduse temaatikat.\",\"breadcrumb\":{\"@id\":\"https:\\\/\\\/jaaaeg.ee\\\/ru\\\/obrazovatelnye-programmy\\\/gumnaasiumile\\\/#breadcrumb\"},\"inLanguage\":\"ru-RU\",\"potentialAction\":[{\"@type\":\"ReadAction\",\"target\":[\"https:\\\/\\\/jaaaeg.ee\\\/ru\\\/obrazovatelnye-programmy\\\/gumnaasiumile\\\/\"]}]},{\"@type\":\"ImageObject\",\"inLanguage\":\"ru-RU\",\"@id\":\"https:\\\/\\\/jaaaeg.ee\\\/ru\\\/obrazovatelnye-programmy\\\/gumnaasiumile\\\/#primaryimage\",\"url\":\"https:\\\/\\\/jaaaeg.ee\\\/wp-content\\\/uploads\\\/2018\\\/09\\\/J\u00e4rv-elukeskkonnana-4-12-kl.jpg\",\"contentUrl\":\"https:\\\/\\\/jaaaeg.ee\\\/wp-content\\\/uploads\\\/2018\\\/09\\\/J\u00e4rv-elukeskkonnana-4-12-kl.jpg\",\"width\":500,\"height\":335,\"caption\":\"J\u00e4rv elukeskkonnana 4 12 kl\"},{\"@type\":\"BreadcrumbList\",\"@id\":\"https:\\\/\\\/jaaaeg.ee\\\/ru\\\/obrazovatelnye-programmy\\\/gumnaasiumile\\\/#breadcrumb\",\"itemListElement\":[{\"@type\":\"ListItem\",\"position\":1,\"name\":\"Home\",\"item\":\"https:\\\/\\\/jaaaeg.ee\\\/ru\\\/\"},{\"@type\":\"ListItem\",\"position\":2,\"name\":\"\u041e\u0431\u0440\u0430\u0437\u043e\u0432\u0430\u0442\u0435\u043b\u044c\u043d\u044b\u0435 \u043f\u0440\u043e\u0433\u0440\u0430\u043c\u043c\u044b\",\"item\":\"https:\\\/\\\/jaaaeg.ee\\\/ru\\\/obrazovatelnye-programmy\\\/\"},{\"@type\":\"ListItem\",\"position\":3,\"name\":\"G\u00fcmnaasiumile\"}]},{\"@type\":\"WebSite\",\"@id\":\"https:\\\/\\\/jaaaeg.ee\\\/ru\\\/#website\",\"url\":\"https:\\\/\\\/jaaaeg.ee\\\/ru\\\/\",\"name\":\"J\u00e4\u00e4aja Keskus\",\"description\":\"avastamisr\u00f5\u00f5m igas vanuses k\u00fclastajatele\",\"potentialAction\":[{\"@type\":\"SearchAction\",\"target\":{\"@type\":\"EntryPoint\",\"urlTemplate\":\"https:\\\/\\\/jaaaeg.ee\\\/ru\\\/?s={search_term_string}\"},\"query-input\":{\"@type\":\"PropertyValueSpecification\",\"valueRequired\":true,\"valueName\":\"search_term_string\"}}],\"inLanguage\":\"ru-RU\"}]}<\/script>\n<!-- \/ Yoast SEO plugin. -->","yoast_head_json":{"title":"G\u00fcmnaasiumile - J\u00e4\u00e4aja Keskus","description":"G\u00fcmnaasiumi\u00f5pilastele pakume erinevaid aktiiv\u00f5ppe programme elektri tootmise\u00a0 teemal ja puudutame ka palju looduse temaatikat.","robots":{"index":"index","follow":"follow","max-snippet":"max-snippet:-1","max-image-preview":"max-image-preview:large","max-video-preview":"max-video-preview:-1"},"canonical":"https:\/\/jaaaeg.ee\/ru\/obrazovatelnye-programmy\/gumnaasiumile\/","og_locale":"ru_RU","og_type":"article","og_title":"G\u00fcmnaasiumile - J\u00e4\u00e4aja Keskus","og_description":"G\u00fcmnaasiumi\u00f5pilastele pakume erinevaid aktiiv\u00f5ppe programme elektri tootmise\u00a0 teemal ja puudutame ka palju looduse temaatikat.","og_url":"https:\/\/jaaaeg.ee\/ru\/obrazovatelnye-programmy\/gumnaasiumile\/","og_site_name":"J\u00e4\u00e4aja Keskus","article_publisher":"https:\/\/www.facebook.com\/JaaajaKeskus\/","article_modified_time":"2024-03-27T10:00:06+00:00","og_image":[{"width":500,"height":335,"url":"https:\/\/jaaaeg.ee\/wp-content\/uploads\/2018\/09\/J\u00e4rv-elukeskkonnana-4-12-kl.jpg","type":"image\/jpeg"}],"twitter_card":"summary_large_image","schema":{"@context":"https:\/\/schema.org","@graph":[{"@type":"WebPage","@id":"https:\/\/jaaaeg.ee\/ru\/obrazovatelnye-programmy\/gumnaasiumile\/","url":"https:\/\/jaaaeg.ee\/ru\/obrazovatelnye-programmy\/gumnaasiumile\/","name":"G\u00fcmnaasiumile - J\u00e4\u00e4aja Keskus","isPartOf":{"@id":"https:\/\/jaaaeg.ee\/ru\/#website"},"primaryImageOfPage":{"@id":"https:\/\/jaaaeg.ee\/ru\/obrazovatelnye-programmy\/gumnaasiumile\/#primaryimage"},"image":{"@id":"https:\/\/jaaaeg.ee\/ru\/obrazovatelnye-programmy\/gumnaasiumile\/#primaryimage"},"thumbnailUrl":"https:\/\/jaaaeg.ee\/wp-content\/uploads\/2018\/09\/J\u00e4rv-elukeskkonnana-4-12-kl.jpg","datePublished":"2018-09-11T12:11:57+00:00","dateModified":"2024-03-27T10:00:06+00:00","description":"G\u00fcmnaasiumi\u00f5pilastele pakume erinevaid aktiiv\u00f5ppe programme elektri tootmise\u00a0 teemal ja puudutame ka palju looduse temaatikat.","breadcrumb":{"@id":"https:\/\/jaaaeg.ee\/ru\/obrazovatelnye-programmy\/gumnaasiumile\/#breadcrumb"},"inLanguage":"ru-RU","potentialAction":[{"@type":"ReadAction","target":["https:\/\/jaaaeg.ee\/ru\/obrazovatelnye-programmy\/gumnaasiumile\/"]}]},{"@type":"ImageObject","inLanguage":"ru-RU","@id":"https:\/\/jaaaeg.ee\/ru\/obrazovatelnye-programmy\/gumnaasiumile\/#primaryimage","url":"https:\/\/jaaaeg.ee\/wp-content\/uploads\/2018\/09\/J\u00e4rv-elukeskkonnana-4-12-kl.jpg","contentUrl":"https:\/\/jaaaeg.ee\/wp-content\/uploads\/2018\/09\/J\u00e4rv-elukeskkonnana-4-12-kl.jpg","width":500,"height":335,"caption":"J\u00e4rv elukeskkonnana 4 12 kl"},{"@type":"BreadcrumbList","@id":"https:\/\/jaaaeg.ee\/ru\/obrazovatelnye-programmy\/gumnaasiumile\/#breadcrumb","itemListElement":[{"@type":"ListItem","position":1,"name":"Home","item":"https:\/\/jaaaeg.ee\/ru\/"},{"@type":"ListItem","position":2,"name":"\u041e\u0431\u0440\u0430\u0437\u043e\u0432\u0430\u0442\u0435\u043b\u044c\u043d\u044b\u0435 \u043f\u0440\u043e\u0433\u0440\u0430\u043c\u043c\u044b","item":"https:\/\/jaaaeg.ee\/ru\/obrazovatelnye-programmy\/"},{"@type":"ListItem","position":3,"name":"G\u00fcmnaasiumile"}]},{"@type":"WebSite","@id":"https:\/\/jaaaeg.ee\/ru\/#website","url":"https:\/\/jaaaeg.ee\/ru\/","name":"J\u00e4\u00e4aja Keskus","description":"avastamisr\u00f5\u00f5m igas vanuses k\u00fclastajatele","potentialAction":[{"@type":"SearchAction","target":{"@type":"EntryPoint","urlTemplate":"https:\/\/jaaaeg.ee\/ru\/?s={search_term_string}"},"query-input":{"@type":"PropertyValueSpecification","valueRequired":true,"valueName":"search_term_string"}}],"inLanguage":"ru-RU"}]}},"_links":{"self":[{"href":"https:\/\/jaaaeg.ee\/ru\/wp-json\/wp\/v2\/pages\/26433","targetHints":{"allow":["GET"]}}],"collection":[{"href":"https:\/\/jaaaeg.ee\/ru\/wp-json\/wp\/v2\/pages"}],"about":[{"href":"https:\/\/jaaaeg.ee\/ru\/wp-json\/wp\/v2\/types\/page"}],"author":[{"embeddable":true,"href":"https:\/\/jaaaeg.ee\/ru\/wp-json\/wp\/v2\/users\/1"}],"replies":[{"embeddable":true,"href":"https:\/\/jaaaeg.ee\/ru\/wp-json\/wp\/v2\/comments?post=26433"}],"version-history":[{"count":2,"href":"https:\/\/jaaaeg.ee\/ru\/wp-json\/wp\/v2\/pages\/26433\/revisions"}],"predecessor-version":[{"id":26443,"href":"https:\/\/jaaaeg.ee\/ru\/wp-json\/wp\/v2\/pages\/26433\/revisions\/26443"}],"up":[{"embeddable":true,"href":"https:\/\/jaaaeg.ee\/ru\/wp-json\/wp\/v2\/pages\/1721"}],"wp:featuredmedia":[{"embeddable":true,"href":"https:\/\/jaaaeg.ee\/ru\/wp-json\/wp\/v2\/media\/440"}],"wp:attachment":[{"href":"https:\/\/jaaaeg.ee\/ru\/wp-json\/wp\/v2\/media?parent=26433"}],"curies":[{"name":"wp","href":"https:\/\/api.w.org\/{rel}","templated":true}]}}