{"id":26339,"date":"2024-02-14T14:02:00","date_gmt":"2024-02-14T12:02:00","guid":{"rendered":"https:\/\/jaaaeg.ee\/saadjarv\/"},"modified":"2024-04-29T15:13:08","modified_gmt":"2024-04-29T12:13:08","slug":"saadjarv","status":"publish","type":"page","link":"https:\/\/jaaaeg.ee\/ru\/naitused\/saadjarv\/","title":{"rendered":"Saadj\u00e4rv"},"content":{"rendered":"<h2>J\u00e4\u00e4aja Keskuse teisel korrusel avaneb n\u00e4itus Saadj\u00e4rve elustikust<\/h2>\n<p><span style=\"font-weight: 400;\">J\u00e4\u00e4aja Keskusest 30 meetri kaugusel algab Saadj\u00e4rv<\/span><span style=\"font-weight: 400;\">. <\/span><span style=\"font-weight: 400;\">Tegelikult koosneb ta kahest \u2013 Suurj\u00e4rvest ja Voldi ehk Tabivere j\u00e4rvest.<\/span><\/p>\n<p><span style=\"font-weight: 400;\">Saadj\u00e4rv on Vooremaa p\u00e4rl, mis tekkis p\u00e4rast viimast j\u00e4\u00e4aega enam kui 10 000 aastat tagasi. Mandriliustike liikumisel kuhjunud voorte vahele j\u00e4id n\u00f5od, kuhu kogunes liustike sulamisvesi. Neist tekkisidki j\u00e4rved.<\/span><\/p>\n<p><span style=\"font-weight: 400;\">Paljud neist on aja jooksul soostunud ja kadunud, Saadj\u00e4rv j\u00e4\u00e4nud.<\/span><\/p>\n<p><span style=\"font-weight: 400;\">Saadj\u00e4rv on Eesti rahvap\u00e4rimuses \u00fcks luguderikkamaid j\u00e4rvi.&nbsp; J\u00e4rves on tegutsenud \u00fcleloomulikud j\u00f5ud ja hiiud, Kalevipoeg on heitnud siia mitu lingukivi. J\u00e4rv ise olevat palju r\u00e4nnanud ja matnud enda alla kiriku, m\u00f5isa ning suured aarded.<\/span><\/p>\n<p><span style=\"font-weight: 400;\">Seda kirikut, mis t\u00e4naseni j\u00e4rvekaldal seisab, on maalinud kunstnik Konrad M\u00e4gi. Veel enam &#8211; siin t\u00f6\u00f6tas kaks m\u00e4rgilist kiriku\u00f5petajat \u2013 O.W. Masing ja A.W Hupel. Kiriku klaverisaatjat tunti \u00fcle Eesti \u00c4ksi n\u00f5iana.<\/span><\/p>\n<p><span style=\"font-weight: 400;\">&nbsp;<\/span><span style=\"font-weight: 400;\">V\u00f5ib \u00f6elda, et selle j\u00e4rve \u00e4\u00e4res s\u00fcndis \u201e\u00f5\u201c t\u00e4ht, siin on eestikeelse ajakirjanduse s\u00fcnni eellugu, siin sai alguse langevate taevakivide lugemine ja siin j\u00e4rve \u00e4\u00e4res s\u00fcndisid ka esimesed kaitsek\u00f5ned muinsusp\u00e4randi s\u00e4ilitamiseks.<\/span><\/p>\n<p>&nbsp;<\/p>\nngg_shortcode_0_placeholder<img loading=\"lazy\" decoding=\"async\" class=\"alignnone wp-image-26606\" src=\"https:\/\/jaaaeg.ee\/wp-content\/uploads\/2018\/10\/JK_suvine-ou_Beljaev-300x225.jpg\" alt=\"\" width=\"400\" height=\"300\" srcset=\"https:\/\/jaaaeg.ee\/wp-content\/uploads\/2018\/10\/JK_suvine-ou_Beljaev-300x225.jpg 300w, https:\/\/jaaaeg.ee\/wp-content\/uploads\/2018\/10\/JK_suvine-ou_Beljaev-700x525.jpg 700w, https:\/\/jaaaeg.ee\/wp-content\/uploads\/2018\/10\/JK_suvine-ou_Beljaev-768x576.jpg 768w, https:\/\/jaaaeg.ee\/wp-content\/uploads\/2018\/10\/JK_suvine-ou_Beljaev-1536x1152.jpg 1536w, https:\/\/jaaaeg.ee\/wp-content\/uploads\/2018\/10\/JK_suvine-ou_Beljaev-2048x1536.jpg 2048w, https:\/\/jaaaeg.ee\/wp-content\/uploads\/2018\/10\/JK_suvine-ou_Beljaev-120x90.jpg 120w, https:\/\/jaaaeg.ee\/wp-content\/uploads\/2018\/10\/JK_suvine-ou_Beljaev-1900x1425.jpg 1900w, https:\/\/jaaaeg.ee\/wp-content\/uploads\/2018\/10\/JK_suvine-ou_Beljaev-320x240.jpg 320w, https:\/\/jaaaeg.ee\/wp-content\/uploads\/2018\/10\/JK_suvine-ou_Beljaev-480x360.jpg 480w, https:\/\/jaaaeg.ee\/wp-content\/uploads\/2018\/10\/JK_suvine-ou_Beljaev-800x600.jpg 800w, https:\/\/jaaaeg.ee\/wp-content\/uploads\/2018\/10\/JK_suvine-ou_Beljaev-600x450.jpg 600w\" sizes=\"auto, (max-width: 400px) 100vw, 400px\" \/><img decoding=\"async\" class=\"alignnone size-medium wp-image-26953\" src=\"https:\/\/jaaaeg.ee\/wp-content\/uploads\/2024\/03\/ROMB-_katrin_koik-variandid-2-300x300.jpg\" alt=\"Raivo Laanes_Saadj\u00e4rv\"><\/p>\n<p>&nbsp;<\/p>\n<p><b>Kuraator: <\/b><span style=\"font-weight: 400;\">Kadri Valner<\/span><\/p>\n<p><b>Tekstid:<\/b><span style=\"font-weight: 400;\"> Kadri Valner,<\/span> <span style=\"font-weight: 400;\">Jaak Alekand, Kaupo Mets, Hannes J\u00e4\u00e4r<\/span><\/p>\n<p><b>Ideelahendus ja teostus: <\/b><span style=\"font-weight: 400;\">PULT<\/span><\/p>\n<p><b>Toetajad: <\/b><span style=\"font-weight: 400;\">&nbsp;Leader,&nbsp; Pria- P\u00f5llumajanduse register ja informatsiooni amet, Tartu vald<\/span><\/p>\n<p><img loading=\"lazy\" decoding=\"async\" width=\"300\" height=\"110\" class=\"alignnone size-medium wp-image-26631\" src=\"https:\/\/jaaaeg.ee\/wp-content\/uploads\/2024\/03\/pria-leader-logo-300x110.png\" alt=\"\" srcset=\"https:\/\/jaaaeg.ee\/wp-content\/uploads\/2024\/03\/pria-leader-logo-300x110.png 300w, https:\/\/jaaaeg.ee\/wp-content\/uploads\/2024\/03\/pria-leader-logo-120x44.png 120w, https:\/\/jaaaeg.ee\/wp-content\/uploads\/2024\/03\/pria-leader-logo-320x117.png 320w, https:\/\/jaaaeg.ee\/wp-content\/uploads\/2024\/03\/pria-leader-logo.png 371w\" sizes=\"auto, (max-width: 300px) 100vw, 300px\" \/><\/p>\n<p>&nbsp;<\/p>\n","protected":false},"excerpt":{"rendered":"J\u00e4\u00e4aja Keskuse teisel korrusel avaneb n\u00e4itus Saadj\u00e4rve elustikust J\u00e4\u00e4aja Keskusest 30 meetri kaugusel algab Saadj\u00e4rv. Tegelikult koosneb ta kahest \u2013 Suurj\u00e4rvest ja Voldi ehk Tabivere j\u00e4rvest. Saadj\u00e4rv on Vooremaa p\u00e4rl, mis tekkis p\u00e4rast viimast j\u00e4\u00e4aega enam kui 10 000 aastat tagasi. Mandriliustike liikumisel kuhjunud voorte vahele j\u00e4id n\u00f5od, kuhu kogunes liustike sulamisvesi. Neist tekkisidki j\u00e4rved&#8230;. <a class=\"view-article\" href=\"https:\/\/jaaaeg.ee\/ru\/naitused\/saadjarv\/\">\u041f\u0440\u043e\u0447\u0438\u0442\u0430\u0439\u0442\u0435 \u0431\u043e\u043b\u044c\u0448\u0435<\/a>","protected":false},"author":1,"featured_media":22253,"parent":26839,"menu_order":21,"comment_status":"closed","ping_status":"closed","template":"template-sidebar.php","meta":{"_acf_changed":false,"ngg_post_thumbnail":0,"footnotes":""},"class_list":["post-26339","page","type-page","status-publish","has-post-thumbnail","hentry"],"acf":[],"yoast_head":"<!-- This site is optimized with the Yoast SEO plugin v27.3 - https:\/\/yoast.com\/product\/yoast-seo-wordpress\/ -->\n<title>Saadj\u00e4rv - J\u00e4\u00e4aja Keskus<\/title>\n<meta name=\"description\" content=\"J\u00e4\u00e4aja Keskuse teisel korrusel avaneb aprillis n\u00e4itus Saadj\u00e4rve elustikust. Nimetatud j\u00e4rv asub J\u00e4\u00e4aja Keskusest 30m kaugusel.\" \/>\n<meta name=\"robots\" content=\"index, follow, max-snippet:-1, max-image-preview:large, max-video-preview:-1\" \/>\n<link rel=\"canonical\" href=\"https:\/\/jaaaeg.ee\/ru\/naitused\/saadjarv\/\" \/>\n<meta property=\"og:locale\" content=\"ru_RU\" \/>\n<meta property=\"og:type\" content=\"article\" \/>\n<meta property=\"og:title\" content=\"Saadj\u00e4rv - J\u00e4\u00e4aja Keskus\" \/>\n<meta property=\"og:description\" content=\"J\u00e4\u00e4aja Keskuse teisel korrusel avaneb aprillis n\u00e4itus Saadj\u00e4rve elustikust. Nimetatud j\u00e4rv asub J\u00e4\u00e4aja Keskusest 30m kaugusel.\" \/>\n<meta property=\"og:url\" content=\"https:\/\/jaaaeg.ee\/ru\/naitused\/saadjarv\/\" \/>\n<meta property=\"og:site_name\" content=\"J\u00e4\u00e4aja Keskus\" \/>\n<meta property=\"article:publisher\" content=\"https:\/\/www.facebook.com\/JaaajaKeskus\/\" \/>\n<meta property=\"article:modified_time\" content=\"2024-04-29T12:13:08+00:00\" \/>\n<meta property=\"og:image\" content=\"https:\/\/jaaaeg.ee\/wp-content\/uploads\/2023\/05\/DSC_1089-scaled.jpg\" \/>\n\t<meta property=\"og:image:width\" content=\"2560\" \/>\n\t<meta property=\"og:image:height\" content=\"1707\" \/>\n\t<meta property=\"og:image:type\" content=\"image\/jpeg\" \/>\n<meta name=\"twitter:card\" content=\"summary_large_image\" \/>\n<meta name=\"twitter:label1\" content=\"\u041f\u0440\u0438\u043c\u0435\u0440\u043d\u043e\u0435 \u0432\u0440\u0435\u043c\u044f \u0434\u043b\u044f \u0447\u0442\u0435\u043d\u0438\u044f\" \/>\n\t<meta name=\"twitter:data1\" content=\"1 \u043c\u0438\u043d\u0443\u0442\u0430\" \/>\n<script type=\"application\/ld+json\" class=\"yoast-schema-graph\">{\"@context\":\"https:\\\/\\\/schema.org\",\"@graph\":[{\"@type\":\"WebPage\",\"@id\":\"https:\\\/\\\/jaaaeg.ee\\\/ru\\\/naitused\\\/saadjarv\\\/\",\"url\":\"https:\\\/\\\/jaaaeg.ee\\\/ru\\\/naitused\\\/saadjarv\\\/\",\"name\":\"Saadj\u00e4rv - J\u00e4\u00e4aja Keskus\",\"isPartOf\":{\"@id\":\"https:\\\/\\\/jaaaeg.ee\\\/ru\\\/#website\"},\"primaryImageOfPage\":{\"@id\":\"https:\\\/\\\/jaaaeg.ee\\\/ru\\\/naitused\\\/saadjarv\\\/#primaryimage\"},\"image\":{\"@id\":\"https:\\\/\\\/jaaaeg.ee\\\/ru\\\/naitused\\\/saadjarv\\\/#primaryimage\"},\"thumbnailUrl\":\"https:\\\/\\\/jaaaeg.ee\\\/wp-content\\\/uploads\\\/2023\\\/05\\\/DSC_1089-scaled.jpg\",\"datePublished\":\"2024-02-14T12:02:00+00:00\",\"dateModified\":\"2024-04-29T12:13:08+00:00\",\"description\":\"J\u00e4\u00e4aja Keskuse teisel korrusel avaneb aprillis n\u00e4itus Saadj\u00e4rve elustikust. Nimetatud j\u00e4rv asub J\u00e4\u00e4aja Keskusest 30m kaugusel.\",\"breadcrumb\":{\"@id\":\"https:\\\/\\\/jaaaeg.ee\\\/ru\\\/naitused\\\/saadjarv\\\/#breadcrumb\"},\"inLanguage\":\"ru-RU\",\"potentialAction\":[{\"@type\":\"ReadAction\",\"target\":[\"https:\\\/\\\/jaaaeg.ee\\\/ru\\\/naitused\\\/saadjarv\\\/\"]}]},{\"@type\":\"ImageObject\",\"inLanguage\":\"ru-RU\",\"@id\":\"https:\\\/\\\/jaaaeg.ee\\\/ru\\\/naitused\\\/saadjarv\\\/#primaryimage\",\"url\":\"https:\\\/\\\/jaaaeg.ee\\\/wp-content\\\/uploads\\\/2023\\\/05\\\/DSC_1089-scaled.jpg\",\"contentUrl\":\"https:\\\/\\\/jaaaeg.ee\\\/wp-content\\\/uploads\\\/2023\\\/05\\\/DSC_1089-scaled.jpg\",\"width\":2560,\"height\":1707,\"caption\":\"DSC 1089 scaled\"},{\"@type\":\"BreadcrumbList\",\"@id\":\"https:\\\/\\\/jaaaeg.ee\\\/ru\\\/naitused\\\/saadjarv\\\/#breadcrumb\",\"itemListElement\":[{\"@type\":\"ListItem\",\"position\":1,\"name\":\"Home\",\"item\":\"https:\\\/\\\/jaaaeg.ee\\\/ru\\\/\"},{\"@type\":\"ListItem\",\"position\":2,\"name\":\"\u0412\u044b\u0441\u0442\u0430\u0432\u043a\u0438\",\"item\":\"https:\\\/\\\/jaaaeg.ee\\\/ru\\\/naitused\\\/\"},{\"@type\":\"ListItem\",\"position\":3,\"name\":\"Saadj\u00e4rv\"}]},{\"@type\":\"WebSite\",\"@id\":\"https:\\\/\\\/jaaaeg.ee\\\/ru\\\/#website\",\"url\":\"https:\\\/\\\/jaaaeg.ee\\\/ru\\\/\",\"name\":\"J\u00e4\u00e4aja Keskus\",\"description\":\"avastamisr\u00f5\u00f5m igas vanuses k\u00fclastajatele\",\"potentialAction\":[{\"@type\":\"SearchAction\",\"target\":{\"@type\":\"EntryPoint\",\"urlTemplate\":\"https:\\\/\\\/jaaaeg.ee\\\/ru\\\/?s={search_term_string}\"},\"query-input\":{\"@type\":\"PropertyValueSpecification\",\"valueRequired\":true,\"valueName\":\"search_term_string\"}}],\"inLanguage\":\"ru-RU\"}]}<\/script>\n<!-- \/ Yoast SEO plugin. -->","yoast_head_json":{"title":"Saadj\u00e4rv - J\u00e4\u00e4aja Keskus","description":"J\u00e4\u00e4aja Keskuse teisel korrusel avaneb aprillis n\u00e4itus Saadj\u00e4rve elustikust. Nimetatud j\u00e4rv asub J\u00e4\u00e4aja Keskusest 30m kaugusel.","robots":{"index":"index","follow":"follow","max-snippet":"max-snippet:-1","max-image-preview":"max-image-preview:large","max-video-preview":"max-video-preview:-1"},"canonical":"https:\/\/jaaaeg.ee\/ru\/naitused\/saadjarv\/","og_locale":"ru_RU","og_type":"article","og_title":"Saadj\u00e4rv - J\u00e4\u00e4aja Keskus","og_description":"J\u00e4\u00e4aja Keskuse teisel korrusel avaneb aprillis n\u00e4itus Saadj\u00e4rve elustikust. Nimetatud j\u00e4rv asub J\u00e4\u00e4aja Keskusest 30m kaugusel.","og_url":"https:\/\/jaaaeg.ee\/ru\/naitused\/saadjarv\/","og_site_name":"J\u00e4\u00e4aja Keskus","article_publisher":"https:\/\/www.facebook.com\/JaaajaKeskus\/","article_modified_time":"2024-04-29T12:13:08+00:00","og_image":[{"width":2560,"height":1707,"url":"https:\/\/jaaaeg.ee\/wp-content\/uploads\/2023\/05\/DSC_1089-scaled.jpg","type":"image\/jpeg"}],"twitter_card":"summary_large_image","twitter_misc":{"\u041f\u0440\u0438\u043c\u0435\u0440\u043d\u043e\u0435 \u0432\u0440\u0435\u043c\u044f \u0434\u043b\u044f \u0447\u0442\u0435\u043d\u0438\u044f":"1 \u043c\u0438\u043d\u0443\u0442\u0430"},"schema":{"@context":"https:\/\/schema.org","@graph":[{"@type":"WebPage","@id":"https:\/\/jaaaeg.ee\/ru\/naitused\/saadjarv\/","url":"https:\/\/jaaaeg.ee\/ru\/naitused\/saadjarv\/","name":"Saadj\u00e4rv - J\u00e4\u00e4aja Keskus","isPartOf":{"@id":"https:\/\/jaaaeg.ee\/ru\/#website"},"primaryImageOfPage":{"@id":"https:\/\/jaaaeg.ee\/ru\/naitused\/saadjarv\/#primaryimage"},"image":{"@id":"https:\/\/jaaaeg.ee\/ru\/naitused\/saadjarv\/#primaryimage"},"thumbnailUrl":"https:\/\/jaaaeg.ee\/wp-content\/uploads\/2023\/05\/DSC_1089-scaled.jpg","datePublished":"2024-02-14T12:02:00+00:00","dateModified":"2024-04-29T12:13:08+00:00","description":"J\u00e4\u00e4aja Keskuse teisel korrusel avaneb aprillis n\u00e4itus Saadj\u00e4rve elustikust. Nimetatud j\u00e4rv asub J\u00e4\u00e4aja Keskusest 30m kaugusel.","breadcrumb":{"@id":"https:\/\/jaaaeg.ee\/ru\/naitused\/saadjarv\/#breadcrumb"},"inLanguage":"ru-RU","potentialAction":[{"@type":"ReadAction","target":["https:\/\/jaaaeg.ee\/ru\/naitused\/saadjarv\/"]}]},{"@type":"ImageObject","inLanguage":"ru-RU","@id":"https:\/\/jaaaeg.ee\/ru\/naitused\/saadjarv\/#primaryimage","url":"https:\/\/jaaaeg.ee\/wp-content\/uploads\/2023\/05\/DSC_1089-scaled.jpg","contentUrl":"https:\/\/jaaaeg.ee\/wp-content\/uploads\/2023\/05\/DSC_1089-scaled.jpg","width":2560,"height":1707,"caption":"DSC 1089 scaled"},{"@type":"BreadcrumbList","@id":"https:\/\/jaaaeg.ee\/ru\/naitused\/saadjarv\/#breadcrumb","itemListElement":[{"@type":"ListItem","position":1,"name":"Home","item":"https:\/\/jaaaeg.ee\/ru\/"},{"@type":"ListItem","position":2,"name":"\u0412\u044b\u0441\u0442\u0430\u0432\u043a\u0438","item":"https:\/\/jaaaeg.ee\/ru\/naitused\/"},{"@type":"ListItem","position":3,"name":"Saadj\u00e4rv"}]},{"@type":"WebSite","@id":"https:\/\/jaaaeg.ee\/ru\/#website","url":"https:\/\/jaaaeg.ee\/ru\/","name":"J\u00e4\u00e4aja Keskus","description":"avastamisr\u00f5\u00f5m igas vanuses k\u00fclastajatele","potentialAction":[{"@type":"SearchAction","target":{"@type":"EntryPoint","urlTemplate":"https:\/\/jaaaeg.ee\/ru\/?s={search_term_string}"},"query-input":{"@type":"PropertyValueSpecification","valueRequired":true,"valueName":"search_term_string"}}],"inLanguage":"ru-RU"}]}},"_links":{"self":[{"href":"https:\/\/jaaaeg.ee\/ru\/wp-json\/wp\/v2\/pages\/26339","targetHints":{"allow":["GET"]}}],"collection":[{"href":"https:\/\/jaaaeg.ee\/ru\/wp-json\/wp\/v2\/pages"}],"about":[{"href":"https:\/\/jaaaeg.ee\/ru\/wp-json\/wp\/v2\/types\/page"}],"author":[{"embeddable":true,"href":"https:\/\/jaaaeg.ee\/ru\/wp-json\/wp\/v2\/users\/1"}],"replies":[{"embeddable":true,"href":"https:\/\/jaaaeg.ee\/ru\/wp-json\/wp\/v2\/comments?post=26339"}],"version-history":[{"count":7,"href":"https:\/\/jaaaeg.ee\/ru\/wp-json\/wp\/v2\/pages\/26339\/revisions"}],"predecessor-version":[{"id":27107,"href":"https:\/\/jaaaeg.ee\/ru\/wp-json\/wp\/v2\/pages\/26339\/revisions\/27107"}],"up":[{"embeddable":true,"href":"https:\/\/jaaaeg.ee\/ru\/wp-json\/wp\/v2\/pages\/26839"}],"wp:featuredmedia":[{"embeddable":true,"href":"https:\/\/jaaaeg.ee\/ru\/wp-json\/wp\/v2\/media\/22253"}],"wp:attachment":[{"href":"https:\/\/jaaaeg.ee\/ru\/wp-json\/wp\/v2\/media?parent=26339"}],"curies":[{"name":"wp","href":"https:\/\/api.w.org\/{rel}","templated":true}]}}