{"id":26328,"date":"2024-02-14T14:01:26","date_gmt":"2024-02-14T12:01:26","guid":{"rendered":"https:\/\/jaaaeg.ee\/sartsutuba\/"},"modified":"2024-03-26T16:38:07","modified_gmt":"2024-03-26T14:38:07","slug":"sartsutuba","status":"publish","type":"page","link":"https:\/\/jaaaeg.ee\/ru\/naitused\/sartsutuba\/","title":{"rendered":"S\u00e4rtsutuba"},"content":{"rendered":"<h2><b>J\u00e4\u00e4aja Keskuse S\u00e4rtsutoas uuritakse numbreid elektriarvel<\/b><\/h2>\n<p><b>J\u00e4\u00e4aja Keskus avas 23. m\u00e4rtsil S\u00e4rtsutoa, mis valmis koos V\u00f5ru g\u00fcmnaasiumi \u00f5pilastega. <\/b><b>Tegemist on haridusliku n\u00e4itusega, mis juhib t\u00e4helepanu elektriga seotud teemadele.&nbsp;<\/b><b>Mida t\u00e4hendavad elektripakett ja &#8211; arve, v\u00f5rgutasu, kokkuhoid, elektriturg, b\u00f6rsihind? Kuidas kogu sellises temaatikas orienteeruda?<\/b><\/p>\n<h3>N\u00e4itus tutvustab k\u00fclastajatele lihtsas v\u00f5tmes, kuidas elektrivool toimib, millest see koosneb ning kuidas seda j\u00e4tkusuutlikult kasutada. Siin v\u00f5etakse \u00fcksipulgi lahti, mida elektriarve p\u00e4riselt kajastab, millest erinevad numbrid tulevad ja mida need t\u00e4hendavad.<\/h3>\n<p>Tegemist on interaktiivse n\u00e4itusega, sest v\u00f5imalus on ka ise elektrit toota ja uurida, kuidas t\u00f6\u00f6tab J\u00e4\u00e4aja Keskuse p\u00e4ikesepark.<\/p>\n<p>\u201eS\u00e4rtsutoa t\u00f5mbenumbriks kujuneb ilmselt linna makett, kus tormi t\u00f5ttu on kadunud elekter ja kriisikomisjon peab otsustama, kuidas pidada vastu nii kaua, kuini elekter taastub, \u201e tutvustas Kadri Valner. \u201eoluline on otsustada, millised on linnas elut\u00e4htsad asutused, kus elekter peab s\u00e4ilima.\u201c<\/p>\n<p>Antud simulatsioon annab v\u00f5imaluse ka uuteks haridusprogrammideks, sest \u00f5petab nii meeskonnat\u00f6\u00f6d kui ka loogilist m\u00f5tlemist ja reaalsete situatsioonide l\u00e4bim\u00e4ngimist.<\/p>\n<p>S\u00e4rtsutuba valmis koost\u00f6\u00f6s V\u00f5ru g\u00fcmnaasiumi \u00f5pilastega, t\u00e4nu millele on n\u00e4itusele lisatud noorte vaatenurk.&nbsp;<\/p>\n<p>S\u00e4rtsutoa p\u00f5hiline sihtgrupp ongi noored, kes \u00f5pivad p\u00f5hikoolis v\u00f5i g\u00fcmnaasiumis, kuid palju tegevust on ka t\u00e4iskasvanutel.<\/p>\n<p>N\u00e4ituse valmimist on toetanud Eesti riik, Kliimaministeerium ja Keskkonnainvesteeringute keskus, teostas Adexpert ja Kerttu Laane disain. <img loading=\"lazy\" decoding=\"async\" class=\"alignnone wp-image-26382\" src=\"https:\/\/jaaaeg.ee\/wp-content\/uploads\/2024\/03\/KIK_Toetab_varv-300x169.jpg\" alt=\"KIK toetab s\u00e4rtsutuba\" width=\"238\" height=\"134\" srcset=\"https:\/\/jaaaeg.ee\/wp-content\/uploads\/2024\/03\/KIK_Toetab_varv-300x169.jpg 300w, https:\/\/jaaaeg.ee\/wp-content\/uploads\/2024\/03\/KIK_Toetab_varv-120x68.jpg 120w, https:\/\/jaaaeg.ee\/wp-content\/uploads\/2024\/03\/KIK_Toetab_varv-320x180.jpg 320w, https:\/\/jaaaeg.ee\/wp-content\/uploads\/2024\/03\/KIK_Toetab_varv.jpg 378w\" sizes=\"auto, (max-width: 238px) 100vw, 238px\" \/><\/p>\n<p>&nbsp;<\/p>\n<h3><a href=\"https:\/\/opleht.ee\/2024\/03\/martsi-keskel-avati-jaaaja-keskuses-sartsutuba\/\" target=\"_blank\" rel=\"noopener\">Loe ka artiklit \u00d5petajate Lehes.<\/a><\/h3>\nngg_shortcode_0_placeholder\n","protected":false},"excerpt":{"rendered":"J\u00e4\u00e4aja Keskuse S\u00e4rtsutoas uuritakse numbreid elektriarvel J\u00e4\u00e4aja Keskus avas 23. m\u00e4rtsil S\u00e4rtsutoa, mis valmis koos V\u00f5ru g\u00fcmnaasiumi \u00f5pilastega. Tegemist on haridusliku n\u00e4itusega, mis juhib t\u00e4helepanu elektriga seotud teemadele.&nbsp;Mida t\u00e4hendavad elektripakett ja &#8211; arve, v\u00f5rgutasu, kokkuhoid, elektriturg, b\u00f6rsihind? Kuidas kogu sellises temaatikas orienteeruda? N\u00e4itus tutvustab k\u00fclastajatele lihtsas v\u00f5tmes, kuidas elektrivool toimib, millest see koosneb ning kuidas&#8230; <a class=\"view-article\" href=\"https:\/\/jaaaeg.ee\/ru\/naitused\/sartsutuba\/\">\u041f\u0440\u043e\u0447\u0438\u0442\u0430\u0439\u0442\u0435 \u0431\u043e\u043b\u044c\u0448\u0435<\/a>","protected":false},"author":1,"featured_media":26280,"parent":26839,"menu_order":22,"comment_status":"closed","ping_status":"closed","template":"template-sidebar.php","meta":{"_acf_changed":false,"ngg_post_thumbnail":0,"footnotes":""},"class_list":["post-26328","page","type-page","status-publish","has-post-thumbnail","hentry"],"acf":[],"yoast_head":"<!-- This site is optimized with the Yoast SEO plugin v27.3 - https:\/\/yoast.com\/product\/yoast-seo-wordpress\/ -->\n<title>S\u00e4rtsutuba - J\u00e4\u00e4aja Keskus<\/title>\n<meta name=\"description\" content=\"N\u00e4itus tutvustab k\u00fclastajatele lihtsas v\u00f5tmes, kuidas elektrivool toimib, millest see koosneb ning kuidas seda j\u00e4tkusuutlikult kasutada.\" \/>\n<meta name=\"robots\" content=\"index, follow, max-snippet:-1, max-image-preview:large, max-video-preview:-1\" \/>\n<link rel=\"canonical\" href=\"https:\/\/jaaaeg.ee\/ru\/sartsutuba\/\" \/>\n<meta property=\"og:locale\" content=\"ru_RU\" \/>\n<meta property=\"og:type\" content=\"article\" \/>\n<meta property=\"og:title\" content=\"S\u00e4rtsutuba - J\u00e4\u00e4aja Keskus\" \/>\n<meta property=\"og:description\" content=\"N\u00e4itus tutvustab k\u00fclastajatele lihtsas v\u00f5tmes, kuidas elektrivool toimib, millest see koosneb ning kuidas seda j\u00e4tkusuutlikult kasutada.\" \/>\n<meta property=\"og:url\" content=\"https:\/\/jaaaeg.ee\/ru\/sartsutuba\/\" \/>\n<meta property=\"og:site_name\" content=\"J\u00e4\u00e4aja Keskus\" \/>\n<meta property=\"article:publisher\" content=\"https:\/\/www.facebook.com\/JaaajaKeskus\/\" \/>\n<meta property=\"article:modified_time\" content=\"2024-03-26T14:38:07+00:00\" \/>\n<meta property=\"og:image\" content=\"https:\/\/jaaaeg.ee\/wp-content\/uploads\/2024\/03\/432273948_381850081470630_5232440209134269957_n.jpg\" \/>\n\t<meta property=\"og:image:width\" content=\"2000\" \/>\n\t<meta property=\"og:image:height\" content=\"1500\" \/>\n\t<meta property=\"og:image:type\" content=\"image\/jpeg\" \/>\n<meta name=\"twitter:card\" content=\"summary_large_image\" \/>\n<meta name=\"twitter:label1\" content=\"\u041f\u0440\u0438\u043c\u0435\u0440\u043d\u043e\u0435 \u0432\u0440\u0435\u043c\u044f \u0434\u043b\u044f \u0447\u0442\u0435\u043d\u0438\u044f\" \/>\n\t<meta name=\"twitter:data1\" content=\"1 \u043c\u0438\u043d\u0443\u0442\u0430\" \/>\n<script type=\"application\/ld+json\" class=\"yoast-schema-graph\">{\"@context\":\"https:\\\/\\\/schema.org\",\"@graph\":[{\"@type\":\"WebPage\",\"@id\":\"https:\\\/\\\/jaaaeg.ee\\\/ru\\\/sartsutuba\\\/\",\"url\":\"https:\\\/\\\/jaaaeg.ee\\\/ru\\\/sartsutuba\\\/\",\"name\":\"S\u00e4rtsutuba - J\u00e4\u00e4aja Keskus\",\"isPartOf\":{\"@id\":\"https:\\\/\\\/jaaaeg.ee\\\/ru\\\/#website\"},\"primaryImageOfPage\":{\"@id\":\"https:\\\/\\\/jaaaeg.ee\\\/ru\\\/sartsutuba\\\/#primaryimage\"},\"image\":{\"@id\":\"https:\\\/\\\/jaaaeg.ee\\\/ru\\\/sartsutuba\\\/#primaryimage\"},\"thumbnailUrl\":\"https:\\\/\\\/jaaaeg.ee\\\/wp-content\\\/uploads\\\/2024\\\/03\\\/432273948_381850081470630_5232440209134269957_n.jpg\",\"datePublished\":\"2024-02-14T12:01:26+00:00\",\"dateModified\":\"2024-03-26T14:38:07+00:00\",\"description\":\"N\u00e4itus tutvustab k\u00fclastajatele lihtsas v\u00f5tmes, kuidas elektrivool toimib, millest see koosneb ning kuidas seda j\u00e4tkusuutlikult kasutada.\",\"breadcrumb\":{\"@id\":\"https:\\\/\\\/jaaaeg.ee\\\/ru\\\/sartsutuba\\\/#breadcrumb\"},\"inLanguage\":\"ru-RU\",\"potentialAction\":[{\"@type\":\"ReadAction\",\"target\":[\"https:\\\/\\\/jaaaeg.ee\\\/ru\\\/sartsutuba\\\/\"]}]},{\"@type\":\"ImageObject\",\"inLanguage\":\"ru-RU\",\"@id\":\"https:\\\/\\\/jaaaeg.ee\\\/ru\\\/sartsutuba\\\/#primaryimage\",\"url\":\"https:\\\/\\\/jaaaeg.ee\\\/wp-content\\\/uploads\\\/2024\\\/03\\\/432273948_381850081470630_5232440209134269957_n.jpg\",\"contentUrl\":\"https:\\\/\\\/jaaaeg.ee\\\/wp-content\\\/uploads\\\/2024\\\/03\\\/432273948_381850081470630_5232440209134269957_n.jpg\",\"width\":2000,\"height\":1500,\"caption\":\"432273948 381850081470630 5232440209134269957 n\"},{\"@type\":\"BreadcrumbList\",\"@id\":\"https:\\\/\\\/jaaaeg.ee\\\/ru\\\/sartsutuba\\\/#breadcrumb\",\"itemListElement\":[{\"@type\":\"ListItem\",\"position\":1,\"name\":\"Home\",\"item\":\"https:\\\/\\\/jaaaeg.ee\\\/ru\\\/\"},{\"@type\":\"ListItem\",\"position\":2,\"name\":\"S\u00e4rtsutuba\"}]},{\"@type\":\"WebSite\",\"@id\":\"https:\\\/\\\/jaaaeg.ee\\\/ru\\\/#website\",\"url\":\"https:\\\/\\\/jaaaeg.ee\\\/ru\\\/\",\"name\":\"J\u00e4\u00e4aja Keskus\",\"description\":\"avastamisr\u00f5\u00f5m igas vanuses k\u00fclastajatele\",\"potentialAction\":[{\"@type\":\"SearchAction\",\"target\":{\"@type\":\"EntryPoint\",\"urlTemplate\":\"https:\\\/\\\/jaaaeg.ee\\\/ru\\\/?s={search_term_string}\"},\"query-input\":{\"@type\":\"PropertyValueSpecification\",\"valueRequired\":true,\"valueName\":\"search_term_string\"}}],\"inLanguage\":\"ru-RU\"}]}<\/script>\n<!-- \/ Yoast SEO plugin. -->","yoast_head_json":{"title":"S\u00e4rtsutuba - J\u00e4\u00e4aja Keskus","description":"N\u00e4itus tutvustab k\u00fclastajatele lihtsas v\u00f5tmes, kuidas elektrivool toimib, millest see koosneb ning kuidas seda j\u00e4tkusuutlikult kasutada.","robots":{"index":"index","follow":"follow","max-snippet":"max-snippet:-1","max-image-preview":"max-image-preview:large","max-video-preview":"max-video-preview:-1"},"canonical":"https:\/\/jaaaeg.ee\/ru\/sartsutuba\/","og_locale":"ru_RU","og_type":"article","og_title":"S\u00e4rtsutuba - J\u00e4\u00e4aja Keskus","og_description":"N\u00e4itus tutvustab k\u00fclastajatele lihtsas v\u00f5tmes, kuidas elektrivool toimib, millest see koosneb ning kuidas seda j\u00e4tkusuutlikult kasutada.","og_url":"https:\/\/jaaaeg.ee\/ru\/sartsutuba\/","og_site_name":"J\u00e4\u00e4aja Keskus","article_publisher":"https:\/\/www.facebook.com\/JaaajaKeskus\/","article_modified_time":"2024-03-26T14:38:07+00:00","og_image":[{"width":2000,"height":1500,"url":"https:\/\/jaaaeg.ee\/wp-content\/uploads\/2024\/03\/432273948_381850081470630_5232440209134269957_n.jpg","type":"image\/jpeg"}],"twitter_card":"summary_large_image","twitter_misc":{"\u041f\u0440\u0438\u043c\u0435\u0440\u043d\u043e\u0435 \u0432\u0440\u0435\u043c\u044f \u0434\u043b\u044f \u0447\u0442\u0435\u043d\u0438\u044f":"1 \u043c\u0438\u043d\u0443\u0442\u0430"},"schema":{"@context":"https:\/\/schema.org","@graph":[{"@type":"WebPage","@id":"https:\/\/jaaaeg.ee\/ru\/sartsutuba\/","url":"https:\/\/jaaaeg.ee\/ru\/sartsutuba\/","name":"S\u00e4rtsutuba - J\u00e4\u00e4aja Keskus","isPartOf":{"@id":"https:\/\/jaaaeg.ee\/ru\/#website"},"primaryImageOfPage":{"@id":"https:\/\/jaaaeg.ee\/ru\/sartsutuba\/#primaryimage"},"image":{"@id":"https:\/\/jaaaeg.ee\/ru\/sartsutuba\/#primaryimage"},"thumbnailUrl":"https:\/\/jaaaeg.ee\/wp-content\/uploads\/2024\/03\/432273948_381850081470630_5232440209134269957_n.jpg","datePublished":"2024-02-14T12:01:26+00:00","dateModified":"2024-03-26T14:38:07+00:00","description":"N\u00e4itus tutvustab k\u00fclastajatele lihtsas v\u00f5tmes, kuidas elektrivool toimib, millest see koosneb ning kuidas seda j\u00e4tkusuutlikult kasutada.","breadcrumb":{"@id":"https:\/\/jaaaeg.ee\/ru\/sartsutuba\/#breadcrumb"},"inLanguage":"ru-RU","potentialAction":[{"@type":"ReadAction","target":["https:\/\/jaaaeg.ee\/ru\/sartsutuba\/"]}]},{"@type":"ImageObject","inLanguage":"ru-RU","@id":"https:\/\/jaaaeg.ee\/ru\/sartsutuba\/#primaryimage","url":"https:\/\/jaaaeg.ee\/wp-content\/uploads\/2024\/03\/432273948_381850081470630_5232440209134269957_n.jpg","contentUrl":"https:\/\/jaaaeg.ee\/wp-content\/uploads\/2024\/03\/432273948_381850081470630_5232440209134269957_n.jpg","width":2000,"height":1500,"caption":"432273948 381850081470630 5232440209134269957 n"},{"@type":"BreadcrumbList","@id":"https:\/\/jaaaeg.ee\/ru\/sartsutuba\/#breadcrumb","itemListElement":[{"@type":"ListItem","position":1,"name":"Home","item":"https:\/\/jaaaeg.ee\/ru\/"},{"@type":"ListItem","position":2,"name":"S\u00e4rtsutuba"}]},{"@type":"WebSite","@id":"https:\/\/jaaaeg.ee\/ru\/#website","url":"https:\/\/jaaaeg.ee\/ru\/","name":"J\u00e4\u00e4aja Keskus","description":"avastamisr\u00f5\u00f5m igas vanuses k\u00fclastajatele","potentialAction":[{"@type":"SearchAction","target":{"@type":"EntryPoint","urlTemplate":"https:\/\/jaaaeg.ee\/ru\/?s={search_term_string}"},"query-input":{"@type":"PropertyValueSpecification","valueRequired":true,"valueName":"search_term_string"}}],"inLanguage":"ru-RU"}]}},"_links":{"self":[{"href":"https:\/\/jaaaeg.ee\/ru\/wp-json\/wp\/v2\/pages\/26328","targetHints":{"allow":["GET"]}}],"collection":[{"href":"https:\/\/jaaaeg.ee\/ru\/wp-json\/wp\/v2\/pages"}],"about":[{"href":"https:\/\/jaaaeg.ee\/ru\/wp-json\/wp\/v2\/types\/page"}],"author":[{"embeddable":true,"href":"https:\/\/jaaaeg.ee\/ru\/wp-json\/wp\/v2\/users\/1"}],"replies":[{"embeddable":true,"href":"https:\/\/jaaaeg.ee\/ru\/wp-json\/wp\/v2\/comments?post=26328"}],"version-history":[{"count":3,"href":"https:\/\/jaaaeg.ee\/ru\/wp-json\/wp\/v2\/pages\/26328\/revisions"}],"predecessor-version":[{"id":26428,"href":"https:\/\/jaaaeg.ee\/ru\/wp-json\/wp\/v2\/pages\/26328\/revisions\/26428"}],"up":[{"embeddable":true,"href":"https:\/\/jaaaeg.ee\/ru\/wp-json\/wp\/v2\/pages\/26839"}],"wp:featuredmedia":[{"embeddable":true,"href":"https:\/\/jaaaeg.ee\/ru\/wp-json\/wp\/v2\/media\/26280"}],"wp:attachment":[{"href":"https:\/\/jaaaeg.ee\/ru\/wp-json\/wp\/v2\/media?parent=26328"}],"curies":[{"name":"wp","href":"https:\/\/api.w.org\/{rel}","templated":true}]}}