{"id":24135,"date":"2023-11-16T10:31:34","date_gmt":"2023-11-16T08:31:34","guid":{"rendered":"https:\/\/jaaaeg.ee\/audiogiid\/"},"modified":"2025-04-25T11:48:45","modified_gmt":"2025-04-25T08:48:45","slug":"audiogiidid","status":"publish","type":"page","link":"https:\/\/jaaaeg.ee\/ru\/audiogiidid\/","title":{"rendered":"\u0410\u0443\u0434\u0438\u043e\u0433\u0438\u0434"},"content":{"rendered":"<div class=\"vce-row-container\" data-vce-boxed-width=\"true\"><div class=\"vce-row vce-row--col-gap-30 vce-row-equal-height vce-row-content--top\" id=\"el-84a12f94\" data-vce-do-apply=\"all el-84a12f94\"><div class=\"vce-row-content\" data-vce-element-content=\"true\"><div class=\"vce-col vce-col--md-auto vce-col--xs-1 vce-col--xs-last vce-col--xs-first vce-col--sm-last vce-col--sm-first vce-col--md-first vce-col--lg-first vce-col--xl-first\" id=\"el-6dd68a3a\"><div class=\"vce-col-inner\" data-vce-do-apply=\"border margin background  el-6dd68a3a\"><div class=\"vce-col-content\" data-vce-element-content=\"true\" data-vce-do-apply=\"padding el-6dd68a3a\"><div class=\"vce-text-block\"><div class=\"vce-text-block-wrapper vce\" id=\"el-801f7458\" data-vce-do-apply=\"all el-801f7458\"><h2>Suurtele<\/h2><ol><li><a href=\"https:\/\/jaaaeg.ee\/ru\/audiogiidid\/suur-pauk\/\">Suur pauk<\/a><\/li><li><a href=\"https:\/\/jaaaeg.ee\/ru\/audiogiidid\/2-maa-kujunemine\/\">Maa kujunemine<\/a><\/li><li><a href=\"https:\/\/jaaaeg.ee\/ru\/audiogiidid\/3-vesi-jaa-aur\/\">Vesi, j\u00e4\u00e4, aur<\/a><\/li><li><a href=\"https:\/\/jaaaeg.ee\/ru\/audiogiidid\/4-lumi\/\">Lumi<\/a><\/li><li><a href=\"https:\/\/jaaaeg.ee\/ru\/audiogiidid\/5-virmalised\/\">Virmalised<\/a><\/li><li><a href=\"https:\/\/jaaaeg.ee\/ru\/audiogiidid\/6-talv\/\">Talv<\/a><\/li><li><a href=\"https:\/\/jaaaeg.ee\/ru\/audiogiidid\/7-elu-koopas\/\">Elu koopas<\/a><\/li><li><a href=\"https:\/\/jaaaeg.ee\/ru\/audiogiidid\/8-kulmunud-mammutid\/\">K\u00fclmunud mammutid<\/a><\/li><li><a href=\"https:\/\/jaaaeg.ee\/ru\/audiogiidid\/9-mammutiluu-leiud\/\">Mammutiluu leiud<\/a><\/li><li><a href=\"https:\/\/jaaaeg.ee\/ru\/audiogiidid\/10-koopalovi\/\">Koopal\u00f5vi<\/a><\/li><li><a href=\"https:\/\/jaaaeg.ee\/ru\/audiogiidid\/11-urghirv\/\">\u00dcrghirv<\/a><\/li><li><a href=\"https:\/\/jaaaeg.ee\/ru\/audiogiidid\/12-mammut\/\">Mammut<\/a><\/li><li><a href=\"https:\/\/jaaaeg.ee\/ru\/audiogiidid\/13-laamade-triiv\/\">Laamade triiv<\/a><\/li><li><a href=\"https:\/\/jaaaeg.ee\/ru\/audiogiidid\/14-jaaliustike-kasvamine\/\">J\u00e4\u00e4liustike kasvamine<\/a><\/li><li><a href=\"https:\/\/jaaaeg.ee\/ru\/audiogiidid\/15-liustike-liikumine\/\">Liustike liikumine<\/a><\/li><li><a href=\"https:\/\/jaaaeg.ee\/ru\/audiogiidid\/16-jaaaegade-ja-jaavaheaegade-vaheldumine\/\">J\u00e4\u00e4aegade ja j\u00e4\u00e4vaheaegade vaheldumine<\/a><\/li><li><a href=\"https:\/\/jaaaeg.ee\/ru\/audiogiidid\/17-randkivid\/\">R\u00e4ndkivid<\/a><\/li><li><a href=\"https:\/\/jaaaeg.ee\/ru\/audiogiidid\/18-juhtrandkivid\/\">Juhtr\u00e4ndkivid<\/a><\/li><li><a href=\"https:\/\/jaaaeg.ee\/ru\/audiogiidid\/19-eesti-eluslooduse-taastumine\/\">Eesti eluslooduse taastumine<\/a><\/li><li><a href=\"https:\/\/jaaaeg.ee\/ru\/audiogiidid\/20-hilisjaaaegne-tundra\/\">Hilisj\u00e4\u00e4aegne tundra<\/a><\/li><li><a href=\"https:\/\/jaaaeg.ee\/naitused\/audiogiidid\/21-varajane-jaaajajargne-metsatundra\/\">Varajane j\u00e4\u00e4ajaj\u00e4rgne metsatundra<\/a><\/li><li><a href=\"https:\/\/jaaaeg.ee\/ru\/audiogiidid\/22-laialehised-metsad\/\">Laialehised metsad<\/a><\/li><li><a href=\"https:\/\/jaaaeg.ee\/ru\/audiogiidid\/23-kuusikute-levik\/\">Kuusikute levik<\/a><\/li><li><a href=\"https:\/\/jaaaeg.ee\/ru\/audiogiidid\/24-kultuurmaad\/\">Kultuurmaad<\/a><\/li><li><a href=\"https:\/\/jaaaeg.ee\/ru\/audiogiidid\/25-muutuv-laanemeri\/\">Muutuv L\u00e4\u00e4nemeri<\/a><\/li><\/ol><\/div><\/div><\/div><\/div><\/div><div class=\"vce-col vce-col--md-auto vce-col--xs-1 vce-col--xs-last vce-col--xs-first vce-col--sm-last vce-col--sm-first vce-col--md-last vce-col--lg-last vce-col--xl-last\" id=\"el-ed1d9508\"><div class=\"vce-col-inner\" data-vce-do-apply=\"border margin background  el-ed1d9508\"><div class=\"vce-col-content\" data-vce-element-content=\"true\" data-vce-do-apply=\"padding el-ed1d9508\"><div class=\"vce-text-block\"><div class=\"vce-text-block-wrapper vce\" id=\"el-0c008520\" data-vce-do-apply=\"all el-0c008520\"><h2>Lapsed<\/h2><ol><li><a href=\"https:\/\/jaaaeg.ee\/ru\/audiogiidid\/1-kui-suur-oli-mammut\/\">Kui suur oli mammut<\/a><\/li><li><a href=\"https:\/\/jaaaeg.ee\/ru\/audiogiidid\/2-milline-on-tulevik\/\">Milline on tulevik<\/a><\/li><li><a href=\"https:\/\/jaaaeg.ee\/ru\/audiogiidid\/3-mis-on-jaaaeg\/\">Mis on j\u00e4\u00e4aeg<\/a><\/li><li><a href=\"https:\/\/jaaaeg.ee\/ru\/audiogiidid\/4-kas-inimene-on-kogu-aeg-olemas-olnud\/\">Kas inimene on kogu aeg olemas olnud<\/a><\/li><li><a href=\"https:\/\/jaaaeg.ee\/ru\/audiogiidid\/5-miks-paeval-virmalisi-ei-ole\/\">Miks p\u00e4eval virmalisi ei ole<\/a><\/li><li><a href=\"https:\/\/jaaaeg.ee\/ru\/audiogiidid\/6-kudas-kivid-randavad\/\">Kuidas kivid r\u00e4ndavad<\/a><\/li><li><a href=\"https:\/\/jaaaeg.ee\/ru\/audiogiidid\/7-tundra-ja-metsatundra\/\">Tundra ja metsatundra<\/a><\/li><li><a href=\"https:\/\/jaaaeg.ee\/ru\/audiogiidid\/8-laialehised-metsad-ehk-metsad-kus-kasvasid-suurte-lehtedega-puud\/\">Laialehised metsad<\/a><\/li><li><a href=\"https:\/\/jaaaeg.ee\/ru\/audiogiidid\/9-miks-on-merevesi-soolane\/\">Miks on merevesi soolane<\/a><\/li><li><a href=\"https:\/\/jaaaeg.ee\/ru\/audiogiidid\/10-kuusikud-metsad-kus-kasvab-palju-kuusepuid\/\">Kuusikud - metsad, kus kasvab palju kuusepuid<\/a><\/li><li><a href=\"https:\/\/jaaaeg.ee\/ru\/audiogiidid\/11-kus-tuleb-toit\/\">Kus tuleb toit<\/a><\/li><li><a href=\"https:\/\/jaaaeg.ee\/ru\/audiogiidid\/12-kes-on-kalevipoeg\/\">Kes on Kalevipoeg<\/a><\/li><li><a href=\"https:\/\/jaaaeg.ee\/ru\/audiogiidid\/13-ilmal-on-vaga-oluline-osa-meie-elus\/\">Ilmal on v\u00e4ga oluline osa meie elus<\/a><\/li><li><a href=\"https:\/\/jaaaeg.ee\/ru\/audiogiidid\/14-mis-varvi-on-jaakaru\/\">Mis v\u00e4rvi on j\u00e4\u00e4karu<\/a><\/li><li><a href=\"https:\/\/jaaaeg.ee\/ru\/audiogiidid\/15-ka-sina-saad-loodusele-head-teha\/\">Ka Sina saad loodusele head teha!<\/a><\/li><\/ol><\/div><\/div><\/div><\/div><\/div><\/div><\/div><\/div>\n","protected":false},"excerpt":{"rendered":"SuurteleSuur paukMaa kujunemineVesi, j\u00e4\u00e4, aurLumiVirmalisedTalvElu koopasK\u00fclmunud mammutidMammutiluu leiudKoopal\u00f5vi\u00dcrghirvMammutLaamade triivJ\u00e4\u00e4liustike kasvamineLiustike liikumineJ\u00e4\u00e4aegade ja j\u00e4\u00e4vaheaegade vaheldumineR\u00e4ndkividJuhtr\u00e4ndkividEesti eluslooduse taastumineHilisj\u00e4\u00e4aegne tundraVarajane j\u00e4\u00e4ajaj\u00e4rgne metsatundraLaialehised metsadKuusikute levikKultuurmaadMuutuv L\u00e4\u00e4nemeriLapsedKui suur oli mammutMilline on tulevikMis on j\u00e4\u00e4aegKas inimene on kogu aeg olemas olnudMiks p\u00e4eval virmalisi ei oleKuidas kivid r\u00e4ndavadTundra ja metsatundraLaialehised metsadMiks on merevesi soolaneKuusikud &#8211; metsad, kus kasvab palju kuusepuidKus tuleb toitKes&#8230; <a class=\"view-article\" href=\"https:\/\/jaaaeg.ee\/ru\/audiogiidid\/\">\u041f\u0440\u043e\u0447\u0438\u0442\u0430\u0439\u0442\u0435 \u0431\u043e\u043b\u044c\u0448\u0435<\/a>","protected":false},"author":1,"featured_media":22511,"parent":0,"menu_order":174,"comment_status":"closed","ping_status":"closed","template":"template-sidebar.php","meta":{"_acf_changed":false,"ngg_post_thumbnail":0,"footnotes":""},"class_list":["post-24135","page","type-page","status-publish","has-post-thumbnail","hentry"],"acf":[],"yoast_head":"<!-- This site is optimized with the Yoast SEO plugin v27.3 - https:\/\/yoast.com\/product\/yoast-seo-wordpress\/ -->\n<title>\u0410\u0443\u0434\u0438\u043e\u0433\u0438\u0434 - J\u00e4\u00e4aja Keskus<\/title>\n<meta name=\"description\" content=\"J\u00e4\u00e4aja Keskuse uut audiogiidi saate kuulata oma seadmest sk\u00e4nnides QR koode. Lugusid saab kuulata 4 keeles.\" \/>\n<meta name=\"robots\" content=\"index, follow, max-snippet:-1, max-image-preview:large, max-video-preview:-1\" \/>\n<link rel=\"canonical\" href=\"https:\/\/jaaaeg.ee\/ru\/audiogiidid\/\" \/>\n<meta property=\"og:locale\" content=\"ru_RU\" \/>\n<meta property=\"og:type\" content=\"article\" \/>\n<meta property=\"og:title\" content=\"\u0410\u0443\u0434\u0438\u043e\u0433\u0438\u0434 - J\u00e4\u00e4aja Keskus\" \/>\n<meta property=\"og:description\" content=\"J\u00e4\u00e4aja Keskuse uut audiogiidi saate kuulata oma seadmest sk\u00e4nnides QR koode. Lugusid saab kuulata 4 keeles.\" \/>\n<meta property=\"og:url\" content=\"https:\/\/jaaaeg.ee\/ru\/audiogiidid\/\" \/>\n<meta property=\"og:site_name\" content=\"J\u00e4\u00e4aja Keskus\" \/>\n<meta property=\"article:publisher\" content=\"https:\/\/www.facebook.com\/JaaajaKeskus\/\" \/>\n<meta property=\"article:modified_time\" content=\"2025-04-25T08:48:45+00:00\" \/>\n<meta property=\"og:image\" content=\"https:\/\/jaaaeg.ee\/wp-content\/uploads\/2023\/06\/jaaajakeskus_Liisbet_Jarviste_2016-9021.jpg\" \/>\n\t<meta property=\"og:image:width\" content=\"2048\" \/>\n\t<meta property=\"og:image:height\" content=\"1365\" \/>\n\t<meta property=\"og:image:type\" content=\"image\/jpeg\" \/>\n<meta name=\"twitter:card\" content=\"summary_large_image\" \/>\n<meta name=\"twitter:label1\" content=\"\u041f\u0440\u0438\u043c\u0435\u0440\u043d\u043e\u0435 \u0432\u0440\u0435\u043c\u044f \u0434\u043b\u044f \u0447\u0442\u0435\u043d\u0438\u044f\" \/>\n\t<meta name=\"twitter:data1\" content=\"1 \u043c\u0438\u043d\u0443\u0442\u0430\" \/>\n<script type=\"application\/ld+json\" class=\"yoast-schema-graph\">{\"@context\":\"https:\\\/\\\/schema.org\",\"@graph\":[{\"@type\":\"WebPage\",\"@id\":\"https:\\\/\\\/jaaaeg.ee\\\/ru\\\/audiogiidid\\\/\",\"url\":\"https:\\\/\\\/jaaaeg.ee\\\/ru\\\/audiogiidid\\\/\",\"name\":\"\u0410\u0443\u0434\u0438\u043e\u0433\u0438\u0434 - J\u00e4\u00e4aja Keskus\",\"isPartOf\":{\"@id\":\"https:\\\/\\\/jaaaeg.ee\\\/ru\\\/#website\"},\"primaryImageOfPage\":{\"@id\":\"https:\\\/\\\/jaaaeg.ee\\\/ru\\\/audiogiidid\\\/#primaryimage\"},\"image\":{\"@id\":\"https:\\\/\\\/jaaaeg.ee\\\/ru\\\/audiogiidid\\\/#primaryimage\"},\"thumbnailUrl\":\"https:\\\/\\\/jaaaeg.ee\\\/wp-content\\\/uploads\\\/2023\\\/06\\\/jaaajakeskus_Liisbet_Jarviste_2016-9021.jpg\",\"datePublished\":\"2023-11-16T08:31:34+00:00\",\"dateModified\":\"2025-04-25T08:48:45+00:00\",\"description\":\"J\u00e4\u00e4aja Keskuse uut audiogiidi saate kuulata oma seadmest sk\u00e4nnides QR koode. Lugusid saab kuulata 4 keeles.\",\"breadcrumb\":{\"@id\":\"https:\\\/\\\/jaaaeg.ee\\\/ru\\\/audiogiidid\\\/#breadcrumb\"},\"inLanguage\":\"ru-RU\",\"potentialAction\":[{\"@type\":\"ReadAction\",\"target\":[\"https:\\\/\\\/jaaaeg.ee\\\/ru\\\/audiogiidid\\\/\"]}]},{\"@type\":\"ImageObject\",\"inLanguage\":\"ru-RU\",\"@id\":\"https:\\\/\\\/jaaaeg.ee\\\/ru\\\/audiogiidid\\\/#primaryimage\",\"url\":\"https:\\\/\\\/jaaaeg.ee\\\/wp-content\\\/uploads\\\/2023\\\/06\\\/jaaajakeskus_Liisbet_Jarviste_2016-9021.jpg\",\"contentUrl\":\"https:\\\/\\\/jaaaeg.ee\\\/wp-content\\\/uploads\\\/2023\\\/06\\\/jaaajakeskus_Liisbet_Jarviste_2016-9021.jpg\",\"width\":2048,\"height\":1365,\"caption\":\"jaaajakeskus Liisbet Jarviste 2016 9021\"},{\"@type\":\"BreadcrumbList\",\"@id\":\"https:\\\/\\\/jaaaeg.ee\\\/ru\\\/audiogiidid\\\/#breadcrumb\",\"itemListElement\":[{\"@type\":\"ListItem\",\"position\":1,\"name\":\"Home\",\"item\":\"https:\\\/\\\/jaaaeg.ee\\\/ru\\\/\"},{\"@type\":\"ListItem\",\"position\":2,\"name\":\"\u0410\u0443\u0434\u0438\u043e\u0433\u0438\u0434\"}]},{\"@type\":\"WebSite\",\"@id\":\"https:\\\/\\\/jaaaeg.ee\\\/ru\\\/#website\",\"url\":\"https:\\\/\\\/jaaaeg.ee\\\/ru\\\/\",\"name\":\"J\u00e4\u00e4aja Keskus\",\"description\":\"avastamisr\u00f5\u00f5m igas vanuses k\u00fclastajatele\",\"potentialAction\":[{\"@type\":\"SearchAction\",\"target\":{\"@type\":\"EntryPoint\",\"urlTemplate\":\"https:\\\/\\\/jaaaeg.ee\\\/ru\\\/?s={search_term_string}\"},\"query-input\":{\"@type\":\"PropertyValueSpecification\",\"valueRequired\":true,\"valueName\":\"search_term_string\"}}],\"inLanguage\":\"ru-RU\"}]}<\/script>\n<!-- \/ Yoast SEO plugin. -->","yoast_head_json":{"title":"\u0410\u0443\u0434\u0438\u043e\u0433\u0438\u0434 - J\u00e4\u00e4aja Keskus","description":"J\u00e4\u00e4aja Keskuse uut audiogiidi saate kuulata oma seadmest sk\u00e4nnides QR koode. Lugusid saab kuulata 4 keeles.","robots":{"index":"index","follow":"follow","max-snippet":"max-snippet:-1","max-image-preview":"max-image-preview:large","max-video-preview":"max-video-preview:-1"},"canonical":"https:\/\/jaaaeg.ee\/ru\/audiogiidid\/","og_locale":"ru_RU","og_type":"article","og_title":"\u0410\u0443\u0434\u0438\u043e\u0433\u0438\u0434 - J\u00e4\u00e4aja Keskus","og_description":"J\u00e4\u00e4aja Keskuse uut audiogiidi saate kuulata oma seadmest sk\u00e4nnides QR koode. Lugusid saab kuulata 4 keeles.","og_url":"https:\/\/jaaaeg.ee\/ru\/audiogiidid\/","og_site_name":"J\u00e4\u00e4aja Keskus","article_publisher":"https:\/\/www.facebook.com\/JaaajaKeskus\/","article_modified_time":"2025-04-25T08:48:45+00:00","og_image":[{"width":2048,"height":1365,"url":"https:\/\/jaaaeg.ee\/wp-content\/uploads\/2023\/06\/jaaajakeskus_Liisbet_Jarviste_2016-9021.jpg","type":"image\/jpeg"}],"twitter_card":"summary_large_image","twitter_misc":{"\u041f\u0440\u0438\u043c\u0435\u0440\u043d\u043e\u0435 \u0432\u0440\u0435\u043c\u044f \u0434\u043b\u044f \u0447\u0442\u0435\u043d\u0438\u044f":"1 \u043c\u0438\u043d\u0443\u0442\u0430"},"schema":{"@context":"https:\/\/schema.org","@graph":[{"@type":"WebPage","@id":"https:\/\/jaaaeg.ee\/ru\/audiogiidid\/","url":"https:\/\/jaaaeg.ee\/ru\/audiogiidid\/","name":"\u0410\u0443\u0434\u0438\u043e\u0433\u0438\u0434 - J\u00e4\u00e4aja Keskus","isPartOf":{"@id":"https:\/\/jaaaeg.ee\/ru\/#website"},"primaryImageOfPage":{"@id":"https:\/\/jaaaeg.ee\/ru\/audiogiidid\/#primaryimage"},"image":{"@id":"https:\/\/jaaaeg.ee\/ru\/audiogiidid\/#primaryimage"},"thumbnailUrl":"https:\/\/jaaaeg.ee\/wp-content\/uploads\/2023\/06\/jaaajakeskus_Liisbet_Jarviste_2016-9021.jpg","datePublished":"2023-11-16T08:31:34+00:00","dateModified":"2025-04-25T08:48:45+00:00","description":"J\u00e4\u00e4aja Keskuse uut audiogiidi saate kuulata oma seadmest sk\u00e4nnides QR koode. Lugusid saab kuulata 4 keeles.","breadcrumb":{"@id":"https:\/\/jaaaeg.ee\/ru\/audiogiidid\/#breadcrumb"},"inLanguage":"ru-RU","potentialAction":[{"@type":"ReadAction","target":["https:\/\/jaaaeg.ee\/ru\/audiogiidid\/"]}]},{"@type":"ImageObject","inLanguage":"ru-RU","@id":"https:\/\/jaaaeg.ee\/ru\/audiogiidid\/#primaryimage","url":"https:\/\/jaaaeg.ee\/wp-content\/uploads\/2023\/06\/jaaajakeskus_Liisbet_Jarviste_2016-9021.jpg","contentUrl":"https:\/\/jaaaeg.ee\/wp-content\/uploads\/2023\/06\/jaaajakeskus_Liisbet_Jarviste_2016-9021.jpg","width":2048,"height":1365,"caption":"jaaajakeskus Liisbet Jarviste 2016 9021"},{"@type":"BreadcrumbList","@id":"https:\/\/jaaaeg.ee\/ru\/audiogiidid\/#breadcrumb","itemListElement":[{"@type":"ListItem","position":1,"name":"Home","item":"https:\/\/jaaaeg.ee\/ru\/"},{"@type":"ListItem","position":2,"name":"\u0410\u0443\u0434\u0438\u043e\u0433\u0438\u0434"}]},{"@type":"WebSite","@id":"https:\/\/jaaaeg.ee\/ru\/#website","url":"https:\/\/jaaaeg.ee\/ru\/","name":"J\u00e4\u00e4aja Keskus","description":"avastamisr\u00f5\u00f5m igas vanuses k\u00fclastajatele","potentialAction":[{"@type":"SearchAction","target":{"@type":"EntryPoint","urlTemplate":"https:\/\/jaaaeg.ee\/ru\/?s={search_term_string}"},"query-input":{"@type":"PropertyValueSpecification","valueRequired":true,"valueName":"search_term_string"}}],"inLanguage":"ru-RU"}]}},"_links":{"self":[{"href":"https:\/\/jaaaeg.ee\/ru\/wp-json\/wp\/v2\/pages\/24135","targetHints":{"allow":["GET"]}}],"collection":[{"href":"https:\/\/jaaaeg.ee\/ru\/wp-json\/wp\/v2\/pages"}],"about":[{"href":"https:\/\/jaaaeg.ee\/ru\/wp-json\/wp\/v2\/types\/page"}],"author":[{"embeddable":true,"href":"https:\/\/jaaaeg.ee\/ru\/wp-json\/wp\/v2\/users\/1"}],"replies":[{"embeddable":true,"href":"https:\/\/jaaaeg.ee\/ru\/wp-json\/wp\/v2\/comments?post=24135"}],"version-history":[{"count":33,"href":"https:\/\/jaaaeg.ee\/ru\/wp-json\/wp\/v2\/pages\/24135\/revisions"}],"predecessor-version":[{"id":31167,"href":"https:\/\/jaaaeg.ee\/ru\/wp-json\/wp\/v2\/pages\/24135\/revisions\/31167"}],"wp:featuredmedia":[{"embeddable":true,"href":"https:\/\/jaaaeg.ee\/ru\/wp-json\/wp\/v2\/media\/22511"}],"wp:attachment":[{"href":"https:\/\/jaaaeg.ee\/ru\/wp-json\/wp\/v2\/media?parent=24135"}],"curies":[{"name":"wp","href":"https:\/\/api.w.org\/{rel}","templated":true}]}}