{"id":23775,"date":"2023-10-12T10:15:40","date_gmt":"2023-10-12T07:15:40","guid":{"rendered":"https:\/\/jaaaeg.ee\/?page_id=23775"},"modified":"2023-10-12T10:15:40","modified_gmt":"2023-10-12T07:15:40","slug":"audio-gid-peeter-laurits","status":"publish","type":"page","link":"https:\/\/jaaaeg.ee\/ru\/audio-gid-peeter-laurits\/","title":{"rendered":"Audio gid Peeter Laurits"},"content":{"rendered":"<p>01_PL_Luhter_rus.mp3<\/p>\n<audio class=\"wp-audio-shortcode\" id=\"audio-23775-1\" preload=\"none\" style=\"width: 100%;\" controls=\"controls\"><source type=\"audio\/mpeg\" src=\"https:\/\/jaaaeg.ee\/wp-content\/uploads\/2023\/10\/01_PL_Luhter_rus.mp3?_=1\" \/><a href=\"https:\/\/jaaaeg.ee\/wp-content\/uploads\/2023\/10\/01_PL_Luhter_rus.mp3\">https:\/\/jaaaeg.ee\/wp-content\/uploads\/2023\/10\/01_PL_Luhter_rus.mp3<\/a><\/audio>\n<p>&nbsp;<\/p>\n<p>02_PL_Pisarad_rus.mp3<\/p>\n<audio class=\"wp-audio-shortcode\" id=\"audio-23775-2\" preload=\"none\" style=\"width: 100%;\" controls=\"controls\"><source type=\"audio\/mpeg\" src=\"https:\/\/jaaaeg.ee\/wp-content\/uploads\/2023\/10\/02_PL_Pisarad_rus.mp3?_=2\" \/><a href=\"https:\/\/jaaaeg.ee\/wp-content\/uploads\/2023\/10\/02_PL_Pisarad_rus.mp3\">https:\/\/jaaaeg.ee\/wp-content\/uploads\/2023\/10\/02_PL_Pisarad_rus.mp3<\/a><\/audio>\n<p>&nbsp;<\/p>\n<p>03_PL_Suhkur_rus.mp3<\/p>\n<audio class=\"wp-audio-shortcode\" id=\"audio-23775-3\" preload=\"none\" style=\"width: 100%;\" controls=\"controls\"><source type=\"audio\/mpeg\" src=\"https:\/\/jaaaeg.ee\/wp-content\/uploads\/2023\/10\/03_PL_Suhkur_rus.mp3?_=3\" \/><a href=\"https:\/\/jaaaeg.ee\/wp-content\/uploads\/2023\/10\/03_PL_Suhkur_rus.mp3\">https:\/\/jaaaeg.ee\/wp-content\/uploads\/2023\/10\/03_PL_Suhkur_rus.mp3<\/a><\/audio>\n<p>&nbsp;<\/p>\n<p>04_PL_Jaalind_rus.mp3<\/p>\n<audio class=\"wp-audio-shortcode\" id=\"audio-23775-4\" preload=\"none\" style=\"width: 100%;\" controls=\"controls\"><source type=\"audio\/mpeg\" src=\"https:\/\/jaaaeg.ee\/wp-content\/uploads\/2023\/10\/04_PL_Jaalind_rus.mp3?_=4\" \/><a href=\"https:\/\/jaaaeg.ee\/wp-content\/uploads\/2023\/10\/04_PL_Jaalind_rus.mp3\">https:\/\/jaaaeg.ee\/wp-content\/uploads\/2023\/10\/04_PL_Jaalind_rus.mp3<\/a><\/audio>\n<p>&nbsp;<\/p>\n<p>05_PL_Gravitacija_rus.mp3<\/p>\n<audio class=\"wp-audio-shortcode\" id=\"audio-23775-5\" preload=\"none\" style=\"width: 100%;\" controls=\"controls\"><source type=\"audio\/mpeg\" src=\"https:\/\/jaaaeg.ee\/wp-content\/uploads\/2023\/10\/05_PL_Gravitacija_rus.mp3?_=5\" \/><a href=\"https:\/\/jaaaeg.ee\/wp-content\/uploads\/2023\/10\/05_PL_Gravitacija_rus.mp3\">https:\/\/jaaaeg.ee\/wp-content\/uploads\/2023\/10\/05_PL_Gravitacija_rus.mp3<\/a><\/audio>\n<p>&nbsp;<\/p>\n<p>06_PL_ogniBolshogogGoroda_rus.mp3<\/p>\n<audio class=\"wp-audio-shortcode\" id=\"audio-23775-6\" preload=\"none\" style=\"width: 100%;\" controls=\"controls\"><source type=\"audio\/mpeg\" src=\"https:\/\/jaaaeg.ee\/wp-content\/uploads\/2023\/10\/06_PL_ogniBolshogogGoroda_rus.mp3?_=6\" \/><a href=\"https:\/\/jaaaeg.ee\/wp-content\/uploads\/2023\/10\/06_PL_ogniBolshogogGoroda_rus.mp3\">https:\/\/jaaaeg.ee\/wp-content\/uploads\/2023\/10\/06_PL_ogniBolshogogGoroda_rus.mp3<\/a><\/audio>\n<p>&nbsp;<\/p>\n<p>07_PL_seenevihmaserver_rus.mp3<\/p>\n<audio class=\"wp-audio-shortcode\" id=\"audio-23775-7\" preload=\"none\" style=\"width: 100%;\" controls=\"controls\"><source type=\"audio\/mpeg\" src=\"https:\/\/jaaaeg.ee\/wp-content\/uploads\/2023\/10\/07_PL_seenevihmaserver_rus.mp3?_=7\" \/><a href=\"https:\/\/jaaaeg.ee\/wp-content\/uploads\/2023\/10\/07_PL_seenevihmaserver_rus.mp3\">https:\/\/jaaaeg.ee\/wp-content\/uploads\/2023\/10\/07_PL_seenevihmaserver_rus.mp3<\/a><\/audio>\n<p>&nbsp;<\/p>\n<p>08_PL_plantPrideSamosoznanieRastenii_rus.mp3<\/p>\n<audio class=\"wp-audio-shortcode\" id=\"audio-23775-8\" preload=\"none\" style=\"width: 100%;\" controls=\"controls\"><source type=\"audio\/mpeg\" src=\"https:\/\/jaaaeg.ee\/wp-content\/uploads\/2023\/10\/08_PL_plantPrideSamosoznanieRastenii_rus.mp3?_=8\" \/><a href=\"https:\/\/jaaaeg.ee\/wp-content\/uploads\/2023\/10\/08_PL_plantPrideSamosoznanieRastenii_rus.mp3\">https:\/\/jaaaeg.ee\/wp-content\/uploads\/2023\/10\/08_PL_plantPrideSamosoznanieRastenii_rus.mp3<\/a><\/audio>\n<p>&nbsp;<\/p>\n<p>09_PL_server_rus.mp3<\/p>\n<audio class=\"wp-audio-shortcode\" id=\"audio-23775-9\" preload=\"none\" style=\"width: 100%;\" controls=\"controls\"><source type=\"audio\/mpeg\" src=\"https:\/\/jaaaeg.ee\/wp-content\/uploads\/2023\/10\/09_PL_server_rus.mp3?_=9\" \/><a href=\"https:\/\/jaaaeg.ee\/wp-content\/uploads\/2023\/10\/09_PL_server_rus.mp3\">https:\/\/jaaaeg.ee\/wp-content\/uploads\/2023\/10\/09_PL_server_rus.mp3<\/a><\/audio>\n<p>&nbsp;<\/p>\n<p>10_PL_Taevaatlas_rus.mp3<\/p>\n<audio class=\"wp-audio-shortcode\" id=\"audio-23775-10\" preload=\"none\" style=\"width: 100%;\" controls=\"controls\"><source type=\"audio\/mpeg\" src=\"https:\/\/jaaaeg.ee\/wp-content\/uploads\/2023\/10\/10_PL_Taevaatlas_rus.mp3?_=10\" \/><a href=\"https:\/\/jaaaeg.ee\/wp-content\/uploads\/2023\/10\/10_PL_Taevaatlas_rus.mp3\">https:\/\/jaaaeg.ee\/wp-content\/uploads\/2023\/10\/10_PL_Taevaatlas_rus.mp3<\/a><\/audio>\n<p>&nbsp;<\/p>\n<p>11_PL_kupena_rus.mp3<\/p>\n<audio class=\"wp-audio-shortcode\" id=\"audio-23775-11\" preload=\"none\" style=\"width: 100%;\" controls=\"controls\"><source type=\"audio\/mpeg\" src=\"https:\/\/jaaaeg.ee\/wp-content\/uploads\/2023\/10\/11_PL_kupena_rus.mp3?_=11\" \/><a href=\"https:\/\/jaaaeg.ee\/wp-content\/uploads\/2023\/10\/11_PL_kupena_rus.mp3\">https:\/\/jaaaeg.ee\/wp-content\/uploads\/2023\/10\/11_PL_kupena_rus.mp3<\/a><\/audio>\n<p>&nbsp;<\/p>\n<p>12_PL_Hirm_rus.mp3<\/p>\n<audio class=\"wp-audio-shortcode\" id=\"audio-23775-12\" preload=\"none\" style=\"width: 100%;\" controls=\"controls\"><source type=\"audio\/mpeg\" src=\"https:\/\/jaaaeg.ee\/wp-content\/uploads\/2023\/10\/12_PL_Hirm_rus.mp3?_=12\" \/><a href=\"https:\/\/jaaaeg.ee\/wp-content\/uploads\/2023\/10\/12_PL_Hirm_rus.mp3\">https:\/\/jaaaeg.ee\/wp-content\/uploads\/2023\/10\/12_PL_Hirm_rus.mp3<\/a><\/audio>\n<p>&nbsp;<\/p>\n<p>13_PL_Jarved_rus.mp3<\/p>\n<audio class=\"wp-audio-shortcode\" id=\"audio-23775-13\" preload=\"none\" style=\"width: 100%;\" controls=\"controls\"><source type=\"audio\/mpeg\" src=\"https:\/\/jaaaeg.ee\/wp-content\/uploads\/2023\/10\/13_PL_Jarved_rus.mp3?_=13\" \/><a href=\"https:\/\/jaaaeg.ee\/wp-content\/uploads\/2023\/10\/13_PL_Jarved_rus.mp3\">https:\/\/jaaaeg.ee\/wp-content\/uploads\/2023\/10\/13_PL_Jarved_rus.mp3<\/a><\/audio>\n","protected":false},"excerpt":{"rendered":"01_PL_Luhter_rus.mp3 &nbsp; 02_PL_Pisarad_rus.mp3 &nbsp; 03_PL_Suhkur_rus.mp3 &nbsp; 04_PL_Jaalind_rus.mp3 &nbsp; 05_PL_Gravitacija_rus.mp3 &nbsp; 06_PL_ogniBolshogogGoroda_rus.mp3 &nbsp; 07_PL_seenevihmaserver_rus.mp3 &nbsp; 08_PL_plantPrideSamosoznanieRastenii_rus.mp3 &nbsp; 09_PL_server_rus.mp3 &nbsp; 10_PL_Taevaatlas_rus.mp3 &nbsp; 11_PL_kupena_rus.mp3 &nbsp; 12_PL_Hirm_rus.mp3 &nbsp; 13_PL_Jarved_rus.mp3","protected":false},"author":1,"featured_media":0,"parent":0,"menu_order":260,"comment_status":"closed","ping_status":"closed","template":"","meta":{"_acf_changed":false,"ngg_post_thumbnail":0,"footnotes":""},"class_list":["post-23775","page","type-page","status-publish","hentry"],"acf":[],"yoast_head":"<!-- This site is optimized with the Yoast SEO plugin v27.3 - https:\/\/yoast.com\/product\/yoast-seo-wordpress\/ -->\n<title>Audio gid Peeter Laurits - J\u00e4\u00e4aja Keskus<\/title>\n<meta name=\"robots\" content=\"index, follow, max-snippet:-1, max-image-preview:large, max-video-preview:-1\" \/>\n<link rel=\"canonical\" href=\"https:\/\/jaaaeg.ee\/ru\/audio-gid-peeter-laurits\/\" \/>\n<meta property=\"og:locale\" content=\"ru_RU\" \/>\n<meta property=\"og:type\" content=\"article\" \/>\n<meta property=\"og:title\" content=\"Audio gid Peeter Laurits - J\u00e4\u00e4aja Keskus\" \/>\n<meta property=\"og:description\" content=\"01_PL_Luhter_rus.mp3 &nbsp; 02_PL_Pisarad_rus.mp3 &nbsp; 03_PL_Suhkur_rus.mp3 &nbsp; 04_PL_Jaalind_rus.mp3 &nbsp; 05_PL_Gravitacija_rus.mp3 &nbsp; 06_PL_ogniBolshogogGoroda_rus.mp3 &nbsp; 07_PL_seenevihmaserver_rus.mp3 &nbsp; 08_PL_plantPrideSamosoznanieRastenii_rus.mp3 &nbsp; 09_PL_server_rus.mp3 &nbsp; 10_PL_Taevaatlas_rus.mp3 &nbsp; 11_PL_kupena_rus.mp3 &nbsp; 12_PL_Hirm_rus.mp3 &nbsp; 13_PL_Jarved_rus.mp3\" \/>\n<meta property=\"og:url\" content=\"https:\/\/jaaaeg.ee\/ru\/audio-gid-peeter-laurits\/\" \/>\n<meta property=\"og:site_name\" content=\"J\u00e4\u00e4aja Keskus\" \/>\n<meta property=\"article:publisher\" content=\"https:\/\/www.facebook.com\/JaaajaKeskus\/\" \/>\n<meta name=\"twitter:card\" content=\"summary_large_image\" \/>\n<meta name=\"twitter:label1\" content=\"\u041f\u0440\u0438\u043c\u0435\u0440\u043d\u043e\u0435 \u0432\u0440\u0435\u043c\u044f \u0434\u043b\u044f \u0447\u0442\u0435\u043d\u0438\u044f\" \/>\n\t<meta name=\"twitter:data1\" content=\"1 \u043c\u0438\u043d\u0443\u0442\u0430\" \/>\n<script type=\"application\/ld+json\" class=\"yoast-schema-graph\">{\"@context\":\"https:\\\/\\\/schema.org\",\"@graph\":[{\"@type\":\"WebPage\",\"@id\":\"https:\\\/\\\/jaaaeg.ee\\\/ru\\\/audio-gid-peeter-laurits\\\/\",\"url\":\"https:\\\/\\\/jaaaeg.ee\\\/ru\\\/audio-gid-peeter-laurits\\\/\",\"name\":\"Audio gid Peeter Laurits - J\u00e4\u00e4aja Keskus\",\"isPartOf\":{\"@id\":\"https:\\\/\\\/jaaaeg.ee\\\/ru\\\/#website\"},\"datePublished\":\"2023-10-12T07:15:40+00:00\",\"breadcrumb\":{\"@id\":\"https:\\\/\\\/jaaaeg.ee\\\/ru\\\/audio-gid-peeter-laurits\\\/#breadcrumb\"},\"inLanguage\":\"ru-RU\",\"potentialAction\":[{\"@type\":\"ReadAction\",\"target\":[\"https:\\\/\\\/jaaaeg.ee\\\/ru\\\/audio-gid-peeter-laurits\\\/\"]}]},{\"@type\":\"BreadcrumbList\",\"@id\":\"https:\\\/\\\/jaaaeg.ee\\\/ru\\\/audio-gid-peeter-laurits\\\/#breadcrumb\",\"itemListElement\":[{\"@type\":\"ListItem\",\"position\":1,\"name\":\"Home\",\"item\":\"https:\\\/\\\/jaaaeg.ee\\\/ru\\\/\"},{\"@type\":\"ListItem\",\"position\":2,\"name\":\"Audio gid Peeter Laurits\"}]},{\"@type\":\"WebSite\",\"@id\":\"https:\\\/\\\/jaaaeg.ee\\\/ru\\\/#website\",\"url\":\"https:\\\/\\\/jaaaeg.ee\\\/ru\\\/\",\"name\":\"J\u00e4\u00e4aja Keskus\",\"description\":\"avastamisr\u00f5\u00f5m igas vanuses k\u00fclastajatele\",\"potentialAction\":[{\"@type\":\"SearchAction\",\"target\":{\"@type\":\"EntryPoint\",\"urlTemplate\":\"https:\\\/\\\/jaaaeg.ee\\\/ru\\\/?s={search_term_string}\"},\"query-input\":{\"@type\":\"PropertyValueSpecification\",\"valueRequired\":true,\"valueName\":\"search_term_string\"}}],\"inLanguage\":\"ru-RU\"}]}<\/script>\n<!-- \/ Yoast SEO plugin. -->","yoast_head_json":{"title":"Audio gid Peeter Laurits - J\u00e4\u00e4aja Keskus","robots":{"index":"index","follow":"follow","max-snippet":"max-snippet:-1","max-image-preview":"max-image-preview:large","max-video-preview":"max-video-preview:-1"},"canonical":"https:\/\/jaaaeg.ee\/ru\/audio-gid-peeter-laurits\/","og_locale":"ru_RU","og_type":"article","og_title":"Audio gid Peeter Laurits - J\u00e4\u00e4aja Keskus","og_description":"01_PL_Luhter_rus.mp3 &nbsp; 02_PL_Pisarad_rus.mp3 &nbsp; 03_PL_Suhkur_rus.mp3 &nbsp; 04_PL_Jaalind_rus.mp3 &nbsp; 05_PL_Gravitacija_rus.mp3 &nbsp; 06_PL_ogniBolshogogGoroda_rus.mp3 &nbsp; 07_PL_seenevihmaserver_rus.mp3 &nbsp; 08_PL_plantPrideSamosoznanieRastenii_rus.mp3 &nbsp; 09_PL_server_rus.mp3 &nbsp; 10_PL_Taevaatlas_rus.mp3 &nbsp; 11_PL_kupena_rus.mp3 &nbsp; 12_PL_Hirm_rus.mp3 &nbsp; 13_PL_Jarved_rus.mp3","og_url":"https:\/\/jaaaeg.ee\/ru\/audio-gid-peeter-laurits\/","og_site_name":"J\u00e4\u00e4aja Keskus","article_publisher":"https:\/\/www.facebook.com\/JaaajaKeskus\/","twitter_card":"summary_large_image","twitter_misc":{"\u041f\u0440\u0438\u043c\u0435\u0440\u043d\u043e\u0435 \u0432\u0440\u0435\u043c\u044f \u0434\u043b\u044f \u0447\u0442\u0435\u043d\u0438\u044f":"1 \u043c\u0438\u043d\u0443\u0442\u0430"},"schema":{"@context":"https:\/\/schema.org","@graph":[{"@type":"WebPage","@id":"https:\/\/jaaaeg.ee\/ru\/audio-gid-peeter-laurits\/","url":"https:\/\/jaaaeg.ee\/ru\/audio-gid-peeter-laurits\/","name":"Audio gid Peeter Laurits - J\u00e4\u00e4aja Keskus","isPartOf":{"@id":"https:\/\/jaaaeg.ee\/ru\/#website"},"datePublished":"2023-10-12T07:15:40+00:00","breadcrumb":{"@id":"https:\/\/jaaaeg.ee\/ru\/audio-gid-peeter-laurits\/#breadcrumb"},"inLanguage":"ru-RU","potentialAction":[{"@type":"ReadAction","target":["https:\/\/jaaaeg.ee\/ru\/audio-gid-peeter-laurits\/"]}]},{"@type":"BreadcrumbList","@id":"https:\/\/jaaaeg.ee\/ru\/audio-gid-peeter-laurits\/#breadcrumb","itemListElement":[{"@type":"ListItem","position":1,"name":"Home","item":"https:\/\/jaaaeg.ee\/ru\/"},{"@type":"ListItem","position":2,"name":"Audio gid Peeter Laurits"}]},{"@type":"WebSite","@id":"https:\/\/jaaaeg.ee\/ru\/#website","url":"https:\/\/jaaaeg.ee\/ru\/","name":"J\u00e4\u00e4aja Keskus","description":"avastamisr\u00f5\u00f5m igas vanuses k\u00fclastajatele","potentialAction":[{"@type":"SearchAction","target":{"@type":"EntryPoint","urlTemplate":"https:\/\/jaaaeg.ee\/ru\/?s={search_term_string}"},"query-input":{"@type":"PropertyValueSpecification","valueRequired":true,"valueName":"search_term_string"}}],"inLanguage":"ru-RU"}]}},"_links":{"self":[{"href":"https:\/\/jaaaeg.ee\/ru\/wp-json\/wp\/v2\/pages\/23775","targetHints":{"allow":["GET"]}}],"collection":[{"href":"https:\/\/jaaaeg.ee\/ru\/wp-json\/wp\/v2\/pages"}],"about":[{"href":"https:\/\/jaaaeg.ee\/ru\/wp-json\/wp\/v2\/types\/page"}],"author":[{"embeddable":true,"href":"https:\/\/jaaaeg.ee\/ru\/wp-json\/wp\/v2\/users\/1"}],"replies":[{"embeddable":true,"href":"https:\/\/jaaaeg.ee\/ru\/wp-json\/wp\/v2\/comments?post=23775"}],"version-history":[{"count":1,"href":"https:\/\/jaaaeg.ee\/ru\/wp-json\/wp\/v2\/pages\/23775\/revisions"}],"predecessor-version":[{"id":23841,"href":"https:\/\/jaaaeg.ee\/ru\/wp-json\/wp\/v2\/pages\/23775\/revisions\/23841"}],"wp:attachment":[{"href":"https:\/\/jaaaeg.ee\/ru\/wp-json\/wp\/v2\/media?parent=23775"}],"curies":[{"name":"wp","href":"https:\/\/api.w.org\/{rel}","templated":true}]}}