{"id":224,"date":"2018-09-11T15:13:19","date_gmt":"2018-09-11T12:13:19","guid":{"rendered":"http:\/\/jaaaeg.ee\/?page_id=224"},"modified":"2020-11-03T23:37:55","modified_gmt":"2020-11-03T21:37:55","slug":"oppematerjalid","status":"publish","type":"page","link":"https:\/\/jaaaeg.ee\/ru\/opetajale\/oppematerjalid\/","title":{"rendered":"\u00d5ppematerjalid"},"content":{"rendered":"<div class=\"vce-row-container\"><div class=\"vce-row vce-row--col-gap-30 vce-row-columns--top vce-row-content--top\" id=\"el-3260bdb4\" data-vce-do-apply=\"all el-3260bdb4\"><div class=\"vce-row-content\" data-vce-element-content=\"true\"><div class=\"vce-col vce-col--md-100p vce-col--xs-1 vce-col--xs-last vce-col--xs-first vce-col--sm-last vce-col--sm-first vce-col--md-last vce-col--lg-last vce-col--xl-last vce-col--md-first vce-col--lg-first vce-col--xl-first\" id=\"el-8e27085a\"><div class=\"vce-col-inner\" data-vce-do-apply=\"border margin background  el-8e27085a\"><div class=\"vce-col-content\" data-vce-element-content=\"true\" data-vce-do-apply=\"padding el-8e27085a\"><div class=\"vce-text-block\"><div class=\"vce-text-block-wrapper vce\" id=\"el-48bb500f\" data-vce-do-apply=\"all el-48bb500f\"><p>Sellel lehek\u00fcljel saate tutvuda J\u00e4\u00e4aja Keskuse poolt kooli\u00f5pilastele pakutavate \u00f5ppeprogrammide juhendite ja t\u00f6\u00f6lehtedega.<\/p><p>Programmide juhendeid ja t\u00f6\u00f6lehti v\u00f5ib v\u00e4lja tr\u00fckkida ning kasutada \u00f5ppet\u00f6\u00f6s v\u00e4ljaspool keskust.<\/p><p><strong>Kui tellite J\u00e4\u00e4aja Keskuselt \u00f5ppeprogrammi, on t\u00f6\u00f6lehed tasuta. <\/strong>Kui soovite neid ise keskuses kasutada, siis palume need teil endal v\u00e4lja tr\u00fckkida v\u00f5i saate neid keskuselt osta.<\/p><p><strong>Iseseisva programmi l\u00e4biviimisel keskuses palume kindlasti grupp eelnevalt registreerida.<\/strong> See v\u00e4ldib keskuse \u00fclekoormust ning tagab teie \u00f5pilastele rahuliku t\u00f6\u00f6keskkonna.<\/p><p><strong>I \u00f5ppematerjalid on koostatud j\u00e4rgmiste teemade kohta:<\/strong><\/p><ol><li><a href=\"https:\/\/jaaaeg.ee\/wp-content\/uploads\/2018\/09\/01_infomaterjal_jaa_on_kumunud_vesi.pdf\" target=\"_blank\" rel=\"noopener noreferrer\">J\u00e4\u00e4 on k\u00fclmunud vesi<\/a><\/li><li><a href=\"https:\/\/jaaaeg.ee\/wp-content\/uploads\/2018\/09\/02_infomaterjal_mammut.pdf\" target=\"_blank\" rel=\"noopener noreferrer\">Kas mammut on karvane elevant?<\/a><\/li><li><a href=\"https:\/\/jaaaeg.ee\/wp-content\/uploads\/2018\/09\/03_Infomaterjal_Universumi_lyhiajalugu.pdf\" target=\"_blank\" rel=\"noopener noreferrer\">Universumi l\u00fchiajalugu Suurest Paugust t\u00e4nap\u00e4evani<\/a><\/li><li><a href=\"https:\/\/jaaaeg.ee\/wp-content\/uploads\/2018\/09\/04_infomaterjal_jaaajad_maa_ajaloos.pdf\" target=\"_blank\" rel=\"noopener noreferrer\">J\u00e4\u00e4ajad Maa ajaloo taustal<\/a><\/li><li><a href=\"https:\/\/jaaaeg.ee\/wp-content\/uploads\/2018\/09\/05_infomaterjal_mis_on_jaaaeg.pdf\" target=\"_blank\" rel=\"noopener noreferrer\">Mis on j\u00e4\u00e4aeg ja kuidas see kujuneb?<\/a><\/li><li><a href=\"https:\/\/jaaaeg.ee\/wp-content\/uploads\/2018\/09\/06_infomaterjal_elustik_jaaajal.pdf\" target=\"_blank\" rel=\"noopener noreferrer\">Elustik j\u00e4\u00e4ajal<\/a><\/li><li><a href=\"https:\/\/jaaaeg.ee\/wp-content\/uploads\/2018\/09\/07_infomaterjal_inimene_jaaajal.pdf\" target=\"_blank\" rel=\"noopener noreferrer\">Inimene j\u00e4\u00e4ajal<\/a><\/li><li><a href=\"https:\/\/jaaaeg.ee\/wp-content\/uploads\/2018\/09\/08_Infomaterjal-Jaaaja-jaljed.pdf\" target=\"_blank\" rel=\"noopener noreferrer\">J\u00e4\u00e4aja j\u00e4ljed Eesti pinnal<\/a><\/li><li><a href=\"https:\/\/jaaaeg.ee\/wp-content\/uploads\/2018\/09\/09_Infomaterjal-Liustike-pC3A4randus.pdf\" target=\"_blank\" rel=\"noopener noreferrer\">Liustike p\u00e4randus Eesti maastikel<\/a><\/li><li><a href=\"https:\/\/jaaaeg.ee\/wp-content\/uploads\/2018\/09\/10_infomaterjal_Jaaajajargne_loodus.pdf\" target=\"_blank\" rel=\"noopener noreferrer\">J\u00e4\u00e4ajaj\u00e4rgne loodus ja inimene Eestis<\/a><\/li><li><a href=\"https:\/\/jaaaeg.ee\/wp-content\/uploads\/2018\/09\/11_Infomaterjal_Kas_tunned_Vooremaad.pdf\" target=\"_blank\" rel=\"noopener noreferrer\">Kas tunned Vooremaad?<\/a><\/li><li><a href=\"https:\/\/jaaaeg.ee\/wp-content\/uploads\/2018\/09\/12_infomaterjal_uurimislood.pdf\" target=\"_blank\" rel=\"noopener noreferrer\">Uurimislood<\/a><\/li><li><a href=\"https:\/\/jaaaeg.ee\/wp-content\/uploads\/2018\/09\/13_infomaterjal_muistendid.pdf\" target=\"_blank\" rel=\"noopener noreferrer\">Muistendite juured on meie looduses<\/a><\/li><li><a href=\"https:\/\/jaaaeg.ee\/wp-content\/uploads\/2018\/09\/14_infomaterjal_Ilmavaatlused.pdf\" target=\"_blank\" rel=\"noopener noreferrer\">Ilm meie \u00fcmber ja kuidas seda m\u00f5\u00f5ta<\/a><\/li><li><a href=\"https:\/\/jaaaeg.ee\/wp-content\/uploads\/2018\/09\/15_infomaterjal_kliimamuutused.pdf\" target=\"_blank\" rel=\"noopener noreferrer\">Kliimamuutused<\/a><\/li><li><a href=\"https:\/\/jaaaeg.ee\/wp-content\/uploads\/2018\/09\/16_infomaterjal_elekter_meie_elus.pdf\" target=\"_blank\" rel=\"noopener noreferrer\">Elekter meie elus<\/a><\/li><li><a href=\"https:\/\/jaaaeg.ee\/wp-content\/uploads\/2018\/09\/17_infomaterjal_inimene_mojutab_maailma.pdf\" target=\"_blank\" rel=\"noopener noreferrer\">Inimene m\u00f5jutab maailma<\/a><\/li><li><a href=\"https:\/\/jaaaeg.ee\/wp-content\/uploads\/2018\/09\/18_infomaterjal_vesi.pdf\" target=\"_blank\" rel=\"noopener noreferrer\">Veeosakese seiklused<\/a><\/li><\/ol><p><strong>&nbsp;<\/strong><\/p><p><strong>Kogu ekspositsiooni h\u00f5lmavad t\u00f6\u00f6lehed\/\u00f5ppevahendid:<\/strong><\/p><ul><li><a href=\"https:\/\/jaaaeg.ee\/wp-content\/uploads\/2019\/10\/fotojaht_jaaaja_keskuses2.pdf\" target=\"_blank\" rel=\"noopener noreferrer\">Fotojaht J\u00e4\u00e4aja Keskuses<\/a><\/li><li><a href=\"https:\/\/jaaaeg.ee\/wp-content\/uploads\/2018\/09\/jaaaja_loomade_doomino.pdf\" target=\"_blank\" rel=\"noopener noreferrer\">J\u00e4\u00e4aja loomade doomino<\/a><\/li><li><a href=\"https:\/\/jaaaeg.ee\/wp-content\/uploads\/2018\/09\/jaaaja_loomade_pildikaardid.pdf\" target=\"_blank\" rel=\"noopener noreferrer\">J\u00e4\u00e4aja loomade pildikaardid<\/a><\/li><li><a href=\"https:\/\/jaaaeg.ee\/wp-content\/uploads\/2018\/09\/jaaajajargse_looduse_sedelid_ruhmadeks_jaotamisel.pdf\" target=\"_blank\" rel=\"noopener noreferrer\">J\u00e4\u00e4ajaj\u00e4rgse looduse sedelid r\u00fchmadeks jaotamisel<\/a><\/li><\/ul><p><strong>II uurimuslikud \u00f5ppeprogrammid<\/strong><\/p><p><strong>Loomingulised v\u00f5i uurimuslikud t\u00f6\u00f6d J\u00e4\u00e4aja Keskuses<\/strong><\/p><ul><li><a href=\"https:\/\/jaaaeg.ee\/wp-content\/uploads\/2018\/09\/loomingulised_ja_uurimuslikud_tood_jaaaja_keskuses.pdf\" target=\"_blank\" rel=\"noopener noreferrer\">Loomingulised ja uurimuslikud t\u00f6\u00f6d J\u00e4\u00e4aja Keskuses<\/a><\/li><li><a href=\"https:\/\/jaaaeg.ee\/wp-content\/uploads\/2018\/09\/lisa_1_loomingulisetoo_koostamine.pdf\" target=\"_blank\" rel=\"noopener noreferrer\">Lisa 1 Juhend \u00f5petajale \u2013 Loomingulise t\u00f6\u00f6 koostamine<\/a><\/li><li><a href=\"https:\/\/jaaaeg.ee\/wp-content\/uploads\/2018\/09\/lisa_2_uurimuslik_ope.pdf\" target=\"_blank\" rel=\"noopener noreferrer\">Lisa 2 Juhend \u00f5petajale \u2013 Uurimuslik \u00f5pe<\/a><\/li><li><a href=\"https:\/\/jaaaeg.ee\/wp-content\/uploads\/2018\/09\/lisa_3_loominguline_too.pdf\" target=\"_blank\" rel=\"noopener noreferrer\">Lisa 3 \u00d5pilase t\u00f6\u00f6leht \u2013 Loominguline t\u00f6\u00f6 J\u00e4\u00e4aja Keskuses<\/a><\/li><li><a href=\"https:\/\/jaaaeg.ee\/wp-content\/uploads\/2018\/09\/lisa_4_uurimus.pdf\" target=\"_blank\" rel=\"noopener noreferrer\">Lisa 4 \u00d5pilase t\u00f6\u00f6leht \u2013 Uurimuslik t\u00f6\u00f6 J\u00e4\u00e4aja Keskuses<\/a><\/li><li><a href=\"https:\/\/jaaaeg.ee\/wp-content\/uploads\/2018\/09\/lisa_5_hindamine.pdf\" target=\"_blank\" rel=\"noopener noreferrer\">Lisa 5 \u2013 Hindamine<\/a><\/li><\/ul><p><strong>Loovt\u00f6\u00f6 idee J\u00e4\u00e4aja Keskusest<\/strong><\/p><ul><li><a href=\"https:\/\/jaaaeg.ee\/wp-content\/uploads\/2018\/09\/juhend_toolehele_loovtoo_idee.pdf\" target=\"_blank\" rel=\"noopener noreferrer\">Juhend<\/a><\/li><li><a href=\"https:\/\/jaaaeg.ee\/wp-content\/uploads\/2018\/09\/loovtoo_teema_tooleht.pdf\" target=\"_blank\" rel=\"noopener noreferrer\">T\u00f6\u00f6leht<\/a><\/li><\/ul><p><strong>\u00d5pilasuurimuse v\u00f5i praktilise t\u00f6\u00f6 idee J\u00e4\u00e4aja Keskusest<\/strong><\/p><ul><li><a href=\"https:\/\/jaaaeg.ee\/wp-content\/uploads\/2018\/09\/juhend_toolehele_opilasuurimuse_voi_praktilise_too_idee.pdf\" target=\"_blank\" rel=\"noopener noreferrer\">Juhend<\/a><\/li><li><a href=\"https:\/\/jaaaeg.ee\/wp-content\/uploads\/2018\/09\/uurimuse_teema_tooleht.pdf\" target=\"_blank\" rel=\"noopener noreferrer\">T\u00f6\u00f6leht<\/a><\/li><\/ul><p>\u00d5ppematerjalide koostamist toetas SA Keskkonnainvesteeringute Keskus.<\/p><\/div><\/div><\/div><\/div><\/div><\/div><\/div><\/div>\n","protected":false},"excerpt":{"rendered":"Sellel lehek\u00fcljel saate tutvuda J\u00e4\u00e4aja Keskuse poolt kooli\u00f5pilastele pakutavate \u00f5ppeprogrammide juhendite ja t\u00f6\u00f6lehtedega.Programmide juhendeid ja t\u00f6\u00f6lehti v\u00f5ib v\u00e4lja tr\u00fckkida ning kasutada \u00f5ppet\u00f6\u00f6s v\u00e4ljaspool keskust.Kui tellite J\u00e4\u00e4aja Keskuselt \u00f5ppeprogrammi, on t\u00f6\u00f6lehed tasuta. Kui soovite neid ise keskuses kasutada, siis palume need teil endal v\u00e4lja tr\u00fckkida v\u00f5i saate neid keskuselt osta.Iseseisva programmi l\u00e4biviimisel keskuses palume kindlasti grupp&#8230; <a class=\"view-article\" href=\"https:\/\/jaaaeg.ee\/ru\/opetajale\/oppematerjalid\/\">\u041f\u0440\u043e\u0447\u0438\u0442\u0430\u0439\u0442\u0435 \u0431\u043e\u043b\u044c\u0448\u0435<\/a>","protected":false},"author":1,"featured_media":0,"parent":15,"menu_order":311,"comment_status":"closed","ping_status":"closed","template":"template-sidebar.php","meta":{"_acf_changed":false,"ngg_post_thumbnail":0,"footnotes":""},"class_list":["post-224","page","type-page","status-publish","hentry"],"acf":[],"yoast_head":"<!-- This site is optimized with the Yoast SEO plugin v27.3 - https:\/\/yoast.com\/product\/yoast-seo-wordpress\/ -->\n<title>\u00d5ppematerjalid - J\u00e4\u00e4aja Keskus<\/title>\n<meta name=\"robots\" content=\"index, follow, max-snippet:-1, max-image-preview:large, max-video-preview:-1\" \/>\n<link rel=\"canonical\" href=\"https:\/\/jaaaeg.ee\/opetajale\/oppematerjalid\/\" \/>\n<meta property=\"og:locale\" content=\"ru_RU\" \/>\n<meta property=\"og:type\" content=\"article\" \/>\n<meta property=\"og:title\" content=\"\u00d5ppematerjalid - J\u00e4\u00e4aja Keskus\" \/>\n<meta property=\"og:description\" content=\"Sellel lehek\u00fcljel saate tutvuda J\u00e4\u00e4aja Keskuse poolt kooli\u00f5pilastele pakutavate \u00f5ppeprogrammide juhendite ja t\u00f6\u00f6lehtedega.Programmide juhendeid ja t\u00f6\u00f6lehti v\u00f5ib v\u00e4lja tr\u00fckkida ning kasutada \u00f5ppet\u00f6\u00f6s v\u00e4ljaspool keskust.Kui tellite J\u00e4\u00e4aja Keskuselt \u00f5ppeprogrammi, on t\u00f6\u00f6lehed tasuta. Kui soovite neid ise keskuses kasutada, siis palume need teil endal v\u00e4lja tr\u00fckkida v\u00f5i saate neid keskuselt osta.Iseseisva programmi l\u00e4biviimisel keskuses palume kindlasti grupp... \u041f\u0440\u043e\u0447\u0438\u0442\u0430\u0439\u0442\u0435 \u0431\u043e\u043b\u044c\u0448\u0435\" \/>\n<meta property=\"og:url\" content=\"https:\/\/jaaaeg.ee\/opetajale\/oppematerjalid\/\" \/>\n<meta property=\"og:site_name\" content=\"J\u00e4\u00e4aja Keskus\" \/>\n<meta property=\"article:publisher\" content=\"https:\/\/www.facebook.com\/JaaajaKeskus\/\" \/>\n<meta property=\"article:modified_time\" content=\"2020-11-03T21:37:55+00:00\" \/>\n<meta name=\"twitter:card\" content=\"summary_large_image\" \/>\n<meta name=\"twitter:label1\" content=\"\u041f\u0440\u0438\u043c\u0435\u0440\u043d\u043e\u0435 \u0432\u0440\u0435\u043c\u044f \u0434\u043b\u044f \u0447\u0442\u0435\u043d\u0438\u044f\" \/>\n\t<meta name=\"twitter:data1\" content=\"1 \u043c\u0438\u043d\u0443\u0442\u0430\" \/>\n<script type=\"application\/ld+json\" class=\"yoast-schema-graph\">{\"@context\":\"https:\\\/\\\/schema.org\",\"@graph\":[{\"@type\":\"WebPage\",\"@id\":\"https:\\\/\\\/jaaaeg.ee\\\/opetajale\\\/oppematerjalid\\\/\",\"url\":\"https:\\\/\\\/jaaaeg.ee\\\/opetajale\\\/oppematerjalid\\\/\",\"name\":\"\u00d5ppematerjalid - J\u00e4\u00e4aja Keskus\",\"isPartOf\":{\"@id\":\"https:\\\/\\\/jaaaeg.ee\\\/ru\\\/#website\"},\"datePublished\":\"2018-09-11T12:13:19+00:00\",\"dateModified\":\"2020-11-03T21:37:55+00:00\",\"breadcrumb\":{\"@id\":\"https:\\\/\\\/jaaaeg.ee\\\/opetajale\\\/oppematerjalid\\\/#breadcrumb\"},\"inLanguage\":\"ru-RU\",\"potentialAction\":[{\"@type\":\"ReadAction\",\"target\":[\"https:\\\/\\\/jaaaeg.ee\\\/opetajale\\\/oppematerjalid\\\/\"]}]},{\"@type\":\"BreadcrumbList\",\"@id\":\"https:\\\/\\\/jaaaeg.ee\\\/opetajale\\\/oppematerjalid\\\/#breadcrumb\",\"itemListElement\":[{\"@type\":\"ListItem\",\"position\":1,\"name\":\"Home\",\"item\":\"https:\\\/\\\/jaaaeg.ee\\\/ru\\\/\"},{\"@type\":\"ListItem\",\"position\":2,\"name\":\"\u00d5petajale\",\"item\":\"https:\\\/\\\/jaaaeg.ee\\\/opetajale\\\/\"},{\"@type\":\"ListItem\",\"position\":3,\"name\":\"\u00d5ppematerjalid\"}]},{\"@type\":\"WebSite\",\"@id\":\"https:\\\/\\\/jaaaeg.ee\\\/ru\\\/#website\",\"url\":\"https:\\\/\\\/jaaaeg.ee\\\/ru\\\/\",\"name\":\"J\u00e4\u00e4aja Keskus\",\"description\":\"avastamisr\u00f5\u00f5m igas vanuses k\u00fclastajatele\",\"potentialAction\":[{\"@type\":\"SearchAction\",\"target\":{\"@type\":\"EntryPoint\",\"urlTemplate\":\"https:\\\/\\\/jaaaeg.ee\\\/ru\\\/?s={search_term_string}\"},\"query-input\":{\"@type\":\"PropertyValueSpecification\",\"valueRequired\":true,\"valueName\":\"search_term_string\"}}],\"inLanguage\":\"ru-RU\"}]}<\/script>\n<!-- \/ Yoast SEO plugin. -->","yoast_head_json":{"title":"\u00d5ppematerjalid - J\u00e4\u00e4aja Keskus","robots":{"index":"index","follow":"follow","max-snippet":"max-snippet:-1","max-image-preview":"max-image-preview:large","max-video-preview":"max-video-preview:-1"},"canonical":"https:\/\/jaaaeg.ee\/opetajale\/oppematerjalid\/","og_locale":"ru_RU","og_type":"article","og_title":"\u00d5ppematerjalid - J\u00e4\u00e4aja Keskus","og_description":"Sellel lehek\u00fcljel saate tutvuda J\u00e4\u00e4aja Keskuse poolt kooli\u00f5pilastele pakutavate \u00f5ppeprogrammide juhendite ja t\u00f6\u00f6lehtedega.Programmide juhendeid ja t\u00f6\u00f6lehti v\u00f5ib v\u00e4lja tr\u00fckkida ning kasutada \u00f5ppet\u00f6\u00f6s v\u00e4ljaspool keskust.Kui tellite J\u00e4\u00e4aja Keskuselt \u00f5ppeprogrammi, on t\u00f6\u00f6lehed tasuta. Kui soovite neid ise keskuses kasutada, siis palume need teil endal v\u00e4lja tr\u00fckkida v\u00f5i saate neid keskuselt osta.Iseseisva programmi l\u00e4biviimisel keskuses palume kindlasti grupp... \u041f\u0440\u043e\u0447\u0438\u0442\u0430\u0439\u0442\u0435 \u0431\u043e\u043b\u044c\u0448\u0435","og_url":"https:\/\/jaaaeg.ee\/opetajale\/oppematerjalid\/","og_site_name":"J\u00e4\u00e4aja Keskus","article_publisher":"https:\/\/www.facebook.com\/JaaajaKeskus\/","article_modified_time":"2020-11-03T21:37:55+00:00","twitter_card":"summary_large_image","twitter_misc":{"\u041f\u0440\u0438\u043c\u0435\u0440\u043d\u043e\u0435 \u0432\u0440\u0435\u043c\u044f \u0434\u043b\u044f \u0447\u0442\u0435\u043d\u0438\u044f":"1 \u043c\u0438\u043d\u0443\u0442\u0430"},"schema":{"@context":"https:\/\/schema.org","@graph":[{"@type":"WebPage","@id":"https:\/\/jaaaeg.ee\/opetajale\/oppematerjalid\/","url":"https:\/\/jaaaeg.ee\/opetajale\/oppematerjalid\/","name":"\u00d5ppematerjalid - J\u00e4\u00e4aja Keskus","isPartOf":{"@id":"https:\/\/jaaaeg.ee\/ru\/#website"},"datePublished":"2018-09-11T12:13:19+00:00","dateModified":"2020-11-03T21:37:55+00:00","breadcrumb":{"@id":"https:\/\/jaaaeg.ee\/opetajale\/oppematerjalid\/#breadcrumb"},"inLanguage":"ru-RU","potentialAction":[{"@type":"ReadAction","target":["https:\/\/jaaaeg.ee\/opetajale\/oppematerjalid\/"]}]},{"@type":"BreadcrumbList","@id":"https:\/\/jaaaeg.ee\/opetajale\/oppematerjalid\/#breadcrumb","itemListElement":[{"@type":"ListItem","position":1,"name":"Home","item":"https:\/\/jaaaeg.ee\/ru\/"},{"@type":"ListItem","position":2,"name":"\u00d5petajale","item":"https:\/\/jaaaeg.ee\/opetajale\/"},{"@type":"ListItem","position":3,"name":"\u00d5ppematerjalid"}]},{"@type":"WebSite","@id":"https:\/\/jaaaeg.ee\/ru\/#website","url":"https:\/\/jaaaeg.ee\/ru\/","name":"J\u00e4\u00e4aja Keskus","description":"avastamisr\u00f5\u00f5m igas vanuses k\u00fclastajatele","potentialAction":[{"@type":"SearchAction","target":{"@type":"EntryPoint","urlTemplate":"https:\/\/jaaaeg.ee\/ru\/?s={search_term_string}"},"query-input":{"@type":"PropertyValueSpecification","valueRequired":true,"valueName":"search_term_string"}}],"inLanguage":"ru-RU"}]}},"_links":{"self":[{"href":"https:\/\/jaaaeg.ee\/ru\/wp-json\/wp\/v2\/pages\/224","targetHints":{"allow":["GET"]}}],"collection":[{"href":"https:\/\/jaaaeg.ee\/ru\/wp-json\/wp\/v2\/pages"}],"about":[{"href":"https:\/\/jaaaeg.ee\/ru\/wp-json\/wp\/v2\/types\/page"}],"author":[{"embeddable":true,"href":"https:\/\/jaaaeg.ee\/ru\/wp-json\/wp\/v2\/users\/1"}],"replies":[{"embeddable":true,"href":"https:\/\/jaaaeg.ee\/ru\/wp-json\/wp\/v2\/comments?post=224"}],"version-history":[{"count":7,"href":"https:\/\/jaaaeg.ee\/ru\/wp-json\/wp\/v2\/pages\/224\/revisions"}],"predecessor-version":[{"id":18015,"href":"https:\/\/jaaaeg.ee\/ru\/wp-json\/wp\/v2\/pages\/224\/revisions\/18015"}],"up":[{"embeddable":true,"href":"https:\/\/jaaaeg.ee\/ru\/wp-json\/wp\/v2\/pages\/15"}],"wp:attachment":[{"href":"https:\/\/jaaaeg.ee\/ru\/wp-json\/wp\/v2\/media?parent=224"}],"curies":[{"name":"wp","href":"https:\/\/api.w.org\/{rel}","templated":true}]}}