{"id":218,"date":"2018-09-11T15:11:08","date_gmt":"2018-09-11T12:11:08","guid":{"rendered":"http:\/\/jaaaeg.ee\/?page_id=218"},"modified":"2020-11-03T23:37:43","modified_gmt":"2020-11-03T21:37:43","slug":"pohikoolile","status":"publish","type":"page","link":"https:\/\/jaaaeg.ee\/ru\/opetajale\/pohikoolile\/","title":{"rendered":"P\u00f5hikoolile"},"content":{"rendered":"<p><strong>Kooli esimestele klassidele<\/strong>&nbsp;m\u00f5eldud \u00f5ppeprogrammides keskendutakse <strong>m\u00e4ngulisele tegevusele<\/strong>, <strong>alates 4. klassist keskendutakse aktiiv\u00f5ppele<\/strong>, mille k\u00e4igus l\u00e4bitakse erinevaid teemasid: liustiku teke, maa arengulugu, j\u00e4\u00e4aja elustik ja inimese elutegevus, kliima muutumine, erinevad kliimaperioodid, juhtr\u00e4ndkivid, pinnavormid, kliimamuutused Eesti aladel ja looduses, organismide kohastumused, inimasustuse teke, pinnavormid, \u00fcmbritsev keskkond, Euroopa \u00fcks esinduslikumaid voorestikke ja positsioneerimine.<\/p>\n<div class=\"woocommerce columns-4 \"><ul class=\"products columns-4\">\n<li class=\"product type-product post-25081 status-publish first instock product_cat-gymna-ru product_cat-pohikoolile-ru has-post-thumbnail shipping-taxable product-type-simple\">\n\t<a href=\"https:\/\/jaaaeg.ee\/ru\/oppeprogramm\/pohikoolile-ru\/aeg-parast-jaaaega\/\" class=\"woocommerce-LoopProduct-link woocommerce-loop-product__link\"><img loading=\"lazy\" decoding=\"async\" width=\"300\" height=\"300\" src=\"https:\/\/jaaaeg.ee\/wp-content\/uploads\/2022\/08\/JK_porandamang_Beljaev-300x300.jpg\" class=\"attachment-woocommerce_thumbnail size-woocommerce_thumbnail\" alt=\"JK porandamang Beljaev\" srcset=\"https:\/\/jaaaeg.ee\/wp-content\/uploads\/2022\/08\/JK_porandamang_Beljaev-300x300.jpg 300w, https:\/\/jaaaeg.ee\/wp-content\/uploads\/2022\/08\/JK_porandamang_Beljaev-150x150.jpg 150w, https:\/\/jaaaeg.ee\/wp-content\/uploads\/2022\/08\/JK_porandamang_Beljaev-100x100.jpg 100w\" sizes=\"auto, (max-width: 300px) 100vw, 300px\" \/><h2 class=\"woocommerce-loop-product__title\">Aeg p\u00e4rast j\u00e4\u00e4aega<\/h2>\n<\/a><a href=\"https:\/\/jaaaeg.ee\/ru\/oppeprogramm\/pohikoolile-ru\/aeg-parast-jaaaega\/\" aria-describedby=\"woocommerce_loop_add_to_cart_link_describedby_25081\" data-quantity=\"1\" class=\"button product_type_simple\" data-product_id=\"25081\" data-product_sku=\"\" aria-label=\"\u041f\u0440\u043e\u0447\u0438\u0442\u0430\u0439\u0442\u0435 \u0431\u043e\u043b\u044c\u0448\u0435 \u043e &laquo;Aeg p\u00e4rast j\u00e4\u00e4aega&raquo;\" rel=\"nofollow\" data-success_message=\"\">\u041f\u043e\u0434\u0440\u043e\u0431\u043d\u0435\u0435<\/a>\t<span id=\"woocommerce_loop_add_to_cart_link_describedby_25081\" class=\"screen-reader-text\">\n\t\t\t<\/span>\n<\/li>\n<li class=\"product type-product post-26658 status-publish instock product_cat-gymna-ru product_cat-pohikoolile-ru has-post-thumbnail shipping-taxable product-type-simple\">\n\t<a href=\"https:\/\/jaaaeg.ee\/ru\/oppeprogramm\/pohikoolile-ru\/energia-kaks-poolt\/\" class=\"woocommerce-LoopProduct-link woocommerce-loop-product__link\"><img loading=\"lazy\" decoding=\"async\" width=\"300\" height=\"300\" src=\"https:\/\/jaaaeg.ee\/wp-content\/uploads\/2024\/03\/Ekspo-300x300.jpg\" class=\"attachment-woocommerce_thumbnail size-woocommerce_thumbnail\" alt=\"Energia kaks poolt\" srcset=\"https:\/\/jaaaeg.ee\/wp-content\/uploads\/2024\/03\/Ekspo-300x300.jpg 300w, https:\/\/jaaaeg.ee\/wp-content\/uploads\/2024\/03\/Ekspo-150x150.jpg 150w, https:\/\/jaaaeg.ee\/wp-content\/uploads\/2024\/03\/Ekspo-100x100.jpg 100w\" sizes=\"auto, (max-width: 300px) 100vw, 300px\" \/><h2 class=\"woocommerce-loop-product__title\">Energia kaks poolt<\/h2>\n<\/a><a href=\"https:\/\/jaaaeg.ee\/ru\/oppeprogramm\/pohikoolile-ru\/energia-kaks-poolt\/\" aria-describedby=\"woocommerce_loop_add_to_cart_link_describedby_26658\" data-quantity=\"1\" class=\"button product_type_simple\" data-product_id=\"26658\" data-product_sku=\"\" aria-label=\"\u041f\u0440\u043e\u0447\u0438\u0442\u0430\u0439\u0442\u0435 \u0431\u043e\u043b\u044c\u0448\u0435 \u043e &laquo;Energia kaks poolt&raquo;\" rel=\"nofollow\" data-success_message=\"\">\u041f\u043e\u0434\u0440\u043e\u0431\u043d\u0435\u0435<\/a>\t<span id=\"woocommerce_loop_add_to_cart_link_describedby_26658\" class=\"screen-reader-text\">\n\t\t\t<\/span>\n<\/li>\n<li class=\"product type-product post-26570 status-publish instock product_cat-gymna-ru product_cat-pohikoolile-ru has-post-thumbnail shipping-taxable product-type-simple\">\n\t<a href=\"https:\/\/jaaaeg.ee\/ru\/oppeprogramm\/pohikoolile-ru\/energiakriis-minu-linnas\/\" class=\"woocommerce-LoopProduct-link woocommerce-loop-product__link\"><img loading=\"lazy\" decoding=\"async\" width=\"300\" height=\"300\" src=\"https:\/\/jaaaeg.ee\/wp-content\/uploads\/2024\/03\/Energia-kaks-poolt-1-300x300.jpeg\" class=\"attachment-woocommerce_thumbnail size-woocommerce_thumbnail\" alt=\"Energiakriis minu linnas \" srcset=\"https:\/\/jaaaeg.ee\/wp-content\/uploads\/2024\/03\/Energia-kaks-poolt-1-300x300.jpeg 300w, https:\/\/jaaaeg.ee\/wp-content\/uploads\/2024\/03\/Energia-kaks-poolt-1-150x150.jpeg 150w, https:\/\/jaaaeg.ee\/wp-content\/uploads\/2024\/03\/Energia-kaks-poolt-1-100x100.jpeg 100w\" sizes=\"auto, (max-width: 300px) 100vw, 300px\" \/><h2 class=\"woocommerce-loop-product__title\">Energiakriis minu linnas<\/h2>\n<\/a><a href=\"https:\/\/jaaaeg.ee\/ru\/oppeprogramm\/pohikoolile-ru\/energiakriis-minu-linnas\/\" aria-describedby=\"woocommerce_loop_add_to_cart_link_describedby_26570\" data-quantity=\"1\" class=\"button product_type_simple\" data-product_id=\"26570\" data-product_sku=\"\" aria-label=\"\u041f\u0440\u043e\u0447\u0438\u0442\u0430\u0439\u0442\u0435 \u0431\u043e\u043b\u044c\u0448\u0435 \u043e &laquo;Energiakriis minu linnas&raquo;\" rel=\"nofollow\" data-success_message=\"\">\u041f\u043e\u0434\u0440\u043e\u0431\u043d\u0435\u0435<\/a>\t<span id=\"woocommerce_loop_add_to_cart_link_describedby_26570\" class=\"screen-reader-text\">\n\t\t\t<\/span>\n<\/li>\n<li class=\"product type-product post-26481 status-publish last instock product_cat-pohikoolile-ru has-post-thumbnail downloadable virtual product-type-simple\">\n\t<a href=\"https:\/\/jaaaeg.ee\/ru\/oppeprogramm\/pohikoolile-ru\/kas-tunned-vooremaad\/\" class=\"woocommerce-LoopProduct-link woocommerce-loop-product__link\"><img loading=\"lazy\" decoding=\"async\" width=\"300\" height=\"300\" src=\"https:\/\/jaaaeg.ee\/wp-content\/uploads\/2018\/09\/OP_kas-tunned-vooremaad-300x300.jpg\" class=\"attachment-woocommerce_thumbnail size-woocommerce_thumbnail\" alt=\"OP kas tunned vooremaad\" srcset=\"https:\/\/jaaaeg.ee\/wp-content\/uploads\/2018\/09\/OP_kas-tunned-vooremaad-300x300.jpg 300w, https:\/\/jaaaeg.ee\/wp-content\/uploads\/2018\/09\/OP_kas-tunned-vooremaad-150x150.jpg 150w, https:\/\/jaaaeg.ee\/wp-content\/uploads\/2018\/09\/OP_kas-tunned-vooremaad-100x100.jpg 100w\" sizes=\"auto, (max-width: 300px) 100vw, 300px\" \/><h2 class=\"woocommerce-loop-product__title\">Kas tunned Vooremaad?<\/h2>\n<\/a><a href=\"https:\/\/jaaaeg.ee\/ru\/oppeprogramm\/pohikoolile-ru\/kas-tunned-vooremaad\/\" aria-describedby=\"woocommerce_loop_add_to_cart_link_describedby_26481\" data-quantity=\"1\" class=\"button product_type_simple\" data-product_id=\"26481\" data-product_sku=\"\" aria-label=\"\u041f\u0440\u043e\u0447\u0438\u0442\u0430\u0439\u0442\u0435 \u0431\u043e\u043b\u044c\u0448\u0435 \u043e &laquo;Kas tunned Vooremaad?&raquo;\" rel=\"nofollow\" data-success_message=\"\">\u041f\u043e\u0434\u0440\u043e\u0431\u043d\u0435\u0435<\/a>\t<span id=\"woocommerce_loop_add_to_cart_link_describedby_26481\" class=\"screen-reader-text\">\n\t\t\t<\/span>\n<\/li>\n<li class=\"product type-product post-26707 status-publish first instock product_cat-pohikoolile-ru has-post-thumbnail downloadable virtual product-type-simple\">\n\t<a href=\"https:\/\/jaaaeg.ee\/ru\/oppeprogramm\/pohikoolile-ru\/eestimaa-looduse-lugu-jaaajajargne-elustiku-areng\/\" class=\"woocommerce-LoopProduct-link woocommerce-loop-product__link\"><img loading=\"lazy\" decoding=\"async\" width=\"300\" height=\"300\" src=\"https:\/\/jaaaeg.ee\/wp-content\/uploads\/2018\/09\/OP_eestimaa-looduse-lugu-300x300.jpg\" class=\"attachment-woocommerce_thumbnail size-woocommerce_thumbnail\" alt=\"OP eestimaa looduse lugu\" srcset=\"https:\/\/jaaaeg.ee\/wp-content\/uploads\/2018\/09\/OP_eestimaa-looduse-lugu-300x300.jpg 300w, https:\/\/jaaaeg.ee\/wp-content\/uploads\/2018\/09\/OP_eestimaa-looduse-lugu-150x150.jpg 150w, https:\/\/jaaaeg.ee\/wp-content\/uploads\/2018\/09\/OP_eestimaa-looduse-lugu-100x100.jpg 100w\" sizes=\"auto, (max-width: 300px) 100vw, 300px\" \/><h2 class=\"woocommerce-loop-product__title\">Eestimaa looduse lugu &#8211; j\u00e4\u00e4ajaj\u00e4rgne elustiku areng<\/h2>\n<\/a><a href=\"https:\/\/jaaaeg.ee\/ru\/oppeprogramm\/pohikoolile-ru\/eestimaa-looduse-lugu-jaaajajargne-elustiku-areng\/\" aria-describedby=\"woocommerce_loop_add_to_cart_link_describedby_26707\" data-quantity=\"1\" class=\"button product_type_simple\" data-product_id=\"26707\" data-product_sku=\"\" aria-label=\"\u041f\u0440\u043e\u0447\u0438\u0442\u0430\u0439\u0442\u0435 \u0431\u043e\u043b\u044c\u0448\u0435 \u043e &laquo;Eestimaa looduse lugu - j\u00e4\u00e4ajaj\u00e4rgne elustiku areng&raquo;\" rel=\"nofollow\" data-success_message=\"\">\u041f\u043e\u0434\u0440\u043e\u0431\u043d\u0435\u0435<\/a>\t<span id=\"woocommerce_loop_add_to_cart_link_describedby_26707\" class=\"screen-reader-text\">\n\t\t\t<\/span>\n<\/li>\n<li class=\"product type-product post-26715 status-publish instock product_cat-pohikoolile-ru has-post-thumbnail downloadable virtual product-type-simple\">\n\t<a href=\"https:\/\/jaaaeg.ee\/ru\/oppeprogramm\/pohikoolile-ru\/jaaaeg-maa-arengu-lahutamatu-osa-2\/\" class=\"woocommerce-LoopProduct-link woocommerce-loop-product__link\"><img loading=\"lazy\" decoding=\"async\" width=\"300\" height=\"300\" src=\"https:\/\/jaaaeg.ee\/wp-content\/uploads\/2018\/09\/OP_jaaaeg-maa-lahutamatu-osa-300x300.jpg\" class=\"attachment-woocommerce_thumbnail size-woocommerce_thumbnail\" alt=\"OP jaaaeg maa lahutamatu osa\" srcset=\"https:\/\/jaaaeg.ee\/wp-content\/uploads\/2018\/09\/OP_jaaaeg-maa-lahutamatu-osa-300x300.jpg 300w, https:\/\/jaaaeg.ee\/wp-content\/uploads\/2018\/09\/OP_jaaaeg-maa-lahutamatu-osa-150x150.jpg 150w, https:\/\/jaaaeg.ee\/wp-content\/uploads\/2018\/09\/OP_jaaaeg-maa-lahutamatu-osa-100x100.jpg 100w\" sizes=\"auto, (max-width: 300px) 100vw, 300px\" \/><h2 class=\"woocommerce-loop-product__title\">J\u00e4\u00e4aeg &#8211; Maa arengu lahutamatu osa<\/h2>\n<\/a><a href=\"https:\/\/jaaaeg.ee\/ru\/oppeprogramm\/pohikoolile-ru\/jaaaeg-maa-arengu-lahutamatu-osa-2\/\" aria-describedby=\"woocommerce_loop_add_to_cart_link_describedby_26715\" data-quantity=\"1\" class=\"button product_type_simple\" data-product_id=\"26715\" data-product_sku=\"\" aria-label=\"\u041f\u0440\u043e\u0447\u0438\u0442\u0430\u0439\u0442\u0435 \u0431\u043e\u043b\u044c\u0448\u0435 \u043e &laquo;J\u00e4\u00e4aeg - Maa arengu lahutamatu osa&raquo;\" rel=\"nofollow\" data-success_message=\"\">\u041f\u043e\u0434\u0440\u043e\u0431\u043d\u0435\u0435<\/a>\t<span id=\"woocommerce_loop_add_to_cart_link_describedby_26715\" class=\"screen-reader-text\">\n\t\t\t<\/span>\n<\/li>\n<li class=\"product type-product post-25072 status-publish instock product_cat-alg-ru product_cat-gymna-ru product_cat-pohikoolile-ru has-post-thumbnail virtual product-type-simple\">\n\t<a href=\"https:\/\/jaaaeg.ee\/ru\/oppeprogramm\/alg-ru\/jarv-elukeskkonnana-parv\/\" class=\"woocommerce-LoopProduct-link woocommerce-loop-product__link\"><img loading=\"lazy\" decoding=\"async\" width=\"300\" height=\"300\" src=\"https:\/\/jaaaeg.ee\/wp-content\/uploads\/2018\/10\/Jarv-elukeskkonnana-1-300x300.png\" class=\"attachment-woocommerce_thumbnail size-woocommerce_thumbnail\" alt=\"J\u00e4rv elukeskkonnana: uuringud parvelt\" srcset=\"https:\/\/jaaaeg.ee\/wp-content\/uploads\/2018\/10\/Jarv-elukeskkonnana-1-300x300.png 300w, https:\/\/jaaaeg.ee\/wp-content\/uploads\/2018\/10\/Jarv-elukeskkonnana-1-150x150.png 150w, https:\/\/jaaaeg.ee\/wp-content\/uploads\/2018\/10\/Jarv-elukeskkonnana-1-100x100.png 100w\" sizes=\"auto, (max-width: 300px) 100vw, 300px\" \/><h2 class=\"woocommerce-loop-product__title\">J\u00e4rv elukeskkonnana: uuringud parvelt<\/h2>\n<\/a><a href=\"https:\/\/jaaaeg.ee\/ru\/oppeprogramm\/alg-ru\/jarv-elukeskkonnana-parv\/\" aria-describedby=\"woocommerce_loop_add_to_cart_link_describedby_25072\" data-quantity=\"1\" class=\"button product_type_simple\" data-product_id=\"25072\" data-product_sku=\"\" aria-label=\"\u041f\u0440\u043e\u0447\u0438\u0442\u0430\u0439\u0442\u0435 \u0431\u043e\u043b\u044c\u0448\u0435 \u043e &laquo;J\u00e4rv elukeskkonnana: uuringud parvelt&raquo;\" rel=\"nofollow\" data-success_message=\"\">\u041f\u043e\u0434\u0440\u043e\u0431\u043d\u0435\u0435<\/a>\t<span id=\"woocommerce_loop_add_to_cart_link_describedby_25072\" class=\"screen-reader-text\">\n\t\t\t<\/span>\n<\/li>\n<li class=\"product type-product post-27718 status-publish last instock product_cat-gymna-ru product_cat-pohikoolile-ru has-post-thumbnail virtual product-type-simple\">\n\t<a href=\"https:\/\/jaaaeg.ee\/ru\/oppeprogramm\/pohikoolile-ru\/jarv-selgrootud\/\" class=\"woocommerce-LoopProduct-link woocommerce-loop-product__link\"><img loading=\"lazy\" decoding=\"async\" width=\"300\" height=\"300\" src=\"https:\/\/jaaaeg.ee\/wp-content\/uploads\/2018\/09\/J\u00e4rv-elukeskkonnana-4-12-kl-300x300.jpg\" class=\"attachment-woocommerce_thumbnail size-woocommerce_thumbnail\" alt=\"J\u00e4rv elukeskkonnana 4 12 kl\" srcset=\"https:\/\/jaaaeg.ee\/wp-content\/uploads\/2018\/09\/J\u00e4rv-elukeskkonnana-4-12-kl-300x300.jpg 300w, https:\/\/jaaaeg.ee\/wp-content\/uploads\/2018\/09\/J\u00e4rv-elukeskkonnana-4-12-kl-100x100.jpg 100w, https:\/\/jaaaeg.ee\/wp-content\/uploads\/2018\/09\/J\u00e4rv-elukeskkonnana-4-12-kl-150x150.jpg 150w\" sizes=\"auto, (max-width: 300px) 100vw, 300px\" \/><h2 class=\"woocommerce-loop-product__title\">J\u00e4rv elukeskkonnana: veeselgrootud<\/h2>\n<\/a><a href=\"https:\/\/jaaaeg.ee\/ru\/oppeprogramm\/pohikoolile-ru\/jarv-selgrootud\/\" aria-describedby=\"woocommerce_loop_add_to_cart_link_describedby_27718\" data-quantity=\"1\" class=\"button product_type_simple\" data-product_id=\"27718\" data-product_sku=\"\" aria-label=\"\u041f\u0440\u043e\u0447\u0438\u0442\u0430\u0439\u0442\u0435 \u0431\u043e\u043b\u044c\u0448\u0435 \u043e &laquo;J\u00e4rv elukeskkonnana: veeselgrootud&raquo;\" rel=\"nofollow\" data-success_message=\"\">\u041f\u043e\u0434\u0440\u043e\u0431\u043d\u0435\u0435<\/a>\t<span id=\"woocommerce_loop_add_to_cart_link_describedby_27718\" class=\"screen-reader-text\">\n\t\t\t<\/span>\n<\/li>\n<li class=\"product type-product post-27698 status-publish first instock product_cat-pohikoolile-ru has-post-thumbnail downloadable virtual product-type-simple\">\n\t<a href=\"https:\/\/jaaaeg.ee\/ru\/oppeprogramm\/pohikoolile-ru\/liustike-parandus-eestimaa-pinnal\/\" class=\"woocommerce-LoopProduct-link woocommerce-loop-product__link\"><img loading=\"lazy\" decoding=\"async\" width=\"300\" height=\"300\" src=\"https:\/\/jaaaeg.ee\/wp-content\/uploads\/2018\/09\/oppeprogrammide-vaheleht_randkivide-varviline-maailm-300x300.jpg\" class=\"attachment-woocommerce_thumbnail size-woocommerce_thumbnail\" alt=\"oppeprogrammide vaheleht randkivide varviline maailm\" srcset=\"https:\/\/jaaaeg.ee\/wp-content\/uploads\/2018\/09\/oppeprogrammide-vaheleht_randkivide-varviline-maailm-300x300.jpg 300w, https:\/\/jaaaeg.ee\/wp-content\/uploads\/2018\/09\/oppeprogrammide-vaheleht_randkivide-varviline-maailm-150x150.jpg 150w, https:\/\/jaaaeg.ee\/wp-content\/uploads\/2018\/09\/oppeprogrammide-vaheleht_randkivide-varviline-maailm-100x100.jpg 100w\" sizes=\"auto, (max-width: 300px) 100vw, 300px\" \/><h2 class=\"woocommerce-loop-product__title\">Liustike p\u00e4randus Eestimaa pinnal<\/h2>\n<\/a><a href=\"https:\/\/jaaaeg.ee\/ru\/oppeprogramm\/pohikoolile-ru\/liustike-parandus-eestimaa-pinnal\/\" aria-describedby=\"woocommerce_loop_add_to_cart_link_describedby_27698\" data-quantity=\"1\" class=\"button product_type_simple\" data-product_id=\"27698\" data-product_sku=\"\" aria-label=\"\u041f\u0440\u043e\u0447\u0438\u0442\u0430\u0439\u0442\u0435 \u0431\u043e\u043b\u044c\u0448\u0435 \u043e &laquo;Liustike p\u00e4randus Eestimaa pinnal&raquo;\" rel=\"nofollow\" data-success_message=\"\">\u041f\u043e\u0434\u0440\u043e\u0431\u043d\u0435\u0435<\/a>\t<span id=\"woocommerce_loop_add_to_cart_link_describedby_27698\" class=\"screen-reader-text\">\n\t\t\t<\/span>\n<\/li>\n<\/ul>\n<\/div>\n","protected":false},"excerpt":{"rendered":"Kooli esimestele klassidele&nbsp;m\u00f5eldud \u00f5ppeprogrammides keskendutakse m\u00e4ngulisele tegevusele, alates 4. klassist keskendutakse aktiiv\u00f5ppele, mille k\u00e4igus l\u00e4bitakse erinevaid teemasid: liustiku teke, maa arengulugu, j\u00e4\u00e4aja elustik ja inimese elutegevus, kliima muutumine, erinevad kliimaperioodid, juhtr\u00e4ndkivid, pinnavormid, kliimamuutused Eesti aladel ja looduses, organismide kohastumused, inimasustuse teke, pinnavormid, \u00fcmbritsev keskkond, Euroopa \u00fcks esinduslikumaid voorestikke ja positsioneerimine.","protected":false},"author":1,"featured_media":559,"parent":15,"menu_order":305,"comment_status":"closed","ping_status":"closed","template":"template-sidebar.php","meta":{"_acf_changed":false,"ngg_post_thumbnail":0,"footnotes":""},"class_list":["post-218","page","type-page","status-publish","has-post-thumbnail","hentry"],"acf":[],"yoast_head":"<!-- This site is optimized with the Yoast SEO plugin v27.3 - https:\/\/yoast.com\/product\/yoast-seo-wordpress\/ -->\n<title>P\u00f5hikoolile - J\u00e4\u00e4aja Keskus<\/title>\n<meta name=\"robots\" content=\"index, follow, max-snippet:-1, max-image-preview:large, max-video-preview:-1\" \/>\n<link rel=\"canonical\" href=\"https:\/\/jaaaeg.ee\/opetajale\/pohikoolile\/\" \/>\n<meta property=\"og:locale\" content=\"ru_RU\" \/>\n<meta property=\"og:type\" content=\"article\" \/>\n<meta property=\"og:title\" content=\"P\u00f5hikoolile - J\u00e4\u00e4aja Keskus\" \/>\n<meta property=\"og:description\" content=\"Kooli esimestele klassidele&nbsp;m\u00f5eldud \u00f5ppeprogrammides keskendutakse m\u00e4ngulisele tegevusele, alates 4. klassist keskendutakse aktiiv\u00f5ppele, mille k\u00e4igus l\u00e4bitakse erinevaid teemasid: liustiku teke, maa arengulugu, j\u00e4\u00e4aja elustik ja inimese elutegevus, kliima muutumine, erinevad kliimaperioodid, juhtr\u00e4ndkivid, pinnavormid, kliimamuutused Eesti aladel ja looduses, organismide kohastumused, inimasustuse teke, pinnavormid, \u00fcmbritsev keskkond, Euroopa \u00fcks esinduslikumaid voorestikke ja positsioneerimine.\" \/>\n<meta property=\"og:url\" content=\"https:\/\/jaaaeg.ee\/opetajale\/pohikoolile\/\" \/>\n<meta property=\"og:site_name\" content=\"J\u00e4\u00e4aja Keskus\" \/>\n<meta property=\"article:publisher\" content=\"https:\/\/www.facebook.com\/JaaajaKeskus\/\" \/>\n<meta property=\"article:modified_time\" content=\"2020-11-03T21:37:43+00:00\" \/>\n<meta property=\"og:image\" content=\"https:\/\/jaaaeg.ee\/wp-content\/uploads\/2018\/09\/lapsed_ra\u0308ndkivid-500x300.jpg\" \/>\n\t<meta property=\"og:image:width\" content=\"500\" \/>\n\t<meta property=\"og:image:height\" content=\"300\" \/>\n\t<meta property=\"og:image:type\" content=\"image\/jpeg\" \/>\n<meta name=\"twitter:card\" content=\"summary_large_image\" \/>\n<script type=\"application\/ld+json\" class=\"yoast-schema-graph\">{\"@context\":\"https:\\\/\\\/schema.org\",\"@graph\":[{\"@type\":\"WebPage\",\"@id\":\"https:\\\/\\\/jaaaeg.ee\\\/opetajale\\\/pohikoolile\\\/\",\"url\":\"https:\\\/\\\/jaaaeg.ee\\\/opetajale\\\/pohikoolile\\\/\",\"name\":\"P\u00f5hikoolile - J\u00e4\u00e4aja Keskus\",\"isPartOf\":{\"@id\":\"https:\\\/\\\/jaaaeg.ee\\\/ru\\\/#website\"},\"primaryImageOfPage\":{\"@id\":\"https:\\\/\\\/jaaaeg.ee\\\/opetajale\\\/pohikoolile\\\/#primaryimage\"},\"image\":{\"@id\":\"https:\\\/\\\/jaaaeg.ee\\\/opetajale\\\/pohikoolile\\\/#primaryimage\"},\"thumbnailUrl\":\"https:\\\/\\\/jaaaeg.ee\\\/wp-content\\\/uploads\\\/2018\\\/09\\\/lapsed_ra\u0308ndkivid-500x300.jpg\",\"datePublished\":\"2018-09-11T12:11:08+00:00\",\"dateModified\":\"2020-11-03T21:37:43+00:00\",\"breadcrumb\":{\"@id\":\"https:\\\/\\\/jaaaeg.ee\\\/opetajale\\\/pohikoolile\\\/#breadcrumb\"},\"inLanguage\":\"ru-RU\",\"potentialAction\":[{\"@type\":\"ReadAction\",\"target\":[\"https:\\\/\\\/jaaaeg.ee\\\/opetajale\\\/pohikoolile\\\/\"]}]},{\"@type\":\"ImageObject\",\"inLanguage\":\"ru-RU\",\"@id\":\"https:\\\/\\\/jaaaeg.ee\\\/opetajale\\\/pohikoolile\\\/#primaryimage\",\"url\":\"https:\\\/\\\/jaaaeg.ee\\\/wp-content\\\/uploads\\\/2018\\\/09\\\/lapsed_ra\u0308ndkivid-500x300.jpg\",\"contentUrl\":\"https:\\\/\\\/jaaaeg.ee\\\/wp-content\\\/uploads\\\/2018\\\/09\\\/lapsed_ra\u0308ndkivid-500x300.jpg\",\"width\":500,\"height\":300,\"caption\":\"lapsed ra\u0308ndkivid 500x300\"},{\"@type\":\"BreadcrumbList\",\"@id\":\"https:\\\/\\\/jaaaeg.ee\\\/opetajale\\\/pohikoolile\\\/#breadcrumb\",\"itemListElement\":[{\"@type\":\"ListItem\",\"position\":1,\"name\":\"Home\",\"item\":\"https:\\\/\\\/jaaaeg.ee\\\/ru\\\/\"},{\"@type\":\"ListItem\",\"position\":2,\"name\":\"\u00d5petajale\",\"item\":\"https:\\\/\\\/jaaaeg.ee\\\/opetajale\\\/\"},{\"@type\":\"ListItem\",\"position\":3,\"name\":\"P\u00f5hikoolile\"}]},{\"@type\":\"WebSite\",\"@id\":\"https:\\\/\\\/jaaaeg.ee\\\/ru\\\/#website\",\"url\":\"https:\\\/\\\/jaaaeg.ee\\\/ru\\\/\",\"name\":\"J\u00e4\u00e4aja Keskus\",\"description\":\"avastamisr\u00f5\u00f5m igas vanuses k\u00fclastajatele\",\"potentialAction\":[{\"@type\":\"SearchAction\",\"target\":{\"@type\":\"EntryPoint\",\"urlTemplate\":\"https:\\\/\\\/jaaaeg.ee\\\/ru\\\/?s={search_term_string}\"},\"query-input\":{\"@type\":\"PropertyValueSpecification\",\"valueRequired\":true,\"valueName\":\"search_term_string\"}}],\"inLanguage\":\"ru-RU\"}]}<\/script>\n<!-- \/ Yoast SEO plugin. -->","yoast_head_json":{"title":"P\u00f5hikoolile - J\u00e4\u00e4aja Keskus","robots":{"index":"index","follow":"follow","max-snippet":"max-snippet:-1","max-image-preview":"max-image-preview:large","max-video-preview":"max-video-preview:-1"},"canonical":"https:\/\/jaaaeg.ee\/opetajale\/pohikoolile\/","og_locale":"ru_RU","og_type":"article","og_title":"P\u00f5hikoolile - J\u00e4\u00e4aja Keskus","og_description":"Kooli esimestele klassidele&nbsp;m\u00f5eldud \u00f5ppeprogrammides keskendutakse m\u00e4ngulisele tegevusele, alates 4. klassist keskendutakse aktiiv\u00f5ppele, mille k\u00e4igus l\u00e4bitakse erinevaid teemasid: liustiku teke, maa arengulugu, j\u00e4\u00e4aja elustik ja inimese elutegevus, kliima muutumine, erinevad kliimaperioodid, juhtr\u00e4ndkivid, pinnavormid, kliimamuutused Eesti aladel ja looduses, organismide kohastumused, inimasustuse teke, pinnavormid, \u00fcmbritsev keskkond, Euroopa \u00fcks esinduslikumaid voorestikke ja positsioneerimine.","og_url":"https:\/\/jaaaeg.ee\/opetajale\/pohikoolile\/","og_site_name":"J\u00e4\u00e4aja Keskus","article_publisher":"https:\/\/www.facebook.com\/JaaajaKeskus\/","article_modified_time":"2020-11-03T21:37:43+00:00","og_image":[{"width":500,"height":300,"url":"https:\/\/jaaaeg.ee\/wp-content\/uploads\/2018\/09\/lapsed_ra\u0308ndkivid-500x300.jpg","type":"image\/jpeg"}],"twitter_card":"summary_large_image","schema":{"@context":"https:\/\/schema.org","@graph":[{"@type":"WebPage","@id":"https:\/\/jaaaeg.ee\/opetajale\/pohikoolile\/","url":"https:\/\/jaaaeg.ee\/opetajale\/pohikoolile\/","name":"P\u00f5hikoolile - J\u00e4\u00e4aja Keskus","isPartOf":{"@id":"https:\/\/jaaaeg.ee\/ru\/#website"},"primaryImageOfPage":{"@id":"https:\/\/jaaaeg.ee\/opetajale\/pohikoolile\/#primaryimage"},"image":{"@id":"https:\/\/jaaaeg.ee\/opetajale\/pohikoolile\/#primaryimage"},"thumbnailUrl":"https:\/\/jaaaeg.ee\/wp-content\/uploads\/2018\/09\/lapsed_ra\u0308ndkivid-500x300.jpg","datePublished":"2018-09-11T12:11:08+00:00","dateModified":"2020-11-03T21:37:43+00:00","breadcrumb":{"@id":"https:\/\/jaaaeg.ee\/opetajale\/pohikoolile\/#breadcrumb"},"inLanguage":"ru-RU","potentialAction":[{"@type":"ReadAction","target":["https:\/\/jaaaeg.ee\/opetajale\/pohikoolile\/"]}]},{"@type":"ImageObject","inLanguage":"ru-RU","@id":"https:\/\/jaaaeg.ee\/opetajale\/pohikoolile\/#primaryimage","url":"https:\/\/jaaaeg.ee\/wp-content\/uploads\/2018\/09\/lapsed_ra\u0308ndkivid-500x300.jpg","contentUrl":"https:\/\/jaaaeg.ee\/wp-content\/uploads\/2018\/09\/lapsed_ra\u0308ndkivid-500x300.jpg","width":500,"height":300,"caption":"lapsed ra\u0308ndkivid 500x300"},{"@type":"BreadcrumbList","@id":"https:\/\/jaaaeg.ee\/opetajale\/pohikoolile\/#breadcrumb","itemListElement":[{"@type":"ListItem","position":1,"name":"Home","item":"https:\/\/jaaaeg.ee\/ru\/"},{"@type":"ListItem","position":2,"name":"\u00d5petajale","item":"https:\/\/jaaaeg.ee\/opetajale\/"},{"@type":"ListItem","position":3,"name":"P\u00f5hikoolile"}]},{"@type":"WebSite","@id":"https:\/\/jaaaeg.ee\/ru\/#website","url":"https:\/\/jaaaeg.ee\/ru\/","name":"J\u00e4\u00e4aja Keskus","description":"avastamisr\u00f5\u00f5m igas vanuses k\u00fclastajatele","potentialAction":[{"@type":"SearchAction","target":{"@type":"EntryPoint","urlTemplate":"https:\/\/jaaaeg.ee\/ru\/?s={search_term_string}"},"query-input":{"@type":"PropertyValueSpecification","valueRequired":true,"valueName":"search_term_string"}}],"inLanguage":"ru-RU"}]}},"_links":{"self":[{"href":"https:\/\/jaaaeg.ee\/ru\/wp-json\/wp\/v2\/pages\/218","targetHints":{"allow":["GET"]}}],"collection":[{"href":"https:\/\/jaaaeg.ee\/ru\/wp-json\/wp\/v2\/pages"}],"about":[{"href":"https:\/\/jaaaeg.ee\/ru\/wp-json\/wp\/v2\/types\/page"}],"author":[{"embeddable":true,"href":"https:\/\/jaaaeg.ee\/ru\/wp-json\/wp\/v2\/users\/1"}],"replies":[{"embeddable":true,"href":"https:\/\/jaaaeg.ee\/ru\/wp-json\/wp\/v2\/comments?post=218"}],"version-history":[{"count":5,"href":"https:\/\/jaaaeg.ee\/ru\/wp-json\/wp\/v2\/pages\/218\/revisions"}],"predecessor-version":[{"id":18138,"href":"https:\/\/jaaaeg.ee\/ru\/wp-json\/wp\/v2\/pages\/218\/revisions\/18138"}],"up":[{"embeddable":true,"href":"https:\/\/jaaaeg.ee\/ru\/wp-json\/wp\/v2\/pages\/15"}],"wp:featuredmedia":[{"embeddable":true,"href":"https:\/\/jaaaeg.ee\/ru\/wp-json\/wp\/v2\/media\/559"}],"wp:attachment":[{"href":"https:\/\/jaaaeg.ee\/ru\/wp-json\/wp\/v2\/media?parent=218"}],"curies":[{"name":"wp","href":"https:\/\/api.w.org\/{rel}","templated":true}]}}