{"id":1905,"date":"2018-10-03T17:13:03","date_gmt":"2018-10-03T14:13:03","guid":{"rendered":"http:\/\/jaaaeg.ee\/?page_id=1905"},"modified":"2025-05-02T14:15:39","modified_gmt":"2025-05-02T11:15:39","slug":"progulki-na-plotu","status":"publish","type":"page","link":"https:\/\/jaaaeg.ee\/ru\/progulki-na-plotu\/","title":{"rendered":"\u041f\u0440\u043e\u0433\u0443\u043b\u043a\u0438 \u043d\u0430 \u043f\u043b\u043e\u0442\u0443"},"content":{"rendered":"<div class=\"vce-row-container\" data-vce-boxed-width=\"true\"><div class=\"vce-row vce-row--col-gap-30 vce-row-content--top\" id=\"el-680b0553\" data-vce-do-apply=\"all el-680b0553\"><div class=\"vce-row-content\" data-vce-element-content=\"true\"><div class=\"vce-col vce-col--md-100p vce-col--xs-1 vce-col--xs-last vce-col--xs-first vce-col--sm-last vce-col--sm-first vce-col--md-last vce-col--lg-last vce-col--xl-last vce-col--md-first vce-col--lg-first vce-col--xl-first\" id=\"el-01e42cdc\"><div class=\"vce-col-inner\" data-vce-do-apply=\"border margin background  el-01e42cdc\"><div class=\"vce-col-content\" data-vce-element-content=\"true\" data-vce-do-apply=\"padding el-01e42cdc\"><div class=\"vce-text-block\"><div class=\"vce-text-block-wrapper vce\" id=\"el-8f3a1047\" data-vce-do-apply=\"all el-8f3a1047\"><p class=\"\" data-start=\"0\" data-end=\"101\">\u041f\u0440\u043e\u0433\u0443\u043b\u043a\u0430 \u043d\u0430 \u043f\u043b\u043e\u0442\u0443 \u043f\u043e \u043e\u0437\u0435\u0440\u0443 \u0421\u0430\u0430\u0434\u044a\u044f\u0440\u0432 \u2013 \u044d\u0442\u043e \u0436\u0438\u0432\u043e\u043f\u0438\u0441\u043d\u044b\u0435 \u043f\u0440\u0438\u0440\u043e\u0434\u043d\u044b\u0435 \u043f\u0435\u0439\u0437\u0430\u0436\u0438 \u0438 \u0443\u0432\u043b\u0435\u043a\u0430\u0442\u0435\u043b\u044c\u043d\u044b\u0435 \u0432\u043f\u0435\u0447\u0430\u0442\u043b\u0435\u043d\u0438\u044f!<\/p><h3 data-start=\"103\" data-end=\"240\">\u0421 1 \u043c\u0430\u044f \u043f\u043e 1 \u043e\u043a\u0442\u044f\u0431\u0440\u044f \u043e\u0442 \u0426\u0435\u043d\u0442\u0440\u0430 \u041b\u0435\u0434\u043d\u0438\u043a\u043e\u0432\u043e\u0433\u043e \u043f\u0435\u0440\u0438\u043e\u0434\u0430 \u043c\u043e\u0436\u043d\u043e \u043e\u0442\u043f\u0440\u0430\u0432\u0438\u0442\u044c\u0441\u044f \u043d\u0430 \u043a\u043e\u0440\u043e\u0442\u043a\u0438\u0435 \u0438\u043b\u0438 \u0434\u043b\u0438\u0442\u0435\u043b\u044c\u043d\u044b\u0435 \u043f\u0440\u043e\u0433\u0443\u043b\u043a\u0438 \u043f\u043e \u043f\u0440\u0435\u043a\u0440\u0430\u0441\u043d\u043e\u043c\u0443 \u043e\u0437\u0435\u0440\u0443 \u0421\u0430\u0430\u0434\u044a\u044f\u0440\u0432.<\/h3><p class=\"\" data-start=\"242\" data-end=\"365\">\u041f\u043b\u043e\u0442 \u0432\u043c\u0435\u0449\u0430\u0435\u0442 \u0434\u043e 20 \u0447\u0435\u043b\u043e\u0432\u0435\u043a, \u0447\u0430\u0441\u0442\u0438\u0447\u043d\u043e \u043f\u043e\u043a\u0440\u044b\u0442 \u043a\u0440\u044b\u0448\u0435\u0439, \u043a\u043e\u0442\u043e\u0440\u0430\u044f \u0437\u0430\u0449\u0438\u0449\u0430\u0435\u0442 \u043e\u0442 \u043d\u0435\u0431\u043e\u043b\u044c\u0448\u043e\u0433\u043e \u0434\u043e\u0436\u0434\u044f. \u041d\u0430 \u043f\u043b\u043e\u0442\u0443 \u0435\u0441\u0442\u044c \u0441\u0442\u043e\u043b\u044b \u0438 \u0441\u043a\u0430\u043c\u0435\u0439\u043a\u0438.<\/p><h2 data-start=\"467\" data-end=\"601\"><strong data-start=\"467\" data-end=\"488\">\u0426\u0435\u043d\u044b \u043d\u0430 \u043f\u0440\u043e\u0433\u0443\u043b\u043a\u0438:<\/strong><br data-start=\"488\" data-end=\"491\">30 \u043c\u0438\u043d\u0443\u0442 \/ 5 \u20ac \/ \u0443\u0447\u0430\u0441\u0442\u043d\u0438\u043a<br data-start=\"519\" data-end=\"522\">\u0415\u0441\u043b\u0438 \u0433\u0440\u0443\u043f\u043f\u0430 \u043c\u0435\u043d\u0435\u0435 5 \u0447\u0435\u043b\u043e\u0432\u0435\u043a \u2013 25 \u20ac \/ \u043f\u043e\u0435\u0437\u0434\u043a\u0430<br data-start=\"569\" data-end=\"572\">(\u0434\u0435\u0442\u0438 \u0434\u043e 5 \u043b\u0435\u0442 \u2013 \u0431\u0435\u0441\u043f\u043b\u0430\u0442\u043d\u043e)<\/h2><p class=\"\" data-start=\"603\" data-end=\"699\"><strong data-start=\"603\" data-end=\"625\">\u0413\u0440\u0443\u043f\u043f\u043e\u0432\u044b\u0435 \u043f\u043e\u0435\u0437\u0434\u043a\u0438:<\/strong><br data-start=\"625\" data-end=\"628\">\ud83d\udc65 \u041f\u0440\u043e\u0433\u0443\u043b\u043a\u0430 \u043d\u0430 \u043f\u043b\u043e\u0442\u0443 \u2013 60 \u20ac \/ \u0447\u0430\u0441<br data-start=\"661\" data-end=\"664\">\ud83c\udfa4 \u041f\u0440\u043e\u0433\u0443\u043b\u043a\u0430 \u0441 \u0433\u0438\u0434\u043e\u043c \u2013 100 \u20ac \/ \u0447\u0430\u0441<\/p><p class=\"\" data-start=\"701\" data-end=\"900\"><strong data-start=\"701\" data-end=\"711\">\u0412\u0430\u0436\u043d\u043e!<\/strong><br data-start=\"711\" data-end=\"714\"><strong>\u041f\u043e\u0436\u0430\u043b\u0443\u0439\u0441\u0442\u0430, \u0437\u0430\u0440\u0430\u043d\u0435\u0435 \u0443\u0442\u043e\u0447\u043d\u0438\u0442\u0435 \u043d\u0430\u043b\u0438\u0447\u0438\u0435 \u043c\u0435\u0441\u0442 \u0438 \u0432\u0440\u0435\u043c\u044f \u043e\u0442\u043f\u0440\u0430\u0432\u043b\u0435\u043d\u0438\u044f \u043f\u043e \u0442\u0435\u043b\u0435\u0444\u043e\u043d\u0443 +372 5911 3318 \u0438\u043b\u0438 \u043f\u043e \u044d\u043b\u0435\u043a\u0442\u0440\u043e\u043d\u043d\u043e\u0439 \u043f\u043e\u0447\u0442\u0435 <a rel=\"noopener\" data-start=\"834\" data-end=\"848\">info@jaaaeg.ee<\/a>.<\/strong> \u041f\u043e \u044d\u0442\u0438\u043c \u0436\u0435 \u043a\u043e\u043d\u0442\u0430\u043a\u0442\u0430\u043c \u043c\u043e\u0436\u043d\u043e \u0437\u0430\u0431\u0440\u043e\u043d\u0438\u0440\u043e\u0432\u0430\u0442\u044c \u043f\u043b\u043e\u0442.<\/p><p class=\"\" data-start=\"902\" data-end=\"964\">\u041d\u0430 \u043f\u043b\u043e\u0442\u0443 \u043c\u043e\u0436\u043d\u043e \u043e\u0442\u043c\u0435\u0442\u0438\u0442\u044c \u043f\u0440\u0430\u0437\u0434\u043d\u0438\u043a \u0441 \u043a\u0435\u0439\u0442\u0435\u0440\u0438\u043d\u0433\u043e\u043c \u0438 \u044d\u043a\u0441\u043a\u0443\u0440\u0441\u0438\u0435\u0439!<\/p><h2 data-start=\"966\" data-end=\"991\"><a href=\"https:\/\/jaaaeg.ee\/ru\/kontakt\/\" target=\"_blank\" rel=\"noopener\">\u0417\u0430\u043f\u0440\u043e\u0441\u0438\u0442\u0435 \u043f\u0440\u0435\u0434\u043b\u043e\u0436\u0435\u043d\u0438\u0435!<\/a><\/h2><\/div><\/div><div class=\"vce-image-gallery vce-image-gallery--gap-10 vce-image-gallery--columns-3\"><div class=\"vce-image-gallery-wrapper vce\" id=\"el-050fa671\" data-vce-do-apply=\"all el-050fa671\"><div class=\"vce-image-gallery-list\"><div class=\"vce-image-gallery-item\"><figure class=\"vce-image-gallery-item-inner-wrapper\"><a href=\"https:\/\/jaaaeg.ee\/wp-content\/uploads\/2024\/06\/JK-Parv_Kadri-Valner_2023.jpg\" data-lightbox=\"lightbox-050fa671\" class=\"vce-image-gallery-item-inner\"><img decoding=\"async\" class=\"vce-image-gallery-img\" src=\"https:\/\/jaaaeg.ee\/wp-content\/uploads\/2024\/06\/JK-Parv_Kadri-Valner_2023-700x525.jpg\" alt=\"JK Parv Kadri Valner 2023\" title=\"JK Parv Kadri Valner 2023\"><\/a><\/figure><\/div><div class=\"vce-image-gallery-item\"><figure class=\"vce-image-gallery-item-inner-wrapper\"><a href=\"https:\/\/jaaaeg.ee\/wp-content\/uploads\/2018\/10\/20220710_165921-scaled.jpg\" data-lightbox=\"lightbox-050fa671\" class=\"vce-image-gallery-item-inner\"><img decoding=\"async\" class=\"vce-image-gallery-img\" src=\"https:\/\/jaaaeg.ee\/wp-content\/uploads\/2018\/10\/20220710_165921-700x525.jpg\" alt=\"20220710 165921 scaled\" title=\"20220710 165921 scaled\"><\/a><\/figure><\/div><div class=\"vce-image-gallery-item\"><figure class=\"vce-image-gallery-item-inner-wrapper\"><a href=\"https:\/\/jaaaeg.ee\/wp-content\/uploads\/2018\/10\/parv_2019-scaled.jpg\" data-lightbox=\"lightbox-050fa671\" class=\"vce-image-gallery-item-inner\"><img decoding=\"async\" class=\"vce-image-gallery-img\" src=\"https:\/\/jaaaeg.ee\/wp-content\/uploads\/2018\/10\/parv_2019-700x525.jpg\" alt=\"parv 2019 scaled\" title=\"parv 2019 scaled\"><\/a><\/figure><\/div><div class=\"vce-image-gallery-item\"><figure class=\"vce-image-gallery-item-inner-wrapper\"><a href=\"https:\/\/jaaaeg.ee\/wp-content\/uploads\/2018\/10\/JK-Parv_Kadri-Valner_2023.jpg\" data-lightbox=\"lightbox-050fa671\" class=\"vce-image-gallery-item-inner\"><img decoding=\"async\" class=\"vce-image-gallery-img\" src=\"https:\/\/jaaaeg.ee\/wp-content\/uploads\/2018\/10\/JK-Parv_Kadri-Valner_2023-700x525.jpg\" alt=\"JK Parv Kadri Valner 2023\" title=\"JK Parv Kadri Valner 2023\"><\/a><\/figure><\/div><div class=\"vce-image-gallery-item\"><figure class=\"vce-image-gallery-item-inner-wrapper\"><a href=\"https:\/\/jaaaeg.ee\/wp-content\/uploads\/2018\/10\/IMG_4606-scaled.jpg\" data-lightbox=\"lightbox-050fa671\" class=\"vce-image-gallery-item-inner\"><img decoding=\"async\" class=\"vce-image-gallery-img\" src=\"https:\/\/jaaaeg.ee\/wp-content\/uploads\/2018\/10\/IMG_4606-700x467.jpg\" alt=\"IMG 4606 scaled\" title=\"IMG 4606 scaled\"><\/a><\/figure><\/div><div class=\"vce-image-gallery-item\"><figure class=\"vce-image-gallery-item-inner-wrapper\"><a href=\"https:\/\/jaaaeg.ee\/wp-content\/uploads\/2018\/10\/IMG_4594-scaled.jpg\" data-lightbox=\"lightbox-050fa671\" class=\"vce-image-gallery-item-inner\"><img decoding=\"async\" class=\"vce-image-gallery-img\" src=\"https:\/\/jaaaeg.ee\/wp-content\/uploads\/2018\/10\/IMG_4594-700x440.jpg\" alt=\"IMG 4594 scaled\" title=\"IMG 4594 scaled\"><\/a><\/figure><\/div><\/div><\/div><\/div><\/div><\/div><\/div><\/div><\/div><\/div>\n","protected":false},"excerpt":{"rendered":"\u041f\u0440\u043e\u0433\u0443\u043b\u043a\u0430 \u043d\u0430 \u043f\u043b\u043e\u0442\u0443 \u043f\u043e \u043e\u0437\u0435\u0440\u0443 \u0421\u0430\u0430\u0434\u044a\u044f\u0440\u0432 \u2013 \u044d\u0442\u043e \u0436\u0438\u0432\u043e\u043f\u0438\u0441\u043d\u044b\u0435 \u043f\u0440\u0438\u0440\u043e\u0434\u043d\u044b\u0435 \u043f\u0435\u0439\u0437\u0430\u0436\u0438 \u0438 \u0443\u0432\u043b\u0435\u043a\u0430\u0442\u0435\u043b\u044c\u043d\u044b\u0435 \u0432\u043f\u0435\u0447\u0430\u0442\u043b\u0435\u043d\u0438\u044f!\u0421 1 \u043c\u0430\u044f \u043f\u043e 1 \u043e\u043a\u0442\u044f\u0431\u0440\u044f \u043e\u0442 \u0426\u0435\u043d\u0442\u0440\u0430 \u041b\u0435\u0434\u043d\u0438\u043a\u043e\u0432\u043e\u0433\u043e \u043f\u0435\u0440\u0438\u043e\u0434\u0430 \u043c\u043e\u0436\u043d\u043e \u043e\u0442\u043f\u0440\u0430\u0432\u0438\u0442\u044c\u0441\u044f \u043d\u0430 \u043a\u043e\u0440\u043e\u0442\u043a\u0438\u0435 \u0438\u043b\u0438 \u0434\u043b\u0438\u0442\u0435\u043b\u044c\u043d\u044b\u0435 \u043f\u0440\u043e\u0433\u0443\u043b\u043a\u0438 \u043f\u043e \u043f\u0440\u0435\u043a\u0440\u0430\u0441\u043d\u043e\u043c\u0443 \u043e\u0437\u0435\u0440\u0443 \u0421\u0430\u0430\u0434\u044a\u044f\u0440\u0432.\u041f\u043b\u043e\u0442 \u0432\u043c\u0435\u0449\u0430\u0435\u0442 \u0434\u043e 20 \u0447\u0435\u043b\u043e\u0432\u0435\u043a, \u0447\u0430\u0441\u0442\u0438\u0447\u043d\u043e \u043f\u043e\u043a\u0440\u044b\u0442 \u043a\u0440\u044b\u0448\u0435\u0439, \u043a\u043e\u0442\u043e\u0440\u0430\u044f \u0437\u0430\u0449\u0438\u0449\u0430\u0435\u0442 \u043e\u0442 \u043d\u0435\u0431\u043e\u043b\u044c\u0448\u043e\u0433\u043e \u0434\u043e\u0436\u0434\u044f. \u041d\u0430 \u043f\u043b\u043e\u0442\u0443 \u0435\u0441\u0442\u044c \u0441\u0442\u043e\u043b\u044b \u0438 \u0441\u043a\u0430\u043c\u0435\u0439\u043a\u0438.\u0426\u0435\u043d\u044b \u043d\u0430 \u043f\u0440\u043e\u0433\u0443\u043b\u043a\u0438:30 \u043c\u0438\u043d\u0443\u0442&#8230; <a class=\"view-article\" href=\"https:\/\/jaaaeg.ee\/ru\/progulki-na-plotu\/\">\u041f\u0440\u043e\u0447\u0438\u0442\u0430\u0439\u0442\u0435 \u0431\u043e\u043b\u044c\u0448\u0435<\/a>","protected":false},"author":1,"featured_media":16633,"parent":0,"menu_order":383,"comment_status":"closed","ping_status":"closed","template":"","meta":{"_acf_changed":false,"ngg_post_thumbnail":0,"footnotes":""},"class_list":["post-1905","page","type-page","status-publish","has-post-thumbnail","hentry"],"acf":[],"yoast_head":"<!-- This site is optimized with the Yoast SEO plugin v27.4 - https:\/\/yoast.com\/product\/yoast-seo-wordpress\/ -->\n<title>\u041f\u0440\u043e\u0433\u0443\u043b\u043a\u0438 \u043d\u0430 \u043f\u043b\u043e\u0442\u0443 - J\u00e4\u00e4aja Keskus<\/title>\n<meta name=\"robots\" content=\"index, follow, max-snippet:-1, max-image-preview:large, max-video-preview:-1\" \/>\n<link rel=\"canonical\" href=\"https:\/\/jaaaeg.ee\/ru\/progulki-na-plotu\/\" \/>\n<meta property=\"og:locale\" content=\"ru_RU\" \/>\n<meta property=\"og:type\" content=\"article\" \/>\n<meta property=\"og:title\" content=\"\u041f\u0440\u043e\u0433\u0443\u043b\u043a\u0438 \u043d\u0430 \u043f\u043b\u043e\u0442\u0443 - J\u00e4\u00e4aja Keskus\" \/>\n<meta property=\"og:description\" content=\"\u041f\u0440\u043e\u0433\u0443\u043b\u043a\u0430 \u043d\u0430 \u043f\u043b\u043e\u0442\u0443 \u043f\u043e \u043e\u0437\u0435\u0440\u0443 \u0421\u0430\u0430\u0434\u044a\u044f\u0440\u0432 \u2013 \u044d\u0442\u043e \u0436\u0438\u0432\u043e\u043f\u0438\u0441\u043d\u044b\u0435 \u043f\u0440\u0438\u0440\u043e\u0434\u043d\u044b\u0435 \u043f\u0435\u0439\u0437\u0430\u0436\u0438 \u0438 \u0443\u0432\u043b\u0435\u043a\u0430\u0442\u0435\u043b\u044c\u043d\u044b\u0435 \u0432\u043f\u0435\u0447\u0430\u0442\u043b\u0435\u043d\u0438\u044f!\u0421 1 \u043c\u0430\u044f \u043f\u043e 1 \u043e\u043a\u0442\u044f\u0431\u0440\u044f \u043e\u0442 \u0426\u0435\u043d\u0442\u0440\u0430 \u041b\u0435\u0434\u043d\u0438\u043a\u043e\u0432\u043e\u0433\u043e \u043f\u0435\u0440\u0438\u043e\u0434\u0430 \u043c\u043e\u0436\u043d\u043e \u043e\u0442\u043f\u0440\u0430\u0432\u0438\u0442\u044c\u0441\u044f \u043d\u0430 \u043a\u043e\u0440\u043e\u0442\u043a\u0438\u0435 \u0438\u043b\u0438 \u0434\u043b\u0438\u0442\u0435\u043b\u044c\u043d\u044b\u0435 \u043f\u0440\u043e\u0433\u0443\u043b\u043a\u0438 \u043f\u043e \u043f\u0440\u0435\u043a\u0440\u0430\u0441\u043d\u043e\u043c\u0443 \u043e\u0437\u0435\u0440\u0443 \u0421\u0430\u0430\u0434\u044a\u044f\u0440\u0432.\u041f\u043b\u043e\u0442 \u0432\u043c\u0435\u0449\u0430\u0435\u0442 \u0434\u043e 20 \u0447\u0435\u043b\u043e\u0432\u0435\u043a, \u0447\u0430\u0441\u0442\u0438\u0447\u043d\u043e \u043f\u043e\u043a\u0440\u044b\u0442 \u043a\u0440\u044b\u0448\u0435\u0439, \u043a\u043e\u0442\u043e\u0440\u0430\u044f \u0437\u0430\u0449\u0438\u0449\u0430\u0435\u0442 \u043e\u0442 \u043d\u0435\u0431\u043e\u043b\u044c\u0448\u043e\u0433\u043e \u0434\u043e\u0436\u0434\u044f. \u041d\u0430 \u043f\u043b\u043e\u0442\u0443 \u0435\u0441\u0442\u044c \u0441\u0442\u043e\u043b\u044b \u0438 \u0441\u043a\u0430\u043c\u0435\u0439\u043a\u0438.\u0426\u0435\u043d\u044b \u043d\u0430 \u043f\u0440\u043e\u0433\u0443\u043b\u043a\u0438:30 \u043c\u0438\u043d\u0443\u0442... \u041f\u0440\u043e\u0447\u0438\u0442\u0430\u0439\u0442\u0435 \u0431\u043e\u043b\u044c\u0448\u0435\" \/>\n<meta property=\"og:url\" content=\"https:\/\/jaaaeg.ee\/ru\/progulki-na-plotu\/\" \/>\n<meta property=\"og:site_name\" content=\"J\u00e4\u00e4aja Keskus\" \/>\n<meta property=\"article:publisher\" content=\"https:\/\/www.facebook.com\/JaaajaKeskus\/\" \/>\n<meta property=\"article:modified_time\" content=\"2025-05-02T11:15:39+00:00\" \/>\n<meta property=\"og:image\" content=\"https:\/\/jaaaeg.ee\/wp-content\/uploads\/2018\/10\/DSC_1108-scaled.jpg\" \/>\n\t<meta property=\"og:image:width\" content=\"2560\" \/>\n\t<meta property=\"og:image:height\" content=\"1707\" \/>\n\t<meta property=\"og:image:type\" content=\"image\/jpeg\" \/>\n<meta name=\"twitter:card\" content=\"summary_large_image\" \/>\n<script type=\"application\/ld+json\" class=\"yoast-schema-graph\">{\"@context\":\"https:\\\/\\\/schema.org\",\"@graph\":[{\"@type\":\"WebPage\",\"@id\":\"https:\\\/\\\/jaaaeg.ee\\\/ru\\\/progulki-na-plotu\\\/\",\"url\":\"https:\\\/\\\/jaaaeg.ee\\\/ru\\\/progulki-na-plotu\\\/\",\"name\":\"\u041f\u0440\u043e\u0433\u0443\u043b\u043a\u0438 \u043d\u0430 \u043f\u043b\u043e\u0442\u0443 - J\u00e4\u00e4aja Keskus\",\"isPartOf\":{\"@id\":\"https:\\\/\\\/jaaaeg.ee\\\/ru\\\/#website\"},\"primaryImageOfPage\":{\"@id\":\"https:\\\/\\\/jaaaeg.ee\\\/ru\\\/progulki-na-plotu\\\/#primaryimage\"},\"image\":{\"@id\":\"https:\\\/\\\/jaaaeg.ee\\\/ru\\\/progulki-na-plotu\\\/#primaryimage\"},\"thumbnailUrl\":\"https:\\\/\\\/jaaaeg.ee\\\/wp-content\\\/uploads\\\/2018\\\/10\\\/DSC_1108-scaled.jpg\",\"datePublished\":\"2018-10-03T14:13:03+00:00\",\"dateModified\":\"2025-05-02T11:15:39+00:00\",\"breadcrumb\":{\"@id\":\"https:\\\/\\\/jaaaeg.ee\\\/ru\\\/progulki-na-plotu\\\/#breadcrumb\"},\"inLanguage\":\"ru-RU\",\"potentialAction\":[{\"@type\":\"ReadAction\",\"target\":[\"https:\\\/\\\/jaaaeg.ee\\\/ru\\\/progulki-na-plotu\\\/\"]}]},{\"@type\":\"ImageObject\",\"inLanguage\":\"ru-RU\",\"@id\":\"https:\\\/\\\/jaaaeg.ee\\\/ru\\\/progulki-na-plotu\\\/#primaryimage\",\"url\":\"https:\\\/\\\/jaaaeg.ee\\\/wp-content\\\/uploads\\\/2018\\\/10\\\/DSC_1108-scaled.jpg\",\"contentUrl\":\"https:\\\/\\\/jaaaeg.ee\\\/wp-content\\\/uploads\\\/2018\\\/10\\\/DSC_1108-scaled.jpg\",\"width\":2560,\"height\":1707,\"caption\":\"DSC 1108 scaled\"},{\"@type\":\"BreadcrumbList\",\"@id\":\"https:\\\/\\\/jaaaeg.ee\\\/ru\\\/progulki-na-plotu\\\/#breadcrumb\",\"itemListElement\":[{\"@type\":\"ListItem\",\"position\":1,\"name\":\"Home\",\"item\":\"https:\\\/\\\/jaaaeg.ee\\\/ru\\\/\"},{\"@type\":\"ListItem\",\"position\":2,\"name\":\"\u041f\u0440\u043e\u0433\u0443\u043b\u043a\u0438 \u043d\u0430 \u043f\u043b\u043e\u0442\u0443\"}]},{\"@type\":\"WebSite\",\"@id\":\"https:\\\/\\\/jaaaeg.ee\\\/ru\\\/#website\",\"url\":\"https:\\\/\\\/jaaaeg.ee\\\/ru\\\/\",\"name\":\"J\u00e4\u00e4aja Keskus\",\"description\":\"avastamisr\u00f5\u00f5m igas vanuses k\u00fclastajatele\",\"potentialAction\":[{\"@type\":\"SearchAction\",\"target\":{\"@type\":\"EntryPoint\",\"urlTemplate\":\"https:\\\/\\\/jaaaeg.ee\\\/ru\\\/?s={search_term_string}\"},\"query-input\":{\"@type\":\"PropertyValueSpecification\",\"valueRequired\":true,\"valueName\":\"search_term_string\"}}],\"inLanguage\":\"ru-RU\"}]}<\/script>\n<!-- \/ Yoast SEO plugin. -->","yoast_head_json":{"title":"\u041f\u0440\u043e\u0433\u0443\u043b\u043a\u0438 \u043d\u0430 \u043f\u043b\u043e\u0442\u0443 - J\u00e4\u00e4aja Keskus","robots":{"index":"index","follow":"follow","max-snippet":"max-snippet:-1","max-image-preview":"max-image-preview:large","max-video-preview":"max-video-preview:-1"},"canonical":"https:\/\/jaaaeg.ee\/ru\/progulki-na-plotu\/","og_locale":"ru_RU","og_type":"article","og_title":"\u041f\u0440\u043e\u0433\u0443\u043b\u043a\u0438 \u043d\u0430 \u043f\u043b\u043e\u0442\u0443 - J\u00e4\u00e4aja Keskus","og_description":"\u041f\u0440\u043e\u0433\u0443\u043b\u043a\u0430 \u043d\u0430 \u043f\u043b\u043e\u0442\u0443 \u043f\u043e \u043e\u0437\u0435\u0440\u0443 \u0421\u0430\u0430\u0434\u044a\u044f\u0440\u0432 \u2013 \u044d\u0442\u043e \u0436\u0438\u0432\u043e\u043f\u0438\u0441\u043d\u044b\u0435 \u043f\u0440\u0438\u0440\u043e\u0434\u043d\u044b\u0435 \u043f\u0435\u0439\u0437\u0430\u0436\u0438 \u0438 \u0443\u0432\u043b\u0435\u043a\u0430\u0442\u0435\u043b\u044c\u043d\u044b\u0435 \u0432\u043f\u0435\u0447\u0430\u0442\u043b\u0435\u043d\u0438\u044f!\u0421 1 \u043c\u0430\u044f \u043f\u043e 1 \u043e\u043a\u0442\u044f\u0431\u0440\u044f \u043e\u0442 \u0426\u0435\u043d\u0442\u0440\u0430 \u041b\u0435\u0434\u043d\u0438\u043a\u043e\u0432\u043e\u0433\u043e \u043f\u0435\u0440\u0438\u043e\u0434\u0430 \u043c\u043e\u0436\u043d\u043e \u043e\u0442\u043f\u0440\u0430\u0432\u0438\u0442\u044c\u0441\u044f \u043d\u0430 \u043a\u043e\u0440\u043e\u0442\u043a\u0438\u0435 \u0438\u043b\u0438 \u0434\u043b\u0438\u0442\u0435\u043b\u044c\u043d\u044b\u0435 \u043f\u0440\u043e\u0433\u0443\u043b\u043a\u0438 \u043f\u043e \u043f\u0440\u0435\u043a\u0440\u0430\u0441\u043d\u043e\u043c\u0443 \u043e\u0437\u0435\u0440\u0443 \u0421\u0430\u0430\u0434\u044a\u044f\u0440\u0432.\u041f\u043b\u043e\u0442 \u0432\u043c\u0435\u0449\u0430\u0435\u0442 \u0434\u043e 20 \u0447\u0435\u043b\u043e\u0432\u0435\u043a, \u0447\u0430\u0441\u0442\u0438\u0447\u043d\u043e \u043f\u043e\u043a\u0440\u044b\u0442 \u043a\u0440\u044b\u0448\u0435\u0439, \u043a\u043e\u0442\u043e\u0440\u0430\u044f \u0437\u0430\u0449\u0438\u0449\u0430\u0435\u0442 \u043e\u0442 \u043d\u0435\u0431\u043e\u043b\u044c\u0448\u043e\u0433\u043e \u0434\u043e\u0436\u0434\u044f. \u041d\u0430 \u043f\u043b\u043e\u0442\u0443 \u0435\u0441\u0442\u044c \u0441\u0442\u043e\u043b\u044b \u0438 \u0441\u043a\u0430\u043c\u0435\u0439\u043a\u0438.\u0426\u0435\u043d\u044b \u043d\u0430 \u043f\u0440\u043e\u0433\u0443\u043b\u043a\u0438:30 \u043c\u0438\u043d\u0443\u0442... \u041f\u0440\u043e\u0447\u0438\u0442\u0430\u0439\u0442\u0435 \u0431\u043e\u043b\u044c\u0448\u0435","og_url":"https:\/\/jaaaeg.ee\/ru\/progulki-na-plotu\/","og_site_name":"J\u00e4\u00e4aja Keskus","article_publisher":"https:\/\/www.facebook.com\/JaaajaKeskus\/","article_modified_time":"2025-05-02T11:15:39+00:00","og_image":[{"width":2560,"height":1707,"url":"https:\/\/jaaaeg.ee\/wp-content\/uploads\/2018\/10\/DSC_1108-scaled.jpg","type":"image\/jpeg"}],"twitter_card":"summary_large_image","schema":{"@context":"https:\/\/schema.org","@graph":[{"@type":"WebPage","@id":"https:\/\/jaaaeg.ee\/ru\/progulki-na-plotu\/","url":"https:\/\/jaaaeg.ee\/ru\/progulki-na-plotu\/","name":"\u041f\u0440\u043e\u0433\u0443\u043b\u043a\u0438 \u043d\u0430 \u043f\u043b\u043e\u0442\u0443 - J\u00e4\u00e4aja Keskus","isPartOf":{"@id":"https:\/\/jaaaeg.ee\/ru\/#website"},"primaryImageOfPage":{"@id":"https:\/\/jaaaeg.ee\/ru\/progulki-na-plotu\/#primaryimage"},"image":{"@id":"https:\/\/jaaaeg.ee\/ru\/progulki-na-plotu\/#primaryimage"},"thumbnailUrl":"https:\/\/jaaaeg.ee\/wp-content\/uploads\/2018\/10\/DSC_1108-scaled.jpg","datePublished":"2018-10-03T14:13:03+00:00","dateModified":"2025-05-02T11:15:39+00:00","breadcrumb":{"@id":"https:\/\/jaaaeg.ee\/ru\/progulki-na-plotu\/#breadcrumb"},"inLanguage":"ru-RU","potentialAction":[{"@type":"ReadAction","target":["https:\/\/jaaaeg.ee\/ru\/progulki-na-plotu\/"]}]},{"@type":"ImageObject","inLanguage":"ru-RU","@id":"https:\/\/jaaaeg.ee\/ru\/progulki-na-plotu\/#primaryimage","url":"https:\/\/jaaaeg.ee\/wp-content\/uploads\/2018\/10\/DSC_1108-scaled.jpg","contentUrl":"https:\/\/jaaaeg.ee\/wp-content\/uploads\/2018\/10\/DSC_1108-scaled.jpg","width":2560,"height":1707,"caption":"DSC 1108 scaled"},{"@type":"BreadcrumbList","@id":"https:\/\/jaaaeg.ee\/ru\/progulki-na-plotu\/#breadcrumb","itemListElement":[{"@type":"ListItem","position":1,"name":"Home","item":"https:\/\/jaaaeg.ee\/ru\/"},{"@type":"ListItem","position":2,"name":"\u041f\u0440\u043e\u0433\u0443\u043b\u043a\u0438 \u043d\u0430 \u043f\u043b\u043e\u0442\u0443"}]},{"@type":"WebSite","@id":"https:\/\/jaaaeg.ee\/ru\/#website","url":"https:\/\/jaaaeg.ee\/ru\/","name":"J\u00e4\u00e4aja Keskus","description":"avastamisr\u00f5\u00f5m igas vanuses k\u00fclastajatele","potentialAction":[{"@type":"SearchAction","target":{"@type":"EntryPoint","urlTemplate":"https:\/\/jaaaeg.ee\/ru\/?s={search_term_string}"},"query-input":{"@type":"PropertyValueSpecification","valueRequired":true,"valueName":"search_term_string"}}],"inLanguage":"ru-RU"}]}},"_links":{"self":[{"href":"https:\/\/jaaaeg.ee\/ru\/wp-json\/wp\/v2\/pages\/1905","targetHints":{"allow":["GET"]}}],"collection":[{"href":"https:\/\/jaaaeg.ee\/ru\/wp-json\/wp\/v2\/pages"}],"about":[{"href":"https:\/\/jaaaeg.ee\/ru\/wp-json\/wp\/v2\/types\/page"}],"author":[{"embeddable":true,"href":"https:\/\/jaaaeg.ee\/ru\/wp-json\/wp\/v2\/users\/1"}],"replies":[{"embeddable":true,"href":"https:\/\/jaaaeg.ee\/ru\/wp-json\/wp\/v2\/comments?post=1905"}],"version-history":[{"count":12,"href":"https:\/\/jaaaeg.ee\/ru\/wp-json\/wp\/v2\/pages\/1905\/revisions"}],"predecessor-version":[{"id":31238,"href":"https:\/\/jaaaeg.ee\/ru\/wp-json\/wp\/v2\/pages\/1905\/revisions\/31238"}],"wp:featuredmedia":[{"embeddable":true,"href":"https:\/\/jaaaeg.ee\/ru\/wp-json\/wp\/v2\/media\/16633"}],"wp:attachment":[{"href":"https:\/\/jaaaeg.ee\/ru\/wp-json\/wp\/v2\/media?parent=1905"}],"curies":[{"name":"wp","href":"https:\/\/api.w.org\/{rel}","templated":true}]}}