{"id":1896,"date":"2018-10-03T17:07:42","date_gmt":"2018-10-03T14:07:42","guid":{"rendered":"http:\/\/jaaaeg.ee\/?page_id=1896"},"modified":"2026-03-05T16:51:16","modified_gmt":"2026-03-05T14:51:16","slug":"kafe-belyj-medved","status":"publish","type":"page","link":"https:\/\/jaaaeg.ee\/ru\/kafe-belyj-medved\/","title":{"rendered":"\u041a\u0430\u0444\u0435"},"content":{"rendered":"<div class=\"vce-row-container\" data-vce-boxed-width=\"true\">\n<div id=\"el-3d6d7aad\" class=\"vce-row vce-row--col-gap-30 vce-row-content--top\" data-vce-do-apply=\"all el-3d6d7aad\">\n<div class=\"vce-row-content\" data-vce-element-content=\"true\">\n<p><\/p>\n<div id=\"el-708f76cc\" class=\"vce-col vce-col--md-100p vce-col--xs-1 vce-col--xs-last vce-col--xs-first vce-col--sm-last vce-col--sm-first vce-col--md-last vce-col--lg-last vce-col--xl-last vce-col--md-first vce-col--lg-first vce-col--xl-first\">\n<div class=\"vce-col-inner\" data-vce-do-apply=\"border margin background el-708f76cc\">\n<div class=\"vce-col-content\" data-vce-element-content=\"true\" data-vce-do-apply=\"padding el-708f76cc\">\n<p><\/p>\n<div class=\"vce-text-block\">\n<div id=\"el-1bd5e33a\" class=\"vce-text-block-wrapper vce\" data-vce-do-apply=\"all el-1bd5e33a\">\n<p data-start=\"547\" data-end=\"709\"><strong data-start=\"547\" data-end=\"607\">\u041f\u043d\u2013\u041f\u0442 \u043f\u043e \u043f\u0440\u0435\u0434\u0432\u0430\u0440\u0438\u0442\u0435\u043b\u044c\u043d\u043e\u043c\u0443 \u0431\u0440\u043e\u043d\u0438\u0440\u043e\u0432\u0430\u043d\u0438\u044e<\/strong><\/p>\n<h1 data-start=\"547\" data-end=\"709\"><strong data-start=\"547\" data-end=\"607\">\u0421\u0431\u2013\u0412\u0441 10\u201317<\/strong><\/h1>\n<p>\u0417\u0430\u0432\u0442\u0440\u0430\u043a \u0441 10 \u0434\u043e 12<\/p>\n<p>\u0413\u043e\u0440\u044f\u0447\u0438\u0439 \u043e\u0431\u0435\u0434\u0435\u043d\u043d\u044b\u0439 \u0431\u0443\u0444\u0435\u0442 \u0441 12 \u0434\u043e 16<\/p>\n<p>\u0414\u0435\u0442\u0441\u043a\u043e\u0435 \u043c\u0435\u043d\u044e \u0438 \u0434\u043d\u0435\u0432\u043d\u043e\u0435 \u043c\u0435\u043d\u044e \u0441 12 \u0434\u043e 17<\/p>\n<p>&nbsp;<\/p>\n<p>\u041a\u0430\u0444\u0435 \u041b\u0435\u0434\u043d\u0438\u043a\u043e\u0432\u043e\u0433\u043e \u0446\u0435\u043d\u0442\u0440\u0430 \u2013 \u043e\u0431\u0435\u0434 \u0441 \u0432\u0438\u0434\u043e\u043c \u043d\u0430 \u043e\u0437\u0435\u0440\u043e \u0421\u0430\u0430\u0434\u044a\u044f\u0440\u0432<br data-start=\"607\" data-end=\"610\">\u041d\u0435\u0434\u0430\u0432\u043d\u043e \u043e\u0442\u0440\u0435\u043c\u043e\u043d\u0442\u0438\u0440\u043e\u0432\u0430\u043d\u043d\u043e\u0435 \u043a\u0430\u0444\u0435 \u043d\u0430 \u0431\u0435\u0440\u0435\u0433\u0443 \u043e\u0437\u0435\u0440\u0430 \u0421\u0430\u0430\u0434\u044a\u044f\u0440\u0432 \u043f\u0440\u0438\u0433\u043b\u0430\u0448\u0430\u0435\u0442 \u0432\u0430\u0441 \u0432 \u0441\u0432\u0435\u0436\u0435\u0439 \u0438 \u0443\u044e\u0442\u043d\u043e\u0439 \u0430\u0442\u043c\u043e\u0441\u0444\u0435\u0440\u0435.<\/p>\n<p data-start=\"711\" data-end=\"801\">\u0421\u0435\u043c\u0435\u0439\u043d\u043e\u0435 \u043a\u0430\u0444\u0435, \u0440\u0430\u0441\u043f\u043e\u043b\u043e\u0436\u0435\u043d\u043d\u043e\u0435 \u043d\u0430 \u043f\u0435\u0440\u0432\u043e\u043c \u044d\u0442\u0430\u0436\u0435 \u0446\u0435\u043d\u0442\u0440\u0430, \u043f\u0440\u0435\u0434\u043b\u0430\u0433\u0430\u0435\u0442 \u0432\u0435\u043b\u0438\u043a\u043e\u043b\u0435\u043f\u043d\u044b\u0439 \u0432\u0438\u0434 \u043d\u0430 \u043e\u0437\u0435\u0440\u043e.<\/p>\n<p data-start=\"803\" data-end=\"978\">\u041c\u044b \u0442\u0430\u043a\u0436\u0435 \u043f\u0440\u0435\u0434\u043b\u0430\u0433\u0430\u0435\u043c \u0433\u0440\u0443\u043f\u043f\u043e\u0432\u044b\u0435 \u043c\u0435\u043d\u044e, \u0437\u0430\u0431\u0430\u0432\u043d\u044b\u0435 \u0431\u043b\u044e\u0434\u0430 \u0434\u043b\u044f \u0434\u0435\u0442\u0435\u0439 \u0438 \u043a\u0435\u0439\u0442\u0435\u0440\u0438\u043d\u0433 \u0434\u043b\u044f \u0434\u043d\u0435\u0439 \u0440\u043e\u0436\u0434\u0435\u043d\u0438\u0439 \u0438 \u0441\u0435\u043c\u0438\u043d\u0430\u0440\u043e\u0432.<br data-start=\"906\" data-end=\"909\">\u041c\u044b \u0441\u0434\u0430\u0451\u043c \u0432 \u0430\u0440\u0435\u043d\u0434\u0443 \u043f\u043e\u043c\u0435\u0449\u0435\u043d\u0438\u044f \u0438 \u043f\u043e\u043c\u043e\u0433\u0430\u0435\u043c \u043e\u0440\u0433\u0430\u043d\u0438\u0437\u043e\u0432\u0430\u0442\u044c \u0432\u0430\u0448\u0435 \u043c\u0435\u0440\u043e\u043f\u0440\u0438\u044f\u0442\u0438\u0435.<\/p>\n<h2 data-start=\"980\" data-end=\"1134\">\u0417\u0430\u0431\u0440\u043e\u043d\u0438\u0440\u0443\u0439\u0442\u0435 \u0441\u0442\u043e\u043b\u0438\u043a \u0438\u043b\u0438 \u043f\u043e\u043c\u0435\u0449\u0435\u043d\u0438\u0435: +372 5911 3318 \u0438\u043b\u0438 <a class=\"cursor-pointer\" rel=\"noopener\" data-start=\"1034\" data-end=\"1048\">info@jaaaeg.ee<\/a><\/h2>\n<p data-start=\"980\" data-end=\"1134\"><br data-start=\"1048\" data-end=\"1051\">\u041f\u043e\u0441\u043c\u043e\u0442\u0440\u0435\u0442\u044c \u0441\u0442\u0440\u0430\u043d\u0438\u0446\u0443 \u043a\u0430\u0444\u0435 \u0432 Facebook: <a class=\"\" href=\"https:\/\/www.facebook.com\/jaaaegkeskus\" target=\"_new\" rel=\"noopener\" data-start=\"1088\" data-end=\"1134\">\u0417\u0414\u0415\u0421\u042c<\/a><\/p>\n<p data-start=\"1136\" data-end=\"1345\">\u041b\u0435\u0434\u043d\u0438\u043a\u043e\u0432\u044b\u0439 \u0446\u0435\u043d\u0442\u0440 \u0438\u0434\u0435\u0430\u043b\u044c\u043d\u043e \u043f\u043e\u0434\u0445\u043e\u0434\u0438\u0442 \u0434\u043b\u044f \u043f\u0440\u043e\u0432\u0435\u0434\u0435\u043d\u0438\u044f \u0443\u0447\u0435\u0431\u043d\u044b\u0445 \u0434\u043d\u0435\u0439, \u0432\u0441\u0442\u0440\u0435\u0447, \u043f\u0440\u0430\u0437\u0434\u043d\u0438\u043a\u043e\u0432 \u0438 \u0434\u0440\u0443\u0433\u0438\u0445 \u0437\u0430\u043f\u043e\u043c\u0438\u043d\u0430\u044e\u0449\u0438\u0445\u0441\u044f \u0441\u043e\u0431\u044b\u0442\u0438\u0439.<br data-start=\"1251\" data-end=\"1254\">\u0412\u044b \u043c\u043e\u0436\u0435\u0442\u0435 \u0430\u0440\u0435\u043d\u0434\u043e\u0432\u0430\u0442\u044c \u043a\u043e\u043d\u0444\u0435\u0440\u0435\u043d\u0446-\u0437\u0430\u043b, \u043a\u0430\u0444\u0435 \u0438\u043b\u0438 \u0443\u044e\u0442\u043d\u0443\u044e \u0438\u0433\u0440\u043e\u0432\u0443\u044e \u043a\u043e\u043c\u043d\u0430\u0442\u0443 \u0434\u043b\u044f \u0432\u0430\u0448\u0435\u0433\u043e \u043c\u0435\u0440\u043e\u043f\u0440\u0438\u044f\u0442\u0438\u044f.<\/p>\n<p data-start=\"1347\" data-end=\"1491\"><strong>\u0414\u043b\u044f \u0433\u0440\u0443\u043f\u043f<\/strong> (\u043e\u0442 10 \u0447\u0435\u043b\u043e\u0432\u0435\u043a) \u043f\u0440\u0435\u0434\u043b\u0430\u0433\u0430\u0435\u043c \u0441\u043f\u0435\u0446\u0438\u0430\u043b\u044c\u043d\u043e\u0435 \u043c\u0435\u043d\u044e.<br data-start=\"1401\" data-end=\"1404\">\u041f\u043e\u0436\u0430\u043b\u0443\u0439\u0441\u0442\u0430, \u043f\u043e\u0434\u0442\u0432\u0435\u0440\u0434\u0438\u0442\u0435 \u0433\u0440\u0443\u043f\u043f\u043e\u0432\u043e\u0435 \u043f\u0438\u0442\u0430\u043d\u0438\u0435 \u043d\u0435 \u043f\u043e\u0437\u0434\u043d\u0435\u0435 \u0447\u0435\u043c \u0437\u0430 5 \u0440\u0430\u0431\u043e\u0447\u0438\u0445 \u0434\u043d\u0435\u0439 \u0434\u043e \u043f\u0440\u0438\u0431\u044b\u0442\u0438\u044f.<\/p>\n<\/div>\n<\/div>\n<p><\/p>\n<\/div>\n<\/div>\n<\/div>\n<p><\/p>\n<\/div>\n<\/div>\n<\/div>\n<p><\/p>\n<div class=\"vce-row-container\" data-vce-boxed-width=\"true\">\n<div id=\"el-8941d277\" class=\"vce-row vce-row--col-gap-30 vce-row-equal-height vce-row-content--top\" data-vce-do-apply=\"all el-8941d277\">\n<div class=\"vce-row-content\" data-vce-element-content=\"true\">\n<p><\/p>\n<div id=\"el-b6b56606\" class=\"vce-col vce-col--md-auto vce-col--xs-1 vce-col--xs-last vce-col--xs-first vce-col--sm-last vce-col--sm-first vce-col--md-last vce-col--lg-last vce-col--xl-last vce-col--md-first vce-col--lg-first vce-col--xl-first\">\n<div class=\"vce-col-inner\" data-vce-do-apply=\"border margin background el-b6b56606\">\n<div class=\"vce-col-content\" data-vce-element-content=\"true\" data-vce-do-apply=\"padding el-b6b56606\">\n<p><\/p>\n<div class=\"vce-image-gallery vce-image-gallery--gap-10 vce-image-gallery--columns-3\">\n<div id=\"el-882a9d84\" class=\"vce-image-gallery-wrapper vce\" data-vce-do-apply=\"all el-882a9d84\">\n<div class=\"vce-image-gallery-list\">\n<div class=\"vce-image-gallery-item\">\n<figure class=\"vce-image-gallery-item-inner-wrapper\"><a class=\"vce-image-gallery-item-inner\" href=\"https:\/\/jaaaeg.ee\/wp-content\/uploads\/2025\/04\/IMG_7604-scaled.jpeg\" data-lightbox=\"lightbox-882a9d84\"><img decoding=\"async\" class=\"vce-image-gallery-img vce-image-gallery-img--orientation-portrait\" title=\"IMG_7604\" src=\"https:\/\/jaaaeg.ee\/wp-content\/uploads\/2025\/04\/IMG_7604-700x870.jpeg\" alt=\"\"><\/a><\/figure>\n<\/div>\n<div class=\"vce-image-gallery-item\">\n<figure class=\"vce-image-gallery-item-inner-wrapper\"><a class=\"vce-image-gallery-item-inner\" href=\"https:\/\/jaaaeg.ee\/wp-content\/uploads\/2025\/08\/sigrid-Sepp_jaaaja-Keskuse-kohviku-toidud-1-scaled.jpeg\" data-lightbox=\"lightbox-882a9d84\"><img decoding=\"async\" class=\"vce-image-gallery-img vce-image-gallery-img--orientation-portrait\" title=\"sigrid Sepp_j\u00e4\u00e4aja Keskuse kohviku toidud (1)\" src=\"https:\/\/jaaaeg.ee\/wp-content\/uploads\/2025\/08\/sigrid-Sepp_jaaaja-Keskuse-kohviku-toidud-1-700x933.jpeg\" alt=\"\"><\/a><\/figure>\n<\/div>\n<div class=\"vce-image-gallery-item\">\n<figure class=\"vce-image-gallery-item-inner-wrapper\"><a class=\"vce-image-gallery-item-inner\" href=\"https:\/\/jaaaeg.ee\/wp-content\/uploads\/2025\/08\/2025-05_jaaaja-keskuse-uus-naitus_foto-timo-arbeiter-artimo.ee-117.jpg\" data-lightbox=\"lightbox-882a9d84\"><img decoding=\"async\" class=\"vce-image-gallery-img\" title=\"2025-05_j\u00e4\u00e4aja-keskuse-uus-n\u00e4itus_foto-timo-arbeiter-artimo.ee-117\" src=\"https:\/\/jaaaeg.ee\/wp-content\/uploads\/2025\/08\/2025-05_jaaaja-keskuse-uus-naitus_foto-timo-arbeiter-artimo.ee-117-700x467.jpg\" alt=\"\"><\/a><\/figure>\n<\/div>\n<div class=\"vce-image-gallery-item\">\n<figure class=\"vce-image-gallery-item-inner-wrapper\"><a class=\"vce-image-gallery-item-inner\" href=\"https:\/\/jaaaeg.ee\/wp-content\/uploads\/2025\/08\/2025-05_jaaaja-keskuse-uus-naitus_foto-timo-arbeiter-artimo.ee-107.jpg\" data-lightbox=\"lightbox-882a9d84\"><img decoding=\"async\" class=\"vce-image-gallery-img vce-image-gallery-img--orientation-portrait\" title=\"2025-05_j\u00e4\u00e4aja-keskuse-uus-n\u00e4itus_foto-timo-arbeiter-artimo.ee-107\" src=\"https:\/\/jaaaeg.ee\/wp-content\/uploads\/2025\/08\/2025-05_jaaaja-keskuse-uus-naitus_foto-timo-arbeiter-artimo.ee-107-700x1050.jpg\" alt=\"\"><\/a><\/figure>\n<\/div>\n<div class=\"vce-image-gallery-item\">\n<figure class=\"vce-image-gallery-item-inner-wrapper\"><a class=\"vce-image-gallery-item-inner\" href=\"https:\/\/jaaaeg.ee\/wp-content\/uploads\/2025\/07\/kohvik_ruut-e1753443390385.jpg\" data-lightbox=\"lightbox-882a9d84\"><img decoding=\"async\" class=\"vce-image-gallery-img\" title=\"kohvik_ruut\" src=\"https:\/\/jaaaeg.ee\/wp-content\/uploads\/2025\/07\/kohvik_ruut-700x695.jpg\" alt=\"J\u00e4\u00e4aja Keskuse kohvikus saad t\u00e4histada oma s\u00fcndmust\"><\/a><\/figure>\n<\/div>\n<div class=\"vce-image-gallery-item\">\n<figure class=\"vce-image-gallery-item-inner-wrapper\"><a class=\"vce-image-gallery-item-inner\" href=\"https:\/\/jaaaeg.ee\/wp-content\/uploads\/2025\/08\/v_2025-05_jaaaja-keskuse-uus-naitus_foto-timo-arbeiter-artimo.ee-92.jpg\" data-lightbox=\"lightbox-882a9d84\"><img decoding=\"async\" class=\"vce-image-gallery-img\" title=\"v_2025-05_j\u00e4\u00e4aja-keskuse-uus-n\u00e4itus_foto-timo-arbeiter-artimo.ee-92\" src=\"https:\/\/jaaaeg.ee\/wp-content\/uploads\/2025\/08\/v_2025-05_jaaaja-keskuse-uus-naitus_foto-timo-arbeiter-artimo.ee-92-700x605.jpg\" alt=\"\"><\/a><\/figure>\n<\/div>\n<\/div>\n<\/div>\n<\/div>\n<p><\/p>\n<\/div>\n<\/div>\n<\/div>\n<p><\/p>\n<\/div>\n<\/div>\n<\/div>\n<p><!--vcv no format--><\/p>\n","protected":false},"excerpt":{"rendered":"\u041f\u043d\u2013\u041f\u0442 \u043f\u043e \u043f\u0440\u0435\u0434\u0432\u0430\u0440\u0438\u0442\u0435\u043b\u044c\u043d\u043e\u043c\u0443 \u0431\u0440\u043e\u043d\u0438\u0440\u043e\u0432\u0430\u043d\u0438\u044e \u0421\u0431\u2013\u0412\u0441 10\u201317 \u0417\u0430\u0432\u0442\u0440\u0430\u043a \u0441 10 \u0434\u043e 12 \u0413\u043e\u0440\u044f\u0447\u0438\u0439 \u043e\u0431\u0435\u0434\u0435\u043d\u043d\u044b\u0439 \u0431\u0443\u0444\u0435\u0442 \u0441 12 \u0434\u043e 16 \u0414\u0435\u0442\u0441\u043a\u043e\u0435 \u043c\u0435\u043d\u044e \u0438 \u0434\u043d\u0435\u0432\u043d\u043e\u0435 \u043c\u0435\u043d\u044e \u0441 12 \u0434\u043e 17 &nbsp; \u041a\u0430\u0444\u0435 \u041b\u0435\u0434\u043d\u0438\u043a\u043e\u0432\u043e\u0433\u043e \u0446\u0435\u043d\u0442\u0440\u0430 \u2013 \u043e\u0431\u0435\u0434 \u0441 \u0432\u0438\u0434\u043e\u043c \u043d\u0430 \u043e\u0437\u0435\u0440\u043e \u0421\u0430\u0430\u0434\u044a\u044f\u0440\u0432\u041d\u0435\u0434\u0430\u0432\u043d\u043e \u043e\u0442\u0440\u0435\u043c\u043e\u043d\u0442\u0438\u0440\u043e\u0432\u0430\u043d\u043d\u043e\u0435 \u043a\u0430\u0444\u0435 \u043d\u0430 \u0431\u0435\u0440\u0435\u0433\u0443 \u043e\u0437\u0435\u0440\u0430 \u0421\u0430\u0430\u0434\u044a\u044f\u0440\u0432 \u043f\u0440\u0438\u0433\u043b\u0430\u0448\u0430\u0435\u0442 \u0432\u0430\u0441 \u0432 \u0441\u0432\u0435\u0436\u0435\u0439 \u0438 \u0443\u044e\u0442\u043d\u043e\u0439 \u0430\u0442\u043c\u043e\u0441\u0444\u0435\u0440\u0435. \u0421\u0435\u043c\u0435\u0439\u043d\u043e\u0435 \u043a\u0430\u0444\u0435, \u0440\u0430\u0441\u043f\u043e\u043b\u043e\u0436\u0435\u043d\u043d\u043e\u0435 \u043d\u0430&#8230; <a class=\"view-article\" href=\"https:\/\/jaaaeg.ee\/ru\/kafe-belyj-medved\/\">\u041f\u0440\u043e\u0447\u0438\u0442\u0430\u0439\u0442\u0435 \u0431\u043e\u043b\u044c\u0448\u0435<\/a>","protected":false},"author":1,"featured_media":32367,"parent":0,"menu_order":377,"comment_status":"closed","ping_status":"closed","template":"template-map.php","meta":{"_acf_changed":false,"ngg_post_thumbnail":0,"footnotes":""},"class_list":["post-1896","page","type-page","status-publish","has-post-thumbnail","hentry"],"acf":[],"yoast_head":"<!-- This site is optimized with the Yoast SEO plugin v27.4 - https:\/\/yoast.com\/product\/yoast-seo-wordpress\/ -->\n<title>\u041a\u0430\u0444\u0435 - J\u00e4\u00e4aja Keskus<\/title>\n<meta name=\"description\" content=\"\u041a\u0430\u0444\u0435 \u0426\u0435\u043d\u0442\u0440\u0430 \u041b\u0435\u0434\u043d\u0438\u043a\u043e\u0432\u043e\u0433\u043e \u043f\u0435\u0440\u0438\u043e\u0434\u0430 \u2013 \u0443\u044e\u0442\u043d\u043e\u0435 \u043c\u0435\u0441\u0442\u043e \u0441 \u0436\u0438\u0432\u043e\u043f\u0438\u0441\u043d\u044b\u043c \u0432\u0438\u0434\u043e\u043c! \u041d\u0430\u0441\u043b\u0430\u0434\u0438\u0442\u0435\u0441\u044c \u0432\u043a\u0443\u0441\u043d\u044b\u043c \u043e\u0431\u0435\u0434\u0435\u043d\u043d\u044b\u043c \u0431\u0443\u0444\u0435\u0442\u043e\u043c. \u041f\u043e\u0441\u0435\u0442\u0438\u0442\u0435 \u043d\u0430\u0441 \u0432 \u042d\u043a\u0441\u0438, \u0422\u0430\u0440\u0442\u0443\u043c\u0430\u0430!\" \/>\n<meta name=\"robots\" content=\"index, follow, max-snippet:-1, max-image-preview:large, max-video-preview:-1\" \/>\n<link rel=\"canonical\" href=\"https:\/\/jaaaeg.ee\/ru\/kafe-belyj-medved\/\" \/>\n<meta property=\"og:locale\" content=\"ru_RU\" \/>\n<meta property=\"og:type\" content=\"article\" \/>\n<meta property=\"og:title\" content=\"\u041a\u0430\u0444\u0435 - J\u00e4\u00e4aja Keskus\" \/>\n<meta property=\"og:description\" content=\"\u041a\u0430\u0444\u0435 \u0426\u0435\u043d\u0442\u0440\u0430 \u041b\u0435\u0434\u043d\u0438\u043a\u043e\u0432\u043e\u0433\u043e \u043f\u0435\u0440\u0438\u043e\u0434\u0430 \u2013 \u0443\u044e\u0442\u043d\u043e\u0435 \u043c\u0435\u0441\u0442\u043e \u0441 \u0436\u0438\u0432\u043e\u043f\u0438\u0441\u043d\u044b\u043c \u0432\u0438\u0434\u043e\u043c! \u041d\u0430\u0441\u043b\u0430\u0434\u0438\u0442\u0435\u0441\u044c \u0432\u043a\u0443\u0441\u043d\u044b\u043c \u043e\u0431\u0435\u0434\u0435\u043d\u043d\u044b\u043c \u0431\u0443\u0444\u0435\u0442\u043e\u043c. \u041f\u043e\u0441\u0435\u0442\u0438\u0442\u0435 \u043d\u0430\u0441 \u0432 \u042d\u043a\u0441\u0438, \u0422\u0430\u0440\u0442\u0443\u043c\u0430\u0430!\" \/>\n<meta property=\"og:url\" content=\"https:\/\/jaaaeg.ee\/ru\/kafe-belyj-medved\/\" \/>\n<meta property=\"og:site_name\" content=\"J\u00e4\u00e4aja Keskus\" \/>\n<meta property=\"article:publisher\" content=\"https:\/\/www.facebook.com\/JaaajaKeskus\/\" \/>\n<meta property=\"article:modified_time\" content=\"2026-03-05T14:51:16+00:00\" \/>\n<meta property=\"og:image\" content=\"https:\/\/jaaaeg.ee\/wp-content\/uploads\/2025\/08\/2025-05_jaaaja-keskuse-uus-naitus_foto-timo-arbeiter-artimo.ee-99-700x467.jpg\" \/>\n\t<meta property=\"og:image:width\" content=\"700\" \/>\n\t<meta property=\"og:image:height\" content=\"467\" \/>\n\t<meta property=\"og:image:type\" content=\"image\/jpeg\" \/>\n<meta name=\"twitter:card\" content=\"summary_large_image\" \/>\n<meta name=\"twitter:label1\" content=\"\u041f\u0440\u0438\u043c\u0435\u0440\u043d\u043e\u0435 \u0432\u0440\u0435\u043c\u044f \u0434\u043b\u044f \u0447\u0442\u0435\u043d\u0438\u044f\" \/>\n\t<meta name=\"twitter:data1\" content=\"3 \u043c\u0438\u043d\u0443\u0442\u044b\" \/>\n<script type=\"application\/ld+json\" class=\"yoast-schema-graph\">{\"@context\":\"https:\\\/\\\/schema.org\",\"@graph\":[{\"@type\":\"WebPage\",\"@id\":\"https:\\\/\\\/jaaaeg.ee\\\/ru\\\/kafe-belyj-medved\\\/\",\"url\":\"https:\\\/\\\/jaaaeg.ee\\\/ru\\\/kafe-belyj-medved\\\/\",\"name\":\"\u041a\u0430\u0444\u0435 - J\u00e4\u00e4aja Keskus\",\"isPartOf\":{\"@id\":\"https:\\\/\\\/jaaaeg.ee\\\/ru\\\/#website\"},\"primaryImageOfPage\":{\"@id\":\"https:\\\/\\\/jaaaeg.ee\\\/ru\\\/kafe-belyj-medved\\\/#primaryimage\"},\"image\":{\"@id\":\"https:\\\/\\\/jaaaeg.ee\\\/ru\\\/kafe-belyj-medved\\\/#primaryimage\"},\"thumbnailUrl\":\"https:\\\/\\\/jaaaeg.ee\\\/wp-content\\\/uploads\\\/2025\\\/08\\\/2025-05_jaaaja-keskuse-uus-naitus_foto-timo-arbeiter-artimo.ee-99.jpg\",\"datePublished\":\"2018-10-03T14:07:42+00:00\",\"dateModified\":\"2026-03-05T14:51:16+00:00\",\"description\":\"\u041a\u0430\u0444\u0435 \u0426\u0435\u043d\u0442\u0440\u0430 \u041b\u0435\u0434\u043d\u0438\u043a\u043e\u0432\u043e\u0433\u043e \u043f\u0435\u0440\u0438\u043e\u0434\u0430 \u2013 \u0443\u044e\u0442\u043d\u043e\u0435 \u043c\u0435\u0441\u0442\u043e \u0441 \u0436\u0438\u0432\u043e\u043f\u0438\u0441\u043d\u044b\u043c \u0432\u0438\u0434\u043e\u043c! \u041d\u0430\u0441\u043b\u0430\u0434\u0438\u0442\u0435\u0441\u044c \u0432\u043a\u0443\u0441\u043d\u044b\u043c \u043e\u0431\u0435\u0434\u0435\u043d\u043d\u044b\u043c \u0431\u0443\u0444\u0435\u0442\u043e\u043c. \u041f\u043e\u0441\u0435\u0442\u0438\u0442\u0435 \u043d\u0430\u0441 \u0432 \u042d\u043a\u0441\u0438, \u0422\u0430\u0440\u0442\u0443\u043c\u0430\u0430!\",\"breadcrumb\":{\"@id\":\"https:\\\/\\\/jaaaeg.ee\\\/ru\\\/kafe-belyj-medved\\\/#breadcrumb\"},\"inLanguage\":\"ru-RU\",\"potentialAction\":[{\"@type\":\"ReadAction\",\"target\":[\"https:\\\/\\\/jaaaeg.ee\\\/ru\\\/kafe-belyj-medved\\\/\"]}]},{\"@type\":\"ImageObject\",\"inLanguage\":\"ru-RU\",\"@id\":\"https:\\\/\\\/jaaaeg.ee\\\/ru\\\/kafe-belyj-medved\\\/#primaryimage\",\"url\":\"https:\\\/\\\/jaaaeg.ee\\\/wp-content\\\/uploads\\\/2025\\\/08\\\/2025-05_jaaaja-keskuse-uus-naitus_foto-timo-arbeiter-artimo.ee-99.jpg\",\"contentUrl\":\"https:\\\/\\\/jaaaeg.ee\\\/wp-content\\\/uploads\\\/2025\\\/08\\\/2025-05_jaaaja-keskuse-uus-naitus_foto-timo-arbeiter-artimo.ee-99.jpg\",\"width\":2048,\"height\":1365,\"caption\":\"J\u00e4\u00e4aja Keskuse kohvik\"},{\"@type\":\"BreadcrumbList\",\"@id\":\"https:\\\/\\\/jaaaeg.ee\\\/ru\\\/kafe-belyj-medved\\\/#breadcrumb\",\"itemListElement\":[{\"@type\":\"ListItem\",\"position\":1,\"name\":\"Home\",\"item\":\"https:\\\/\\\/jaaaeg.ee\\\/ru\\\/\"},{\"@type\":\"ListItem\",\"position\":2,\"name\":\"\u041a\u0430\u0444\u0435\"}]},{\"@type\":\"WebSite\",\"@id\":\"https:\\\/\\\/jaaaeg.ee\\\/ru\\\/#website\",\"url\":\"https:\\\/\\\/jaaaeg.ee\\\/ru\\\/\",\"name\":\"J\u00e4\u00e4aja Keskus\",\"description\":\"avastamisr\u00f5\u00f5m igas vanuses k\u00fclastajatele\",\"potentialAction\":[{\"@type\":\"SearchAction\",\"target\":{\"@type\":\"EntryPoint\",\"urlTemplate\":\"https:\\\/\\\/jaaaeg.ee\\\/ru\\\/?s={search_term_string}\"},\"query-input\":{\"@type\":\"PropertyValueSpecification\",\"valueRequired\":true,\"valueName\":\"search_term_string\"}}],\"inLanguage\":\"ru-RU\"}]}<\/script>\n<!-- \/ Yoast SEO plugin. -->","yoast_head_json":{"title":"\u041a\u0430\u0444\u0435 - J\u00e4\u00e4aja Keskus","description":"\u041a\u0430\u0444\u0435 \u0426\u0435\u043d\u0442\u0440\u0430 \u041b\u0435\u0434\u043d\u0438\u043a\u043e\u0432\u043e\u0433\u043e \u043f\u0435\u0440\u0438\u043e\u0434\u0430 \u2013 \u0443\u044e\u0442\u043d\u043e\u0435 \u043c\u0435\u0441\u0442\u043e \u0441 \u0436\u0438\u0432\u043e\u043f\u0438\u0441\u043d\u044b\u043c \u0432\u0438\u0434\u043e\u043c! \u041d\u0430\u0441\u043b\u0430\u0434\u0438\u0442\u0435\u0441\u044c \u0432\u043a\u0443\u0441\u043d\u044b\u043c \u043e\u0431\u0435\u0434\u0435\u043d\u043d\u044b\u043c \u0431\u0443\u0444\u0435\u0442\u043e\u043c. \u041f\u043e\u0441\u0435\u0442\u0438\u0442\u0435 \u043d\u0430\u0441 \u0432 \u042d\u043a\u0441\u0438, \u0422\u0430\u0440\u0442\u0443\u043c\u0430\u0430!","robots":{"index":"index","follow":"follow","max-snippet":"max-snippet:-1","max-image-preview":"max-image-preview:large","max-video-preview":"max-video-preview:-1"},"canonical":"https:\/\/jaaaeg.ee\/ru\/kafe-belyj-medved\/","og_locale":"ru_RU","og_type":"article","og_title":"\u041a\u0430\u0444\u0435 - J\u00e4\u00e4aja Keskus","og_description":"\u041a\u0430\u0444\u0435 \u0426\u0435\u043d\u0442\u0440\u0430 \u041b\u0435\u0434\u043d\u0438\u043a\u043e\u0432\u043e\u0433\u043e \u043f\u0435\u0440\u0438\u043e\u0434\u0430 \u2013 \u0443\u044e\u0442\u043d\u043e\u0435 \u043c\u0435\u0441\u0442\u043e \u0441 \u0436\u0438\u0432\u043e\u043f\u0438\u0441\u043d\u044b\u043c \u0432\u0438\u0434\u043e\u043c! \u041d\u0430\u0441\u043b\u0430\u0434\u0438\u0442\u0435\u0441\u044c \u0432\u043a\u0443\u0441\u043d\u044b\u043c \u043e\u0431\u0435\u0434\u0435\u043d\u043d\u044b\u043c \u0431\u0443\u0444\u0435\u0442\u043e\u043c. \u041f\u043e\u0441\u0435\u0442\u0438\u0442\u0435 \u043d\u0430\u0441 \u0432 \u042d\u043a\u0441\u0438, \u0422\u0430\u0440\u0442\u0443\u043c\u0430\u0430!","og_url":"https:\/\/jaaaeg.ee\/ru\/kafe-belyj-medved\/","og_site_name":"J\u00e4\u00e4aja Keskus","article_publisher":"https:\/\/www.facebook.com\/JaaajaKeskus\/","article_modified_time":"2026-03-05T14:51:16+00:00","og_image":[{"width":700,"height":467,"url":"https:\/\/jaaaeg.ee\/wp-content\/uploads\/2025\/08\/2025-05_jaaaja-keskuse-uus-naitus_foto-timo-arbeiter-artimo.ee-99-700x467.jpg","type":"image\/jpeg"}],"twitter_card":"summary_large_image","twitter_misc":{"\u041f\u0440\u0438\u043c\u0435\u0440\u043d\u043e\u0435 \u0432\u0440\u0435\u043c\u044f \u0434\u043b\u044f \u0447\u0442\u0435\u043d\u0438\u044f":"3 \u043c\u0438\u043d\u0443\u0442\u044b"},"schema":{"@context":"https:\/\/schema.org","@graph":[{"@type":"WebPage","@id":"https:\/\/jaaaeg.ee\/ru\/kafe-belyj-medved\/","url":"https:\/\/jaaaeg.ee\/ru\/kafe-belyj-medved\/","name":"\u041a\u0430\u0444\u0435 - J\u00e4\u00e4aja Keskus","isPartOf":{"@id":"https:\/\/jaaaeg.ee\/ru\/#website"},"primaryImageOfPage":{"@id":"https:\/\/jaaaeg.ee\/ru\/kafe-belyj-medved\/#primaryimage"},"image":{"@id":"https:\/\/jaaaeg.ee\/ru\/kafe-belyj-medved\/#primaryimage"},"thumbnailUrl":"https:\/\/jaaaeg.ee\/wp-content\/uploads\/2025\/08\/2025-05_jaaaja-keskuse-uus-naitus_foto-timo-arbeiter-artimo.ee-99.jpg","datePublished":"2018-10-03T14:07:42+00:00","dateModified":"2026-03-05T14:51:16+00:00","description":"\u041a\u0430\u0444\u0435 \u0426\u0435\u043d\u0442\u0440\u0430 \u041b\u0435\u0434\u043d\u0438\u043a\u043e\u0432\u043e\u0433\u043e \u043f\u0435\u0440\u0438\u043e\u0434\u0430 \u2013 \u0443\u044e\u0442\u043d\u043e\u0435 \u043c\u0435\u0441\u0442\u043e \u0441 \u0436\u0438\u0432\u043e\u043f\u0438\u0441\u043d\u044b\u043c \u0432\u0438\u0434\u043e\u043c! \u041d\u0430\u0441\u043b\u0430\u0434\u0438\u0442\u0435\u0441\u044c \u0432\u043a\u0443\u0441\u043d\u044b\u043c \u043e\u0431\u0435\u0434\u0435\u043d\u043d\u044b\u043c \u0431\u0443\u0444\u0435\u0442\u043e\u043c. \u041f\u043e\u0441\u0435\u0442\u0438\u0442\u0435 \u043d\u0430\u0441 \u0432 \u042d\u043a\u0441\u0438, \u0422\u0430\u0440\u0442\u0443\u043c\u0430\u0430!","breadcrumb":{"@id":"https:\/\/jaaaeg.ee\/ru\/kafe-belyj-medved\/#breadcrumb"},"inLanguage":"ru-RU","potentialAction":[{"@type":"ReadAction","target":["https:\/\/jaaaeg.ee\/ru\/kafe-belyj-medved\/"]}]},{"@type":"ImageObject","inLanguage":"ru-RU","@id":"https:\/\/jaaaeg.ee\/ru\/kafe-belyj-medved\/#primaryimage","url":"https:\/\/jaaaeg.ee\/wp-content\/uploads\/2025\/08\/2025-05_jaaaja-keskuse-uus-naitus_foto-timo-arbeiter-artimo.ee-99.jpg","contentUrl":"https:\/\/jaaaeg.ee\/wp-content\/uploads\/2025\/08\/2025-05_jaaaja-keskuse-uus-naitus_foto-timo-arbeiter-artimo.ee-99.jpg","width":2048,"height":1365,"caption":"J\u00e4\u00e4aja Keskuse kohvik"},{"@type":"BreadcrumbList","@id":"https:\/\/jaaaeg.ee\/ru\/kafe-belyj-medved\/#breadcrumb","itemListElement":[{"@type":"ListItem","position":1,"name":"Home","item":"https:\/\/jaaaeg.ee\/ru\/"},{"@type":"ListItem","position":2,"name":"\u041a\u0430\u0444\u0435"}]},{"@type":"WebSite","@id":"https:\/\/jaaaeg.ee\/ru\/#website","url":"https:\/\/jaaaeg.ee\/ru\/","name":"J\u00e4\u00e4aja Keskus","description":"avastamisr\u00f5\u00f5m igas vanuses k\u00fclastajatele","potentialAction":[{"@type":"SearchAction","target":{"@type":"EntryPoint","urlTemplate":"https:\/\/jaaaeg.ee\/ru\/?s={search_term_string}"},"query-input":{"@type":"PropertyValueSpecification","valueRequired":true,"valueName":"search_term_string"}}],"inLanguage":"ru-RU"}]}},"_links":{"self":[{"href":"https:\/\/jaaaeg.ee\/ru\/wp-json\/wp\/v2\/pages\/1896","targetHints":{"allow":["GET"]}}],"collection":[{"href":"https:\/\/jaaaeg.ee\/ru\/wp-json\/wp\/v2\/pages"}],"about":[{"href":"https:\/\/jaaaeg.ee\/ru\/wp-json\/wp\/v2\/types\/page"}],"author":[{"embeddable":true,"href":"https:\/\/jaaaeg.ee\/ru\/wp-json\/wp\/v2\/users\/1"}],"replies":[{"embeddable":true,"href":"https:\/\/jaaaeg.ee\/ru\/wp-json\/wp\/v2\/comments?post=1896"}],"version-history":[{"count":50,"href":"https:\/\/jaaaeg.ee\/ru\/wp-json\/wp\/v2\/pages\/1896\/revisions"}],"predecessor-version":[{"id":33796,"href":"https:\/\/jaaaeg.ee\/ru\/wp-json\/wp\/v2\/pages\/1896\/revisions\/33796"}],"wp:featuredmedia":[{"embeddable":true,"href":"https:\/\/jaaaeg.ee\/ru\/wp-json\/wp\/v2\/media\/32367"}],"wp:attachment":[{"href":"https:\/\/jaaaeg.ee\/ru\/wp-json\/wp\/v2\/media?parent=1896"}],"curies":[{"name":"wp","href":"https:\/\/api.w.org\/{rel}","templated":true}]}}