{"id":1886,"date":"2018-10-03T15:09:54","date_gmt":"2018-10-03T12:09:54","guid":{"rendered":"http:\/\/jaaaeg.ee\/?page_id=1886"},"modified":"2018-10-03T17:29:18","modified_gmt":"2018-10-03T14:29:18","slug":"drugie-vozmozhnosti","status":"publish","type":"page","link":"https:\/\/jaaaeg.ee\/ru\/o-centre-lednikovogo-perioda\/drugie-vozmozhnosti\/","title":{"rendered":"\u0414\u0440\u0443\u0433\u0438\u0435 \u0432\u043e\u0437\u043c\u043e\u0436\u043d\u043e\u0441\u0442\u0438"},"content":{"rendered":"\r\n<div class=\"vce-row-container\">\r\n<div id=\"el-18e54bee\" class=\"vce-row vce-row--col-gap-30 vce-row-columns--top vce-row-content--top\" data-vce-do-apply=\"all el-18e54bee\">\r\n<div class=\"vce-row-content\" data-vce-element-content=\"true\">\r\n<div id=\"el-1fc4ffea\" class=\"vce-col vce-col--md-100p vce-col--xs-1 vce-col--xs-last vce-col--xs-first vce-col--sm-last vce-col--sm-first vce-col--md-last vce-col--lg-last vce-col--xl-last vce-col--md-first vce-col--lg-first vce-col--xl-first\" data-vce-do-apply=\"background border el-1fc4ffea\">\r\n<div class=\"vce-col-inner\" data-vce-element-content=\"true\" data-vce-do-apply=\"padding margin el-1fc4ffea\">\r\n<div class=\"vce-text-block\">\r\n<div id=\"el-7d23847a\" class=\"vce-text-block-wrapper vce\" data-vce-do-apply=\"all el-7d23847a\">\r\n\r\n<!--vcv no format-->\r\n<div class=\"vce-row-container\">\r\n<div id=\"el-07313ccd\" class=\"vce-row vce-row--col-gap-30 vce-row-columns--top vce-row-content--top\" data-vce-do-apply=\"all el-07313ccd\">\r\n<div class=\"vce-row-content\" data-vce-element-content=\"true\">\r\n<div id=\"el-a025559b\" class=\"vce-col vce-col--md-100p vce-col--xs-1 vce-col--xs-last vce-col--xs-first vce-col--sm-last vce-col--sm-first vce-col--md-last vce-col--lg-last vce-col--xl-last vce-col--md-first vce-col--lg-first vce-col--xl-first\" data-vce-do-apply=\"background border el-a025559b\">\r\n<div class=\"vce-col-inner\" data-vce-element-content=\"true\" data-vce-do-apply=\"padding margin el-a025559b\">\r\n<div class=\"vce-text-block\">\r\n<div id=\"el-adbae6c2\" class=\"vce-text-block-wrapper vce\" data-vce-do-apply=\"all el-adbae6c2\">\r\n\r\n\u0426\u0435\u043d\u0442\u0440 \u043b\u0435\u0434\u043d\u0438\u043a\u043e\u0432\u043e\u0433\u043e \u043f\u0435\u0440\u0438\u043e\u0434\u0430 \u0440\u0430\u0441\u043f\u043e\u043b\u043e\u0436\u0435\u043d \u043d\u0430 \u0431\u0435\u0440\u0435\u0433\u0443 \u0436\u0438\u0432\u043e\u043f\u0438\u0441\u043d\u043e\u0433\u043e \u043e\u0437\u0435\u0440\u0430 \u0421\u0410\u0410\u0414\u042a\u042f\u0420\u0412. \u0412 \u043b\u0435\u0442\u043d\u0435\u0435 \u0432\u0440\u0435\u043c\u044f \u0432\u044b \u043c\u043e\u0436\u0435\u0442\u0435 \u0438\u0441\u043a\u0443\u043f\u0430\u0442\u044c\u0441\u044f \u0432 \u043e\u0437\u0435\u0440\u0435, \u0430 \u0442\u0430\u043a\u0436\u0435 \u043f\u043e\u0440\u044b\u0431\u0430\u0447\u0438\u0442\u044c \u0438\u043b\u0438 \u043f\u043e\u043f\u043b\u0430\u0432\u0430\u0442\u044c \u043d\u0430 \u043f\u043b\u043e\u0442\u0443.\r\n\r\n<strong>\u0412 \u0437\u0434\u0430\u043d\u0438\u0438 \u0426\u0435\u043d\u0442\u0440\u0430 \u043f\u0440\u0438\u0440\u043e\u0434\u044b<\/strong> \u0432\u043e\u0437\u043b\u0435 \u043e\u0437\u0435\u0440\u0430 \u0421\u0430\u0430\u0434\u044a\u044f\u0440\u0432 \u0432 \u043f\u043e\u0441\u0435\u043b\u043a\u0435 \u042d\u043a\u0441\u0438 \u0440\u0430\u0441\u043f\u043e\u043b\u043e\u0436\u0435\u043d\u044b \u0441\u043b\u0435\u0434\u0443\u044e\u0449\u0438\u0435 \u043e\u0431\u044a\u0435\u043a\u0442\u044b: \u043e\u0444\u0438\u0441 \u0426\u0435\u043d\u0442\u0440\u0430 \u043b\u0435\u0434\u043d\u0438\u043a\u043e\u0432\u043e\u0433\u043e \u043f\u0435\u0440\u0438\u043e\u0434\u0430, \u0443\u0447\u0435\u0431\u043d\u044b\u0439 \u043a\u043b\u0430\u0441\u0441 \u043f\u0440\u0438\u0440\u043e\u0434\u043e\u0432\u0435\u0434\u0447\u0435\u0441\u043a\u043e\u0439 \u0448\u043a\u043e\u043b\u044b \u0421\u0430\u0430\u0434\u044a\u044f\u0440\u0432, \u043a\u043e\u043c\u043d\u0430\u0442\u0430-\u043c\u0443\u0437\u0435\u0439 \u0421\u043e\u043e\u043c\u0435\u043f\u043e\u0439\u0441\u0442\u0435, \u0431\u0438\u0431\u043b\u0438\u043e\u0442\u0435\u043a\u0430 \u042d\u043a\u0441\u0438 \u0438 \u043f\u043e\u0441\u0435\u043b\u043a\u043e\u0432\u044b\u0439 \u043c\u0430\u0433\u0430\u0437\u0438\u043d.\r\n\r\n<strong>\u0412 \u0440\u0435\u0433\u0438\u043e\u043d\u0435 \u0421\u0430\u0430\u0434\u044a\u044f\u0440\u0432\u0435 \u0434\u0435\u0439\u0441\u0442\u0432\u0443\u044e\u0442 \u0441\u043b\u0435\u0434\u0443\u044e\u0449\u0438\u0435 \u043e\u0440\u0433\u0430\u043d\u0438\u0437\u0430\u0446\u0438\u0438:\r\n<\/strong>\u2013\u00a0<a href=\"https:\/\/www.saadjarvejahtklubi.ee\/\">\u042f\u0445\u0442-\u043a\u043b\u0443\u0431 \u00abSaadj\u00e4rve Jahtklubi\u00bb<\/a>\u2013 \u042f\u0445\u0442\u0435\u043d\u043d\u044b\u0439 \u0441\u043f\u043e\u0440\u0442 \u0438 \u043f\u0440\u0435\u0432\u043e\u0441\u0445\u043e\u0434\u043d\u044b\u0435 \u0432\u043e\u0437\u043c\u043e\u0436\u043d\u043e\u0441\u0442\u0438 \u0434\u043b\u044f \u0430\u043a\u0442\u0438\u0432\u043d\u043e\u0433\u043e \u043e\u0442\u0434\u044b\u0445\u0430 \u0432 \u0436\u0438\u0432\u043e\u043f\u0438\u0441\u043d\u043e\u043c \u0422\u0430\u0440\u0442\u0443\u0441\u043a\u043e\u043c \u0443\u0435\u0437\u0434\u0435\r\n\u2013\u00a0\u042f\u0445\u0442-\u043a\u043b\u0443\u0431 \u00abTartu Kalevi Jahtklubi\u00bb\r\n\u2013\u0414\u043e\u0431\u0440\u043e\u0432\u043e\u043b\u044c\u0447\u0435\u0441\u043a\u0430\u044f \u0441\u043f\u0430\u0441\u0430\u0442\u0435\u043b\u044c\u043d\u0430\u044f \u043e\u0440\u0433\u0430\u043d\u0438\u0437\u0430\u0446\u0438\u044f \u00abSaadj\u00e4rve Vabatahtlik J\u00e4rvep\u00e4\u00e4ste\u00bb\r\n\u2013 MT\u00dc \u00c4ksi Motoklubi\r\n\r\n&nbsp;\r\n<h3>\u0414\u043e\u0441\u0442\u043e\u043f\u0440\u0438\u043c\u0435\u0447\u0430\u0442\u0435\u043b\u044c\u043d\u043e\u0441\u0442\u0438 \u0438 \u0432\u043e\u0437\u043c\u043e\u0436\u043d\u043e\u0441\u0442\u0438 \u0434\u043b\u044f \u043f\u0440\u043e\u0432\u0435\u0434\u0435\u043d\u0438\u044f \u0434\u043e\u0441\u0443\u0433\u0430<\/h3>\r\n<ul>\r\n \t<li><a href=\"https:\/\/reisisell.ee\/index.php\/turismiobjektid-2\/141-kaiavere-vaatetorn\">\u0421\u043c\u043e\u0442\u0440\u043e\u0432\u0430\u044f<\/a> \u0432\u044b\u0448\u043a\u0430 \u041a\u0430\u0439\u0430\u0432\u0435\u0440\u0435<\/li>\r\n<\/ul>\r\n<ul>\r\n \t<li>\u0421\u0442\u043e\u043b\u044f\u0440\u043d\u0430\u044f \u0448\u043a\u043e\u043b\u0430, \u0430\u0440\u0431\u043e\u0440\u0435\u0442\u0443\u043c \u0438 \u043c\u0443\u0437\u0435\u0439\u043d\u044b\u0435 \u043f\u043e\u043c\u0435\u0449\u0435\u043d\u0438\u044f \u0432 \u041b\u0443\u0443\u0430<\/li>\r\n \t<li>\u0422\u0440\u043e\u043f\u044b \u0437\u0434\u043e\u0440\u043e\u0432\u044c\u044f \u0438 \u0441\u043c\u043e\u0442\u0440\u043e\u0432\u0430\u044f \u0432\u044b\u0448\u043a\u0430 \u0432 \u041b\u044f\u0445\u0442\u0435<\/li>\r\n \t<li>\u041f\u0430\u043b\u0430\u043c\u0443\u0437\u0435. \u041f\u0440\u0438\u0445\u043e\u0434\u0441\u043a\u0430\u044f \u0448\u043a\u043e\u043b\u0430-\u043c\u0443\u0437\u0435\u0439 \u041e\u0441\u043a\u0430\u0440\u0430 \u041b\u0443\u0442\u0441\u0430<\/li>\r\n \t<li>\u041f\u043b\u043e\u0449\u0430\u0434\u043a\u0430 \u0434\u043b\u044f \u043f\u0438\u043a\u043d\u0438\u043a\u0430 \u0438 \u0441\u043c\u043e\u0442\u0440\u043e\u0432\u0430\u044f \u0432\u044b\u0448\u043a\u0430 \u0432 \u0420\u0430\u0439\u0433\u0430\u0441\u0442\u0432\u0435\u0440\u0435<\/li>\r\n \t<li>\u0417\u043e\u043e\u043f\u0430\u0440\u043a \u0432 \u042d\u043b\u0438\u0441\u0442\u0432\u0435\u0440\u0435<\/li>\r\n<\/ul>\r\n<ul>\r\n \t<li>\u041a\u043e\u043c\u043d\u0430\u0442\u0430-\u043c\u0443\u0437\u0435\u0439 \u0444\u0438\u043d\u0441\u043a\u0438\u0445 \u0441\u043e\u043b\u0434\u0430\u0442<\/li>\r\n \t<li>\u0426\u0435\u043d\u0442\u0440 \u0434\u043e\u0441\u0443\u0434\u0430 \u0432 \u0422\u0430\u0431\u0438\u0432\u0435\u0440\u0435<\/li>\r\n<\/ul>\r\n<ul>\r\n \t<li>\u0412\u043e\u043b\u043e\u0441\u0442\u043d\u043e\u0439 \u043c\u0443\u0437\u0435\u0439 \u0432 \u0422\u0430\u0431\u0438\u0432\u0435\u0440\u0435<\/li>\r\n<\/ul>\r\n<ul>\r\n \t<li><a href=\"https:\/\/www.vudila.ee\/\">Vudila<\/a><\/li>\r\n \t<li>\u041f\u0430\u0440\u043a \u043a\u0430\u0447\u0435\u043b\u0435\u0439 \u0432 \u042d\u043a\u0441\u0438<\/li>\r\n<\/ul>\r\n&nbsp;\r\n<h3>\u0411\u043b\u0438\u0436\u0430\u0439\u0448\u0438\u0435 \u043a \u0426\u0435\u043d\u0442\u0440\u0435 \u043b\u0435\u0434\u043d\u0438\u043a\u043e\u0432\u043e\u0433\u043e \u043f\u0435\u0440\u0438\u043e\u0434\u0430 \u043c\u0435\u0441\u0442\u0430 \u0434\u043b\u044f \u043f\u0440\u043e\u0436\u0438\u0432\u0430\u043d\u0438\u044f<\/h3>\r\n<ul>\r\n \t<li><a href=\"https:\/\/www.maeotsapuhketalu.ee\/ee\/\">\u0445\u0443\u0442\u043e\u0440<\/a> \u041c\u044f\u044d\u043e\u0442\u0441\u0430<\/li>\r\n \t<li>\u043e\u0442\u0435\u043b\u044c<a href=\"https:\/\/www.raadihotell.ee\/\">Raadim\u00f5isa <\/a><\/li>\r\n \t<li>\u0442\u0443\u0440\u0438\u0441\u0442\u0438\u0447\u0435\u0441\u043a\u0438\u0439 \u0445\u0443\u0442\u043e\u0440 \u041a\u0443\u0440\u0435<\/li>\r\n \t<li>\u043f\u0430\u043b\u0430\u0442\u043e\u0447\u043d\u044b\u0435 \u043b\u0430\u0433\u0435\u0440\u044f \u0432 \u0422\u0430\u0440\u0442\u0443\u043c\u0430\u0430 \u0438 \u0439\u044b\u0433\u0435\u0432\u0430\u043c\u0430\u0430<\/li>\r\n \t<li>\u0442\u0443\u0440\u0438\u0441\u0442\u0438\u0447\u0435\u0441\u043a\u0430\u044f \u0438\u043d\u0444\u043e\u0440\u043c\u0430\u0446\u0438\u044f \u043f\u043e \u0422\u0430\u0440\u0442\u0443 \u0438 \u0422\u0430\u0440\u0442\u0443\u0441\u043a\u043e\u043c\u0443 \u0443\u0435\u0437\u0434\u0443<\/li>\r\n<\/ul>\r\n&nbsp;\r\n\r\n<\/div>\r\n<\/div>\r\n<\/div>\r\n<\/div>\r\n<\/div>\r\n<\/div>\r\n<\/div>\r\n<!--vcv no format-->\r\n\r\n<\/div>\r\n<\/div>\r\n<\/div>\r\n<\/div>\r\n<\/div>\r\n<\/div>\r\n<\/div>\r\n\n","protected":false},"excerpt":{"rendered":"\u0426\u0435\u043d\u0442\u0440 \u043b\u0435\u0434\u043d\u0438\u043a\u043e\u0432\u043e\u0433\u043e \u043f\u0435\u0440\u0438\u043e\u0434\u0430 \u0440\u0430\u0441\u043f\u043e\u043b\u043e\u0436\u0435\u043d \u043d\u0430 \u0431\u0435\u0440\u0435\u0433\u0443 \u0436\u0438\u0432\u043e\u043f\u0438\u0441\u043d\u043e\u0433\u043e \u043e\u0437\u0435\u0440\u0430 \u0421\u0410\u0410\u0414\u042a\u042f\u0420\u0412. \u0412 \u043b\u0435\u0442\u043d\u0435\u0435 \u0432\u0440\u0435\u043c\u044f \u0432\u044b \u043c\u043e\u0436\u0435\u0442\u0435 \u0438\u0441\u043a\u0443\u043f\u0430\u0442\u044c\u0441\u044f \u0432 \u043e\u0437\u0435\u0440\u0435, \u0430 \u0442\u0430\u043a\u0436\u0435 \u043f\u043e\u0440\u044b\u0431\u0430\u0447\u0438\u0442\u044c \u0438\u043b\u0438 \u043f\u043e\u043f\u043b\u0430\u0432\u0430\u0442\u044c \u043d\u0430 \u043f\u043b\u043e\u0442\u0443. \u0412 \u0437\u0434\u0430\u043d\u0438\u0438 \u0426\u0435\u043d\u0442\u0440\u0430 \u043f\u0440\u0438\u0440\u043e\u0434\u044b \u0432\u043e\u0437\u043b\u0435 \u043e\u0437\u0435\u0440\u0430 \u0421\u0430\u0430\u0434\u044a\u044f\u0440\u0432 \u0432 \u043f\u043e\u0441\u0435\u043b\u043a\u0435 \u042d\u043a\u0441\u0438 \u0440\u0430\u0441\u043f\u043e\u043b\u043e\u0436\u0435\u043d\u044b \u0441\u043b\u0435\u0434\u0443\u044e\u0449\u0438\u0435 \u043e\u0431\u044a\u0435\u043a\u0442\u044b: \u043e\u0444\u0438\u0441 \u0426\u0435\u043d\u0442\u0440\u0430 \u043b\u0435\u0434\u043d\u0438\u043a\u043e\u0432\u043e\u0433\u043e \u043f\u0435\u0440\u0438\u043e\u0434\u0430, \u0443\u0447\u0435\u0431\u043d\u044b\u0439 \u043a\u043b\u0430\u0441\u0441 \u043f\u0440\u0438\u0440\u043e\u0434\u043e\u0432\u0435\u0434\u0447\u0435\u0441\u043a\u043e\u0439 \u0448\u043a\u043e\u043b\u044b \u0421\u0430\u0430\u0434\u044a\u044f\u0440\u0432, \u043a\u043e\u043c\u043d\u0430\u0442\u0430-\u043c\u0443\u0437\u0435\u0439 \u0421\u043e\u043e\u043c\u0435\u043f\u043e\u0439\u0441\u0442\u0435, \u0431\u0438\u0431\u043b\u0438\u043e\u0442\u0435\u043a\u0430 \u042d\u043a\u0441\u0438 \u0438 \u043f\u043e\u0441\u0435\u043b\u043a\u043e\u0432\u044b\u0439 \u043c\u0430\u0433\u0430\u0437\u0438\u043d. \u0412 \u0440\u0435\u0433\u0438\u043e\u043d\u0435&#8230; <a class=\"view-article\" href=\"https:\/\/jaaaeg.ee\/ru\/o-centre-lednikovogo-perioda\/drugie-vozmozhnosti\/\">\u041f\u0440\u043e\u0447\u0438\u0442\u0430\u0439\u0442\u0435 \u0431\u043e\u043b\u044c\u0448\u0435<\/a>","protected":false},"author":1,"featured_media":0,"parent":1850,"menu_order":316,"comment_status":"closed","ping_status":"closed","template":"template-sidebar.php","meta":{"_acf_changed":false,"ngg_post_thumbnail":0,"footnotes":""},"class_list":["post-1886","page","type-page","status-publish","hentry"],"acf":[],"yoast_head":"<!-- This site is optimized with the Yoast SEO plugin v27.3 - https:\/\/yoast.com\/product\/yoast-seo-wordpress\/ -->\n<title>\u0414\u0440\u0443\u0433\u0438\u0435 \u0432\u043e\u0437\u043c\u043e\u0436\u043d\u043e\u0441\u0442\u0438 - J\u00e4\u00e4aja Keskus<\/title>\n<meta name=\"robots\" content=\"index, follow, max-snippet:-1, max-image-preview:large, max-video-preview:-1\" \/>\n<link rel=\"canonical\" href=\"https:\/\/jaaaeg.ee\/ru\/o-centre-lednikovogo-perioda\/drugie-vozmozhnosti\/\" \/>\n<meta property=\"og:locale\" content=\"ru_RU\" \/>\n<meta property=\"og:type\" content=\"article\" \/>\n<meta property=\"og:title\" content=\"\u0414\u0440\u0443\u0433\u0438\u0435 \u0432\u043e\u0437\u043c\u043e\u0436\u043d\u043e\u0441\u0442\u0438 - J\u00e4\u00e4aja Keskus\" \/>\n<meta property=\"og:description\" content=\"\u0426\u0435\u043d\u0442\u0440 \u043b\u0435\u0434\u043d\u0438\u043a\u043e\u0432\u043e\u0433\u043e \u043f\u0435\u0440\u0438\u043e\u0434\u0430 \u0440\u0430\u0441\u043f\u043e\u043b\u043e\u0436\u0435\u043d \u043d\u0430 \u0431\u0435\u0440\u0435\u0433\u0443 \u0436\u0438\u0432\u043e\u043f\u0438\u0441\u043d\u043e\u0433\u043e \u043e\u0437\u0435\u0440\u0430 \u0421\u0410\u0410\u0414\u042a\u042f\u0420\u0412. \u0412 \u043b\u0435\u0442\u043d\u0435\u0435 \u0432\u0440\u0435\u043c\u044f \u0432\u044b \u043c\u043e\u0436\u0435\u0442\u0435 \u0438\u0441\u043a\u0443\u043f\u0430\u0442\u044c\u0441\u044f \u0432 \u043e\u0437\u0435\u0440\u0435, \u0430 \u0442\u0430\u043a\u0436\u0435 \u043f\u043e\u0440\u044b\u0431\u0430\u0447\u0438\u0442\u044c \u0438\u043b\u0438 \u043f\u043e\u043f\u043b\u0430\u0432\u0430\u0442\u044c \u043d\u0430 \u043f\u043b\u043e\u0442\u0443. \u0412 \u0437\u0434\u0430\u043d\u0438\u0438 \u0426\u0435\u043d\u0442\u0440\u0430 \u043f\u0440\u0438\u0440\u043e\u0434\u044b \u0432\u043e\u0437\u043b\u0435 \u043e\u0437\u0435\u0440\u0430 \u0421\u0430\u0430\u0434\u044a\u044f\u0440\u0432 \u0432 \u043f\u043e\u0441\u0435\u043b\u043a\u0435 \u042d\u043a\u0441\u0438 \u0440\u0430\u0441\u043f\u043e\u043b\u043e\u0436\u0435\u043d\u044b \u0441\u043b\u0435\u0434\u0443\u044e\u0449\u0438\u0435 \u043e\u0431\u044a\u0435\u043a\u0442\u044b: \u043e\u0444\u0438\u0441 \u0426\u0435\u043d\u0442\u0440\u0430 \u043b\u0435\u0434\u043d\u0438\u043a\u043e\u0432\u043e\u0433\u043e \u043f\u0435\u0440\u0438\u043e\u0434\u0430, \u0443\u0447\u0435\u0431\u043d\u044b\u0439 \u043a\u043b\u0430\u0441\u0441 \u043f\u0440\u0438\u0440\u043e\u0434\u043e\u0432\u0435\u0434\u0447\u0435\u0441\u043a\u043e\u0439 \u0448\u043a\u043e\u043b\u044b \u0421\u0430\u0430\u0434\u044a\u044f\u0440\u0432, \u043a\u043e\u043c\u043d\u0430\u0442\u0430-\u043c\u0443\u0437\u0435\u0439 \u0421\u043e\u043e\u043c\u0435\u043f\u043e\u0439\u0441\u0442\u0435, \u0431\u0438\u0431\u043b\u0438\u043e\u0442\u0435\u043a\u0430 \u042d\u043a\u0441\u0438 \u0438 \u043f\u043e\u0441\u0435\u043b\u043a\u043e\u0432\u044b\u0439 \u043c\u0430\u0433\u0430\u0437\u0438\u043d. \u0412 \u0440\u0435\u0433\u0438\u043e\u043d\u0435... \u041f\u0440\u043e\u0447\u0438\u0442\u0430\u0439\u0442\u0435 \u0431\u043e\u043b\u044c\u0448\u0435\" \/>\n<meta property=\"og:url\" content=\"https:\/\/jaaaeg.ee\/ru\/o-centre-lednikovogo-perioda\/drugie-vozmozhnosti\/\" \/>\n<meta property=\"og:site_name\" content=\"J\u00e4\u00e4aja Keskus\" \/>\n<meta property=\"article:publisher\" content=\"https:\/\/www.facebook.com\/JaaajaKeskus\/\" \/>\n<meta property=\"article:modified_time\" content=\"2018-10-03T14:29:18+00:00\" \/>\n<meta name=\"twitter:card\" content=\"summary_large_image\" \/>\n<script type=\"application\/ld+json\" class=\"yoast-schema-graph\">{\"@context\":\"https:\\\/\\\/schema.org\",\"@graph\":[{\"@type\":\"WebPage\",\"@id\":\"https:\\\/\\\/jaaaeg.ee\\\/ru\\\/o-centre-lednikovogo-perioda\\\/drugie-vozmozhnosti\\\/\",\"url\":\"https:\\\/\\\/jaaaeg.ee\\\/ru\\\/o-centre-lednikovogo-perioda\\\/drugie-vozmozhnosti\\\/\",\"name\":\"\u0414\u0440\u0443\u0433\u0438\u0435 \u0432\u043e\u0437\u043c\u043e\u0436\u043d\u043e\u0441\u0442\u0438 - J\u00e4\u00e4aja Keskus\",\"isPartOf\":{\"@id\":\"https:\\\/\\\/jaaaeg.ee\\\/ru\\\/#website\"},\"datePublished\":\"2018-10-03T12:09:54+00:00\",\"dateModified\":\"2018-10-03T14:29:18+00:00\",\"breadcrumb\":{\"@id\":\"https:\\\/\\\/jaaaeg.ee\\\/ru\\\/o-centre-lednikovogo-perioda\\\/drugie-vozmozhnosti\\\/#breadcrumb\"},\"inLanguage\":\"ru-RU\",\"potentialAction\":[{\"@type\":\"ReadAction\",\"target\":[\"https:\\\/\\\/jaaaeg.ee\\\/ru\\\/o-centre-lednikovogo-perioda\\\/drugie-vozmozhnosti\\\/\"]}]},{\"@type\":\"BreadcrumbList\",\"@id\":\"https:\\\/\\\/jaaaeg.ee\\\/ru\\\/o-centre-lednikovogo-perioda\\\/drugie-vozmozhnosti\\\/#breadcrumb\",\"itemListElement\":[{\"@type\":\"ListItem\",\"position\":1,\"name\":\"Home\",\"item\":\"https:\\\/\\\/jaaaeg.ee\\\/ru\\\/\"},{\"@type\":\"ListItem\",\"position\":2,\"name\":\"\u041e \u0426\u0435\u043d\u0442\u0440\u0435 \u043b\u0435\u0434\u043d\u0438\u043a\u043e\u0432\u043e\u0433\u043e \u043f\u0435\u0440\u0438\u043e\u0434\u0430\",\"item\":\"https:\\\/\\\/jaaaeg.ee\\\/ru\\\/o-centre-lednikovogo-perioda\\\/\"},{\"@type\":\"ListItem\",\"position\":3,\"name\":\"\u0414\u0440\u0443\u0433\u0438\u0435 \u0432\u043e\u0437\u043c\u043e\u0436\u043d\u043e\u0441\u0442\u0438\"}]},{\"@type\":\"WebSite\",\"@id\":\"https:\\\/\\\/jaaaeg.ee\\\/ru\\\/#website\",\"url\":\"https:\\\/\\\/jaaaeg.ee\\\/ru\\\/\",\"name\":\"J\u00e4\u00e4aja Keskus\",\"description\":\"avastamisr\u00f5\u00f5m igas vanuses k\u00fclastajatele\",\"potentialAction\":[{\"@type\":\"SearchAction\",\"target\":{\"@type\":\"EntryPoint\",\"urlTemplate\":\"https:\\\/\\\/jaaaeg.ee\\\/ru\\\/?s={search_term_string}\"},\"query-input\":{\"@type\":\"PropertyValueSpecification\",\"valueRequired\":true,\"valueName\":\"search_term_string\"}}],\"inLanguage\":\"ru-RU\"}]}<\/script>\n<!-- \/ Yoast SEO plugin. -->","yoast_head_json":{"title":"\u0414\u0440\u0443\u0433\u0438\u0435 \u0432\u043e\u0437\u043c\u043e\u0436\u043d\u043e\u0441\u0442\u0438 - J\u00e4\u00e4aja Keskus","robots":{"index":"index","follow":"follow","max-snippet":"max-snippet:-1","max-image-preview":"max-image-preview:large","max-video-preview":"max-video-preview:-1"},"canonical":"https:\/\/jaaaeg.ee\/ru\/o-centre-lednikovogo-perioda\/drugie-vozmozhnosti\/","og_locale":"ru_RU","og_type":"article","og_title":"\u0414\u0440\u0443\u0433\u0438\u0435 \u0432\u043e\u0437\u043c\u043e\u0436\u043d\u043e\u0441\u0442\u0438 - J\u00e4\u00e4aja Keskus","og_description":"\u0426\u0435\u043d\u0442\u0440 \u043b\u0435\u0434\u043d\u0438\u043a\u043e\u0432\u043e\u0433\u043e \u043f\u0435\u0440\u0438\u043e\u0434\u0430 \u0440\u0430\u0441\u043f\u043e\u043b\u043e\u0436\u0435\u043d \u043d\u0430 \u0431\u0435\u0440\u0435\u0433\u0443 \u0436\u0438\u0432\u043e\u043f\u0438\u0441\u043d\u043e\u0433\u043e \u043e\u0437\u0435\u0440\u0430 \u0421\u0410\u0410\u0414\u042a\u042f\u0420\u0412. \u0412 \u043b\u0435\u0442\u043d\u0435\u0435 \u0432\u0440\u0435\u043c\u044f \u0432\u044b \u043c\u043e\u0436\u0435\u0442\u0435 \u0438\u0441\u043a\u0443\u043f\u0430\u0442\u044c\u0441\u044f \u0432 \u043e\u0437\u0435\u0440\u0435, \u0430 \u0442\u0430\u043a\u0436\u0435 \u043f\u043e\u0440\u044b\u0431\u0430\u0447\u0438\u0442\u044c \u0438\u043b\u0438 \u043f\u043e\u043f\u043b\u0430\u0432\u0430\u0442\u044c \u043d\u0430 \u043f\u043b\u043e\u0442\u0443. \u0412 \u0437\u0434\u0430\u043d\u0438\u0438 \u0426\u0435\u043d\u0442\u0440\u0430 \u043f\u0440\u0438\u0440\u043e\u0434\u044b \u0432\u043e\u0437\u043b\u0435 \u043e\u0437\u0435\u0440\u0430 \u0421\u0430\u0430\u0434\u044a\u044f\u0440\u0432 \u0432 \u043f\u043e\u0441\u0435\u043b\u043a\u0435 \u042d\u043a\u0441\u0438 \u0440\u0430\u0441\u043f\u043e\u043b\u043e\u0436\u0435\u043d\u044b \u0441\u043b\u0435\u0434\u0443\u044e\u0449\u0438\u0435 \u043e\u0431\u044a\u0435\u043a\u0442\u044b: \u043e\u0444\u0438\u0441 \u0426\u0435\u043d\u0442\u0440\u0430 \u043b\u0435\u0434\u043d\u0438\u043a\u043e\u0432\u043e\u0433\u043e \u043f\u0435\u0440\u0438\u043e\u0434\u0430, \u0443\u0447\u0435\u0431\u043d\u044b\u0439 \u043a\u043b\u0430\u0441\u0441 \u043f\u0440\u0438\u0440\u043e\u0434\u043e\u0432\u0435\u0434\u0447\u0435\u0441\u043a\u043e\u0439 \u0448\u043a\u043e\u043b\u044b \u0421\u0430\u0430\u0434\u044a\u044f\u0440\u0432, \u043a\u043e\u043c\u043d\u0430\u0442\u0430-\u043c\u0443\u0437\u0435\u0439 \u0421\u043e\u043e\u043c\u0435\u043f\u043e\u0439\u0441\u0442\u0435, \u0431\u0438\u0431\u043b\u0438\u043e\u0442\u0435\u043a\u0430 \u042d\u043a\u0441\u0438 \u0438 \u043f\u043e\u0441\u0435\u043b\u043a\u043e\u0432\u044b\u0439 \u043c\u0430\u0433\u0430\u0437\u0438\u043d. \u0412 \u0440\u0435\u0433\u0438\u043e\u043d\u0435... \u041f\u0440\u043e\u0447\u0438\u0442\u0430\u0439\u0442\u0435 \u0431\u043e\u043b\u044c\u0448\u0435","og_url":"https:\/\/jaaaeg.ee\/ru\/o-centre-lednikovogo-perioda\/drugie-vozmozhnosti\/","og_site_name":"J\u00e4\u00e4aja Keskus","article_publisher":"https:\/\/www.facebook.com\/JaaajaKeskus\/","article_modified_time":"2018-10-03T14:29:18+00:00","twitter_card":"summary_large_image","schema":{"@context":"https:\/\/schema.org","@graph":[{"@type":"WebPage","@id":"https:\/\/jaaaeg.ee\/ru\/o-centre-lednikovogo-perioda\/drugie-vozmozhnosti\/","url":"https:\/\/jaaaeg.ee\/ru\/o-centre-lednikovogo-perioda\/drugie-vozmozhnosti\/","name":"\u0414\u0440\u0443\u0433\u0438\u0435 \u0432\u043e\u0437\u043c\u043e\u0436\u043d\u043e\u0441\u0442\u0438 - J\u00e4\u00e4aja Keskus","isPartOf":{"@id":"https:\/\/jaaaeg.ee\/ru\/#website"},"datePublished":"2018-10-03T12:09:54+00:00","dateModified":"2018-10-03T14:29:18+00:00","breadcrumb":{"@id":"https:\/\/jaaaeg.ee\/ru\/o-centre-lednikovogo-perioda\/drugie-vozmozhnosti\/#breadcrumb"},"inLanguage":"ru-RU","potentialAction":[{"@type":"ReadAction","target":["https:\/\/jaaaeg.ee\/ru\/o-centre-lednikovogo-perioda\/drugie-vozmozhnosti\/"]}]},{"@type":"BreadcrumbList","@id":"https:\/\/jaaaeg.ee\/ru\/o-centre-lednikovogo-perioda\/drugie-vozmozhnosti\/#breadcrumb","itemListElement":[{"@type":"ListItem","position":1,"name":"Home","item":"https:\/\/jaaaeg.ee\/ru\/"},{"@type":"ListItem","position":2,"name":"\u041e \u0426\u0435\u043d\u0442\u0440\u0435 \u043b\u0435\u0434\u043d\u0438\u043a\u043e\u0432\u043e\u0433\u043e \u043f\u0435\u0440\u0438\u043e\u0434\u0430","item":"https:\/\/jaaaeg.ee\/ru\/o-centre-lednikovogo-perioda\/"},{"@type":"ListItem","position":3,"name":"\u0414\u0440\u0443\u0433\u0438\u0435 \u0432\u043e\u0437\u043c\u043e\u0436\u043d\u043e\u0441\u0442\u0438"}]},{"@type":"WebSite","@id":"https:\/\/jaaaeg.ee\/ru\/#website","url":"https:\/\/jaaaeg.ee\/ru\/","name":"J\u00e4\u00e4aja Keskus","description":"avastamisr\u00f5\u00f5m igas vanuses k\u00fclastajatele","potentialAction":[{"@type":"SearchAction","target":{"@type":"EntryPoint","urlTemplate":"https:\/\/jaaaeg.ee\/ru\/?s={search_term_string}"},"query-input":{"@type":"PropertyValueSpecification","valueRequired":true,"valueName":"search_term_string"}}],"inLanguage":"ru-RU"}]}},"_links":{"self":[{"href":"https:\/\/jaaaeg.ee\/ru\/wp-json\/wp\/v2\/pages\/1886","targetHints":{"allow":["GET"]}}],"collection":[{"href":"https:\/\/jaaaeg.ee\/ru\/wp-json\/wp\/v2\/pages"}],"about":[{"href":"https:\/\/jaaaeg.ee\/ru\/wp-json\/wp\/v2\/types\/page"}],"author":[{"embeddable":true,"href":"https:\/\/jaaaeg.ee\/ru\/wp-json\/wp\/v2\/users\/1"}],"replies":[{"embeddable":true,"href":"https:\/\/jaaaeg.ee\/ru\/wp-json\/wp\/v2\/comments?post=1886"}],"version-history":[{"count":4,"href":"https:\/\/jaaaeg.ee\/ru\/wp-json\/wp\/v2\/pages\/1886\/revisions"}],"predecessor-version":[{"id":1931,"href":"https:\/\/jaaaeg.ee\/ru\/wp-json\/wp\/v2\/pages\/1886\/revisions\/1931"}],"up":[{"embeddable":true,"href":"https:\/\/jaaaeg.ee\/ru\/wp-json\/wp\/v2\/pages\/1850"}],"wp:attachment":[{"href":"https:\/\/jaaaeg.ee\/ru\/wp-json\/wp\/v2\/media?parent=1886"}],"curies":[{"name":"wp","href":"https:\/\/api.w.org\/{rel}","templated":true}]}}