{"id":1878,"date":"2018-10-03T15:02:58","date_gmt":"2018-10-03T12:02:58","guid":{"rendered":"http:\/\/jaaaeg.ee\/?page_id=1878"},"modified":"2025-04-10T13:51:14","modified_gmt":"2025-04-10T10:51:14","slug":"suveniry","status":"publish","type":"page","link":"https:\/\/jaaaeg.ee\/ru\/o-centre-lednikovogo-perioda\/suveniry\/","title":{"rendered":"\u0421\u0443\u0432\u0435\u043d\u0438\u0440\u044b"},"content":{"rendered":"<div class=\"vce-row-container\" data-vce-boxed-width=\"true\"><div class=\"vce-row vce-row--col-gap-30 vce-row-content--top\" id=\"el-362f9e6d\" data-vce-do-apply=\"all el-362f9e6d\"><div class=\"vce-row-content\" data-vce-element-content=\"true\"><div class=\"vce-col vce-col--md-100p vce-col--xs-1 vce-col--xs-last vce-col--xs-first vce-col--sm-last vce-col--sm-first vce-col--md-last vce-col--lg-last vce-col--xl-last vce-col--md-first vce-col--lg-first vce-col--xl-first\" id=\"el-6b7029c7\"><div class=\"vce-col-inner\" data-vce-do-apply=\"border margin background  el-6b7029c7\"><div class=\"vce-col-content\" data-vce-element-content=\"true\" data-vce-do-apply=\"padding el-6b7029c7\"><div class=\"vce-text-block\"><div class=\"vce-text-block-wrapper vce\" id=\"el-64d48838\" data-vce-do-apply=\"all el-64d48838\"><p class=\"\" data-start=\"607\" data-end=\"813\">\u041c\u0430\u0433\u0430\u0437\u0438\u043d \u0441\u0443\u0432\u0435\u043d\u0438\u0440\u043e\u0432 \u0426\u0435\u043d\u0442\u0440\u0430 \u041b\u0435\u0434\u043d\u0438\u043a\u043e\u0432\u043e\u0433\u043e \u041f\u0435\u0440\u0438\u043e\u0434\u0430 \u043f\u0440\u0435\u0434\u043b\u0430\u0433\u0430\u0435\u0442 \u0443\u043d\u0438\u043a\u0430\u043b\u044c\u043d\u044b\u0435 \u043f\u043e\u0434\u0430\u0440\u043a\u0438 \u0438 \u043f\u0430\u043c\u044f\u0442\u043d\u044b\u0435 \u0432\u0435\u0449\u0438. <strong>\u0412 \u0430\u0441\u0441\u043e\u0440\u0442\u0438\u043c\u0435\u043d\u0442\u0435 \u0435\u0441\u0442\u044c \u043a\u0430\u043a \u043c\u0435\u0441\u0442\u043d\u044b\u0435 \u043f\u0440\u043e\u0434\u0443\u043a\u0442\u044b, \u0442\u0430\u043a \u0438 \u044d\u043a\u0441\u043a\u043b\u044e\u0437\u0438\u0432\u043d\u044b\u0435 \u043f\u043e\u0434\u0430\u0440\u043a\u0438 \u043d\u0430 \u0442\u0435\u043c\u0443 \u043b\u0435\u0434\u043d\u0438\u043a\u043e\u0432\u043e\u0433\u043e \u043f\u0435\u0440\u0438\u043e\u0434\u0430.<\/strong><\/p><p class=\"\" data-start=\"815\" data-end=\"966\">\u041f\u0440\u043e\u0434\u0430\u0432\u0430\u0435\u043c\u044b\u0435 \u043f\u043b\u044e\u0448\u0435\u0432\u044b\u0435 \u0438\u0433\u0440\u0443\u0448\u043a\u0438 \u0438\u0437\u0433\u043e\u0442\u043e\u0432\u043b\u0435\u043d\u044b \u0438\u0437 \u043f\u0435\u0440\u0435\u0440\u0430\u0431\u043e\u0442\u0430\u043d\u043d\u044b\u0445 \u043c\u0430\u0442\u0435\u0440\u0438\u0430\u043b\u043e\u0432, \u0438 \u0431\u043e\u043b\u044c\u0448\u0438\u043d\u0441\u0442\u0432\u043e \u043f\u0440\u043e\u0434\u0443\u043a\u0442\u043e\u0432 \u044f\u0432\u043b\u044f\u044e\u0442\u0441\u044f \u043c\u0430\u043a\u0441\u0438\u043c\u0430\u043b\u044c\u043d\u043e \u0443\u0441\u0442\u043e\u0439\u0447\u0438\u0432\u044b\u043c\u0438 \u0438 \u044d\u043a\u043e\u043b\u043e\u0433\u0438\u0447\u0435\u0441\u043a\u0438 \u0447\u0438\u0441\u0442\u044b\u043c\u0438.<\/p><h2 data-start=\"968\" data-end=\"1088\">\u041c\u043d\u043e\u0433\u0438\u0435 \u0438\u0437 \u043f\u0440\u043e\u0434\u0443\u043a\u0442\u043e\u0432 \u0431\u044b\u043b\u0438 \u0440\u0430\u0437\u0440\u0430\u0431\u043e\u0442\u0430\u043d\u044b \u0441\u043f\u0435\u0446\u0438\u0430\u043b\u044c\u043d\u043e \u0434\u043b\u044f \u0426\u0435\u043d\u0442\u0440\u0430 \u041b\u0435\u0434\u043d\u0438\u043a\u043e\u0432\u043e\u0433\u043e \u041f\u0435\u0440\u0438\u043e\u0434\u0430 \u0438 \u0434\u043e\u0441\u0442\u0443\u043f\u043d\u044b \u0438\u0441\u043a\u043b\u044e\u0447\u0438\u0442\u0435\u043b\u044c\u043d\u043e \u0432 \u044d\u0442\u043e\u043c \u043c\u0430\u0433\u0430\u0437\u0438\u043d\u0435.<\/h2><p class=\"\" data-start=\"1090\" data-end=\"1167\">\u0412 \u043c\u0430\u0433\u0430\u0437\u0438\u043d\u0435 \u043a\u0430\u0436\u0434\u044b\u0439 \u043f\u043e\u0441\u0435\u0442\u0438\u0442\u0435\u043b\u044c, \u043d\u0435\u0437\u0430\u0432\u0438\u0441\u0438\u043c\u043e \u043e\u0442 \u0432\u043e\u0437\u0440\u0430\u0441\u0442\u0430, \u043d\u0430\u0439\u0434\u0435\u0442 \u0447\u0442\u043e-\u0442\u043e \u0434\u043b\u044f \u0441\u0435\u0431\u044f.<\/p><p class=\"\" data-start=\"1169\" data-end=\"1237\">\u041e\u043f\u043b\u0430\u0442\u0443 \u0443\u0441\u043b\u0443\u0433 \u0438 \u0442\u043e\u0432\u0430\u0440\u043e\u0432 \u043c\u043e\u0436\u043d\u043e \u043f\u0440\u043e\u0438\u0437\u0432\u0435\u0441\u0442\u0438 \u043a\u0430\u043a \u043d\u0430\u043b\u0438\u0447\u043d\u044b\u043c\u0438, \u0442\u0430\u043a \u0438 \u043a\u0430\u0440\u0442\u043e\u0439.<\/p><\/div><\/div><div class=\"vce-image-gallery vce-image-gallery--gap-10 vce-image-gallery--columns-3\"><div class=\"vce-image-gallery-wrapper vce\" id=\"el-549d9845\" data-vce-do-apply=\"all el-549d9845\"><div class=\"vce-image-gallery-list\"><div class=\"vce-image-gallery-item\"><figure class=\"vce-image-gallery-item-inner-wrapper\"><a href=\"https:\/\/jaaaeg.ee\/wp-content\/uploads\/2024\/10\/20240911_162143-scaled.jpg\" data-lightbox=\"lightbox-549d9845\" class=\"vce-image-gallery-item-inner\"><img decoding=\"async\" class=\"vce-image-gallery-img vce-image-gallery-img--orientation-portrait\" src=\"https:\/\/jaaaeg.ee\/wp-content\/uploads\/2024\/10\/20240911_162143-700x1243.jpg\" alt=\"20240911 162143 scaled\" title=\"20240911 162143 scaled\"><\/a><\/figure><\/div><div class=\"vce-image-gallery-item\"><figure class=\"vce-image-gallery-item-inner-wrapper\"><a href=\"https:\/\/jaaaeg.ee\/wp-content\/uploads\/2020\/10\/jaaajakeskus-DSC_9509-scaled.jpg\" data-lightbox=\"lightbox-549d9845\" class=\"vce-image-gallery-item-inner\"><img decoding=\"async\" class=\"vce-image-gallery-img\" src=\"https:\/\/jaaaeg.ee\/wp-content\/uploads\/2020\/10\/jaaajakeskus-DSC_9509-700x467.jpg\" alt=\"jaaajakeskus DSC 9509 scaled\" title=\"jaaajakeskus DSC 9509 scaled\"><\/a><\/figure><\/div><div class=\"vce-image-gallery-item\"><figure class=\"vce-image-gallery-item-inner-wrapper\"><a href=\"https:\/\/jaaaeg.ee\/wp-content\/uploads\/2020\/10\/IMG-7927-scaled.jpg\" data-lightbox=\"lightbox-549d9845\" class=\"vce-image-gallery-item-inner\"><img decoding=\"async\" class=\"vce-image-gallery-img\" src=\"https:\/\/jaaaeg.ee\/wp-content\/uploads\/2020\/10\/IMG-7927-700x522.jpg\" alt=\"IMG 7927 scaled\" title=\"IMG 7927 scaled\"><\/a><\/figure><\/div><div class=\"vce-image-gallery-item\"><figure class=\"vce-image-gallery-item-inner-wrapper\"><a href=\"https:\/\/jaaaeg.ee\/wp-content\/uploads\/2020\/10\/IMG-7921-scaled.jpg\" data-lightbox=\"lightbox-549d9845\" class=\"vce-image-gallery-item-inner\"><img decoding=\"async\" class=\"vce-image-gallery-img\" src=\"https:\/\/jaaaeg.ee\/wp-content\/uploads\/2020\/10\/IMG-7921-700x525.jpg\" alt=\"IMG 7921 scaled\" title=\"IMG 7921 scaled\"><\/a><\/figure><\/div><div class=\"vce-image-gallery-item\"><figure class=\"vce-image-gallery-item-inner-wrapper\"><a href=\"https:\/\/jaaaeg.ee\/wp-content\/uploads\/2020\/10\/IMG-7909-scaled.jpg\" data-lightbox=\"lightbox-549d9845\" class=\"vce-image-gallery-item-inner\"><img decoding=\"async\" class=\"vce-image-gallery-img\" src=\"https:\/\/jaaaeg.ee\/wp-content\/uploads\/2020\/10\/IMG-7909-700x525.jpg\" alt=\"IMG 7909 scaled\" title=\"IMG 7909 scaled\"><\/a><\/figure><\/div><div class=\"vce-image-gallery-item\"><figure class=\"vce-image-gallery-item-inner-wrapper\"><a href=\"https:\/\/jaaaeg.ee\/wp-content\/uploads\/2020\/10\/IMG-7913-scaled.jpg\" data-lightbox=\"lightbox-549d9845\" class=\"vce-image-gallery-item-inner\"><img decoding=\"async\" class=\"vce-image-gallery-img\" src=\"https:\/\/jaaaeg.ee\/wp-content\/uploads\/2020\/10\/IMG-7913-700x525.jpg\" alt=\"IMG 7913 scaled\" title=\"IMG 7913 scaled\"><\/a><\/figure><\/div><\/div><\/div><\/div><\/div><\/div><\/div><\/div><\/div><\/div>\n","protected":false},"excerpt":{"rendered":"\u041c\u0430\u0433\u0430\u0437\u0438\u043d \u0441\u0443\u0432\u0435\u043d\u0438\u0440\u043e\u0432 \u0426\u0435\u043d\u0442\u0440\u0430 \u041b\u0435\u0434\u043d\u0438\u043a\u043e\u0432\u043e\u0433\u043e \u041f\u0435\u0440\u0438\u043e\u0434\u0430 \u043f\u0440\u0435\u0434\u043b\u0430\u0433\u0430\u0435\u0442 \u0443\u043d\u0438\u043a\u0430\u043b\u044c\u043d\u044b\u0435 \u043f\u043e\u0434\u0430\u0440\u043a\u0438 \u0438 \u043f\u0430\u043c\u044f\u0442\u043d\u044b\u0435 \u0432\u0435\u0449\u0438. \u0412 \u0430\u0441\u0441\u043e\u0440\u0442\u0438\u043c\u0435\u043d\u0442\u0435 \u0435\u0441\u0442\u044c \u043a\u0430\u043a \u043c\u0435\u0441\u0442\u043d\u044b\u0435 \u043f\u0440\u043e\u0434\u0443\u043a\u0442\u044b, \u0442\u0430\u043a \u0438 \u044d\u043a\u0441\u043a\u043b\u044e\u0437\u0438\u0432\u043d\u044b\u0435 \u043f\u043e\u0434\u0430\u0440\u043a\u0438 \u043d\u0430 \u0442\u0435\u043c\u0443 \u043b\u0435\u0434\u043d\u0438\u043a\u043e\u0432\u043e\u0433\u043e \u043f\u0435\u0440\u0438\u043e\u0434\u0430.\u041f\u0440\u043e\u0434\u0430\u0432\u0430\u0435\u043c\u044b\u0435 \u043f\u043b\u044e\u0448\u0435\u0432\u044b\u0435 \u0438\u0433\u0440\u0443\u0448\u043a\u0438 \u0438\u0437\u0433\u043e\u0442\u043e\u0432\u043b\u0435\u043d\u044b \u0438\u0437 \u043f\u0435\u0440\u0435\u0440\u0430\u0431\u043e\u0442\u0430\u043d\u043d\u044b\u0445 \u043c\u0430\u0442\u0435\u0440\u0438\u0430\u043b\u043e\u0432, \u0438 \u0431\u043e\u043b\u044c\u0448\u0438\u043d\u0441\u0442\u0432\u043e \u043f\u0440\u043e\u0434\u0443\u043a\u0442\u043e\u0432 \u044f\u0432\u043b\u044f\u044e\u0442\u0441\u044f \u043c\u0430\u043a\u0441\u0438\u043c\u0430\u043b\u044c\u043d\u043e \u0443\u0441\u0442\u043e\u0439\u0447\u0438\u0432\u044b\u043c\u0438 \u0438 \u044d\u043a\u043e\u043b\u043e\u0433\u0438\u0447\u0435\u0441\u043a\u0438 \u0447\u0438\u0441\u0442\u044b\u043c\u0438.\u041c\u043d\u043e\u0433\u0438\u0435 \u0438\u0437 \u043f\u0440\u043e\u0434\u0443\u043a\u0442\u043e\u0432 \u0431\u044b\u043b\u0438 \u0440\u0430\u0437\u0440\u0430\u0431\u043e\u0442\u0430\u043d\u044b \u0441\u043f\u0435\u0446\u0438\u0430\u043b\u044c\u043d\u043e \u0434\u043b\u044f \u0426\u0435\u043d\u0442\u0440\u0430 \u041b\u0435\u0434\u043d\u0438\u043a\u043e\u0432\u043e\u0433\u043e \u041f\u0435\u0440\u0438\u043e\u0434\u0430 \u0438 \u0434\u043e\u0441\u0442\u0443\u043f\u043d\u044b \u0438\u0441\u043a\u043b\u044e\u0447\u0438\u0442\u0435\u043b\u044c\u043d\u043e \u0432 \u044d\u0442\u043e\u043c \u043c\u0430\u0433\u0430\u0437\u0438\u043d\u0435.\u0412&#8230; <a class=\"view-article\" href=\"https:\/\/jaaaeg.ee\/ru\/o-centre-lednikovogo-perioda\/suveniry\/\">\u041f\u0440\u043e\u0447\u0438\u0442\u0430\u0439\u0442\u0435 \u0431\u043e\u043b\u044c\u0448\u0435<\/a>","protected":false},"author":1,"featured_media":18916,"parent":1850,"menu_order":326,"comment_status":"closed","ping_status":"closed","template":"template-sidebar.php","meta":{"_acf_changed":false,"ngg_post_thumbnail":0,"footnotes":""},"class_list":["post-1878","page","type-page","status-publish","has-post-thumbnail","hentry"],"acf":[],"yoast_head":"<!-- This site is optimized with the Yoast SEO plugin v27.3 - https:\/\/yoast.com\/product\/yoast-seo-wordpress\/ -->\n<title>\u0421\u0443\u0432\u0435\u043d\u0438\u0440\u044b - J\u00e4\u00e4aja Keskus<\/title>\n<meta name=\"robots\" content=\"index, follow, max-snippet:-1, max-image-preview:large, max-video-preview:-1\" \/>\n<link rel=\"canonical\" href=\"https:\/\/jaaaeg.ee\/ru\/o-centre-lednikovogo-perioda\/suveniry\/\" \/>\n<meta property=\"og:locale\" content=\"ru_RU\" \/>\n<meta property=\"og:type\" content=\"article\" \/>\n<meta property=\"og:title\" content=\"\u0421\u0443\u0432\u0435\u043d\u0438\u0440\u044b - J\u00e4\u00e4aja Keskus\" \/>\n<meta property=\"og:description\" content=\"\u041c\u0430\u0433\u0430\u0437\u0438\u043d \u0441\u0443\u0432\u0435\u043d\u0438\u0440\u043e\u0432 \u0426\u0435\u043d\u0442\u0440\u0430 \u041b\u0435\u0434\u043d\u0438\u043a\u043e\u0432\u043e\u0433\u043e \u041f\u0435\u0440\u0438\u043e\u0434\u0430 \u043f\u0440\u0435\u0434\u043b\u0430\u0433\u0430\u0435\u0442 \u0443\u043d\u0438\u043a\u0430\u043b\u044c\u043d\u044b\u0435 \u043f\u043e\u0434\u0430\u0440\u043a\u0438 \u0438 \u043f\u0430\u043c\u044f\u0442\u043d\u044b\u0435 \u0432\u0435\u0449\u0438. \u0412 \u0430\u0441\u0441\u043e\u0440\u0442\u0438\u043c\u0435\u043d\u0442\u0435 \u0435\u0441\u0442\u044c \u043a\u0430\u043a \u043c\u0435\u0441\u0442\u043d\u044b\u0435 \u043f\u0440\u043e\u0434\u0443\u043a\u0442\u044b, \u0442\u0430\u043a \u0438 \u044d\u043a\u0441\u043a\u043b\u044e\u0437\u0438\u0432\u043d\u044b\u0435 \u043f\u043e\u0434\u0430\u0440\u043a\u0438 \u043d\u0430 \u0442\u0435\u043c\u0443 \u043b\u0435\u0434\u043d\u0438\u043a\u043e\u0432\u043e\u0433\u043e \u043f\u0435\u0440\u0438\u043e\u0434\u0430.\u041f\u0440\u043e\u0434\u0430\u0432\u0430\u0435\u043c\u044b\u0435 \u043f\u043b\u044e\u0448\u0435\u0432\u044b\u0435 \u0438\u0433\u0440\u0443\u0448\u043a\u0438 \u0438\u0437\u0433\u043e\u0442\u043e\u0432\u043b\u0435\u043d\u044b \u0438\u0437 \u043f\u0435\u0440\u0435\u0440\u0430\u0431\u043e\u0442\u0430\u043d\u043d\u044b\u0445 \u043c\u0430\u0442\u0435\u0440\u0438\u0430\u043b\u043e\u0432, \u0438 \u0431\u043e\u043b\u044c\u0448\u0438\u043d\u0441\u0442\u0432\u043e \u043f\u0440\u043e\u0434\u0443\u043a\u0442\u043e\u0432 \u044f\u0432\u043b\u044f\u044e\u0442\u0441\u044f \u043c\u0430\u043a\u0441\u0438\u043c\u0430\u043b\u044c\u043d\u043e \u0443\u0441\u0442\u043e\u0439\u0447\u0438\u0432\u044b\u043c\u0438 \u0438 \u044d\u043a\u043e\u043b\u043e\u0433\u0438\u0447\u0435\u0441\u043a\u0438 \u0447\u0438\u0441\u0442\u044b\u043c\u0438.\u041c\u043d\u043e\u0433\u0438\u0435 \u0438\u0437 \u043f\u0440\u043e\u0434\u0443\u043a\u0442\u043e\u0432 \u0431\u044b\u043b\u0438 \u0440\u0430\u0437\u0440\u0430\u0431\u043e\u0442\u0430\u043d\u044b \u0441\u043f\u0435\u0446\u0438\u0430\u043b\u044c\u043d\u043e \u0434\u043b\u044f \u0426\u0435\u043d\u0442\u0440\u0430 \u041b\u0435\u0434\u043d\u0438\u043a\u043e\u0432\u043e\u0433\u043e \u041f\u0435\u0440\u0438\u043e\u0434\u0430 \u0438 \u0434\u043e\u0441\u0442\u0443\u043f\u043d\u044b \u0438\u0441\u043a\u043b\u044e\u0447\u0438\u0442\u0435\u043b\u044c\u043d\u043e \u0432 \u044d\u0442\u043e\u043c \u043c\u0430\u0433\u0430\u0437\u0438\u043d\u0435.\u0412... \u041f\u0440\u043e\u0447\u0438\u0442\u0430\u0439\u0442\u0435 \u0431\u043e\u043b\u044c\u0448\u0435\" \/>\n<meta property=\"og:url\" content=\"https:\/\/jaaaeg.ee\/ru\/o-centre-lednikovogo-perioda\/suveniry\/\" \/>\n<meta property=\"og:site_name\" content=\"J\u00e4\u00e4aja Keskus\" \/>\n<meta property=\"article:publisher\" content=\"https:\/\/www.facebook.com\/JaaajaKeskus\/\" \/>\n<meta property=\"article:modified_time\" content=\"2025-04-10T10:51:14+00:00\" \/>\n<meta property=\"og:image\" content=\"https:\/\/jaaaeg.ee\/wp-content\/uploads\/2020\/10\/jaaajakeskus-DSC_9509-scaled.jpg\" \/>\n\t<meta property=\"og:image:width\" content=\"2560\" \/>\n\t<meta property=\"og:image:height\" content=\"1707\" \/>\n\t<meta property=\"og:image:type\" content=\"image\/jpeg\" \/>\n<meta name=\"twitter:card\" content=\"summary_large_image\" \/>\n<script type=\"application\/ld+json\" class=\"yoast-schema-graph\">{\"@context\":\"https:\\\/\\\/schema.org\",\"@graph\":[{\"@type\":\"WebPage\",\"@id\":\"https:\\\/\\\/jaaaeg.ee\\\/ru\\\/o-centre-lednikovogo-perioda\\\/suveniry\\\/\",\"url\":\"https:\\\/\\\/jaaaeg.ee\\\/ru\\\/o-centre-lednikovogo-perioda\\\/suveniry\\\/\",\"name\":\"\u0421\u0443\u0432\u0435\u043d\u0438\u0440\u044b - J\u00e4\u00e4aja Keskus\",\"isPartOf\":{\"@id\":\"https:\\\/\\\/jaaaeg.ee\\\/ru\\\/#website\"},\"primaryImageOfPage\":{\"@id\":\"https:\\\/\\\/jaaaeg.ee\\\/ru\\\/o-centre-lednikovogo-perioda\\\/suveniry\\\/#primaryimage\"},\"image\":{\"@id\":\"https:\\\/\\\/jaaaeg.ee\\\/ru\\\/o-centre-lednikovogo-perioda\\\/suveniry\\\/#primaryimage\"},\"thumbnailUrl\":\"https:\\\/\\\/jaaaeg.ee\\\/wp-content\\\/uploads\\\/2020\\\/10\\\/jaaajakeskus-DSC_9509-scaled.jpg\",\"datePublished\":\"2018-10-03T12:02:58+00:00\",\"dateModified\":\"2025-04-10T10:51:14+00:00\",\"breadcrumb\":{\"@id\":\"https:\\\/\\\/jaaaeg.ee\\\/ru\\\/o-centre-lednikovogo-perioda\\\/suveniry\\\/#breadcrumb\"},\"inLanguage\":\"ru-RU\",\"potentialAction\":[{\"@type\":\"ReadAction\",\"target\":[\"https:\\\/\\\/jaaaeg.ee\\\/ru\\\/o-centre-lednikovogo-perioda\\\/suveniry\\\/\"]}]},{\"@type\":\"ImageObject\",\"inLanguage\":\"ru-RU\",\"@id\":\"https:\\\/\\\/jaaaeg.ee\\\/ru\\\/o-centre-lednikovogo-perioda\\\/suveniry\\\/#primaryimage\",\"url\":\"https:\\\/\\\/jaaaeg.ee\\\/wp-content\\\/uploads\\\/2020\\\/10\\\/jaaajakeskus-DSC_9509-scaled.jpg\",\"contentUrl\":\"https:\\\/\\\/jaaaeg.ee\\\/wp-content\\\/uploads\\\/2020\\\/10\\\/jaaajakeskus-DSC_9509-scaled.jpg\",\"width\":2560,\"height\":1707,\"caption\":\"jaaajakeskus DSC 9509 scaled\"},{\"@type\":\"BreadcrumbList\",\"@id\":\"https:\\\/\\\/jaaaeg.ee\\\/ru\\\/o-centre-lednikovogo-perioda\\\/suveniry\\\/#breadcrumb\",\"itemListElement\":[{\"@type\":\"ListItem\",\"position\":1,\"name\":\"Home\",\"item\":\"https:\\\/\\\/jaaaeg.ee\\\/ru\\\/\"},{\"@type\":\"ListItem\",\"position\":2,\"name\":\"\u041e \u0426\u0435\u043d\u0442\u0440\u0435 \u043b\u0435\u0434\u043d\u0438\u043a\u043e\u0432\u043e\u0433\u043e \u043f\u0435\u0440\u0438\u043e\u0434\u0430\",\"item\":\"https:\\\/\\\/jaaaeg.ee\\\/ru\\\/o-centre-lednikovogo-perioda\\\/\"},{\"@type\":\"ListItem\",\"position\":3,\"name\":\"\u0421\u0443\u0432\u0435\u043d\u0438\u0440\u044b\"}]},{\"@type\":\"WebSite\",\"@id\":\"https:\\\/\\\/jaaaeg.ee\\\/ru\\\/#website\",\"url\":\"https:\\\/\\\/jaaaeg.ee\\\/ru\\\/\",\"name\":\"J\u00e4\u00e4aja Keskus\",\"description\":\"avastamisr\u00f5\u00f5m igas vanuses k\u00fclastajatele\",\"potentialAction\":[{\"@type\":\"SearchAction\",\"target\":{\"@type\":\"EntryPoint\",\"urlTemplate\":\"https:\\\/\\\/jaaaeg.ee\\\/ru\\\/?s={search_term_string}\"},\"query-input\":{\"@type\":\"PropertyValueSpecification\",\"valueRequired\":true,\"valueName\":\"search_term_string\"}}],\"inLanguage\":\"ru-RU\"}]}<\/script>\n<!-- \/ Yoast SEO plugin. -->","yoast_head_json":{"title":"\u0421\u0443\u0432\u0435\u043d\u0438\u0440\u044b - J\u00e4\u00e4aja Keskus","robots":{"index":"index","follow":"follow","max-snippet":"max-snippet:-1","max-image-preview":"max-image-preview:large","max-video-preview":"max-video-preview:-1"},"canonical":"https:\/\/jaaaeg.ee\/ru\/o-centre-lednikovogo-perioda\/suveniry\/","og_locale":"ru_RU","og_type":"article","og_title":"\u0421\u0443\u0432\u0435\u043d\u0438\u0440\u044b - J\u00e4\u00e4aja Keskus","og_description":"\u041c\u0430\u0433\u0430\u0437\u0438\u043d \u0441\u0443\u0432\u0435\u043d\u0438\u0440\u043e\u0432 \u0426\u0435\u043d\u0442\u0440\u0430 \u041b\u0435\u0434\u043d\u0438\u043a\u043e\u0432\u043e\u0433\u043e \u041f\u0435\u0440\u0438\u043e\u0434\u0430 \u043f\u0440\u0435\u0434\u043b\u0430\u0433\u0430\u0435\u0442 \u0443\u043d\u0438\u043a\u0430\u043b\u044c\u043d\u044b\u0435 \u043f\u043e\u0434\u0430\u0440\u043a\u0438 \u0438 \u043f\u0430\u043c\u044f\u0442\u043d\u044b\u0435 \u0432\u0435\u0449\u0438. \u0412 \u0430\u0441\u0441\u043e\u0440\u0442\u0438\u043c\u0435\u043d\u0442\u0435 \u0435\u0441\u0442\u044c \u043a\u0430\u043a \u043c\u0435\u0441\u0442\u043d\u044b\u0435 \u043f\u0440\u043e\u0434\u0443\u043a\u0442\u044b, \u0442\u0430\u043a \u0438 \u044d\u043a\u0441\u043a\u043b\u044e\u0437\u0438\u0432\u043d\u044b\u0435 \u043f\u043e\u0434\u0430\u0440\u043a\u0438 \u043d\u0430 \u0442\u0435\u043c\u0443 \u043b\u0435\u0434\u043d\u0438\u043a\u043e\u0432\u043e\u0433\u043e \u043f\u0435\u0440\u0438\u043e\u0434\u0430.\u041f\u0440\u043e\u0434\u0430\u0432\u0430\u0435\u043c\u044b\u0435 \u043f\u043b\u044e\u0448\u0435\u0432\u044b\u0435 \u0438\u0433\u0440\u0443\u0448\u043a\u0438 \u0438\u0437\u0433\u043e\u0442\u043e\u0432\u043b\u0435\u043d\u044b \u0438\u0437 \u043f\u0435\u0440\u0435\u0440\u0430\u0431\u043e\u0442\u0430\u043d\u043d\u044b\u0445 \u043c\u0430\u0442\u0435\u0440\u0438\u0430\u043b\u043e\u0432, \u0438 \u0431\u043e\u043b\u044c\u0448\u0438\u043d\u0441\u0442\u0432\u043e \u043f\u0440\u043e\u0434\u0443\u043a\u0442\u043e\u0432 \u044f\u0432\u043b\u044f\u044e\u0442\u0441\u044f \u043c\u0430\u043a\u0441\u0438\u043c\u0430\u043b\u044c\u043d\u043e \u0443\u0441\u0442\u043e\u0439\u0447\u0438\u0432\u044b\u043c\u0438 \u0438 \u044d\u043a\u043e\u043b\u043e\u0433\u0438\u0447\u0435\u0441\u043a\u0438 \u0447\u0438\u0441\u0442\u044b\u043c\u0438.\u041c\u043d\u043e\u0433\u0438\u0435 \u0438\u0437 \u043f\u0440\u043e\u0434\u0443\u043a\u0442\u043e\u0432 \u0431\u044b\u043b\u0438 \u0440\u0430\u0437\u0440\u0430\u0431\u043e\u0442\u0430\u043d\u044b \u0441\u043f\u0435\u0446\u0438\u0430\u043b\u044c\u043d\u043e \u0434\u043b\u044f \u0426\u0435\u043d\u0442\u0440\u0430 \u041b\u0435\u0434\u043d\u0438\u043a\u043e\u0432\u043e\u0433\u043e \u041f\u0435\u0440\u0438\u043e\u0434\u0430 \u0438 \u0434\u043e\u0441\u0442\u0443\u043f\u043d\u044b \u0438\u0441\u043a\u043b\u044e\u0447\u0438\u0442\u0435\u043b\u044c\u043d\u043e \u0432 \u044d\u0442\u043e\u043c \u043c\u0430\u0433\u0430\u0437\u0438\u043d\u0435.\u0412... \u041f\u0440\u043e\u0447\u0438\u0442\u0430\u0439\u0442\u0435 \u0431\u043e\u043b\u044c\u0448\u0435","og_url":"https:\/\/jaaaeg.ee\/ru\/o-centre-lednikovogo-perioda\/suveniry\/","og_site_name":"J\u00e4\u00e4aja Keskus","article_publisher":"https:\/\/www.facebook.com\/JaaajaKeskus\/","article_modified_time":"2025-04-10T10:51:14+00:00","og_image":[{"width":2560,"height":1707,"url":"https:\/\/jaaaeg.ee\/wp-content\/uploads\/2020\/10\/jaaajakeskus-DSC_9509-scaled.jpg","type":"image\/jpeg"}],"twitter_card":"summary_large_image","schema":{"@context":"https:\/\/schema.org","@graph":[{"@type":"WebPage","@id":"https:\/\/jaaaeg.ee\/ru\/o-centre-lednikovogo-perioda\/suveniry\/","url":"https:\/\/jaaaeg.ee\/ru\/o-centre-lednikovogo-perioda\/suveniry\/","name":"\u0421\u0443\u0432\u0435\u043d\u0438\u0440\u044b - J\u00e4\u00e4aja Keskus","isPartOf":{"@id":"https:\/\/jaaaeg.ee\/ru\/#website"},"primaryImageOfPage":{"@id":"https:\/\/jaaaeg.ee\/ru\/o-centre-lednikovogo-perioda\/suveniry\/#primaryimage"},"image":{"@id":"https:\/\/jaaaeg.ee\/ru\/o-centre-lednikovogo-perioda\/suveniry\/#primaryimage"},"thumbnailUrl":"https:\/\/jaaaeg.ee\/wp-content\/uploads\/2020\/10\/jaaajakeskus-DSC_9509-scaled.jpg","datePublished":"2018-10-03T12:02:58+00:00","dateModified":"2025-04-10T10:51:14+00:00","breadcrumb":{"@id":"https:\/\/jaaaeg.ee\/ru\/o-centre-lednikovogo-perioda\/suveniry\/#breadcrumb"},"inLanguage":"ru-RU","potentialAction":[{"@type":"ReadAction","target":["https:\/\/jaaaeg.ee\/ru\/o-centre-lednikovogo-perioda\/suveniry\/"]}]},{"@type":"ImageObject","inLanguage":"ru-RU","@id":"https:\/\/jaaaeg.ee\/ru\/o-centre-lednikovogo-perioda\/suveniry\/#primaryimage","url":"https:\/\/jaaaeg.ee\/wp-content\/uploads\/2020\/10\/jaaajakeskus-DSC_9509-scaled.jpg","contentUrl":"https:\/\/jaaaeg.ee\/wp-content\/uploads\/2020\/10\/jaaajakeskus-DSC_9509-scaled.jpg","width":2560,"height":1707,"caption":"jaaajakeskus DSC 9509 scaled"},{"@type":"BreadcrumbList","@id":"https:\/\/jaaaeg.ee\/ru\/o-centre-lednikovogo-perioda\/suveniry\/#breadcrumb","itemListElement":[{"@type":"ListItem","position":1,"name":"Home","item":"https:\/\/jaaaeg.ee\/ru\/"},{"@type":"ListItem","position":2,"name":"\u041e \u0426\u0435\u043d\u0442\u0440\u0435 \u043b\u0435\u0434\u043d\u0438\u043a\u043e\u0432\u043e\u0433\u043e \u043f\u0435\u0440\u0438\u043e\u0434\u0430","item":"https:\/\/jaaaeg.ee\/ru\/o-centre-lednikovogo-perioda\/"},{"@type":"ListItem","position":3,"name":"\u0421\u0443\u0432\u0435\u043d\u0438\u0440\u044b"}]},{"@type":"WebSite","@id":"https:\/\/jaaaeg.ee\/ru\/#website","url":"https:\/\/jaaaeg.ee\/ru\/","name":"J\u00e4\u00e4aja Keskus","description":"avastamisr\u00f5\u00f5m igas vanuses k\u00fclastajatele","potentialAction":[{"@type":"SearchAction","target":{"@type":"EntryPoint","urlTemplate":"https:\/\/jaaaeg.ee\/ru\/?s={search_term_string}"},"query-input":{"@type":"PropertyValueSpecification","valueRequired":true,"valueName":"search_term_string"}}],"inLanguage":"ru-RU"}]}},"_links":{"self":[{"href":"https:\/\/jaaaeg.ee\/ru\/wp-json\/wp\/v2\/pages\/1878","targetHints":{"allow":["GET"]}}],"collection":[{"href":"https:\/\/jaaaeg.ee\/ru\/wp-json\/wp\/v2\/pages"}],"about":[{"href":"https:\/\/jaaaeg.ee\/ru\/wp-json\/wp\/v2\/types\/page"}],"author":[{"embeddable":true,"href":"https:\/\/jaaaeg.ee\/ru\/wp-json\/wp\/v2\/users\/1"}],"replies":[{"embeddable":true,"href":"https:\/\/jaaaeg.ee\/ru\/wp-json\/wp\/v2\/comments?post=1878"}],"version-history":[{"count":5,"href":"https:\/\/jaaaeg.ee\/ru\/wp-json\/wp\/v2\/pages\/1878\/revisions"}],"predecessor-version":[{"id":30910,"href":"https:\/\/jaaaeg.ee\/ru\/wp-json\/wp\/v2\/pages\/1878\/revisions\/30910"}],"up":[{"embeddable":true,"href":"https:\/\/jaaaeg.ee\/ru\/wp-json\/wp\/v2\/pages\/1850"}],"wp:featuredmedia":[{"embeddable":true,"href":"https:\/\/jaaaeg.ee\/ru\/wp-json\/wp\/v2\/media\/18916"}],"wp:attachment":[{"href":"https:\/\/jaaaeg.ee\/ru\/wp-json\/wp\/v2\/media?parent=1878"}],"curies":[{"name":"wp","href":"https:\/\/api.w.org\/{rel}","templated":true}]}}