{"id":1866,"date":"2018-10-03T12:50:46","date_gmt":"2018-10-03T09:50:46","guid":{"rendered":"http:\/\/jaaaeg.ee\/?page_id=1866"},"modified":"2018-10-03T17:31:08","modified_gmt":"2018-10-03T14:31:08","slug":"kak-dobratsja","status":"publish","type":"page","link":"https:\/\/jaaaeg.ee\/ru\/o-centre-lednikovogo-perioda\/kak-dobratsja\/","title":{"rendered":"\u041a\u0430\u043a \u0434\u043e\u0431\u0440\u0430\u0442\u044c\u0441\u044f?"},"content":{"rendered":"\r\n<div class=\"vce-row-container\">\r\n<div id=\"el-5abb00e7\" class=\"vce-row vce-row--col-gap-30 vce-row-columns--top vce-row-content--top\" data-vce-do-apply=\"all el-5abb00e7\">\r\n<div class=\"vce-row-content\" data-vce-element-content=\"true\">\r\n<div id=\"el-1f82419e\" class=\"vce-col vce-col--md-100p vce-col--xs-1 vce-col--xs-last vce-col--xs-first vce-col--sm-last vce-col--sm-first vce-col--md-last vce-col--lg-last vce-col--xl-last vce-col--md-first vce-col--lg-first vce-col--xl-first\" data-vce-do-apply=\"background border el-1f82419e\">\r\n<div class=\"vce-col-inner\" data-vce-element-content=\"true\" data-vce-do-apply=\"padding margin el-1f82419e\">\r\n<div class=\"vce-text-block\">\r\n<div id=\"el-2f37c21c\" class=\"vce-text-block-wrapper vce\" data-vce-do-apply=\"all el-2f37c21c\">\r\n\r\nGPS \u043a\u043e\u043e\u0440\u0434\u0438\u043d\u0430\u0442\u044b \u0426\u0435\u043d\u0442\u0440\u0430 \u043b\u0435\u0434\u043d\u0438\u043a\u043e\u0432\u043e\u0433\u043e \u043f\u0435\u0440\u0438\u043e\u0434\u0430: 58.525755, 26.676229\r\n\r\n<iframe loading=\"lazy\" style=\"border: 0;\" src=\"https:\/\/www.google.com\/maps\/embed?pb=!1m18!1m12!1m3!1d2005.2264531997787!2d26.673950849053895!3d58.52570845485291!2m3!1f0!2f0!3f0!3m2!1i1024!2i768!4f13.1!3m3!1m2!1s0x46eb4ad6cb25105d%3A0x5e881c29c1882d4f!2zSsOkw6RhamEgS2Vza3Vz!5e0!3m2!1set!2see!4v1536666121462\" width=\"600\" height=\"450\" frameborder=\"0\" allowfullscreen=\"allowfullscreen\" data-mce-fragment=\"1\"><\/iframe>\r\n\r\n<strong>\u041e\u0442\u0434\u0430\u043b\u0435\u043d\u043d\u043e\u0441\u0442\u044c \u043e\u0442 \u0433\u043e\u0440\u043e\u0434\u043e\u0432<\/strong><strong>:<\/strong>\r\n<ul>\r\n \t<li>\u041e\u0442 \u0422\u0430\u0440\u0442\u0443 18 \u043a\u043c<\/li>\r\n \t<li>\u041e\u0442 \u0419\u044b\u0433\u0435\u0432\u0430 34 \u043a\u043c<\/li>\r\n \t<li>\u041e\u0442 \u041f\u044b\u043b\u044c\u0442\u0441\u0430\u043c\u0430\u0430 52 \u043a\u043c<\/li>\r\n \t<li>\u041e\u0442 \u0420\u0430\u043a\u0432\u0435\u0440\u0435 107 \u043a\u043c<\/li>\r\n \t<li>\u041e\u0442 \u041d\u0430\u0440\u0432\u044b 166 \u043a\u043c<\/li>\r\n \t<li>\u041e\u0442 \u041f\u044f\u0440\u043d\u0443 176 \u043a\u043c<\/li>\r\n \t<li>\u041e\u0442 \u0422\u0430\u043b\u043b\u0438\u043d\u043d\u0430 178 \u043a\u043c<\/li>\r\n \t<li><\/li>\r\n<\/ul>\r\n<strong>\u0418\u0437 \u0422\u0430\u0440\u0442\u0443 \u0434\u043e \u0426\u0435\u043d\u0442\u0440\u0430 \u043b\u0435\u0434\u043d\u0438\u043a\u043e\u0432\u043e\u0433\u043e \u043f\u0435\u0440\u0438\u043e\u0434\u0430 \u043c\u043e\u0436\u043d\u043e \u0434\u043e\u0431\u0440\u0430\u0442\u044c\u0441\u044f \u043d\u0430 \u043c\u0435\u0436\u0434\u0443\u0433\u043e\u0440\u043e\u0434\u043d\u0438\u0445 \u0430\u0432\u0442\u043e\u0431\u0443\u0441\u0430\u0445 \u2116 <\/strong>611, 613, 614, 732, 612, 733, 738, \u043a\u043e\u0442\u043e\u0440\u044b\u0435 \u043e\u0442\u043f\u0440\u0430\u0432\u043b\u044f\u044e\u0442\u0441\u044f \u0441\u043e\u043e\u0442\u0432\u0435\u0442\u0441\u0442\u0432\u0435\u043d\u043d\u043e \u0432 7.30, 12.30, 14.00, 15.25, 16.30, 18.00 \u0438 21.30. \u0411\u043e\u043b\u0435\u0435 \u043f\u043e\u0434\u0440\u043e\u0431\u043d\u0430\u044f \u0438\u043d\u0444\u043e\u0440\u043c\u0430\u0446\u0438\u044f \u043e \u0434\u0432\u0438\u0436\u0435\u043d\u0438\u0438 \u0430\u0432\u0442\u043e\u0431\u0443\u0441\u043e\u0432:\u00a0<a href=\"https:\/\/www.peatus.ee\/\">www.peatus.ee<\/a>.\r\n\r\n\u041d\u0430\u0437\u0432\u0430\u043d\u0438\u0435 \u043e\u0441\u0442\u0430\u043d\u043e\u0432\u043a\u0438 \u043e\u043a\u043e\u043b\u043e \u0426\u0435\u043d\u0442\u0440\u0430 \u043b\u0435\u0434\u043d\u0438\u043a\u043e\u0432\u043e\u0433\u043e \u043f\u0435\u0440\u0438\u043e\u0434\u0430 \u2013 Keskus (\u0426\u0435\u043d\u0442\u0440).\r\n\r\n<\/div>\r\n<\/div>\r\n<\/div>\r\n<\/div>\r\n<\/div>\r\n<\/div>\r\n<\/div>\r\n\n","protected":false},"excerpt":{"rendered":"GPS \u043a\u043e\u043e\u0440\u0434\u0438\u043d\u0430\u0442\u044b \u0426\u0435\u043d\u0442\u0440\u0430 \u043b\u0435\u0434\u043d\u0438\u043a\u043e\u0432\u043e\u0433\u043e \u043f\u0435\u0440\u0438\u043e\u0434\u0430: 58.525755, 26.676229 \u041e\u0442\u0434\u0430\u043b\u0435\u043d\u043d\u043e\u0441\u0442\u044c \u043e\u0442 \u0433\u043e\u0440\u043e\u0434\u043e\u0432: \u041e\u0442 \u0422\u0430\u0440\u0442\u0443 18 \u043a\u043c \u041e\u0442 \u0419\u044b\u0433\u0435\u0432\u0430 34 \u043a\u043c \u041e\u0442 \u041f\u044b\u043b\u044c\u0442\u0441\u0430\u043c\u0430\u0430 52 \u043a\u043c \u041e\u0442 \u0420\u0430\u043a\u0432\u0435\u0440\u0435 107 \u043a\u043c \u041e\u0442 \u041d\u0430\u0440\u0432\u044b 166 \u043a\u043c \u041e\u0442 \u041f\u044f\u0440\u043d\u0443 176 \u043a\u043c \u041e\u0442 \u0422\u0430\u043b\u043b\u0438\u043d\u043d\u0430 178 \u043a\u043c \u0418\u0437 \u0422\u0430\u0440\u0442\u0443 \u0434\u043e \u0426\u0435\u043d\u0442\u0440\u0430 \u043b\u0435\u0434\u043d\u0438\u043a\u043e\u0432\u043e\u0433\u043e \u043f\u0435\u0440\u0438\u043e\u0434\u0430 \u043c\u043e\u0436\u043d\u043e \u0434\u043e\u0431\u0440\u0430\u0442\u044c\u0441\u044f \u043d\u0430 \u043c\u0435\u0436\u0434\u0443\u0433\u043e\u0440\u043e\u0434\u043d\u0438\u0445 \u0430\u0432\u0442\u043e\u0431\u0443\u0441\u0430\u0445 \u2116 611, 613, 614, 732, 612,&#8230; <a class=\"view-article\" href=\"https:\/\/jaaaeg.ee\/ru\/o-centre-lednikovogo-perioda\/kak-dobratsja\/\">\u041f\u0440\u043e\u0447\u0438\u0442\u0430\u0439\u0442\u0435 \u0431\u043e\u043b\u044c\u0448\u0435<\/a>","protected":false},"author":1,"featured_media":0,"parent":1850,"menu_order":339,"comment_status":"closed","ping_status":"closed","template":"template-sidebar.php","meta":{"_acf_changed":false,"ngg_post_thumbnail":0,"footnotes":""},"class_list":["post-1866","page","type-page","status-publish","hentry"],"acf":[],"yoast_head":"<!-- This site is optimized with the Yoast SEO plugin v27.3 - https:\/\/yoast.com\/product\/yoast-seo-wordpress\/ -->\n<title>\u041a\u0430\u043a \u0434\u043e\u0431\u0440\u0430\u0442\u044c\u0441\u044f? - J\u00e4\u00e4aja Keskus<\/title>\n<meta name=\"robots\" content=\"index, follow, max-snippet:-1, max-image-preview:large, max-video-preview:-1\" \/>\n<link rel=\"canonical\" href=\"https:\/\/jaaaeg.ee\/ru\/o-centre-lednikovogo-perioda\/kak-dobratsja\/\" \/>\n<meta property=\"og:locale\" content=\"ru_RU\" \/>\n<meta property=\"og:type\" content=\"article\" \/>\n<meta property=\"og:title\" content=\"\u041a\u0430\u043a \u0434\u043e\u0431\u0440\u0430\u0442\u044c\u0441\u044f? - J\u00e4\u00e4aja Keskus\" \/>\n<meta property=\"og:description\" content=\"GPS \u043a\u043e\u043e\u0440\u0434\u0438\u043d\u0430\u0442\u044b \u0426\u0435\u043d\u0442\u0440\u0430 \u043b\u0435\u0434\u043d\u0438\u043a\u043e\u0432\u043e\u0433\u043e \u043f\u0435\u0440\u0438\u043e\u0434\u0430: 58.525755, 26.676229 \u041e\u0442\u0434\u0430\u043b\u0435\u043d\u043d\u043e\u0441\u0442\u044c \u043e\u0442 \u0433\u043e\u0440\u043e\u0434\u043e\u0432: \u041e\u0442 \u0422\u0430\u0440\u0442\u0443 18 \u043a\u043c \u041e\u0442 \u0419\u044b\u0433\u0435\u0432\u0430 34 \u043a\u043c \u041e\u0442 \u041f\u044b\u043b\u044c\u0442\u0441\u0430\u043c\u0430\u0430 52 \u043a\u043c \u041e\u0442 \u0420\u0430\u043a\u0432\u0435\u0440\u0435 107 \u043a\u043c \u041e\u0442 \u041d\u0430\u0440\u0432\u044b 166 \u043a\u043c \u041e\u0442 \u041f\u044f\u0440\u043d\u0443 176 \u043a\u043c \u041e\u0442 \u0422\u0430\u043b\u043b\u0438\u043d\u043d\u0430 178 \u043a\u043c \u0418\u0437 \u0422\u0430\u0440\u0442\u0443 \u0434\u043e \u0426\u0435\u043d\u0442\u0440\u0430 \u043b\u0435\u0434\u043d\u0438\u043a\u043e\u0432\u043e\u0433\u043e \u043f\u0435\u0440\u0438\u043e\u0434\u0430 \u043c\u043e\u0436\u043d\u043e \u0434\u043e\u0431\u0440\u0430\u0442\u044c\u0441\u044f \u043d\u0430 \u043c\u0435\u0436\u0434\u0443\u0433\u043e\u0440\u043e\u0434\u043d\u0438\u0445 \u0430\u0432\u0442\u043e\u0431\u0443\u0441\u0430\u0445 \u2116 611, 613, 614, 732, 612,... \u041f\u0440\u043e\u0447\u0438\u0442\u0430\u0439\u0442\u0435 \u0431\u043e\u043b\u044c\u0448\u0435\" \/>\n<meta property=\"og:url\" content=\"https:\/\/jaaaeg.ee\/ru\/o-centre-lednikovogo-perioda\/kak-dobratsja\/\" \/>\n<meta property=\"og:site_name\" content=\"J\u00e4\u00e4aja Keskus\" \/>\n<meta property=\"article:publisher\" content=\"https:\/\/www.facebook.com\/JaaajaKeskus\/\" \/>\n<meta property=\"article:modified_time\" content=\"2018-10-03T14:31:08+00:00\" \/>\n<meta name=\"twitter:card\" content=\"summary_large_image\" \/>\n<script type=\"application\/ld+json\" class=\"yoast-schema-graph\">{\"@context\":\"https:\\\/\\\/schema.org\",\"@graph\":[{\"@type\":\"WebPage\",\"@id\":\"https:\\\/\\\/jaaaeg.ee\\\/ru\\\/o-centre-lednikovogo-perioda\\\/kak-dobratsja\\\/\",\"url\":\"https:\\\/\\\/jaaaeg.ee\\\/ru\\\/o-centre-lednikovogo-perioda\\\/kak-dobratsja\\\/\",\"name\":\"\u041a\u0430\u043a \u0434\u043e\u0431\u0440\u0430\u0442\u044c\u0441\u044f? - J\u00e4\u00e4aja Keskus\",\"isPartOf\":{\"@id\":\"https:\\\/\\\/jaaaeg.ee\\\/ru\\\/#website\"},\"datePublished\":\"2018-10-03T09:50:46+00:00\",\"dateModified\":\"2018-10-03T14:31:08+00:00\",\"breadcrumb\":{\"@id\":\"https:\\\/\\\/jaaaeg.ee\\\/ru\\\/o-centre-lednikovogo-perioda\\\/kak-dobratsja\\\/#breadcrumb\"},\"inLanguage\":\"ru-RU\",\"potentialAction\":[{\"@type\":\"ReadAction\",\"target\":[\"https:\\\/\\\/jaaaeg.ee\\\/ru\\\/o-centre-lednikovogo-perioda\\\/kak-dobratsja\\\/\"]}]},{\"@type\":\"BreadcrumbList\",\"@id\":\"https:\\\/\\\/jaaaeg.ee\\\/ru\\\/o-centre-lednikovogo-perioda\\\/kak-dobratsja\\\/#breadcrumb\",\"itemListElement\":[{\"@type\":\"ListItem\",\"position\":1,\"name\":\"Home\",\"item\":\"https:\\\/\\\/jaaaeg.ee\\\/ru\\\/\"},{\"@type\":\"ListItem\",\"position\":2,\"name\":\"\u041e \u0426\u0435\u043d\u0442\u0440\u0435 \u043b\u0435\u0434\u043d\u0438\u043a\u043e\u0432\u043e\u0433\u043e \u043f\u0435\u0440\u0438\u043e\u0434\u0430\",\"item\":\"https:\\\/\\\/jaaaeg.ee\\\/ru\\\/o-centre-lednikovogo-perioda\\\/\"},{\"@type\":\"ListItem\",\"position\":3,\"name\":\"\u041a\u0430\u043a \u0434\u043e\u0431\u0440\u0430\u0442\u044c\u0441\u044f?\"}]},{\"@type\":\"WebSite\",\"@id\":\"https:\\\/\\\/jaaaeg.ee\\\/ru\\\/#website\",\"url\":\"https:\\\/\\\/jaaaeg.ee\\\/ru\\\/\",\"name\":\"J\u00e4\u00e4aja Keskus\",\"description\":\"avastamisr\u00f5\u00f5m igas vanuses k\u00fclastajatele\",\"potentialAction\":[{\"@type\":\"SearchAction\",\"target\":{\"@type\":\"EntryPoint\",\"urlTemplate\":\"https:\\\/\\\/jaaaeg.ee\\\/ru\\\/?s={search_term_string}\"},\"query-input\":{\"@type\":\"PropertyValueSpecification\",\"valueRequired\":true,\"valueName\":\"search_term_string\"}}],\"inLanguage\":\"ru-RU\"}]}<\/script>\n<!-- \/ Yoast SEO plugin. -->","yoast_head_json":{"title":"\u041a\u0430\u043a \u0434\u043e\u0431\u0440\u0430\u0442\u044c\u0441\u044f? - J\u00e4\u00e4aja Keskus","robots":{"index":"index","follow":"follow","max-snippet":"max-snippet:-1","max-image-preview":"max-image-preview:large","max-video-preview":"max-video-preview:-1"},"canonical":"https:\/\/jaaaeg.ee\/ru\/o-centre-lednikovogo-perioda\/kak-dobratsja\/","og_locale":"ru_RU","og_type":"article","og_title":"\u041a\u0430\u043a \u0434\u043e\u0431\u0440\u0430\u0442\u044c\u0441\u044f? - J\u00e4\u00e4aja Keskus","og_description":"GPS \u043a\u043e\u043e\u0440\u0434\u0438\u043d\u0430\u0442\u044b \u0426\u0435\u043d\u0442\u0440\u0430 \u043b\u0435\u0434\u043d\u0438\u043a\u043e\u0432\u043e\u0433\u043e \u043f\u0435\u0440\u0438\u043e\u0434\u0430: 58.525755, 26.676229 \u041e\u0442\u0434\u0430\u043b\u0435\u043d\u043d\u043e\u0441\u0442\u044c \u043e\u0442 \u0433\u043e\u0440\u043e\u0434\u043e\u0432: \u041e\u0442 \u0422\u0430\u0440\u0442\u0443 18 \u043a\u043c \u041e\u0442 \u0419\u044b\u0433\u0435\u0432\u0430 34 \u043a\u043c \u041e\u0442 \u041f\u044b\u043b\u044c\u0442\u0441\u0430\u043c\u0430\u0430 52 \u043a\u043c \u041e\u0442 \u0420\u0430\u043a\u0432\u0435\u0440\u0435 107 \u043a\u043c \u041e\u0442 \u041d\u0430\u0440\u0432\u044b 166 \u043a\u043c \u041e\u0442 \u041f\u044f\u0440\u043d\u0443 176 \u043a\u043c \u041e\u0442 \u0422\u0430\u043b\u043b\u0438\u043d\u043d\u0430 178 \u043a\u043c \u0418\u0437 \u0422\u0430\u0440\u0442\u0443 \u0434\u043e \u0426\u0435\u043d\u0442\u0440\u0430 \u043b\u0435\u0434\u043d\u0438\u043a\u043e\u0432\u043e\u0433\u043e \u043f\u0435\u0440\u0438\u043e\u0434\u0430 \u043c\u043e\u0436\u043d\u043e \u0434\u043e\u0431\u0440\u0430\u0442\u044c\u0441\u044f \u043d\u0430 \u043c\u0435\u0436\u0434\u0443\u0433\u043e\u0440\u043e\u0434\u043d\u0438\u0445 \u0430\u0432\u0442\u043e\u0431\u0443\u0441\u0430\u0445 \u2116 611, 613, 614, 732, 612,... \u041f\u0440\u043e\u0447\u0438\u0442\u0430\u0439\u0442\u0435 \u0431\u043e\u043b\u044c\u0448\u0435","og_url":"https:\/\/jaaaeg.ee\/ru\/o-centre-lednikovogo-perioda\/kak-dobratsja\/","og_site_name":"J\u00e4\u00e4aja Keskus","article_publisher":"https:\/\/www.facebook.com\/JaaajaKeskus\/","article_modified_time":"2018-10-03T14:31:08+00:00","twitter_card":"summary_large_image","schema":{"@context":"https:\/\/schema.org","@graph":[{"@type":"WebPage","@id":"https:\/\/jaaaeg.ee\/ru\/o-centre-lednikovogo-perioda\/kak-dobratsja\/","url":"https:\/\/jaaaeg.ee\/ru\/o-centre-lednikovogo-perioda\/kak-dobratsja\/","name":"\u041a\u0430\u043a \u0434\u043e\u0431\u0440\u0430\u0442\u044c\u0441\u044f? - J\u00e4\u00e4aja Keskus","isPartOf":{"@id":"https:\/\/jaaaeg.ee\/ru\/#website"},"datePublished":"2018-10-03T09:50:46+00:00","dateModified":"2018-10-03T14:31:08+00:00","breadcrumb":{"@id":"https:\/\/jaaaeg.ee\/ru\/o-centre-lednikovogo-perioda\/kak-dobratsja\/#breadcrumb"},"inLanguage":"ru-RU","potentialAction":[{"@type":"ReadAction","target":["https:\/\/jaaaeg.ee\/ru\/o-centre-lednikovogo-perioda\/kak-dobratsja\/"]}]},{"@type":"BreadcrumbList","@id":"https:\/\/jaaaeg.ee\/ru\/o-centre-lednikovogo-perioda\/kak-dobratsja\/#breadcrumb","itemListElement":[{"@type":"ListItem","position":1,"name":"Home","item":"https:\/\/jaaaeg.ee\/ru\/"},{"@type":"ListItem","position":2,"name":"\u041e \u0426\u0435\u043d\u0442\u0440\u0435 \u043b\u0435\u0434\u043d\u0438\u043a\u043e\u0432\u043e\u0433\u043e \u043f\u0435\u0440\u0438\u043e\u0434\u0430","item":"https:\/\/jaaaeg.ee\/ru\/o-centre-lednikovogo-perioda\/"},{"@type":"ListItem","position":3,"name":"\u041a\u0430\u043a \u0434\u043e\u0431\u0440\u0430\u0442\u044c\u0441\u044f?"}]},{"@type":"WebSite","@id":"https:\/\/jaaaeg.ee\/ru\/#website","url":"https:\/\/jaaaeg.ee\/ru\/","name":"J\u00e4\u00e4aja Keskus","description":"avastamisr\u00f5\u00f5m igas vanuses k\u00fclastajatele","potentialAction":[{"@type":"SearchAction","target":{"@type":"EntryPoint","urlTemplate":"https:\/\/jaaaeg.ee\/ru\/?s={search_term_string}"},"query-input":{"@type":"PropertyValueSpecification","valueRequired":true,"valueName":"search_term_string"}}],"inLanguage":"ru-RU"}]}},"_links":{"self":[{"href":"https:\/\/jaaaeg.ee\/ru\/wp-json\/wp\/v2\/pages\/1866","targetHints":{"allow":["GET"]}}],"collection":[{"href":"https:\/\/jaaaeg.ee\/ru\/wp-json\/wp\/v2\/pages"}],"about":[{"href":"https:\/\/jaaaeg.ee\/ru\/wp-json\/wp\/v2\/types\/page"}],"author":[{"embeddable":true,"href":"https:\/\/jaaaeg.ee\/ru\/wp-json\/wp\/v2\/users\/1"}],"replies":[{"embeddable":true,"href":"https:\/\/jaaaeg.ee\/ru\/wp-json\/wp\/v2\/comments?post=1866"}],"version-history":[{"count":4,"href":"https:\/\/jaaaeg.ee\/ru\/wp-json\/wp\/v2\/pages\/1866\/revisions"}],"predecessor-version":[{"id":1936,"href":"https:\/\/jaaaeg.ee\/ru\/wp-json\/wp\/v2\/pages\/1866\/revisions\/1936"}],"up":[{"embeddable":true,"href":"https:\/\/jaaaeg.ee\/ru\/wp-json\/wp\/v2\/pages\/1850"}],"wp:attachment":[{"href":"https:\/\/jaaaeg.ee\/ru\/wp-json\/wp\/v2\/media?parent=1866"}],"curies":[{"name":"wp","href":"https:\/\/api.w.org\/{rel}","templated":true}]}}