{"id":17703,"date":"2019-08-27T13:35:36","date_gmt":"2019-08-27T10:35:36","guid":{"rendered":"https:\/\/jaaaeg.ee\/?page_id=17703"},"modified":"2026-03-04T13:05:20","modified_gmt":"2026-03-04T11:05:20","slug":"sundmus-jaaaja-keskuses","status":"publish","type":"page","link":"https:\/\/jaaaeg.ee\/ru\/sundmus-jaaaja-keskuses\/","title":{"rendered":"Sinu s\u00fcndmus J\u00e4\u00e4aja Keskuses"},"content":{"rendered":"\r\n<div class=\"vce-row-container\">\r\n<div id=\"el-3a5b4b68\" class=\"vce-row vce-row--col-gap-30 vce-row-columns--top vce-row-content--top\" data-vce-do-apply=\"all el-3a5b4b68\">\r\n<div class=\"vce-row-content\" data-vce-element-content=\"true\">\r\n<div id=\"el-3de3d9f3\" class=\"vce-col vce-col--md-auto vce-col--xs-1 vce-col--xs-last vce-col--xs-first vce-col--sm-last vce-col--sm-first vce-col--md-last vce-col--lg-last vce-col--xl-last vce-col--md-first vce-col--lg-first vce-col--xl-first\">\r\n<div class=\"vce-col-inner\" data-vce-do-apply=\"border margin background el-3de3d9f3\">\r\n<div class=\"vce-col-content\" data-vce-element-content=\"true\" data-vce-do-apply=\"padding el-3de3d9f3\">\r\n<div class=\"vce-text-block\">\r\n<div id=\"el-915dd634\" class=\"vce-text-block-wrapper vce\" data-vce-do-apply=\"all el-915dd634\">\r\n<h2 style=\"text-align: center;\">J\u00e4\u00e4aja Keskuses ootavad:<\/h2>\r\n<\/div>\r\n<\/div>\r\n<div class=\"vce-text-block\">\r\n<div id=\"el-966f0ce0\" class=\"vce-text-block-wrapper vce\" data-vce-do-apply=\"all el-966f0ce0\">\r\n<h4>AVARAD RUUMID<\/h4>\r\nMeil on lai valik erinevas suuruses ning kaasaaegse tehnikaga varustatud ruume alates v\u00e4ikeste seminaride korraldamisest kuni suurte ettev\u00f5tete j\u00f5ulupidudeni.\r\n\r\nT\u00e4psem ruumivalik: <a href=\"https:\/\/lydian.ee\/jaaaeg\/ruumid\/\" target=\"_blank\" rel=\"noopener noreferrer\">https:\/\/lydian.ee\/jaaaeg\/ruumid\/<\/a>\r\n\r\n<\/div>\r\n<\/div>\r\n<div class=\"vce-image-gallery vce-image-gallery--gap-10 vce-image-gallery--columns-5 vce-image-gallery--border-rounded\">\r\n<div id=\"el-1149765c\" class=\"vce-image-gallery-wrapper vce\" data-vce-do-apply=\"all el-1149765c\">\r\n<div class=\"vce-image-gallery-list\">\r\n<div class=\"vce-image-gallery-item\">\r\n<figure class=\"vce-image-gallery-item-inner-wrapper\">\r\n<div class=\"vce-image-gallery-item-inner\"><img decoding=\"async\" class=\"vce-image-gallery-img\" title=\"JNY_4062-300x200\" src=\"https:\/\/jaaaeg.ee\/wp-content\/uploads\/2018\/09\/JNY_4062-300x200.jpg\" alt=\"\"><\/div><\/figure>\r\n<\/div>\r\n<div class=\"vce-image-gallery-item\">\r\n<figure class=\"vce-image-gallery-item-inner-wrapper\">\r\n<div class=\"vce-image-gallery-item-inner\"><img decoding=\"async\" class=\"vce-image-gallery-img\" title=\"energeetikasaal-300x225\" src=\"https:\/\/jaaaeg.ee\/wp-content\/uploads\/2018\/09\/energeetikasaal-300x225.jpg\" alt=\"\"><\/div><\/figure>\r\n<\/div>\r\n<div class=\"vce-image-gallery-item\">\r\n<figure class=\"vce-image-gallery-item-inner-wrapper\">\r\n<div class=\"vce-image-gallery-item-inner\"><img decoding=\"async\" class=\"vce-image-gallery-img\" title=\"taust_korralda \u00fcritus\" src=\"https:\/\/jaaaeg.ee\/wp-content\/uploads\/2019\/08\/taust_korralda-ritus-700x467.jpg\" alt=\"\"><\/div><\/figure>\r\n<\/div>\r\n<div class=\"vce-image-gallery-item\">\r\n<figure class=\"vce-image-gallery-item-inner-wrapper\">\r\n<div class=\"vce-image-gallery-item-inner\"><img decoding=\"async\" class=\"vce-image-gallery-img\" title=\"Kristoffer&amp;Liisa-1065\" src=\"https:\/\/jaaaeg.ee\/wp-content\/uploads\/2019\/08\/KristofferLiisa-1065-700x467.jpg\" alt=\"\"><\/div><\/figure>\r\n<\/div>\r\n<\/div>\r\n<\/div>\r\n<\/div>\r\n<div class=\"vce-text-block\">\r\n<div id=\"el-4b9103e6\" class=\"vce-text-block-wrapper vce\" data-vce-do-apply=\"all el-4b9103e6\">\r\n<h4>MEELDEJ\u00c4\u00c4V ATMOSF\u00c4\u00c4R<\/h4>\r\nAinulaadne elamus terves Baltikumis: korralda s\u00fcnnip\u00e4ev, konverents v\u00f5i firma pidu otse mammuti k\u00f5rval v\u00f5i lummava panoraamvaatega Saadj\u00e4rvele.\r\n\r\n<\/div>\r\n<\/div>\r\n<div class=\"vce-image-gallery vce-image-gallery--gap-10 vce-image-gallery--columns-5 vce-image-gallery--border-rounded\">\r\n<div id=\"el-39299299\" class=\"vce-image-gallery-wrapper vce\" data-vce-do-apply=\"all el-39299299\">\r\n<div class=\"vce-image-gallery-list\">\r\n<div class=\"vce-image-gallery-item\">\r\n<figure class=\"vce-image-gallery-item-inner-wrapper\">\r\n<div class=\"vce-image-gallery-item-inner\"><img decoding=\"async\" class=\"vce-image-gallery-img\" title=\"DSC_1651\" src=\"https:\/\/jaaaeg.ee\/wp-content\/uploads\/2019\/08\/DSC_1651-700x467.jpg\" alt=\"\"><\/div><\/figure>\r\n<\/div>\r\n<div class=\"vce-image-gallery-item\">\r\n<figure class=\"vce-image-gallery-item-inner-wrapper\">\r\n<div class=\"vce-image-gallery-item-inner\"><img decoding=\"async\" class=\"vce-image-gallery-img\" title=\"bgkohvik\" src=\"https:\/\/jaaaeg.ee\/wp-content\/uploads\/2019\/08\/bgkohvik.jpg\" alt=\"\"><\/div><\/figure>\r\n<\/div>\r\n<div class=\"vce-image-gallery-item\">\r\n<figure class=\"vce-image-gallery-item-inner-wrapper\">\r\n<div class=\"vce-image-gallery-item-inner\"><img decoding=\"async\" class=\"vce-image-gallery-img\" title=\"\u00dcritused aatriumis\" src=\"https:\/\/jaaaeg.ee\/wp-content\/uploads\/2019\/08\/ritused-aatriumis-700x467.jpg\" alt=\"\"><\/div><\/figure>\r\n<\/div>\r\n<div class=\"vce-image-gallery-item\">\r\n<figure class=\"vce-image-gallery-item-inner-wrapper\">\r\n<div class=\"vce-image-gallery-item-inner\"><img decoding=\"async\" class=\"vce-image-gallery-img\" title=\"Kristoffer&amp;Liisa-1012\" src=\"https:\/\/jaaaeg.ee\/wp-content\/uploads\/2019\/08\/KristofferLiisa-1012-700x700.jpg\" alt=\"\"><\/div><\/figure>\r\n<\/div>\r\n<\/div>\r\n<\/div>\r\n<\/div>\r\n<div class=\"vce-text-block\">\r\n<div id=\"el-28b2ad7e\" class=\"vce-text-block-wrapper vce\" data-vce-do-apply=\"all el-28b2ad7e\">\r\n<h4>ABIVALMIS PERSONAL<\/h4>\r\nJ\u00e4\u00e4aja Keskuse abivalmis ja asjatundlik personal aitab leida Sinu \u00fcrituse v\u00f5i seminari l\u00e4biviimiseks parima lahenduse.\r\nV\u00f5ta meiega \u00fchendust: <a href=\"mailto:info@jaaaeg.ee\">info@jaaaeg.ee<\/a> v\u00f5i <strong>+372 5911 3318<\/strong>\r\n\r\n<\/div>\r\n<\/div>\r\n<div class=\"vce-image-gallery vce-image-gallery--gap-10 vce-image-gallery--columns-5 vce-image-gallery--border-round\">\r\n<div id=\"el-8ad53a42\" class=\"vce-image-gallery-wrapper vce\" data-vce-do-apply=\"all el-8ad53a42\">\r\n<div class=\"vce-image-gallery-list\">\r\n<div class=\"vce-image-gallery-item\">\r\n<figure class=\"vce-image-gallery-item-inner-wrapper\">\r\n<div class=\"vce-image-gallery-item-inner\"><img decoding=\"async\" class=\"vce-image-gallery-img vce-image-gallery-img--orientation-portrait\" title=\"JNY_4106\" src=\"https:\/\/jaaaeg.ee\/wp-content\/uploads\/2019\/08\/JNY_4106-700x1050.jpg\" alt=\"\"><\/div><\/figure>\r\n<\/div>\r\n<\/div>\r\n<\/div>\r\n<\/div>\r\n<div class=\"vce-text-block\">\r\n<div id=\"el-d1c208b2\" class=\"vce-text-block-wrapper vce\" data-vce-do-apply=\"all el-d1c208b2\">\r\n<h4>TOITLUSTUS<\/h4>\r\n\u00c4sja uuendatud J\u00e4\u00e4karu kohvik pakub igap\u00e4evaselt l\u00f5una buffeet, a la carte men\u00fc\u00fcd, lastemen\u00fc\u00fcd, grupitoitlustamist ning <em>catering<\/em> teenust \u00fcrituste l\u00e4biviimiseks.&nbsp;\r\nK\u00f5ik toidud valmivad kohapeal ning vastavalt Sinu soovidele!\r\n\r\n<\/div>\r\n<\/div>\r\n<div class=\"vce-image-gallery vce-image-gallery--gap-10 vce-image-gallery--columns-5 vce-image-gallery--border-rounded\">\r\n<div id=\"el-d9b06058\" class=\"vce-image-gallery-wrapper vce\" data-vce-do-apply=\"all el-d9b06058\">\r\n<div class=\"vce-image-gallery-list\">\r\n<div class=\"vce-image-gallery-item\">\r\n<figure class=\"vce-image-gallery-item-inner-wrapper\">\r\n<div class=\"vce-image-gallery-item-inner\"><img decoding=\"async\" class=\"vce-image-gallery-img\" title=\"JNY_4118\" src=\"https:\/\/jaaaeg.ee\/wp-content\/uploads\/2019\/08\/JNY_4118-700x467.jpg\" alt=\"\"><\/div><\/figure>\r\n<\/div>\r\n<\/div>\r\n<\/div>\r\n<\/div>\r\n<div class=\"vce-button--style-basic-container vce-button--style-basic-container--align-center\"><span id=\"el-6a83ec22\" class=\"vce-button--style-basic-wrapper vce\" data-vce-do-apply=\"margin el-6a83ec22\"><a class=\"vce-button--style-basic vce-button--style-basic--border-rounded vce-button--style-basic--size-medium vce-button--style-basic--color-557cbf--fff vce-button--style-basic--hover-color-4d70ac--fff\" title=\"\" href=\"https:\/\/jaaaeg.ee\/kontakt\/\" target=\"_blank\" rel=\"noopener noreferrer\" data-vce-do-apply=\"padding border background el-6a83ec22\">V\u00f5ta meiega \u00fchendust!<\/a><\/span><\/div>\r\n<div class=\"vce-image-gallery vce-image-gallery--gap-10 vce-image-gallery--columns-3\">\r\n<div id=\"el-1c5b1c7b\" class=\"vce-image-gallery-wrapper vce\" data-vce-do-apply=\"all el-1c5b1c7b\">\r\n<div class=\"vce-image-gallery-list\">&nbsp;<\/div>\r\n<\/div>\r\n<\/div>\r\n<\/div>\r\n<\/div>\r\n<\/div>\r\n<\/div>\r\n<\/div>\r\n<\/div>\r\n\n","protected":false},"excerpt":{"rendered":"J\u00e4\u00e4aja Keskuses ootavad: AVARAD RUUMID Meil on lai valik erinevas suuruses ning kaasaaegse tehnikaga varustatud ruume alates v\u00e4ikeste seminaride korraldamisest kuni suurte ettev\u00f5tete j\u00f5ulupidudeni. T\u00e4psem ruumivalik: https:\/\/lydian.ee\/jaaaeg\/ruumid\/ MEELDEJ\u00c4\u00c4V ATMOSF\u00c4\u00c4R Ainulaadne elamus terves Baltikumis: korralda s\u00fcnnip\u00e4ev, konverents v\u00f5i firma pidu otse mammuti k\u00f5rval v\u00f5i lummava panoraamvaatega Saadj\u00e4rvele. ABIVALMIS PERSONAL J\u00e4\u00e4aja Keskuse abivalmis ja asjatundlik personal aitab&#8230; <a class=\"view-article\" href=\"https:\/\/jaaaeg.ee\/ru\/sundmus-jaaaja-keskuses\/\">\u041f\u0440\u043e\u0447\u0438\u0442\u0430\u0439\u0442\u0435 \u0431\u043e\u043b\u044c\u0448\u0435<\/a>","protected":false},"author":3,"featured_media":17741,"parent":0,"menu_order":267,"comment_status":"closed","ping_status":"closed","template":"","meta":{"_acf_changed":false,"ngg_post_thumbnail":0,"footnotes":""},"class_list":["post-17703","page","type-page","status-publish","has-post-thumbnail","hentry"],"acf":[],"yoast_head":"<!-- This site is optimized with the Yoast SEO plugin v27.4 - https:\/\/yoast.com\/product\/yoast-seo-wordpress\/ -->\n<title>Sinu s\u00fcndmus J\u00e4\u00e4aja Keskuses - J\u00e4\u00e4aja Keskus<\/title>\n<meta name=\"robots\" content=\"index, follow, max-snippet:-1, max-image-preview:large, max-video-preview:-1\" \/>\n<link rel=\"canonical\" href=\"https:\/\/jaaaeg.ee\/sundmus-jaaaja-keskuses\/\" \/>\n<meta property=\"og:locale\" content=\"ru_RU\" \/>\n<meta property=\"og:type\" content=\"article\" \/>\n<meta property=\"og:title\" content=\"Sinu s\u00fcndmus J\u00e4\u00e4aja Keskuses - J\u00e4\u00e4aja Keskus\" \/>\n<meta property=\"og:description\" content=\"J\u00e4\u00e4aja Keskuses ootavad: AVARAD RUUMID Meil on lai valik erinevas suuruses ning kaasaaegse tehnikaga varustatud ruume alates v\u00e4ikeste seminaride korraldamisest kuni suurte ettev\u00f5tete j\u00f5ulupidudeni. T\u00e4psem ruumivalik: https:\/\/lydian.ee\/jaaaeg\/ruumid\/ MEELDEJ\u00c4\u00c4V ATMOSF\u00c4\u00c4R Ainulaadne elamus terves Baltikumis: korralda s\u00fcnnip\u00e4ev, konverents v\u00f5i firma pidu otse mammuti k\u00f5rval v\u00f5i lummava panoraamvaatega Saadj\u00e4rvele. ABIVALMIS PERSONAL J\u00e4\u00e4aja Keskuse abivalmis ja asjatundlik personal aitab... \u041f\u0440\u043e\u0447\u0438\u0442\u0430\u0439\u0442\u0435 \u0431\u043e\u043b\u044c\u0448\u0435\" \/>\n<meta property=\"og:url\" content=\"https:\/\/jaaaeg.ee\/sundmus-jaaaja-keskuses\/\" \/>\n<meta property=\"og:site_name\" content=\"J\u00e4\u00e4aja Keskus\" \/>\n<meta property=\"article:publisher\" content=\"https:\/\/www.facebook.com\/JaaajaKeskus\/\" \/>\n<meta property=\"article:modified_time\" content=\"2026-03-04T11:05:20+00:00\" \/>\n<meta property=\"og:image\" content=\"https:\/\/jaaaeg.ee\/wp-content\/uploads\/2019\/08\/KristofferLiisa-1065.jpg\" \/>\n\t<meta property=\"og:image:width\" content=\"2048\" \/>\n\t<meta property=\"og:image:height\" content=\"1365\" \/>\n\t<meta property=\"og:image:type\" content=\"image\/jpeg\" \/>\n<meta name=\"twitter:card\" content=\"summary_large_image\" \/>\n<meta name=\"twitter:label1\" content=\"\u041f\u0440\u0438\u043c\u0435\u0440\u043d\u043e\u0435 \u0432\u0440\u0435\u043c\u044f \u0434\u043b\u044f \u0447\u0442\u0435\u043d\u0438\u044f\" \/>\n\t<meta name=\"twitter:data1\" content=\"3 \u043c\u0438\u043d\u0443\u0442\u044b\" \/>\n<script type=\"application\/ld+json\" class=\"yoast-schema-graph\">{\"@context\":\"https:\\\/\\\/schema.org\",\"@graph\":[{\"@type\":\"WebPage\",\"@id\":\"https:\\\/\\\/jaaaeg.ee\\\/sundmus-jaaaja-keskuses\\\/\",\"url\":\"https:\\\/\\\/jaaaeg.ee\\\/sundmus-jaaaja-keskuses\\\/\",\"name\":\"Sinu s\u00fcndmus J\u00e4\u00e4aja Keskuses - J\u00e4\u00e4aja Keskus\",\"isPartOf\":{\"@id\":\"https:\\\/\\\/jaaaeg.ee\\\/ru\\\/#website\"},\"primaryImageOfPage\":{\"@id\":\"https:\\\/\\\/jaaaeg.ee\\\/sundmus-jaaaja-keskuses\\\/#primaryimage\"},\"image\":{\"@id\":\"https:\\\/\\\/jaaaeg.ee\\\/sundmus-jaaaja-keskuses\\\/#primaryimage\"},\"thumbnailUrl\":\"https:\\\/\\\/jaaaeg.ee\\\/wp-content\\\/uploads\\\/2019\\\/08\\\/KristofferLiisa-1065.jpg\",\"datePublished\":\"2019-08-27T10:35:36+00:00\",\"dateModified\":\"2026-03-04T11:05:20+00:00\",\"breadcrumb\":{\"@id\":\"https:\\\/\\\/jaaaeg.ee\\\/sundmus-jaaaja-keskuses\\\/#breadcrumb\"},\"inLanguage\":\"ru-RU\",\"potentialAction\":[{\"@type\":\"ReadAction\",\"target\":[\"https:\\\/\\\/jaaaeg.ee\\\/sundmus-jaaaja-keskuses\\\/\"]}]},{\"@type\":\"ImageObject\",\"inLanguage\":\"ru-RU\",\"@id\":\"https:\\\/\\\/jaaaeg.ee\\\/sundmus-jaaaja-keskuses\\\/#primaryimage\",\"url\":\"https:\\\/\\\/jaaaeg.ee\\\/wp-content\\\/uploads\\\/2019\\\/08\\\/KristofferLiisa-1065.jpg\",\"contentUrl\":\"https:\\\/\\\/jaaaeg.ee\\\/wp-content\\\/uploads\\\/2019\\\/08\\\/KristofferLiisa-1065.jpg\",\"width\":2048,\"height\":1365,\"caption\":\"KristofferLiisa 1065\"},{\"@type\":\"BreadcrumbList\",\"@id\":\"https:\\\/\\\/jaaaeg.ee\\\/sundmus-jaaaja-keskuses\\\/#breadcrumb\",\"itemListElement\":[{\"@type\":\"ListItem\",\"position\":1,\"name\":\"Home\",\"item\":\"https:\\\/\\\/jaaaeg.ee\\\/ru\\\/\"},{\"@type\":\"ListItem\",\"position\":2,\"name\":\"Sinu s\u00fcndmus J\u00e4\u00e4aja Keskuses\"}]},{\"@type\":\"WebSite\",\"@id\":\"https:\\\/\\\/jaaaeg.ee\\\/ru\\\/#website\",\"url\":\"https:\\\/\\\/jaaaeg.ee\\\/ru\\\/\",\"name\":\"J\u00e4\u00e4aja Keskus\",\"description\":\"avastamisr\u00f5\u00f5m igas vanuses k\u00fclastajatele\",\"potentialAction\":[{\"@type\":\"SearchAction\",\"target\":{\"@type\":\"EntryPoint\",\"urlTemplate\":\"https:\\\/\\\/jaaaeg.ee\\\/ru\\\/?s={search_term_string}\"},\"query-input\":{\"@type\":\"PropertyValueSpecification\",\"valueRequired\":true,\"valueName\":\"search_term_string\"}}],\"inLanguage\":\"ru-RU\"}]}<\/script>\n<!-- \/ Yoast SEO plugin. -->","yoast_head_json":{"title":"Sinu s\u00fcndmus J\u00e4\u00e4aja Keskuses - J\u00e4\u00e4aja Keskus","robots":{"index":"index","follow":"follow","max-snippet":"max-snippet:-1","max-image-preview":"max-image-preview:large","max-video-preview":"max-video-preview:-1"},"canonical":"https:\/\/jaaaeg.ee\/sundmus-jaaaja-keskuses\/","og_locale":"ru_RU","og_type":"article","og_title":"Sinu s\u00fcndmus J\u00e4\u00e4aja Keskuses - J\u00e4\u00e4aja Keskus","og_description":"J\u00e4\u00e4aja Keskuses ootavad: AVARAD RUUMID Meil on lai valik erinevas suuruses ning kaasaaegse tehnikaga varustatud ruume alates v\u00e4ikeste seminaride korraldamisest kuni suurte ettev\u00f5tete j\u00f5ulupidudeni. T\u00e4psem ruumivalik: https:\/\/lydian.ee\/jaaaeg\/ruumid\/ MEELDEJ\u00c4\u00c4V ATMOSF\u00c4\u00c4R Ainulaadne elamus terves Baltikumis: korralda s\u00fcnnip\u00e4ev, konverents v\u00f5i firma pidu otse mammuti k\u00f5rval v\u00f5i lummava panoraamvaatega Saadj\u00e4rvele. ABIVALMIS PERSONAL J\u00e4\u00e4aja Keskuse abivalmis ja asjatundlik personal aitab... \u041f\u0440\u043e\u0447\u0438\u0442\u0430\u0439\u0442\u0435 \u0431\u043e\u043b\u044c\u0448\u0435","og_url":"https:\/\/jaaaeg.ee\/sundmus-jaaaja-keskuses\/","og_site_name":"J\u00e4\u00e4aja Keskus","article_publisher":"https:\/\/www.facebook.com\/JaaajaKeskus\/","article_modified_time":"2026-03-04T11:05:20+00:00","og_image":[{"width":2048,"height":1365,"url":"https:\/\/jaaaeg.ee\/wp-content\/uploads\/2019\/08\/KristofferLiisa-1065.jpg","type":"image\/jpeg"}],"twitter_card":"summary_large_image","twitter_misc":{"\u041f\u0440\u0438\u043c\u0435\u0440\u043d\u043e\u0435 \u0432\u0440\u0435\u043c\u044f \u0434\u043b\u044f \u0447\u0442\u0435\u043d\u0438\u044f":"3 \u043c\u0438\u043d\u0443\u0442\u044b"},"schema":{"@context":"https:\/\/schema.org","@graph":[{"@type":"WebPage","@id":"https:\/\/jaaaeg.ee\/sundmus-jaaaja-keskuses\/","url":"https:\/\/jaaaeg.ee\/sundmus-jaaaja-keskuses\/","name":"Sinu s\u00fcndmus J\u00e4\u00e4aja Keskuses - J\u00e4\u00e4aja Keskus","isPartOf":{"@id":"https:\/\/jaaaeg.ee\/ru\/#website"},"primaryImageOfPage":{"@id":"https:\/\/jaaaeg.ee\/sundmus-jaaaja-keskuses\/#primaryimage"},"image":{"@id":"https:\/\/jaaaeg.ee\/sundmus-jaaaja-keskuses\/#primaryimage"},"thumbnailUrl":"https:\/\/jaaaeg.ee\/wp-content\/uploads\/2019\/08\/KristofferLiisa-1065.jpg","datePublished":"2019-08-27T10:35:36+00:00","dateModified":"2026-03-04T11:05:20+00:00","breadcrumb":{"@id":"https:\/\/jaaaeg.ee\/sundmus-jaaaja-keskuses\/#breadcrumb"},"inLanguage":"ru-RU","potentialAction":[{"@type":"ReadAction","target":["https:\/\/jaaaeg.ee\/sundmus-jaaaja-keskuses\/"]}]},{"@type":"ImageObject","inLanguage":"ru-RU","@id":"https:\/\/jaaaeg.ee\/sundmus-jaaaja-keskuses\/#primaryimage","url":"https:\/\/jaaaeg.ee\/wp-content\/uploads\/2019\/08\/KristofferLiisa-1065.jpg","contentUrl":"https:\/\/jaaaeg.ee\/wp-content\/uploads\/2019\/08\/KristofferLiisa-1065.jpg","width":2048,"height":1365,"caption":"KristofferLiisa 1065"},{"@type":"BreadcrumbList","@id":"https:\/\/jaaaeg.ee\/sundmus-jaaaja-keskuses\/#breadcrumb","itemListElement":[{"@type":"ListItem","position":1,"name":"Home","item":"https:\/\/jaaaeg.ee\/ru\/"},{"@type":"ListItem","position":2,"name":"Sinu s\u00fcndmus J\u00e4\u00e4aja Keskuses"}]},{"@type":"WebSite","@id":"https:\/\/jaaaeg.ee\/ru\/#website","url":"https:\/\/jaaaeg.ee\/ru\/","name":"J\u00e4\u00e4aja Keskus","description":"avastamisr\u00f5\u00f5m igas vanuses k\u00fclastajatele","potentialAction":[{"@type":"SearchAction","target":{"@type":"EntryPoint","urlTemplate":"https:\/\/jaaaeg.ee\/ru\/?s={search_term_string}"},"query-input":{"@type":"PropertyValueSpecification","valueRequired":true,"valueName":"search_term_string"}}],"inLanguage":"ru-RU"}]}},"_links":{"self":[{"href":"https:\/\/jaaaeg.ee\/ru\/wp-json\/wp\/v2\/pages\/17703","targetHints":{"allow":["GET"]}}],"collection":[{"href":"https:\/\/jaaaeg.ee\/ru\/wp-json\/wp\/v2\/pages"}],"about":[{"href":"https:\/\/jaaaeg.ee\/ru\/wp-json\/wp\/v2\/types\/page"}],"author":[{"embeddable":true,"href":"https:\/\/jaaaeg.ee\/ru\/wp-json\/wp\/v2\/users\/3"}],"replies":[{"embeddable":true,"href":"https:\/\/jaaaeg.ee\/ru\/wp-json\/wp\/v2\/comments?post=17703"}],"version-history":[{"count":9,"href":"https:\/\/jaaaeg.ee\/ru\/wp-json\/wp\/v2\/pages\/17703\/revisions"}],"predecessor-version":[{"id":33723,"href":"https:\/\/jaaaeg.ee\/ru\/wp-json\/wp\/v2\/pages\/17703\/revisions\/33723"}],"wp:featuredmedia":[{"embeddable":true,"href":"https:\/\/jaaaeg.ee\/ru\/wp-json\/wp\/v2\/media\/17741"}],"wp:attachment":[{"href":"https:\/\/jaaaeg.ee\/ru\/wp-json\/wp\/v2\/media?parent=17703"}],"curies":[{"name":"wp","href":"https:\/\/api.w.org\/{rel}","templated":true}]}}