{"id":17476,"date":"2019-06-01T12:31:28","date_gmt":"2019-06-01T09:31:28","guid":{"rendered":"https:\/\/jaaaeg.ee\/?page_id=17476"},"modified":"2019-07-09T10:45:46","modified_gmt":"2019-07-09T07:45:46","slug":"saadjarvefestival","status":"publish","type":"page","link":"https:\/\/jaaaeg.ee\/ru\/saadjarvefestival\/","title":{"rendered":"Saadj\u00e4rve festival 2019"},"content":{"rendered":"<div class=\"vce-row-container\"><div class=\"vce-row vce-row--col-gap-30 vce-row-columns--top vce-row-content--top\" id=\"el-44d9a61d\" data-vce-do-apply=\"all el-44d9a61d\"><div class=\"vce-row-content\" data-vce-element-content=\"true\"><div class=\"vce-col vce-col--md-auto vce-col--xs-1 vce-col--xs-last vce-col--xs-first vce-col--sm-last vce-col--sm-first vce-col--md-last vce-col--lg-last vce-col--xl-last vce-col--md-first vce-col--lg-first vce-col--xl-first\" id=\"el-a31defd3\"><div class=\"vce-col-inner\" data-vce-do-apply=\"border margin background  el-a31defd3\"><div class=\"vce-col-content\" data-vce-element-content=\"true\" data-vce-do-apply=\"padding el-a31defd3\"><div class=\"vce-single-image-container vce-single-image--align-center\"><div class=\"vce vce-single-image-wrapper\" id=\"el-87d5c5ea\" data-vce-do-apply=\"all el-87d5c5ea\"><figure><div class=\"vce-single-image-inner\"><img class=\"vce-single-image\" data-width=\"600\" data-height=\"300\"src=\"https:\/\/jaaaeg.ee\/wp-content\/uploads\/2019\/07\/Saadj-rve-festival_logo-page-001-600x300.jpg\" data-img-src=\"https:\/\/jaaaeg.ee\/wp-content\/uploads\/2019\/06\/Saadj-rve-festival_logo-page-001.jpg\" alt=\"Saadj\u00e4rve festival 2019\" title=\"Saadj\u00e4rve festival 2019\"\/><\/div><\/figure><\/div><\/div><div class=\"vce-text-block\"><div class=\"vce-text-block-wrapper vce\" id=\"el-a1f2113c\" data-vce-do-apply=\"all el-a1f2113c\"><p><span style=\"font-weight: 400;\">13. \u2013 14. juulil teist korda toimuv Saadj\u00e4rve festival (koos J\u00e4\u00e4aja Keskuse s\u00fcnnip\u00e4evaga) pakub tegevusi nii j\u00e4rvel kui kaldal. P\u00f5nevaid tegevusi jagub nii suurtele kui v\u00e4ikestele k\u00fclalistele. Festivali peaesinejateks on <\/span><b>KRISTIINA EHIN ja SILVER SEPP<\/b><span style=\"font-weight: 400;\">&nbsp;ning <\/span><b>LAURA P\u00d5LDVERE<\/b><span style=\"font-weight: 400;\">.<\/span><\/p><\/div><\/div><\/div><\/div><\/div><\/div><\/div><\/div><div class=\"vce-row-container\"><div class=\"vce-row vce-row--col-gap-30 vce-row-columns--top vce-row-content--top\" id=\"el-d9a80b2b\" data-vce-do-apply=\"all el-d9a80b2b\"><div class=\"vce-row-content\" data-vce-element-content=\"true\"><div class=\"vce-col vce-col--md-auto vce-col--xs-1 vce-col--xs-last vce-col--xs-first vce-col--sm-last vce-col--sm-first vce-col--md-last vce-col--lg-last vce-col--xl-last vce-col--md-first vce-col--lg-first vce-col--xl-first\" id=\"el-28c2aafa\"><div class=\"vce-col-inner\" data-vce-do-apply=\"border margin background  el-28c2aafa\"><div class=\"vce-col-content\" data-vce-element-content=\"true\" data-vce-do-apply=\"padding el-28c2aafa\"><div class=\"vce-text-block\"><div class=\"vce-text-block-wrapper vce\" id=\"el-2a128903\" data-vce-do-apply=\"all el-2a128903\"><h2>AJAKAVA<\/h2><\/div><\/div><div class=\"vce-faq-toggle vce-faq-toggle-color--fff vce-faq-toggle-shape-color--1D64C5 vce-faq-toggle-shape--rounded\"><div class=\"vce-faq-toggle-wrapper vce\" id=\"el-57b4cc02\" data-vce-do-apply=\"margin padding border background  el-57b4cc02\"><div class=\"vce-faq-toggle-inner\"><div class=\"vce-faq-toggle-title\"><h3 class=\"vce-faq-toggle-title-text\"><i class=\"vce-faq-toggle-icon\"><\/i>Laup\u00e4ev, 13. juuli<\/h3><\/div><div class=\"vce-faq-toggle-text-block\"><p><span style=\"font-weight: 400;\">Tabivere muuseum (12:00-18:00)<\/span><\/p>\n<p><span style=\"font-weight: 400;\">Juhuse \u00f5lletehas (12:00-18:00)<\/span><\/p>\n<p>&nbsp;<\/p>\n<p><span style=\"text-decoration: underline;\"><span style=\"font-weight: 400;\">Tabivere rand:<\/span><\/span><\/p>\n<p><span style=\"font-weight: 400;\">Parves\u00f5idud (11:30-12:30; 16:30-17:30)<\/span><\/p>\n<p><span style=\"font-weight: 400;\">Tartu sukeldumisklubi demonstreerib, kuidas p\u00e4\u00e4sta uppujat (16:00)<\/span><\/p>\n<p><span style=\"font-weight: 400;\">\u00c4ksi kirik (12:00-18:00)<\/span><\/p>\n<p>&nbsp;<\/p>\n<p><span style=\"text-decoration: underline;\"><span style=\"font-weight: 400;\">Kalda rand:<\/span><\/span><\/p>\n<p><span style=\"font-weight: 400;\">Snorgeldamine (12:00-18:00)<\/span><\/p>\n<p>&nbsp;<\/p>\n<p><span style=\"font-weight: 400;\">Avatud kodukohvikud Saadj\u00e4rve \u00fcmbruses (12:00-18:00)<\/span><\/p>\n<p>&nbsp;<\/p>\n<p><span style=\"text-decoration: underline;\"><span style=\"font-weight: 400;\">J\u00e4\u00e4aja Keskuse juures:<\/span><\/span><\/p>\n<p><span style=\"font-weight: 400;\">Laat \u00c4ksi kivipargis (12:00-18:00)<\/span><\/p>\n<p><span style=\"font-weight: 400;\">Igal t\u00e4istunnil (13:00-17:00) esinevad Tartu valla isetegevuslased<\/span><\/p>\n<p><span style=\"font-weight: 400;\">Parves\u00f5idud igal t\u00e4istunnil (12:00-16:00)<\/span><\/p>\n<p><span style=\"font-weight: 400;\">Jahis\u00f5idud igal t\u00e4istunnil (13:00-16:00)<\/span><\/p>\n<p><span style=\"font-weight: 400;\">Laste t\u00f6\u00f6toad (13:00-16:00)<\/span><\/p>\n<p><span style=\"font-weight: 400;\">J\u00e4\u00e4aja Keskus avatud kell 11:00-19:00<\/span><\/p>\n<p><span style=\"font-weight: 400;\">J\u00e4\u00e4karu kohvik (11:00-21:00)<\/span><\/p>\n<p><span style=\"font-weight: 400;\">Soomepoiste Tubamuuseum (12:00-18:00)<\/span><\/p>\n<p>&nbsp;<\/p>\n<p><strong>SILVER SEPP JA KRISTIINA EHIN <\/strong>k<span style=\"font-weight: 400;\">ontsert Saadj\u00e4rve kaldal J\u00e4\u00e4aja Keskuse juures <strong>kell 19:00<\/strong><\/span><\/p>\n<p>&nbsp;<\/p>\n<p><span style=\"text-decoration: underline;\"><span style=\"font-weight: 400;\">Kukulinna rand:<\/span><\/span><\/p>\n<p><span style=\"font-weight: 400;\">V\u00f5imalus s\u00f5ita aerulauaga (12:00-18:00)<\/span><\/p>\n<p><span style=\"font-weight: 400;\">Saunalahvka (12:00-18:00)<\/span><\/p><\/div><\/div><\/div><\/div><\/div><\/div><\/div><\/div><\/div><\/div><div class=\"vce-row-container\"><div class=\"vce-row vce-row--col-gap-30 vce-row-columns--top vce-row-content--top\" id=\"el-9e11d976\" data-vce-do-apply=\"all el-9e11d976\"><div class=\"vce-row-content\" data-vce-element-content=\"true\"><div class=\"vce-col vce-col--md-auto vce-col--xs-1 vce-col--xs-last vce-col--xs-first vce-col--sm-last vce-col--sm-first vce-col--md-last vce-col--lg-last vce-col--xl-last vce-col--md-first vce-col--lg-first vce-col--xl-first\" id=\"el-54fed5f6\"><div class=\"vce-col-inner\" data-vce-do-apply=\"border margin background  el-54fed5f6\"><div class=\"vce-col-content\" data-vce-element-content=\"true\" data-vce-do-apply=\"padding el-54fed5f6\"><div class=\"vce-faq-toggle vce-faq-toggle-color--fff vce-faq-toggle-shape-color--1D64C5 vce-faq-toggle-shape--rounded\"><div class=\"vce-faq-toggle-wrapper vce\" id=\"el-ad02168f\" data-vce-do-apply=\"margin padding border background  el-ad02168f\"><div class=\"vce-faq-toggle-inner\"><div class=\"vce-faq-toggle-title\"><h3 class=\"vce-faq-toggle-title-text\"><i class=\"vce-faq-toggle-icon\"><\/i>P\u00fchap\u00e4ev, 14. juuli<\/h3><\/div><div class=\"vce-faq-toggle-text-block\"><p><b>J\u00c4\u00c4AJA KESKUSE 7. S\u00dcNNIP\u00c4EV<\/b><\/p><p><span style=\"font-weight: 400;\">Kell 11.00 keskuse avamine ja suur tordi s\u00f6\u00f6mine<\/span><\/p><p><span style=\"font-weight: 400;\">Kell 12.00 - 14.00 k\u00fclas <strong>Lumekuninganna Elsa<\/strong><\/span><\/p><p><span style=\"font-weight: 400;\">Kell 14.30 ja 15.30 <strong>Hullu Teadlase<\/strong> eksperimendid<\/span><\/p><p><span style=\"font-weight: 400;\">Kell 13.00 ja 15.00 Giidituurid keskuses (EST ja RUS)<\/span><\/p><p><span style=\"font-weight: 400;\"><br><\/span><span style=\"font-weight: 400;\">Terve p\u00e4eva jooksul ponis\u00f5idud, miniloomaaed, VSpa majam\u00e4ng ning palju vahvaid tegevusi.<\/span><span style=\"font-weight: 400;\"><br><br><\/span><\/p><p><b>LAURA P\u00d5LDVERE<\/b><span style=\"font-weight: 400;\">&nbsp;kontsert Saadj\u00e4rve kaldal J\u00e4\u00e4aja Keskuse juures <strong>kell 18:00<\/strong><\/span><\/p><\/div><\/div><\/div><\/div><\/div><\/div><\/div><\/div><\/div><\/div><div class=\"vce-row-container\"><div class=\"vce-row vce-row--col-gap-30 vce-row-columns--top vce-row-content--top\" id=\"el-23b59b9e\" data-vce-do-apply=\"all el-23b59b9e\"><div class=\"vce-row-content\" data-vce-element-content=\"true\"><div class=\"vce-col vce-col--md-auto vce-col--xs-1 vce-col--xs-last vce-col--xs-first vce-col--sm-last vce-col--sm-first vce-col--md-last vce-col--lg-last vce-col--xl-last vce-col--md-first vce-col--lg-first vce-col--xl-first\" id=\"el-fffca4f7\"><div class=\"vce-col-inner\" data-vce-do-apply=\"border margin background  el-fffca4f7\"><div class=\"vce-col-content\" data-vce-element-content=\"true\" data-vce-do-apply=\"padding el-fffca4f7\"><div class=\"vce-text-block\"><div class=\"vce-text-block-wrapper vce\" id=\"el-19cfb341\" data-vce-do-apply=\"all el-19cfb341\"><h2>Piletiinfo<\/h2>\n<p>Piletid on saadavad Piletilevis ning festivali p\u00e4eval kohapeal (J\u00e4\u00e4aja Keskuses, Kukulinna rannas, Kalda rannas ja Tabivere rannas).<br><br><span style=\"text-decoration: underline;\">Kahe p\u00e4eva piletihind<\/span> (sisaldab sissep\u00e4\u00e4su J\u00e4\u00e4aja Keskuse s\u00fcnnip\u00e4evale 14. juulil)<\/p>\n<p>T\u00e4iskasvanu <strong>15 EUR<\/strong><\/p>\n<p>Laps (vanus 4-12 aastat) <strong>5 EUR<\/strong><\/p>\n<p>Alla 4 aastased <strong>TASUTA&nbsp;<br><br><\/strong>J\u00e4\u00e4aja Keskuse s\u00fcnnip\u00e4eva pilet (14. juuli): <strong>5 EUR<\/strong><\/p>\n<p><em>Piletid vahetatakse festivali p\u00e4eval kohapeal k\u00e4epaela vastu.<\/em><\/p><\/div><\/div><\/div><\/div><\/div><\/div><\/div><\/div><div class=\"vce-row-container\"><div class=\"vce-row vce-row--col-gap-30 vce-row-columns--top vce-row-content--top\" id=\"el-04deb4cf\" data-vce-do-apply=\"all el-04deb4cf\"><div class=\"vce-row-content\" data-vce-element-content=\"true\"><div class=\"vce-col vce-col--md-auto vce-col--xs-1 vce-col--xs-last vce-col--xs-first vce-col--sm-last vce-col--sm-first vce-col--md-last vce-col--lg-last vce-col--xl-last vce-col--md-first vce-col--lg-first vce-col--xl-first\" id=\"el-f280001d\"><div class=\"vce-col-inner\" data-vce-do-apply=\"border margin background  el-f280001d\"><div class=\"vce-col-content\" data-vce-element-content=\"true\" data-vce-do-apply=\"padding el-f280001d\"><\/div><\/div><\/div><\/div><\/div><\/div><div class=\"vce-row-container\"><div class=\"vce-row vce-row--col-gap-30 vce-row-columns--top vce-row-content--top\" id=\"el-f5ab0abc\" data-vce-do-apply=\"all el-f5ab0abc\"><div class=\"vce-row-content\" data-vce-element-content=\"true\"><div class=\"vce-col vce-col--md-auto vce-col--xs-1 vce-col--xs-last vce-col--xs-first vce-col--sm-last vce-col--sm-first vce-col--md-last vce-col--lg-last vce-col--xl-last vce-col--md-first vce-col--lg-first vce-col--xl-first\" id=\"el-85254a92\"><div class=\"vce-col-inner\" data-vce-do-apply=\"border margin background  el-85254a92\"><div class=\"vce-col-content\" data-vce-element-content=\"true\" data-vce-do-apply=\"padding el-85254a92\"><div class=\"vce-single-image-container vce-single-image--align-center\"><div class=\"vce vce-single-image-wrapper\" id=\"el-8492fd2b\" data-vce-do-apply=\"all el-8492fd2b\"><figure><div class=\"vce-single-image-inner vce-single-image--border-rounded\"><img class=\"vce-single-image\" data-width=\"555\" data-height=\"800\"src=\"https:\/\/jaaaeg.ee\/wp-content\/uploads\/2019\/07\/Saadj-rve-festival-plakat_555x800px_Piletilevi-2-555x800.png\" data-img-src=\"https:\/\/jaaaeg.ee\/wp-content\/uploads\/2019\/06\/Saadj-rve-festival-plakat_555x800px_Piletilevi-2.png\" alt=\"Saadj\u00e4rve festival 2019\" title=\"Saadj\u00e4rve festival 2019\"\/><\/div><\/figure><\/div><\/div><\/div><\/div><\/div><\/div><\/div><\/div>\n","protected":false},"excerpt":{"rendered":"13. \u2013 14. juulil teist korda toimuv Saadj\u00e4rve festival (koos J\u00e4\u00e4aja Keskuse s\u00fcnnip\u00e4evaga) pakub tegevusi nii j\u00e4rvel kui kaldal. P\u00f5nevaid tegevusi jagub nii suurtele kui v\u00e4ikestele k\u00fclalistele. Festivali peaesinejateks on KRISTIINA EHIN ja SILVER SEPP&nbsp;ning LAURA P\u00d5LDVERE.AJAKAVALaup\u00e4ev, 13. juuliTabivere muuseum (12:00-18:00) Juhuse \u00f5lletehas (12:00-18:00) &nbsp; Tabivere rand: Parves\u00f5idud (11:30-12:30; 16:30-17:30) Tartu sukeldumisklubi demonstreerib, kuidas p\u00e4\u00e4sta&#8230; <a class=\"view-article\" href=\"https:\/\/jaaaeg.ee\/ru\/saadjarvefestival\/\">\u041f\u0440\u043e\u0447\u0438\u0442\u0430\u0439\u0442\u0435 \u0431\u043e\u043b\u044c\u0448\u0435<\/a>","protected":false},"author":3,"featured_media":17462,"parent":0,"menu_order":269,"comment_status":"closed","ping_status":"closed","template":"","meta":{"_acf_changed":false,"ngg_post_thumbnail":0,"footnotes":""},"class_list":["post-17476","page","type-page","status-publish","has-post-thumbnail","hentry"],"acf":[],"yoast_head":"<!-- This site is optimized with the Yoast SEO plugin v27.3 - https:\/\/yoast.com\/product\/yoast-seo-wordpress\/ -->\n<title>13.-14. juuli Saadj\u00e4rve festival 2019 - J\u00e4\u00e4aja Keskus<\/title>\n<meta name=\"description\" content=\"Saadj\u00e4rve festival pakub tegevusi nii j\u00e4rvel kui kaldal. Festivali peaesinejateks on Kristiina Ehin ja Silver Sepp ning Laura P\u00f5ldvere.\" \/>\n<meta name=\"robots\" content=\"index, follow, max-snippet:-1, max-image-preview:large, max-video-preview:-1\" \/>\n<link rel=\"canonical\" href=\"https:\/\/jaaaeg.ee\/saadjarvefestival\/\" \/>\n<meta property=\"og:locale\" content=\"ru_RU\" \/>\n<meta property=\"og:type\" content=\"article\" \/>\n<meta property=\"og:title\" content=\"13.-14. juuli Saadj\u00e4rve festival 2019 - J\u00e4\u00e4aja Keskus\" \/>\n<meta property=\"og:description\" content=\"Saadj\u00e4rve festival pakub tegevusi nii j\u00e4rvel kui kaldal. Festivali peaesinejateks on Kristiina Ehin ja Silver Sepp ning Laura P\u00f5ldvere.\" \/>\n<meta property=\"og:url\" content=\"https:\/\/jaaaeg.ee\/saadjarvefestival\/\" \/>\n<meta property=\"og:site_name\" content=\"J\u00e4\u00e4aja Keskus\" \/>\n<meta property=\"article:publisher\" content=\"https:\/\/www.facebook.com\/JaaajaKeskus\/\" \/>\n<meta property=\"article:modified_time\" content=\"2019-07-09T07:45:46+00:00\" \/>\n<meta property=\"og:image\" content=\"https:\/\/jaaaeg.ee\/wp-content\/uploads\/2019\/06\/Saadj-rve-festival-plakat_555x800px_Piletilevi-2.png\" \/>\n\t<meta property=\"og:image:width\" content=\"555\" \/>\n\t<meta property=\"og:image:height\" content=\"800\" \/>\n\t<meta property=\"og:image:type\" content=\"image\/png\" \/>\n<meta name=\"twitter:card\" content=\"summary_large_image\" \/>\n<meta name=\"twitter:label1\" content=\"\u041f\u0440\u0438\u043c\u0435\u0440\u043d\u043e\u0435 \u0432\u0440\u0435\u043c\u044f \u0434\u043b\u044f \u0447\u0442\u0435\u043d\u0438\u044f\" \/>\n\t<meta name=\"twitter:data1\" content=\"1 \u043c\u0438\u043d\u0443\u0442\u0430\" \/>\n<script type=\"application\/ld+json\" class=\"yoast-schema-graph\">{\"@context\":\"https:\\\/\\\/schema.org\",\"@graph\":[{\"@type\":\"WebPage\",\"@id\":\"https:\\\/\\\/jaaaeg.ee\\\/saadjarvefestival\\\/\",\"url\":\"https:\\\/\\\/jaaaeg.ee\\\/saadjarvefestival\\\/\",\"name\":\"13.-14. juuli Saadj\u00e4rve festival 2019 - J\u00e4\u00e4aja Keskus\",\"isPartOf\":{\"@id\":\"https:\\\/\\\/jaaaeg.ee\\\/ru\\\/#website\"},\"primaryImageOfPage\":{\"@id\":\"https:\\\/\\\/jaaaeg.ee\\\/saadjarvefestival\\\/#primaryimage\"},\"image\":{\"@id\":\"https:\\\/\\\/jaaaeg.ee\\\/saadjarvefestival\\\/#primaryimage\"},\"thumbnailUrl\":\"https:\\\/\\\/jaaaeg.ee\\\/wp-content\\\/uploads\\\/2019\\\/06\\\/Saadj-rve-festival-plakat_555x800px_Piletilevi-2.png\",\"datePublished\":\"2019-06-01T09:31:28+00:00\",\"dateModified\":\"2019-07-09T07:45:46+00:00\",\"description\":\"Saadj\u00e4rve festival pakub tegevusi nii j\u00e4rvel kui kaldal. Festivali peaesinejateks on Kristiina Ehin ja Silver Sepp ning Laura P\u00f5ldvere.\",\"breadcrumb\":{\"@id\":\"https:\\\/\\\/jaaaeg.ee\\\/saadjarvefestival\\\/#breadcrumb\"},\"inLanguage\":\"ru-RU\",\"potentialAction\":[{\"@type\":\"ReadAction\",\"target\":[\"https:\\\/\\\/jaaaeg.ee\\\/saadjarvefestival\\\/\"]}]},{\"@type\":\"ImageObject\",\"inLanguage\":\"ru-RU\",\"@id\":\"https:\\\/\\\/jaaaeg.ee\\\/saadjarvefestival\\\/#primaryimage\",\"url\":\"https:\\\/\\\/jaaaeg.ee\\\/wp-content\\\/uploads\\\/2019\\\/06\\\/Saadj-rve-festival-plakat_555x800px_Piletilevi-2.png\",\"contentUrl\":\"https:\\\/\\\/jaaaeg.ee\\\/wp-content\\\/uploads\\\/2019\\\/06\\\/Saadj-rve-festival-plakat_555x800px_Piletilevi-2.png\",\"width\":555,\"height\":800,\"caption\":\"Saadj rve festival plakat 555x800px Piletilevi 2\"},{\"@type\":\"BreadcrumbList\",\"@id\":\"https:\\\/\\\/jaaaeg.ee\\\/saadjarvefestival\\\/#breadcrumb\",\"itemListElement\":[{\"@type\":\"ListItem\",\"position\":1,\"name\":\"Home\",\"item\":\"https:\\\/\\\/jaaaeg.ee\\\/ru\\\/\"},{\"@type\":\"ListItem\",\"position\":2,\"name\":\"Saadj\u00e4rve festival 2019\"}]},{\"@type\":\"WebSite\",\"@id\":\"https:\\\/\\\/jaaaeg.ee\\\/ru\\\/#website\",\"url\":\"https:\\\/\\\/jaaaeg.ee\\\/ru\\\/\",\"name\":\"J\u00e4\u00e4aja Keskus\",\"description\":\"avastamisr\u00f5\u00f5m igas vanuses k\u00fclastajatele\",\"potentialAction\":[{\"@type\":\"SearchAction\",\"target\":{\"@type\":\"EntryPoint\",\"urlTemplate\":\"https:\\\/\\\/jaaaeg.ee\\\/ru\\\/?s={search_term_string}\"},\"query-input\":{\"@type\":\"PropertyValueSpecification\",\"valueRequired\":true,\"valueName\":\"search_term_string\"}}],\"inLanguage\":\"ru-RU\"}]}<\/script>\n<!-- \/ Yoast SEO plugin. -->","yoast_head_json":{"title":"13.-14. juuli Saadj\u00e4rve festival 2019 - J\u00e4\u00e4aja Keskus","description":"Saadj\u00e4rve festival pakub tegevusi nii j\u00e4rvel kui kaldal. Festivali peaesinejateks on Kristiina Ehin ja Silver Sepp ning Laura P\u00f5ldvere.","robots":{"index":"index","follow":"follow","max-snippet":"max-snippet:-1","max-image-preview":"max-image-preview:large","max-video-preview":"max-video-preview:-1"},"canonical":"https:\/\/jaaaeg.ee\/saadjarvefestival\/","og_locale":"ru_RU","og_type":"article","og_title":"13.-14. juuli Saadj\u00e4rve festival 2019 - J\u00e4\u00e4aja Keskus","og_description":"Saadj\u00e4rve festival pakub tegevusi nii j\u00e4rvel kui kaldal. Festivali peaesinejateks on Kristiina Ehin ja Silver Sepp ning Laura P\u00f5ldvere.","og_url":"https:\/\/jaaaeg.ee\/saadjarvefestival\/","og_site_name":"J\u00e4\u00e4aja Keskus","article_publisher":"https:\/\/www.facebook.com\/JaaajaKeskus\/","article_modified_time":"2019-07-09T07:45:46+00:00","og_image":[{"width":555,"height":800,"url":"https:\/\/jaaaeg.ee\/wp-content\/uploads\/2019\/06\/Saadj-rve-festival-plakat_555x800px_Piletilevi-2.png","type":"image\/png"}],"twitter_card":"summary_large_image","twitter_misc":{"\u041f\u0440\u0438\u043c\u0435\u0440\u043d\u043e\u0435 \u0432\u0440\u0435\u043c\u044f \u0434\u043b\u044f \u0447\u0442\u0435\u043d\u0438\u044f":"1 \u043c\u0438\u043d\u0443\u0442\u0430"},"schema":{"@context":"https:\/\/schema.org","@graph":[{"@type":"WebPage","@id":"https:\/\/jaaaeg.ee\/saadjarvefestival\/","url":"https:\/\/jaaaeg.ee\/saadjarvefestival\/","name":"13.-14. juuli Saadj\u00e4rve festival 2019 - J\u00e4\u00e4aja Keskus","isPartOf":{"@id":"https:\/\/jaaaeg.ee\/ru\/#website"},"primaryImageOfPage":{"@id":"https:\/\/jaaaeg.ee\/saadjarvefestival\/#primaryimage"},"image":{"@id":"https:\/\/jaaaeg.ee\/saadjarvefestival\/#primaryimage"},"thumbnailUrl":"https:\/\/jaaaeg.ee\/wp-content\/uploads\/2019\/06\/Saadj-rve-festival-plakat_555x800px_Piletilevi-2.png","datePublished":"2019-06-01T09:31:28+00:00","dateModified":"2019-07-09T07:45:46+00:00","description":"Saadj\u00e4rve festival pakub tegevusi nii j\u00e4rvel kui kaldal. Festivali peaesinejateks on Kristiina Ehin ja Silver Sepp ning Laura P\u00f5ldvere.","breadcrumb":{"@id":"https:\/\/jaaaeg.ee\/saadjarvefestival\/#breadcrumb"},"inLanguage":"ru-RU","potentialAction":[{"@type":"ReadAction","target":["https:\/\/jaaaeg.ee\/saadjarvefestival\/"]}]},{"@type":"ImageObject","inLanguage":"ru-RU","@id":"https:\/\/jaaaeg.ee\/saadjarvefestival\/#primaryimage","url":"https:\/\/jaaaeg.ee\/wp-content\/uploads\/2019\/06\/Saadj-rve-festival-plakat_555x800px_Piletilevi-2.png","contentUrl":"https:\/\/jaaaeg.ee\/wp-content\/uploads\/2019\/06\/Saadj-rve-festival-plakat_555x800px_Piletilevi-2.png","width":555,"height":800,"caption":"Saadj rve festival plakat 555x800px Piletilevi 2"},{"@type":"BreadcrumbList","@id":"https:\/\/jaaaeg.ee\/saadjarvefestival\/#breadcrumb","itemListElement":[{"@type":"ListItem","position":1,"name":"Home","item":"https:\/\/jaaaeg.ee\/ru\/"},{"@type":"ListItem","position":2,"name":"Saadj\u00e4rve festival 2019"}]},{"@type":"WebSite","@id":"https:\/\/jaaaeg.ee\/ru\/#website","url":"https:\/\/jaaaeg.ee\/ru\/","name":"J\u00e4\u00e4aja Keskus","description":"avastamisr\u00f5\u00f5m igas vanuses k\u00fclastajatele","potentialAction":[{"@type":"SearchAction","target":{"@type":"EntryPoint","urlTemplate":"https:\/\/jaaaeg.ee\/ru\/?s={search_term_string}"},"query-input":{"@type":"PropertyValueSpecification","valueRequired":true,"valueName":"search_term_string"}}],"inLanguage":"ru-RU"}]}},"_links":{"self":[{"href":"https:\/\/jaaaeg.ee\/ru\/wp-json\/wp\/v2\/pages\/17476","targetHints":{"allow":["GET"]}}],"collection":[{"href":"https:\/\/jaaaeg.ee\/ru\/wp-json\/wp\/v2\/pages"}],"about":[{"href":"https:\/\/jaaaeg.ee\/ru\/wp-json\/wp\/v2\/types\/page"}],"author":[{"embeddable":true,"href":"https:\/\/jaaaeg.ee\/ru\/wp-json\/wp\/v2\/users\/3"}],"replies":[{"embeddable":true,"href":"https:\/\/jaaaeg.ee\/ru\/wp-json\/wp\/v2\/comments?post=17476"}],"version-history":[{"count":8,"href":"https:\/\/jaaaeg.ee\/ru\/wp-json\/wp\/v2\/pages\/17476\/revisions"}],"predecessor-version":[{"id":17559,"href":"https:\/\/jaaaeg.ee\/ru\/wp-json\/wp\/v2\/pages\/17476\/revisions\/17559"}],"wp:featuredmedia":[{"embeddable":true,"href":"https:\/\/jaaaeg.ee\/ru\/wp-json\/wp\/v2\/media\/17462"}],"wp:attachment":[{"href":"https:\/\/jaaaeg.ee\/ru\/wp-json\/wp\/v2\/media?parent=17476"}],"curies":[{"name":"wp","href":"https:\/\/api.w.org\/{rel}","templated":true}]}}