{"id":16930,"date":"2018-10-30T11:18:32","date_gmt":"2018-10-30T09:18:32","guid":{"rendered":"http:\/\/jaaaeg.ee\/?page_id=16930"},"modified":"2018-10-30T18:38:00","modified_gmt":"2018-10-30T16:38:00","slug":"isadepaev2018","status":"publish","type":"page","link":"https:\/\/jaaaeg.ee\/ru\/isadepaev2018\/","title":{"rendered":"Isadep\u00e4ev 2018 &#8211; masinad ja mammutid"},"content":{"rendered":"<div class=\"vce-row-container\"><div class=\"vce-row vce-row--col-gap-30 vce-row-columns--top vce-row-content--top\" id=\"el-6ed3eed7\" data-vce-do-apply=\"all el-6ed3eed7\"><div class=\"vce-row-content\" data-vce-element-content=\"true\"><div class=\"vce-col vce-col--md-100p vce-col--xs-1 vce-col--xs-last vce-col--xs-first vce-col--sm-last vce-col--sm-first vce-col--md-last vce-col--lg-last vce-col--xl-last vce-col--md-first vce-col--lg-first vce-col--xl-first\" id=\"el-db016c35\" data-vce-do-apply=\"background border el-db016c35\"><div class=\"vce-col-inner\" data-vce-element-content=\"true\" data-vce-do-apply=\"padding margin  el-db016c35\"><div class=\"vce-single-image-container vce-single-image--align-center\"><div class=\"vce vce-single-image-wrapper\" id=\"el-82edf06e\" data-vce-do-apply=\"all el-82edf06e\"><figure><div class=\"vce-single-image-inner\"><img class=\"vce-single-image\" data-width=\"820\" data-height=\"340\"src=\"https:\/\/jaaaeg.ee\/wp-content\/uploads\/2018\/10\/isadep-ev-2018-820x340.jpg\" data-img-src=\"https:\/\/jaaaeg.ee\/wp-content\/uploads\/2018\/10\/isadep-ev-2018.jpg\" alt=\"isadep\u00e4ev 2018\" title=\"isadep\u00e4ev 2018\"\/><\/div><\/figure><\/div><\/div><\/div><\/div><\/div><\/div><\/div><div class=\"vce-row-container\"><div class=\"vce-row vce-row--col-gap-30 vce-row-columns--top vce-row-content--top\" id=\"el-565cb946\" data-vce-do-apply=\"all el-565cb946\"><div class=\"vce-row-content\" data-vce-element-content=\"true\"><div class=\"vce-col vce-col--md-100p vce-col--xs-1 vce-col--xs-last vce-col--xs-first vce-col--sm-last vce-col--sm-first vce-col--md-last vce-col--lg-last vce-col--xl-last vce-col--md-first vce-col--lg-first vce-col--xl-first\" id=\"el-ae1e99bc\" data-vce-do-apply=\"background border el-ae1e99bc\"><div class=\"vce-col-inner\" data-vce-element-content=\"true\" data-vce-do-apply=\"padding margin  el-ae1e99bc\"><div class=\"vce-text-block\"><div class=\"vce-text-block-wrapper vce\" id=\"el-d1d23ee5\" data-vce-do-apply=\"all el-d1d23ee5\"><p style=\"text-align: center;\"><strong>Laup\u00e4eval, 10. novembril 2018<\/strong> vallutavad J\u00e4\u00e4aja Keskuse \u00c4ksi Motorant\u0161o tsiklid, et pakkuda isadele koos perega vahva ja meeldej\u00e4\u00e4v p\u00e4ev!<\/p><\/div><\/div><div class=\"vce-faq-toggle vce-faq-toggle-color--fff vce-faq-toggle-shape-color--1D64C5 vce-faq-toggle-shape--rounded\"><div class=\"vce-faq-toggle-wrapper vce\" id=\"el-1ba87b66\" data-vce-do-apply=\"margin padding border background  el-1ba87b66\"><div class=\"vce-faq-toggle-inner\"><div class=\"vce-faq-toggle-title\"><h3 class=\"vce-faq-toggle-title-text\"><i class=\"vce-faq-toggle-icon\"><\/i>\u00c4ksi Motorant\u0161o tsiklid<\/h3><\/div><div class=\"vce-faq-toggle-text-block\"><p>J\u00e4\u00e4aja Keskuse hea naaber <strong>\u00c4ksi Motorant\u0161o<\/strong> toob isadep\u00e4evaks kohale oma \u00e4gedaimad tsiklid. Parklas toimuvad hea ilma korral ka vigurs\u00f5idud.&nbsp;<br>Sel p\u00e4eval n\u00e4eb keskuses:&nbsp;<style type=\"text\/css\"><!--td {border: 1px solid #ccc;}br {mso-data-placement:same-cell;}--><\/style><\/p><table dir=\"ltr\" border=\"1\" cellspacing=\"0\" cellpadding=\"0\"><colgroup><col width=\"100\"><\/colgroup><tbody><tr><td data-sheets-value=\"{&quot;1&quot;:2,&quot;2&quot;:&quot;Husqvarna TC 50&quot;}\"><div><div>Husqvarna TC 50<\/div><\/div><\/td><\/tr><tr><td data-sheets-value=\"{&quot;1&quot;:2,&quot;2&quot;:&quot;Husqvarna TC 85&quot;}\"><div><div>Husqvarna TC 85<\/div><\/div><\/td><\/tr><tr><td data-sheets-value=\"{&quot;1&quot;:2,&quot;2&quot;:&quot;Husqvarna TC 50&quot;}\"><div><div>Husqvarna TC 50<\/div><\/div><\/td><\/tr><tr><td data-sheets-value=\"{&quot;1&quot;:2,&quot;2&quot;:&quot;KTM 65 SX&quot;}\">KTM 65 SX<\/td><\/tr><tr><td data-sheets-value=\"{&quot;1&quot;:2,&quot;2&quot;:&quot;KTM 85 SX&quot;}\">KTM 85 SX<\/td><\/tr><tr><td data-sheets-value=\"{&quot;1&quot;:2,&quot;2&quot;:&quot;KTM 125 SX&quot;}\">KTM 125 SX<\/td><\/tr><tr><td data-sheets-value=\"{&quot;1&quot;:2,&quot;2&quot;:&quot;Husqvarna FC 450&quot;}\"><div><div>Husqvarna FC 450<\/div><\/div><\/td><\/tr><tr><td data-sheets-value=\"{&quot;1&quot;:2,&quot;2&quot;:&quot;Honda NSF 100&quot;}\">Honda NSF 100<\/td><\/tr><tr><td data-sheets-value=\"{&quot;1&quot;:2,&quot;2&quot;:&quot;Speedway tsikkel&quot;}\"><div><div>Speedway tsikkel<\/div><\/div><\/td><\/tr><tr><td data-sheets-value=\"{&quot;1&quot;:2,&quot;2&quot;:&quot;Pocketbike&quot;}\">Pocketbike<\/td><\/tr><\/tbody><\/table><p><img loading=\"lazy\" decoding=\"async\" width=\"300\" height=\"162\" class=\"aligncenter size-medium wp-image-16986\" src=\"https:\/\/jaaaeg.ee\/wp-content\/uploads\/2018\/10\/a-ksi_lai-copy-300x162.jpeg\" alt=\"\u00c4ksi 39 team\" srcset=\"https:\/\/jaaaeg.ee\/wp-content\/uploads\/2018\/10\/a-ksi_lai-copy-300x162.jpeg 300w, https:\/\/jaaaeg.ee\/wp-content\/uploads\/2018\/10\/a-ksi_lai-copy-600x323.jpeg 600w, https:\/\/jaaaeg.ee\/wp-content\/uploads\/2018\/10\/a-ksi_lai-copy-120x65.jpeg 120w, https:\/\/jaaaeg.ee\/wp-content\/uploads\/2018\/10\/a-ksi_lai-copy.jpeg 640w\" sizes=\"auto, (max-width: 300px) 100vw, 300px\" \/><\/p><\/div><\/div><\/div><\/div><div class=\"vce-faq-toggle vce-faq-toggle-color--fff vce-faq-toggle-shape-color--1D64C5 vce-faq-toggle-shape--rounded\"><div class=\"vce-faq-toggle-wrapper vce\" id=\"el-bb6edad6\" data-vce-do-apply=\"margin padding border background  el-bb6edad6\"><div class=\"vce-faq-toggle-inner\"><div class=\"vce-faq-toggle-title\"><h3 class=\"vce-faq-toggle-title-text\"><i class=\"vce-faq-toggle-icon\"><\/i>Tartu Tehnika puiduhakkur ja rekka<\/h3><\/div><div class=\"vce-faq-toggle-text-block\"><p>J\u00e4\u00e4aja Keskuse \u00f5ue alal on k\u00f5igile uudistamiseks kohal Tartu Tehnika puiduhakkur ja rekka.<br><img loading=\"lazy\" decoding=\"async\" width=\"300\" height=\"400\" class=\"aligncenter size-medium wp-image-16961\" src=\"https:\/\/jaaaeg.ee\/wp-content\/uploads\/2018\/10\/FH-16-550-e1540890189315-300x400.jpg\" alt=\"isadep\u00e4ev 2018\"><\/p><\/div><\/div><\/div><\/div><div class=\"vce-faq-toggle vce-faq-toggle-color--fff vce-faq-toggle-shape-color--1D64C5 vce-faq-toggle-shape--rounded\"><div class=\"vce-faq-toggle-wrapper vce\" id=\"el-e97bef70\" data-vce-do-apply=\"margin padding border background  el-e97bef70\"><div class=\"vce-faq-toggle-inner\"><div class=\"vce-faq-toggle-title\"><h3 class=\"vce-faq-toggle-title-text\"><i class=\"vce-faq-toggle-icon\"><\/i>Auhindade ja varustuse n\u00e4itus<\/h3><\/div><div class=\"vce-faq-toggle-text-block\"><p>J\u00e4\u00e4aja Keskuse konverentsisaalis saab tutvuda auhindade ja varustusega, mille on pannud v\u00e4lja: Robin Robet Mooses, Aksel P\u00e4rtelpoeg, Martha Koort, Aron Lenzius, Rita-Liisa Mooses ja Kaarel Kutsar.<\/p><p><img loading=\"lazy\" decoding=\"async\" width=\"300\" height=\"73\" class=\"aligncenter size-medium wp-image-16971\" src=\"https:\/\/jaaaeg.ee\/wp-content\/uploads\/2018\/10\/logo_must-300x73.jpg\" alt=\"treeningplaan.ee\" srcset=\"https:\/\/jaaaeg.ee\/wp-content\/uploads\/2018\/10\/logo_must-300x73.jpg 300w, https:\/\/jaaaeg.ee\/wp-content\/uploads\/2018\/10\/logo_must-600x145.jpg 600w, https:\/\/jaaaeg.ee\/wp-content\/uploads\/2018\/10\/logo_must-768x186.jpg 768w, https:\/\/jaaaeg.ee\/wp-content\/uploads\/2018\/10\/logo_must-700x169.jpg 700w, https:\/\/jaaaeg.ee\/wp-content\/uploads\/2018\/10\/logo_must-120x29.jpg 120w, https:\/\/jaaaeg.ee\/wp-content\/uploads\/2018\/10\/logo_must-1200x290.jpg 1200w, https:\/\/jaaaeg.ee\/wp-content\/uploads\/2018\/10\/logo_must.jpg 1717w\" sizes=\"auto, (max-width: 300px) 100vw, 300px\" \/><\/p><\/div><\/div><\/div><\/div><div class=\"vce-faq-toggle vce-faq-toggle-color--fff vce-faq-toggle-shape-color--1D64C5 vce-faq-toggle-shape--rounded\"><div class=\"vce-faq-toggle-wrapper vce\" id=\"el-b6a37997\" data-vce-do-apply=\"margin padding border background  el-b6a37997\"><div class=\"vce-faq-toggle-inner\"><div class=\"vce-faq-toggle-title\"><h3 class=\"vce-faq-toggle-title-text\"><i class=\"vce-faq-toggle-icon\"><\/i>Puidust autode meisterdamine<\/h3><\/div><div class=\"vce-faq-toggle-text-block\"><p>J\u00e4\u00e4aja Keskuse seminarisaalis saab kell 12.00-16.00 meisterda juhendaja abiga endale vahva puidust auto.<\/p><\/div><\/div><\/div><\/div><div class=\"vce-faq-toggle vce-faq-toggle-color--fff vce-faq-toggle-shape-color--1D64C5 vce-faq-toggle-shape--rounded\"><div class=\"vce-faq-toggle-wrapper vce\" id=\"el-a2728141\" data-vce-do-apply=\"margin padding border background  el-a2728141\"><div class=\"vce-faq-toggle-inner\"><div class=\"vce-faq-toggle-title\"><h3 class=\"vce-faq-toggle-title-text\"><i class=\"vce-faq-toggle-icon\"><\/i>N\u00e4omaalingud ja paberautod pisematele<\/h3><\/div><div class=\"vce-faq-toggle-text-block\"><p>Keskuse pisemad k\u00fclastajad saavad lasta teha endale vahva temaatilise n\u00e4omaalingu ja meisterdada toredaid paberist autosid kell 12.00-16.00<\/p><p><img loading=\"lazy\" decoding=\"async\" width=\"300\" height=\"200\" class=\"aligncenter size-medium wp-image-16991\" src=\"https:\/\/jaaaeg.ee\/wp-content\/uploads\/2018\/10\/IMG_00023_9489-300x200.jpg\" alt=\"isadep\u00e4ev 2018\" srcset=\"https:\/\/jaaaeg.ee\/wp-content\/uploads\/2018\/10\/IMG_00023_9489-300x200.jpg 300w, https:\/\/jaaaeg.ee\/wp-content\/uploads\/2018\/10\/IMG_00023_9489-600x400.jpg 600w, https:\/\/jaaaeg.ee\/wp-content\/uploads\/2018\/10\/IMG_00023_9489-768x512.jpg 768w, https:\/\/jaaaeg.ee\/wp-content\/uploads\/2018\/10\/IMG_00023_9489-700x467.jpg 700w, https:\/\/jaaaeg.ee\/wp-content\/uploads\/2018\/10\/IMG_00023_9489-120x80.jpg 120w, https:\/\/jaaaeg.ee\/wp-content\/uploads\/2018\/10\/IMG_00023_9489-1900x1267.jpg 1900w\" sizes=\"auto, (max-width: 300px) 100vw, 300px\" \/><\/p><\/div><\/div><\/div><\/div><div class=\"vce vce-separator-container vce-separator--align-center vce-separator--style-solid\" id=\"el-e1b18e26\" data-vce-do-apply=\"margin el-e1b18e26\"><div class=\"vce-separator vce-separator--color-bfc0c1 vce-separator--width-60 vce-separator--thickness-1\" data-vce-do-apply=\"border padding background  el-e1b18e26\"><\/div><\/div><\/div><\/div><div class=\"vce-col vce-col--md-100p vce-col--xs-1 vce-col--xs-last vce-col--xs-first vce-col--sm-last vce-col--sm-first vce-col--md-last vce-col--lg-last vce-col--xl-last vce-col--md-first vce-col--lg-first vce-col--xl-first\" id=\"el-2706c237\" data-vce-do-apply=\"background border el-2706c237\"><div class=\"vce-col-inner\" data-vce-element-content=\"true\" data-vce-do-apply=\"padding margin  el-2706c237\"><div class=\"vce vce-separator-with-title-container vce-separator-with-title--align-center\" id=\"el-beaece89\" data-vce-do-apply=\"margin el-beaece89\"><div class=\"vce-separator-with-title vce-separator-with-title--color-bfc0c1 vce-separator-with-title--width-60\" data-vce-do-apply=\"border padding background  el-beaece89\"><div class=\"vce-separator-with-title--line vce-separator-with-title--line--style-solid vce-separator-with-title-line--thickness-2 vce-separator-with-title--line-left\"><\/div><h3 class=\"vce-separator-with-title--title vce-separator-with-title--title--color-fae862\">Isadele sissep\u00e4\u00e4s TASUTA!<\/h3><div class=\"vce-separator-with-title--line vce-separator-with-title--line--style-solid vce-separator-with-title-line--thickness-2 vce-separator-with-title--line-right\"><\/div><\/div><\/div><\/div><\/div><\/div><\/div><\/div><div class=\"vce-row-container\"><div class=\"vce-row vce-row--col-gap-30 vce-row-columns--top vce-row-content--top\" id=\"el-a71e904c\" data-vce-do-apply=\"all el-a71e904c\"><div class=\"vce-row-content\" data-vce-element-content=\"true\"><div class=\"vce-col vce-col--md-100p vce-col--xs-1 vce-col--xs-last vce-col--xs-first vce-col--sm-last vce-col--sm-first vce-col--md-last vce-col--lg-last vce-col--xl-last vce-col--md-first vce-col--lg-first vce-col--xl-first\" id=\"el-07eb1190\" data-vce-do-apply=\"background border el-07eb1190\"><div class=\"vce-col-inner\" data-vce-element-content=\"true\" data-vce-do-apply=\"padding margin  el-07eb1190\"><div class=\"vce vce-separator-with-icon-container vce-separator-with-icon--align-center\" id=\"el-c485d9a7\" data-vce-do-apply=\"margin el-c485d9a7\"><div class=\"vce-separator-with-icon vce-separator-with-icon--color-bfc0c1 vce-separator-with-icon--width-60\" data-vce-do-apply=\"border padding background  el-c485d9a7\"><div class=\"vce-separator-with-icon--line vce-separator-with-icon--line--style-solid vce-separator-with-icon-line--thickness-1 vce-separator-with-icon--line-left\"><\/div><div class=\"vce-separator-with-icon--icon vce-icon vce-separator-with-icon--icon--style-shape-none vce-separator-with-icon--icon--style-size-medium vce-separator-with-icon--icon--style-color-ff2b3c vce-separator-with-icon--icon--style-shape-color-3cb878\"><svg xmlns=\"https:\/\/www.w3.org\/2000\/svg\" viewBox=\"0 0 769 769\"><path stroke-width=\"40\" d=\"M565.755 696.27h-360l-180-311.77 180-311.77h360l180 311.77z\"><\/path><\/svg><span class=\"vce-icon-container vcv-ui-icon-material vcv-ui-icon-material-room\"><\/span><\/div><div class=\"vce-separator-with-icon--line vce-separator-with-icon--line--style-solid vce-separator-with-icon-line--thickness-1 vce-separator-with-icon--line-right\"><\/div><\/div><\/div><div class=\"vce-text-block\"><div class=\"vce-text-block-wrapper vce\" id=\"el-d4569d4f\" data-vce-do-apply=\"all el-d4569d4f\"><p style=\"text-align: center;\"><strong>Lisainfo: +372 5911 3318<\/strong><\/p><\/div><\/div><\/div><\/div><\/div><\/div><\/div>\n","protected":false},"excerpt":{"rendered":"Laup\u00e4eval, 10. novembril 2018 vallutavad J\u00e4\u00e4aja Keskuse \u00c4ksi Motorant\u0161o tsiklid, et pakkuda isadele koos perega vahva ja meeldej\u00e4\u00e4v p\u00e4ev!\u00c4ksi Motorant\u0161o tsiklidJ\u00e4\u00e4aja Keskuse hea naaber \u00c4ksi Motorant\u0161o toob isadep\u00e4evaks kohale oma \u00e4gedaimad tsiklid. Parklas toimuvad hea ilma korral ka vigurs\u00f5idud.&nbsp;Sel p\u00e4eval n\u00e4eb keskuses:&nbsp;Husqvarna TC 50Husqvarna TC 85Husqvarna TC 50KTM 65 SXKTM 85 SXKTM 125 SXHusqvarna FC&#8230; <a class=\"view-article\" href=\"https:\/\/jaaaeg.ee\/ru\/isadepaev2018\/\">\u041f\u0440\u043e\u0447\u0438\u0442\u0430\u0439\u0442\u0435 \u0431\u043e\u043b\u044c\u0448\u0435<\/a>","protected":false},"author":3,"featured_media":16936,"parent":0,"menu_order":270,"comment_status":"closed","ping_status":"closed","template":"","meta":{"_acf_changed":false,"ngg_post_thumbnail":0,"footnotes":""},"class_list":["post-16930","page","type-page","status-publish","has-post-thumbnail","hentry"],"acf":[],"yoast_head":"<!-- This site is optimized with the Yoast SEO plugin v27.4 - https:\/\/yoast.com\/product\/yoast-seo-wordpress\/ -->\n<title>Isadep\u00e4ev 2018 - masinad ja mammutid - J\u00e4\u00e4aja Keskus<\/title>\n<meta name=\"description\" content=\"10. novembril 2018 vallutavad J\u00e4\u00e4aja Keskuse isadep\u00e4eva puhul \u00c4ksi Motorant\u0161o tsiklid. Tule naudi koos perega m\u00f5nusat mehelikku isadep\u00e4eva!\" \/>\n<meta name=\"robots\" content=\"index, follow, max-snippet:-1, max-image-preview:large, max-video-preview:-1\" \/>\n<link rel=\"canonical\" href=\"https:\/\/jaaaeg.ee\/isadepaev2018\/\" \/>\n<meta property=\"og:locale\" content=\"ru_RU\" \/>\n<meta property=\"og:type\" content=\"article\" \/>\n<meta property=\"og:title\" content=\"Isadep\u00e4ev 2018 - masinad ja mammutid - J\u00e4\u00e4aja Keskus\" \/>\n<meta property=\"og:description\" content=\"10. novembril 2018 vallutavad J\u00e4\u00e4aja Keskuse isadep\u00e4eva puhul \u00c4ksi Motorant\u0161o tsiklid. Tule naudi koos perega m\u00f5nusat mehelikku isadep\u00e4eva!\" \/>\n<meta property=\"og:url\" content=\"https:\/\/jaaaeg.ee\/isadepaev2018\/\" \/>\n<meta property=\"og:site_name\" content=\"J\u00e4\u00e4aja Keskus\" \/>\n<meta property=\"article:publisher\" content=\"https:\/\/www.facebook.com\/JaaajaKeskus\/\" \/>\n<meta property=\"article:modified_time\" content=\"2018-10-30T16:38:00+00:00\" \/>\n<meta property=\"og:image\" content=\"https:\/\/jaaaeg.ee\/wp-content\/uploads\/2018\/10\/Pocketbike-2.jpg\" \/>\n\t<meta property=\"og:image:width\" content=\"1159\" \/>\n\t<meta property=\"og:image:height\" content=\"869\" \/>\n\t<meta property=\"og:image:type\" content=\"image\/jpeg\" \/>\n<meta name=\"twitter:card\" content=\"summary_large_image\" \/>\n<meta name=\"twitter:label1\" content=\"\u041f\u0440\u0438\u043c\u0435\u0440\u043d\u043e\u0435 \u0432\u0440\u0435\u043c\u044f \u0434\u043b\u044f \u0447\u0442\u0435\u043d\u0438\u044f\" \/>\n\t<meta name=\"twitter:data1\" content=\"1 \u043c\u0438\u043d\u0443\u0442\u0430\" \/>\n<script type=\"application\/ld+json\" class=\"yoast-schema-graph\">{\"@context\":\"https:\\\/\\\/schema.org\",\"@graph\":[{\"@type\":\"WebPage\",\"@id\":\"https:\\\/\\\/jaaaeg.ee\\\/isadepaev2018\\\/\",\"url\":\"https:\\\/\\\/jaaaeg.ee\\\/isadepaev2018\\\/\",\"name\":\"Isadep\u00e4ev 2018 - masinad ja mammutid - J\u00e4\u00e4aja Keskus\",\"isPartOf\":{\"@id\":\"https:\\\/\\\/jaaaeg.ee\\\/ru\\\/#website\"},\"primaryImageOfPage\":{\"@id\":\"https:\\\/\\\/jaaaeg.ee\\\/isadepaev2018\\\/#primaryimage\"},\"image\":{\"@id\":\"https:\\\/\\\/jaaaeg.ee\\\/isadepaev2018\\\/#primaryimage\"},\"thumbnailUrl\":\"https:\\\/\\\/jaaaeg.ee\\\/wp-content\\\/uploads\\\/2018\\\/10\\\/Pocketbike-2.jpg\",\"datePublished\":\"2018-10-30T09:18:32+00:00\",\"dateModified\":\"2018-10-30T16:38:00+00:00\",\"description\":\"10. novembril 2018 vallutavad J\u00e4\u00e4aja Keskuse isadep\u00e4eva puhul \u00c4ksi Motorant\u0161o tsiklid. Tule naudi koos perega m\u00f5nusat mehelikku isadep\u00e4eva!\",\"breadcrumb\":{\"@id\":\"https:\\\/\\\/jaaaeg.ee\\\/isadepaev2018\\\/#breadcrumb\"},\"inLanguage\":\"ru-RU\",\"potentialAction\":[{\"@type\":\"ReadAction\",\"target\":[\"https:\\\/\\\/jaaaeg.ee\\\/isadepaev2018\\\/\"]}]},{\"@type\":\"ImageObject\",\"inLanguage\":\"ru-RU\",\"@id\":\"https:\\\/\\\/jaaaeg.ee\\\/isadepaev2018\\\/#primaryimage\",\"url\":\"https:\\\/\\\/jaaaeg.ee\\\/wp-content\\\/uploads\\\/2018\\\/10\\\/Pocketbike-2.jpg\",\"contentUrl\":\"https:\\\/\\\/jaaaeg.ee\\\/wp-content\\\/uploads\\\/2018\\\/10\\\/Pocketbike-2.jpg\",\"width\":1159,\"height\":869,\"caption\":\"Pocketbike 2\"},{\"@type\":\"BreadcrumbList\",\"@id\":\"https:\\\/\\\/jaaaeg.ee\\\/isadepaev2018\\\/#breadcrumb\",\"itemListElement\":[{\"@type\":\"ListItem\",\"position\":1,\"name\":\"Home\",\"item\":\"https:\\\/\\\/jaaaeg.ee\\\/ru\\\/\"},{\"@type\":\"ListItem\",\"position\":2,\"name\":\"Isadep\u00e4ev 2018 &#8211; masinad ja mammutid\"}]},{\"@type\":\"WebSite\",\"@id\":\"https:\\\/\\\/jaaaeg.ee\\\/ru\\\/#website\",\"url\":\"https:\\\/\\\/jaaaeg.ee\\\/ru\\\/\",\"name\":\"J\u00e4\u00e4aja Keskus\",\"description\":\"avastamisr\u00f5\u00f5m igas vanuses k\u00fclastajatele\",\"potentialAction\":[{\"@type\":\"SearchAction\",\"target\":{\"@type\":\"EntryPoint\",\"urlTemplate\":\"https:\\\/\\\/jaaaeg.ee\\\/ru\\\/?s={search_term_string}\"},\"query-input\":{\"@type\":\"PropertyValueSpecification\",\"valueRequired\":true,\"valueName\":\"search_term_string\"}}],\"inLanguage\":\"ru-RU\"}]}<\/script>\n<!-- \/ Yoast SEO plugin. -->","yoast_head_json":{"title":"Isadep\u00e4ev 2018 - masinad ja mammutid - J\u00e4\u00e4aja Keskus","description":"10. novembril 2018 vallutavad J\u00e4\u00e4aja Keskuse isadep\u00e4eva puhul \u00c4ksi Motorant\u0161o tsiklid. Tule naudi koos perega m\u00f5nusat mehelikku isadep\u00e4eva!","robots":{"index":"index","follow":"follow","max-snippet":"max-snippet:-1","max-image-preview":"max-image-preview:large","max-video-preview":"max-video-preview:-1"},"canonical":"https:\/\/jaaaeg.ee\/isadepaev2018\/","og_locale":"ru_RU","og_type":"article","og_title":"Isadep\u00e4ev 2018 - masinad ja mammutid - J\u00e4\u00e4aja Keskus","og_description":"10. novembril 2018 vallutavad J\u00e4\u00e4aja Keskuse isadep\u00e4eva puhul \u00c4ksi Motorant\u0161o tsiklid. Tule naudi koos perega m\u00f5nusat mehelikku isadep\u00e4eva!","og_url":"https:\/\/jaaaeg.ee\/isadepaev2018\/","og_site_name":"J\u00e4\u00e4aja Keskus","article_publisher":"https:\/\/www.facebook.com\/JaaajaKeskus\/","article_modified_time":"2018-10-30T16:38:00+00:00","og_image":[{"width":1159,"height":869,"url":"https:\/\/jaaaeg.ee\/wp-content\/uploads\/2018\/10\/Pocketbike-2.jpg","type":"image\/jpeg"}],"twitter_card":"summary_large_image","twitter_misc":{"\u041f\u0440\u0438\u043c\u0435\u0440\u043d\u043e\u0435 \u0432\u0440\u0435\u043c\u044f \u0434\u043b\u044f \u0447\u0442\u0435\u043d\u0438\u044f":"1 \u043c\u0438\u043d\u0443\u0442\u0430"},"schema":{"@context":"https:\/\/schema.org","@graph":[{"@type":"WebPage","@id":"https:\/\/jaaaeg.ee\/isadepaev2018\/","url":"https:\/\/jaaaeg.ee\/isadepaev2018\/","name":"Isadep\u00e4ev 2018 - masinad ja mammutid - J\u00e4\u00e4aja Keskus","isPartOf":{"@id":"https:\/\/jaaaeg.ee\/ru\/#website"},"primaryImageOfPage":{"@id":"https:\/\/jaaaeg.ee\/isadepaev2018\/#primaryimage"},"image":{"@id":"https:\/\/jaaaeg.ee\/isadepaev2018\/#primaryimage"},"thumbnailUrl":"https:\/\/jaaaeg.ee\/wp-content\/uploads\/2018\/10\/Pocketbike-2.jpg","datePublished":"2018-10-30T09:18:32+00:00","dateModified":"2018-10-30T16:38:00+00:00","description":"10. novembril 2018 vallutavad J\u00e4\u00e4aja Keskuse isadep\u00e4eva puhul \u00c4ksi Motorant\u0161o tsiklid. Tule naudi koos perega m\u00f5nusat mehelikku isadep\u00e4eva!","breadcrumb":{"@id":"https:\/\/jaaaeg.ee\/isadepaev2018\/#breadcrumb"},"inLanguage":"ru-RU","potentialAction":[{"@type":"ReadAction","target":["https:\/\/jaaaeg.ee\/isadepaev2018\/"]}]},{"@type":"ImageObject","inLanguage":"ru-RU","@id":"https:\/\/jaaaeg.ee\/isadepaev2018\/#primaryimage","url":"https:\/\/jaaaeg.ee\/wp-content\/uploads\/2018\/10\/Pocketbike-2.jpg","contentUrl":"https:\/\/jaaaeg.ee\/wp-content\/uploads\/2018\/10\/Pocketbike-2.jpg","width":1159,"height":869,"caption":"Pocketbike 2"},{"@type":"BreadcrumbList","@id":"https:\/\/jaaaeg.ee\/isadepaev2018\/#breadcrumb","itemListElement":[{"@type":"ListItem","position":1,"name":"Home","item":"https:\/\/jaaaeg.ee\/ru\/"},{"@type":"ListItem","position":2,"name":"Isadep\u00e4ev 2018 &#8211; masinad ja mammutid"}]},{"@type":"WebSite","@id":"https:\/\/jaaaeg.ee\/ru\/#website","url":"https:\/\/jaaaeg.ee\/ru\/","name":"J\u00e4\u00e4aja Keskus","description":"avastamisr\u00f5\u00f5m igas vanuses k\u00fclastajatele","potentialAction":[{"@type":"SearchAction","target":{"@type":"EntryPoint","urlTemplate":"https:\/\/jaaaeg.ee\/ru\/?s={search_term_string}"},"query-input":{"@type":"PropertyValueSpecification","valueRequired":true,"valueName":"search_term_string"}}],"inLanguage":"ru-RU"}]}},"_links":{"self":[{"href":"https:\/\/jaaaeg.ee\/ru\/wp-json\/wp\/v2\/pages\/16930","targetHints":{"allow":["GET"]}}],"collection":[{"href":"https:\/\/jaaaeg.ee\/ru\/wp-json\/wp\/v2\/pages"}],"about":[{"href":"https:\/\/jaaaeg.ee\/ru\/wp-json\/wp\/v2\/types\/page"}],"author":[{"embeddable":true,"href":"https:\/\/jaaaeg.ee\/ru\/wp-json\/wp\/v2\/users\/3"}],"replies":[{"embeddable":true,"href":"https:\/\/jaaaeg.ee\/ru\/wp-json\/wp\/v2\/comments?post=16930"}],"version-history":[{"count":8,"href":"https:\/\/jaaaeg.ee\/ru\/wp-json\/wp\/v2\/pages\/16930\/revisions"}],"predecessor-version":[{"id":17028,"href":"https:\/\/jaaaeg.ee\/ru\/wp-json\/wp\/v2\/pages\/16930\/revisions\/17028"}],"wp:featuredmedia":[{"embeddable":true,"href":"https:\/\/jaaaeg.ee\/ru\/wp-json\/wp\/v2\/media\/16936"}],"wp:attachment":[{"href":"https:\/\/jaaaeg.ee\/ru\/wp-json\/wp\/v2\/media?parent=16930"}],"curies":[{"name":"wp","href":"https:\/\/api.w.org\/{rel}","templated":true}]}}