{"id":26706,"date":"2018-09-21T11:29:17","date_gmt":"2018-09-21T08:29:17","guid":{"rendered":"https:\/\/jaaaeg.ee\/oppeprogramm\/uncategorized\/eestimaa-looduse-lugu-jaaajajargne-elustiku-areng\/"},"modified":"2026-03-04T10:49:50","modified_gmt":"2026-03-04T08:49:50","slug":"eestimaa-looduse-lugu-jaaajajargne-elustiku-areng","status":"publish","type":"product","link":"https:\/\/jaaaeg.ee\/lv\/oppeprogramm\/pohikoolile-lv\/eestimaa-looduse-lugu-jaaajajargne-elustiku-areng\/","title":{"rendered":"Eestimaa looduse lugu &#8211; j\u00e4\u00e4ajaj\u00e4rgne elustiku areng"},"content":{"rendered":"<p><a href=\"https:\/\/jaaaeg.ee\/wp-content\/uploads\/2020\/01\/0-Margis-1-150x150.png\"><img loading=\"lazy\" decoding=\"async\" width=\"150\" height=\"150\" class=\"size-thumbnail wp-image-19360 alignright\" src=\"https:\/\/jaaaeg.ee\/wp-content\/uploads\/2020\/01\/0-Margis-1-150x150.png\" alt=\"\" srcset=\"https:\/\/jaaaeg.ee\/wp-content\/uploads\/2020\/01\/0-Margis-1-150x150.png 150w, https:\/\/jaaaeg.ee\/wp-content\/uploads\/2020\/01\/0-Margis-1-300x300.png 300w, https:\/\/jaaaeg.ee\/wp-content\/uploads\/2020\/01\/0-Margis-1-100x100.png 100w, https:\/\/jaaaeg.ee\/wp-content\/uploads\/2020\/01\/0-Margis-1-600x600.png 600w, https:\/\/jaaaeg.ee\/wp-content\/uploads\/2020\/01\/0-Margis-1-700x700.png 700w, https:\/\/jaaaeg.ee\/wp-content\/uploads\/2020\/01\/0-Margis-1-768x768.png 768w, https:\/\/jaaaeg.ee\/wp-content\/uploads\/2020\/01\/0-Margis-1-120x120.png 120w, https:\/\/jaaaeg.ee\/wp-content\/uploads\/2020\/01\/0-Margis-1.png 1389w\" sizes=\"auto, (max-width: 150px) 100vw, 150px\" \/><\/a>J\u00e4\u00e4aja Keskuse 2. korruse ekspositsiooni kasutades \u00f5pivad programmis osalejad r\u00fchmat\u00f6\u00f6 k\u00e4igus tundma erinevate kliimaperioodide taimestikku ja loomastikku ning m\u00f5istavad, et kliimamuutused toovad kaasa muutuseid eluslooduses.<br \/>\nV\u00f5rreldakse erinevatel kliimaperioodidel esinenud elutingimusi ning \u00f5pitakse seostama eluslooduse muutusi kliimatingimuste muutumisega. Koos looduskeskkonna arenguga uuritakse ka inimese liikumist Eesti aladel ning inimeste kohanemist vastavalt looduskeskkonna muutumisele. Koos arutletakse inimtegevuse m\u00f5ju \u00fcle looduskeskkonnale.<\/p>\n<p>Osalejad saavad \u00fclevaate eluslooduse arengust ning mitmekesisusest j\u00e4\u00e4ajaj\u00e4rgsel Eestimaal<em>. <\/em><\/p>\n<p><strong>V\u00f5imalik tellida ka vene keeles<\/strong><\/p>\n<p><strong>Programmi kirjeldus pdf formaadis:<\/strong><\/p>\n<p><a href=\"https:\/\/jaaaeg.ee\/wp-content\/uploads\/2018\/09\/Eestimaa-looduse-lugu-15h_5-9kl_25.01.17.pdf\" rel=\"\">Eestimaa looduse lugu 5-9kl<\/a><\/p>\n<p>&nbsp;<\/p>\n<p><strong>T\u00f6\u00f6lehed:<\/strong><\/p>\n<p><a href=\"https:\/\/jaaaeg.ee\/wp-content\/uploads\/2018\/09\/Jaaajajargne_loodus.pdf\" rel=\"\">Jaaajajargne_loodus<\/a><\/p>\n","protected":false},"excerpt":{"rendered":"<strong>Sihtr\u00fchm: <\/strong>4.-9. klass<strong>\r\n<\/strong><strong>Kestus:<\/strong> 1,5 tundi\r\n<strong>Koht:<\/strong> J\u00e4\u00e4aja Keskuse 1. korruse ja 2. korruse ekspositsioon\r\n<strong>R\u00fchma suurus:&nbsp;<\/strong>kuni 20 \u00f5pilast\r\n<strong>Hind: 7 \u20ac osaleja + 50 \u20ac juhendamise tasu<\/strong>\r\n\r\n<a href=\"https:\/\/lydian.ee\/broneeri\/programmid\/jaaaeg\/eestimaa-looduse-lugu-jaaajajargne-elustiku-areng\/\">BRONEERI<\/a>","protected":false},"featured_media":26703,"template":"","meta":{"_acf_changed":false,"ngg_post_thumbnail":0},"product_brand":[],"product_cat":[119],"product_tag":[],"class_list":{"0":"post-26706","1":"product","2":"type-product","3":"status-publish","4":"has-post-thumbnail","6":"product_cat-pohikoolile-lv","8":"first","9":"instock","10":"downloadable","11":"virtual","12":"product-type-simple"},"acf":[],"yoast_head":"<!-- This site is optimized with the Yoast SEO plugin v27.3 - https:\/\/yoast.com\/product\/yoast-seo-wordpress\/ -->\n<title>Eestimaa looduse lugu - j\u00e4\u00e4ajaj\u00e4rgne elustiku areng - J\u00e4\u00e4aja Keskus<\/title>\n<meta name=\"description\" content=\"\u00d5ppeprogrammis osalejad saavad \u00fclevaate eluslooduse arengust ning mitmekesisusest j\u00e4\u00e4ajaj\u00e4rgsel Eestimaal.\" \/>\n<meta name=\"robots\" content=\"index, follow, max-snippet:-1, max-image-preview:large, max-video-preview:-1\" \/>\n<link rel=\"canonical\" href=\"https:\/\/jaaaeg.ee\/lv\/oppeprogramm\/pohikoolile-lv\/eestimaa-looduse-lugu-jaaajajargne-elustiku-areng\/\" \/>\n<meta property=\"og:locale\" content=\"lv_LV\" \/>\n<meta property=\"og:type\" content=\"article\" \/>\n<meta property=\"og:title\" content=\"Eestimaa looduse lugu - j\u00e4\u00e4ajaj\u00e4rgne elustiku areng - J\u00e4\u00e4aja Keskus\" \/>\n<meta property=\"og:description\" content=\"\u00d5ppeprogrammis osalejad saavad \u00fclevaate eluslooduse arengust ning mitmekesisusest j\u00e4\u00e4ajaj\u00e4rgsel Eestimaal.\" \/>\n<meta property=\"og:url\" content=\"https:\/\/jaaaeg.ee\/lv\/oppeprogramm\/pohikoolile-lv\/eestimaa-looduse-lugu-jaaajajargne-elustiku-areng\/\" \/>\n<meta property=\"og:site_name\" content=\"J\u00e4\u00e4aja Keskus\" \/>\n<meta property=\"article:publisher\" content=\"https:\/\/www.facebook.com\/JaaajaKeskus\/\" \/>\n<meta property=\"article:modified_time\" content=\"2026-03-04T08:49:50+00:00\" \/>\n<meta property=\"og:image\" content=\"https:\/\/jaaaeg.ee\/wp-content\/uploads\/2018\/09\/OP_eestimaa-looduse-lugu.jpg\" \/>\n\t<meta property=\"og:image:width\" content=\"2480\" \/>\n\t<meta property=\"og:image:height\" content=\"1748\" \/>\n\t<meta property=\"og:image:type\" content=\"image\/jpeg\" \/>\n<meta name=\"twitter:card\" content=\"summary_large_image\" \/>\n<script type=\"application\/ld+json\" class=\"yoast-schema-graph\">{\"@context\":\"https:\\\/\\\/schema.org\",\"@graph\":[{\"@type\":\"WebPage\",\"@id\":\"https:\\\/\\\/jaaaeg.ee\\\/lv\\\/oppeprogramm\\\/pohikoolile-lv\\\/eestimaa-looduse-lugu-jaaajajargne-elustiku-areng\\\/\",\"url\":\"https:\\\/\\\/jaaaeg.ee\\\/lv\\\/oppeprogramm\\\/pohikoolile-lv\\\/eestimaa-looduse-lugu-jaaajajargne-elustiku-areng\\\/\",\"name\":\"Eestimaa looduse lugu - j\u00e4\u00e4ajaj\u00e4rgne elustiku areng - J\u00e4\u00e4aja Keskus\",\"isPartOf\":{\"@id\":\"https:\\\/\\\/jaaaeg.ee\\\/ru\\\/#website\"},\"primaryImageOfPage\":{\"@id\":\"https:\\\/\\\/jaaaeg.ee\\\/lv\\\/oppeprogramm\\\/pohikoolile-lv\\\/eestimaa-looduse-lugu-jaaajajargne-elustiku-areng\\\/#primaryimage\"},\"image\":{\"@id\":\"https:\\\/\\\/jaaaeg.ee\\\/lv\\\/oppeprogramm\\\/pohikoolile-lv\\\/eestimaa-looduse-lugu-jaaajajargne-elustiku-areng\\\/#primaryimage\"},\"thumbnailUrl\":\"https:\\\/\\\/jaaaeg.ee\\\/wp-content\\\/uploads\\\/2018\\\/09\\\/OP_eestimaa-looduse-lugu.jpg\",\"datePublished\":\"2018-09-21T08:29:17+00:00\",\"dateModified\":\"2026-03-04T08:49:50+00:00\",\"description\":\"\u00d5ppeprogrammis osalejad saavad \u00fclevaate eluslooduse arengust ning mitmekesisusest j\u00e4\u00e4ajaj\u00e4rgsel Eestimaal.\",\"breadcrumb\":{\"@id\":\"https:\\\/\\\/jaaaeg.ee\\\/lv\\\/oppeprogramm\\\/pohikoolile-lv\\\/eestimaa-looduse-lugu-jaaajajargne-elustiku-areng\\\/#breadcrumb\"},\"inLanguage\":\"lv-LV\",\"potentialAction\":[{\"@type\":\"ReadAction\",\"target\":[\"https:\\\/\\\/jaaaeg.ee\\\/lv\\\/oppeprogramm\\\/pohikoolile-lv\\\/eestimaa-looduse-lugu-jaaajajargne-elustiku-areng\\\/\"]}]},{\"@type\":\"ImageObject\",\"inLanguage\":\"lv-LV\",\"@id\":\"https:\\\/\\\/jaaaeg.ee\\\/lv\\\/oppeprogramm\\\/pohikoolile-lv\\\/eestimaa-looduse-lugu-jaaajajargne-elustiku-areng\\\/#primaryimage\",\"url\":\"https:\\\/\\\/jaaaeg.ee\\\/wp-content\\\/uploads\\\/2018\\\/09\\\/OP_eestimaa-looduse-lugu.jpg\",\"contentUrl\":\"https:\\\/\\\/jaaaeg.ee\\\/wp-content\\\/uploads\\\/2018\\\/09\\\/OP_eestimaa-looduse-lugu.jpg\",\"width\":2480,\"height\":1748,\"caption\":\"OP eestimaa looduse lugu\"},{\"@type\":\"BreadcrumbList\",\"@id\":\"https:\\\/\\\/jaaaeg.ee\\\/lv\\\/oppeprogramm\\\/pohikoolile-lv\\\/eestimaa-looduse-lugu-jaaajajargne-elustiku-areng\\\/#breadcrumb\",\"itemListElement\":[{\"@type\":\"ListItem\",\"position\":1,\"name\":\"Home\",\"item\":\"https:\\\/\\\/jaaaeg.ee\\\/lv\\\/\"},{\"@type\":\"ListItem\",\"position\":2,\"name\":\"Eestimaa looduse lugu &#8211; j\u00e4\u00e4ajaj\u00e4rgne elustiku areng\"}]},{\"@type\":\"WebSite\",\"@id\":\"https:\\\/\\\/jaaaeg.ee\\\/ru\\\/#website\",\"url\":\"https:\\\/\\\/jaaaeg.ee\\\/ru\\\/\",\"name\":\"J\u00e4\u00e4aja Keskus\",\"description\":\"avastamisr\u00f5\u00f5m igas vanuses k\u00fclastajatele\",\"potentialAction\":[{\"@type\":\"SearchAction\",\"target\":{\"@type\":\"EntryPoint\",\"urlTemplate\":\"https:\\\/\\\/jaaaeg.ee\\\/ru\\\/?s={search_term_string}\"},\"query-input\":{\"@type\":\"PropertyValueSpecification\",\"valueRequired\":true,\"valueName\":\"search_term_string\"}}],\"inLanguage\":\"lv-LV\"}]}<\/script>\n<!-- \/ Yoast SEO plugin. -->","yoast_head_json":{"title":"Eestimaa looduse lugu - j\u00e4\u00e4ajaj\u00e4rgne elustiku areng - J\u00e4\u00e4aja Keskus","description":"\u00d5ppeprogrammis osalejad saavad \u00fclevaate eluslooduse arengust ning mitmekesisusest j\u00e4\u00e4ajaj\u00e4rgsel Eestimaal.","robots":{"index":"index","follow":"follow","max-snippet":"max-snippet:-1","max-image-preview":"max-image-preview:large","max-video-preview":"max-video-preview:-1"},"canonical":"https:\/\/jaaaeg.ee\/lv\/oppeprogramm\/pohikoolile-lv\/eestimaa-looduse-lugu-jaaajajargne-elustiku-areng\/","og_locale":"lv_LV","og_type":"article","og_title":"Eestimaa looduse lugu - j\u00e4\u00e4ajaj\u00e4rgne elustiku areng - J\u00e4\u00e4aja Keskus","og_description":"\u00d5ppeprogrammis osalejad saavad \u00fclevaate eluslooduse arengust ning mitmekesisusest j\u00e4\u00e4ajaj\u00e4rgsel Eestimaal.","og_url":"https:\/\/jaaaeg.ee\/lv\/oppeprogramm\/pohikoolile-lv\/eestimaa-looduse-lugu-jaaajajargne-elustiku-areng\/","og_site_name":"J\u00e4\u00e4aja Keskus","article_publisher":"https:\/\/www.facebook.com\/JaaajaKeskus\/","article_modified_time":"2026-03-04T08:49:50+00:00","og_image":[{"width":2480,"height":1748,"url":"https:\/\/jaaaeg.ee\/wp-content\/uploads\/2018\/09\/OP_eestimaa-looduse-lugu.jpg","type":"image\/jpeg"}],"twitter_card":"summary_large_image","schema":{"@context":"https:\/\/schema.org","@graph":[{"@type":"WebPage","@id":"https:\/\/jaaaeg.ee\/lv\/oppeprogramm\/pohikoolile-lv\/eestimaa-looduse-lugu-jaaajajargne-elustiku-areng\/","url":"https:\/\/jaaaeg.ee\/lv\/oppeprogramm\/pohikoolile-lv\/eestimaa-looduse-lugu-jaaajajargne-elustiku-areng\/","name":"Eestimaa looduse lugu - j\u00e4\u00e4ajaj\u00e4rgne elustiku areng - J\u00e4\u00e4aja Keskus","isPartOf":{"@id":"https:\/\/jaaaeg.ee\/ru\/#website"},"primaryImageOfPage":{"@id":"https:\/\/jaaaeg.ee\/lv\/oppeprogramm\/pohikoolile-lv\/eestimaa-looduse-lugu-jaaajajargne-elustiku-areng\/#primaryimage"},"image":{"@id":"https:\/\/jaaaeg.ee\/lv\/oppeprogramm\/pohikoolile-lv\/eestimaa-looduse-lugu-jaaajajargne-elustiku-areng\/#primaryimage"},"thumbnailUrl":"https:\/\/jaaaeg.ee\/wp-content\/uploads\/2018\/09\/OP_eestimaa-looduse-lugu.jpg","datePublished":"2018-09-21T08:29:17+00:00","dateModified":"2026-03-04T08:49:50+00:00","description":"\u00d5ppeprogrammis osalejad saavad \u00fclevaate eluslooduse arengust ning mitmekesisusest j\u00e4\u00e4ajaj\u00e4rgsel Eestimaal.","breadcrumb":{"@id":"https:\/\/jaaaeg.ee\/lv\/oppeprogramm\/pohikoolile-lv\/eestimaa-looduse-lugu-jaaajajargne-elustiku-areng\/#breadcrumb"},"inLanguage":"lv-LV","potentialAction":[{"@type":"ReadAction","target":["https:\/\/jaaaeg.ee\/lv\/oppeprogramm\/pohikoolile-lv\/eestimaa-looduse-lugu-jaaajajargne-elustiku-areng\/"]}]},{"@type":"ImageObject","inLanguage":"lv-LV","@id":"https:\/\/jaaaeg.ee\/lv\/oppeprogramm\/pohikoolile-lv\/eestimaa-looduse-lugu-jaaajajargne-elustiku-areng\/#primaryimage","url":"https:\/\/jaaaeg.ee\/wp-content\/uploads\/2018\/09\/OP_eestimaa-looduse-lugu.jpg","contentUrl":"https:\/\/jaaaeg.ee\/wp-content\/uploads\/2018\/09\/OP_eestimaa-looduse-lugu.jpg","width":2480,"height":1748,"caption":"OP eestimaa looduse lugu"},{"@type":"BreadcrumbList","@id":"https:\/\/jaaaeg.ee\/lv\/oppeprogramm\/pohikoolile-lv\/eestimaa-looduse-lugu-jaaajajargne-elustiku-areng\/#breadcrumb","itemListElement":[{"@type":"ListItem","position":1,"name":"Home","item":"https:\/\/jaaaeg.ee\/lv\/"},{"@type":"ListItem","position":2,"name":"Eestimaa looduse lugu &#8211; j\u00e4\u00e4ajaj\u00e4rgne elustiku areng"}]},{"@type":"WebSite","@id":"https:\/\/jaaaeg.ee\/ru\/#website","url":"https:\/\/jaaaeg.ee\/ru\/","name":"J\u00e4\u00e4aja Keskus","description":"avastamisr\u00f5\u00f5m igas vanuses k\u00fclastajatele","potentialAction":[{"@type":"SearchAction","target":{"@type":"EntryPoint","urlTemplate":"https:\/\/jaaaeg.ee\/ru\/?s={search_term_string}"},"query-input":{"@type":"PropertyValueSpecification","valueRequired":true,"valueName":"search_term_string"}}],"inLanguage":"lv-LV"}]}},"_links":{"self":[{"href":"https:\/\/jaaaeg.ee\/lv\/wp-json\/wp\/v2\/product\/26706","targetHints":{"allow":["GET"]}}],"collection":[{"href":"https:\/\/jaaaeg.ee\/lv\/wp-json\/wp\/v2\/product"}],"about":[{"href":"https:\/\/jaaaeg.ee\/lv\/wp-json\/wp\/v2\/types\/product"}],"wp:featuredmedia":[{"embeddable":true,"href":"https:\/\/jaaaeg.ee\/lv\/wp-json\/wp\/v2\/media\/26703"}],"wp:attachment":[{"href":"https:\/\/jaaaeg.ee\/lv\/wp-json\/wp\/v2\/media?parent=26706"}],"wp:term":[{"taxonomy":"product_brand","embeddable":true,"href":"https:\/\/jaaaeg.ee\/lv\/wp-json\/wp\/v2\/product_brand?post=26706"},{"taxonomy":"product_cat","embeddable":true,"href":"https:\/\/jaaaeg.ee\/lv\/wp-json\/wp\/v2\/product_cat?post=26706"},{"taxonomy":"product_tag","embeddable":true,"href":"https:\/\/jaaaeg.ee\/lv\/wp-json\/wp\/v2\/product_tag?post=26706"}],"curies":[{"name":"wp","href":"https:\/\/api.w.org\/{rel}","templated":true}]}}