{"id":26451,"date":"2019-02-11T12:11:34","date_gmt":"2019-02-11T10:11:34","guid":{"rendered":"https:\/\/jaaaeg.ee\/oppeprogramm\/uncategorized\/retk-lemming-lempsiga-1h\/"},"modified":"2026-03-04T10:37:11","modified_gmt":"2026-03-04T08:37:11","slug":"retk-lemming-lempsiga-1h","status":"publish","type":"product","link":"https:\/\/jaaaeg.ee\/lv\/oppeprogramm\/alg-lv\/retk-lemming-lempsiga-1h\/","title":{"rendered":"Retk lemming Lempsiga"},"content":{"rendered":"<p>Programmis osalejad saavad erinevaid meeli (katsumine, kuulamine, vaatamine) kasutades teadmisi looduses toimuvatest protsessidest ning protsesside omavahelistest seostest. \u00d5pilased saavad \u00fclevaate vee vajalikkusest maa peal ning \u00f5pivad selgeks vee kolm olekut. M\u00e4ngulisi elemente kasutades \u00f5pitakse tundma erinevate loomaliikide kohanemisnippe erinevates oludes. Uuritakse Eesti looduse arengut j\u00e4\u00e4ajaj\u00e4rgsel perioodil. \u00d5pitakse Eestis elanud loomi ning nende elupaiku.<\/p>\n<p style=\"text-align: left;\"><strong>Eesm\u00e4rk:<\/strong><\/p>\n<p style=\"text-align: left;\">Osalejad \u00f5pivad tundma vee kolme olekut<\/p>\n<p style=\"text-align: left;\">Osalejad \u00f5pivad kasutama erinevaid meeli<\/p>\n<p style=\"text-align: left;\">Osalejad \u00f5pivad tundma loomi ning nende elupaiku<\/p>\n<p style=\"text-align: left;\">Osalejad kinnistavad seni \u00f5pitud teadmisi<\/p>\n","protected":false},"excerpt":{"rendered":"<p style=\"text-align: left;\"><strong>Sihtr\u00fchm:<\/strong> lasteaed, algkool\r\n<strong>Kestus:<\/strong> 1,5 tund\r\n<strong>Koht:<\/strong> J\u00e4\u00e4aja Keskuse ekspositsioon\r\n<strong>R\u00fchma suurus:&nbsp;<\/strong>kuni 20 \u00f5pilast\r\nHind: 7 \u20ac osaleja + 50 \u20ac juhendamise tasu&nbsp;<\/p>\r\n<p style=\"text-align: left;\"><strong>Programmi kirjeldus pdf formaadis:&nbsp;\r\n<\/strong><a href=\"https:\/\/jaaaeg.ee\/wp-content\/uploads\/2018\/09\/Retk-lemming-Lempsiga2-1.pdf\" rel=\"\">Retk Lemming Lempsiga<\/a><\/p>\r\n<p style=\"text-align: left;\">V\u00f5imalik tellida ka vene keeles<\/p>\r\n<a href=\"https:\/\/lydian.ee\/broneeri\/programmid\/jaaaeg\/retk-lemming-lempsiga-2\/\">BRONEERI<\/a>","protected":false},"featured_media":32315,"template":"","meta":{"_acf_changed":false,"ngg_post_thumbnail":0},"product_brand":[],"product_cat":[118,128],"product_tag":[],"class_list":{"0":"post-26451","1":"product","2":"type-product","3":"status-publish","4":"has-post-thumbnail","6":"product_cat-alg-lv","7":"product_cat-laste-lv","9":"first","10":"instock","11":"downloadable","12":"virtual","13":"product-type-simple"},"acf":[],"yoast_head":"<!-- This site is optimized with the Yoast SEO plugin v27.3 - https:\/\/yoast.com\/product\/yoast-seo-wordpress\/ -->\n<title>Retk lemming Lempsiga - J\u00e4\u00e4aja Keskus<\/title>\n<meta name=\"robots\" content=\"index, follow, max-snippet:-1, max-image-preview:large, max-video-preview:-1\" \/>\n<link rel=\"canonical\" href=\"https:\/\/jaaaeg.ee\/lv\/oppeprogramm\/alg-lv\/retk-lemming-lempsiga-1h\/\" \/>\n<meta property=\"og:locale\" content=\"lv_LV\" \/>\n<meta property=\"og:type\" content=\"article\" \/>\n<meta property=\"og:title\" content=\"Retk lemming Lempsiga - J\u00e4\u00e4aja Keskus\" \/>\n<meta property=\"og:description\" content=\"Sihtr\u00fchm: lasteaed, algkool Kestus: 1,5 tund Koht: J\u00e4\u00e4aja Keskuse ekspositsioon R\u00fchma suurus:&nbsp;kuni 20 \u00f5pilast Hind: 7 \u20ac osaleja + 50 \u20ac juhendamise tasu&nbsp; Programmi kirjeldus pdf formaadis:&nbsp; Retk Lemming Lempsiga V\u00f5imalik tellida ka vene keeles BRONEERI\" \/>\n<meta property=\"og:url\" content=\"https:\/\/jaaaeg.ee\/lv\/oppeprogramm\/alg-lv\/retk-lemming-lempsiga-1h\/\" \/>\n<meta property=\"og:site_name\" content=\"J\u00e4\u00e4aja Keskus\" \/>\n<meta property=\"article:publisher\" content=\"https:\/\/www.facebook.com\/JaaajaKeskus\/\" \/>\n<meta property=\"article:modified_time\" content=\"2026-03-04T08:37:11+00:00\" \/>\n<meta property=\"og:image\" content=\"https:\/\/jaaaeg.ee\/wp-content\/uploads\/2019\/02\/IMG_0679-scaled.jpeg\" \/>\n\t<meta property=\"og:image:width\" content=\"1920\" \/>\n\t<meta property=\"og:image:height\" content=\"2560\" \/>\n\t<meta property=\"og:image:type\" content=\"image\/jpeg\" \/>\n<meta name=\"twitter:card\" content=\"summary_large_image\" \/>\n<script type=\"application\/ld+json\" class=\"yoast-schema-graph\">{\"@context\":\"https:\\\/\\\/schema.org\",\"@graph\":[{\"@type\":\"WebPage\",\"@id\":\"https:\\\/\\\/jaaaeg.ee\\\/lv\\\/oppeprogramm\\\/alg-lv\\\/retk-lemming-lempsiga-1h\\\/\",\"url\":\"https:\\\/\\\/jaaaeg.ee\\\/lv\\\/oppeprogramm\\\/alg-lv\\\/retk-lemming-lempsiga-1h\\\/\",\"name\":\"Retk lemming Lempsiga - J\u00e4\u00e4aja Keskus\",\"isPartOf\":{\"@id\":\"https:\\\/\\\/jaaaeg.ee\\\/ru\\\/#website\"},\"primaryImageOfPage\":{\"@id\":\"https:\\\/\\\/jaaaeg.ee\\\/lv\\\/oppeprogramm\\\/alg-lv\\\/retk-lemming-lempsiga-1h\\\/#primaryimage\"},\"image\":{\"@id\":\"https:\\\/\\\/jaaaeg.ee\\\/lv\\\/oppeprogramm\\\/alg-lv\\\/retk-lemming-lempsiga-1h\\\/#primaryimage\"},\"thumbnailUrl\":\"https:\\\/\\\/jaaaeg.ee\\\/wp-content\\\/uploads\\\/2019\\\/02\\\/IMG_0679-scaled.jpeg\",\"datePublished\":\"2019-02-11T10:11:34+00:00\",\"dateModified\":\"2026-03-04T08:37:11+00:00\",\"breadcrumb\":{\"@id\":\"https:\\\/\\\/jaaaeg.ee\\\/lv\\\/oppeprogramm\\\/alg-lv\\\/retk-lemming-lempsiga-1h\\\/#breadcrumb\"},\"inLanguage\":\"lv-LV\",\"potentialAction\":[{\"@type\":\"ReadAction\",\"target\":[\"https:\\\/\\\/jaaaeg.ee\\\/lv\\\/oppeprogramm\\\/alg-lv\\\/retk-lemming-lempsiga-1h\\\/\"]}]},{\"@type\":\"ImageObject\",\"inLanguage\":\"lv-LV\",\"@id\":\"https:\\\/\\\/jaaaeg.ee\\\/lv\\\/oppeprogramm\\\/alg-lv\\\/retk-lemming-lempsiga-1h\\\/#primaryimage\",\"url\":\"https:\\\/\\\/jaaaeg.ee\\\/wp-content\\\/uploads\\\/2019\\\/02\\\/IMG_0679-scaled.jpeg\",\"contentUrl\":\"https:\\\/\\\/jaaaeg.ee\\\/wp-content\\\/uploads\\\/2019\\\/02\\\/IMG_0679-scaled.jpeg\",\"width\":1920,\"height\":2560,\"caption\":\"Retk Lemming Lempsiga\"},{\"@type\":\"BreadcrumbList\",\"@id\":\"https:\\\/\\\/jaaaeg.ee\\\/lv\\\/oppeprogramm\\\/alg-lv\\\/retk-lemming-lempsiga-1h\\\/#breadcrumb\",\"itemListElement\":[{\"@type\":\"ListItem\",\"position\":1,\"name\":\"Home\",\"item\":\"https:\\\/\\\/jaaaeg.ee\\\/lv\\\/\"},{\"@type\":\"ListItem\",\"position\":2,\"name\":\"Retk lemming Lempsiga\"}]},{\"@type\":\"WebSite\",\"@id\":\"https:\\\/\\\/jaaaeg.ee\\\/ru\\\/#website\",\"url\":\"https:\\\/\\\/jaaaeg.ee\\\/ru\\\/\",\"name\":\"J\u00e4\u00e4aja Keskus\",\"description\":\"avastamisr\u00f5\u00f5m igas vanuses k\u00fclastajatele\",\"potentialAction\":[{\"@type\":\"SearchAction\",\"target\":{\"@type\":\"EntryPoint\",\"urlTemplate\":\"https:\\\/\\\/jaaaeg.ee\\\/ru\\\/?s={search_term_string}\"},\"query-input\":{\"@type\":\"PropertyValueSpecification\",\"valueRequired\":true,\"valueName\":\"search_term_string\"}}],\"inLanguage\":\"lv-LV\"}]}<\/script>\n<!-- \/ Yoast SEO plugin. -->","yoast_head_json":{"title":"Retk lemming Lempsiga - J\u00e4\u00e4aja Keskus","robots":{"index":"index","follow":"follow","max-snippet":"max-snippet:-1","max-image-preview":"max-image-preview:large","max-video-preview":"max-video-preview:-1"},"canonical":"https:\/\/jaaaeg.ee\/lv\/oppeprogramm\/alg-lv\/retk-lemming-lempsiga-1h\/","og_locale":"lv_LV","og_type":"article","og_title":"Retk lemming Lempsiga - J\u00e4\u00e4aja Keskus","og_description":"Sihtr\u00fchm: lasteaed, algkool Kestus: 1,5 tund Koht: J\u00e4\u00e4aja Keskuse ekspositsioon R\u00fchma suurus:&nbsp;kuni 20 \u00f5pilast Hind: 7 \u20ac osaleja + 50 \u20ac juhendamise tasu&nbsp; Programmi kirjeldus pdf formaadis:&nbsp; Retk Lemming Lempsiga V\u00f5imalik tellida ka vene keeles BRONEERI","og_url":"https:\/\/jaaaeg.ee\/lv\/oppeprogramm\/alg-lv\/retk-lemming-lempsiga-1h\/","og_site_name":"J\u00e4\u00e4aja Keskus","article_publisher":"https:\/\/www.facebook.com\/JaaajaKeskus\/","article_modified_time":"2026-03-04T08:37:11+00:00","og_image":[{"width":1920,"height":2560,"url":"https:\/\/jaaaeg.ee\/wp-content\/uploads\/2019\/02\/IMG_0679-scaled.jpeg","type":"image\/jpeg"}],"twitter_card":"summary_large_image","schema":{"@context":"https:\/\/schema.org","@graph":[{"@type":"WebPage","@id":"https:\/\/jaaaeg.ee\/lv\/oppeprogramm\/alg-lv\/retk-lemming-lempsiga-1h\/","url":"https:\/\/jaaaeg.ee\/lv\/oppeprogramm\/alg-lv\/retk-lemming-lempsiga-1h\/","name":"Retk lemming Lempsiga - J\u00e4\u00e4aja Keskus","isPartOf":{"@id":"https:\/\/jaaaeg.ee\/ru\/#website"},"primaryImageOfPage":{"@id":"https:\/\/jaaaeg.ee\/lv\/oppeprogramm\/alg-lv\/retk-lemming-lempsiga-1h\/#primaryimage"},"image":{"@id":"https:\/\/jaaaeg.ee\/lv\/oppeprogramm\/alg-lv\/retk-lemming-lempsiga-1h\/#primaryimage"},"thumbnailUrl":"https:\/\/jaaaeg.ee\/wp-content\/uploads\/2019\/02\/IMG_0679-scaled.jpeg","datePublished":"2019-02-11T10:11:34+00:00","dateModified":"2026-03-04T08:37:11+00:00","breadcrumb":{"@id":"https:\/\/jaaaeg.ee\/lv\/oppeprogramm\/alg-lv\/retk-lemming-lempsiga-1h\/#breadcrumb"},"inLanguage":"lv-LV","potentialAction":[{"@type":"ReadAction","target":["https:\/\/jaaaeg.ee\/lv\/oppeprogramm\/alg-lv\/retk-lemming-lempsiga-1h\/"]}]},{"@type":"ImageObject","inLanguage":"lv-LV","@id":"https:\/\/jaaaeg.ee\/lv\/oppeprogramm\/alg-lv\/retk-lemming-lempsiga-1h\/#primaryimage","url":"https:\/\/jaaaeg.ee\/wp-content\/uploads\/2019\/02\/IMG_0679-scaled.jpeg","contentUrl":"https:\/\/jaaaeg.ee\/wp-content\/uploads\/2019\/02\/IMG_0679-scaled.jpeg","width":1920,"height":2560,"caption":"Retk Lemming Lempsiga"},{"@type":"BreadcrumbList","@id":"https:\/\/jaaaeg.ee\/lv\/oppeprogramm\/alg-lv\/retk-lemming-lempsiga-1h\/#breadcrumb","itemListElement":[{"@type":"ListItem","position":1,"name":"Home","item":"https:\/\/jaaaeg.ee\/lv\/"},{"@type":"ListItem","position":2,"name":"Retk lemming Lempsiga"}]},{"@type":"WebSite","@id":"https:\/\/jaaaeg.ee\/ru\/#website","url":"https:\/\/jaaaeg.ee\/ru\/","name":"J\u00e4\u00e4aja Keskus","description":"avastamisr\u00f5\u00f5m igas vanuses k\u00fclastajatele","potentialAction":[{"@type":"SearchAction","target":{"@type":"EntryPoint","urlTemplate":"https:\/\/jaaaeg.ee\/ru\/?s={search_term_string}"},"query-input":{"@type":"PropertyValueSpecification","valueRequired":true,"valueName":"search_term_string"}}],"inLanguage":"lv-LV"}]}},"_links":{"self":[{"href":"https:\/\/jaaaeg.ee\/lv\/wp-json\/wp\/v2\/product\/26451","targetHints":{"allow":["GET"]}}],"collection":[{"href":"https:\/\/jaaaeg.ee\/lv\/wp-json\/wp\/v2\/product"}],"about":[{"href":"https:\/\/jaaaeg.ee\/lv\/wp-json\/wp\/v2\/types\/product"}],"wp:featuredmedia":[{"embeddable":true,"href":"https:\/\/jaaaeg.ee\/lv\/wp-json\/wp\/v2\/media\/32315"}],"wp:attachment":[{"href":"https:\/\/jaaaeg.ee\/lv\/wp-json\/wp\/v2\/media?parent=26451"}],"wp:term":[{"taxonomy":"product_brand","embeddable":true,"href":"https:\/\/jaaaeg.ee\/lv\/wp-json\/wp\/v2\/product_brand?post=26451"},{"taxonomy":"product_cat","embeddable":true,"href":"https:\/\/jaaaeg.ee\/lv\/wp-json\/wp\/v2\/product_cat?post=26451"},{"taxonomy":"product_tag","embeddable":true,"href":"https:\/\/jaaaeg.ee\/lv\/wp-json\/wp\/v2\/product_tag?post=26451"}],"curies":[{"name":"wp","href":"https:\/\/api.w.org\/{rel}","templated":true}]}}