{"id":27140,"date":"2024-02-14T14:01:06","date_gmt":"2024-02-14T12:01:06","guid":{"rendered":"https:\/\/jaaaeg.ee\/naitused\/urmas-tartes\/"},"modified":"2024-10-28T16:26:59","modified_gmt":"2024-10-28T14:26:59","slug":"urmas-tartes","status":"publish","type":"page","link":"https:\/\/jaaaeg.ee\/lv\/naitused\/urmas-tartes\/","title":{"rendered":"Urmas Tartes"},"content":{"rendered":"<p><span style=\"font-weight: 400;\">Urmas Tartes on vabakutseline loodusemees ja loodusfotograaf. Ta on sage esineja erinevale kuulajaskonnale pildiprogrammidega loodusest, eriti putukatest. Ajalehtedes, loodusajakirjades ja veebilehtedel on Urmase sulest ilmunud sadu looduslugusid. 2009. aastal sai ta esimese eestlasena v\u00f5idu maailma mainekaimal loodusfoto konkursil Wildlife Photographer of The Year. Urmase eriline huvi on mikromaailm, mida j\u00e4\u00e4dvustatakse l\u00e4hipildistamisel.<\/span><\/p>\nngg_shortcode_0_placeholder\n","protected":false},"excerpt":{"rendered":"Urmas Tartes on vabakutseline loodusemees ja loodusfotograaf. Ta on sage esineja erinevale kuulajaskonnale pildiprogrammidega loodusest, eriti putukatest. Ajalehtedes, loodusajakirjades ja veebilehtedel on Urmase sulest ilmunud sadu looduslugusid. 2009. aastal sai ta esimese eestlasena v\u00f5idu maailma mainekaimal loodusfoto konkursil Wildlife Photographer of The Year. Urmase eriline huvi on mikromaailm, mida j\u00e4\u00e4dvustatakse l\u00e4hipildistamisel. &nbsp;","protected":false},"author":1,"featured_media":20659,"parent":26838,"menu_order":30,"comment_status":"closed","ping_status":"closed","template":"template-sidebar.php","meta":{"_acf_changed":false,"ngg_post_thumbnail":0,"footnotes":""},"class_list":["post-27140","page","type-page","status-publish","has-post-thumbnail","hentry"],"acf":[],"yoast_head":"<!-- This site is optimized with the Yoast SEO plugin v27.3 - https:\/\/yoast.com\/product\/yoast-seo-wordpress\/ -->\n<title>Urmas Tartes - J\u00e4\u00e4aja Keskus<\/title>\n<meta name=\"description\" content=\"Tunnustatud loodusfotograafi l\u00e4hiv\u00f5tete kogu. L\u00f5uendile prinditud fotod on eksponeeritud J\u00e4\u00e4aja Keskuse trepigaleriis.\" \/>\n<meta name=\"robots\" content=\"index, follow, max-snippet:-1, max-image-preview:large, max-video-preview:-1\" \/>\n<link rel=\"canonical\" href=\"https:\/\/jaaaeg.ee\/lv\/naitused\/urmas-tartes\/\" \/>\n<meta property=\"og:locale\" content=\"lv_LV\" \/>\n<meta property=\"og:type\" content=\"article\" \/>\n<meta property=\"og:title\" content=\"Urmas Tartes - J\u00e4\u00e4aja Keskus\" \/>\n<meta property=\"og:description\" content=\"Tunnustatud loodusfotograafi l\u00e4hiv\u00f5tete kogu. L\u00f5uendile prinditud fotod on eksponeeritud J\u00e4\u00e4aja Keskuse trepigaleriis.\" \/>\n<meta property=\"og:url\" content=\"https:\/\/jaaaeg.ee\/lv\/naitused\/urmas-tartes\/\" \/>\n<meta property=\"og:site_name\" content=\"J\u00e4\u00e4aja Keskus\" \/>\n<meta property=\"article:publisher\" content=\"https:\/\/www.facebook.com\/JaaajaKeskus\/\" \/>\n<meta property=\"article:modified_time\" content=\"2024-10-28T14:26:59+00:00\" \/>\n<meta property=\"og:image\" content=\"https:\/\/jaaaeg.ee\/wp-content\/uploads\/2022\/06\/160322ut053.jpg\" \/>\n\t<meta property=\"og:image:width\" content=\"2560\" \/>\n\t<meta property=\"og:image:height\" content=\"1707\" \/>\n\t<meta property=\"og:image:type\" content=\"image\/jpeg\" \/>\n<meta name=\"twitter:card\" content=\"summary_large_image\" \/>\n<script type=\"application\/ld+json\" class=\"yoast-schema-graph\">{\"@context\":\"https:\\\/\\\/schema.org\",\"@graph\":[{\"@type\":\"WebPage\",\"@id\":\"https:\\\/\\\/jaaaeg.ee\\\/lv\\\/naitused\\\/urmas-tartes\\\/\",\"url\":\"https:\\\/\\\/jaaaeg.ee\\\/lv\\\/naitused\\\/urmas-tartes\\\/\",\"name\":\"Urmas Tartes - J\u00e4\u00e4aja Keskus\",\"isPartOf\":{\"@id\":\"https:\\\/\\\/jaaaeg.ee\\\/ru\\\/#website\"},\"primaryImageOfPage\":{\"@id\":\"https:\\\/\\\/jaaaeg.ee\\\/lv\\\/naitused\\\/urmas-tartes\\\/#primaryimage\"},\"image\":{\"@id\":\"https:\\\/\\\/jaaaeg.ee\\\/lv\\\/naitused\\\/urmas-tartes\\\/#primaryimage\"},\"thumbnailUrl\":\"https:\\\/\\\/jaaaeg.ee\\\/wp-content\\\/uploads\\\/2022\\\/06\\\/160322ut053.jpg\",\"datePublished\":\"2024-02-14T12:01:06+00:00\",\"dateModified\":\"2024-10-28T14:26:59+00:00\",\"description\":\"Tunnustatud loodusfotograafi l\u00e4hiv\u00f5tete kogu. L\u00f5uendile prinditud fotod on eksponeeritud J\u00e4\u00e4aja Keskuse trepigaleriis.\",\"breadcrumb\":{\"@id\":\"https:\\\/\\\/jaaaeg.ee\\\/lv\\\/naitused\\\/urmas-tartes\\\/#breadcrumb\"},\"inLanguage\":\"lv-LV\",\"potentialAction\":[{\"@type\":\"ReadAction\",\"target\":[\"https:\\\/\\\/jaaaeg.ee\\\/lv\\\/naitused\\\/urmas-tartes\\\/\"]}]},{\"@type\":\"ImageObject\",\"inLanguage\":\"lv-LV\",\"@id\":\"https:\\\/\\\/jaaaeg.ee\\\/lv\\\/naitused\\\/urmas-tartes\\\/#primaryimage\",\"url\":\"https:\\\/\\\/jaaaeg.ee\\\/wp-content\\\/uploads\\\/2022\\\/06\\\/160322ut053.jpg\",\"contentUrl\":\"https:\\\/\\\/jaaaeg.ee\\\/wp-content\\\/uploads\\\/2022\\\/06\\\/160322ut053.jpg\",\"width\":2560,\"height\":1707,\"caption\":\"160322ut053\"},{\"@type\":\"BreadcrumbList\",\"@id\":\"https:\\\/\\\/jaaaeg.ee\\\/lv\\\/naitused\\\/urmas-tartes\\\/#breadcrumb\",\"itemListElement\":[{\"@type\":\"ListItem\",\"position\":1,\"name\":\"Home\",\"item\":\"https:\\\/\\\/jaaaeg.ee\\\/lv\\\/\"},{\"@type\":\"ListItem\",\"position\":2,\"name\":\"Izst\u0101des\",\"item\":\"https:\\\/\\\/jaaaeg.ee\\\/lv\\\/naitused\\\/\"},{\"@type\":\"ListItem\",\"position\":3,\"name\":\"Urmas Tartes\"}]},{\"@type\":\"WebSite\",\"@id\":\"https:\\\/\\\/jaaaeg.ee\\\/ru\\\/#website\",\"url\":\"https:\\\/\\\/jaaaeg.ee\\\/ru\\\/\",\"name\":\"J\u00e4\u00e4aja Keskus\",\"description\":\"avastamisr\u00f5\u00f5m igas vanuses k\u00fclastajatele\",\"potentialAction\":[{\"@type\":\"SearchAction\",\"target\":{\"@type\":\"EntryPoint\",\"urlTemplate\":\"https:\\\/\\\/jaaaeg.ee\\\/ru\\\/?s={search_term_string}\"},\"query-input\":{\"@type\":\"PropertyValueSpecification\",\"valueRequired\":true,\"valueName\":\"search_term_string\"}}],\"inLanguage\":\"lv-LV\"}]}<\/script>\n<!-- \/ Yoast SEO plugin. -->","yoast_head_json":{"title":"Urmas Tartes - J\u00e4\u00e4aja Keskus","description":"Tunnustatud loodusfotograafi l\u00e4hiv\u00f5tete kogu. L\u00f5uendile prinditud fotod on eksponeeritud J\u00e4\u00e4aja Keskuse trepigaleriis.","robots":{"index":"index","follow":"follow","max-snippet":"max-snippet:-1","max-image-preview":"max-image-preview:large","max-video-preview":"max-video-preview:-1"},"canonical":"https:\/\/jaaaeg.ee\/lv\/naitused\/urmas-tartes\/","og_locale":"lv_LV","og_type":"article","og_title":"Urmas Tartes - J\u00e4\u00e4aja Keskus","og_description":"Tunnustatud loodusfotograafi l\u00e4hiv\u00f5tete kogu. L\u00f5uendile prinditud fotod on eksponeeritud J\u00e4\u00e4aja Keskuse trepigaleriis.","og_url":"https:\/\/jaaaeg.ee\/lv\/naitused\/urmas-tartes\/","og_site_name":"J\u00e4\u00e4aja Keskus","article_publisher":"https:\/\/www.facebook.com\/JaaajaKeskus\/","article_modified_time":"2024-10-28T14:26:59+00:00","og_image":[{"width":2560,"height":1707,"url":"https:\/\/jaaaeg.ee\/wp-content\/uploads\/2022\/06\/160322ut053.jpg","type":"image\/jpeg"}],"twitter_card":"summary_large_image","schema":{"@context":"https:\/\/schema.org","@graph":[{"@type":"WebPage","@id":"https:\/\/jaaaeg.ee\/lv\/naitused\/urmas-tartes\/","url":"https:\/\/jaaaeg.ee\/lv\/naitused\/urmas-tartes\/","name":"Urmas Tartes - J\u00e4\u00e4aja Keskus","isPartOf":{"@id":"https:\/\/jaaaeg.ee\/ru\/#website"},"primaryImageOfPage":{"@id":"https:\/\/jaaaeg.ee\/lv\/naitused\/urmas-tartes\/#primaryimage"},"image":{"@id":"https:\/\/jaaaeg.ee\/lv\/naitused\/urmas-tartes\/#primaryimage"},"thumbnailUrl":"https:\/\/jaaaeg.ee\/wp-content\/uploads\/2022\/06\/160322ut053.jpg","datePublished":"2024-02-14T12:01:06+00:00","dateModified":"2024-10-28T14:26:59+00:00","description":"Tunnustatud loodusfotograafi l\u00e4hiv\u00f5tete kogu. L\u00f5uendile prinditud fotod on eksponeeritud J\u00e4\u00e4aja Keskuse trepigaleriis.","breadcrumb":{"@id":"https:\/\/jaaaeg.ee\/lv\/naitused\/urmas-tartes\/#breadcrumb"},"inLanguage":"lv-LV","potentialAction":[{"@type":"ReadAction","target":["https:\/\/jaaaeg.ee\/lv\/naitused\/urmas-tartes\/"]}]},{"@type":"ImageObject","inLanguage":"lv-LV","@id":"https:\/\/jaaaeg.ee\/lv\/naitused\/urmas-tartes\/#primaryimage","url":"https:\/\/jaaaeg.ee\/wp-content\/uploads\/2022\/06\/160322ut053.jpg","contentUrl":"https:\/\/jaaaeg.ee\/wp-content\/uploads\/2022\/06\/160322ut053.jpg","width":2560,"height":1707,"caption":"160322ut053"},{"@type":"BreadcrumbList","@id":"https:\/\/jaaaeg.ee\/lv\/naitused\/urmas-tartes\/#breadcrumb","itemListElement":[{"@type":"ListItem","position":1,"name":"Home","item":"https:\/\/jaaaeg.ee\/lv\/"},{"@type":"ListItem","position":2,"name":"Izst\u0101des","item":"https:\/\/jaaaeg.ee\/lv\/naitused\/"},{"@type":"ListItem","position":3,"name":"Urmas Tartes"}]},{"@type":"WebSite","@id":"https:\/\/jaaaeg.ee\/ru\/#website","url":"https:\/\/jaaaeg.ee\/ru\/","name":"J\u00e4\u00e4aja Keskus","description":"avastamisr\u00f5\u00f5m igas vanuses k\u00fclastajatele","potentialAction":[{"@type":"SearchAction","target":{"@type":"EntryPoint","urlTemplate":"https:\/\/jaaaeg.ee\/ru\/?s={search_term_string}"},"query-input":{"@type":"PropertyValueSpecification","valueRequired":true,"valueName":"search_term_string"}}],"inLanguage":"lv-LV"}]}},"_links":{"self":[{"href":"https:\/\/jaaaeg.ee\/lv\/wp-json\/wp\/v2\/pages\/27140","targetHints":{"allow":["GET"]}}],"collection":[{"href":"https:\/\/jaaaeg.ee\/lv\/wp-json\/wp\/v2\/pages"}],"about":[{"href":"https:\/\/jaaaeg.ee\/lv\/wp-json\/wp\/v2\/types\/page"}],"author":[{"embeddable":true,"href":"https:\/\/jaaaeg.ee\/lv\/wp-json\/wp\/v2\/users\/1"}],"replies":[{"embeddable":true,"href":"https:\/\/jaaaeg.ee\/lv\/wp-json\/wp\/v2\/comments?post=27140"}],"version-history":[{"count":2,"href":"https:\/\/jaaaeg.ee\/lv\/wp-json\/wp\/v2\/pages\/27140\/revisions"}],"predecessor-version":[{"id":28872,"href":"https:\/\/jaaaeg.ee\/lv\/wp-json\/wp\/v2\/pages\/27140\/revisions\/28872"}],"up":[{"embeddable":true,"href":"https:\/\/jaaaeg.ee\/lv\/wp-json\/wp\/v2\/pages\/26838"}],"wp:featuredmedia":[{"embeddable":true,"href":"https:\/\/jaaaeg.ee\/lv\/wp-json\/wp\/v2\/media\/20659"}],"wp:attachment":[{"href":"https:\/\/jaaaeg.ee\/lv\/wp-json\/wp\/v2\/media?parent=27140"}],"curies":[{"name":"wp","href":"https:\/\/api.w.org\/{rel}","templated":true}]}}