{"id":26375,"date":"2024-02-14T13:59:56","date_gmt":"2024-02-14T11:59:56","guid":{"rendered":"https:\/\/jaaaeg.ee\/miks-jaakarud-pingviine-ei-soo\/"},"modified":"2024-10-10T13:32:33","modified_gmt":"2024-10-10T10:32:33","slug":"miks-jaakarud-pingviine-ei-soo","status":"publish","type":"page","link":"https:\/\/jaaaeg.ee\/lv\/naitused\/miks-jaakarud-pingviine-ei-soo\/","title":{"rendered":"Miks j\u00e4\u00e4karud pingviine ei s\u00f6\u00f6?"},"content":{"rendered":"<h2><span style=\"font-weight: 400;\">Koost\u00f6\u00f6s polaarr\u00e4ndur Timo Paloga valmis J\u00e4\u00e4aja Keskusel n\u00e4itus \u201eMiks j\u00e4\u00e4karud pingviine ei s\u00f6\u00f6\u201c.<\/span><\/h2>\n<p><span style=\"font-weight: 400;\">N\u00e4itus teeb n-\u00f6 puust ette ja punaseks inimeste jaoks tihti segi minevad paigad \u2013 Arktika ja Antarktika, mis paljudele on lihtsalt k\u00fclmad alad. Tutvumisretke gloobusel aitab teha meteoroloog ja polaarr\u00e4ndur Timo Palo. \u201ePolaaralad, sealhulgas Arktika on meie planeedi kliima jahutid. Nii on Arktika nagu tohutu k\u00fclmik, mis tasakaalustab troopika soojust, jahutab nii \u00f5hku kui ookeanivett ja hoiab planeedi temperatuuri m\u00f5\u00f5dukamana,\u201c selgitas Timo Palo.<\/span><\/p>\n<p><span style=\"font-weight: 400;\">N\u00e4ituse \u201epeategelaseks\u201c on Eestimaa kuulsaim j\u00e4\u00e4karu Franz, kes Franz Josephi maalt p\u00fc\u00fcti, Tallinna loomaaeda toodi ja seal kuni 2007. aastani elas. Eesti Loodusmuuseumile kuuluv j\u00e4\u00e4karu topis r\u00f5\u00f5mustab juba 10 aastat J\u00e4\u00e4aja Keskuse k\u00fclastajaid ja sai n\u00fc\u00fcd endale uue rolli ja t\u00e4henduse r\u00e4\u00e4kides keskkonnamuutustest maailmas.<\/span><\/p>\n<p><span style=\"font-weight: 400;\">\u201eJ\u00e4\u00e4karu on j\u00e4\u00e4s\u00f5ltlane, kes v\u00f5ib saaki otsides liikuda sadu kilomeetreid, ent kui toitu ei j\u00e4tku, pikenevad ta r\u00e4nnakud veelgi, ta peab paastuma, muutub toidulaud ja seel\u00e4bi ka k\u00e4itumismustrid,\u201c selgitas J\u00e4\u00e4aja Keskuse tegevjuht Kadri Valner.<\/span><\/p>\n<p><span style=\"font-weight: 400;\">\u201eInimtegevus m\u00f5jutab t\u00e4na v\u00e4ga merej\u00e4\u00e4 sulamist, meil on n\u00e4itusel v\u00e4ljas nii n\u00e4ited paarik\u00fcmne aasta tagusest ajast kui mudeldame ka l\u00e4hitulevikku ja see ei ole sugugi r\u00f5\u00f5mustav,\u201c \u00fctles Valner.<\/span><\/p>\n<p><span style=\"font-weight: 400;\">Miks on aga n\u00e4itusel selline pealkiri? Eks ikka seet\u00f5ttu, et inimestel l\u00e4heb siiani segamini, kus asub Arktika, kus Antarktika ja kes seal elavad. Nii aitab v\u00e4ljapanek koolis \u00f5pitu ent unustatu meelde tuletada.<\/span><\/p>\n<p><span style=\"font-weight: 400;\">N\u00e4itust saab vaadata J\u00e4\u00e4aja Keskuse keskkonnakorrusel, selle teostas kujundusgrupp AdExpert.<\/span><\/p>\n<p><span style=\"font-weight: 400;\">T\u00e4name Tallinna Loomaaeda ja Eesti Loodusmuuseumi.<\/span><\/p>\nngg_shortcode_0_placeholder\n<p><b>Kuraator: <\/b><span style=\"font-weight: 400;\">Kadri Valner<\/span><\/p>\n<p><b>Meeskond: <\/b><span style=\"font-weight: 400;\">Kadri Valner, Jannes J\u00e4\u00e4r,<\/span> <span style=\"font-weight: 400;\">Jaak Alekand, Kaupo Mets<\/span><\/p>\n<p><b>Teostus: <\/b><a href=\"https:\/\/www.adexpert.ee\/\" target=\"_blank\" rel=\"noopener\">ADExpert<\/a><\/p>\n","protected":false},"excerpt":{"rendered":"Koost\u00f6\u00f6s polaarr\u00e4ndur Timo Paloga valmis J\u00e4\u00e4aja Keskusel n\u00e4itus \u201eMiks j\u00e4\u00e4karud pingviine ei s\u00f6\u00f6\u201c. N\u00e4itus teeb n-\u00f6 puust ette ja punaseks inimeste jaoks tihti segi minevad paigad \u2013 Arktika ja Antarktika, mis paljudele on lihtsalt k\u00fclmad alad. Tutvumisretke gloobusel aitab teha meteoroloog ja polaarr\u00e4ndur Timo Palo. \u201ePolaaralad, sealhulgas Arktika on meie planeedi kliima jahutid. Nii on&#8230; <a class=\"view-article\" href=\"https:\/\/jaaaeg.ee\/lv\/naitused\/miks-jaakarud-pingviine-ei-soo\/\">Las\u012bt vair\u0101k<\/a>","protected":false},"author":1,"featured_media":25249,"parent":26838,"menu_order":45,"comment_status":"closed","ping_status":"closed","template":"template-sidebar.php","meta":{"_acf_changed":false,"ngg_post_thumbnail":0,"footnotes":""},"class_list":["post-26375","page","type-page","status-publish","has-post-thumbnail","hentry"],"acf":[],"yoast_head":"<!-- This site is optimized with the Yoast SEO plugin v27.3 - https:\/\/yoast.com\/product\/yoast-seo-wordpress\/ -->\n<title>Miks j\u00e4\u00e4karud pingviine ei s\u00f6\u00f6? - J\u00e4\u00e4aja Keskus<\/title>\n<meta name=\"robots\" content=\"index, follow, max-snippet:-1, max-image-preview:large, max-video-preview:-1\" \/>\n<link rel=\"canonical\" href=\"https:\/\/jaaaeg.ee\/lv\/naitused\/miks-jaakarud-pingviine-ei-soo\/\" \/>\n<meta property=\"og:locale\" content=\"lv_LV\" \/>\n<meta property=\"og:type\" content=\"article\" \/>\n<meta property=\"og:title\" content=\"Miks j\u00e4\u00e4karud pingviine ei s\u00f6\u00f6? - J\u00e4\u00e4aja Keskus\" \/>\n<meta property=\"og:description\" content=\"Koost\u00f6\u00f6s polaarr\u00e4ndur Timo Paloga valmis J\u00e4\u00e4aja Keskusel n\u00e4itus \u201eMiks j\u00e4\u00e4karud pingviine ei s\u00f6\u00f6\u201c. N\u00e4itus teeb n-\u00f6 puust ette ja punaseks inimeste jaoks tihti segi minevad paigad \u2013 Arktika ja Antarktika, mis paljudele on lihtsalt k\u00fclmad alad. Tutvumisretke gloobusel aitab teha meteoroloog ja polaarr\u00e4ndur Timo Palo. \u201ePolaaralad, sealhulgas Arktika on meie planeedi kliima jahutid. Nii on... Las\u012bt vair\u0101k\" \/>\n<meta property=\"og:url\" content=\"https:\/\/jaaaeg.ee\/lv\/naitused\/miks-jaakarud-pingviine-ei-soo\/\" \/>\n<meta property=\"og:site_name\" content=\"J\u00e4\u00e4aja Keskus\" \/>\n<meta property=\"article:publisher\" content=\"https:\/\/www.facebook.com\/JaaajaKeskus\/\" \/>\n<meta property=\"article:modified_time\" content=\"2024-10-10T10:32:33+00:00\" \/>\n<meta property=\"og:image\" content=\"https:\/\/jaaaeg.ee\/wp-content\/uploads\/2024\/01\/20230818_164159-scaled.jpg\" \/>\n\t<meta property=\"og:image:width\" content=\"1920\" \/>\n\t<meta property=\"og:image:height\" content=\"2560\" \/>\n\t<meta property=\"og:image:type\" content=\"image\/jpeg\" \/>\n<meta name=\"twitter:card\" content=\"summary_large_image\" \/>\n<meta name=\"twitter:label1\" content=\"Est. reading time\" \/>\n\t<meta name=\"twitter:data1\" content=\"1 minute\" \/>\n<script type=\"application\/ld+json\" class=\"yoast-schema-graph\">{\"@context\":\"https:\\\/\\\/schema.org\",\"@graph\":[{\"@type\":\"WebPage\",\"@id\":\"https:\\\/\\\/jaaaeg.ee\\\/lv\\\/naitused\\\/miks-jaakarud-pingviine-ei-soo\\\/\",\"url\":\"https:\\\/\\\/jaaaeg.ee\\\/lv\\\/naitused\\\/miks-jaakarud-pingviine-ei-soo\\\/\",\"name\":\"Miks j\u00e4\u00e4karud pingviine ei s\u00f6\u00f6? - J\u00e4\u00e4aja Keskus\",\"isPartOf\":{\"@id\":\"https:\\\/\\\/jaaaeg.ee\\\/ru\\\/#website\"},\"primaryImageOfPage\":{\"@id\":\"https:\\\/\\\/jaaaeg.ee\\\/lv\\\/naitused\\\/miks-jaakarud-pingviine-ei-soo\\\/#primaryimage\"},\"image\":{\"@id\":\"https:\\\/\\\/jaaaeg.ee\\\/lv\\\/naitused\\\/miks-jaakarud-pingviine-ei-soo\\\/#primaryimage\"},\"thumbnailUrl\":\"https:\\\/\\\/jaaaeg.ee\\\/wp-content\\\/uploads\\\/2024\\\/01\\\/20230818_164159-scaled.jpg\",\"datePublished\":\"2024-02-14T11:59:56+00:00\",\"dateModified\":\"2024-10-10T10:32:33+00:00\",\"breadcrumb\":{\"@id\":\"https:\\\/\\\/jaaaeg.ee\\\/lv\\\/naitused\\\/miks-jaakarud-pingviine-ei-soo\\\/#breadcrumb\"},\"inLanguage\":\"lv-LV\",\"potentialAction\":[{\"@type\":\"ReadAction\",\"target\":[\"https:\\\/\\\/jaaaeg.ee\\\/lv\\\/naitused\\\/miks-jaakarud-pingviine-ei-soo\\\/\"]}]},{\"@type\":\"ImageObject\",\"inLanguage\":\"lv-LV\",\"@id\":\"https:\\\/\\\/jaaaeg.ee\\\/lv\\\/naitused\\\/miks-jaakarud-pingviine-ei-soo\\\/#primaryimage\",\"url\":\"https:\\\/\\\/jaaaeg.ee\\\/wp-content\\\/uploads\\\/2024\\\/01\\\/20230818_164159-scaled.jpg\",\"contentUrl\":\"https:\\\/\\\/jaaaeg.ee\\\/wp-content\\\/uploads\\\/2024\\\/01\\\/20230818_164159-scaled.jpg\",\"width\":1920,\"height\":2560,\"caption\":\"20230818 164159 scaled\"},{\"@type\":\"BreadcrumbList\",\"@id\":\"https:\\\/\\\/jaaaeg.ee\\\/lv\\\/naitused\\\/miks-jaakarud-pingviine-ei-soo\\\/#breadcrumb\",\"itemListElement\":[{\"@type\":\"ListItem\",\"position\":1,\"name\":\"Home\",\"item\":\"https:\\\/\\\/jaaaeg.ee\\\/lv\\\/\"},{\"@type\":\"ListItem\",\"position\":2,\"name\":\"Izst\u0101des\",\"item\":\"https:\\\/\\\/jaaaeg.ee\\\/lv\\\/naitused\\\/\"},{\"@type\":\"ListItem\",\"position\":3,\"name\":\"Miks j\u00e4\u00e4karud pingviine ei s\u00f6\u00f6?\"}]},{\"@type\":\"WebSite\",\"@id\":\"https:\\\/\\\/jaaaeg.ee\\\/ru\\\/#website\",\"url\":\"https:\\\/\\\/jaaaeg.ee\\\/ru\\\/\",\"name\":\"J\u00e4\u00e4aja Keskus\",\"description\":\"avastamisr\u00f5\u00f5m igas vanuses k\u00fclastajatele\",\"potentialAction\":[{\"@type\":\"SearchAction\",\"target\":{\"@type\":\"EntryPoint\",\"urlTemplate\":\"https:\\\/\\\/jaaaeg.ee\\\/ru\\\/?s={search_term_string}\"},\"query-input\":{\"@type\":\"PropertyValueSpecification\",\"valueRequired\":true,\"valueName\":\"search_term_string\"}}],\"inLanguage\":\"lv-LV\"}]}<\/script>\n<!-- \/ Yoast SEO plugin. -->","yoast_head_json":{"title":"Miks j\u00e4\u00e4karud pingviine ei s\u00f6\u00f6? - J\u00e4\u00e4aja Keskus","robots":{"index":"index","follow":"follow","max-snippet":"max-snippet:-1","max-image-preview":"max-image-preview:large","max-video-preview":"max-video-preview:-1"},"canonical":"https:\/\/jaaaeg.ee\/lv\/naitused\/miks-jaakarud-pingviine-ei-soo\/","og_locale":"lv_LV","og_type":"article","og_title":"Miks j\u00e4\u00e4karud pingviine ei s\u00f6\u00f6? - J\u00e4\u00e4aja Keskus","og_description":"Koost\u00f6\u00f6s polaarr\u00e4ndur Timo Paloga valmis J\u00e4\u00e4aja Keskusel n\u00e4itus \u201eMiks j\u00e4\u00e4karud pingviine ei s\u00f6\u00f6\u201c. N\u00e4itus teeb n-\u00f6 puust ette ja punaseks inimeste jaoks tihti segi minevad paigad \u2013 Arktika ja Antarktika, mis paljudele on lihtsalt k\u00fclmad alad. Tutvumisretke gloobusel aitab teha meteoroloog ja polaarr\u00e4ndur Timo Palo. \u201ePolaaralad, sealhulgas Arktika on meie planeedi kliima jahutid. Nii on... Las\u012bt vair\u0101k","og_url":"https:\/\/jaaaeg.ee\/lv\/naitused\/miks-jaakarud-pingviine-ei-soo\/","og_site_name":"J\u00e4\u00e4aja Keskus","article_publisher":"https:\/\/www.facebook.com\/JaaajaKeskus\/","article_modified_time":"2024-10-10T10:32:33+00:00","og_image":[{"width":1920,"height":2560,"url":"https:\/\/jaaaeg.ee\/wp-content\/uploads\/2024\/01\/20230818_164159-scaled.jpg","type":"image\/jpeg"}],"twitter_card":"summary_large_image","twitter_misc":{"Est. reading time":"1 minute"},"schema":{"@context":"https:\/\/schema.org","@graph":[{"@type":"WebPage","@id":"https:\/\/jaaaeg.ee\/lv\/naitused\/miks-jaakarud-pingviine-ei-soo\/","url":"https:\/\/jaaaeg.ee\/lv\/naitused\/miks-jaakarud-pingviine-ei-soo\/","name":"Miks j\u00e4\u00e4karud pingviine ei s\u00f6\u00f6? - J\u00e4\u00e4aja Keskus","isPartOf":{"@id":"https:\/\/jaaaeg.ee\/ru\/#website"},"primaryImageOfPage":{"@id":"https:\/\/jaaaeg.ee\/lv\/naitused\/miks-jaakarud-pingviine-ei-soo\/#primaryimage"},"image":{"@id":"https:\/\/jaaaeg.ee\/lv\/naitused\/miks-jaakarud-pingviine-ei-soo\/#primaryimage"},"thumbnailUrl":"https:\/\/jaaaeg.ee\/wp-content\/uploads\/2024\/01\/20230818_164159-scaled.jpg","datePublished":"2024-02-14T11:59:56+00:00","dateModified":"2024-10-10T10:32:33+00:00","breadcrumb":{"@id":"https:\/\/jaaaeg.ee\/lv\/naitused\/miks-jaakarud-pingviine-ei-soo\/#breadcrumb"},"inLanguage":"lv-LV","potentialAction":[{"@type":"ReadAction","target":["https:\/\/jaaaeg.ee\/lv\/naitused\/miks-jaakarud-pingviine-ei-soo\/"]}]},{"@type":"ImageObject","inLanguage":"lv-LV","@id":"https:\/\/jaaaeg.ee\/lv\/naitused\/miks-jaakarud-pingviine-ei-soo\/#primaryimage","url":"https:\/\/jaaaeg.ee\/wp-content\/uploads\/2024\/01\/20230818_164159-scaled.jpg","contentUrl":"https:\/\/jaaaeg.ee\/wp-content\/uploads\/2024\/01\/20230818_164159-scaled.jpg","width":1920,"height":2560,"caption":"20230818 164159 scaled"},{"@type":"BreadcrumbList","@id":"https:\/\/jaaaeg.ee\/lv\/naitused\/miks-jaakarud-pingviine-ei-soo\/#breadcrumb","itemListElement":[{"@type":"ListItem","position":1,"name":"Home","item":"https:\/\/jaaaeg.ee\/lv\/"},{"@type":"ListItem","position":2,"name":"Izst\u0101des","item":"https:\/\/jaaaeg.ee\/lv\/naitused\/"},{"@type":"ListItem","position":3,"name":"Miks j\u00e4\u00e4karud pingviine ei s\u00f6\u00f6?"}]},{"@type":"WebSite","@id":"https:\/\/jaaaeg.ee\/ru\/#website","url":"https:\/\/jaaaeg.ee\/ru\/","name":"J\u00e4\u00e4aja Keskus","description":"avastamisr\u00f5\u00f5m igas vanuses k\u00fclastajatele","potentialAction":[{"@type":"SearchAction","target":{"@type":"EntryPoint","urlTemplate":"https:\/\/jaaaeg.ee\/ru\/?s={search_term_string}"},"query-input":{"@type":"PropertyValueSpecification","valueRequired":true,"valueName":"search_term_string"}}],"inLanguage":"lv-LV"}]}},"_links":{"self":[{"href":"https:\/\/jaaaeg.ee\/lv\/wp-json\/wp\/v2\/pages\/26375","targetHints":{"allow":["GET"]}}],"collection":[{"href":"https:\/\/jaaaeg.ee\/lv\/wp-json\/wp\/v2\/pages"}],"about":[{"href":"https:\/\/jaaaeg.ee\/lv\/wp-json\/wp\/v2\/types\/page"}],"author":[{"embeddable":true,"href":"https:\/\/jaaaeg.ee\/lv\/wp-json\/wp\/v2\/users\/1"}],"replies":[{"embeddable":true,"href":"https:\/\/jaaaeg.ee\/lv\/wp-json\/wp\/v2\/comments?post=26375"}],"version-history":[{"count":4,"href":"https:\/\/jaaaeg.ee\/lv\/wp-json\/wp\/v2\/pages\/26375\/revisions"}],"predecessor-version":[{"id":28890,"href":"https:\/\/jaaaeg.ee\/lv\/wp-json\/wp\/v2\/pages\/26375\/revisions\/28890"}],"up":[{"embeddable":true,"href":"https:\/\/jaaaeg.ee\/lv\/wp-json\/wp\/v2\/pages\/26838"}],"wp:featuredmedia":[{"embeddable":true,"href":"https:\/\/jaaaeg.ee\/lv\/wp-json\/wp\/v2\/media\/25249"}],"wp:attachment":[{"href":"https:\/\/jaaaeg.ee\/lv\/wp-json\/wp\/v2\/media?parent=26375"}],"curies":[{"name":"wp","href":"https:\/\/api.w.org\/{rel}","templated":true}]}}