{"id":26358,"date":"2024-02-14T14:00:40","date_gmt":"2024-02-14T12:00:40","guid":{"rendered":"https:\/\/jaaaeg.ee\/saali-fotonaitus\/"},"modified":"2024-10-07T11:43:53","modified_gmt":"2024-10-07T08:43:53","slug":"saali-fotonaitus","status":"publish","type":"page","link":"https:\/\/jaaaeg.ee\/lv\/naitused\/saali-fotonaitus\/","title":{"rendered":"Eimar Kull photos"},"content":{"rendered":"<p>A&nbsp; photo exhibition \u201cCarpet People\u201d was open in Ice Age Centre at 2024 May- September. The author of the exhibition is Eimar Kull and the exhibition has been put together by the Estonian Natural History Museum. At the exhibition, you can see brightly colored macro photos of tiny bugs living in nature\u2019s carpet.<\/p>\n<p>We would like to thank the author and the Estonian Natural History Museum.<\/p>\nngg_shortcode_0_placeholder\n","protected":false},"excerpt":{"rendered":"A&nbsp; photo exhibition \u201cCarpet People\u201d was open in Ice Age Centre at 2024 May- September. The author of the exhibition is Eimar Kull and the exhibition has been put together by the Estonian Natural History Museum. At the exhibition, you can see brightly colored macro photos of tiny bugs living in nature\u2019s carpet. We would&#8230; <a class=\"view-article\" href=\"https:\/\/jaaaeg.ee\/lv\/naitused\/saali-fotonaitus\/\">Las\u012bt vair\u0101k<\/a>","protected":false},"author":1,"featured_media":25859,"parent":26838,"menu_order":33,"comment_status":"closed","ping_status":"closed","template":"template-sidebar.php","meta":{"_acf_changed":false,"ngg_post_thumbnail":0,"footnotes":""},"class_list":["post-26358","page","type-page","status-publish","has-post-thumbnail","hentry"],"acf":[],"yoast_head":"<!-- This site is optimized with the Yoast SEO plugin v27.4 - https:\/\/yoast.com\/product\/yoast-seo-wordpress\/ -->\n<title>Eimar Kull photos - J\u00e4\u00e4aja Keskus<\/title>\n<meta name=\"description\" content=\"J\u00e4\u00e4aja Keskuse konverentsisaalis on avatud uus foton\u00e4itus \u201cVaibarahvas\u201d. Konverentsisaalis on v\u00f5imalik s\u00fcndmusteks rentida.\" \/>\n<meta name=\"robots\" content=\"index, follow, max-snippet:-1, max-image-preview:large, max-video-preview:-1\" \/>\n<link rel=\"canonical\" href=\"https:\/\/jaaaeg.ee\/lv\/naitused\/saali-fotonaitus\/\" \/>\n<meta property=\"og:locale\" content=\"lv_LV\" \/>\n<meta property=\"og:type\" content=\"article\" \/>\n<meta property=\"og:title\" content=\"Eimar Kull photos - J\u00e4\u00e4aja Keskus\" \/>\n<meta property=\"og:description\" content=\"J\u00e4\u00e4aja Keskuse konverentsisaalis on avatud uus foton\u00e4itus \u201cVaibarahvas\u201d. Konverentsisaalis on v\u00f5imalik s\u00fcndmusteks rentida.\" \/>\n<meta property=\"og:url\" content=\"https:\/\/jaaaeg.ee\/lv\/naitused\/saali-fotonaitus\/\" \/>\n<meta property=\"og:site_name\" content=\"J\u00e4\u00e4aja Keskus\" \/>\n<meta property=\"article:publisher\" content=\"https:\/\/www.facebook.com\/JaaajaKeskus\/\" \/>\n<meta property=\"article:modified_time\" content=\"2024-10-07T08:43:53+00:00\" \/>\n<meta property=\"og:image\" content=\"https:\/\/jaaaeg.ee\/wp-content\/uploads\/2024\/02\/ROMB-_katrin_koik-variandid-2.jpg\" \/>\n\t<meta property=\"og:image:width\" content=\"400\" \/>\n\t<meta property=\"og:image:height\" content=\"400\" \/>\n\t<meta property=\"og:image:type\" content=\"image\/jpeg\" \/>\n<meta name=\"twitter:card\" content=\"summary_large_image\" \/>\n<meta name=\"twitter:label1\" content=\"Est. reading time\" \/>\n\t<meta name=\"twitter:data1\" content=\"1 minute\" \/>\n<script type=\"application\/ld+json\" class=\"yoast-schema-graph\">{\"@context\":\"https:\\\/\\\/schema.org\",\"@graph\":[{\"@type\":\"WebPage\",\"@id\":\"https:\\\/\\\/jaaaeg.ee\\\/lv\\\/naitused\\\/saali-fotonaitus\\\/\",\"url\":\"https:\\\/\\\/jaaaeg.ee\\\/lv\\\/naitused\\\/saali-fotonaitus\\\/\",\"name\":\"Eimar Kull photos - J\u00e4\u00e4aja Keskus\",\"isPartOf\":{\"@id\":\"https:\\\/\\\/jaaaeg.ee\\\/ru\\\/#website\"},\"primaryImageOfPage\":{\"@id\":\"https:\\\/\\\/jaaaeg.ee\\\/lv\\\/naitused\\\/saali-fotonaitus\\\/#primaryimage\"},\"image\":{\"@id\":\"https:\\\/\\\/jaaaeg.ee\\\/lv\\\/naitused\\\/saali-fotonaitus\\\/#primaryimage\"},\"thumbnailUrl\":\"https:\\\/\\\/jaaaeg.ee\\\/wp-content\\\/uploads\\\/2024\\\/02\\\/ROMB-_katrin_koik-variandid-2.jpg\",\"datePublished\":\"2024-02-14T12:00:40+00:00\",\"dateModified\":\"2024-10-07T08:43:53+00:00\",\"description\":\"J\u00e4\u00e4aja Keskuse konverentsisaalis on avatud uus foton\u00e4itus \u201cVaibarahvas\u201d. Konverentsisaalis on v\u00f5imalik s\u00fcndmusteks rentida.\",\"breadcrumb\":{\"@id\":\"https:\\\/\\\/jaaaeg.ee\\\/lv\\\/naitused\\\/saali-fotonaitus\\\/#breadcrumb\"},\"inLanguage\":\"lv-LV\",\"potentialAction\":[{\"@type\":\"ReadAction\",\"target\":[\"https:\\\/\\\/jaaaeg.ee\\\/lv\\\/naitused\\\/saali-fotonaitus\\\/\"]}]},{\"@type\":\"ImageObject\",\"inLanguage\":\"lv-LV\",\"@id\":\"https:\\\/\\\/jaaaeg.ee\\\/lv\\\/naitused\\\/saali-fotonaitus\\\/#primaryimage\",\"url\":\"https:\\\/\\\/jaaaeg.ee\\\/wp-content\\\/uploads\\\/2024\\\/02\\\/ROMB-_katrin_koik-variandid-2.jpg\",\"contentUrl\":\"https:\\\/\\\/jaaaeg.ee\\\/wp-content\\\/uploads\\\/2024\\\/02\\\/ROMB-_katrin_koik-variandid-2.jpg\",\"width\":400,\"height\":400,\"caption\":\"ROMB katrin koik variandid 2\"},{\"@type\":\"BreadcrumbList\",\"@id\":\"https:\\\/\\\/jaaaeg.ee\\\/lv\\\/naitused\\\/saali-fotonaitus\\\/#breadcrumb\",\"itemListElement\":[{\"@type\":\"ListItem\",\"position\":1,\"name\":\"Home\",\"item\":\"https:\\\/\\\/jaaaeg.ee\\\/lv\\\/\"},{\"@type\":\"ListItem\",\"position\":2,\"name\":\"Izst\u0101des\",\"item\":\"https:\\\/\\\/jaaaeg.ee\\\/lv\\\/naitused\\\/\"},{\"@type\":\"ListItem\",\"position\":3,\"name\":\"Eimar Kull photos\"}]},{\"@type\":\"WebSite\",\"@id\":\"https:\\\/\\\/jaaaeg.ee\\\/ru\\\/#website\",\"url\":\"https:\\\/\\\/jaaaeg.ee\\\/ru\\\/\",\"name\":\"J\u00e4\u00e4aja Keskus\",\"description\":\"avastamisr\u00f5\u00f5m igas vanuses k\u00fclastajatele\",\"potentialAction\":[{\"@type\":\"SearchAction\",\"target\":{\"@type\":\"EntryPoint\",\"urlTemplate\":\"https:\\\/\\\/jaaaeg.ee\\\/ru\\\/?s={search_term_string}\"},\"query-input\":{\"@type\":\"PropertyValueSpecification\",\"valueRequired\":true,\"valueName\":\"search_term_string\"}}],\"inLanguage\":\"lv-LV\"}]}<\/script>\n<!-- \/ Yoast SEO plugin. -->","yoast_head_json":{"title":"Eimar Kull photos - J\u00e4\u00e4aja Keskus","description":"J\u00e4\u00e4aja Keskuse konverentsisaalis on avatud uus foton\u00e4itus \u201cVaibarahvas\u201d. Konverentsisaalis on v\u00f5imalik s\u00fcndmusteks rentida.","robots":{"index":"index","follow":"follow","max-snippet":"max-snippet:-1","max-image-preview":"max-image-preview:large","max-video-preview":"max-video-preview:-1"},"canonical":"https:\/\/jaaaeg.ee\/lv\/naitused\/saali-fotonaitus\/","og_locale":"lv_LV","og_type":"article","og_title":"Eimar Kull photos - J\u00e4\u00e4aja Keskus","og_description":"J\u00e4\u00e4aja Keskuse konverentsisaalis on avatud uus foton\u00e4itus \u201cVaibarahvas\u201d. Konverentsisaalis on v\u00f5imalik s\u00fcndmusteks rentida.","og_url":"https:\/\/jaaaeg.ee\/lv\/naitused\/saali-fotonaitus\/","og_site_name":"J\u00e4\u00e4aja Keskus","article_publisher":"https:\/\/www.facebook.com\/JaaajaKeskus\/","article_modified_time":"2024-10-07T08:43:53+00:00","og_image":[{"width":400,"height":400,"url":"https:\/\/jaaaeg.ee\/wp-content\/uploads\/2024\/02\/ROMB-_katrin_koik-variandid-2.jpg","type":"image\/jpeg"}],"twitter_card":"summary_large_image","twitter_misc":{"Est. reading time":"1 minute"},"schema":{"@context":"https:\/\/schema.org","@graph":[{"@type":"WebPage","@id":"https:\/\/jaaaeg.ee\/lv\/naitused\/saali-fotonaitus\/","url":"https:\/\/jaaaeg.ee\/lv\/naitused\/saali-fotonaitus\/","name":"Eimar Kull photos - J\u00e4\u00e4aja Keskus","isPartOf":{"@id":"https:\/\/jaaaeg.ee\/ru\/#website"},"primaryImageOfPage":{"@id":"https:\/\/jaaaeg.ee\/lv\/naitused\/saali-fotonaitus\/#primaryimage"},"image":{"@id":"https:\/\/jaaaeg.ee\/lv\/naitused\/saali-fotonaitus\/#primaryimage"},"thumbnailUrl":"https:\/\/jaaaeg.ee\/wp-content\/uploads\/2024\/02\/ROMB-_katrin_koik-variandid-2.jpg","datePublished":"2024-02-14T12:00:40+00:00","dateModified":"2024-10-07T08:43:53+00:00","description":"J\u00e4\u00e4aja Keskuse konverentsisaalis on avatud uus foton\u00e4itus \u201cVaibarahvas\u201d. Konverentsisaalis on v\u00f5imalik s\u00fcndmusteks rentida.","breadcrumb":{"@id":"https:\/\/jaaaeg.ee\/lv\/naitused\/saali-fotonaitus\/#breadcrumb"},"inLanguage":"lv-LV","potentialAction":[{"@type":"ReadAction","target":["https:\/\/jaaaeg.ee\/lv\/naitused\/saali-fotonaitus\/"]}]},{"@type":"ImageObject","inLanguage":"lv-LV","@id":"https:\/\/jaaaeg.ee\/lv\/naitused\/saali-fotonaitus\/#primaryimage","url":"https:\/\/jaaaeg.ee\/wp-content\/uploads\/2024\/02\/ROMB-_katrin_koik-variandid-2.jpg","contentUrl":"https:\/\/jaaaeg.ee\/wp-content\/uploads\/2024\/02\/ROMB-_katrin_koik-variandid-2.jpg","width":400,"height":400,"caption":"ROMB katrin koik variandid 2"},{"@type":"BreadcrumbList","@id":"https:\/\/jaaaeg.ee\/lv\/naitused\/saali-fotonaitus\/#breadcrumb","itemListElement":[{"@type":"ListItem","position":1,"name":"Home","item":"https:\/\/jaaaeg.ee\/lv\/"},{"@type":"ListItem","position":2,"name":"Izst\u0101des","item":"https:\/\/jaaaeg.ee\/lv\/naitused\/"},{"@type":"ListItem","position":3,"name":"Eimar Kull photos"}]},{"@type":"WebSite","@id":"https:\/\/jaaaeg.ee\/ru\/#website","url":"https:\/\/jaaaeg.ee\/ru\/","name":"J\u00e4\u00e4aja Keskus","description":"avastamisr\u00f5\u00f5m igas vanuses k\u00fclastajatele","potentialAction":[{"@type":"SearchAction","target":{"@type":"EntryPoint","urlTemplate":"https:\/\/jaaaeg.ee\/ru\/?s={search_term_string}"},"query-input":{"@type":"PropertyValueSpecification","valueRequired":true,"valueName":"search_term_string"}}],"inLanguage":"lv-LV"}]}},"_links":{"self":[{"href":"https:\/\/jaaaeg.ee\/lv\/wp-json\/wp\/v2\/pages\/26358","targetHints":{"allow":["GET"]}}],"collection":[{"href":"https:\/\/jaaaeg.ee\/lv\/wp-json\/wp\/v2\/pages"}],"about":[{"href":"https:\/\/jaaaeg.ee\/lv\/wp-json\/wp\/v2\/types\/page"}],"author":[{"embeddable":true,"href":"https:\/\/jaaaeg.ee\/lv\/wp-json\/wp\/v2\/users\/1"}],"replies":[{"embeddable":true,"href":"https:\/\/jaaaeg.ee\/lv\/wp-json\/wp\/v2\/comments?post=26358"}],"version-history":[{"count":5,"href":"https:\/\/jaaaeg.ee\/lv\/wp-json\/wp\/v2\/pages\/26358\/revisions"}],"predecessor-version":[{"id":28811,"href":"https:\/\/jaaaeg.ee\/lv\/wp-json\/wp\/v2\/pages\/26358\/revisions\/28811"}],"up":[{"embeddable":true,"href":"https:\/\/jaaaeg.ee\/lv\/wp-json\/wp\/v2\/pages\/26838"}],"wp:featuredmedia":[{"embeddable":true,"href":"https:\/\/jaaaeg.ee\/lv\/wp-json\/wp\/v2\/media\/25859"}],"wp:attachment":[{"href":"https:\/\/jaaaeg.ee\/lv\/wp-json\/wp\/v2\/media?parent=26358"}],"curies":[{"name":"wp","href":"https:\/\/api.w.org\/{rel}","templated":true}]}}