{"id":24935,"date":"2023-11-29T10:08:10","date_gmt":"2023-11-29T08:08:10","guid":{"rendered":"https:\/\/jaaaeg.ee\/audiogiidid\/3-mis-on-jaaaeg\/"},"modified":"2023-11-29T10:08:46","modified_gmt":"2023-11-29T08:08:46","slug":"3-mis-on-jaaaeg","status":"publish","type":"page","link":"https:\/\/jaaaeg.ee\/lv\/audiogiidid\/3-mis-on-jaaaeg\/","title":{"rendered":"3. Mis on j\u00e4\u00e4aeg"},"content":{"rendered":"<audio class=\"wp-audio-shortcode\" id=\"audio-24935-1\" preload=\"none\" style=\"width: 100%;\" controls=\"controls\"><source type=\"audio\/wav\" src=\"https:\/\/jaaaeg.ee\/wp-content\/uploads\/2023\/11\/3.Mis-on-jaaaeg_.wav?_=1\" \/><a href=\"https:\/\/jaaaeg.ee\/wp-content\/uploads\/2023\/11\/3.Mis-on-jaaaeg_.wav\">https:\/\/jaaaeg.ee\/wp-content\/uploads\/2023\/11\/3.Mis-on-jaaaeg_.wav<\/a><\/audio>\n","protected":false},"excerpt":{"rendered":"","protected":false},"author":1,"featured_media":0,"parent":24134,"menu_order":114,"comment_status":"closed","ping_status":"closed","template":"","meta":{"_acf_changed":false,"ngg_post_thumbnail":0,"footnotes":""},"class_list":["post-24935","page","type-page","status-publish","hentry"],"acf":[],"yoast_head":"<!-- This site is optimized with the Yoast SEO plugin v27.3 - https:\/\/yoast.com\/product\/yoast-seo-wordpress\/ -->\n<title>3. Mis on j\u00e4\u00e4aeg - J\u00e4\u00e4aja Keskus<\/title>\n<meta name=\"robots\" content=\"index, follow, max-snippet:-1, max-image-preview:large, max-video-preview:-1\" \/>\n<link rel=\"canonical\" href=\"https:\/\/jaaaeg.ee\/lv\/audiogiidid\/3-mis-on-jaaaeg\/\" \/>\n<meta property=\"og:locale\" content=\"lv_LV\" \/>\n<meta property=\"og:type\" content=\"article\" \/>\n<meta property=\"og:title\" content=\"3. Mis on j\u00e4\u00e4aeg - J\u00e4\u00e4aja Keskus\" \/>\n<meta property=\"og:url\" content=\"https:\/\/jaaaeg.ee\/lv\/audiogiidid\/3-mis-on-jaaaeg\/\" \/>\n<meta property=\"og:site_name\" content=\"J\u00e4\u00e4aja Keskus\" \/>\n<meta property=\"article:publisher\" content=\"https:\/\/www.facebook.com\/JaaajaKeskus\/\" \/>\n<meta property=\"article:modified_time\" content=\"2023-11-29T08:08:46+00:00\" \/>\n<meta name=\"twitter:card\" content=\"summary_large_image\" \/>\n<script type=\"application\/ld+json\" class=\"yoast-schema-graph\">{\"@context\":\"https:\\\/\\\/schema.org\",\"@graph\":[{\"@type\":\"WebPage\",\"@id\":\"https:\\\/\\\/jaaaeg.ee\\\/lv\\\/audiogiidid\\\/3-mis-on-jaaaeg\\\/\",\"url\":\"https:\\\/\\\/jaaaeg.ee\\\/lv\\\/audiogiidid\\\/3-mis-on-jaaaeg\\\/\",\"name\":\"3. Mis on j\u00e4\u00e4aeg - J\u00e4\u00e4aja Keskus\",\"isPartOf\":{\"@id\":\"https:\\\/\\\/jaaaeg.ee\\\/ru\\\/#website\"},\"datePublished\":\"2023-11-29T08:08:10+00:00\",\"dateModified\":\"2023-11-29T08:08:46+00:00\",\"breadcrumb\":{\"@id\":\"https:\\\/\\\/jaaaeg.ee\\\/lv\\\/audiogiidid\\\/3-mis-on-jaaaeg\\\/#breadcrumb\"},\"inLanguage\":\"lv-LV\",\"potentialAction\":[{\"@type\":\"ReadAction\",\"target\":[\"https:\\\/\\\/jaaaeg.ee\\\/lv\\\/audiogiidid\\\/3-mis-on-jaaaeg\\\/\"]}]},{\"@type\":\"BreadcrumbList\",\"@id\":\"https:\\\/\\\/jaaaeg.ee\\\/lv\\\/audiogiidid\\\/3-mis-on-jaaaeg\\\/#breadcrumb\",\"itemListElement\":[{\"@type\":\"ListItem\",\"position\":1,\"name\":\"Home\",\"item\":\"https:\\\/\\\/jaaaeg.ee\\\/lv\\\/\"},{\"@type\":\"ListItem\",\"position\":2,\"name\":\"Audiogids\",\"item\":\"https:\\\/\\\/jaaaeg.ee\\\/lv\\\/audiogiidid\\\/\"},{\"@type\":\"ListItem\",\"position\":3,\"name\":\"3. Mis on j\u00e4\u00e4aeg\"}]},{\"@type\":\"WebSite\",\"@id\":\"https:\\\/\\\/jaaaeg.ee\\\/ru\\\/#website\",\"url\":\"https:\\\/\\\/jaaaeg.ee\\\/ru\\\/\",\"name\":\"J\u00e4\u00e4aja Keskus\",\"description\":\"avastamisr\u00f5\u00f5m igas vanuses k\u00fclastajatele\",\"potentialAction\":[{\"@type\":\"SearchAction\",\"target\":{\"@type\":\"EntryPoint\",\"urlTemplate\":\"https:\\\/\\\/jaaaeg.ee\\\/ru\\\/?s={search_term_string}\"},\"query-input\":{\"@type\":\"PropertyValueSpecification\",\"valueRequired\":true,\"valueName\":\"search_term_string\"}}],\"inLanguage\":\"lv-LV\"}]}<\/script>\n<!-- \/ Yoast SEO plugin. -->","yoast_head_json":{"title":"3. Mis on j\u00e4\u00e4aeg - J\u00e4\u00e4aja Keskus","robots":{"index":"index","follow":"follow","max-snippet":"max-snippet:-1","max-image-preview":"max-image-preview:large","max-video-preview":"max-video-preview:-1"},"canonical":"https:\/\/jaaaeg.ee\/lv\/audiogiidid\/3-mis-on-jaaaeg\/","og_locale":"lv_LV","og_type":"article","og_title":"3. Mis on j\u00e4\u00e4aeg - J\u00e4\u00e4aja Keskus","og_url":"https:\/\/jaaaeg.ee\/lv\/audiogiidid\/3-mis-on-jaaaeg\/","og_site_name":"J\u00e4\u00e4aja Keskus","article_publisher":"https:\/\/www.facebook.com\/JaaajaKeskus\/","article_modified_time":"2023-11-29T08:08:46+00:00","twitter_card":"summary_large_image","schema":{"@context":"https:\/\/schema.org","@graph":[{"@type":"WebPage","@id":"https:\/\/jaaaeg.ee\/lv\/audiogiidid\/3-mis-on-jaaaeg\/","url":"https:\/\/jaaaeg.ee\/lv\/audiogiidid\/3-mis-on-jaaaeg\/","name":"3. Mis on j\u00e4\u00e4aeg - J\u00e4\u00e4aja Keskus","isPartOf":{"@id":"https:\/\/jaaaeg.ee\/ru\/#website"},"datePublished":"2023-11-29T08:08:10+00:00","dateModified":"2023-11-29T08:08:46+00:00","breadcrumb":{"@id":"https:\/\/jaaaeg.ee\/lv\/audiogiidid\/3-mis-on-jaaaeg\/#breadcrumb"},"inLanguage":"lv-LV","potentialAction":[{"@type":"ReadAction","target":["https:\/\/jaaaeg.ee\/lv\/audiogiidid\/3-mis-on-jaaaeg\/"]}]},{"@type":"BreadcrumbList","@id":"https:\/\/jaaaeg.ee\/lv\/audiogiidid\/3-mis-on-jaaaeg\/#breadcrumb","itemListElement":[{"@type":"ListItem","position":1,"name":"Home","item":"https:\/\/jaaaeg.ee\/lv\/"},{"@type":"ListItem","position":2,"name":"Audiogids","item":"https:\/\/jaaaeg.ee\/lv\/audiogiidid\/"},{"@type":"ListItem","position":3,"name":"3. Mis on j\u00e4\u00e4aeg"}]},{"@type":"WebSite","@id":"https:\/\/jaaaeg.ee\/ru\/#website","url":"https:\/\/jaaaeg.ee\/ru\/","name":"J\u00e4\u00e4aja Keskus","description":"avastamisr\u00f5\u00f5m igas vanuses k\u00fclastajatele","potentialAction":[{"@type":"SearchAction","target":{"@type":"EntryPoint","urlTemplate":"https:\/\/jaaaeg.ee\/ru\/?s={search_term_string}"},"query-input":{"@type":"PropertyValueSpecification","valueRequired":true,"valueName":"search_term_string"}}],"inLanguage":"lv-LV"}]}},"_links":{"self":[{"href":"https:\/\/jaaaeg.ee\/lv\/wp-json\/wp\/v2\/pages\/24935","targetHints":{"allow":["GET"]}}],"collection":[{"href":"https:\/\/jaaaeg.ee\/lv\/wp-json\/wp\/v2\/pages"}],"about":[{"href":"https:\/\/jaaaeg.ee\/lv\/wp-json\/wp\/v2\/types\/page"}],"author":[{"embeddable":true,"href":"https:\/\/jaaaeg.ee\/lv\/wp-json\/wp\/v2\/users\/1"}],"replies":[{"embeddable":true,"href":"https:\/\/jaaaeg.ee\/lv\/wp-json\/wp\/v2\/comments?post=24935"}],"version-history":[{"count":1,"href":"https:\/\/jaaaeg.ee\/lv\/wp-json\/wp\/v2\/pages\/24935\/revisions"}],"predecessor-version":[{"id":24939,"href":"https:\/\/jaaaeg.ee\/lv\/wp-json\/wp\/v2\/pages\/24935\/revisions\/24939"}],"up":[{"embeddable":true,"href":"https:\/\/jaaaeg.ee\/lv\/wp-json\/wp\/v2\/pages\/24134"}],"wp:attachment":[{"href":"https:\/\/jaaaeg.ee\/lv\/wp-json\/wp\/v2\/media?parent=24935"}],"curies":[{"name":"wp","href":"https:\/\/api.w.org\/{rel}","templated":true}]}}