{"id":24905,"date":"2023-11-21T12:46:43","date_gmt":"2023-11-21T10:46:43","guid":{"rendered":"https:\/\/jaaaeg.ee\/audiogiidid\/1-kui-suur-oli-mammut\/"},"modified":"2023-11-21T12:46:43","modified_gmt":"2023-11-21T10:46:43","slug":"1-kui-suur-oli-mammut","status":"publish","type":"page","link":"https:\/\/jaaaeg.ee\/lv\/audiogiidid\/1-kui-suur-oli-mammut\/","title":{"rendered":"1. Kui suur oli mammut"},"content":{"rendered":"<audio class=\"wp-audio-shortcode\" id=\"audio-24905-1\" preload=\"none\" style=\"width: 100%;\" controls=\"controls\"><source type=\"audio\/wav\" src=\"https:\/\/jaaaeg.ee\/wp-content\/uploads\/2023\/11\/1.Kui-suur-oli-mammut_.wav?_=1\" \/><a href=\"https:\/\/jaaaeg.ee\/wp-content\/uploads\/2023\/11\/1.Kui-suur-oli-mammut_.wav\">https:\/\/jaaaeg.ee\/wp-content\/uploads\/2023\/11\/1.Kui-suur-oli-mammut_.wav<\/a><\/audio>\n","protected":false},"excerpt":{"rendered":"","protected":false},"author":1,"featured_media":0,"parent":24134,"menu_order":132,"comment_status":"closed","ping_status":"closed","template":"","meta":{"_acf_changed":false,"ngg_post_thumbnail":0,"footnotes":""},"class_list":["post-24905","page","type-page","status-publish","hentry"],"acf":[],"yoast_head":"<!-- This site is optimized with the Yoast SEO plugin v27.3 - https:\/\/yoast.com\/product\/yoast-seo-wordpress\/ -->\n<title>1. Kui suur oli mammut - J\u00e4\u00e4aja Keskus<\/title>\n<meta name=\"robots\" content=\"index, follow, max-snippet:-1, max-image-preview:large, max-video-preview:-1\" \/>\n<link rel=\"canonical\" href=\"https:\/\/jaaaeg.ee\/lv\/audiogiidid\/1-kui-suur-oli-mammut\/\" \/>\n<meta property=\"og:locale\" content=\"lv_LV\" \/>\n<meta property=\"og:type\" content=\"article\" \/>\n<meta property=\"og:title\" content=\"1. Kui suur oli mammut - J\u00e4\u00e4aja Keskus\" \/>\n<meta property=\"og:url\" content=\"https:\/\/jaaaeg.ee\/lv\/audiogiidid\/1-kui-suur-oli-mammut\/\" \/>\n<meta property=\"og:site_name\" content=\"J\u00e4\u00e4aja Keskus\" \/>\n<meta property=\"article:publisher\" content=\"https:\/\/www.facebook.com\/JaaajaKeskus\/\" \/>\n<meta name=\"twitter:card\" content=\"summary_large_image\" \/>\n<script type=\"application\/ld+json\" class=\"yoast-schema-graph\">{\"@context\":\"https:\\\/\\\/schema.org\",\"@graph\":[{\"@type\":\"WebPage\",\"@id\":\"https:\\\/\\\/jaaaeg.ee\\\/lv\\\/audiogiidid\\\/1-kui-suur-oli-mammut\\\/\",\"url\":\"https:\\\/\\\/jaaaeg.ee\\\/lv\\\/audiogiidid\\\/1-kui-suur-oli-mammut\\\/\",\"name\":\"1. Kui suur oli mammut - J\u00e4\u00e4aja Keskus\",\"isPartOf\":{\"@id\":\"https:\\\/\\\/jaaaeg.ee\\\/ru\\\/#website\"},\"datePublished\":\"2023-11-21T10:46:43+00:00\",\"breadcrumb\":{\"@id\":\"https:\\\/\\\/jaaaeg.ee\\\/lv\\\/audiogiidid\\\/1-kui-suur-oli-mammut\\\/#breadcrumb\"},\"inLanguage\":\"lv-LV\",\"potentialAction\":[{\"@type\":\"ReadAction\",\"target\":[\"https:\\\/\\\/jaaaeg.ee\\\/lv\\\/audiogiidid\\\/1-kui-suur-oli-mammut\\\/\"]}]},{\"@type\":\"BreadcrumbList\",\"@id\":\"https:\\\/\\\/jaaaeg.ee\\\/lv\\\/audiogiidid\\\/1-kui-suur-oli-mammut\\\/#breadcrumb\",\"itemListElement\":[{\"@type\":\"ListItem\",\"position\":1,\"name\":\"Home\",\"item\":\"https:\\\/\\\/jaaaeg.ee\\\/lv\\\/\"},{\"@type\":\"ListItem\",\"position\":2,\"name\":\"Audiogids\",\"item\":\"https:\\\/\\\/jaaaeg.ee\\\/lv\\\/audiogiidid\\\/\"},{\"@type\":\"ListItem\",\"position\":3,\"name\":\"1. Kui suur oli mammut\"}]},{\"@type\":\"WebSite\",\"@id\":\"https:\\\/\\\/jaaaeg.ee\\\/ru\\\/#website\",\"url\":\"https:\\\/\\\/jaaaeg.ee\\\/ru\\\/\",\"name\":\"J\u00e4\u00e4aja Keskus\",\"description\":\"avastamisr\u00f5\u00f5m igas vanuses k\u00fclastajatele\",\"potentialAction\":[{\"@type\":\"SearchAction\",\"target\":{\"@type\":\"EntryPoint\",\"urlTemplate\":\"https:\\\/\\\/jaaaeg.ee\\\/ru\\\/?s={search_term_string}\"},\"query-input\":{\"@type\":\"PropertyValueSpecification\",\"valueRequired\":true,\"valueName\":\"search_term_string\"}}],\"inLanguage\":\"lv-LV\"}]}<\/script>\n<!-- \/ Yoast SEO plugin. -->","yoast_head_json":{"title":"1. Kui suur oli mammut - J\u00e4\u00e4aja Keskus","robots":{"index":"index","follow":"follow","max-snippet":"max-snippet:-1","max-image-preview":"max-image-preview:large","max-video-preview":"max-video-preview:-1"},"canonical":"https:\/\/jaaaeg.ee\/lv\/audiogiidid\/1-kui-suur-oli-mammut\/","og_locale":"lv_LV","og_type":"article","og_title":"1. Kui suur oli mammut - J\u00e4\u00e4aja Keskus","og_url":"https:\/\/jaaaeg.ee\/lv\/audiogiidid\/1-kui-suur-oli-mammut\/","og_site_name":"J\u00e4\u00e4aja Keskus","article_publisher":"https:\/\/www.facebook.com\/JaaajaKeskus\/","twitter_card":"summary_large_image","schema":{"@context":"https:\/\/schema.org","@graph":[{"@type":"WebPage","@id":"https:\/\/jaaaeg.ee\/lv\/audiogiidid\/1-kui-suur-oli-mammut\/","url":"https:\/\/jaaaeg.ee\/lv\/audiogiidid\/1-kui-suur-oli-mammut\/","name":"1. Kui suur oli mammut - J\u00e4\u00e4aja Keskus","isPartOf":{"@id":"https:\/\/jaaaeg.ee\/ru\/#website"},"datePublished":"2023-11-21T10:46:43+00:00","breadcrumb":{"@id":"https:\/\/jaaaeg.ee\/lv\/audiogiidid\/1-kui-suur-oli-mammut\/#breadcrumb"},"inLanguage":"lv-LV","potentialAction":[{"@type":"ReadAction","target":["https:\/\/jaaaeg.ee\/lv\/audiogiidid\/1-kui-suur-oli-mammut\/"]}]},{"@type":"BreadcrumbList","@id":"https:\/\/jaaaeg.ee\/lv\/audiogiidid\/1-kui-suur-oli-mammut\/#breadcrumb","itemListElement":[{"@type":"ListItem","position":1,"name":"Home","item":"https:\/\/jaaaeg.ee\/lv\/"},{"@type":"ListItem","position":2,"name":"Audiogids","item":"https:\/\/jaaaeg.ee\/lv\/audiogiidid\/"},{"@type":"ListItem","position":3,"name":"1. Kui suur oli mammut"}]},{"@type":"WebSite","@id":"https:\/\/jaaaeg.ee\/ru\/#website","url":"https:\/\/jaaaeg.ee\/ru\/","name":"J\u00e4\u00e4aja Keskus","description":"avastamisr\u00f5\u00f5m igas vanuses k\u00fclastajatele","potentialAction":[{"@type":"SearchAction","target":{"@type":"EntryPoint","urlTemplate":"https:\/\/jaaaeg.ee\/ru\/?s={search_term_string}"},"query-input":{"@type":"PropertyValueSpecification","valueRequired":true,"valueName":"search_term_string"}}],"inLanguage":"lv-LV"}]}},"_links":{"self":[{"href":"https:\/\/jaaaeg.ee\/lv\/wp-json\/wp\/v2\/pages\/24905","targetHints":{"allow":["GET"]}}],"collection":[{"href":"https:\/\/jaaaeg.ee\/lv\/wp-json\/wp\/v2\/pages"}],"about":[{"href":"https:\/\/jaaaeg.ee\/lv\/wp-json\/wp\/v2\/types\/page"}],"author":[{"embeddable":true,"href":"https:\/\/jaaaeg.ee\/lv\/wp-json\/wp\/v2\/users\/1"}],"replies":[{"embeddable":true,"href":"https:\/\/jaaaeg.ee\/lv\/wp-json\/wp\/v2\/comments?post=24905"}],"version-history":[{"count":0,"href":"https:\/\/jaaaeg.ee\/lv\/wp-json\/wp\/v2\/pages\/24905\/revisions"}],"up":[{"embeddable":true,"href":"https:\/\/jaaaeg.ee\/lv\/wp-json\/wp\/v2\/pages\/24134"}],"wp:attachment":[{"href":"https:\/\/jaaaeg.ee\/lv\/wp-json\/wp\/v2\/media?parent=24905"}],"curies":[{"name":"wp","href":"https:\/\/api.w.org\/{rel}","templated":true}]}}