{"id":24689,"date":"2023-11-17T12:09:54","date_gmt":"2023-11-17T10:09:54","guid":{"rendered":"https:\/\/jaaaeg.ee\/audiogiidid\/15-liustike-liikumine\/"},"modified":"2023-11-17T12:09:54","modified_gmt":"2023-11-17T10:09:54","slug":"15-liustike-liikumine","status":"publish","type":"page","link":"https:\/\/jaaaeg.ee\/lv\/audiogiidid\/15-liustike-liikumine\/","title":{"rendered":"15. LIUSTIKE LIIKUMINE"},"content":{"rendered":"<hr>\n<h3>LIUSTIKE LIIKUMINE<br \/>\n<img loading=\"lazy\" decoding=\"async\" width=\"150\" height=\"150\" class=\"alignright size-thumbnail wp-image-23992\" src=\"https:\/\/jaaaeg.ee\/wp-content\/uploads\/2023\/11\/estonia-150x150.png\" alt=\"\" data-wp-editing=\"1\" srcset=\"https:\/\/jaaaeg.ee\/wp-content\/uploads\/2023\/11\/estonia-150x150.png 150w, https:\/\/jaaaeg.ee\/wp-content\/uploads\/2023\/11\/estonia-300x300.png 300w, https:\/\/jaaaeg.ee\/wp-content\/uploads\/2023\/11\/estonia-120x120.png 120w, https:\/\/jaaaeg.ee\/wp-content\/uploads\/2023\/11\/estonia-320x320.png 320w, https:\/\/jaaaeg.ee\/wp-content\/uploads\/2023\/11\/estonia-480x480.png 480w, https:\/\/jaaaeg.ee\/wp-content\/uploads\/2023\/11\/estonia-100x100.png 100w, https:\/\/jaaaeg.ee\/wp-content\/uploads\/2023\/11\/estonia.png 512w\" sizes=\"auto, (max-width: 150px) 100vw, 150px\" \/><\/h3>\n<audio class=\"wp-audio-shortcode\" id=\"audio-24689-1\" preload=\"none\" style=\"width: 100%;\" controls=\"controls\"><source type=\"audio\/wav\" src=\"https:\/\/jaaaeg.ee\/wp-content\/uploads\/2023\/11\/15.-LIUSTIKE-LIIKUMINE.wav?_=1\" \/><a href=\"https:\/\/jaaaeg.ee\/wp-content\/uploads\/2023\/11\/15.-LIUSTIKE-LIIKUMINE.wav\">https:\/\/jaaaeg.ee\/wp-content\/uploads\/2023\/11\/15.-LIUSTIKE-LIIKUMINE.wav<\/a><\/audio>\n<hr>\n<h3>Glacier movement<br \/>\n<img loading=\"lazy\" decoding=\"async\" width=\"150\" height=\"150\" class=\"alignright size-thumbnail wp-image-24007\" src=\"https:\/\/jaaaeg.ee\/wp-content\/uploads\/2023\/11\/united-kingdom-150x150.png\" alt=\"\" srcset=\"https:\/\/jaaaeg.ee\/wp-content\/uploads\/2023\/11\/united-kingdom-150x150.png 150w, https:\/\/jaaaeg.ee\/wp-content\/uploads\/2023\/11\/united-kingdom-300x300.png 300w, https:\/\/jaaaeg.ee\/wp-content\/uploads\/2023\/11\/united-kingdom-120x120.png 120w, https:\/\/jaaaeg.ee\/wp-content\/uploads\/2023\/11\/united-kingdom-320x320.png 320w, https:\/\/jaaaeg.ee\/wp-content\/uploads\/2023\/11\/united-kingdom-480x480.png 480w, https:\/\/jaaaeg.ee\/wp-content\/uploads\/2023\/11\/united-kingdom-100x100.png 100w, https:\/\/jaaaeg.ee\/wp-content\/uploads\/2023\/11\/united-kingdom.png 512w\" sizes=\"auto, (max-width: 150px) 100vw, 150px\" \/><\/h3>\n<audio class=\"wp-audio-shortcode\" id=\"audio-24689-2\" preload=\"none\" style=\"width: 100%;\" controls=\"controls\"><source type=\"audio\/wav\" src=\"https:\/\/jaaaeg.ee\/wp-content\/uploads\/2023\/11\/15_glaciermovement.wav?_=2\" \/><a href=\"https:\/\/jaaaeg.ee\/wp-content\/uploads\/2023\/11\/15_glaciermovement.wav\">https:\/\/jaaaeg.ee\/wp-content\/uploads\/2023\/11\/15_glaciermovement.wav<\/a><\/audio>\n<hr>\n<h3>LED\u0100JU P\u0100RVIETO\u0160AN\u0100S<br \/>\n<img loading=\"lazy\" decoding=\"async\" width=\"150\" height=\"150\" class=\"alignright size-thumbnail wp-image-24002\" src=\"https:\/\/jaaaeg.ee\/wp-content\/uploads\/2023\/11\/latvia-150x150.png\" alt=\"\" srcset=\"https:\/\/jaaaeg.ee\/wp-content\/uploads\/2023\/11\/latvia-150x150.png 150w, https:\/\/jaaaeg.ee\/wp-content\/uploads\/2023\/11\/latvia-300x300.png 300w, https:\/\/jaaaeg.ee\/wp-content\/uploads\/2023\/11\/latvia-120x120.png 120w, https:\/\/jaaaeg.ee\/wp-content\/uploads\/2023\/11\/latvia-320x320.png 320w, https:\/\/jaaaeg.ee\/wp-content\/uploads\/2023\/11\/latvia-480x480.png 480w, https:\/\/jaaaeg.ee\/wp-content\/uploads\/2023\/11\/latvia-100x100.png 100w, https:\/\/jaaaeg.ee\/wp-content\/uploads\/2023\/11\/latvia.png 512w\" sizes=\"auto, (max-width: 150px) 100vw, 150px\" \/><\/h3>\n<audio class=\"wp-audio-shortcode\" id=\"audio-24689-3\" preload=\"none\" style=\"width: 100%;\" controls=\"controls\"><source type=\"audio\/wav\" src=\"https:\/\/jaaaeg.ee\/wp-content\/uploads\/2023\/11\/15_LEDAJU-PARVIETOSANAS.wav?_=3\" \/><a href=\"https:\/\/jaaaeg.ee\/wp-content\/uploads\/2023\/11\/15_LEDAJU-PARVIETOSANAS.wav\">https:\/\/jaaaeg.ee\/wp-content\/uploads\/2023\/11\/15_LEDAJU-PARVIETOSANAS.wav<\/a><\/audio>\n<hr>\n<h3>\u0414\u0412\u0418\u0416\u0415\u041d\u0418\u0415 \u041b\u0415\u0414\u041d\u0418\u041a\u041e\u0412<br \/>\n<img loading=\"lazy\" decoding=\"async\" width=\"150\" height=\"150\" class=\"alignright size-thumbnail wp-image-23997\" src=\"https:\/\/jaaaeg.ee\/wp-content\/uploads\/2023\/11\/russia-150x150.png\" alt=\"\" srcset=\"https:\/\/jaaaeg.ee\/wp-content\/uploads\/2023\/11\/russia-150x150.png 150w, https:\/\/jaaaeg.ee\/wp-content\/uploads\/2023\/11\/russia-300x300.png 300w, https:\/\/jaaaeg.ee\/wp-content\/uploads\/2023\/11\/russia-120x120.png 120w, https:\/\/jaaaeg.ee\/wp-content\/uploads\/2023\/11\/russia-320x320.png 320w, https:\/\/jaaaeg.ee\/wp-content\/uploads\/2023\/11\/russia-480x480.png 480w, https:\/\/jaaaeg.ee\/wp-content\/uploads\/2023\/11\/russia-100x100.png 100w, https:\/\/jaaaeg.ee\/wp-content\/uploads\/2023\/11\/russia.png 512w\" sizes=\"auto, (max-width: 150px) 100vw, 150px\" \/><\/h3>\n<audio class=\"wp-audio-shortcode\" id=\"audio-24689-4\" preload=\"none\" style=\"width: 100%;\" controls=\"controls\"><source type=\"audio\/wav\" src=\"https:\/\/jaaaeg.ee\/wp-content\/uploads\/2023\/11\/15.DVIZhENIE-LEDNIKOV.wav?_=4\" \/><a href=\"https:\/\/jaaaeg.ee\/wp-content\/uploads\/2023\/11\/15.DVIZhENIE-LEDNIKOV.wav\">https:\/\/jaaaeg.ee\/wp-content\/uploads\/2023\/11\/15.DVIZhENIE-LEDNIKOV.wav<\/a><\/audio>\n<p>&nbsp;<\/p>\n<hr>\n<p>&nbsp;<\/p>\n","protected":false},"excerpt":{"rendered":"LIUSTIKE LIIKUMINE Glacier movement LED\u0100JU P\u0100RVIETO\u0160AN\u0100S \u0414\u0412\u0418\u0416\u0415\u041d\u0418\u0415 \u041b\u0415\u0414\u041d\u0418\u041a\u041e\u0412 &nbsp; &nbsp;","protected":false},"author":1,"featured_media":0,"parent":24134,"menu_order":194,"comment_status":"closed","ping_status":"closed","template":"","meta":{"_acf_changed":false,"ngg_post_thumbnail":0,"footnotes":""},"class_list":["post-24689","page","type-page","status-publish","hentry"],"acf":[],"yoast_head":"<!-- This site is optimized with the Yoast SEO plugin v27.3 - https:\/\/yoast.com\/product\/yoast-seo-wordpress\/ -->\n<title>15. LIUSTIKE LIIKUMINE - J\u00e4\u00e4aja Keskus<\/title>\n<meta name=\"robots\" content=\"index, follow, max-snippet:-1, max-image-preview:large, max-video-preview:-1\" \/>\n<link rel=\"canonical\" href=\"https:\/\/jaaaeg.ee\/lv\/audiogiidid\/15-liustike-liikumine\/\" \/>\n<meta property=\"og:locale\" content=\"lv_LV\" \/>\n<meta property=\"og:type\" content=\"article\" \/>\n<meta property=\"og:title\" content=\"15. LIUSTIKE LIIKUMINE - J\u00e4\u00e4aja Keskus\" \/>\n<meta property=\"og:description\" content=\"LIUSTIKE LIIKUMINE Glacier movement LED\u0100JU P\u0100RVIETO\u0160AN\u0100S \u0414\u0412\u0418\u0416\u0415\u041d\u0418\u0415 \u041b\u0415\u0414\u041d\u0418\u041a\u041e\u0412 &nbsp; &nbsp;\" \/>\n<meta property=\"og:url\" content=\"https:\/\/jaaaeg.ee\/lv\/audiogiidid\/15-liustike-liikumine\/\" \/>\n<meta property=\"og:site_name\" content=\"J\u00e4\u00e4aja Keskus\" \/>\n<meta property=\"article:publisher\" content=\"https:\/\/www.facebook.com\/JaaajaKeskus\/\" \/>\n<meta property=\"og:image\" content=\"https:\/\/jaaaeg.ee\/wp-content\/uploads\/2023\/11\/estonia-150x150.png\" \/>\n<meta name=\"twitter:card\" content=\"summary_large_image\" \/>\n<script type=\"application\/ld+json\" class=\"yoast-schema-graph\">{\"@context\":\"https:\\\/\\\/schema.org\",\"@graph\":[{\"@type\":\"WebPage\",\"@id\":\"https:\\\/\\\/jaaaeg.ee\\\/lv\\\/audiogiidid\\\/15-liustike-liikumine\\\/\",\"url\":\"https:\\\/\\\/jaaaeg.ee\\\/lv\\\/audiogiidid\\\/15-liustike-liikumine\\\/\",\"name\":\"15. LIUSTIKE LIIKUMINE - J\u00e4\u00e4aja Keskus\",\"isPartOf\":{\"@id\":\"https:\\\/\\\/jaaaeg.ee\\\/ru\\\/#website\"},\"primaryImageOfPage\":{\"@id\":\"https:\\\/\\\/jaaaeg.ee\\\/lv\\\/audiogiidid\\\/15-liustike-liikumine\\\/#primaryimage\"},\"image\":{\"@id\":\"https:\\\/\\\/jaaaeg.ee\\\/lv\\\/audiogiidid\\\/15-liustike-liikumine\\\/#primaryimage\"},\"thumbnailUrl\":\"https:\\\/\\\/jaaaeg.ee\\\/wp-content\\\/uploads\\\/2023\\\/11\\\/estonia-150x150.png\",\"datePublished\":\"2023-11-17T10:09:54+00:00\",\"breadcrumb\":{\"@id\":\"https:\\\/\\\/jaaaeg.ee\\\/lv\\\/audiogiidid\\\/15-liustike-liikumine\\\/#breadcrumb\"},\"inLanguage\":\"lv-LV\",\"potentialAction\":[{\"@type\":\"ReadAction\",\"target\":[\"https:\\\/\\\/jaaaeg.ee\\\/lv\\\/audiogiidid\\\/15-liustike-liikumine\\\/\"]}]},{\"@type\":\"ImageObject\",\"inLanguage\":\"lv-LV\",\"@id\":\"https:\\\/\\\/jaaaeg.ee\\\/lv\\\/audiogiidid\\\/15-liustike-liikumine\\\/#primaryimage\",\"url\":\"https:\\\/\\\/jaaaeg.ee\\\/wp-content\\\/uploads\\\/2023\\\/11\\\/estonia-150x150.png\",\"contentUrl\":\"https:\\\/\\\/jaaaeg.ee\\\/wp-content\\\/uploads\\\/2023\\\/11\\\/estonia-150x150.png\"},{\"@type\":\"BreadcrumbList\",\"@id\":\"https:\\\/\\\/jaaaeg.ee\\\/lv\\\/audiogiidid\\\/15-liustike-liikumine\\\/#breadcrumb\",\"itemListElement\":[{\"@type\":\"ListItem\",\"position\":1,\"name\":\"Home\",\"item\":\"https:\\\/\\\/jaaaeg.ee\\\/lv\\\/\"},{\"@type\":\"ListItem\",\"position\":2,\"name\":\"Audiogids\",\"item\":\"https:\\\/\\\/jaaaeg.ee\\\/lv\\\/audiogiidid\\\/\"},{\"@type\":\"ListItem\",\"position\":3,\"name\":\"15. LIUSTIKE LIIKUMINE\"}]},{\"@type\":\"WebSite\",\"@id\":\"https:\\\/\\\/jaaaeg.ee\\\/ru\\\/#website\",\"url\":\"https:\\\/\\\/jaaaeg.ee\\\/ru\\\/\",\"name\":\"J\u00e4\u00e4aja Keskus\",\"description\":\"avastamisr\u00f5\u00f5m igas vanuses k\u00fclastajatele\",\"potentialAction\":[{\"@type\":\"SearchAction\",\"target\":{\"@type\":\"EntryPoint\",\"urlTemplate\":\"https:\\\/\\\/jaaaeg.ee\\\/ru\\\/?s={search_term_string}\"},\"query-input\":{\"@type\":\"PropertyValueSpecification\",\"valueRequired\":true,\"valueName\":\"search_term_string\"}}],\"inLanguage\":\"lv-LV\"}]}<\/script>\n<!-- \/ Yoast SEO plugin. -->","yoast_head_json":{"title":"15. LIUSTIKE LIIKUMINE - J\u00e4\u00e4aja Keskus","robots":{"index":"index","follow":"follow","max-snippet":"max-snippet:-1","max-image-preview":"max-image-preview:large","max-video-preview":"max-video-preview:-1"},"canonical":"https:\/\/jaaaeg.ee\/lv\/audiogiidid\/15-liustike-liikumine\/","og_locale":"lv_LV","og_type":"article","og_title":"15. LIUSTIKE LIIKUMINE - J\u00e4\u00e4aja Keskus","og_description":"LIUSTIKE LIIKUMINE Glacier movement LED\u0100JU P\u0100RVIETO\u0160AN\u0100S \u0414\u0412\u0418\u0416\u0415\u041d\u0418\u0415 \u041b\u0415\u0414\u041d\u0418\u041a\u041e\u0412 &nbsp; &nbsp;","og_url":"https:\/\/jaaaeg.ee\/lv\/audiogiidid\/15-liustike-liikumine\/","og_site_name":"J\u00e4\u00e4aja Keskus","article_publisher":"https:\/\/www.facebook.com\/JaaajaKeskus\/","og_image":[{"url":"https:\/\/jaaaeg.ee\/wp-content\/uploads\/2023\/11\/estonia-150x150.png","type":"","width":"","height":""}],"twitter_card":"summary_large_image","schema":{"@context":"https:\/\/schema.org","@graph":[{"@type":"WebPage","@id":"https:\/\/jaaaeg.ee\/lv\/audiogiidid\/15-liustike-liikumine\/","url":"https:\/\/jaaaeg.ee\/lv\/audiogiidid\/15-liustike-liikumine\/","name":"15. LIUSTIKE LIIKUMINE - J\u00e4\u00e4aja Keskus","isPartOf":{"@id":"https:\/\/jaaaeg.ee\/ru\/#website"},"primaryImageOfPage":{"@id":"https:\/\/jaaaeg.ee\/lv\/audiogiidid\/15-liustike-liikumine\/#primaryimage"},"image":{"@id":"https:\/\/jaaaeg.ee\/lv\/audiogiidid\/15-liustike-liikumine\/#primaryimage"},"thumbnailUrl":"https:\/\/jaaaeg.ee\/wp-content\/uploads\/2023\/11\/estonia-150x150.png","datePublished":"2023-11-17T10:09:54+00:00","breadcrumb":{"@id":"https:\/\/jaaaeg.ee\/lv\/audiogiidid\/15-liustike-liikumine\/#breadcrumb"},"inLanguage":"lv-LV","potentialAction":[{"@type":"ReadAction","target":["https:\/\/jaaaeg.ee\/lv\/audiogiidid\/15-liustike-liikumine\/"]}]},{"@type":"ImageObject","inLanguage":"lv-LV","@id":"https:\/\/jaaaeg.ee\/lv\/audiogiidid\/15-liustike-liikumine\/#primaryimage","url":"https:\/\/jaaaeg.ee\/wp-content\/uploads\/2023\/11\/estonia-150x150.png","contentUrl":"https:\/\/jaaaeg.ee\/wp-content\/uploads\/2023\/11\/estonia-150x150.png"},{"@type":"BreadcrumbList","@id":"https:\/\/jaaaeg.ee\/lv\/audiogiidid\/15-liustike-liikumine\/#breadcrumb","itemListElement":[{"@type":"ListItem","position":1,"name":"Home","item":"https:\/\/jaaaeg.ee\/lv\/"},{"@type":"ListItem","position":2,"name":"Audiogids","item":"https:\/\/jaaaeg.ee\/lv\/audiogiidid\/"},{"@type":"ListItem","position":3,"name":"15. LIUSTIKE LIIKUMINE"}]},{"@type":"WebSite","@id":"https:\/\/jaaaeg.ee\/ru\/#website","url":"https:\/\/jaaaeg.ee\/ru\/","name":"J\u00e4\u00e4aja Keskus","description":"avastamisr\u00f5\u00f5m igas vanuses k\u00fclastajatele","potentialAction":[{"@type":"SearchAction","target":{"@type":"EntryPoint","urlTemplate":"https:\/\/jaaaeg.ee\/ru\/?s={search_term_string}"},"query-input":{"@type":"PropertyValueSpecification","valueRequired":true,"valueName":"search_term_string"}}],"inLanguage":"lv-LV"}]}},"_links":{"self":[{"href":"https:\/\/jaaaeg.ee\/lv\/wp-json\/wp\/v2\/pages\/24689","targetHints":{"allow":["GET"]}}],"collection":[{"href":"https:\/\/jaaaeg.ee\/lv\/wp-json\/wp\/v2\/pages"}],"about":[{"href":"https:\/\/jaaaeg.ee\/lv\/wp-json\/wp\/v2\/types\/page"}],"author":[{"embeddable":true,"href":"https:\/\/jaaaeg.ee\/lv\/wp-json\/wp\/v2\/users\/1"}],"replies":[{"embeddable":true,"href":"https:\/\/jaaaeg.ee\/lv\/wp-json\/wp\/v2\/comments?post=24689"}],"version-history":[{"count":0,"href":"https:\/\/jaaaeg.ee\/lv\/wp-json\/wp\/v2\/pages\/24689\/revisions"}],"up":[{"embeddable":true,"href":"https:\/\/jaaaeg.ee\/lv\/wp-json\/wp\/v2\/pages\/24134"}],"wp:attachment":[{"href":"https:\/\/jaaaeg.ee\/lv\/wp-json\/wp\/v2\/media?parent=24689"}],"curies":[{"name":"wp","href":"https:\/\/api.w.org\/{rel}","templated":true}]}}