{"id":24359,"date":"2023-11-17T11:16:16","date_gmt":"2023-11-17T09:16:16","guid":{"rendered":"https:\/\/jaaaeg.ee\/audiogiidid\/11-urghirv\/"},"modified":"2023-11-17T11:16:16","modified_gmt":"2023-11-17T09:16:16","slug":"11-urghirv","status":"publish","type":"page","link":"https:\/\/jaaaeg.ee\/lv\/audiogiidid\/11-urghirv\/","title":{"rendered":"11. \u00dcRGHIRV"},"content":{"rendered":"<hr>\n<h3>\u00dcRGHIRV<br \/>\n<img loading=\"lazy\" decoding=\"async\" width=\"150\" height=\"150\" class=\"alignright size-thumbnail wp-image-23992\" src=\"https:\/\/jaaaeg.ee\/wp-content\/uploads\/2023\/11\/estonia-150x150.png\" alt=\"\" data-wp-editing=\"1\" srcset=\"https:\/\/jaaaeg.ee\/wp-content\/uploads\/2023\/11\/estonia-150x150.png 150w, https:\/\/jaaaeg.ee\/wp-content\/uploads\/2023\/11\/estonia-300x300.png 300w, https:\/\/jaaaeg.ee\/wp-content\/uploads\/2023\/11\/estonia-120x120.png 120w, https:\/\/jaaaeg.ee\/wp-content\/uploads\/2023\/11\/estonia-320x320.png 320w, https:\/\/jaaaeg.ee\/wp-content\/uploads\/2023\/11\/estonia-480x480.png 480w, https:\/\/jaaaeg.ee\/wp-content\/uploads\/2023\/11\/estonia-100x100.png 100w, https:\/\/jaaaeg.ee\/wp-content\/uploads\/2023\/11\/estonia.png 512w\" sizes=\"auto, (max-width: 150px) 100vw, 150px\" \/><\/h3>\n<audio class=\"wp-audio-shortcode\" id=\"audio-24359-1\" preload=\"none\" style=\"width: 100%;\" controls=\"controls\"><source type=\"audio\/wav\" src=\"https:\/\/jaaaeg.ee\/wp-content\/uploads\/2023\/11\/11.-URGHIRV.wav?_=1\" \/><a href=\"https:\/\/jaaaeg.ee\/wp-content\/uploads\/2023\/11\/11.-URGHIRV.wav\">https:\/\/jaaaeg.ee\/wp-content\/uploads\/2023\/11\/11.-URGHIRV.wav<\/a><\/audio>\n<hr>\n<h3>Primordialdeer<br \/>\n<img loading=\"lazy\" decoding=\"async\" width=\"150\" height=\"150\" class=\"alignright size-thumbnail wp-image-24007\" src=\"https:\/\/jaaaeg.ee\/wp-content\/uploads\/2023\/11\/united-kingdom-150x150.png\" alt=\"\" srcset=\"https:\/\/jaaaeg.ee\/wp-content\/uploads\/2023\/11\/united-kingdom-150x150.png 150w, https:\/\/jaaaeg.ee\/wp-content\/uploads\/2023\/11\/united-kingdom-300x300.png 300w, https:\/\/jaaaeg.ee\/wp-content\/uploads\/2023\/11\/united-kingdom-120x120.png 120w, https:\/\/jaaaeg.ee\/wp-content\/uploads\/2023\/11\/united-kingdom-320x320.png 320w, https:\/\/jaaaeg.ee\/wp-content\/uploads\/2023\/11\/united-kingdom-480x480.png 480w, https:\/\/jaaaeg.ee\/wp-content\/uploads\/2023\/11\/united-kingdom-100x100.png 100w, https:\/\/jaaaeg.ee\/wp-content\/uploads\/2023\/11\/united-kingdom.png 512w\" sizes=\"auto, (max-width: 150px) 100vw, 150px\" \/><\/h3>\n<audio class=\"wp-audio-shortcode\" id=\"audio-24359-2\" preload=\"none\" style=\"width: 100%;\" controls=\"controls\"><source type=\"audio\/wav\" src=\"https:\/\/jaaaeg.ee\/wp-content\/uploads\/2023\/11\/11_primordialdeer.wav?_=2\" \/><a href=\"https:\/\/jaaaeg.ee\/wp-content\/uploads\/2023\/11\/11_primordialdeer.wav\">https:\/\/jaaaeg.ee\/wp-content\/uploads\/2023\/11\/11_primordialdeer.wav<\/a><\/audio>\n<hr>\n<h3>\u012aRIJAS STALTBRIEDIS<br \/>\n<img loading=\"lazy\" decoding=\"async\" width=\"150\" height=\"150\" class=\"alignright size-thumbnail wp-image-24002\" src=\"https:\/\/jaaaeg.ee\/wp-content\/uploads\/2023\/11\/latvia-150x150.png\" alt=\"\" srcset=\"https:\/\/jaaaeg.ee\/wp-content\/uploads\/2023\/11\/latvia-150x150.png 150w, https:\/\/jaaaeg.ee\/wp-content\/uploads\/2023\/11\/latvia-300x300.png 300w, https:\/\/jaaaeg.ee\/wp-content\/uploads\/2023\/11\/latvia-120x120.png 120w, https:\/\/jaaaeg.ee\/wp-content\/uploads\/2023\/11\/latvia-320x320.png 320w, https:\/\/jaaaeg.ee\/wp-content\/uploads\/2023\/11\/latvia-480x480.png 480w, https:\/\/jaaaeg.ee\/wp-content\/uploads\/2023\/11\/latvia-100x100.png 100w, https:\/\/jaaaeg.ee\/wp-content\/uploads\/2023\/11\/latvia.png 512w\" sizes=\"auto, (max-width: 150px) 100vw, 150px\" \/><\/h3>\n<audio class=\"wp-audio-shortcode\" id=\"audio-24359-3\" preload=\"none\" style=\"width: 100%;\" controls=\"controls\"><source type=\"audio\/wav\" src=\"https:\/\/jaaaeg.ee\/wp-content\/uploads\/2023\/11\/11_IRIJAS-STALTBRIEDIS.wav?_=3\" \/><a href=\"https:\/\/jaaaeg.ee\/wp-content\/uploads\/2023\/11\/11_IRIJAS-STALTBRIEDIS.wav\">https:\/\/jaaaeg.ee\/wp-content\/uploads\/2023\/11\/11_IRIJAS-STALTBRIEDIS.wav<\/a><\/audio>\n<hr>\n<h3>\u041f\u0415\u0420\u0412\u041e\u0411\u042b\u0422\u041d\u042b\u0419 \u041e\u041b\u0415\u041d\u042c<br \/>\n<img loading=\"lazy\" decoding=\"async\" width=\"150\" height=\"150\" class=\"alignright size-thumbnail wp-image-23997\" src=\"https:\/\/jaaaeg.ee\/wp-content\/uploads\/2023\/11\/russia-150x150.png\" alt=\"\" srcset=\"https:\/\/jaaaeg.ee\/wp-content\/uploads\/2023\/11\/russia-150x150.png 150w, https:\/\/jaaaeg.ee\/wp-content\/uploads\/2023\/11\/russia-300x300.png 300w, https:\/\/jaaaeg.ee\/wp-content\/uploads\/2023\/11\/russia-120x120.png 120w, https:\/\/jaaaeg.ee\/wp-content\/uploads\/2023\/11\/russia-320x320.png 320w, https:\/\/jaaaeg.ee\/wp-content\/uploads\/2023\/11\/russia-480x480.png 480w, https:\/\/jaaaeg.ee\/wp-content\/uploads\/2023\/11\/russia-100x100.png 100w, https:\/\/jaaaeg.ee\/wp-content\/uploads\/2023\/11\/russia.png 512w\" sizes=\"auto, (max-width: 150px) 100vw, 150px\" \/><\/h3>\n<audio class=\"wp-audio-shortcode\" id=\"audio-24359-4\" preload=\"none\" style=\"width: 100%;\" controls=\"controls\"><source type=\"audio\/wav\" src=\"https:\/\/jaaaeg.ee\/wp-content\/uploads\/2023\/11\/11.-PERVOBYTNYJ-OLEN.wav?_=4\" \/><a href=\"https:\/\/jaaaeg.ee\/wp-content\/uploads\/2023\/11\/11.-PERVOBYTNYJ-OLEN.wav\">https:\/\/jaaaeg.ee\/wp-content\/uploads\/2023\/11\/11.-PERVOBYTNYJ-OLEN.wav<\/a><\/audio>\n<p>&nbsp;<\/p>\n<hr>\n<p>&nbsp;<\/p>\n","protected":false},"excerpt":{"rendered":"\u00dcRGHIRV Primordialdeer \u012aRIJAS STALTBRIEDIS \u041f\u0415\u0420\u0412\u041e\u0411\u042b\u0422\u041d\u042b\u0419 \u041e\u041b\u0415\u041d\u042c &nbsp; &nbsp;","protected":false},"author":1,"featured_media":0,"parent":24134,"menu_order":206,"comment_status":"closed","ping_status":"closed","template":"","meta":{"_acf_changed":false,"ngg_post_thumbnail":0,"footnotes":""},"class_list":["post-24359","page","type-page","status-publish","hentry"],"acf":[],"yoast_head":"<!-- This site is optimized with the Yoast SEO plugin v27.3 - https:\/\/yoast.com\/product\/yoast-seo-wordpress\/ -->\n<title>11. \u00dcRGHIRV - J\u00e4\u00e4aja Keskus<\/title>\n<meta name=\"robots\" content=\"index, follow, max-snippet:-1, max-image-preview:large, max-video-preview:-1\" \/>\n<link rel=\"canonical\" href=\"https:\/\/jaaaeg.ee\/lv\/audiogiidid\/11-urghirv\/\" \/>\n<meta property=\"og:locale\" content=\"lv_LV\" \/>\n<meta property=\"og:type\" content=\"article\" \/>\n<meta property=\"og:title\" content=\"11. \u00dcRGHIRV - J\u00e4\u00e4aja Keskus\" \/>\n<meta property=\"og:description\" content=\"\u00dcRGHIRV Primordialdeer \u012aRIJAS STALTBRIEDIS \u041f\u0415\u0420\u0412\u041e\u0411\u042b\u0422\u041d\u042b\u0419 \u041e\u041b\u0415\u041d\u042c &nbsp; &nbsp;\" \/>\n<meta property=\"og:url\" content=\"https:\/\/jaaaeg.ee\/lv\/audiogiidid\/11-urghirv\/\" \/>\n<meta property=\"og:site_name\" content=\"J\u00e4\u00e4aja Keskus\" \/>\n<meta property=\"article:publisher\" content=\"https:\/\/www.facebook.com\/JaaajaKeskus\/\" \/>\n<meta property=\"og:image\" content=\"https:\/\/jaaaeg.ee\/wp-content\/uploads\/2023\/11\/estonia-150x150.png\" \/>\n<meta name=\"twitter:card\" content=\"summary_large_image\" \/>\n<script type=\"application\/ld+json\" class=\"yoast-schema-graph\">{\"@context\":\"https:\\\/\\\/schema.org\",\"@graph\":[{\"@type\":\"WebPage\",\"@id\":\"https:\\\/\\\/jaaaeg.ee\\\/lv\\\/audiogiidid\\\/11-urghirv\\\/\",\"url\":\"https:\\\/\\\/jaaaeg.ee\\\/lv\\\/audiogiidid\\\/11-urghirv\\\/\",\"name\":\"11. \u00dcRGHIRV - J\u00e4\u00e4aja Keskus\",\"isPartOf\":{\"@id\":\"https:\\\/\\\/jaaaeg.ee\\\/ru\\\/#website\"},\"primaryImageOfPage\":{\"@id\":\"https:\\\/\\\/jaaaeg.ee\\\/lv\\\/audiogiidid\\\/11-urghirv\\\/#primaryimage\"},\"image\":{\"@id\":\"https:\\\/\\\/jaaaeg.ee\\\/lv\\\/audiogiidid\\\/11-urghirv\\\/#primaryimage\"},\"thumbnailUrl\":\"https:\\\/\\\/jaaaeg.ee\\\/wp-content\\\/uploads\\\/2023\\\/11\\\/estonia-150x150.png\",\"datePublished\":\"2023-11-17T09:16:16+00:00\",\"breadcrumb\":{\"@id\":\"https:\\\/\\\/jaaaeg.ee\\\/lv\\\/audiogiidid\\\/11-urghirv\\\/#breadcrumb\"},\"inLanguage\":\"lv-LV\",\"potentialAction\":[{\"@type\":\"ReadAction\",\"target\":[\"https:\\\/\\\/jaaaeg.ee\\\/lv\\\/audiogiidid\\\/11-urghirv\\\/\"]}]},{\"@type\":\"ImageObject\",\"inLanguage\":\"lv-LV\",\"@id\":\"https:\\\/\\\/jaaaeg.ee\\\/lv\\\/audiogiidid\\\/11-urghirv\\\/#primaryimage\",\"url\":\"https:\\\/\\\/jaaaeg.ee\\\/wp-content\\\/uploads\\\/2023\\\/11\\\/estonia-150x150.png\",\"contentUrl\":\"https:\\\/\\\/jaaaeg.ee\\\/wp-content\\\/uploads\\\/2023\\\/11\\\/estonia-150x150.png\"},{\"@type\":\"BreadcrumbList\",\"@id\":\"https:\\\/\\\/jaaaeg.ee\\\/lv\\\/audiogiidid\\\/11-urghirv\\\/#breadcrumb\",\"itemListElement\":[{\"@type\":\"ListItem\",\"position\":1,\"name\":\"Home\",\"item\":\"https:\\\/\\\/jaaaeg.ee\\\/lv\\\/\"},{\"@type\":\"ListItem\",\"position\":2,\"name\":\"Audiogids\",\"item\":\"https:\\\/\\\/jaaaeg.ee\\\/lv\\\/audiogiidid\\\/\"},{\"@type\":\"ListItem\",\"position\":3,\"name\":\"11. \u00dcRGHIRV\"}]},{\"@type\":\"WebSite\",\"@id\":\"https:\\\/\\\/jaaaeg.ee\\\/ru\\\/#website\",\"url\":\"https:\\\/\\\/jaaaeg.ee\\\/ru\\\/\",\"name\":\"J\u00e4\u00e4aja Keskus\",\"description\":\"avastamisr\u00f5\u00f5m igas vanuses k\u00fclastajatele\",\"potentialAction\":[{\"@type\":\"SearchAction\",\"target\":{\"@type\":\"EntryPoint\",\"urlTemplate\":\"https:\\\/\\\/jaaaeg.ee\\\/ru\\\/?s={search_term_string}\"},\"query-input\":{\"@type\":\"PropertyValueSpecification\",\"valueRequired\":true,\"valueName\":\"search_term_string\"}}],\"inLanguage\":\"lv-LV\"}]}<\/script>\n<!-- \/ Yoast SEO plugin. -->","yoast_head_json":{"title":"11. \u00dcRGHIRV - J\u00e4\u00e4aja Keskus","robots":{"index":"index","follow":"follow","max-snippet":"max-snippet:-1","max-image-preview":"max-image-preview:large","max-video-preview":"max-video-preview:-1"},"canonical":"https:\/\/jaaaeg.ee\/lv\/audiogiidid\/11-urghirv\/","og_locale":"lv_LV","og_type":"article","og_title":"11. \u00dcRGHIRV - J\u00e4\u00e4aja Keskus","og_description":"\u00dcRGHIRV Primordialdeer \u012aRIJAS STALTBRIEDIS \u041f\u0415\u0420\u0412\u041e\u0411\u042b\u0422\u041d\u042b\u0419 \u041e\u041b\u0415\u041d\u042c &nbsp; &nbsp;","og_url":"https:\/\/jaaaeg.ee\/lv\/audiogiidid\/11-urghirv\/","og_site_name":"J\u00e4\u00e4aja Keskus","article_publisher":"https:\/\/www.facebook.com\/JaaajaKeskus\/","og_image":[{"url":"https:\/\/jaaaeg.ee\/wp-content\/uploads\/2023\/11\/estonia-150x150.png","type":"","width":"","height":""}],"twitter_card":"summary_large_image","schema":{"@context":"https:\/\/schema.org","@graph":[{"@type":"WebPage","@id":"https:\/\/jaaaeg.ee\/lv\/audiogiidid\/11-urghirv\/","url":"https:\/\/jaaaeg.ee\/lv\/audiogiidid\/11-urghirv\/","name":"11. \u00dcRGHIRV - J\u00e4\u00e4aja Keskus","isPartOf":{"@id":"https:\/\/jaaaeg.ee\/ru\/#website"},"primaryImageOfPage":{"@id":"https:\/\/jaaaeg.ee\/lv\/audiogiidid\/11-urghirv\/#primaryimage"},"image":{"@id":"https:\/\/jaaaeg.ee\/lv\/audiogiidid\/11-urghirv\/#primaryimage"},"thumbnailUrl":"https:\/\/jaaaeg.ee\/wp-content\/uploads\/2023\/11\/estonia-150x150.png","datePublished":"2023-11-17T09:16:16+00:00","breadcrumb":{"@id":"https:\/\/jaaaeg.ee\/lv\/audiogiidid\/11-urghirv\/#breadcrumb"},"inLanguage":"lv-LV","potentialAction":[{"@type":"ReadAction","target":["https:\/\/jaaaeg.ee\/lv\/audiogiidid\/11-urghirv\/"]}]},{"@type":"ImageObject","inLanguage":"lv-LV","@id":"https:\/\/jaaaeg.ee\/lv\/audiogiidid\/11-urghirv\/#primaryimage","url":"https:\/\/jaaaeg.ee\/wp-content\/uploads\/2023\/11\/estonia-150x150.png","contentUrl":"https:\/\/jaaaeg.ee\/wp-content\/uploads\/2023\/11\/estonia-150x150.png"},{"@type":"BreadcrumbList","@id":"https:\/\/jaaaeg.ee\/lv\/audiogiidid\/11-urghirv\/#breadcrumb","itemListElement":[{"@type":"ListItem","position":1,"name":"Home","item":"https:\/\/jaaaeg.ee\/lv\/"},{"@type":"ListItem","position":2,"name":"Audiogids","item":"https:\/\/jaaaeg.ee\/lv\/audiogiidid\/"},{"@type":"ListItem","position":3,"name":"11. \u00dcRGHIRV"}]},{"@type":"WebSite","@id":"https:\/\/jaaaeg.ee\/ru\/#website","url":"https:\/\/jaaaeg.ee\/ru\/","name":"J\u00e4\u00e4aja Keskus","description":"avastamisr\u00f5\u00f5m igas vanuses k\u00fclastajatele","potentialAction":[{"@type":"SearchAction","target":{"@type":"EntryPoint","urlTemplate":"https:\/\/jaaaeg.ee\/ru\/?s={search_term_string}"},"query-input":{"@type":"PropertyValueSpecification","valueRequired":true,"valueName":"search_term_string"}}],"inLanguage":"lv-LV"}]}},"_links":{"self":[{"href":"https:\/\/jaaaeg.ee\/lv\/wp-json\/wp\/v2\/pages\/24359","targetHints":{"allow":["GET"]}}],"collection":[{"href":"https:\/\/jaaaeg.ee\/lv\/wp-json\/wp\/v2\/pages"}],"about":[{"href":"https:\/\/jaaaeg.ee\/lv\/wp-json\/wp\/v2\/types\/page"}],"author":[{"embeddable":true,"href":"https:\/\/jaaaeg.ee\/lv\/wp-json\/wp\/v2\/users\/1"}],"replies":[{"embeddable":true,"href":"https:\/\/jaaaeg.ee\/lv\/wp-json\/wp\/v2\/comments?post=24359"}],"version-history":[{"count":0,"href":"https:\/\/jaaaeg.ee\/lv\/wp-json\/wp\/v2\/pages\/24359\/revisions"}],"up":[{"embeddable":true,"href":"https:\/\/jaaaeg.ee\/lv\/wp-json\/wp\/v2\/pages\/24134"}],"wp:attachment":[{"href":"https:\/\/jaaaeg.ee\/lv\/wp-json\/wp\/v2\/media?parent=24359"}],"curies":[{"name":"wp","href":"https:\/\/api.w.org\/{rel}","templated":true}]}}