{"id":22577,"date":"2020-12-22T10:59:31","date_gmt":"2020-12-22T08:59:31","guid":{"rendered":"https:\/\/jaaaeg.ee\/par-ledus-laikmeta-centru\/kodukord\/"},"modified":"2023-06-07T10:57:19","modified_gmt":"2023-06-07T07:57:19","slug":"kodukord","status":"publish","type":"page","link":"https:\/\/jaaaeg.ee\/lv\/par-ledus-laikmeta-centru\/kodukord\/","title":{"rendered":"Iek\u0161\u0113j\u0101 k\u0101rt\u012bba"},"content":{"rendered":"<div class=\"vce-row-container\" data-vce-boxed-width=\"true\"><div class=\"vce-row vce-row--col-gap-30 vce-row-equal-height vce-row-content--top\" id=\"el-f590839f\" data-vce-do-apply=\"all el-f590839f\"><div class=\"vce-row-content\" data-vce-element-content=\"true\"><div class=\"vce-col vce-col--md-auto vce-col--xs-1 vce-col--xs-last vce-col--xs-first vce-col--sm-last vce-col--sm-first vce-col--md-last vce-col--lg-last vce-col--xl-last vce-col--md-first vce-col--lg-first vce-col--xl-first\" id=\"el-2a114b57\"><div class=\"vce-col-inner\" data-vce-do-apply=\"border margin background  el-2a114b57\"><div class=\"vce-col-content\" data-vce-element-content=\"true\" data-vce-do-apply=\"padding el-2a114b57\"><div class=\"vce-text-block\"><div class=\"vce-text-block-wrapper vce\" id=\"el-42d3eb0e\" data-vce-do-apply=\"all el-42d3eb0e\"><p><strong>God\u0101tais apmekl\u0113t\u0101j!<\/strong><\/p><p>Priec\u0101jamies, ka apmekl\u0113jat m\u016bsu centru. M\u0113s cien\u0101m savu centru un pie\u0146emam, ka to dar\u012bs ar\u012b apmekl\u0113t\u0101ji.<\/p><p>Lai nodro\u0161in\u0101tu gan savu, gan citu apmekl\u0113t\u0101ju labkl\u0101j\u012bbu un dro\u0161\u012bbu, k\u0101 ar\u012b centra netrauc\u0113tu darbu, l\u016bdzam pild\u012bt iek\u0161\u0113j\u0101 k\u0101rt\u012bb\u0101 min\u0113tos noteikumus.<\/p><p>&nbsp;<\/p><p>Centr\u0101&nbsp;<strong>ir at\u013cauta fotograf\u0113\u0161ana un film\u0113\u0161ana<\/strong>.<br>Foaj\u0113 eso\u0161\u0101 centra&nbsp;<strong>garderobe<\/strong>&nbsp;<strong>netiek<\/strong>&nbsp;<strong>uzraudz\u012bta<\/strong>&nbsp;un centrs neatbild par tur atst\u0101tajiem priek\u0161metiem. Ir sl\u0113dzami skap\u012b\u0161i, kuros var ievietot v\u0113rt\u012bg\u0101k\u0101s lietas.<br><br><\/p><p><strong>Centr\u0101 nav at\u013cauts:<\/strong><\/p><ul><li>Ien\u0101kt apmekl\u0113t\u0101jiem, kas ir alkohola, narkotisko vai toksisku vielu reibum\u0101<\/li><li>Ekspon\u0101tu boj\u0101\u0161ana un p\u0101rvieto\u0161ana<\/li><li>Sm\u0113\u0137\u0113\u0161ana<\/li><li>Alkohola lieto\u0161ana, iz\u0146. kafejn\u012bcas zon\u0101 ieg\u0101d\u0101t\u0101 alkohola<\/li><li>L\u012bdzi atnestas p\u0101rtikas lieto\u0161ana<\/li><li>Citu apmekl\u0113t\u0101ju trauc\u0113\u0161ana ekspoz\u012bcijas telp\u0101s<\/li><li>Atkl\u0101tas uguns un pirotehnisko l\u012bdzek\u013cu lieto\u0161ana<\/li><li>Apgaismojuma, apkures vai ventil\u0101cijas sist\u0113mas utt. iesl\u0113g\u0161ana-izsl\u0113g\u0161ana.<\/li><\/ul><p>&nbsp;<\/p><p><strong>Grupu apmekl\u0113jumu gad\u012bjum\u0101<\/strong><\/p><ul><li>Par k\u0101rt\u012bbu atbild grupas pavadonis, kur\u0161 seko, lai vi\u0146a grupa netrauc\u0113tu citiem apmekl\u0113t\u0101jiem un ar\u012b cit\u0101 veid\u0101 nep\u0101rk\u0101ptu Ledus laikmeta centra iek\u0161\u0113jo k\u0101rt\u012bbu.<\/li><li>Grup\u0101m, kas apmekl\u0113 patst\u0101v\u012bgi (bez gida), l\u016bdzam atst\u0101t administratoram savus kontaktus, lai probl\u0113mu gad\u012bjum\u0101 var\u0113tu sazin\u0101ties.<\/li><\/ul><p><br>\u0100rk\u0101rtas situ\u0101cij\u0101s l\u016bdzam pild\u012bt centra administratora r\u012bkojumus.<\/p><p>Par centr\u0101 notieko\u0161ajiem p\u0101rk\u0101pumiem pret \u012bpa\u0161umu un vardarb\u012bbas aktiem l\u016bdzam nekav\u0113joties inform\u0113t centra administratoru.<\/p><p>&nbsp;<\/p><p>Ja apmekl\u0113t\u0101js p\u0101rk\u0101pj iek\u0161\u0113jo k\u0101rt\u012bbu, Ledus laikmeta centra person\u0101lam ir&nbsp;<strong>ties\u012bbas<\/strong>:<\/p><ul><li>Pirm\u0101 iek\u0161\u0113j\u0101s k\u0101rt\u012bbas p\u0101rk\u0101puma gad\u012bjum\u0101 izteikt mutisku br\u012bdin\u0101jumu.<\/li><li>P\u0101rk\u0101pjot iek\u0161\u0113jo k\u0101rt\u012bbu otro reizi, seko t\u016bl\u012bt\u0113ja izraid\u012b\u0161ana no centra.<\/li><li>T\u012b\u0161as centra mantas boj\u0101\u0161anas gad\u012bjum\u0101 izsaukt policiju.<\/li><li>Mantas saboj\u0101\u0161anas gad\u012bjum\u0101 saboj\u0101t\u0101js kompens\u0113 atjauno\u0161anas izdevumus atbilsto\u0161i Ledus laikmeta centra izsniegtam r\u0113\u0137inam.<\/li><li>Ja grupa p\u0101rk\u0101pj Ledus laikmeta centra iek\u0161\u0113jo k\u0101rt\u012bbu, centram ir ties\u012bbas p\u0101rtraukt konkr\u0113t\u0101s grupas \/ skolas grupas apkalpo\u0161anu n\u0101kotn\u0113.<\/li><\/ul><p>&nbsp;<\/p><p><strong>Ceram, ka pavad\u012bsit \u0161eit laiku pat\u012bkami!<\/strong><\/p><\/div><\/div><\/div><\/div><\/div><\/div><\/div><\/div><div class=\"vce-row-container\" data-vce-boxed-width=\"true\"><div class=\"vce-row vce-row--col-gap-30 vce-row-equal-height vce-row-content--top\" id=\"el-cb8fc574\" data-vce-do-apply=\"all el-cb8fc574\"><div class=\"vce-row-content\" data-vce-element-content=\"true\"><div class=\"vce-col vce-col--md-auto vce-col--xs-1 vce-col--xs-last vce-col--xs-first vce-col--sm-last vce-col--sm-first vce-col--md-last vce-col--lg-last vce-col--xl-last vce-col--md-first vce-col--lg-first vce-col--xl-first\" id=\"el-69563077\"><div class=\"vce-col-inner\" data-vce-do-apply=\"border margin background  el-69563077\"><div class=\"vce-col-content\" data-vce-element-content=\"true\" data-vce-do-apply=\"padding el-69563077\"><div class=\"vce-image-masonry-gallery\"><div class=\"vce-image-masonry-gallery-wrapper vce vce-image-masonry-gallery--gap-10 vce-image-masonry-gallery--columns-3\" id=\"el-354af284\" data-vce-do-apply=\"all el-354af284\"><div class=\"vce-image-masonry-gallery-list\"><div class=\"vce-image-masonry-gallery-column\"><\/div><div class=\"vce-image-masonry-gallery-column\"><\/div><div class=\"vce-image-masonry-gallery-column\"><\/div><\/div><\/div><\/div><\/div><\/div><\/div><\/div><\/div><\/div><div class=\"vce-row-container\" data-vce-boxed-width=\"true\"><div class=\"vce-row vce-row--col-gap-30 vce-row-equal-height vce-row-content--top\" id=\"el-15c743bb\" data-vce-do-apply=\"all el-15c743bb\"><div class=\"vce-row-content\" data-vce-element-content=\"true\"><div class=\"vce-col vce-col--md-auto vce-col--xs-1 vce-col--xs-last vce-col--xs-first vce-col--sm-last vce-col--sm-first vce-col--md-last vce-col--lg-last vce-col--xl-last vce-col--md-first vce-col--lg-first vce-col--xl-first\" id=\"el-f80d225e\"><div class=\"vce-col-inner\" data-vce-do-apply=\"border margin background  el-f80d225e\"><div class=\"vce-col-content\" data-vce-element-content=\"true\" data-vce-do-apply=\"padding el-f80d225e\"><div class=\"vce-image-masonry-gallery\"><div class=\"vce-image-masonry-gallery-wrapper vce vce-image-masonry-gallery--gap-10 vce-image-masonry-gallery--columns-3\" id=\"el-12ce5bdc\" data-vce-do-apply=\"all el-12ce5bdc\"><div class=\"vce-image-masonry-gallery-list\"><div class=\"vce-image-masonry-gallery-column\"><a href=\"https:\/\/jaaaeg.ee\/wp-content\/uploads\/2023\/06\/JK_meeskond2_Beljaev-scaled.jpg\" data-lightbox=\"lightbox-12ce5bdc\" class=\"vce-image-masonry-gallery-item\"><img decoding=\"async\" class=\"vce-image-masonry-gallery-img\" src=\"https:\/\/jaaaeg.ee\/wp-content\/uploads\/2023\/06\/JK_meeskond2_Beljaev-scaled.jpg\" alt=\"J\u00e4\u00e4aja Keskuse meeskond\"><\/a><\/div><div class=\"vce-image-masonry-gallery-column\"><\/div><div class=\"vce-image-masonry-gallery-column\"><\/div><\/div><\/div><\/div><\/div><\/div><\/div><\/div><\/div><\/div>\n","protected":false},"excerpt":{"rendered":"God\u0101tais apmekl\u0113t\u0101j!Priec\u0101jamies, ka apmekl\u0113jat m\u016bsu centru. M\u0113s cien\u0101m savu centru un pie\u0146emam, ka to dar\u012bs ar\u012b apmekl\u0113t\u0101ji.Lai nodro\u0161in\u0101tu gan savu, gan citu apmekl\u0113t\u0101ju labkl\u0101j\u012bbu un dro\u0161\u012bbu, k\u0101 ar\u012b centra netrauc\u0113tu darbu, l\u016bdzam pild\u012bt iek\u0161\u0113j\u0101 k\u0101rt\u012bb\u0101 min\u0113tos noteikumus.&nbsp;Centr\u0101&nbsp;ir at\u013cauta fotograf\u0113\u0161ana un film\u0113\u0161ana.Foaj\u0113 eso\u0161\u0101 centra&nbsp;garderobe&nbsp;netiek&nbsp;uzraudz\u012bta&nbsp;un centrs neatbild par tur atst\u0101tajiem priek\u0161metiem. Ir sl\u0113dzami skap\u012b\u0161i, kuros var ievietot&#8230; <a class=\"view-article\" href=\"https:\/\/jaaaeg.ee\/lv\/par-ledus-laikmeta-centru\/kodukord\/\">Las\u012bt vair\u0101k<\/a>","protected":false},"author":3,"featured_media":0,"parent":1734,"menu_order":282,"comment_status":"closed","ping_status":"closed","template":"template-sidebar.php","meta":{"_acf_changed":false,"ngg_post_thumbnail":0,"footnotes":""},"class_list":["post-22577","page","type-page","status-publish","hentry"],"acf":[],"yoast_head":"<!-- This site is optimized with the Yoast SEO plugin v27.3 - https:\/\/yoast.com\/product\/yoast-seo-wordpress\/ -->\n<title>Iek\u0161\u0113j\u0101 k\u0101rt\u012bba - J\u00e4\u00e4aja Keskus<\/title>\n<meta name=\"description\" content=\"Kuidas h\u00e4sti k\u00e4ituda J\u00e4\u00e4aja Keskuses ja millega te peaksite arvestama siia tulles? Siit leiad vastavat infot.\" \/>\n<meta name=\"robots\" content=\"index, follow, max-snippet:-1, max-image-preview:large, max-video-preview:-1\" \/>\n<link rel=\"canonical\" href=\"https:\/\/jaaaeg.ee\/lv\/par-ledus-laikmeta-centru\/kodukord\/\" \/>\n<meta property=\"og:locale\" content=\"lv_LV\" \/>\n<meta property=\"og:type\" content=\"article\" \/>\n<meta property=\"og:title\" content=\"Iek\u0161\u0113j\u0101 k\u0101rt\u012bba - J\u00e4\u00e4aja Keskus\" \/>\n<meta property=\"og:description\" content=\"Kuidas h\u00e4sti k\u00e4ituda J\u00e4\u00e4aja Keskuses ja millega te peaksite arvestama siia tulles? Siit leiad vastavat infot.\" \/>\n<meta property=\"og:url\" content=\"https:\/\/jaaaeg.ee\/lv\/par-ledus-laikmeta-centru\/kodukord\/\" \/>\n<meta property=\"og:site_name\" content=\"J\u00e4\u00e4aja Keskus\" \/>\n<meta property=\"article:publisher\" content=\"https:\/\/www.facebook.com\/JaaajaKeskus\/\" \/>\n<meta property=\"article:modified_time\" content=\"2023-06-07T07:57:19+00:00\" \/>\n<meta name=\"twitter:card\" content=\"summary_large_image\" \/>\n<meta name=\"twitter:label1\" content=\"Est. reading time\" \/>\n\t<meta name=\"twitter:data1\" content=\"2 minutes\" \/>\n<script type=\"application\/ld+json\" class=\"yoast-schema-graph\">{\"@context\":\"https:\\\/\\\/schema.org\",\"@graph\":[{\"@type\":\"WebPage\",\"@id\":\"https:\\\/\\\/jaaaeg.ee\\\/lv\\\/par-ledus-laikmeta-centru\\\/kodukord\\\/\",\"url\":\"https:\\\/\\\/jaaaeg.ee\\\/lv\\\/par-ledus-laikmeta-centru\\\/kodukord\\\/\",\"name\":\"Iek\u0161\u0113j\u0101 k\u0101rt\u012bba - J\u00e4\u00e4aja Keskus\",\"isPartOf\":{\"@id\":\"https:\\\/\\\/jaaaeg.ee\\\/ru\\\/#website\"},\"datePublished\":\"2020-12-22T08:59:31+00:00\",\"dateModified\":\"2023-06-07T07:57:19+00:00\",\"description\":\"Kuidas h\u00e4sti k\u00e4ituda J\u00e4\u00e4aja Keskuses ja millega te peaksite arvestama siia tulles? Siit leiad vastavat infot.\",\"breadcrumb\":{\"@id\":\"https:\\\/\\\/jaaaeg.ee\\\/lv\\\/par-ledus-laikmeta-centru\\\/kodukord\\\/#breadcrumb\"},\"inLanguage\":\"lv-LV\",\"potentialAction\":[{\"@type\":\"ReadAction\",\"target\":[\"https:\\\/\\\/jaaaeg.ee\\\/lv\\\/par-ledus-laikmeta-centru\\\/kodukord\\\/\"]}]},{\"@type\":\"BreadcrumbList\",\"@id\":\"https:\\\/\\\/jaaaeg.ee\\\/lv\\\/par-ledus-laikmeta-centru\\\/kodukord\\\/#breadcrumb\",\"itemListElement\":[{\"@type\":\"ListItem\",\"position\":1,\"name\":\"Home\",\"item\":\"https:\\\/\\\/jaaaeg.ee\\\/lv\\\/\"},{\"@type\":\"ListItem\",\"position\":2,\"name\":\"Par Ledus laikmeta centru\",\"item\":\"https:\\\/\\\/jaaaeg.ee\\\/lv\\\/par-ledus-laikmeta-centru\\\/\"},{\"@type\":\"ListItem\",\"position\":3,\"name\":\"Iek\u0161\u0113j\u0101 k\u0101rt\u012bba\"}]},{\"@type\":\"WebSite\",\"@id\":\"https:\\\/\\\/jaaaeg.ee\\\/ru\\\/#website\",\"url\":\"https:\\\/\\\/jaaaeg.ee\\\/ru\\\/\",\"name\":\"J\u00e4\u00e4aja Keskus\",\"description\":\"avastamisr\u00f5\u00f5m igas vanuses k\u00fclastajatele\",\"potentialAction\":[{\"@type\":\"SearchAction\",\"target\":{\"@type\":\"EntryPoint\",\"urlTemplate\":\"https:\\\/\\\/jaaaeg.ee\\\/ru\\\/?s={search_term_string}\"},\"query-input\":{\"@type\":\"PropertyValueSpecification\",\"valueRequired\":true,\"valueName\":\"search_term_string\"}}],\"inLanguage\":\"lv-LV\"}]}<\/script>\n<!-- \/ Yoast SEO plugin. -->","yoast_head_json":{"title":"Iek\u0161\u0113j\u0101 k\u0101rt\u012bba - J\u00e4\u00e4aja Keskus","description":"Kuidas h\u00e4sti k\u00e4ituda J\u00e4\u00e4aja Keskuses ja millega te peaksite arvestama siia tulles? Siit leiad vastavat infot.","robots":{"index":"index","follow":"follow","max-snippet":"max-snippet:-1","max-image-preview":"max-image-preview:large","max-video-preview":"max-video-preview:-1"},"canonical":"https:\/\/jaaaeg.ee\/lv\/par-ledus-laikmeta-centru\/kodukord\/","og_locale":"lv_LV","og_type":"article","og_title":"Iek\u0161\u0113j\u0101 k\u0101rt\u012bba - J\u00e4\u00e4aja Keskus","og_description":"Kuidas h\u00e4sti k\u00e4ituda J\u00e4\u00e4aja Keskuses ja millega te peaksite arvestama siia tulles? Siit leiad vastavat infot.","og_url":"https:\/\/jaaaeg.ee\/lv\/par-ledus-laikmeta-centru\/kodukord\/","og_site_name":"J\u00e4\u00e4aja Keskus","article_publisher":"https:\/\/www.facebook.com\/JaaajaKeskus\/","article_modified_time":"2023-06-07T07:57:19+00:00","twitter_card":"summary_large_image","twitter_misc":{"Est. reading time":"2 minutes"},"schema":{"@context":"https:\/\/schema.org","@graph":[{"@type":"WebPage","@id":"https:\/\/jaaaeg.ee\/lv\/par-ledus-laikmeta-centru\/kodukord\/","url":"https:\/\/jaaaeg.ee\/lv\/par-ledus-laikmeta-centru\/kodukord\/","name":"Iek\u0161\u0113j\u0101 k\u0101rt\u012bba - J\u00e4\u00e4aja Keskus","isPartOf":{"@id":"https:\/\/jaaaeg.ee\/ru\/#website"},"datePublished":"2020-12-22T08:59:31+00:00","dateModified":"2023-06-07T07:57:19+00:00","description":"Kuidas h\u00e4sti k\u00e4ituda J\u00e4\u00e4aja Keskuses ja millega te peaksite arvestama siia tulles? Siit leiad vastavat infot.","breadcrumb":{"@id":"https:\/\/jaaaeg.ee\/lv\/par-ledus-laikmeta-centru\/kodukord\/#breadcrumb"},"inLanguage":"lv-LV","potentialAction":[{"@type":"ReadAction","target":["https:\/\/jaaaeg.ee\/lv\/par-ledus-laikmeta-centru\/kodukord\/"]}]},{"@type":"BreadcrumbList","@id":"https:\/\/jaaaeg.ee\/lv\/par-ledus-laikmeta-centru\/kodukord\/#breadcrumb","itemListElement":[{"@type":"ListItem","position":1,"name":"Home","item":"https:\/\/jaaaeg.ee\/lv\/"},{"@type":"ListItem","position":2,"name":"Par Ledus laikmeta centru","item":"https:\/\/jaaaeg.ee\/lv\/par-ledus-laikmeta-centru\/"},{"@type":"ListItem","position":3,"name":"Iek\u0161\u0113j\u0101 k\u0101rt\u012bba"}]},{"@type":"WebSite","@id":"https:\/\/jaaaeg.ee\/ru\/#website","url":"https:\/\/jaaaeg.ee\/ru\/","name":"J\u00e4\u00e4aja Keskus","description":"avastamisr\u00f5\u00f5m igas vanuses k\u00fclastajatele","potentialAction":[{"@type":"SearchAction","target":{"@type":"EntryPoint","urlTemplate":"https:\/\/jaaaeg.ee\/ru\/?s={search_term_string}"},"query-input":{"@type":"PropertyValueSpecification","valueRequired":true,"valueName":"search_term_string"}}],"inLanguage":"lv-LV"}]}},"_links":{"self":[{"href":"https:\/\/jaaaeg.ee\/lv\/wp-json\/wp\/v2\/pages\/22577","targetHints":{"allow":["GET"]}}],"collection":[{"href":"https:\/\/jaaaeg.ee\/lv\/wp-json\/wp\/v2\/pages"}],"about":[{"href":"https:\/\/jaaaeg.ee\/lv\/wp-json\/wp\/v2\/types\/page"}],"author":[{"embeddable":true,"href":"https:\/\/jaaaeg.ee\/lv\/wp-json\/wp\/v2\/users\/3"}],"replies":[{"embeddable":true,"href":"https:\/\/jaaaeg.ee\/lv\/wp-json\/wp\/v2\/comments?post=22577"}],"version-history":[{"count":2,"href":"https:\/\/jaaaeg.ee\/lv\/wp-json\/wp\/v2\/pages\/22577\/revisions"}],"predecessor-version":[{"id":22583,"href":"https:\/\/jaaaeg.ee\/lv\/wp-json\/wp\/v2\/pages\/22577\/revisions\/22583"}],"up":[{"embeddable":true,"href":"https:\/\/jaaaeg.ee\/lv\/wp-json\/wp\/v2\/pages\/1734"}],"wp:attachment":[{"href":"https:\/\/jaaaeg.ee\/lv\/wp-json\/wp\/v2\/media?parent=22577"}],"curies":[{"name":"wp","href":"https:\/\/api.w.org\/{rel}","templated":true}]}}