{"id":211,"date":"2018-09-11T15:07:46","date_gmt":"2018-09-11T12:07:46","guid":{"rendered":"http:\/\/jaaaeg.ee\/?page_id=211"},"modified":"2026-03-05T10:19:40","modified_gmt":"2026-03-05T08:19:40","slug":"laste-sunnipaevad-jaaaja-keskuses","status":"publish","type":"page","link":"https:\/\/jaaaeg.ee\/lv\/ruumide-rent\/laste-sunnipaevad-jaaaja-keskuses\/","title":{"rendered":"Laste s\u00fcnnip\u00e4evad J\u00e4\u00e4aja Keskuses"},"content":{"rendered":"<div class=\"vce-row-container\" data-vce-boxed-width=\"true\"><div class=\"vce-row vce-row--col-gap-30 vce-row-content--top\" id=\"el-ff7be32a\" data-vce-do-apply=\"all el-ff7be32a\"><div class=\"vce-row-content\" data-vce-element-content=\"true\"><div class=\"vce-col vce-col--md-auto vce-col--xs-1 vce-col--xs-last vce-col--xs-first vce-col--sm-last vce-col--sm-first vce-col--md-first vce-col--lg-first vce-col--xl-first\" id=\"el-b3578009\"><div class=\"vce-col-inner\" data-vce-do-apply=\"border margin background  el-b3578009\"><div class=\"vce-col-content\" data-vce-element-content=\"true\" data-vce-do-apply=\"padding el-b3578009\"><div class=\"vce-text-block\"><div class=\"vce-text-block-wrapper vce\" id=\"el-b39a0d64\" data-vce-do-apply=\"all el-b39a0d64\"><p>J\u00e4\u00e4aja Keskuse vahvas m\u00e4ngutoas on v\u00f5imalik pidada privaatselt p\u00f5nevat ja meeldej\u00e4\u00e4vat s\u00fcnnip\u00e4eva.<\/p>\n<p><strong>Tutvu s\u00fcnnip\u00e4eva pakettidega ning broneeri m\u00e4ngutuba mugavalt veebis siin:<\/strong><\/p>\n<p><a href=\"https:\/\/lydian.ee\/jaaaeg\/sunnipaevad\/\">https:\/\/lydian.ee\/jaaaeg\/sunnipaevad\/<\/a><\/p>\n<p>&nbsp;<\/p><\/div><\/div><\/div><\/div><\/div><div class=\"vce-col vce-col--md-auto vce-col--xs-1 vce-col--xs-last vce-col--xs-first vce-col--sm-last vce-col--sm-first vce-col--md-last vce-col--lg-last vce-col--xl-last\" id=\"el-e3dfdb4a\"><div class=\"vce-col-inner\" data-vce-do-apply=\"border margin background  el-e3dfdb4a\"><div class=\"vce-col-content\" data-vce-element-content=\"true\" data-vce-do-apply=\"padding el-e3dfdb4a\"><div class=\"vce-row-container\" data-vce-boxed-width=\"true\"><div class=\"vce-row vce-row--col-gap-30 vce-row-equal-height vce-row-content--top\" id=\"el-c2274f3b\" data-vce-do-apply=\"all el-c2274f3b\"><div class=\"vce-row-content\" data-vce-element-content=\"true\"><div class=\"vce-col vce-col--md-auto vce-col--xs-1 vce-col--xs-last vce-col--xs-first vce-col--sm-last vce-col--sm-first vce-col--md-last vce-col--lg-last vce-col--xl-last vce-col--md-first vce-col--lg-first vce-col--xl-first\" id=\"el-7fb4c6ba\"><div class=\"vce-col-inner\" data-vce-do-apply=\"border margin background  el-7fb4c6ba\"><div class=\"vce-col-content\" data-vce-element-content=\"true\" data-vce-do-apply=\"padding el-7fb4c6ba\"><div class=\"vce-image-gallery vce-image-gallery--gap-20 vce-image-gallery--columns-1\"><div class=\"vce-image-gallery-wrapper vce\" id=\"el-e730bf42\" data-vce-do-apply=\"all el-e730bf42\"><div class=\"vce-image-gallery-list\"><div class=\"vce-image-gallery-item\"><figure class=\"vce-image-gallery-item-inner-wrapper\"><div class=\"vce-image-gallery-item-inner\"><img decoding=\"async\" class=\"vce-image-gallery-img vce-image-gallery-img--orientation-portrait\" src=\"https:\/\/jaaaeg.ee\/wp-content\/uploads\/2021\/05\/Jaaaja-Keskuse-mangutuba_Autor-Katrin-Sisask_DSC06232-700x1050.jpg\" alt=\"\" title=\"J\u00e4\u00e4aja Keskuse m\u00e4ngutuba_Autor Katrin Sisask_DSC06232\"><\/div><\/figure><\/div><\/div><\/div><\/div><\/div><\/div><\/div><\/div><\/div><\/div><\/div><\/div><\/div><div class=\"vce-col vce-col--md-100p vce-col--xs-1 vce-col--xs-last vce-col--xs-first vce-col--sm-last vce-col--sm-first vce-col--md-last vce-col--lg-last vce-col--xl-last vce-col--md-first vce-col--lg-first vce-col--xl-first\" id=\"el-28a87c11\"><div class=\"vce-col-inner\" data-vce-do-apply=\"border margin background  el-28a87c11\"><div class=\"vce-col-content\" data-vce-element-content=\"true\" data-vce-do-apply=\"padding el-28a87c11\"><div class=\"vcv-row-control-wrapper\"><\/div><\/div><\/div><\/div><\/div><\/div><\/div><div class=\"vce-row-container\" data-vce-boxed-width=\"true\"><div class=\"vce-row vce-row--col-gap-30 vce-row-equal-height vce-row-content--top\" id=\"el-4f05d6e6\" data-vce-do-apply=\"all el-4f05d6e6\"><div class=\"vce-row-content\" data-vce-element-content=\"true\"><div class=\"vce-col vce-col--md-auto vce-col--xs-1 vce-col--xs-last vce-col--xs-first vce-col--sm-last vce-col--sm-first vce-col--md-last vce-col--lg-last vce-col--xl-last vce-col--md-first vce-col--lg-first vce-col--xl-first\" id=\"el-9210005d\"><div class=\"vce-col-inner\" data-vce-do-apply=\"border margin background  el-9210005d\"><div class=\"vce-col-content\" data-vce-element-content=\"true\" data-vce-do-apply=\"padding el-9210005d\"><div class=\"vcv-row-control-wrapper\"><\/div><\/div><\/div><\/div><\/div><\/div><\/div><div class=\"vce-row-container\" data-vce-boxed-width=\"true\"><div class=\"vce-row vce-row--col-gap-30 vce-row-equal-height vce-row-content--top\" id=\"el-b32b2769\" data-vce-do-apply=\"all el-b32b2769\"><div class=\"vce-row-content\" data-vce-element-content=\"true\"><div class=\"vce-col vce-col--md-auto vce-col--xs-1 vce-col--xs-last vce-col--xs-first vce-col--sm-last vce-col--sm-first vce-col--md-last vce-col--lg-last vce-col--xl-last vce-col--md-first vce-col--lg-first vce-col--xl-first\" id=\"el-b47cbfdc\"><div class=\"vce-col-inner\" data-vce-do-apply=\"border margin background  el-b47cbfdc\"><div class=\"vce-col-content\" data-vce-element-content=\"true\" data-vce-do-apply=\"padding el-b47cbfdc\"><div class=\"vcv-row-control-wrapper\"><\/div><\/div><\/div><\/div><\/div><\/div><\/div>","protected":false},"excerpt":{"rendered":"J\u00e4\u00e4aja Keskuse vahvas m\u00e4ngutoas on v\u00f5imalik pidada privaatselt p\u00f5nevat ja meeldej\u00e4\u00e4vat s\u00fcnnip\u00e4eva. Tutvu s\u00fcnnip\u00e4eva pakettidega ning broneeri m\u00e4ngutuba mugavalt veebis siin: https:\/\/lydian.ee\/jaaaeg\/sunnipaevad\/ &nbsp;","protected":false},"author":1,"featured_media":29330,"parent":19,"menu_order":396,"comment_status":"closed","ping_status":"closed","template":"template-sidebar.php","meta":{"_acf_changed":false,"ngg_post_thumbnail":0,"footnotes":""},"class_list":["post-211","page","type-page","status-publish","has-post-thumbnail","hentry"],"acf":[],"yoast_head":"<!-- This site is optimized with the Yoast SEO plugin v27.3 - https:\/\/yoast.com\/product\/yoast-seo-wordpress\/ -->\n<title>Laste s\u00fcnnip\u00e4evad J\u00e4\u00e4aja Keskuses - J\u00e4\u00e4aja Keskus<\/title>\n<meta name=\"description\" content=\"T\u00e4hista lapse s\u00fcnnip\u00e4eva J\u00e4\u00e4aja Keskuses \u2013 m\u00e4nguline ja hariv pidu koos n\u00e4ituse, tegevuste ja p\u00f5nevate avastustega. Elamus kogu perele!\" \/>\n<meta name=\"robots\" content=\"index, follow, max-snippet:-1, max-image-preview:large, max-video-preview:-1\" \/>\n<link rel=\"canonical\" href=\"https:\/\/jaaaeg.ee\/ruumide-rent\/laste-sunnipaevad-jaaaja-keskuses\/\" \/>\n<meta property=\"og:locale\" content=\"lv_LV\" \/>\n<meta property=\"og:type\" content=\"article\" \/>\n<meta property=\"og:title\" content=\"Laste s\u00fcnnip\u00e4evad J\u00e4\u00e4aja Keskuses - J\u00e4\u00e4aja Keskus\" \/>\n<meta property=\"og:description\" content=\"T\u00e4hista lapse s\u00fcnnip\u00e4eva J\u00e4\u00e4aja Keskuses \u2013 m\u00e4nguline ja hariv pidu koos n\u00e4ituse, tegevuste ja p\u00f5nevate avastustega. Elamus kogu perele!\" \/>\n<meta property=\"og:url\" content=\"https:\/\/jaaaeg.ee\/ruumide-rent\/laste-sunnipaevad-jaaaja-keskuses\/\" \/>\n<meta property=\"og:site_name\" content=\"J\u00e4\u00e4aja Keskus\" \/>\n<meta property=\"article:publisher\" content=\"https:\/\/www.facebook.com\/JaaajaKeskus\/\" \/>\n<meta property=\"article:modified_time\" content=\"2026-03-05T08:19:40+00:00\" \/>\n<meta property=\"og:image\" content=\"https:\/\/jaaaeg.ee\/wp-content\/uploads\/2024\/10\/20240114_133737-scaled.jpg\" \/>\n\t<meta property=\"og:image:width\" content=\"1920\" \/>\n\t<meta property=\"og:image:height\" content=\"2560\" \/>\n\t<meta property=\"og:image:type\" content=\"image\/jpeg\" \/>\n<meta name=\"twitter:card\" content=\"summary_large_image\" \/>\n<meta name=\"twitter:label1\" content=\"Est. reading time\" \/>\n\t<meta name=\"twitter:data1\" content=\"2 minutes\" \/>\n<script type=\"application\/ld+json\" class=\"yoast-schema-graph\">{\"@context\":\"https:\\\/\\\/schema.org\",\"@graph\":[{\"@type\":\"WebPage\",\"@id\":\"https:\\\/\\\/jaaaeg.ee\\\/ruumide-rent\\\/laste-sunnipaevad-jaaaja-keskuses\\\/\",\"url\":\"https:\\\/\\\/jaaaeg.ee\\\/ruumide-rent\\\/laste-sunnipaevad-jaaaja-keskuses\\\/\",\"name\":\"Laste s\u00fcnnip\u00e4evad J\u00e4\u00e4aja Keskuses - J\u00e4\u00e4aja Keskus\",\"isPartOf\":{\"@id\":\"https:\\\/\\\/jaaaeg.ee\\\/ru\\\/#website\"},\"primaryImageOfPage\":{\"@id\":\"https:\\\/\\\/jaaaeg.ee\\\/ruumide-rent\\\/laste-sunnipaevad-jaaaja-keskuses\\\/#primaryimage\"},\"image\":{\"@id\":\"https:\\\/\\\/jaaaeg.ee\\\/ruumide-rent\\\/laste-sunnipaevad-jaaaja-keskuses\\\/#primaryimage\"},\"thumbnailUrl\":\"https:\\\/\\\/jaaaeg.ee\\\/wp-content\\\/uploads\\\/2024\\\/10\\\/20240114_133737-scaled.jpg\",\"datePublished\":\"2018-09-11T12:07:46+00:00\",\"dateModified\":\"2026-03-05T08:19:40+00:00\",\"description\":\"T\u00e4hista lapse s\u00fcnnip\u00e4eva J\u00e4\u00e4aja Keskuses \u2013 m\u00e4nguline ja hariv pidu koos n\u00e4ituse, tegevuste ja p\u00f5nevate avastustega. Elamus kogu perele!\",\"breadcrumb\":{\"@id\":\"https:\\\/\\\/jaaaeg.ee\\\/ruumide-rent\\\/laste-sunnipaevad-jaaaja-keskuses\\\/#breadcrumb\"},\"inLanguage\":\"lv-LV\",\"potentialAction\":[{\"@type\":\"ReadAction\",\"target\":[\"https:\\\/\\\/jaaaeg.ee\\\/ruumide-rent\\\/laste-sunnipaevad-jaaaja-keskuses\\\/\"]}]},{\"@type\":\"ImageObject\",\"inLanguage\":\"lv-LV\",\"@id\":\"https:\\\/\\\/jaaaeg.ee\\\/ruumide-rent\\\/laste-sunnipaevad-jaaaja-keskuses\\\/#primaryimage\",\"url\":\"https:\\\/\\\/jaaaeg.ee\\\/wp-content\\\/uploads\\\/2024\\\/10\\\/20240114_133737-scaled.jpg\",\"contentUrl\":\"https:\\\/\\\/jaaaeg.ee\\\/wp-content\\\/uploads\\\/2024\\\/10\\\/20240114_133737-scaled.jpg\",\"width\":\"1920\",\"height\":\"2560\",\"caption\":\"20240114 133737 scaled\"},{\"@type\":\"BreadcrumbList\",\"@id\":\"https:\\\/\\\/jaaaeg.ee\\\/ruumide-rent\\\/laste-sunnipaevad-jaaaja-keskuses\\\/#breadcrumb\",\"itemListElement\":[{\"@type\":\"ListItem\",\"position\":1,\"name\":\"Home\",\"item\":\"https:\\\/\\\/jaaaeg.ee\\\/lv\\\/\"},{\"@type\":\"ListItem\",\"position\":2,\"name\":\"Ruumide rent\",\"item\":\"https:\\\/\\\/jaaaeg.ee\\\/ruumide-rent\\\/\"},{\"@type\":\"ListItem\",\"position\":3,\"name\":\"Laste s\u00fcnnip\u00e4evad J\u00e4\u00e4aja Keskuses\"}]},{\"@type\":\"WebSite\",\"@id\":\"https:\\\/\\\/jaaaeg.ee\\\/ru\\\/#website\",\"url\":\"https:\\\/\\\/jaaaeg.ee\\\/ru\\\/\",\"name\":\"J\u00e4\u00e4aja Keskus\",\"description\":\"avastamisr\u00f5\u00f5m igas vanuses k\u00fclastajatele\",\"potentialAction\":[{\"@type\":\"SearchAction\",\"target\":{\"@type\":\"EntryPoint\",\"urlTemplate\":\"https:\\\/\\\/jaaaeg.ee\\\/ru\\\/?s={search_term_string}\"},\"query-input\":{\"@type\":\"PropertyValueSpecification\",\"valueRequired\":true,\"valueName\":\"search_term_string\"}}],\"inLanguage\":\"lv-LV\"}]}<\/script>\n<!-- \/ Yoast SEO plugin. -->","yoast_head_json":{"title":"Laste s\u00fcnnip\u00e4evad J\u00e4\u00e4aja Keskuses - J\u00e4\u00e4aja Keskus","description":"T\u00e4hista lapse s\u00fcnnip\u00e4eva J\u00e4\u00e4aja Keskuses \u2013 m\u00e4nguline ja hariv pidu koos n\u00e4ituse, tegevuste ja p\u00f5nevate avastustega. Elamus kogu perele!","robots":{"index":"index","follow":"follow","max-snippet":"max-snippet:-1","max-image-preview":"max-image-preview:large","max-video-preview":"max-video-preview:-1"},"canonical":"https:\/\/jaaaeg.ee\/ruumide-rent\/laste-sunnipaevad-jaaaja-keskuses\/","og_locale":"lv_LV","og_type":"article","og_title":"Laste s\u00fcnnip\u00e4evad J\u00e4\u00e4aja Keskuses - J\u00e4\u00e4aja Keskus","og_description":"T\u00e4hista lapse s\u00fcnnip\u00e4eva J\u00e4\u00e4aja Keskuses \u2013 m\u00e4nguline ja hariv pidu koos n\u00e4ituse, tegevuste ja p\u00f5nevate avastustega. Elamus kogu perele!","og_url":"https:\/\/jaaaeg.ee\/ruumide-rent\/laste-sunnipaevad-jaaaja-keskuses\/","og_site_name":"J\u00e4\u00e4aja Keskus","article_publisher":"https:\/\/www.facebook.com\/JaaajaKeskus\/","article_modified_time":"2026-03-05T08:19:40+00:00","og_image":[{"width":1920,"height":2560,"url":"https:\/\/jaaaeg.ee\/wp-content\/uploads\/2024\/10\/20240114_133737-scaled.jpg","type":"image\/jpeg"}],"twitter_card":"summary_large_image","twitter_misc":{"Est. reading time":"2 minutes"},"schema":{"@context":"https:\/\/schema.org","@graph":[{"@type":"WebPage","@id":"https:\/\/jaaaeg.ee\/ruumide-rent\/laste-sunnipaevad-jaaaja-keskuses\/","url":"https:\/\/jaaaeg.ee\/ruumide-rent\/laste-sunnipaevad-jaaaja-keskuses\/","name":"Laste s\u00fcnnip\u00e4evad J\u00e4\u00e4aja Keskuses - J\u00e4\u00e4aja Keskus","isPartOf":{"@id":"https:\/\/jaaaeg.ee\/ru\/#website"},"primaryImageOfPage":{"@id":"https:\/\/jaaaeg.ee\/ruumide-rent\/laste-sunnipaevad-jaaaja-keskuses\/#primaryimage"},"image":{"@id":"https:\/\/jaaaeg.ee\/ruumide-rent\/laste-sunnipaevad-jaaaja-keskuses\/#primaryimage"},"thumbnailUrl":"https:\/\/jaaaeg.ee\/wp-content\/uploads\/2024\/10\/20240114_133737-scaled.jpg","datePublished":"2018-09-11T12:07:46+00:00","dateModified":"2026-03-05T08:19:40+00:00","description":"T\u00e4hista lapse s\u00fcnnip\u00e4eva J\u00e4\u00e4aja Keskuses \u2013 m\u00e4nguline ja hariv pidu koos n\u00e4ituse, tegevuste ja p\u00f5nevate avastustega. Elamus kogu perele!","breadcrumb":{"@id":"https:\/\/jaaaeg.ee\/ruumide-rent\/laste-sunnipaevad-jaaaja-keskuses\/#breadcrumb"},"inLanguage":"lv-LV","potentialAction":[{"@type":"ReadAction","target":["https:\/\/jaaaeg.ee\/ruumide-rent\/laste-sunnipaevad-jaaaja-keskuses\/"]}]},{"@type":"ImageObject","inLanguage":"lv-LV","@id":"https:\/\/jaaaeg.ee\/ruumide-rent\/laste-sunnipaevad-jaaaja-keskuses\/#primaryimage","url":"https:\/\/jaaaeg.ee\/wp-content\/uploads\/2024\/10\/20240114_133737-scaled.jpg","contentUrl":"https:\/\/jaaaeg.ee\/wp-content\/uploads\/2024\/10\/20240114_133737-scaled.jpg","width":"1920","height":"2560","caption":"20240114 133737 scaled"},{"@type":"BreadcrumbList","@id":"https:\/\/jaaaeg.ee\/ruumide-rent\/laste-sunnipaevad-jaaaja-keskuses\/#breadcrumb","itemListElement":[{"@type":"ListItem","position":1,"name":"Home","item":"https:\/\/jaaaeg.ee\/lv\/"},{"@type":"ListItem","position":2,"name":"Ruumide rent","item":"https:\/\/jaaaeg.ee\/ruumide-rent\/"},{"@type":"ListItem","position":3,"name":"Laste s\u00fcnnip\u00e4evad J\u00e4\u00e4aja Keskuses"}]},{"@type":"WebSite","@id":"https:\/\/jaaaeg.ee\/ru\/#website","url":"https:\/\/jaaaeg.ee\/ru\/","name":"J\u00e4\u00e4aja Keskus","description":"avastamisr\u00f5\u00f5m igas vanuses k\u00fclastajatele","potentialAction":[{"@type":"SearchAction","target":{"@type":"EntryPoint","urlTemplate":"https:\/\/jaaaeg.ee\/ru\/?s={search_term_string}"},"query-input":{"@type":"PropertyValueSpecification","valueRequired":true,"valueName":"search_term_string"}}],"inLanguage":"lv-LV"}]}},"_links":{"self":[{"href":"https:\/\/jaaaeg.ee\/lv\/wp-json\/wp\/v2\/pages\/211","targetHints":{"allow":["GET"]}}],"collection":[{"href":"https:\/\/jaaaeg.ee\/lv\/wp-json\/wp\/v2\/pages"}],"about":[{"href":"https:\/\/jaaaeg.ee\/lv\/wp-json\/wp\/v2\/types\/page"}],"author":[{"embeddable":true,"href":"https:\/\/jaaaeg.ee\/lv\/wp-json\/wp\/v2\/users\/1"}],"replies":[{"embeddable":true,"href":"https:\/\/jaaaeg.ee\/lv\/wp-json\/wp\/v2\/comments?post=211"}],"version-history":[{"count":61,"href":"https:\/\/jaaaeg.ee\/lv\/wp-json\/wp\/v2\/pages\/211\/revisions"}],"predecessor-version":[{"id":33764,"href":"https:\/\/jaaaeg.ee\/lv\/wp-json\/wp\/v2\/pages\/211\/revisions\/33764"}],"up":[{"embeddable":true,"href":"https:\/\/jaaaeg.ee\/lv\/wp-json\/wp\/v2\/pages\/19"}],"wp:featuredmedia":[{"embeddable":true,"href":"https:\/\/jaaaeg.ee\/lv\/wp-json\/wp\/v2\/media\/29330"}],"wp:attachment":[{"href":"https:\/\/jaaaeg.ee\/lv\/wp-json\/wp\/v2\/media?parent=211"}],"curies":[{"name":"wp","href":"https:\/\/api.w.org\/{rel}","templated":true}]}}