{"id":191,"date":"2018-09-11T14:45:54","date_gmt":"2018-09-11T11:45:54","guid":{"rendered":"http:\/\/jaaaeg.ee\/?page_id=191"},"modified":"2023-03-24T12:01:46","modified_gmt":"2023-03-24T10:01:46","slug":"erivajadustega-inimesed-lapsevanker","status":"publish","type":"page","link":"https:\/\/jaaaeg.ee\/lv\/jaaaja-keskusest\/erivajadustega-inimesed-lapsevanker\/","title":{"rendered":"Ligip\u00e4\u00e4setavus"},"content":{"rendered":"<div class=\"vce-row-container\" data-vce-boxed-width=\"true\"><div class=\"vce-row vce-row--col-gap-30 vce-row-equal-height vce-row-content--top\" id=\"el-8bd557c9\" data-vce-do-apply=\"all el-8bd557c9\"><div class=\"vce-row-content\" data-vce-element-content=\"true\"><div class=\"vce-col vce-col--md-auto vce-col--xs-1 vce-col--xs-last vce-col--xs-first vce-col--sm-last vce-col--sm-first vce-col--md-last vce-col--lg-last vce-col--xl-last vce-col--md-first vce-col--lg-first vce-col--xl-first\" id=\"el-24feef2a\"><div class=\"vce-col-inner\" data-vce-do-apply=\"border margin background  el-24feef2a\"><div class=\"vce-col-content\" data-vce-element-content=\"true\" data-vce-do-apply=\"padding el-24feef2a\"><div class=\"vce-text-block\"><div class=\"vce-text-block-wrapper vce\" id=\"el-6ce83159\" data-vce-do-apply=\"all el-6ce83159\"><!--vcv no format-->\n<div class=\"vce-row-container\" data-vce-boxed-width=\"true\">\n<div id=\"el-81f7fbe4\" class=\"vce-row vce-row--col-gap-30 vce-row-equal-height vce-row-content--top\" data-vce-do-apply=\"all el-81f7fbe4\">\n<div class=\"vce-row-content\" data-vce-element-content=\"true\">\n<div id=\"el-a996c1b3\" class=\"vce-col vce-col--md-auto vce-col--xs-1 vce-col--xs-last vce-col--xs-first vce-col--sm-last vce-col--sm-first vce-col--md-last vce-col--lg-last vce-col--xl-last vce-col--md-first vce-col--lg-first vce-col--xl-first\">\n<div class=\"vce-col-inner\" data-vce-do-apply=\"border margin background  el-a996c1b3\">\n<div class=\"vce-col-content\" data-vce-element-content=\"true\" data-vce-do-apply=\"padding el-a996c1b3\">\n<div class=\"vce-text-block\">\n<div id=\"el-e52cca3b\" class=\"vce-text-block-wrapper vce\" data-vce-do-apply=\"all el-e52cca3b\"><!--vcv no format-->\n\n\n<div class=\"vce-row-container\" data-vce-boxed-width=\"true\">\n<div id=\"el-f1324997\" class=\"vce-row vce-row--col-gap-30 vce-row-equal-height vce-row-content--top\" data-vce-do-apply=\"all el-f1324997\">\n<div class=\"vce-row-content\" data-vce-element-content=\"true\">\n\n\n<div id=\"el-e424fc33\" class=\"vce-col vce-col--md-auto vce-col--xs-1 vce-col--xs-last vce-col--xs-first vce-col--sm-last vce-col--sm-first vce-col--md-last vce-col--lg-last vce-col--xl-last vce-col--md-first vce-col--lg-first vce-col--xl-first\">\n<div class=\"vce-col-inner\" data-vce-do-apply=\"border margin background  el-e424fc33\">\n<div class=\"vce-col-content\" data-vce-element-content=\"true\" data-vce-do-apply=\"padding el-e424fc33\">\n\n\n<div class=\"vce-text-block\">\n<div id=\"el-641ecd03\" class=\"vce-text-block-wrapper vce\" data-vce-do-apply=\"all el-641ecd03\">\n<p><!--vcv no format--><\/p>\n<div class=\"vce-row-container\">\n<div id=\"el-0cde6ba6\" class=\"vce-row vce-row--col-gap-30 vce-row-columns--top vce-row-content--top\" data-vce-do-apply=\"all el-0cde6ba6\">\n<div class=\"vce-row-content\" data-vce-element-content=\"true\">\n<div id=\"el-86f5a488\" class=\"vce-col vce-col--md-auto vce-col--xs-1 vce-col--xs-last vce-col--xs-first vce-col--sm-last vce-col--sm-first vce-col--md-last vce-col--lg-last vce-col--xl-last vce-col--md-first vce-col--lg-first vce-col--xl-first\">\n<div class=\"vce-col-inner\" data-vce-do-apply=\"border margin background el-86f5a488\">\n<div class=\"vce-col-content\" data-vce-element-content=\"true\" data-vce-do-apply=\"padding el-86f5a488\">\n<div class=\"vce-text-block\">\n<div id=\"el-8bf17b35\" class=\"vce-text-block-wrapper vce\" data-vce-do-apply=\"all el-8bf17b35\">\n<p style=\"font-weight: 400;\"><strong>Ligip\u00e4\u00e4setavus<\/strong><\/p>\n<p style=\"font-weight: 400;\">Kuidas meile juurde tulla?<\/p>\n<p style=\"font-weight: 400;\">Meie juurde saab tulla auto, jalgratta ja ka \u00fchiskondliku transpordiga. Maja ees on suur parkla.<\/p>\n<p style=\"font-weight: 400;\"><a href=\"https:\/\/www.tpilet.ee\/timetable\/search?departureStop=tartu&amp;destinationStop=8131\" target=\"_blank\" rel=\"noopener\">Vaata t\u00e4psemalt bussiaegu Tartu bussijaamast SIIT.<\/a><\/p>\n<p style=\"font-weight: 400;\">&nbsp;<br><strong>V\u00e4ikelastega perele<\/strong><\/p>\n<p style=\"font-weight: 400;\">Majja p\u00e4\u00e4seb k\u00e4rudega kaldteed m\u00f6\u00f6da<\/p>\n<p style=\"font-weight: 400;\">V\u00f5ite j\u00e4tta k\u00e4ru meie riietehoidu v\u00f5i v\u00f5tta keskusesse kaasa, majas on lift. Lifti asukoha leiate viitade j\u00e4rgi, aga kindlasti juhatab teed ka piletim\u00fc\u00fcgi t\u00f6\u00f6taja<\/p>\n<p style=\"font-weight: 400;\">K\u00f5ikides WCdes 1. ja 3. korrusel on v\u00e4ikesed potid k\u00f5ige pisematele, m\u00e4hkimislaud asub maja 1. korrusel inva-WC-s piletim\u00fc\u00fcgi leti vastas.<\/p>\n<p style=\"font-weight: 400;\"><strong><br>Erivajadusega k\u00fclastajale<\/strong><\/p>\n<p style=\"font-weight: 400;\">Majja&nbsp;p\u00e4\u00e4seb kaldteed m\u00f6\u00f6da, majas on lift.<\/p>\n<p style=\"font-weight: 400;\">Lifti asukoha leiate viitade j\u00e4rgi, aga kindlasti juhatab teed ka piletim\u00fc\u00fcgi t\u00f6\u00f6taja.<\/p>\n<p style=\"font-weight: 400;\">Inva-WC asub 1. Korrusel otse piletim\u00fc\u00fcgi leti vastas.<\/p>\n<p style=\"font-weight: 400;\">S\u00fcgava puudega inimesed p\u00e4\u00e4sevad J\u00e4\u00e4aja Keskusesse tasuta. Erivajadustega inimestele ning s\u00fcgava puudega inimese saatjale kehtib sooduspilet 7 \u20ac.<\/p>\n<p>&nbsp;<\/p>\n<\/div>\n<\/div>\n<\/div>\n<\/div>\n<\/div>\n<\/div>\n<\/div>\n<\/div>\n<div class=\"vce-row-container\">\n<div id=\"el-80aa4af9\" class=\"vce-row vce-row--col-gap-30 vce-row-columns--top vce-row-content--top\" data-vce-do-apply=\"all el-80aa4af9\">\n<div class=\"vce-row-content\" data-vce-element-content=\"true\">\n<div id=\"el-6da57978\" class=\"vce-col vce-col--md-auto vce-col--xs-1 vce-col--xs-last vce-col--xs-first vce-col--sm-last vce-col--sm-first vce-col--md-last vce-col--lg-last vce-col--xl-last vce-col--md-first vce-col--lg-first vce-col--xl-first\">\n<div class=\"vce-col-inner\" data-vce-do-apply=\"border margin background el-6da57978\">\n<div class=\"vce-col-content\" data-vce-element-content=\"true\" data-vce-do-apply=\"padding el-6da57978\">\n<div class=\"vce-yt-video-player vce-yt-video-player--align-center vce-yt-video-player--size-560x315\">\n<div id=\"el-d79d78ce\" class=\"vce vce-yt-video-player-wrapper\" style=\"width: 560px;\" data-vce-do-apply=\"all el-d79d78ce\">\n<div class=\"vce-yt-video-player-inner\"><iframe loading=\"lazy\" class=\"vce-yt-video-player-iframe\" src=\"https:\/\/www.youtube.com\/embed\/s1qR7fB7neA?autoplay=0&amp;mute=0&amp;color=red&amp;controls=1&amp;loop=0&amp;rel=0&amp;start=0&amp;cc_load_policy=0&amp;iv_load_policy=3\" width=\"640\" height=\"390\" frameborder=\"0\" allowfullscreen=\"allowfullscreen\"><\/iframe><\/div>\n<\/div>\n<\/div>\n<\/div>\n<\/div>\n<\/div>\n<\/div>\n<\/div>\n<\/div>\n<p><!--vcv no format--><\/p>\n<\/div>\n<\/div>\n<\/div>\n<\/div>\n<\/div>\n<\/div>\n<\/div>\n<\/div>\n<!--vcv no format--><\/div>\n<\/div>\n<\/div>\n<\/div>\n<\/div>\n<\/div>\n<\/div>\n<\/div>\n<!--vcv no format--><\/div><\/div><\/div><\/div><\/div><\/div><\/div><\/div>","protected":false},"excerpt":{"rendered":"","protected":false},"author":1,"featured_media":0,"parent":13,"menu_order":332,"comment_status":"closed","ping_status":"closed","template":"template-sidebar.php","meta":{"_acf_changed":false,"ngg_post_thumbnail":0,"footnotes":""},"class_list":["post-191","page","type-page","status-publish","hentry"],"acf":[],"yoast_head":"<!-- This site is optimized with the Yoast SEO plugin v27.3 - https:\/\/yoast.com\/product\/yoast-seo-wordpress\/ -->\n<title>Ligip\u00e4\u00e4setavus - J\u00e4\u00e4aja Keskus<\/title>\n<meta name=\"robots\" content=\"index, follow, max-snippet:-1, max-image-preview:large, max-video-preview:-1\" \/>\n<link rel=\"canonical\" href=\"https:\/\/jaaaeg.ee\/jaaaja-keskusest\/erivajadustega-inimesed\/\" \/>\n<meta property=\"og:locale\" content=\"lv_LV\" \/>\n<meta property=\"og:type\" content=\"article\" \/>\n<meta property=\"og:title\" content=\"Ligip\u00e4\u00e4setavus - J\u00e4\u00e4aja Keskus\" \/>\n<meta property=\"og:url\" content=\"https:\/\/jaaaeg.ee\/jaaaja-keskusest\/erivajadustega-inimesed\/\" \/>\n<meta property=\"og:site_name\" content=\"J\u00e4\u00e4aja Keskus\" \/>\n<meta property=\"article:publisher\" content=\"https:\/\/www.facebook.com\/JaaajaKeskus\/\" \/>\n<meta property=\"article:modified_time\" content=\"2023-03-24T10:01:46+00:00\" \/>\n<meta name=\"twitter:card\" content=\"summary_large_image\" \/>\n<meta name=\"twitter:label1\" content=\"Est. reading time\" \/>\n\t<meta name=\"twitter:data1\" content=\"1 minute\" \/>\n<script type=\"application\/ld+json\" class=\"yoast-schema-graph\">{\"@context\":\"https:\\\/\\\/schema.org\",\"@graph\":[{\"@type\":\"WebPage\",\"@id\":\"https:\\\/\\\/jaaaeg.ee\\\/jaaaja-keskusest\\\/erivajadustega-inimesed\\\/\",\"url\":\"https:\\\/\\\/jaaaeg.ee\\\/jaaaja-keskusest\\\/erivajadustega-inimesed\\\/\",\"name\":\"Ligip\u00e4\u00e4setavus - J\u00e4\u00e4aja Keskus\",\"isPartOf\":{\"@id\":\"https:\\\/\\\/jaaaeg.ee\\\/ru\\\/#website\"},\"datePublished\":\"2018-09-11T11:45:54+00:00\",\"dateModified\":\"2023-03-24T10:01:46+00:00\",\"breadcrumb\":{\"@id\":\"https:\\\/\\\/jaaaeg.ee\\\/jaaaja-keskusest\\\/erivajadustega-inimesed\\\/#breadcrumb\"},\"inLanguage\":\"lv-LV\",\"potentialAction\":[{\"@type\":\"ReadAction\",\"target\":[\"https:\\\/\\\/jaaaeg.ee\\\/jaaaja-keskusest\\\/erivajadustega-inimesed\\\/\"]}]},{\"@type\":\"BreadcrumbList\",\"@id\":\"https:\\\/\\\/jaaaeg.ee\\\/jaaaja-keskusest\\\/erivajadustega-inimesed\\\/#breadcrumb\",\"itemListElement\":[{\"@type\":\"ListItem\",\"position\":1,\"name\":\"Home\",\"item\":\"https:\\\/\\\/jaaaeg.ee\\\/lv\\\/\"},{\"@type\":\"ListItem\",\"position\":2,\"name\":\"J\u00e4\u00e4aja Keskusest\",\"item\":\"https:\\\/\\\/jaaaeg.ee\\\/jaaaja-keskusest\\\/\"},{\"@type\":\"ListItem\",\"position\":3,\"name\":\"Ligip\u00e4\u00e4setavus\"}]},{\"@type\":\"WebSite\",\"@id\":\"https:\\\/\\\/jaaaeg.ee\\\/ru\\\/#website\",\"url\":\"https:\\\/\\\/jaaaeg.ee\\\/ru\\\/\",\"name\":\"J\u00e4\u00e4aja Keskus\",\"description\":\"avastamisr\u00f5\u00f5m igas vanuses k\u00fclastajatele\",\"potentialAction\":[{\"@type\":\"SearchAction\",\"target\":{\"@type\":\"EntryPoint\",\"urlTemplate\":\"https:\\\/\\\/jaaaeg.ee\\\/ru\\\/?s={search_term_string}\"},\"query-input\":{\"@type\":\"PropertyValueSpecification\",\"valueRequired\":true,\"valueName\":\"search_term_string\"}}],\"inLanguage\":\"lv-LV\"}]}<\/script>\n<!-- \/ Yoast SEO plugin. -->","yoast_head_json":{"title":"Ligip\u00e4\u00e4setavus - J\u00e4\u00e4aja Keskus","robots":{"index":"index","follow":"follow","max-snippet":"max-snippet:-1","max-image-preview":"max-image-preview:large","max-video-preview":"max-video-preview:-1"},"canonical":"https:\/\/jaaaeg.ee\/jaaaja-keskusest\/erivajadustega-inimesed\/","og_locale":"lv_LV","og_type":"article","og_title":"Ligip\u00e4\u00e4setavus - J\u00e4\u00e4aja Keskus","og_url":"https:\/\/jaaaeg.ee\/jaaaja-keskusest\/erivajadustega-inimesed\/","og_site_name":"J\u00e4\u00e4aja Keskus","article_publisher":"https:\/\/www.facebook.com\/JaaajaKeskus\/","article_modified_time":"2023-03-24T10:01:46+00:00","twitter_card":"summary_large_image","twitter_misc":{"Est. reading time":"1 minute"},"schema":{"@context":"https:\/\/schema.org","@graph":[{"@type":"WebPage","@id":"https:\/\/jaaaeg.ee\/jaaaja-keskusest\/erivajadustega-inimesed\/","url":"https:\/\/jaaaeg.ee\/jaaaja-keskusest\/erivajadustega-inimesed\/","name":"Ligip\u00e4\u00e4setavus - J\u00e4\u00e4aja Keskus","isPartOf":{"@id":"https:\/\/jaaaeg.ee\/ru\/#website"},"datePublished":"2018-09-11T11:45:54+00:00","dateModified":"2023-03-24T10:01:46+00:00","breadcrumb":{"@id":"https:\/\/jaaaeg.ee\/jaaaja-keskusest\/erivajadustega-inimesed\/#breadcrumb"},"inLanguage":"lv-LV","potentialAction":[{"@type":"ReadAction","target":["https:\/\/jaaaeg.ee\/jaaaja-keskusest\/erivajadustega-inimesed\/"]}]},{"@type":"BreadcrumbList","@id":"https:\/\/jaaaeg.ee\/jaaaja-keskusest\/erivajadustega-inimesed\/#breadcrumb","itemListElement":[{"@type":"ListItem","position":1,"name":"Home","item":"https:\/\/jaaaeg.ee\/lv\/"},{"@type":"ListItem","position":2,"name":"J\u00e4\u00e4aja Keskusest","item":"https:\/\/jaaaeg.ee\/jaaaja-keskusest\/"},{"@type":"ListItem","position":3,"name":"Ligip\u00e4\u00e4setavus"}]},{"@type":"WebSite","@id":"https:\/\/jaaaeg.ee\/ru\/#website","url":"https:\/\/jaaaeg.ee\/ru\/","name":"J\u00e4\u00e4aja Keskus","description":"avastamisr\u00f5\u00f5m igas vanuses k\u00fclastajatele","potentialAction":[{"@type":"SearchAction","target":{"@type":"EntryPoint","urlTemplate":"https:\/\/jaaaeg.ee\/ru\/?s={search_term_string}"},"query-input":{"@type":"PropertyValueSpecification","valueRequired":true,"valueName":"search_term_string"}}],"inLanguage":"lv-LV"}]}},"_links":{"self":[{"href":"https:\/\/jaaaeg.ee\/lv\/wp-json\/wp\/v2\/pages\/191","targetHints":{"allow":["GET"]}}],"collection":[{"href":"https:\/\/jaaaeg.ee\/lv\/wp-json\/wp\/v2\/pages"}],"about":[{"href":"https:\/\/jaaaeg.ee\/lv\/wp-json\/wp\/v2\/types\/page"}],"author":[{"embeddable":true,"href":"https:\/\/jaaaeg.ee\/lv\/wp-json\/wp\/v2\/users\/1"}],"replies":[{"embeddable":true,"href":"https:\/\/jaaaeg.ee\/lv\/wp-json\/wp\/v2\/comments?post=191"}],"version-history":[{"count":8,"href":"https:\/\/jaaaeg.ee\/lv\/wp-json\/wp\/v2\/pages\/191\/revisions"}],"predecessor-version":[{"id":22012,"href":"https:\/\/jaaaeg.ee\/lv\/wp-json\/wp\/v2\/pages\/191\/revisions\/22012"}],"up":[{"embeddable":true,"href":"https:\/\/jaaaeg.ee\/lv\/wp-json\/wp\/v2\/pages\/13"}],"wp:attachment":[{"href":"https:\/\/jaaaeg.ee\/lv\/wp-json\/wp\/v2\/media?parent=191"}],"curies":[{"name":"wp","href":"https:\/\/api.w.org\/{rel}","templated":true}]}}