{"id":18300,"date":"2020-04-27T16:29:25","date_gmt":"2020-04-27T13:29:25","guid":{"rendered":"https:\/\/jaaaeg.ee\/?page_id=18300"},"modified":"2020-11-03T23:33:22","modified_gmt":"2020-11-03T21:33:22","slug":"privaatsuspoliitika","status":"publish","type":"page","link":"https:\/\/jaaaeg.ee\/lv\/jaaaja-keskusest\/privaatsuspoliitika\/","title":{"rendered":"Privaatsuspoliitika"},"content":{"rendered":"<div class=\"vce-row-container\"><div class=\"vce-row vce-row--col-gap-30 vce-row-columns--top vce-row-content--top\" id=\"el-174921d2\" data-vce-do-apply=\"all el-174921d2\"><div class=\"vce-row-content\" data-vce-element-content=\"true\"><div class=\"vce-col vce-col--md-auto vce-col--xs-1 vce-col--xs-last vce-col--xs-first vce-col--sm-last vce-col--sm-first vce-col--md-last vce-col--lg-last vce-col--xl-last vce-col--md-first vce-col--lg-first vce-col--xl-first\" id=\"el-471e806a\"><div class=\"vce-col-inner\" data-vce-do-apply=\"border margin background  el-471e806a\"><div class=\"vce-col-content\" data-vce-element-content=\"true\" data-vce-do-apply=\"padding el-471e806a\"><div class=\"vce-text-block\"><div class=\"vce-text-block-wrapper vce\" id=\"el-faa1655b\" data-vce-do-apply=\"all el-faa1655b\"><p>J\u00e4\u00e4aja Keskus soovib teha oma kodulehe selle k\u00fclastajate jaoks nii kergesti kasutatavaks kui v\u00f5imalik. Selle jaoks on J\u00e4\u00e4aja Keskusel vaja teada, milliseid lehti erinevad k\u00fclastajad kasutavad, milliseid brausereid ehk&nbsp; veebilehitsejaid nad kasutavad ja millisel moel nad erinevate veebilehtede vahel liiguvad.<\/p><p>Andmete kogumiseks ja anal\u00fc\u00fcsimiseks on kasutusel tarkvara <strong>Google Analytics<\/strong>, mille poolt kogutava informatsiooni ja anal\u00fc\u00fcsiv\u00f5imaluste kohta leiate t\u00e4psema info siit: <a href=\"https:\/\/support.google.com\/analytics\/answer\/1012034?hl=en\">https:\/\/support.google.com\/analytics\/answer\/1012034?hl=en<\/a><\/p><p>Kui soovite, et teie k\u00fclastuse andmeid ei kasutataks selliseks anal\u00fc\u00fcsiks, on teil v\u00f5imalik oma brauserit t\u00e4iendada vastava lisarakendusega, mille leiate siit: <a href=\"https:\/\/tools.google.com\/dlpage\/gaoptout\/\">https:\/\/tools.google.com\/dlpage\/gaoptout\/<\/a><br>K\u00fcpsised (ingl. <em>cookies<\/em>) on informatsioon, mille brauser s\u00e4ilitab kasutaja seadmes ja nende eesm\u00e4rk on s\u00e4ilitada kasutaja isiklikke eelistusi (valitud keel, kasutajatunnus jms). K\u00fcpsiste kasutamist on kasutajal v\u00f5imalik&nbsp; oma brauseris keelata, kuid see v\u00f5ib v\u00e4hendada kodulehe kasutusmugavust. K\u00fcpsiste eluiga kasutaja seadmes on l\u00fchike. \u00dcldjuhul on see v\u00e4iksem kui \u00fcks kuu. Kui soovite k\u00fcpsised keelata v\u00f5i kustutada, saate abi oma brauseri kasutusjuhendist.<\/p><p>Kasutajate k\u00fclastuste andmed on anon\u00fc\u00fcmsed ning ligip\u00e4\u00e4su neile omab ainult kitsas ring J\u00e4\u00e4aja Keskuse t\u00f6\u00f6tajaid. Salvestatavaid andmeid kasutatakse ainult tehnilistel eesm\u00e4rkidel tagamaks kodulehe n\u00f5uetele vastav toimimine ning vajadusel ka toimunud t\u00f5rgete p\u00f5hjus(t)e leidmiseks. Ligip\u00e4\u00e4su neile andmetele omavad J\u00e4\u00e4aja Keskuse t\u00f6\u00f6tajad.<\/p><p>J\u00e4\u00e4aja Keskuse veebilehel on v\u00f5imalik esitada t\u00e4iendavaid p\u00e4ringuid sisestades selle k\u00e4igus oma isikuandmed. Neid andmed kasutatakse ainult vastavalt p\u00e4ringust tulenevale vajadusele ja s\u00e4ilitatakse vastavalt kasutaja poolt andmete sisestamisel lubatud tingimustele. Kui teil on ettepanekuid v\u00f5i k\u00fcsimusi oma isikuandmete t\u00f6\u00f6tlemise kohta, v\u00f5tke palun \u00fchendust&nbsp;<a href=\"mailto:info@jaaaeg.ee\">info@jaaaeg.ee<\/a><br>Kui te arvate, et teie privaatsus\u00f5igusi on rikutud, v\u00f5ite te esitada kaebuse <strong>Andmekaitse <\/strong><strong>Inspektsioonile<\/strong>: <a href=\"https:\/\/www.aki.ee\/et\">https:\/\/www.aki.ee\/et<\/a><\/p><p>Kui teie alaline elukoht on m\u00f5nes muus EL liikmesriigis, leiate vastava asutuse kontaktinfo sellelt aadressilt: <a href=\"https:\/\/ec.europa.eu\/newsroom\/article29\/item-detail.cfm?item_id=612080\">https:\/\/ec.europa.eu\/newsroom\/article29\/item-detail.cfm?item_id=612080<\/a><\/p><\/div><\/div><\/div><\/div><\/div><\/div><\/div><\/div>\n","protected":false},"excerpt":{"rendered":"J\u00e4\u00e4aja Keskus soovib teha oma kodulehe selle k\u00fclastajate jaoks nii kergesti kasutatavaks kui v\u00f5imalik. Selle jaoks on J\u00e4\u00e4aja Keskusel vaja teada, milliseid lehti erinevad k\u00fclastajad kasutavad, milliseid brausereid ehk&nbsp; veebilehitsejaid nad kasutavad ja millisel moel nad erinevate veebilehtede vahel liiguvad.Andmete kogumiseks ja anal\u00fc\u00fcsimiseks on kasutusel tarkvara Google Analytics, mille poolt kogutava informatsiooni ja anal\u00fc\u00fcsiv\u00f5imaluste kohta&#8230; <a class=\"view-article\" href=\"https:\/\/jaaaeg.ee\/lv\/jaaaja-keskusest\/privaatsuspoliitika\/\">Las\u012bt vair\u0101k<\/a>","protected":false},"author":3,"featured_media":0,"parent":13,"menu_order":380,"comment_status":"closed","ping_status":"closed","template":"template-sidebar.php","meta":{"_acf_changed":false,"ngg_post_thumbnail":0,"footnotes":""},"class_list":["post-18300","page","type-page","status-publish","hentry"],"acf":[],"yoast_head":"<!-- This site is optimized with the Yoast SEO plugin v27.3 - https:\/\/yoast.com\/product\/yoast-seo-wordpress\/ -->\n<title>Privaatsuspoliitika - J\u00e4\u00e4aja Keskus<\/title>\n<meta name=\"robots\" content=\"index, follow, max-snippet:-1, max-image-preview:large, max-video-preview:-1\" \/>\n<link rel=\"canonical\" href=\"https:\/\/jaaaeg.ee\/jaaaja-keskusest\/privaatsuspoliitika\/\" \/>\n<meta property=\"og:locale\" content=\"lv_LV\" \/>\n<meta property=\"og:type\" content=\"article\" \/>\n<meta property=\"og:title\" content=\"Privaatsuspoliitika - J\u00e4\u00e4aja Keskus\" \/>\n<meta property=\"og:description\" content=\"J\u00e4\u00e4aja Keskus soovib teha oma kodulehe selle k\u00fclastajate jaoks nii kergesti kasutatavaks kui v\u00f5imalik. Selle jaoks on J\u00e4\u00e4aja Keskusel vaja teada, milliseid lehti erinevad k\u00fclastajad kasutavad, milliseid brausereid ehk&nbsp; veebilehitsejaid nad kasutavad ja millisel moel nad erinevate veebilehtede vahel liiguvad.Andmete kogumiseks ja anal\u00fc\u00fcsimiseks on kasutusel tarkvara Google Analytics, mille poolt kogutava informatsiooni ja anal\u00fc\u00fcsiv\u00f5imaluste kohta... Las\u012bt vair\u0101k\" \/>\n<meta property=\"og:url\" content=\"https:\/\/jaaaeg.ee\/jaaaja-keskusest\/privaatsuspoliitika\/\" \/>\n<meta property=\"og:site_name\" content=\"J\u00e4\u00e4aja Keskus\" \/>\n<meta property=\"article:publisher\" content=\"https:\/\/www.facebook.com\/JaaajaKeskus\/\" \/>\n<meta property=\"article:modified_time\" content=\"2020-11-03T21:33:22+00:00\" \/>\n<meta name=\"twitter:card\" content=\"summary_large_image\" \/>\n<meta name=\"twitter:label1\" content=\"Est. reading time\" \/>\n\t<meta name=\"twitter:data1\" content=\"2 minutes\" \/>\n<script type=\"application\/ld+json\" class=\"yoast-schema-graph\">{\"@context\":\"https:\\\/\\\/schema.org\",\"@graph\":[{\"@type\":\"WebPage\",\"@id\":\"https:\\\/\\\/jaaaeg.ee\\\/jaaaja-keskusest\\\/privaatsuspoliitika\\\/\",\"url\":\"https:\\\/\\\/jaaaeg.ee\\\/jaaaja-keskusest\\\/privaatsuspoliitika\\\/\",\"name\":\"Privaatsuspoliitika - J\u00e4\u00e4aja Keskus\",\"isPartOf\":{\"@id\":\"https:\\\/\\\/jaaaeg.ee\\\/ru\\\/#website\"},\"datePublished\":\"2020-04-27T13:29:25+00:00\",\"dateModified\":\"2020-11-03T21:33:22+00:00\",\"breadcrumb\":{\"@id\":\"https:\\\/\\\/jaaaeg.ee\\\/jaaaja-keskusest\\\/privaatsuspoliitika\\\/#breadcrumb\"},\"inLanguage\":\"lv-LV\",\"potentialAction\":[{\"@type\":\"ReadAction\",\"target\":[\"https:\\\/\\\/jaaaeg.ee\\\/jaaaja-keskusest\\\/privaatsuspoliitika\\\/\"]}]},{\"@type\":\"BreadcrumbList\",\"@id\":\"https:\\\/\\\/jaaaeg.ee\\\/jaaaja-keskusest\\\/privaatsuspoliitika\\\/#breadcrumb\",\"itemListElement\":[{\"@type\":\"ListItem\",\"position\":1,\"name\":\"Home\",\"item\":\"https:\\\/\\\/jaaaeg.ee\\\/lv\\\/\"},{\"@type\":\"ListItem\",\"position\":2,\"name\":\"J\u00e4\u00e4aja Keskusest\",\"item\":\"https:\\\/\\\/jaaaeg.ee\\\/jaaaja-keskusest\\\/\"},{\"@type\":\"ListItem\",\"position\":3,\"name\":\"Privaatsuspoliitika\"}]},{\"@type\":\"WebSite\",\"@id\":\"https:\\\/\\\/jaaaeg.ee\\\/ru\\\/#website\",\"url\":\"https:\\\/\\\/jaaaeg.ee\\\/ru\\\/\",\"name\":\"J\u00e4\u00e4aja Keskus\",\"description\":\"avastamisr\u00f5\u00f5m igas vanuses k\u00fclastajatele\",\"potentialAction\":[{\"@type\":\"SearchAction\",\"target\":{\"@type\":\"EntryPoint\",\"urlTemplate\":\"https:\\\/\\\/jaaaeg.ee\\\/ru\\\/?s={search_term_string}\"},\"query-input\":{\"@type\":\"PropertyValueSpecification\",\"valueRequired\":true,\"valueName\":\"search_term_string\"}}],\"inLanguage\":\"lv-LV\"}]}<\/script>\n<!-- \/ Yoast SEO plugin. -->","yoast_head_json":{"title":"Privaatsuspoliitika - J\u00e4\u00e4aja Keskus","robots":{"index":"index","follow":"follow","max-snippet":"max-snippet:-1","max-image-preview":"max-image-preview:large","max-video-preview":"max-video-preview:-1"},"canonical":"https:\/\/jaaaeg.ee\/jaaaja-keskusest\/privaatsuspoliitika\/","og_locale":"lv_LV","og_type":"article","og_title":"Privaatsuspoliitika - J\u00e4\u00e4aja Keskus","og_description":"J\u00e4\u00e4aja Keskus soovib teha oma kodulehe selle k\u00fclastajate jaoks nii kergesti kasutatavaks kui v\u00f5imalik. Selle jaoks on J\u00e4\u00e4aja Keskusel vaja teada, milliseid lehti erinevad k\u00fclastajad kasutavad, milliseid brausereid ehk&nbsp; veebilehitsejaid nad kasutavad ja millisel moel nad erinevate veebilehtede vahel liiguvad.Andmete kogumiseks ja anal\u00fc\u00fcsimiseks on kasutusel tarkvara Google Analytics, mille poolt kogutava informatsiooni ja anal\u00fc\u00fcsiv\u00f5imaluste kohta... Las\u012bt vair\u0101k","og_url":"https:\/\/jaaaeg.ee\/jaaaja-keskusest\/privaatsuspoliitika\/","og_site_name":"J\u00e4\u00e4aja Keskus","article_publisher":"https:\/\/www.facebook.com\/JaaajaKeskus\/","article_modified_time":"2020-11-03T21:33:22+00:00","twitter_card":"summary_large_image","twitter_misc":{"Est. reading time":"2 minutes"},"schema":{"@context":"https:\/\/schema.org","@graph":[{"@type":"WebPage","@id":"https:\/\/jaaaeg.ee\/jaaaja-keskusest\/privaatsuspoliitika\/","url":"https:\/\/jaaaeg.ee\/jaaaja-keskusest\/privaatsuspoliitika\/","name":"Privaatsuspoliitika - J\u00e4\u00e4aja Keskus","isPartOf":{"@id":"https:\/\/jaaaeg.ee\/ru\/#website"},"datePublished":"2020-04-27T13:29:25+00:00","dateModified":"2020-11-03T21:33:22+00:00","breadcrumb":{"@id":"https:\/\/jaaaeg.ee\/jaaaja-keskusest\/privaatsuspoliitika\/#breadcrumb"},"inLanguage":"lv-LV","potentialAction":[{"@type":"ReadAction","target":["https:\/\/jaaaeg.ee\/jaaaja-keskusest\/privaatsuspoliitika\/"]}]},{"@type":"BreadcrumbList","@id":"https:\/\/jaaaeg.ee\/jaaaja-keskusest\/privaatsuspoliitika\/#breadcrumb","itemListElement":[{"@type":"ListItem","position":1,"name":"Home","item":"https:\/\/jaaaeg.ee\/lv\/"},{"@type":"ListItem","position":2,"name":"J\u00e4\u00e4aja Keskusest","item":"https:\/\/jaaaeg.ee\/jaaaja-keskusest\/"},{"@type":"ListItem","position":3,"name":"Privaatsuspoliitika"}]},{"@type":"WebSite","@id":"https:\/\/jaaaeg.ee\/ru\/#website","url":"https:\/\/jaaaeg.ee\/ru\/","name":"J\u00e4\u00e4aja Keskus","description":"avastamisr\u00f5\u00f5m igas vanuses k\u00fclastajatele","potentialAction":[{"@type":"SearchAction","target":{"@type":"EntryPoint","urlTemplate":"https:\/\/jaaaeg.ee\/ru\/?s={search_term_string}"},"query-input":{"@type":"PropertyValueSpecification","valueRequired":true,"valueName":"search_term_string"}}],"inLanguage":"lv-LV"}]}},"_links":{"self":[{"href":"https:\/\/jaaaeg.ee\/lv\/wp-json\/wp\/v2\/pages\/18300","targetHints":{"allow":["GET"]}}],"collection":[{"href":"https:\/\/jaaaeg.ee\/lv\/wp-json\/wp\/v2\/pages"}],"about":[{"href":"https:\/\/jaaaeg.ee\/lv\/wp-json\/wp\/v2\/types\/page"}],"author":[{"embeddable":true,"href":"https:\/\/jaaaeg.ee\/lv\/wp-json\/wp\/v2\/users\/3"}],"replies":[{"embeddable":true,"href":"https:\/\/jaaaeg.ee\/lv\/wp-json\/wp\/v2\/comments?post=18300"}],"version-history":[{"count":1,"href":"https:\/\/jaaaeg.ee\/lv\/wp-json\/wp\/v2\/pages\/18300\/revisions"}],"predecessor-version":[{"id":18301,"href":"https:\/\/jaaaeg.ee\/lv\/wp-json\/wp\/v2\/pages\/18300\/revisions\/18301"}],"up":[{"embeddable":true,"href":"https:\/\/jaaaeg.ee\/lv\/wp-json\/wp\/v2\/pages\/13"}],"wp:attachment":[{"href":"https:\/\/jaaaeg.ee\/lv\/wp-json\/wp\/v2\/media?parent=18300"}],"curies":[{"name":"wp","href":"https:\/\/api.w.org\/{rel}","templated":true}]}}