{"id":1783,"date":"2018-10-02T17:37:41","date_gmt":"2018-10-02T14:37:41","guid":{"rendered":"http:\/\/jaaaeg.ee\/?page_id=1783"},"modified":"2025-05-02T14:10:04","modified_gmt":"2025-05-02T11:10:04","slug":"braucieni-ar-plostu","status":"publish","type":"page","link":"https:\/\/jaaaeg.ee\/lv\/braucieni-ar-plostu\/","title":{"rendered":"Braucieni ar plostu"},"content":{"rendered":"<div class=\"vce-row-container\" data-vce-boxed-width=\"true\"><div class=\"vce-row vce-row--col-gap-30 vce-row-content--top\" id=\"el-e5882c7b\" data-vce-do-apply=\"all el-e5882c7b\"><div class=\"vce-row-content\" data-vce-element-content=\"true\"><div class=\"vce-col vce-col--md-100p vce-col--xs-1 vce-col--xs-last vce-col--xs-first vce-col--sm-last vce-col--sm-first vce-col--md-last vce-col--lg-last vce-col--xl-last vce-col--md-first vce-col--lg-first vce-col--xl-first\" id=\"el-6abf018b\"><div class=\"vce-col-inner\" data-vce-do-apply=\"border margin background  el-6abf018b\"><div class=\"vce-col-content\" data-vce-element-content=\"true\" data-vce-do-apply=\"padding el-6abf018b\"><div class=\"vce-text-block\"><div class=\"vce-text-block-wrapper vce\" id=\"el-ab5175f6\" data-vce-do-apply=\"all el-ab5175f6\"><p class=\"\" data-start=\"0\" data-end=\"92\">Saadj\u00e4rves plosts brauciens pied\u0101v\u0101 br\u012bni\u0161\u0137\u012bgus dabas skatus un aizraujo\u0161us piedz\u012bvojumus!<\/p><h3 data-start=\"94\" data-end=\"223\">No 1. maija l\u012bdz 1. oktobrim iesp\u0113jams doties \u012bs\u0101kos un gar\u0101kos braucienos pa skaisto Saadj\u00e4rvi ezeru no Ledus laikmeta centra.<\/h3><p class=\"\" data-start=\"225\" data-end=\"353\">Plosts var uz\u0146emt l\u012bdz 20 cilv\u0113kiem un ir da\u013c\u0113ji p\u0101rkl\u0101ts ar jumtu, kas pasarg\u0101 no neliela lietus. Uz plosta ir galdi un soli.<\/p><h2 data-start=\"475\" data-end=\"627\"><strong>Plosta brauciens 30 min \/ 5 \u20ac \/ dal\u012bbnieks.<\/strong><br data-start=\"518\" data-end=\"521\"><strong>Ja ir maz\u0101k nek\u0101 pieci pasa\u017eieri, cena ir 25 \u20ac \/ brauciens.<\/strong><br data-start=\"580\" data-end=\"583\">(B\u0113rniem l\u012bdz 5 gadu vecumam \u2013 bez maksas)<\/h2><p class=\"\" data-start=\"629\" data-end=\"700\">Plosta brauciens grup\u0101m 60 \u20ac \/ h<br data-start=\"661\" data-end=\"664\">Plosta brauciens ar gidu 100 \u20ac \/ h<\/p><p class=\"\" data-start=\"702\" data-end=\"904\"><strong>NB! L\u016bdzu, iepriek\u0161 p\u0101rbaudiet plosta pieejam\u012bbu un izbrauk\u0161anas laikus, zvanot pa t\u0101lruni +372 5911 3318 vai rakstot uz e-pastu <a rel=\"noopener\" data-start=\"831\" data-end=\"845\">info@jaaaeg.ee<\/a>.<\/strong> No \u0161iem kontaktiem ir iesp\u0113jams ar\u012b veikt rezerv\u0101cijas.<\/p><p class=\"\" data-start=\"906\" data-end=\"975\"><strong>Uz plosta iesp\u0113jams svin\u0113t pas\u0101kumus ar \u0113din\u0101\u0161anu un gida pavad\u012bb\u0101!<\/strong><\/p><h2 data-start=\"977\" data-end=\"1000\"><a href=\"https:\/\/jaaaeg.ee\/lv\/kontakti\/\" target=\"_blank\" rel=\"noopener\">Pieprasiet pied\u0101v\u0101jumu<\/a><\/h2><h2>&nbsp;<\/h2><\/div><\/div><div class=\"vce-image-gallery vce-image-gallery--gap-10 vce-image-gallery--columns-3\"><div class=\"vce-image-gallery-wrapper vce\" id=\"el-462561ca\" data-vce-do-apply=\"all el-462561ca\"><div class=\"vce-image-gallery-list\"><div class=\"vce-image-gallery-item\"><figure class=\"vce-image-gallery-item-inner-wrapper\"><a href=\"https:\/\/jaaaeg.ee\/wp-content\/uploads\/2018\/10\/IMG_4606-scaled.jpg\" data-lightbox=\"lightbox-462561ca\" class=\"vce-image-gallery-item-inner\"><img decoding=\"async\" class=\"vce-image-gallery-img\" src=\"https:\/\/jaaaeg.ee\/wp-content\/uploads\/2018\/10\/IMG_4606-700x467.jpg\" alt=\"IMG 4606 scaled\" title=\"IMG 4606 scaled\"><\/a><\/figure><\/div><div class=\"vce-image-gallery-item\"><figure class=\"vce-image-gallery-item-inner-wrapper\"><a href=\"https:\/\/jaaaeg.ee\/wp-content\/uploads\/2018\/10\/IMG_4594-scaled.jpg\" data-lightbox=\"lightbox-462561ca\" class=\"vce-image-gallery-item-inner\"><img decoding=\"async\" class=\"vce-image-gallery-img\" src=\"https:\/\/jaaaeg.ee\/wp-content\/uploads\/2018\/10\/IMG_4594-700x440.jpg\" alt=\"IMG 4594 scaled\" title=\"IMG 4594 scaled\"><\/a><\/figure><\/div><div class=\"vce-image-gallery-item\"><figure class=\"vce-image-gallery-item-inner-wrapper\"><a href=\"https:\/\/jaaaeg.ee\/wp-content\/uploads\/2018\/10\/20220710_165921-scaled.jpg\" data-lightbox=\"lightbox-462561ca\" class=\"vce-image-gallery-item-inner\"><img decoding=\"async\" class=\"vce-image-gallery-img\" src=\"https:\/\/jaaaeg.ee\/wp-content\/uploads\/2018\/10\/20220710_165921-700x525.jpg\" alt=\"20220710 165921 scaled\" title=\"20220710 165921 scaled\"><\/a><\/figure><\/div><div class=\"vce-image-gallery-item\"><figure class=\"vce-image-gallery-item-inner-wrapper\"><a href=\"https:\/\/jaaaeg.ee\/wp-content\/uploads\/2018\/10\/parv_2019-scaled.jpg\" data-lightbox=\"lightbox-462561ca\" class=\"vce-image-gallery-item-inner\"><img decoding=\"async\" class=\"vce-image-gallery-img\" src=\"https:\/\/jaaaeg.ee\/wp-content\/uploads\/2018\/10\/parv_2019-700x525.jpg\" alt=\"parv 2019 scaled\" title=\"parv 2019 scaled\"><\/a><\/figure><\/div><div class=\"vce-image-gallery-item\"><figure class=\"vce-image-gallery-item-inner-wrapper\"><a href=\"https:\/\/jaaaeg.ee\/wp-content\/uploads\/2018\/10\/JK-Parv_Kadri-Valner_2023.jpg\" data-lightbox=\"lightbox-462561ca\" class=\"vce-image-gallery-item-inner\"><img decoding=\"async\" class=\"vce-image-gallery-img\" src=\"https:\/\/jaaaeg.ee\/wp-content\/uploads\/2018\/10\/JK-Parv_Kadri-Valner_2023-700x525.jpg\" alt=\"JK Parv Kadri Valner 2023\" title=\"JK Parv Kadri Valner 2023\"><\/a><\/figure><\/div><div class=\"vce-image-gallery-item\"><figure class=\"vce-image-gallery-item-inner-wrapper\"><a href=\"https:\/\/jaaaeg.ee\/wp-content\/uploads\/2024\/06\/JK-Parv_Kadri-Valner_2023.jpg\" data-lightbox=\"lightbox-462561ca\" class=\"vce-image-gallery-item-inner\"><img decoding=\"async\" class=\"vce-image-gallery-img\" src=\"https:\/\/jaaaeg.ee\/wp-content\/uploads\/2024\/06\/JK-Parv_Kadri-Valner_2023-700x525.jpg\" alt=\"JK Parv Kadri Valner 2023\" title=\"JK Parv Kadri Valner 2023\"><\/a><\/figure><\/div><\/div><\/div><\/div><\/div><\/div><\/div><\/div><\/div><\/div>\n","protected":false},"excerpt":{"rendered":"Saadj\u00e4rves plosts brauciens pied\u0101v\u0101 br\u012bni\u0161\u0137\u012bgus dabas skatus un aizraujo\u0161us piedz\u012bvojumus!No 1. maija l\u012bdz 1. oktobrim iesp\u0113jams doties \u012bs\u0101kos un gar\u0101kos braucienos pa skaisto Saadj\u00e4rvi ezeru no Ledus laikmeta centra.Plosts var uz\u0146emt l\u012bdz 20 cilv\u0113kiem un ir da\u013c\u0113ji p\u0101rkl\u0101ts ar jumtu, kas pasarg\u0101 no neliela lietus. Uz plosta ir galdi un soli.Plosta brauciens 30 min \/&#8230; <a class=\"view-article\" href=\"https:\/\/jaaaeg.ee\/lv\/braucieni-ar-plostu\/\">Las\u012bt vair\u0101k<\/a>","protected":false},"author":1,"featured_media":16632,"parent":0,"menu_order":383,"comment_status":"closed","ping_status":"closed","template":"","meta":{"_acf_changed":false,"ngg_post_thumbnail":0,"footnotes":""},"class_list":["post-1783","page","type-page","status-publish","has-post-thumbnail","hentry"],"acf":[],"yoast_head":"<!-- This site is optimized with the Yoast SEO plugin v27.3 - https:\/\/yoast.com\/product\/yoast-seo-wordpress\/ -->\n<title>Braucieni ar plostu - J\u00e4\u00e4aja Keskus<\/title>\n<meta name=\"robots\" content=\"index, follow, max-snippet:-1, max-image-preview:large, max-video-preview:-1\" \/>\n<link rel=\"canonical\" href=\"https:\/\/jaaaeg.ee\/lv\/braucieni-ar-plostu\/\" \/>\n<meta property=\"og:locale\" content=\"lv_LV\" \/>\n<meta property=\"og:type\" content=\"article\" \/>\n<meta property=\"og:title\" content=\"Braucieni ar plostu - J\u00e4\u00e4aja Keskus\" \/>\n<meta property=\"og:description\" content=\"Saadj\u00e4rves plosts brauciens pied\u0101v\u0101 br\u012bni\u0161\u0137\u012bgus dabas skatus un aizraujo\u0161us piedz\u012bvojumus!No 1. maija l\u012bdz 1. oktobrim iesp\u0113jams doties \u012bs\u0101kos un gar\u0101kos braucienos pa skaisto Saadj\u00e4rvi ezeru no Ledus laikmeta centra.Plosts var uz\u0146emt l\u012bdz 20 cilv\u0113kiem un ir da\u013c\u0113ji p\u0101rkl\u0101ts ar jumtu, kas pasarg\u0101 no neliela lietus. Uz plosta ir galdi un soli.Plosta brauciens 30 min \/... Las\u012bt vair\u0101k\" \/>\n<meta property=\"og:url\" content=\"https:\/\/jaaaeg.ee\/lv\/braucieni-ar-plostu\/\" \/>\n<meta property=\"og:site_name\" content=\"J\u00e4\u00e4aja Keskus\" \/>\n<meta property=\"article:publisher\" content=\"https:\/\/www.facebook.com\/JaaajaKeskus\/\" \/>\n<meta property=\"article:modified_time\" content=\"2025-05-02T11:10:04+00:00\" \/>\n<meta property=\"og:image\" content=\"https:\/\/jaaaeg.ee\/wp-content\/uploads\/2018\/10\/DSC_1108-scaled.jpg\" \/>\n\t<meta property=\"og:image:width\" content=\"2560\" \/>\n\t<meta property=\"og:image:height\" content=\"1707\" \/>\n\t<meta property=\"og:image:type\" content=\"image\/jpeg\" \/>\n<meta name=\"twitter:card\" content=\"summary_large_image\" \/>\n<meta name=\"twitter:label1\" content=\"Est. reading time\" \/>\n\t<meta name=\"twitter:data1\" content=\"1 minute\" \/>\n<script type=\"application\/ld+json\" class=\"yoast-schema-graph\">{\"@context\":\"https:\\\/\\\/schema.org\",\"@graph\":[{\"@type\":\"WebPage\",\"@id\":\"https:\\\/\\\/jaaaeg.ee\\\/lv\\\/braucieni-ar-plostu\\\/\",\"url\":\"https:\\\/\\\/jaaaeg.ee\\\/lv\\\/braucieni-ar-plostu\\\/\",\"name\":\"Braucieni ar plostu - J\u00e4\u00e4aja Keskus\",\"isPartOf\":{\"@id\":\"https:\\\/\\\/jaaaeg.ee\\\/ru\\\/#website\"},\"primaryImageOfPage\":{\"@id\":\"https:\\\/\\\/jaaaeg.ee\\\/lv\\\/braucieni-ar-plostu\\\/#primaryimage\"},\"image\":{\"@id\":\"https:\\\/\\\/jaaaeg.ee\\\/lv\\\/braucieni-ar-plostu\\\/#primaryimage\"},\"thumbnailUrl\":\"https:\\\/\\\/jaaaeg.ee\\\/wp-content\\\/uploads\\\/2018\\\/10\\\/DSC_1108-scaled.jpg\",\"datePublished\":\"2018-10-02T14:37:41+00:00\",\"dateModified\":\"2025-05-02T11:10:04+00:00\",\"breadcrumb\":{\"@id\":\"https:\\\/\\\/jaaaeg.ee\\\/lv\\\/braucieni-ar-plostu\\\/#breadcrumb\"},\"inLanguage\":\"lv-LV\",\"potentialAction\":[{\"@type\":\"ReadAction\",\"target\":[\"https:\\\/\\\/jaaaeg.ee\\\/lv\\\/braucieni-ar-plostu\\\/\"]}]},{\"@type\":\"ImageObject\",\"inLanguage\":\"lv-LV\",\"@id\":\"https:\\\/\\\/jaaaeg.ee\\\/lv\\\/braucieni-ar-plostu\\\/#primaryimage\",\"url\":\"https:\\\/\\\/jaaaeg.ee\\\/wp-content\\\/uploads\\\/2018\\\/10\\\/DSC_1108-scaled.jpg\",\"contentUrl\":\"https:\\\/\\\/jaaaeg.ee\\\/wp-content\\\/uploads\\\/2018\\\/10\\\/DSC_1108-scaled.jpg\",\"width\":2560,\"height\":1707,\"caption\":\"DSC 1108 scaled\"},{\"@type\":\"BreadcrumbList\",\"@id\":\"https:\\\/\\\/jaaaeg.ee\\\/lv\\\/braucieni-ar-plostu\\\/#breadcrumb\",\"itemListElement\":[{\"@type\":\"ListItem\",\"position\":1,\"name\":\"Home\",\"item\":\"https:\\\/\\\/jaaaeg.ee\\\/lv\\\/\"},{\"@type\":\"ListItem\",\"position\":2,\"name\":\"Braucieni ar plostu\"}]},{\"@type\":\"WebSite\",\"@id\":\"https:\\\/\\\/jaaaeg.ee\\\/ru\\\/#website\",\"url\":\"https:\\\/\\\/jaaaeg.ee\\\/ru\\\/\",\"name\":\"J\u00e4\u00e4aja Keskus\",\"description\":\"avastamisr\u00f5\u00f5m igas vanuses k\u00fclastajatele\",\"potentialAction\":[{\"@type\":\"SearchAction\",\"target\":{\"@type\":\"EntryPoint\",\"urlTemplate\":\"https:\\\/\\\/jaaaeg.ee\\\/ru\\\/?s={search_term_string}\"},\"query-input\":{\"@type\":\"PropertyValueSpecification\",\"valueRequired\":true,\"valueName\":\"search_term_string\"}}],\"inLanguage\":\"lv-LV\"}]}<\/script>\n<!-- \/ Yoast SEO plugin. -->","yoast_head_json":{"title":"Braucieni ar plostu - J\u00e4\u00e4aja Keskus","robots":{"index":"index","follow":"follow","max-snippet":"max-snippet:-1","max-image-preview":"max-image-preview:large","max-video-preview":"max-video-preview:-1"},"canonical":"https:\/\/jaaaeg.ee\/lv\/braucieni-ar-plostu\/","og_locale":"lv_LV","og_type":"article","og_title":"Braucieni ar plostu - J\u00e4\u00e4aja Keskus","og_description":"Saadj\u00e4rves plosts brauciens pied\u0101v\u0101 br\u012bni\u0161\u0137\u012bgus dabas skatus un aizraujo\u0161us piedz\u012bvojumus!No 1. maija l\u012bdz 1. oktobrim iesp\u0113jams doties \u012bs\u0101kos un gar\u0101kos braucienos pa skaisto Saadj\u00e4rvi ezeru no Ledus laikmeta centra.Plosts var uz\u0146emt l\u012bdz 20 cilv\u0113kiem un ir da\u013c\u0113ji p\u0101rkl\u0101ts ar jumtu, kas pasarg\u0101 no neliela lietus. Uz plosta ir galdi un soli.Plosta brauciens 30 min \/... Las\u012bt vair\u0101k","og_url":"https:\/\/jaaaeg.ee\/lv\/braucieni-ar-plostu\/","og_site_name":"J\u00e4\u00e4aja Keskus","article_publisher":"https:\/\/www.facebook.com\/JaaajaKeskus\/","article_modified_time":"2025-05-02T11:10:04+00:00","og_image":[{"width":2560,"height":1707,"url":"https:\/\/jaaaeg.ee\/wp-content\/uploads\/2018\/10\/DSC_1108-scaled.jpg","type":"image\/jpeg"}],"twitter_card":"summary_large_image","twitter_misc":{"Est. reading time":"1 minute"},"schema":{"@context":"https:\/\/schema.org","@graph":[{"@type":"WebPage","@id":"https:\/\/jaaaeg.ee\/lv\/braucieni-ar-plostu\/","url":"https:\/\/jaaaeg.ee\/lv\/braucieni-ar-plostu\/","name":"Braucieni ar plostu - J\u00e4\u00e4aja Keskus","isPartOf":{"@id":"https:\/\/jaaaeg.ee\/ru\/#website"},"primaryImageOfPage":{"@id":"https:\/\/jaaaeg.ee\/lv\/braucieni-ar-plostu\/#primaryimage"},"image":{"@id":"https:\/\/jaaaeg.ee\/lv\/braucieni-ar-plostu\/#primaryimage"},"thumbnailUrl":"https:\/\/jaaaeg.ee\/wp-content\/uploads\/2018\/10\/DSC_1108-scaled.jpg","datePublished":"2018-10-02T14:37:41+00:00","dateModified":"2025-05-02T11:10:04+00:00","breadcrumb":{"@id":"https:\/\/jaaaeg.ee\/lv\/braucieni-ar-plostu\/#breadcrumb"},"inLanguage":"lv-LV","potentialAction":[{"@type":"ReadAction","target":["https:\/\/jaaaeg.ee\/lv\/braucieni-ar-plostu\/"]}]},{"@type":"ImageObject","inLanguage":"lv-LV","@id":"https:\/\/jaaaeg.ee\/lv\/braucieni-ar-plostu\/#primaryimage","url":"https:\/\/jaaaeg.ee\/wp-content\/uploads\/2018\/10\/DSC_1108-scaled.jpg","contentUrl":"https:\/\/jaaaeg.ee\/wp-content\/uploads\/2018\/10\/DSC_1108-scaled.jpg","width":2560,"height":1707,"caption":"DSC 1108 scaled"},{"@type":"BreadcrumbList","@id":"https:\/\/jaaaeg.ee\/lv\/braucieni-ar-plostu\/#breadcrumb","itemListElement":[{"@type":"ListItem","position":1,"name":"Home","item":"https:\/\/jaaaeg.ee\/lv\/"},{"@type":"ListItem","position":2,"name":"Braucieni ar plostu"}]},{"@type":"WebSite","@id":"https:\/\/jaaaeg.ee\/ru\/#website","url":"https:\/\/jaaaeg.ee\/ru\/","name":"J\u00e4\u00e4aja Keskus","description":"avastamisr\u00f5\u00f5m igas vanuses k\u00fclastajatele","potentialAction":[{"@type":"SearchAction","target":{"@type":"EntryPoint","urlTemplate":"https:\/\/jaaaeg.ee\/ru\/?s={search_term_string}"},"query-input":{"@type":"PropertyValueSpecification","valueRequired":true,"valueName":"search_term_string"}}],"inLanguage":"lv-LV"}]}},"_links":{"self":[{"href":"https:\/\/jaaaeg.ee\/lv\/wp-json\/wp\/v2\/pages\/1783","targetHints":{"allow":["GET"]}}],"collection":[{"href":"https:\/\/jaaaeg.ee\/lv\/wp-json\/wp\/v2\/pages"}],"about":[{"href":"https:\/\/jaaaeg.ee\/lv\/wp-json\/wp\/v2\/types\/page"}],"author":[{"embeddable":true,"href":"https:\/\/jaaaeg.ee\/lv\/wp-json\/wp\/v2\/users\/1"}],"replies":[{"embeddable":true,"href":"https:\/\/jaaaeg.ee\/lv\/wp-json\/wp\/v2\/comments?post=1783"}],"version-history":[{"count":16,"href":"https:\/\/jaaaeg.ee\/lv\/wp-json\/wp\/v2\/pages\/1783\/revisions"}],"predecessor-version":[{"id":31234,"href":"https:\/\/jaaaeg.ee\/lv\/wp-json\/wp\/v2\/pages\/1783\/revisions\/31234"}],"wp:featuredmedia":[{"embeddable":true,"href":"https:\/\/jaaaeg.ee\/lv\/wp-json\/wp\/v2\/media\/16632"}],"wp:attachment":[{"href":"https:\/\/jaaaeg.ee\/lv\/wp-json\/wp\/v2\/media?parent=1783"}],"curies":[{"name":"wp","href":"https:\/\/api.w.org\/{rel}","templated":true}]}}