{"id":1779,"date":"2018-10-02T17:28:56","date_gmt":"2018-10-02T14:28:56","guid":{"rendered":"http:\/\/jaaaeg.ee\/?page_id=1779"},"modified":"2025-06-09T14:08:06","modified_gmt":"2025-06-09T11:08:06","slug":"telpu-ire","status":"publish","type":"page","link":"https:\/\/jaaaeg.ee\/lv\/telpu-ire\/","title":{"rendered":"Telpu \u012bre"},"content":{"rendered":"<div class=\"vce-row-container\" data-vce-boxed-width=\"true\"><div class=\"vce-row vce-row--col-gap-30 vce-row-content--top\" id=\"el-ae2babc9\" data-vce-do-apply=\"all el-ae2babc9\"><div class=\"vce-row-content\" data-vce-element-content=\"true\"><div class=\"vce-col vce-col--md-100p vce-col--xs-1 vce-col--xs-last vce-col--xs-first vce-col--sm-last vce-col--sm-first vce-col--md-last vce-col--lg-last vce-col--xl-last vce-col--md-first vce-col--lg-first vce-col--xl-first\" id=\"el-6706f2f3\"><div class=\"vce-col-inner\" data-vce-do-apply=\"border margin background  el-6706f2f3\"><div class=\"vce-col-content\" data-vce-element-content=\"true\" data-vce-do-apply=\"padding el-6706f2f3\"><div class=\"vce-text-block\"><div class=\"vce-text-block-wrapper vce\" id=\"el-75f3ca3e\" data-vce-do-apply=\"all el-75f3ca3e\"><p>Ledus laikmeta centrs ir lieliska vieta da\u017e\u0101d\u0101m <strong>konferenc\u0113m, dzim\u0161anas dienu un citu pas\u0101kumu <\/strong>r\u012bko\u0161anai. Ir iesp\u0113jams rezerv\u0113t gan priv\u0101tas semin\u0101ra telpas, gan visu centru \u2013 <strong>iepaz\u012bsties ar m\u016bsu iesp\u0113j\u0101m un prasiet pied\u0101v\u0101jumu!<\/strong><\/p><p>V\u0113lmes gad\u012bjum\u0101 varam papildus pied\u0101v\u0101t aizraujo\u0161as ekskursijas, sp\u0113les un braucienu ar plostu pa S\u0101djerves ezeru. T\u0101pat pied\u0101v\u0101jam \u0113din\u0101\u0161anu un pieg\u0101di. Jaut\u0101jiet papildus un m\u0113s sagatavosim Jums pied\u0101v\u0101jumu! Noteikti varam sniegt labus ieteikumus, k\u0101 J\u016bsu pas\u0101kumu padar\u012bt v\u0113l pr\u0101t\u0101 palieko\u0161\u0101ku! Sadarbojoties atrad\u012bsim vislab\u0101kos risin\u0101jumus!<\/p><\/div><\/div><\/div><\/div><\/div><\/div><\/div><\/div><div class=\"vce-row-container\" data-vce-boxed-width=\"true\"><div class=\"vce-row vce-row--col-gap-30 vce-row-content--top\" id=\"el-f53f3264\" data-vce-do-apply=\"all el-f53f3264\"><div class=\"vce-row-content\" data-vce-element-content=\"true\"><div class=\"vce-col vce-col--md-auto vce-col--xs-1 vce-col--xs-last vce-col--xs-first vce-col--sm-last vce-col--sm-first vce-col--md-last vce-col--lg-last vce-col--xl-last vce-col--md-first vce-col--lg-first vce-col--xl-first\" id=\"el-cdc3325a\"><div class=\"vce-col-inner\" data-vce-do-apply=\"border margin background  el-cdc3325a\"><div class=\"vce-col-content\" data-vce-element-content=\"true\" data-vce-do-apply=\"padding el-cdc3325a\"><div class=\"vce-faq-toggle vce-faq-toggle-color--fff vce-faq-toggle-shape-color--1D64C5 vce-faq-toggle-shape--rounded\"><div class=\"vce-faq-toggle-wrapper vce\" id=\"el-6f4097d3\" data-vce-do-apply=\"margin padding border background  el-6f4097d3\"><div class=\"vce-faq-toggle-inner\"><div class=\"vce-faq-toggle-title\"><h3 class=\"vce-faq-toggle-title-text\" aria-controls=\"faqToggle-6f4097d3\" aria-expanded=\"false\"><i class=\"vce-faq-toggle-icon\"><\/i>Konferen\u010du z\u0101le<\/h3><\/div><div class=\"vce-faq-toggle-text-block\" role=\"region\" id=\"faqToggle-6f4097d3\"><p>Jauna atsevi\u0161\u0137a konferen\u010du z\u0101le ar br\u012bni\u0161\u0137\u012bgu skatu uz S\u0101djerves ezeru ir lieliski piem\u0113rota ofici\u0101liem pas\u0101kumiem, k\u0101 ar\u012b neaizmirstam\u0101m dzim\u0161anas dien\u0101m.<\/p><ul><li>120 s\u0113dvietas te\u0101tra stil\u0101<\/li><li>Ap galdu iesp\u0113jams salikt 100 s\u0113dvietas<\/li><li>WiFi<\/li><li>Ekr\u0101ns<\/li><li>\u0112din\u0101\u0161ana<\/li><\/ul><p><a href=\"http:\/\/jaaaeg.ee\/kontakti\/?lang=lv\"><u>Pras\u012bt pied\u0101v\u0101jumu<\/u><\/a><\/p><\/div><\/div><\/div><\/div><\/div><\/div><\/div><\/div><\/div><\/div><div class=\"vce-row-container\" data-vce-boxed-width=\"true\"><div class=\"vce-row vce-row--col-gap-30 vce-row-content--top\" id=\"el-900ed406\" data-vce-do-apply=\"all el-900ed406\"><div class=\"vce-row-content\" data-vce-element-content=\"true\"><div class=\"vce-col vce-col--md-auto vce-col--xs-1 vce-col--xs-last vce-col--xs-first vce-col--sm-last vce-col--sm-first vce-col--md-last vce-col--lg-last vce-col--xl-last vce-col--md-first vce-col--lg-first vce-col--xl-first\" id=\"el-25d0196b\"><div class=\"vce-col-inner\" data-vce-do-apply=\"border margin background  el-25d0196b\"><div class=\"vce-col-content\" data-vce-element-content=\"true\" data-vce-do-apply=\"padding el-25d0196b\"><div class=\"vce-faq-toggle vce-faq-toggle-color--fff vce-faq-toggle-shape-color--1D64C5 vce-faq-toggle-shape--rounded\"><div class=\"vce-faq-toggle-wrapper vce\" id=\"el-ffd0cc15\" data-vce-do-apply=\"margin padding border background  el-ffd0cc15\"><div class=\"vce-faq-toggle-inner\"><div class=\"vce-faq-toggle-title\"><h3 class=\"vce-faq-toggle-title-text\" aria-controls=\"faqToggle-ffd0cc15\" aria-expanded=\"false\"><i class=\"vce-faq-toggle-icon\"><\/i>Degakmens z\u0101le <\/h3><\/div><div class=\"vce-faq-toggle-text-block\" role=\"region\" id=\"faqToggle-ffd0cc15\"><p>Ledus laikmeta centra tre\u0161aj\u0101 st\u0101v\u0101 atrodas z\u0101le, kura velt\u012bta ener\u0123\u0113tikas t\u0113mai un ir lieliski piem\u0113rota ar\u012b konferen\u010du un citu pas\u0101kumu r\u012bko\u0161anai.<\/p><ul><li>60 s\u0113dvietas te\u0101tra stil\u0101<\/li><li>Ap galdu iesp\u0113jams salikt 30 s\u0113dvietas<\/li><li>WiFi<\/li><li>projektors<\/li><li>ekr\u0101ns<\/li><li>\u0113din\u0101\u0161ana<\/li><\/ul><p><a href=\"http:\/\/jaaaeg.ee\/kontakti\/?lang=lv\">Pras\u012bt pied\u0101v\u0101jumu<\/a><\/p><\/div><\/div><\/div><\/div><\/div><\/div><\/div><\/div><\/div><\/div><div class=\"vce-row-container\" data-vce-boxed-width=\"true\"><div class=\"vce-row vce-row--col-gap-30 vce-row-content--top\" id=\"el-7360cdec\" data-vce-do-apply=\"all el-7360cdec\"><div class=\"vce-row-content\" data-vce-element-content=\"true\"><div class=\"vce-col vce-col--md-auto vce-col--xs-1 vce-col--xs-last vce-col--xs-first vce-col--sm-last vce-col--sm-first vce-col--md-last vce-col--lg-last vce-col--xl-last vce-col--md-first vce-col--lg-first vce-col--xl-first\" id=\"el-b9bafc78\"><div class=\"vce-col-inner\" data-vce-do-apply=\"border margin background  el-b9bafc78\"><div class=\"vce-col-content\" data-vce-element-content=\"true\" data-vce-do-apply=\"padding el-b9bafc78\"><div class=\"vce-faq-toggle vce-faq-toggle-color--fff vce-faq-toggle-shape-color--1D64C5 vce-faq-toggle-shape--rounded\"><div class=\"vce-faq-toggle-wrapper vce\" id=\"el-3f697a70\" data-vce-do-apply=\"margin padding border background  el-3f697a70\"><div class=\"vce-faq-toggle-inner\"><div class=\"vce-faq-toggle-title\"><h3 class=\"vce-faq-toggle-title-text\" aria-controls=\"faqToggle-3f697a70\" aria-expanded=\"false\"><i class=\"vce-faq-toggle-icon\"><\/i>Vestibils<\/h3><\/div><div class=\"vce-faq-toggle-text-block\" role=\"region\" id=\"faqToggle-3f697a70\"><p>Pla\u0161ais un interesantais Ledus laikmeta vestibils, kura centr\u0101 ir re\u0101l\u0101 izm\u0113ra mamuts, var tikt izmantots visda\u017e\u0101d\u0101ko pas\u0101kumu un konferen\u010du r\u012bko\u0161anai.<\/p><ul><li>l\u012bdz 300 st\u0101vviet\u0101m<\/li><li>200 s\u0113dvietas te\u0101tra stil\u0101<\/li><li>Ap galdu iesp\u0113jams salikt 100 s\u0113dvietas<\/li><li>WiFi<\/li><li>projektors<\/li><li>ekr\u0101ns<\/li><li>\u0113din\u0101\u0161ana<\/li><\/ul><p><a href=\"http:\/\/jaaaeg.ee\/kontakti\/?lang=lv\">Pras\u012bt pied\u0101v\u0101jumu<\/a><\/p><\/div><\/div><\/div><\/div><\/div><\/div><\/div><\/div><\/div><\/div><div class=\"vce-row-container\" data-vce-boxed-width=\"true\"><div class=\"vce-row vce-row--col-gap-30 vce-row-content--top\" id=\"el-b74e73fa\" data-vce-do-apply=\"all el-b74e73fa\"><div class=\"vce-row-content\" data-vce-element-content=\"true\"><div class=\"vce-col vce-col--md-auto vce-col--xs-1 vce-col--xs-last vce-col--xs-first vce-col--sm-last vce-col--sm-first vce-col--md-last vce-col--lg-last vce-col--xl-last vce-col--md-first vce-col--lg-first vce-col--xl-first\" id=\"el-85be263e\"><div class=\"vce-col-inner\" data-vce-do-apply=\"border margin background  el-85be263e\"><div class=\"vce-col-content\" data-vce-element-content=\"true\" data-vce-do-apply=\"padding el-85be263e\"><div class=\"vce-faq-toggle vce-faq-toggle-color--fff vce-faq-toggle-shape-color--1D64C5 vce-faq-toggle-shape--rounded\"><div class=\"vce-faq-toggle-wrapper vce\" id=\"el-149cf882\" data-vce-do-apply=\"margin padding border background  el-149cf882\"><div class=\"vce-faq-toggle-inner\"><div class=\"vce-faq-toggle-title\"><h3 class=\"vce-faq-toggle-title-text\" aria-controls=\"faqToggle-149cf882\" aria-expanded=\"false\"><i class=\"vce-faq-toggle-icon\"><\/i>Ledus laikmeta centrs (visa \u0113ka)<\/h3><\/div><div class=\"vce-faq-toggle-text-block\" role=\"region\" id=\"faqToggle-149cf882\"><p>Ledus laikmeta trijos st\u0101vos ar pla\u0161o vestibilu iesp\u0113jams uz\u0146emt l\u012bdz 800 cilv\u0113ku, t\u0101d\u0113j\u0101di radot iesp\u0113ju r\u012bkot \u013coti \u012bpa\u0161us un svin\u012bgus pas\u0101kumus. Centr\u0101 ir 2200 m<sup>2 &nbsp;<\/sup>aizraujo\u0161u ekspoz\u012bciju.<\/p><ul><li>l\u012bdz 800 st\u0101vvietu te\u0101tra stil\u0101 vis\u0101 \u0113k\u0101<\/li><li>400 s\u0113dvietu<\/li><li>Ap galdu iesp\u0113jams salikt 200 s\u0113dvietu<\/li><li>WiFi<\/li><li>projektors<\/li><li>ekr\u0101ns<\/li><li>\u0113din\u0101\u0161ana<\/li><\/ul><p><a href=\"http:\/\/jaaaeg.ee\/kontakti\/?lang=lv\">Prasi pied\u0101v\u0101jumu<\/a><\/p><\/div><\/div><\/div><\/div><\/div><\/div><\/div><\/div><\/div><\/div><div class=\"vce-row-container\" data-vce-boxed-width=\"true\"><div class=\"vce-row vce-row--col-gap-30 vce-row-content--top\" id=\"el-2354400b\" data-vce-do-apply=\"all el-2354400b\"><div class=\"vce-row-content\" data-vce-element-content=\"true\"><div class=\"vce-col vce-col--md-auto vce-col--xs-1 vce-col--xs-last vce-col--xs-first vce-col--sm-last vce-col--sm-first vce-col--md-last vce-col--lg-last vce-col--xl-last vce-col--md-first vce-col--lg-first vce-col--xl-first\" id=\"el-17116758\"><div class=\"vce-col-inner\" data-vce-do-apply=\"border margin background  el-17116758\"><div class=\"vce-col-content\" data-vce-element-content=\"true\" data-vce-do-apply=\"padding el-17116758\"><div class=\"vce-faq-toggle vce-faq-toggle-color--fff vce-faq-toggle-shape-color--1D64C5 vce-faq-toggle-shape--rounded\"><div class=\"vce-faq-toggle-wrapper vce\" id=\"el-0ce89aae\" data-vce-do-apply=\"margin padding border background  el-0ce89aae\"><div class=\"vce-faq-toggle-inner\"><div class=\"vce-faq-toggle-title\"><h3 class=\"vce-faq-toggle-title-text\" aria-controls=\"faqToggle-0ce89aae\" aria-expanded=\"false\"><i class=\"vce-faq-toggle-icon\"><\/i>Plosts<\/h3><\/div><div class=\"vce-faq-toggle-text-block\" role=\"region\" id=\"faqToggle-0ce89aae\"><p>Vasaras period\u0101 m\u0113s da\u017e\u0101diem pas\u0101kumiem pied\u0101v\u0101jam izmantot ar\u012b plostu, kur\u0161 ir pietauvots S\u0101djerves ezer\u0101. No Ledus laikmeta centra ir iesp\u0113jams doties gan \u012bs\u0101kos, gan gar\u0101kos dabas m\u0101c\u012bbu izbraucienos pa gleznaino S\u0101djerves ezeru Ledus laikmeta centra gidu - plostnieku pavad\u012bb\u0101. Ce\u013c\u0101 tiksiet iepaz\u012bstin\u0101ti ar aizraujo\u0161iem st\u0101stiem par S\u0101djerves ezera dabu, Vorem\u0101 drumlinu veido\u0161anos un Kalevipoega atst\u0101taj\u0101m p\u0113d\u0101m viet\u0113j\u0101 apk\u0101rtn\u0113.<\/p><ul><li>Ietilp\u012bba l\u012bdz 20 cilv\u0113kiem<\/li><li>Plosts ir 13,5 m gar\u0161 un 6 m plats<\/li><li>Uz t\u0101 ir galdi un kr\u0113sli<\/li><li>Plosts da\u013c\u0113ji ir nosegts ar jumtu un sien\u0101m, kas pasarg\u0101 no lietus un v\u0113ja<\/li><\/ul><p><a href=\"http:\/\/jaaaeg.ee\/kontakti\/?lang=lv\">Pras\u012bt pied\u0101v\u0101jumu<\/a><\/p><\/div><\/div><\/div><\/div><\/div><\/div><\/div><\/div><\/div><\/div><div class=\"vce-row-container\" data-vce-boxed-width=\"true\"><div class=\"vce-row vce-row--col-gap-30 vce-row-content--top\" id=\"el-b4d52ab9\" data-vce-do-apply=\"all el-b4d52ab9\"><div class=\"vce-row-content\" data-vce-element-content=\"true\"><div class=\"vce-col vce-col--md-auto vce-col--xs-1 vce-col--xs-last vce-col--xs-first vce-col--sm-last vce-col--sm-first vce-col--md-last vce-col--lg-last vce-col--xl-last vce-col--md-first vce-col--lg-first vce-col--xl-first\" id=\"el-b0e937ef\"><div class=\"vce-col-inner\" data-vce-do-apply=\"border margin background  el-b0e937ef\"><div class=\"vce-col-content\" data-vce-element-content=\"true\" data-vce-do-apply=\"padding el-b0e937ef\"><div class=\"vce-faq-toggle vce-faq-toggle-color--fff vce-faq-toggle-shape-color--1D64C5 vce-faq-toggle-shape--rounded\"><div class=\"vce-faq-toggle-wrapper vce\" id=\"el-9cd24238\" data-vce-do-apply=\"margin padding border background  el-9cd24238\"><div class=\"vce-faq-toggle-inner\"><div class=\"vce-faq-toggle-title\"><h3 class=\"vce-faq-toggle-title-text\" aria-controls=\"faqToggle-9cd24238\" aria-expanded=\"false\"><i class=\"vce-faq-toggle-icon\"><\/i>Kafejn\u012bca<\/h3><\/div><div class=\"vce-faq-toggle-text-block\" role=\"region\" id=\"faqToggle-9cd24238\"><p>Kafejn\u012bc\u0101 iesp\u0113jams r\u012bkot gan liel\u0101kus, gan maz\u0101kus pas\u0101kumus. No t\u0101s paveras lielisks skats uz S\u0101djerves ezeru.<\/p><ul><li>Ap galdiem iesp\u0113jams salikt 70 s\u0113dvietas<\/li><li>WiFi<\/li><li>2 televizori<\/li><li>\u0113din\u0101\u0161ana<\/li><\/ul><p><a href=\"http:\/\/jaaaeg.ee\/kontakti\/?lang=lv\">Pras\u012bt pied\u0101v\u0101jumu<\/a><\/p><\/div><\/div><\/div><\/div><\/div><\/div><\/div><\/div><\/div><\/div>\n","protected":false},"excerpt":{"rendered":"Ledus laikmeta centrs ir lieliska vieta da\u017e\u0101d\u0101m konferenc\u0113m, dzim\u0161anas dienu un citu pas\u0101kumu r\u012bko\u0161anai. Ir iesp\u0113jams rezerv\u0113t gan priv\u0101tas semin\u0101ra telpas, gan visu centru \u2013 iepaz\u012bsties ar m\u016bsu iesp\u0113j\u0101m un prasiet pied\u0101v\u0101jumu!V\u0113lmes gad\u012bjum\u0101 varam papildus pied\u0101v\u0101t aizraujo\u0161as ekskursijas, sp\u0113les un braucienu ar plostu pa S\u0101djerves ezeru. T\u0101pat pied\u0101v\u0101jam \u0113din\u0101\u0161anu un pieg\u0101di. Jaut\u0101jiet papildus un m\u0113s&#8230; <a class=\"view-article\" href=\"https:\/\/jaaaeg.ee\/lv\/telpu-ire\/\">Las\u012bt vair\u0101k<\/a>","protected":false},"author":1,"featured_media":33023,"parent":0,"menu_order":395,"comment_status":"closed","ping_status":"closed","template":"","meta":{"_acf_changed":false,"ngg_post_thumbnail":0,"footnotes":""},"class_list":["post-1779","page","type-page","status-publish","has-post-thumbnail","hentry"],"acf":[],"yoast_head":"<!-- This site is optimized with the Yoast SEO plugin v27.3 - https:\/\/yoast.com\/product\/yoast-seo-wordpress\/ -->\n<title>Telpu \u012bre - J\u00e4\u00e4aja Keskus<\/title>\n<meta name=\"robots\" content=\"index, follow, max-snippet:-1, max-image-preview:large, max-video-preview:-1\" \/>\n<link rel=\"canonical\" href=\"https:\/\/jaaaeg.ee\/lv\/telpu-ire\/\" \/>\n<meta property=\"og:locale\" content=\"lv_LV\" \/>\n<meta property=\"og:type\" content=\"article\" \/>\n<meta property=\"og:title\" content=\"Telpu \u012bre - J\u00e4\u00e4aja Keskus\" \/>\n<meta property=\"og:description\" content=\"Ledus laikmeta centrs ir lieliska vieta da\u017e\u0101d\u0101m konferenc\u0113m, dzim\u0161anas dienu un citu pas\u0101kumu r\u012bko\u0161anai. Ir iesp\u0113jams rezerv\u0113t gan priv\u0101tas semin\u0101ra telpas, gan visu centru \u2013 iepaz\u012bsties ar m\u016bsu iesp\u0113j\u0101m un prasiet pied\u0101v\u0101jumu!V\u0113lmes gad\u012bjum\u0101 varam papildus pied\u0101v\u0101t aizraujo\u0161as ekskursijas, sp\u0113les un braucienu ar plostu pa S\u0101djerves ezeru. T\u0101pat pied\u0101v\u0101jam \u0113din\u0101\u0161anu un pieg\u0101di. Jaut\u0101jiet papildus un m\u0113s... Las\u012bt vair\u0101k\" \/>\n<meta property=\"og:url\" content=\"https:\/\/jaaaeg.ee\/lv\/telpu-ire\/\" \/>\n<meta property=\"og:site_name\" content=\"J\u00e4\u00e4aja Keskus\" \/>\n<meta property=\"article:publisher\" content=\"https:\/\/www.facebook.com\/JaaajaKeskus\/\" \/>\n<meta property=\"article:modified_time\" content=\"2025-06-09T11:08:06+00:00\" \/>\n<meta property=\"og:image\" content=\"https:\/\/jaaaeg.ee\/wp-content\/uploads\/2018\/07\/aapl-scaled.jpg\" \/>\n\t<meta property=\"og:image:width\" content=\"2560\" \/>\n\t<meta property=\"og:image:height\" content=\"1707\" \/>\n\t<meta property=\"og:image:type\" content=\"image\/jpeg\" \/>\n<meta name=\"twitter:card\" content=\"summary_large_image\" \/>\n<meta name=\"twitter:label1\" content=\"Est. reading time\" \/>\n\t<meta name=\"twitter:data1\" content=\"2 minutes\" \/>\n<script type=\"application\/ld+json\" class=\"yoast-schema-graph\">{\"@context\":\"https:\\\/\\\/schema.org\",\"@graph\":[{\"@type\":\"WebPage\",\"@id\":\"https:\\\/\\\/jaaaeg.ee\\\/lv\\\/telpu-ire\\\/\",\"url\":\"https:\\\/\\\/jaaaeg.ee\\\/lv\\\/telpu-ire\\\/\",\"name\":\"Telpu \u012bre - J\u00e4\u00e4aja Keskus\",\"isPartOf\":{\"@id\":\"https:\\\/\\\/jaaaeg.ee\\\/ru\\\/#website\"},\"primaryImageOfPage\":{\"@id\":\"https:\\\/\\\/jaaaeg.ee\\\/lv\\\/telpu-ire\\\/#primaryimage\"},\"image\":{\"@id\":\"https:\\\/\\\/jaaaeg.ee\\\/lv\\\/telpu-ire\\\/#primaryimage\"},\"thumbnailUrl\":\"https:\\\/\\\/jaaaeg.ee\\\/wp-content\\\/uploads\\\/2025\\\/10\\\/4-lauda-parketil-1.png\",\"datePublished\":\"2018-10-02T14:28:56+00:00\",\"dateModified\":\"2025-06-09T11:08:06+00:00\",\"breadcrumb\":{\"@id\":\"https:\\\/\\\/jaaaeg.ee\\\/lv\\\/telpu-ire\\\/#breadcrumb\"},\"inLanguage\":\"lv-LV\",\"potentialAction\":[{\"@type\":\"ReadAction\",\"target\":[\"https:\\\/\\\/jaaaeg.ee\\\/lv\\\/telpu-ire\\\/\"]}]},{\"@type\":\"ImageObject\",\"inLanguage\":\"lv-LV\",\"@id\":\"https:\\\/\\\/jaaaeg.ee\\\/lv\\\/telpu-ire\\\/#primaryimage\",\"url\":\"https:\\\/\\\/jaaaeg.ee\\\/wp-content\\\/uploads\\\/2025\\\/10\\\/4-lauda-parketil-1.png\",\"contentUrl\":\"https:\\\/\\\/jaaaeg.ee\\\/wp-content\\\/uploads\\\/2025\\\/10\\\/4-lauda-parketil-1.png\",\"width\":1536,\"height\":1024},{\"@type\":\"BreadcrumbList\",\"@id\":\"https:\\\/\\\/jaaaeg.ee\\\/lv\\\/telpu-ire\\\/#breadcrumb\",\"itemListElement\":[{\"@type\":\"ListItem\",\"position\":1,\"name\":\"Home\",\"item\":\"https:\\\/\\\/jaaaeg.ee\\\/lv\\\/\"},{\"@type\":\"ListItem\",\"position\":2,\"name\":\"Telpu \u012bre\"}]},{\"@type\":\"WebSite\",\"@id\":\"https:\\\/\\\/jaaaeg.ee\\\/ru\\\/#website\",\"url\":\"https:\\\/\\\/jaaaeg.ee\\\/ru\\\/\",\"name\":\"J\u00e4\u00e4aja Keskus\",\"description\":\"avastamisr\u00f5\u00f5m igas vanuses k\u00fclastajatele\",\"potentialAction\":[{\"@type\":\"SearchAction\",\"target\":{\"@type\":\"EntryPoint\",\"urlTemplate\":\"https:\\\/\\\/jaaaeg.ee\\\/ru\\\/?s={search_term_string}\"},\"query-input\":{\"@type\":\"PropertyValueSpecification\",\"valueRequired\":true,\"valueName\":\"search_term_string\"}}],\"inLanguage\":\"lv-LV\"}]}<\/script>\n<!-- \/ Yoast SEO plugin. -->","yoast_head_json":{"title":"Telpu \u012bre - J\u00e4\u00e4aja Keskus","robots":{"index":"index","follow":"follow","max-snippet":"max-snippet:-1","max-image-preview":"max-image-preview:large","max-video-preview":"max-video-preview:-1"},"canonical":"https:\/\/jaaaeg.ee\/lv\/telpu-ire\/","og_locale":"lv_LV","og_type":"article","og_title":"Telpu \u012bre - J\u00e4\u00e4aja Keskus","og_description":"Ledus laikmeta centrs ir lieliska vieta da\u017e\u0101d\u0101m konferenc\u0113m, dzim\u0161anas dienu un citu pas\u0101kumu r\u012bko\u0161anai. Ir iesp\u0113jams rezerv\u0113t gan priv\u0101tas semin\u0101ra telpas, gan visu centru \u2013 iepaz\u012bsties ar m\u016bsu iesp\u0113j\u0101m un prasiet pied\u0101v\u0101jumu!V\u0113lmes gad\u012bjum\u0101 varam papildus pied\u0101v\u0101t aizraujo\u0161as ekskursijas, sp\u0113les un braucienu ar plostu pa S\u0101djerves ezeru. T\u0101pat pied\u0101v\u0101jam \u0113din\u0101\u0161anu un pieg\u0101di. Jaut\u0101jiet papildus un m\u0113s... Las\u012bt vair\u0101k","og_url":"https:\/\/jaaaeg.ee\/lv\/telpu-ire\/","og_site_name":"J\u00e4\u00e4aja Keskus","article_publisher":"https:\/\/www.facebook.com\/JaaajaKeskus\/","article_modified_time":"2025-06-09T11:08:06+00:00","og_image":[{"width":2560,"height":1707,"url":"https:\/\/jaaaeg.ee\/wp-content\/uploads\/2018\/07\/aapl-scaled.jpg","type":"image\/jpeg"}],"twitter_card":"summary_large_image","twitter_misc":{"Est. reading time":"2 minutes"},"schema":{"@context":"https:\/\/schema.org","@graph":[{"@type":"WebPage","@id":"https:\/\/jaaaeg.ee\/lv\/telpu-ire\/","url":"https:\/\/jaaaeg.ee\/lv\/telpu-ire\/","name":"Telpu \u012bre - J\u00e4\u00e4aja Keskus","isPartOf":{"@id":"https:\/\/jaaaeg.ee\/ru\/#website"},"primaryImageOfPage":{"@id":"https:\/\/jaaaeg.ee\/lv\/telpu-ire\/#primaryimage"},"image":{"@id":"https:\/\/jaaaeg.ee\/lv\/telpu-ire\/#primaryimage"},"thumbnailUrl":"https:\/\/jaaaeg.ee\/wp-content\/uploads\/2025\/10\/4-lauda-parketil-1.png","datePublished":"2018-10-02T14:28:56+00:00","dateModified":"2025-06-09T11:08:06+00:00","breadcrumb":{"@id":"https:\/\/jaaaeg.ee\/lv\/telpu-ire\/#breadcrumb"},"inLanguage":"lv-LV","potentialAction":[{"@type":"ReadAction","target":["https:\/\/jaaaeg.ee\/lv\/telpu-ire\/"]}]},{"@type":"ImageObject","inLanguage":"lv-LV","@id":"https:\/\/jaaaeg.ee\/lv\/telpu-ire\/#primaryimage","url":"https:\/\/jaaaeg.ee\/wp-content\/uploads\/2025\/10\/4-lauda-parketil-1.png","contentUrl":"https:\/\/jaaaeg.ee\/wp-content\/uploads\/2025\/10\/4-lauda-parketil-1.png","width":1536,"height":1024},{"@type":"BreadcrumbList","@id":"https:\/\/jaaaeg.ee\/lv\/telpu-ire\/#breadcrumb","itemListElement":[{"@type":"ListItem","position":1,"name":"Home","item":"https:\/\/jaaaeg.ee\/lv\/"},{"@type":"ListItem","position":2,"name":"Telpu \u012bre"}]},{"@type":"WebSite","@id":"https:\/\/jaaaeg.ee\/ru\/#website","url":"https:\/\/jaaaeg.ee\/ru\/","name":"J\u00e4\u00e4aja Keskus","description":"avastamisr\u00f5\u00f5m igas vanuses k\u00fclastajatele","potentialAction":[{"@type":"SearchAction","target":{"@type":"EntryPoint","urlTemplate":"https:\/\/jaaaeg.ee\/ru\/?s={search_term_string}"},"query-input":{"@type":"PropertyValueSpecification","valueRequired":true,"valueName":"search_term_string"}}],"inLanguage":"lv-LV"}]}},"_links":{"self":[{"href":"https:\/\/jaaaeg.ee\/lv\/wp-json\/wp\/v2\/pages\/1779","targetHints":{"allow":["GET"]}}],"collection":[{"href":"https:\/\/jaaaeg.ee\/lv\/wp-json\/wp\/v2\/pages"}],"about":[{"href":"https:\/\/jaaaeg.ee\/lv\/wp-json\/wp\/v2\/types\/page"}],"author":[{"embeddable":true,"href":"https:\/\/jaaaeg.ee\/lv\/wp-json\/wp\/v2\/users\/1"}],"replies":[{"embeddable":true,"href":"https:\/\/jaaaeg.ee\/lv\/wp-json\/wp\/v2\/comments?post=1779"}],"version-history":[{"count":11,"href":"https:\/\/jaaaeg.ee\/lv\/wp-json\/wp\/v2\/pages\/1779\/revisions"}],"predecessor-version":[{"id":31414,"href":"https:\/\/jaaaeg.ee\/lv\/wp-json\/wp\/v2\/pages\/1779\/revisions\/31414"}],"wp:featuredmedia":[{"embeddable":true,"href":"https:\/\/jaaaeg.ee\/lv\/wp-json\/wp\/v2\/media\/33023"}],"wp:attachment":[{"href":"https:\/\/jaaaeg.ee\/lv\/wp-json\/wp\/v2\/media?parent=1779"}],"curies":[{"name":"wp","href":"https:\/\/api.w.org\/{rel}","templated":true}]}}