{"id":1775,"date":"2018-10-02T17:25:51","date_gmt":"2018-10-02T14:25:51","guid":{"rendered":"http:\/\/jaaaeg.ee\/?page_id=1775"},"modified":"2026-03-05T16:51:54","modified_gmt":"2026-03-05T14:51:54","slug":"ledus-laikmeta-centrs-kafejnica","status":"publish","type":"page","link":"https:\/\/jaaaeg.ee\/lv\/ledus-laikmeta-centrs-kafejnica\/","title":{"rendered":"Kafejn\u012bca"},"content":{"rendered":"\r\n<div class=\"vce-row-container\" data-vce-boxed-width=\"true\">\r\n<div id=\"el-5c28222f\" class=\"vce-row vce-row--col-gap-30 vce-row-content--top\" data-vce-do-apply=\"all el-5c28222f\">\r\n<div class=\"vce-row-content\" data-vce-element-content=\"true\">\r\n\r\n\r\n<div id=\"el-de08d993\" class=\"vce-col vce-col--md-100p vce-col--xs-1 vce-col--xs-last vce-col--xs-first vce-col--sm-last vce-col--sm-first vce-col--md-last vce-col--lg-last vce-col--xl-last vce-col--md-first vce-col--lg-first vce-col--xl-first\">\r\n<div class=\"vce-col-inner\" data-vce-do-apply=\"border margin background el-de08d993\">\r\n<div class=\"vce-col-content\" data-vce-element-content=\"true\" data-vce-do-apply=\"padding el-de08d993\">\r\n\r\n\r\n<div class=\"vce-text-block\">\r\n<div id=\"el-d7ebe8b8\" class=\"vce-text-block-wrapper vce\" data-vce-do-apply=\"all el-d7ebe8b8\"><article class=\"text-token-text-primary w-full focus:outline-none scroll-mt-[calc(var(--header-height)+min(200px,max(70px,20svh)))]\" dir=\"auto\" tabindex=\"-1\" data-turn-id=\"request-68cd1d2e-ed14-8324-add6-bf9b4a3b1dce-1\" data-testid=\"conversation-turn-34\" data-scroll-anchor=\"true\" data-turn=\"assistant\">\r\n<div class=\"text-base my-auto mx-auto pb-10 [--thread-content-margin:--spacing(4)] thread-sm:[--thread-content-margin:--spacing(6)] thread-lg:[--thread-content-margin:--spacing(16)] px-(--thread-content-margin)\">\r\n<div class=\"[--thread-content-max-width:40rem] thread-lg:[--thread-content-max-width:48rem] mx-auto max-w-(--thread-content-max-width) flex-1 group\/turn-messages focus-visible:outline-hidden relative flex w-full min-w-0 flex-col agent-turn\" tabindex=\"-1\">\r\n<div class=\"flex max-w-full flex-col grow\">\r\n<div class=\"min-h-8 text-message relative flex w-full flex-col items-end gap-2 text-start break-words whitespace-normal [.text-message+&amp;]:mt-5\" dir=\"auto\" data-message-author-role=\"assistant\" data-message-id=\"b0b50ac6-01e6-46e4-bc70-bafc145d14b0\" data-message-model-slug=\"gpt-5\">\r\n<div class=\"flex w-full flex-col gap-1 empty:hidden first:pt-[1px]\">\r\n<div class=\"markdown prose dark:prose-invert w-full break-words light markdown-new-styling\">\r\n<p data-start=\"432\" data-end=\"519\" data-is-last-node=\"\" data-is-only-node=\"\">Mon\u2013Fri by pre-booking&nbsp;<\/p>\r\n\r\n<h1 data-start=\"432\" data-end=\"519\">Sat\u2013Sun 10\u201317<\/h1>\r\n<p data-start=\"0\" data-end=\"153\" data-is-last-node=\"\" data-is-only-node=\"\"><br data-start=\"75\" data-end=\"78\">Brokastis <strong>10\u201312<\/strong><\/p>\r\n<p data-start=\"0\" data-end=\"153\" data-is-last-node=\"\" data-is-only-node=\"\">Karstais bufetes galds<strong> 12\u201316<\/strong><\/p>\r\n<p data-start=\"0\" data-end=\"153\" data-is-last-node=\"\" data-is-only-node=\"\">B\u0113rnu un dienas \u0113dienkarte <strong>12\u201317<\/strong><\/p>\r\n\r\n<\/div>\r\n<\/div>\r\n<\/div>\r\n<\/div>\r\n<\/div>\r\n<\/div>\r\n<\/article>\r\n<h2 data-start=\"430\" data-end=\"499\"><strong data-start=\"430\" data-end=\"499\">Ledus laikmeta centra kafejn\u012bca&nbsp;<\/strong><\/h2>\r\n<p data-start=\"501\" data-end=\"590\">Svaigs izskats un m\u0101j\u012bga atmosf\u0113ra j\u016bs gaida nesen renov\u0113taj\u0101 kafejn\u012bc\u0101 Saadj\u00e4rve krast\u0101.<\/p>\r\n<p data-start=\"592\" data-end=\"685\">Ledus laikmeta centra pirmaj\u0101 st\u0101v\u0101 j\u016bs gaida \u0123imen\u0113m draudz\u012bga kafejn\u012bca ar gleznainu skatu!<\/p>\r\n<p data-start=\"687\" data-end=\"853\">M\u0113s pied\u0101v\u0101jam ar\u012b grupu \u0113dienkarti, jautrus b\u0113rnu \u0113dienus, k\u0101 ar\u012b dzim\u0161anas dienu un konferen\u010du \u0113din\u0101\u0161anu.<br data-start=\"794\" data-end=\"797\">M\u0113s iz\u012br\u0113jam telpas un pal\u012bdzam organiz\u0113t j\u016bsu pas\u0101kumu!<\/p>\r\n\r\n<h2 data-start=\"855\" data-end=\"994\">Sazinieties ar mums un rezerv\u0113jiet galdi\u0146u vai svin\u012bbu telpu: +372 5911 3318 vai <a class=\"cursor-pointer\" rel=\"noopener\" data-start=\"936\" data-end=\"950\">info@jaaaeg.ee\r\n<\/a><\/h2>\r\n<p data-start=\"855\" data-end=\"994\"><a href=\"https:\/\/www.facebook.com\/j22karukohvik\/\" target=\"_blank\" rel=\"noopener\">Skatiet kafejn\u012bcas Facebook lapu <strong data-start=\"986\" data-end=\"994\">\u0160EIT<\/strong><\/a><\/p>\r\n<p data-start=\"996\" data-end=\"1169\">Ledus laikmeta centr\u0101 varat r\u012bkot ar\u012b apm\u0101c\u012bbu dienu, san\u0101ksmi, ball\u012bti vai citu lielisku pas\u0101kumu. Pas\u0101kumam var iznom\u0101t konferen\u010du z\u0101li, kafejn\u012bcu vai m\u0101j\u012bgu b\u0113rnu istabu.<\/p>\r\n<p data-start=\"1171\" data-end=\"1319\" data-is-last-node=\"\" data-is-only-node=\"\">Grup\u0101m (no 10 cilv\u0113kiem) pied\u0101v\u0101jam grupu \u0113din\u0101\u0161anu ar \u012bpa\u0161u \u0113dienkarti.<br data-start=\"1243\" data-end=\"1246\">L\u016bdzam apstiprin\u0101t grupu \u0113din\u0101\u0161anu vismaz 5 darba dienas pirms iera\u0161an\u0101s.<\/p>\r\n\r\n<\/div>\r\n<\/div>\r\n\r\n<div class=\"vce-image-gallery vce-image-gallery--gap-10 vce-image-gallery--columns-3\">\r\n<div id=\"el-70958102\" class=\"vce-image-gallery-wrapper vce\" data-vce-do-apply=\"all el-70958102\">\r\n<div class=\"vce-image-gallery-list\">\r\n<div class=\"vce-image-gallery-item\">\r\n<figure class=\"vce-image-gallery-item-inner-wrapper\"><a class=\"vce-image-gallery-item-inner\" href=\"https:\/\/jaaaeg.ee\/wp-content\/uploads\/2025\/04\/IMG_7604-scaled.jpeg\" data-lightbox=\"lightbox-70958102\"><img decoding=\"async\" class=\"vce-image-gallery-img vce-image-gallery-img--orientation-portrait\" title=\"IMG_7604\" src=\"https:\/\/jaaaeg.ee\/wp-content\/uploads\/2025\/04\/IMG_7604-700x870.jpeg\" alt=\"\"><\/a><\/figure>\r\n<\/div>\r\n<div class=\"vce-image-gallery-item\">\r\n<figure class=\"vce-image-gallery-item-inner-wrapper\"><a class=\"vce-image-gallery-item-inner\" href=\"https:\/\/jaaaeg.ee\/wp-content\/uploads\/2025\/08\/sigrid-Sepp_jaaaja-Keskuse-kohviku-toidud-1-scaled.jpeg\" data-lightbox=\"lightbox-70958102\"><img decoding=\"async\" class=\"vce-image-gallery-img vce-image-gallery-img--orientation-portrait\" title=\"sigrid Sepp_j\u00e4\u00e4aja Keskuse kohviku toidud (1)\" src=\"https:\/\/jaaaeg.ee\/wp-content\/uploads\/2025\/08\/sigrid-Sepp_jaaaja-Keskuse-kohviku-toidud-1-700x933.jpeg\" alt=\"\"><\/a><\/figure>\r\n<\/div>\r\n<div class=\"vce-image-gallery-item\">\r\n<figure class=\"vce-image-gallery-item-inner-wrapper\"><a class=\"vce-image-gallery-item-inner\" href=\"https:\/\/jaaaeg.ee\/wp-content\/uploads\/2025\/08\/v_2025-05_jaaaja-keskuse-uus-naitus_foto-timo-arbeiter-artimo.ee-92.jpg\" data-lightbox=\"lightbox-70958102\"><img decoding=\"async\" class=\"vce-image-gallery-img\" title=\"v_2025-05_j\u00e4\u00e4aja-keskuse-uus-n\u00e4itus_foto-timo-arbeiter-artimo.ee-92\" src=\"https:\/\/jaaaeg.ee\/wp-content\/uploads\/2025\/08\/v_2025-05_jaaaja-keskuse-uus-naitus_foto-timo-arbeiter-artimo.ee-92-700x605.jpg\" alt=\"\"><\/a><\/figure>\r\n<\/div>\r\n<div class=\"vce-image-gallery-item\">\r\n<figure class=\"vce-image-gallery-item-inner-wrapper\"><a class=\"vce-image-gallery-item-inner\" href=\"https:\/\/jaaaeg.ee\/wp-content\/uploads\/2025\/08\/2025-05_jaaaja-keskuse-uus-naitus_foto-timo-arbeiter-artimo.ee-117.jpg\" data-lightbox=\"lightbox-70958102\"><img decoding=\"async\" class=\"vce-image-gallery-img\" title=\"2025-05_j\u00e4\u00e4aja-keskuse-uus-n\u00e4itus_foto-timo-arbeiter-artimo.ee-117\" src=\"https:\/\/jaaaeg.ee\/wp-content\/uploads\/2025\/08\/2025-05_jaaaja-keskuse-uus-naitus_foto-timo-arbeiter-artimo.ee-117-700x467.jpg\" alt=\"\"><\/a><\/figure>\r\n<\/div>\r\n<div class=\"vce-image-gallery-item\">\r\n<figure class=\"vce-image-gallery-item-inner-wrapper\"><a class=\"vce-image-gallery-item-inner\" href=\"https:\/\/jaaaeg.ee\/wp-content\/uploads\/2025\/08\/2025-05_jaaaja-keskuse-uus-naitus_foto-timo-arbeiter-artimo.ee-107.jpg\" data-lightbox=\"lightbox-70958102\"><img decoding=\"async\" class=\"vce-image-gallery-img vce-image-gallery-img--orientation-portrait\" title=\"2025-05_j\u00e4\u00e4aja-keskuse-uus-n\u00e4itus_foto-timo-arbeiter-artimo.ee-107\" src=\"https:\/\/jaaaeg.ee\/wp-content\/uploads\/2025\/08\/2025-05_jaaaja-keskuse-uus-naitus_foto-timo-arbeiter-artimo.ee-107-700x1050.jpg\" alt=\"\"><\/a><\/figure>\r\n<\/div>\r\n<div class=\"vce-image-gallery-item\">\r\n<figure class=\"vce-image-gallery-item-inner-wrapper\"><a class=\"vce-image-gallery-item-inner\" href=\"https:\/\/jaaaeg.ee\/wp-content\/uploads\/2025\/07\/kohvik_ruut-e1753443390385.jpg\" data-lightbox=\"lightbox-70958102\"><img decoding=\"async\" class=\"vce-image-gallery-img\" title=\"kohvik_ruut\" src=\"https:\/\/jaaaeg.ee\/wp-content\/uploads\/2025\/07\/kohvik_ruut-700x695.jpg\" alt=\"J\u00e4\u00e4aja Keskuse kohvikus saad t\u00e4histada oma s\u00fcndmust\"><\/a><\/figure>\r\n<\/div>\r\n<\/div>\r\n<\/div>\r\n<\/div>\r\n\r\n\r\n<\/div>\r\n<\/div>\r\n<\/div>\r\n\r\n\r\n<\/div>\r\n<\/div>\r\n<\/div>\r\n\n","protected":false},"excerpt":{"rendered":"Mon\u2013Fri by pre-booking&nbsp; Sat\u2013Sun 10\u201317 Brokastis 10\u201312 Karstais bufetes galds 12\u201316 B\u0113rnu un dienas \u0113dienkarte 12\u201317 Ledus laikmeta centra kafejn\u012bca&nbsp; Svaigs izskats un m\u0101j\u012bga atmosf\u0113ra j\u016bs gaida nesen renov\u0113taj\u0101 kafejn\u012bc\u0101 Saadj\u00e4rve krast\u0101. Ledus laikmeta centra pirmaj\u0101 st\u0101v\u0101 j\u016bs gaida \u0123imen\u0113m draudz\u012bga kafejn\u012bca ar gleznainu skatu! M\u0113s pied\u0101v\u0101jam ar\u012b grupu \u0113dienkarti, jautrus b\u0113rnu \u0113dienus, k\u0101 ar\u012b&#8230; <a class=\"view-article\" href=\"https:\/\/jaaaeg.ee\/lv\/ledus-laikmeta-centrs-kafejnica\/\">Las\u012bt vair\u0101k<\/a>","protected":false},"author":1,"featured_media":32366,"parent":0,"menu_order":377,"comment_status":"closed","ping_status":"closed","template":"template-map.php","meta":{"_acf_changed":false,"ngg_post_thumbnail":0,"footnotes":""},"class_list":["post-1775","page","type-page","status-publish","has-post-thumbnail","hentry"],"acf":[],"yoast_head":"<!-- This site is optimized with the Yoast SEO plugin v27.3 - https:\/\/yoast.com\/product\/yoast-seo-wordpress\/ -->\n<title>Kafejn\u012bca - J\u00e4\u00e4aja Keskus<\/title>\n<meta name=\"description\" content=\"Ledus laikmeta centra kafejn\u012bca \u2013 m\u0101j\u012bga vieta ar gleznainu skatu! Baudiet gardas pusdienas bufet\u0113. Apmekl\u0113jiet m\u016bs \u0100ks\u012b, Tartum\u0101!\" \/>\n<meta name=\"robots\" content=\"index, follow, max-snippet:-1, max-image-preview:large, max-video-preview:-1\" \/>\n<link rel=\"canonical\" href=\"https:\/\/jaaaeg.ee\/lv\/ledus-laikmeta-centrs-kafejnica\/\" \/>\n<meta property=\"og:locale\" content=\"lv_LV\" \/>\n<meta property=\"og:type\" content=\"article\" \/>\n<meta property=\"og:title\" content=\"Kafejn\u012bca - J\u00e4\u00e4aja Keskus\" \/>\n<meta property=\"og:description\" content=\"Ledus laikmeta centra kafejn\u012bca \u2013 m\u0101j\u012bga vieta ar gleznainu skatu! Baudiet gardas pusdienas bufet\u0113. Apmekl\u0113jiet m\u016bs \u0100ks\u012b, Tartum\u0101!\" \/>\n<meta property=\"og:url\" content=\"https:\/\/jaaaeg.ee\/lv\/ledus-laikmeta-centrs-kafejnica\/\" \/>\n<meta property=\"og:site_name\" content=\"J\u00e4\u00e4aja Keskus\" \/>\n<meta property=\"article:publisher\" content=\"https:\/\/www.facebook.com\/JaaajaKeskus\/\" \/>\n<meta property=\"article:modified_time\" content=\"2026-03-05T14:51:54+00:00\" \/>\n<meta property=\"og:image\" content=\"https:\/\/jaaaeg.ee\/wp-content\/uploads\/2025\/08\/2025-05_jaaaja-keskuse-uus-naitus_foto-timo-arbeiter-artimo.ee-99-700x467.jpg\" \/>\n\t<meta property=\"og:image:width\" content=\"700\" \/>\n\t<meta property=\"og:image:height\" content=\"467\" \/>\n\t<meta property=\"og:image:type\" content=\"image\/jpeg\" \/>\n<meta name=\"twitter:card\" content=\"summary_large_image\" \/>\n<meta name=\"twitter:label1\" content=\"Est. reading time\" \/>\n\t<meta name=\"twitter:data1\" content=\"2 minutes\" \/>\n<script type=\"application\/ld+json\" class=\"yoast-schema-graph\">{\"@context\":\"https:\\\/\\\/schema.org\",\"@graph\":[{\"@type\":\"WebPage\",\"@id\":\"https:\\\/\\\/jaaaeg.ee\\\/lv\\\/ledus-laikmeta-centrs-kafejnica\\\/\",\"url\":\"https:\\\/\\\/jaaaeg.ee\\\/lv\\\/ledus-laikmeta-centrs-kafejnica\\\/\",\"name\":\"Kafejn\u012bca - J\u00e4\u00e4aja Keskus\",\"isPartOf\":{\"@id\":\"https:\\\/\\\/jaaaeg.ee\\\/ru\\\/#website\"},\"primaryImageOfPage\":{\"@id\":\"https:\\\/\\\/jaaaeg.ee\\\/lv\\\/ledus-laikmeta-centrs-kafejnica\\\/#primaryimage\"},\"image\":{\"@id\":\"https:\\\/\\\/jaaaeg.ee\\\/lv\\\/ledus-laikmeta-centrs-kafejnica\\\/#primaryimage\"},\"thumbnailUrl\":\"https:\\\/\\\/jaaaeg.ee\\\/wp-content\\\/uploads\\\/2025\\\/08\\\/2025-05_jaaaja-keskuse-uus-naitus_foto-timo-arbeiter-artimo.ee-99.jpg\",\"datePublished\":\"2018-10-02T14:25:51+00:00\",\"dateModified\":\"2026-03-05T14:51:54+00:00\",\"description\":\"Ledus laikmeta centra kafejn\u012bca \u2013 m\u0101j\u012bga vieta ar gleznainu skatu! Baudiet gardas pusdienas bufet\u0113. Apmekl\u0113jiet m\u016bs \u0100ks\u012b, Tartum\u0101!\",\"breadcrumb\":{\"@id\":\"https:\\\/\\\/jaaaeg.ee\\\/lv\\\/ledus-laikmeta-centrs-kafejnica\\\/#breadcrumb\"},\"inLanguage\":\"lv-LV\",\"potentialAction\":[{\"@type\":\"ReadAction\",\"target\":[\"https:\\\/\\\/jaaaeg.ee\\\/lv\\\/ledus-laikmeta-centrs-kafejnica\\\/\"]}]},{\"@type\":\"ImageObject\",\"inLanguage\":\"lv-LV\",\"@id\":\"https:\\\/\\\/jaaaeg.ee\\\/lv\\\/ledus-laikmeta-centrs-kafejnica\\\/#primaryimage\",\"url\":\"https:\\\/\\\/jaaaeg.ee\\\/wp-content\\\/uploads\\\/2025\\\/08\\\/2025-05_jaaaja-keskuse-uus-naitus_foto-timo-arbeiter-artimo.ee-99.jpg\",\"contentUrl\":\"https:\\\/\\\/jaaaeg.ee\\\/wp-content\\\/uploads\\\/2025\\\/08\\\/2025-05_jaaaja-keskuse-uus-naitus_foto-timo-arbeiter-artimo.ee-99.jpg\",\"width\":2048,\"height\":1365,\"caption\":\"J\u00e4\u00e4aja Keskuse kohvik\"},{\"@type\":\"BreadcrumbList\",\"@id\":\"https:\\\/\\\/jaaaeg.ee\\\/lv\\\/ledus-laikmeta-centrs-kafejnica\\\/#breadcrumb\",\"itemListElement\":[{\"@type\":\"ListItem\",\"position\":1,\"name\":\"Home\",\"item\":\"https:\\\/\\\/jaaaeg.ee\\\/lv\\\/\"},{\"@type\":\"ListItem\",\"position\":2,\"name\":\"Kafejn\u012bca\"}]},{\"@type\":\"WebSite\",\"@id\":\"https:\\\/\\\/jaaaeg.ee\\\/ru\\\/#website\",\"url\":\"https:\\\/\\\/jaaaeg.ee\\\/ru\\\/\",\"name\":\"J\u00e4\u00e4aja Keskus\",\"description\":\"avastamisr\u00f5\u00f5m igas vanuses k\u00fclastajatele\",\"potentialAction\":[{\"@type\":\"SearchAction\",\"target\":{\"@type\":\"EntryPoint\",\"urlTemplate\":\"https:\\\/\\\/jaaaeg.ee\\\/ru\\\/?s={search_term_string}\"},\"query-input\":{\"@type\":\"PropertyValueSpecification\",\"valueRequired\":true,\"valueName\":\"search_term_string\"}}],\"inLanguage\":\"lv-LV\"}]}<\/script>\n<!-- \/ Yoast SEO plugin. -->","yoast_head_json":{"title":"Kafejn\u012bca - J\u00e4\u00e4aja Keskus","description":"Ledus laikmeta centra kafejn\u012bca \u2013 m\u0101j\u012bga vieta ar gleznainu skatu! Baudiet gardas pusdienas bufet\u0113. Apmekl\u0113jiet m\u016bs \u0100ks\u012b, Tartum\u0101!","robots":{"index":"index","follow":"follow","max-snippet":"max-snippet:-1","max-image-preview":"max-image-preview:large","max-video-preview":"max-video-preview:-1"},"canonical":"https:\/\/jaaaeg.ee\/lv\/ledus-laikmeta-centrs-kafejnica\/","og_locale":"lv_LV","og_type":"article","og_title":"Kafejn\u012bca - J\u00e4\u00e4aja Keskus","og_description":"Ledus laikmeta centra kafejn\u012bca \u2013 m\u0101j\u012bga vieta ar gleznainu skatu! Baudiet gardas pusdienas bufet\u0113. Apmekl\u0113jiet m\u016bs \u0100ks\u012b, Tartum\u0101!","og_url":"https:\/\/jaaaeg.ee\/lv\/ledus-laikmeta-centrs-kafejnica\/","og_site_name":"J\u00e4\u00e4aja Keskus","article_publisher":"https:\/\/www.facebook.com\/JaaajaKeskus\/","article_modified_time":"2026-03-05T14:51:54+00:00","og_image":[{"width":700,"height":467,"url":"https:\/\/jaaaeg.ee\/wp-content\/uploads\/2025\/08\/2025-05_jaaaja-keskuse-uus-naitus_foto-timo-arbeiter-artimo.ee-99-700x467.jpg","type":"image\/jpeg"}],"twitter_card":"summary_large_image","twitter_misc":{"Est. reading time":"2 minutes"},"schema":{"@context":"https:\/\/schema.org","@graph":[{"@type":"WebPage","@id":"https:\/\/jaaaeg.ee\/lv\/ledus-laikmeta-centrs-kafejnica\/","url":"https:\/\/jaaaeg.ee\/lv\/ledus-laikmeta-centrs-kafejnica\/","name":"Kafejn\u012bca - J\u00e4\u00e4aja Keskus","isPartOf":{"@id":"https:\/\/jaaaeg.ee\/ru\/#website"},"primaryImageOfPage":{"@id":"https:\/\/jaaaeg.ee\/lv\/ledus-laikmeta-centrs-kafejnica\/#primaryimage"},"image":{"@id":"https:\/\/jaaaeg.ee\/lv\/ledus-laikmeta-centrs-kafejnica\/#primaryimage"},"thumbnailUrl":"https:\/\/jaaaeg.ee\/wp-content\/uploads\/2025\/08\/2025-05_jaaaja-keskuse-uus-naitus_foto-timo-arbeiter-artimo.ee-99.jpg","datePublished":"2018-10-02T14:25:51+00:00","dateModified":"2026-03-05T14:51:54+00:00","description":"Ledus laikmeta centra kafejn\u012bca \u2013 m\u0101j\u012bga vieta ar gleznainu skatu! Baudiet gardas pusdienas bufet\u0113. Apmekl\u0113jiet m\u016bs \u0100ks\u012b, Tartum\u0101!","breadcrumb":{"@id":"https:\/\/jaaaeg.ee\/lv\/ledus-laikmeta-centrs-kafejnica\/#breadcrumb"},"inLanguage":"lv-LV","potentialAction":[{"@type":"ReadAction","target":["https:\/\/jaaaeg.ee\/lv\/ledus-laikmeta-centrs-kafejnica\/"]}]},{"@type":"ImageObject","inLanguage":"lv-LV","@id":"https:\/\/jaaaeg.ee\/lv\/ledus-laikmeta-centrs-kafejnica\/#primaryimage","url":"https:\/\/jaaaeg.ee\/wp-content\/uploads\/2025\/08\/2025-05_jaaaja-keskuse-uus-naitus_foto-timo-arbeiter-artimo.ee-99.jpg","contentUrl":"https:\/\/jaaaeg.ee\/wp-content\/uploads\/2025\/08\/2025-05_jaaaja-keskuse-uus-naitus_foto-timo-arbeiter-artimo.ee-99.jpg","width":2048,"height":1365,"caption":"J\u00e4\u00e4aja Keskuse kohvik"},{"@type":"BreadcrumbList","@id":"https:\/\/jaaaeg.ee\/lv\/ledus-laikmeta-centrs-kafejnica\/#breadcrumb","itemListElement":[{"@type":"ListItem","position":1,"name":"Home","item":"https:\/\/jaaaeg.ee\/lv\/"},{"@type":"ListItem","position":2,"name":"Kafejn\u012bca"}]},{"@type":"WebSite","@id":"https:\/\/jaaaeg.ee\/ru\/#website","url":"https:\/\/jaaaeg.ee\/ru\/","name":"J\u00e4\u00e4aja Keskus","description":"avastamisr\u00f5\u00f5m igas vanuses k\u00fclastajatele","potentialAction":[{"@type":"SearchAction","target":{"@type":"EntryPoint","urlTemplate":"https:\/\/jaaaeg.ee\/ru\/?s={search_term_string}"},"query-input":{"@type":"PropertyValueSpecification","valueRequired":true,"valueName":"search_term_string"}}],"inLanguage":"lv-LV"}]}},"_links":{"self":[{"href":"https:\/\/jaaaeg.ee\/lv\/wp-json\/wp\/v2\/pages\/1775","targetHints":{"allow":["GET"]}}],"collection":[{"href":"https:\/\/jaaaeg.ee\/lv\/wp-json\/wp\/v2\/pages"}],"about":[{"href":"https:\/\/jaaaeg.ee\/lv\/wp-json\/wp\/v2\/types\/page"}],"author":[{"embeddable":true,"href":"https:\/\/jaaaeg.ee\/lv\/wp-json\/wp\/v2\/users\/1"}],"replies":[{"embeddable":true,"href":"https:\/\/jaaaeg.ee\/lv\/wp-json\/wp\/v2\/comments?post=1775"}],"version-history":[{"count":45,"href":"https:\/\/jaaaeg.ee\/lv\/wp-json\/wp\/v2\/pages\/1775\/revisions"}],"predecessor-version":[{"id":33797,"href":"https:\/\/jaaaeg.ee\/lv\/wp-json\/wp\/v2\/pages\/1775\/revisions\/33797"}],"wp:featuredmedia":[{"embeddable":true,"href":"https:\/\/jaaaeg.ee\/lv\/wp-json\/wp\/v2\/media\/32366"}],"wp:attachment":[{"href":"https:\/\/jaaaeg.ee\/lv\/wp-json\/wp\/v2\/media?parent=1775"}],"curies":[{"name":"wp","href":"https:\/\/api.w.org\/{rel}","templated":true}]}}