{"id":1767,"date":"2018-10-02T17:13:17","date_gmt":"2018-10-02T14:13:17","guid":{"rendered":"http:\/\/jaaaeg.ee\/?page_id=1767"},"modified":"2018-10-03T12:06:37","modified_gmt":"2018-10-03T09:06:37","slug":"citas-iespejas","status":"publish","type":"page","link":"https:\/\/jaaaeg.ee\/lv\/par-ledus-laikmeta-centru\/citas-iespejas\/","title":{"rendered":"Citas iesp\u0113jas"},"content":{"rendered":"\r\n<div class=\"vce-row-container\">\r\n<div id=\"el-ccefc199\" class=\"vce-row vce-row--col-gap-30 vce-row-columns--top vce-row-content--top\" data-vce-do-apply=\"all el-ccefc199\">\r\n<div class=\"vce-row-content\" data-vce-element-content=\"true\">\r\n<div id=\"el-ba944af4\" class=\"vce-col vce-col--md-100p vce-col--xs-1 vce-col--xs-last vce-col--xs-first vce-col--sm-last vce-col--sm-first vce-col--md-last vce-col--lg-last vce-col--xl-last vce-col--md-first vce-col--lg-first vce-col--xl-first\" data-vce-do-apply=\"background border el-ba944af4\">\r\n<div class=\"vce-col-inner\" data-vce-element-content=\"true\" data-vce-do-apply=\"padding margin el-ba944af4\">\r\n<div class=\"vce-text-block\">\r\n<div id=\"el-7e5609d3\" class=\"vce-text-block-wrapper vce\" data-vce-do-apply=\"all el-7e5609d3\">\r\n\r\nLedus laikmeta centrs atrodas S\u0101djerves ezera krast\u0101. Vasaras laik\u0101 ezer\u0101 ir iesp\u0113jams peld\u0113ties, mak\u0161\u0137er\u0113t un izbraukt ar plostu.\r\n\r\n\u00c4ksi ciem\u0101 S\u0101djerves Dabas centra \u0113k\u0101 atrodas Ledus laikmeta centra birojs, S\u0101djerves ezera dabas skolas m\u0101c\u012bbu klase, Somu k\u0101jnieku pulku piemi\u0146as istaba, bibliot\u0113ka un veikals.\r\n\r\n<strong>S\u0101djerves re\u0123ion\u0101 darbojas<\/strong>:\r\n<ul>\r\n \t<li><u>S\u0101djerves Jahtklubs<\/u> \u2013 bur\u0101\u0161anas un br\u012bv\u0101 laika pavad\u012b\u0161anas iesp\u0113jas skaistaj\u0101 Tartum\u0101 dab\u0101<\/li>\r\n \t<li><u>Tartu Kalevi Jahtklubs<\/u><\/li>\r\n \t<li><u>NVO \u00c4ksi Motoklubs<\/u><\/li>\r\n<\/ul>\r\n<strong>Apskates objekti un br\u012bv\u0101 laika pavad\u012b\u0161anas vietas<\/strong>\r\n<ul>\r\n \t<li><u>Kaiaveres skatu tornis <\/u><\/li>\r\n \t<li><a href=\"https:\/\/luua.edu.ee\/\">L\u016bas st\u0101dzaudz\u0113tava - arbor\u0113tums un m<\/a>uzeju istaba<\/li>\r\n \t<li><u>Lehtes dabas takas un skatu tornis<\/u><\/li>\r\n \t<li><a href=\"https:\/\/www.palmuseum.ee\/index.php\/page_id\/1\">Palamuses O. Lutsa Apri\u0146\u0137a skolas muzejs<\/a><\/li>\r\n \t<li><u>Raigastveres ugunskura vieta un skatu tornis<\/u><\/li>\r\n \t<li><a href=\"https:\/\/loodusegakoos.ee\/elistvere-loomapark\">RMK Elistveres dz\u012bvnieku parks<\/a><\/li>\r\n \t<li><a href=\"https:\/\/www.puhkaeestis.ee\/et\/soomepoiste-tuba-muuseum\">Somu k\u0101jnieku pulka piemi\u0146as istaba-muze<\/a>js<\/li>\r\n \t<li><a href=\"https:\/\/www.tabikas.ee\/\">Tabiveres Br\u012bv\u0101 laika centrs<\/a><\/li>\r\n \t<li><a href=\"https:\/\/muuseum.tabivere.net\/\">Tabiveres pagasta muzejs<\/a><\/li>\r\n \t<li><a href=\"https:\/\/www.vudila.ee\/\">Vudila<\/a>s izklaides parks<\/li>\r\n \t<li><a href=\"https:\/\/www.puhkaeestis.ee\/et\/aksi-kiigepark\">\u00c4ksi \u0161\u016bpo\u013cu parks<\/a><\/li>\r\n<\/ul>\r\n<strong>Ledus laikmeta tuvum\u0101 eso\u0161\u0101s naktsm\u012btnes<\/strong>\r\n<ul>\r\n \t<li><a href=\"https:\/\/www.maeotsapuhketalu.ee\/ee\/\">M\u00e4eotsa viesu nams<\/a><\/li>\r\n \t<li><a href=\"https:\/\/www.raadihotell.ee\/\">Raadim\u00f5isa <\/a>viesn\u012bca<\/li>\r\n \t<li><a href=\"https:\/\/www.kuretalu.ee\/\">Kure t\u016brisma saimniec\u012bba<\/a><\/li>\r\n \t<li><a href=\"https:\/\/loodusegakoos.ee\/kuhuminna\/voimaluste-otsing?element%5Bhiking_opt%5D=&amp;element%5Bcamping_opt%5D=%2F.%2F&amp;element%5Bdisability_opt%5D=&amp;element%5Bfireplace_opt%5D=&amp;search=1&amp;search_type=Puhkeala&amp;element%5Bregion%5D%5B%5D=J%C3%B5gevamaa&amp;element%5Bregion%5D%5B%5D=Tartumaa&amp;element%5Btitle%5D=#tulemus\">Apme\u0161an\u0101s iesp\u0113jas telt\u012bs Tartu un Jegevamas apri\u0146\u0137\u012b<\/a><\/li>\r\n \t<li><a href=\"https:\/\/www.visittartu.com\/\">Tartu pils\u0113tas un apri\u0146\u0137a<\/a> t\u016brisma inform\u0101cija<\/li>\r\n<\/ul>\r\n<\/div>\r\n<\/div>\r\n<\/div>\r\n<\/div>\r\n<\/div>\r\n<\/div>\r\n<\/div>\r\n\n","protected":false},"excerpt":{"rendered":"Ledus laikmeta centrs atrodas S\u0101djerves ezera krast\u0101. Vasaras laik\u0101 ezer\u0101 ir iesp\u0113jams peld\u0113ties, mak\u0161\u0137er\u0113t un izbraukt ar plostu. \u00c4ksi ciem\u0101 S\u0101djerves Dabas centra \u0113k\u0101 atrodas Ledus laikmeta centra birojs, S\u0101djerves ezera dabas skolas m\u0101c\u012bbu klase, Somu k\u0101jnieku pulku piemi\u0146as istaba, bibliot\u0113ka un veikals. S\u0101djerves re\u0123ion\u0101 darbojas: S\u0101djerves Jahtklubs \u2013 bur\u0101\u0161anas un br\u012bv\u0101 laika pavad\u012b\u0161anas iesp\u0113jas&#8230; <a class=\"view-article\" href=\"https:\/\/jaaaeg.ee\/lv\/par-ledus-laikmeta-centru\/citas-iespejas\/\">Las\u012bt vair\u0101k<\/a>","protected":false},"author":1,"featured_media":0,"parent":1734,"menu_order":318,"comment_status":"closed","ping_status":"closed","template":"template-sidebar.php","meta":{"_acf_changed":false,"ngg_post_thumbnail":0,"footnotes":""},"class_list":["post-1767","page","type-page","status-publish","hentry"],"acf":[],"yoast_head":"<!-- This site is optimized with the Yoast SEO plugin v27.3 - https:\/\/yoast.com\/product\/yoast-seo-wordpress\/ -->\n<title>Citas iesp\u0113jas - J\u00e4\u00e4aja Keskus<\/title>\n<meta name=\"robots\" content=\"index, follow, max-snippet:-1, max-image-preview:large, max-video-preview:-1\" \/>\n<link rel=\"canonical\" href=\"https:\/\/jaaaeg.ee\/lv\/par-ledus-laikmeta-centru\/citas-iespejas\/\" \/>\n<meta property=\"og:locale\" content=\"lv_LV\" \/>\n<meta property=\"og:type\" content=\"article\" \/>\n<meta property=\"og:title\" content=\"Citas iesp\u0113jas - J\u00e4\u00e4aja Keskus\" \/>\n<meta property=\"og:description\" content=\"Ledus laikmeta centrs atrodas S\u0101djerves ezera krast\u0101. Vasaras laik\u0101 ezer\u0101 ir iesp\u0113jams peld\u0113ties, mak\u0161\u0137er\u0113t un izbraukt ar plostu. \u00c4ksi ciem\u0101 S\u0101djerves Dabas centra \u0113k\u0101 atrodas Ledus laikmeta centra birojs, S\u0101djerves ezera dabas skolas m\u0101c\u012bbu klase, Somu k\u0101jnieku pulku piemi\u0146as istaba, bibliot\u0113ka un veikals. S\u0101djerves re\u0123ion\u0101 darbojas: S\u0101djerves Jahtklubs \u2013 bur\u0101\u0161anas un br\u012bv\u0101 laika pavad\u012b\u0161anas iesp\u0113jas... Las\u012bt vair\u0101k\" \/>\n<meta property=\"og:url\" content=\"https:\/\/jaaaeg.ee\/lv\/par-ledus-laikmeta-centru\/citas-iespejas\/\" \/>\n<meta property=\"og:site_name\" content=\"J\u00e4\u00e4aja Keskus\" \/>\n<meta property=\"article:publisher\" content=\"https:\/\/www.facebook.com\/JaaajaKeskus\/\" \/>\n<meta property=\"article:modified_time\" content=\"2018-10-03T09:06:37+00:00\" \/>\n<meta name=\"twitter:card\" content=\"summary_large_image\" \/>\n<meta name=\"twitter:label1\" content=\"Est. reading time\" \/>\n\t<meta name=\"twitter:data1\" content=\"1 minute\" \/>\n<script type=\"application\/ld+json\" class=\"yoast-schema-graph\">{\"@context\":\"https:\\\/\\\/schema.org\",\"@graph\":[{\"@type\":\"WebPage\",\"@id\":\"https:\\\/\\\/jaaaeg.ee\\\/lv\\\/par-ledus-laikmeta-centru\\\/citas-iespejas\\\/\",\"url\":\"https:\\\/\\\/jaaaeg.ee\\\/lv\\\/par-ledus-laikmeta-centru\\\/citas-iespejas\\\/\",\"name\":\"Citas iesp\u0113jas - J\u00e4\u00e4aja Keskus\",\"isPartOf\":{\"@id\":\"https:\\\/\\\/jaaaeg.ee\\\/ru\\\/#website\"},\"datePublished\":\"2018-10-02T14:13:17+00:00\",\"dateModified\":\"2018-10-03T09:06:37+00:00\",\"breadcrumb\":{\"@id\":\"https:\\\/\\\/jaaaeg.ee\\\/lv\\\/par-ledus-laikmeta-centru\\\/citas-iespejas\\\/#breadcrumb\"},\"inLanguage\":\"lv-LV\",\"potentialAction\":[{\"@type\":\"ReadAction\",\"target\":[\"https:\\\/\\\/jaaaeg.ee\\\/lv\\\/par-ledus-laikmeta-centru\\\/citas-iespejas\\\/\"]}]},{\"@type\":\"BreadcrumbList\",\"@id\":\"https:\\\/\\\/jaaaeg.ee\\\/lv\\\/par-ledus-laikmeta-centru\\\/citas-iespejas\\\/#breadcrumb\",\"itemListElement\":[{\"@type\":\"ListItem\",\"position\":1,\"name\":\"Home\",\"item\":\"https:\\\/\\\/jaaaeg.ee\\\/lv\\\/\"},{\"@type\":\"ListItem\",\"position\":2,\"name\":\"Par Ledus laikmeta centru\",\"item\":\"https:\\\/\\\/jaaaeg.ee\\\/lv\\\/par-ledus-laikmeta-centru\\\/\"},{\"@type\":\"ListItem\",\"position\":3,\"name\":\"Citas iesp\u0113jas\"}]},{\"@type\":\"WebSite\",\"@id\":\"https:\\\/\\\/jaaaeg.ee\\\/ru\\\/#website\",\"url\":\"https:\\\/\\\/jaaaeg.ee\\\/ru\\\/\",\"name\":\"J\u00e4\u00e4aja Keskus\",\"description\":\"avastamisr\u00f5\u00f5m igas vanuses k\u00fclastajatele\",\"potentialAction\":[{\"@type\":\"SearchAction\",\"target\":{\"@type\":\"EntryPoint\",\"urlTemplate\":\"https:\\\/\\\/jaaaeg.ee\\\/ru\\\/?s={search_term_string}\"},\"query-input\":{\"@type\":\"PropertyValueSpecification\",\"valueRequired\":true,\"valueName\":\"search_term_string\"}}],\"inLanguage\":\"lv-LV\"}]}<\/script>\n<!-- \/ Yoast SEO plugin. -->","yoast_head_json":{"title":"Citas iesp\u0113jas - J\u00e4\u00e4aja Keskus","robots":{"index":"index","follow":"follow","max-snippet":"max-snippet:-1","max-image-preview":"max-image-preview:large","max-video-preview":"max-video-preview:-1"},"canonical":"https:\/\/jaaaeg.ee\/lv\/par-ledus-laikmeta-centru\/citas-iespejas\/","og_locale":"lv_LV","og_type":"article","og_title":"Citas iesp\u0113jas - J\u00e4\u00e4aja Keskus","og_description":"Ledus laikmeta centrs atrodas S\u0101djerves ezera krast\u0101. Vasaras laik\u0101 ezer\u0101 ir iesp\u0113jams peld\u0113ties, mak\u0161\u0137er\u0113t un izbraukt ar plostu. \u00c4ksi ciem\u0101 S\u0101djerves Dabas centra \u0113k\u0101 atrodas Ledus laikmeta centra birojs, S\u0101djerves ezera dabas skolas m\u0101c\u012bbu klase, Somu k\u0101jnieku pulku piemi\u0146as istaba, bibliot\u0113ka un veikals. S\u0101djerves re\u0123ion\u0101 darbojas: S\u0101djerves Jahtklubs \u2013 bur\u0101\u0161anas un br\u012bv\u0101 laika pavad\u012b\u0161anas iesp\u0113jas... Las\u012bt vair\u0101k","og_url":"https:\/\/jaaaeg.ee\/lv\/par-ledus-laikmeta-centru\/citas-iespejas\/","og_site_name":"J\u00e4\u00e4aja Keskus","article_publisher":"https:\/\/www.facebook.com\/JaaajaKeskus\/","article_modified_time":"2018-10-03T09:06:37+00:00","twitter_card":"summary_large_image","twitter_misc":{"Est. reading time":"1 minute"},"schema":{"@context":"https:\/\/schema.org","@graph":[{"@type":"WebPage","@id":"https:\/\/jaaaeg.ee\/lv\/par-ledus-laikmeta-centru\/citas-iespejas\/","url":"https:\/\/jaaaeg.ee\/lv\/par-ledus-laikmeta-centru\/citas-iespejas\/","name":"Citas iesp\u0113jas - J\u00e4\u00e4aja Keskus","isPartOf":{"@id":"https:\/\/jaaaeg.ee\/ru\/#website"},"datePublished":"2018-10-02T14:13:17+00:00","dateModified":"2018-10-03T09:06:37+00:00","breadcrumb":{"@id":"https:\/\/jaaaeg.ee\/lv\/par-ledus-laikmeta-centru\/citas-iespejas\/#breadcrumb"},"inLanguage":"lv-LV","potentialAction":[{"@type":"ReadAction","target":["https:\/\/jaaaeg.ee\/lv\/par-ledus-laikmeta-centru\/citas-iespejas\/"]}]},{"@type":"BreadcrumbList","@id":"https:\/\/jaaaeg.ee\/lv\/par-ledus-laikmeta-centru\/citas-iespejas\/#breadcrumb","itemListElement":[{"@type":"ListItem","position":1,"name":"Home","item":"https:\/\/jaaaeg.ee\/lv\/"},{"@type":"ListItem","position":2,"name":"Par Ledus laikmeta centru","item":"https:\/\/jaaaeg.ee\/lv\/par-ledus-laikmeta-centru\/"},{"@type":"ListItem","position":3,"name":"Citas iesp\u0113jas"}]},{"@type":"WebSite","@id":"https:\/\/jaaaeg.ee\/ru\/#website","url":"https:\/\/jaaaeg.ee\/ru\/","name":"J\u00e4\u00e4aja Keskus","description":"avastamisr\u00f5\u00f5m igas vanuses k\u00fclastajatele","potentialAction":[{"@type":"SearchAction","target":{"@type":"EntryPoint","urlTemplate":"https:\/\/jaaaeg.ee\/ru\/?s={search_term_string}"},"query-input":{"@type":"PropertyValueSpecification","valueRequired":true,"valueName":"search_term_string"}}],"inLanguage":"lv-LV"}]}},"_links":{"self":[{"href":"https:\/\/jaaaeg.ee\/lv\/wp-json\/wp\/v2\/pages\/1767","targetHints":{"allow":["GET"]}}],"collection":[{"href":"https:\/\/jaaaeg.ee\/lv\/wp-json\/wp\/v2\/pages"}],"about":[{"href":"https:\/\/jaaaeg.ee\/lv\/wp-json\/wp\/v2\/types\/page"}],"author":[{"embeddable":true,"href":"https:\/\/jaaaeg.ee\/lv\/wp-json\/wp\/v2\/users\/1"}],"replies":[{"embeddable":true,"href":"https:\/\/jaaaeg.ee\/lv\/wp-json\/wp\/v2\/comments?post=1767"}],"version-history":[{"count":4,"href":"https:\/\/jaaaeg.ee\/lv\/wp-json\/wp\/v2\/pages\/1767\/revisions"}],"predecessor-version":[{"id":1826,"href":"https:\/\/jaaaeg.ee\/lv\/wp-json\/wp\/v2\/pages\/1767\/revisions\/1826"}],"up":[{"embeddable":true,"href":"https:\/\/jaaaeg.ee\/lv\/wp-json\/wp\/v2\/pages\/1734"}],"wp:attachment":[{"href":"https:\/\/jaaaeg.ee\/lv\/wp-json\/wp\/v2\/media?parent=1767"}],"curies":[{"name":"wp","href":"https:\/\/api.w.org\/{rel}","templated":true}]}}