{"id":1761,"date":"2018-10-02T16:59:22","date_gmt":"2018-10-02T13:59:22","guid":{"rendered":"http:\/\/jaaaeg.ee\/?page_id=1761"},"modified":"2025-04-10T13:44:46","modified_gmt":"2025-04-10T10:44:46","slug":"suveniri","status":"publish","type":"page","link":"https:\/\/jaaaeg.ee\/lv\/par-ledus-laikmeta-centru\/suveniri\/","title":{"rendered":"Suven\u012bri"},"content":{"rendered":"<div class=\"vce-row-container\" data-vce-boxed-width=\"true\"><div class=\"vce-row vce-row--col-gap-30 vce-row-content--top\" id=\"el-e5916687\" data-vce-do-apply=\"all el-e5916687\"><div class=\"vce-row-content\" data-vce-element-content=\"true\"><div class=\"vce-col vce-col--md-100p vce-col--xs-1 vce-col--xs-last vce-col--xs-first vce-col--sm-last vce-col--sm-first vce-col--md-last vce-col--lg-last vce-col--xl-last vce-col--md-first vce-col--lg-first vce-col--xl-first\" id=\"el-a6e5cdb0\"><div class=\"vce-col-inner\" data-vce-do-apply=\"border margin background  el-a6e5cdb0\"><div class=\"vce-col-content\" data-vce-element-content=\"true\" data-vce-do-apply=\"padding el-a6e5cdb0\"><div class=\"vce-text-block\"><div class=\"vce-text-block-wrapper vce\" id=\"el-e2c5db16\" data-vce-do-apply=\"all el-e2c5db16\"><h2 data-start=\"0\" data-end=\"176\">Ledus laikmeta centra suven\u012bru veikal\u0101 ir pieejami unik\u0101li d\u0101vanas un piemi\u0146as priek\u0161meti. Izv\u0113l\u0113 ir gan viet\u0113jie produkti, gan ekskluz\u012bvas d\u0101vanas ar Ledus laikmeta tematik\u0101m.<\/h2><p class=\"\" data-start=\"178\" data-end=\"326\">P\u0101rdot\u0101s pl\u012b\u0161a rota\u013clietas ir izgatavotas no p\u0101rstr\u0101d\u0101tiem materi\u0101liem, un liel\u0101k\u0101 da\u013ca produktu ir p\u0113c iesp\u0113jas ilgtsp\u0113j\u012bg\u0101ki un videi draudz\u012bg\u0101ki.<\/p><p class=\"\" data-start=\"328\" data-end=\"421\"><strong>Daudzi produkti ir speci\u0101li izstr\u0101d\u0101ti Ledus laikmeta centram un pieejami tikai \u0161aj\u0101 veikal\u0101.<\/strong><\/p><p class=\"\" data-start=\"423\" data-end=\"505\">Veikal\u0101 ikviens apmekl\u0113t\u0101js, neatkar\u012bgi no vecuma, var atrast sev piem\u0113rotu preci.<\/p><p class=\"\" data-start=\"507\" data-end=\"584\">Par pakalpojumiem un prec\u0113m var nor\u0113\u0137in\u0101ties gan skaidr\u0101 naud\u0101, gan ar karti.<\/p><\/div><\/div><div class=\"vce-image-gallery vce-image-gallery--gap-10 vce-image-gallery--columns-3\"><div class=\"vce-image-gallery-wrapper vce\" id=\"el-beb9fa3d\" data-vce-do-apply=\"all el-beb9fa3d\"><div class=\"vce-image-gallery-list\"><div class=\"vce-image-gallery-item\"><figure class=\"vce-image-gallery-item-inner-wrapper\"><a href=\"https:\/\/jaaaeg.ee\/wp-content\/uploads\/2020\/10\/jaaajakeskus-DSC_9509-scaled.jpg\" data-lightbox=\"lightbox-beb9fa3d\" class=\"vce-image-gallery-item-inner\"><img decoding=\"async\" class=\"vce-image-gallery-img\" src=\"https:\/\/jaaaeg.ee\/wp-content\/uploads\/2020\/10\/jaaajakeskus-DSC_9509-700x467.jpg\" alt=\"jaaajakeskus DSC 9509 scaled\" title=\"jaaajakeskus DSC 9509 scaled\"><\/a><\/figure><\/div><div class=\"vce-image-gallery-item\"><figure class=\"vce-image-gallery-item-inner-wrapper\"><a href=\"https:\/\/jaaaeg.ee\/wp-content\/uploads\/2020\/10\/IMG-7926-scaled.jpg\" data-lightbox=\"lightbox-beb9fa3d\" class=\"vce-image-gallery-item-inner\"><img decoding=\"async\" class=\"vce-image-gallery-img\" src=\"https:\/\/jaaaeg.ee\/wp-content\/uploads\/2020\/10\/IMG-7926-700x525.jpg\" alt=\"IMG 7926 scaled\" title=\"IMG 7926 scaled\"><\/a><\/figure><\/div><div class=\"vce-image-gallery-item\"><figure class=\"vce-image-gallery-item-inner-wrapper\"><a href=\"https:\/\/jaaaeg.ee\/wp-content\/uploads\/2020\/10\/IMG-7913-scaled.jpg\" data-lightbox=\"lightbox-beb9fa3d\" class=\"vce-image-gallery-item-inner\"><img decoding=\"async\" class=\"vce-image-gallery-img\" src=\"https:\/\/jaaaeg.ee\/wp-content\/uploads\/2020\/10\/IMG-7913-700x525.jpg\" alt=\"IMG 7913 scaled\" title=\"IMG 7913 scaled\"><\/a><\/figure><\/div><div class=\"vce-image-gallery-item\"><figure class=\"vce-image-gallery-item-inner-wrapper\"><a href=\"https:\/\/jaaaeg.ee\/wp-content\/uploads\/2020\/10\/IMG-7909-scaled.jpg\" data-lightbox=\"lightbox-beb9fa3d\" class=\"vce-image-gallery-item-inner\"><img decoding=\"async\" class=\"vce-image-gallery-img\" src=\"https:\/\/jaaaeg.ee\/wp-content\/uploads\/2020\/10\/IMG-7909-700x525.jpg\" alt=\"IMG 7909 scaled\" title=\"IMG 7909 scaled\"><\/a><\/figure><\/div><div class=\"vce-image-gallery-item\"><figure class=\"vce-image-gallery-item-inner-wrapper\"><a href=\"https:\/\/jaaaeg.ee\/wp-content\/uploads\/2020\/10\/IMG-7921-scaled.jpg\" data-lightbox=\"lightbox-beb9fa3d\" class=\"vce-image-gallery-item-inner\"><img decoding=\"async\" class=\"vce-image-gallery-img\" src=\"https:\/\/jaaaeg.ee\/wp-content\/uploads\/2020\/10\/IMG-7921-700x525.jpg\" alt=\"IMG 7921 scaled\" title=\"IMG 7921 scaled\"><\/a><\/figure><\/div><div class=\"vce-image-gallery-item\"><figure class=\"vce-image-gallery-item-inner-wrapper\"><a href=\"https:\/\/jaaaeg.ee\/wp-content\/uploads\/2024\/10\/20240911_162143-scaled.jpg\" data-lightbox=\"lightbox-beb9fa3d\" class=\"vce-image-gallery-item-inner\"><img decoding=\"async\" class=\"vce-image-gallery-img vce-image-gallery-img--orientation-portrait\" src=\"https:\/\/jaaaeg.ee\/wp-content\/uploads\/2024\/10\/20240911_162143-700x1243.jpg\" alt=\"20240911 162143 scaled\" title=\"20240911 162143 scaled\"><\/a><\/figure><\/div><\/div><\/div><\/div><\/div><\/div><\/div><\/div><\/div><\/div>\n","protected":false},"excerpt":{"rendered":"Ledus laikmeta centra suven\u012bru veikal\u0101 ir pieejami unik\u0101li d\u0101vanas un piemi\u0146as priek\u0161meti. Izv\u0113l\u0113 ir gan viet\u0113jie produkti, gan ekskluz\u012bvas d\u0101vanas ar Ledus laikmeta tematik\u0101m.P\u0101rdot\u0101s pl\u012b\u0161a rota\u013clietas ir izgatavotas no p\u0101rstr\u0101d\u0101tiem materi\u0101liem, un liel\u0101k\u0101 da\u013ca produktu ir p\u0113c iesp\u0113jas ilgtsp\u0113j\u012bg\u0101ki un videi draudz\u012bg\u0101ki.Daudzi produkti ir speci\u0101li izstr\u0101d\u0101ti Ledus laikmeta centram un pieejami tikai \u0161aj\u0101 veikal\u0101.Veikal\u0101 ikviens&#8230; <a class=\"view-article\" href=\"https:\/\/jaaaeg.ee\/lv\/par-ledus-laikmeta-centru\/suveniri\/\">Las\u012bt vair\u0101k<\/a>","protected":false},"author":1,"featured_media":18915,"parent":1734,"menu_order":325,"comment_status":"closed","ping_status":"closed","template":"template-sidebar.php","meta":{"_acf_changed":false,"ngg_post_thumbnail":0,"footnotes":""},"class_list":["post-1761","page","type-page","status-publish","has-post-thumbnail","hentry"],"acf":[],"yoast_head":"<!-- This site is optimized with the Yoast SEO plugin v27.5 - https:\/\/yoast.com\/product\/yoast-seo-wordpress\/ -->\n<title>Suven\u012bri - J\u00e4\u00e4aja Keskus<\/title>\n<meta name=\"robots\" content=\"index, follow, max-snippet:-1, max-image-preview:large, max-video-preview:-1\" \/>\n<link rel=\"canonical\" href=\"https:\/\/jaaaeg.ee\/lv\/par-ledus-laikmeta-centru\/suveniri\/\" \/>\n<meta property=\"og:locale\" content=\"lv_LV\" \/>\n<meta property=\"og:type\" content=\"article\" \/>\n<meta property=\"og:title\" content=\"Suven\u012bri - J\u00e4\u00e4aja Keskus\" \/>\n<meta property=\"og:description\" content=\"Ledus laikmeta centra suven\u012bru veikal\u0101 ir pieejami unik\u0101li d\u0101vanas un piemi\u0146as priek\u0161meti. Izv\u0113l\u0113 ir gan viet\u0113jie produkti, gan ekskluz\u012bvas d\u0101vanas ar Ledus laikmeta tematik\u0101m.P\u0101rdot\u0101s pl\u012b\u0161a rota\u013clietas ir izgatavotas no p\u0101rstr\u0101d\u0101tiem materi\u0101liem, un liel\u0101k\u0101 da\u013ca produktu ir p\u0113c iesp\u0113jas ilgtsp\u0113j\u012bg\u0101ki un videi draudz\u012bg\u0101ki.Daudzi produkti ir speci\u0101li izstr\u0101d\u0101ti Ledus laikmeta centram un pieejami tikai \u0161aj\u0101 veikal\u0101.Veikal\u0101 ikviens... Las\u012bt vair\u0101k\" \/>\n<meta property=\"og:url\" content=\"https:\/\/jaaaeg.ee\/lv\/par-ledus-laikmeta-centru\/suveniri\/\" \/>\n<meta property=\"og:site_name\" content=\"J\u00e4\u00e4aja Keskus\" \/>\n<meta property=\"article:publisher\" content=\"https:\/\/www.facebook.com\/JaaajaKeskus\/\" \/>\n<meta property=\"article:modified_time\" content=\"2025-04-10T10:44:46+00:00\" \/>\n<meta property=\"og:image\" content=\"https:\/\/jaaaeg.ee\/wp-content\/uploads\/2020\/10\/jaaajakeskus-DSC_9509-scaled.jpg\" \/>\n\t<meta property=\"og:image:width\" content=\"2560\" \/>\n\t<meta property=\"og:image:height\" content=\"1707\" \/>\n\t<meta property=\"og:image:type\" content=\"image\/jpeg\" \/>\n<meta name=\"twitter:card\" content=\"summary_large_image\" \/>\n<meta name=\"twitter:label1\" content=\"Est. reading time\" \/>\n\t<meta name=\"twitter:data1\" content=\"1 minute\" \/>\n<script type=\"application\/ld+json\" class=\"yoast-schema-graph\">{\"@context\":\"https:\\\/\\\/schema.org\",\"@graph\":[{\"@type\":\"WebPage\",\"@id\":\"https:\\\/\\\/jaaaeg.ee\\\/lv\\\/par-ledus-laikmeta-centru\\\/suveniri\\\/\",\"url\":\"https:\\\/\\\/jaaaeg.ee\\\/lv\\\/par-ledus-laikmeta-centru\\\/suveniri\\\/\",\"name\":\"Suven\u012bri - J\u00e4\u00e4aja Keskus\",\"isPartOf\":{\"@id\":\"https:\\\/\\\/jaaaeg.ee\\\/ru\\\/#website\"},\"primaryImageOfPage\":{\"@id\":\"https:\\\/\\\/jaaaeg.ee\\\/lv\\\/par-ledus-laikmeta-centru\\\/suveniri\\\/#primaryimage\"},\"image\":{\"@id\":\"https:\\\/\\\/jaaaeg.ee\\\/lv\\\/par-ledus-laikmeta-centru\\\/suveniri\\\/#primaryimage\"},\"thumbnailUrl\":\"https:\\\/\\\/jaaaeg.ee\\\/wp-content\\\/uploads\\\/2020\\\/10\\\/jaaajakeskus-DSC_9509-scaled.jpg\",\"datePublished\":\"2018-10-02T13:59:22+00:00\",\"dateModified\":\"2025-04-10T10:44:46+00:00\",\"breadcrumb\":{\"@id\":\"https:\\\/\\\/jaaaeg.ee\\\/lv\\\/par-ledus-laikmeta-centru\\\/suveniri\\\/#breadcrumb\"},\"inLanguage\":\"lv-LV\",\"potentialAction\":[{\"@type\":\"ReadAction\",\"target\":[\"https:\\\/\\\/jaaaeg.ee\\\/lv\\\/par-ledus-laikmeta-centru\\\/suveniri\\\/\"]}]},{\"@type\":\"ImageObject\",\"inLanguage\":\"lv-LV\",\"@id\":\"https:\\\/\\\/jaaaeg.ee\\\/lv\\\/par-ledus-laikmeta-centru\\\/suveniri\\\/#primaryimage\",\"url\":\"https:\\\/\\\/jaaaeg.ee\\\/wp-content\\\/uploads\\\/2020\\\/10\\\/jaaajakeskus-DSC_9509-scaled.jpg\",\"contentUrl\":\"https:\\\/\\\/jaaaeg.ee\\\/wp-content\\\/uploads\\\/2020\\\/10\\\/jaaajakeskus-DSC_9509-scaled.jpg\",\"width\":2560,\"height\":1707,\"caption\":\"jaaajakeskus DSC 9509 scaled\"},{\"@type\":\"BreadcrumbList\",\"@id\":\"https:\\\/\\\/jaaaeg.ee\\\/lv\\\/par-ledus-laikmeta-centru\\\/suveniri\\\/#breadcrumb\",\"itemListElement\":[{\"@type\":\"ListItem\",\"position\":1,\"name\":\"Home\",\"item\":\"https:\\\/\\\/jaaaeg.ee\\\/lv\\\/\"},{\"@type\":\"ListItem\",\"position\":2,\"name\":\"Par Ledus laikmeta centru\",\"item\":\"https:\\\/\\\/jaaaeg.ee\\\/lv\\\/par-ledus-laikmeta-centru\\\/\"},{\"@type\":\"ListItem\",\"position\":3,\"name\":\"Suven\u012bri\"}]},{\"@type\":\"WebSite\",\"@id\":\"https:\\\/\\\/jaaaeg.ee\\\/ru\\\/#website\",\"url\":\"https:\\\/\\\/jaaaeg.ee\\\/ru\\\/\",\"name\":\"J\u00e4\u00e4aja Keskus\",\"description\":\"avastamisr\u00f5\u00f5m igas vanuses k\u00fclastajatele\",\"potentialAction\":[{\"@type\":\"SearchAction\",\"target\":{\"@type\":\"EntryPoint\",\"urlTemplate\":\"https:\\\/\\\/jaaaeg.ee\\\/ru\\\/?s={search_term_string}\"},\"query-input\":{\"@type\":\"PropertyValueSpecification\",\"valueRequired\":true,\"valueName\":\"search_term_string\"}}],\"inLanguage\":\"lv-LV\"}]}<\/script>\n<!-- \/ Yoast SEO plugin. -->","yoast_head_json":{"title":"Suven\u012bri - J\u00e4\u00e4aja Keskus","robots":{"index":"index","follow":"follow","max-snippet":"max-snippet:-1","max-image-preview":"max-image-preview:large","max-video-preview":"max-video-preview:-1"},"canonical":"https:\/\/jaaaeg.ee\/lv\/par-ledus-laikmeta-centru\/suveniri\/","og_locale":"lv_LV","og_type":"article","og_title":"Suven\u012bri - J\u00e4\u00e4aja Keskus","og_description":"Ledus laikmeta centra suven\u012bru veikal\u0101 ir pieejami unik\u0101li d\u0101vanas un piemi\u0146as priek\u0161meti. Izv\u0113l\u0113 ir gan viet\u0113jie produkti, gan ekskluz\u012bvas d\u0101vanas ar Ledus laikmeta tematik\u0101m.P\u0101rdot\u0101s pl\u012b\u0161a rota\u013clietas ir izgatavotas no p\u0101rstr\u0101d\u0101tiem materi\u0101liem, un liel\u0101k\u0101 da\u013ca produktu ir p\u0113c iesp\u0113jas ilgtsp\u0113j\u012bg\u0101ki un videi draudz\u012bg\u0101ki.Daudzi produkti ir speci\u0101li izstr\u0101d\u0101ti Ledus laikmeta centram un pieejami tikai \u0161aj\u0101 veikal\u0101.Veikal\u0101 ikviens... Las\u012bt vair\u0101k","og_url":"https:\/\/jaaaeg.ee\/lv\/par-ledus-laikmeta-centru\/suveniri\/","og_site_name":"J\u00e4\u00e4aja Keskus","article_publisher":"https:\/\/www.facebook.com\/JaaajaKeskus\/","article_modified_time":"2025-04-10T10:44:46+00:00","og_image":[{"width":2560,"height":1707,"url":"https:\/\/jaaaeg.ee\/wp-content\/uploads\/2020\/10\/jaaajakeskus-DSC_9509-scaled.jpg","type":"image\/jpeg"}],"twitter_card":"summary_large_image","twitter_misc":{"Est. reading time":"1 minute"},"schema":{"@context":"https:\/\/schema.org","@graph":[{"@type":"WebPage","@id":"https:\/\/jaaaeg.ee\/lv\/par-ledus-laikmeta-centru\/suveniri\/","url":"https:\/\/jaaaeg.ee\/lv\/par-ledus-laikmeta-centru\/suveniri\/","name":"Suven\u012bri - J\u00e4\u00e4aja Keskus","isPartOf":{"@id":"https:\/\/jaaaeg.ee\/ru\/#website"},"primaryImageOfPage":{"@id":"https:\/\/jaaaeg.ee\/lv\/par-ledus-laikmeta-centru\/suveniri\/#primaryimage"},"image":{"@id":"https:\/\/jaaaeg.ee\/lv\/par-ledus-laikmeta-centru\/suveniri\/#primaryimage"},"thumbnailUrl":"https:\/\/jaaaeg.ee\/wp-content\/uploads\/2020\/10\/jaaajakeskus-DSC_9509-scaled.jpg","datePublished":"2018-10-02T13:59:22+00:00","dateModified":"2025-04-10T10:44:46+00:00","breadcrumb":{"@id":"https:\/\/jaaaeg.ee\/lv\/par-ledus-laikmeta-centru\/suveniri\/#breadcrumb"},"inLanguage":"lv-LV","potentialAction":[{"@type":"ReadAction","target":["https:\/\/jaaaeg.ee\/lv\/par-ledus-laikmeta-centru\/suveniri\/"]}]},{"@type":"ImageObject","inLanguage":"lv-LV","@id":"https:\/\/jaaaeg.ee\/lv\/par-ledus-laikmeta-centru\/suveniri\/#primaryimage","url":"https:\/\/jaaaeg.ee\/wp-content\/uploads\/2020\/10\/jaaajakeskus-DSC_9509-scaled.jpg","contentUrl":"https:\/\/jaaaeg.ee\/wp-content\/uploads\/2020\/10\/jaaajakeskus-DSC_9509-scaled.jpg","width":2560,"height":1707,"caption":"jaaajakeskus DSC 9509 scaled"},{"@type":"BreadcrumbList","@id":"https:\/\/jaaaeg.ee\/lv\/par-ledus-laikmeta-centru\/suveniri\/#breadcrumb","itemListElement":[{"@type":"ListItem","position":1,"name":"Home","item":"https:\/\/jaaaeg.ee\/lv\/"},{"@type":"ListItem","position":2,"name":"Par Ledus laikmeta centru","item":"https:\/\/jaaaeg.ee\/lv\/par-ledus-laikmeta-centru\/"},{"@type":"ListItem","position":3,"name":"Suven\u012bri"}]},{"@type":"WebSite","@id":"https:\/\/jaaaeg.ee\/ru\/#website","url":"https:\/\/jaaaeg.ee\/ru\/","name":"J\u00e4\u00e4aja Keskus","description":"avastamisr\u00f5\u00f5m igas vanuses k\u00fclastajatele","potentialAction":[{"@type":"SearchAction","target":{"@type":"EntryPoint","urlTemplate":"https:\/\/jaaaeg.ee\/ru\/?s={search_term_string}"},"query-input":{"@type":"PropertyValueSpecification","valueRequired":true,"valueName":"search_term_string"}}],"inLanguage":"lv-LV"}]}},"_links":{"self":[{"href":"https:\/\/jaaaeg.ee\/lv\/wp-json\/wp\/v2\/pages\/1761","targetHints":{"allow":["GET"]}}],"collection":[{"href":"https:\/\/jaaaeg.ee\/lv\/wp-json\/wp\/v2\/pages"}],"about":[{"href":"https:\/\/jaaaeg.ee\/lv\/wp-json\/wp\/v2\/types\/page"}],"author":[{"embeddable":true,"href":"https:\/\/jaaaeg.ee\/lv\/wp-json\/wp\/v2\/users\/1"}],"replies":[{"embeddable":true,"href":"https:\/\/jaaaeg.ee\/lv\/wp-json\/wp\/v2\/comments?post=1761"}],"version-history":[{"count":5,"href":"https:\/\/jaaaeg.ee\/lv\/wp-json\/wp\/v2\/pages\/1761\/revisions"}],"predecessor-version":[{"id":30907,"href":"https:\/\/jaaaeg.ee\/lv\/wp-json\/wp\/v2\/pages\/1761\/revisions\/30907"}],"up":[{"embeddable":true,"href":"https:\/\/jaaaeg.ee\/lv\/wp-json\/wp\/v2\/pages\/1734"}],"wp:featuredmedia":[{"embeddable":true,"href":"https:\/\/jaaaeg.ee\/lv\/wp-json\/wp\/v2\/media\/18915"}],"wp:attachment":[{"href":"https:\/\/jaaaeg.ee\/lv\/wp-json\/wp\/v2\/media?parent=1761"}],"curies":[{"name":"wp","href":"https:\/\/api.w.org\/{rel}","templated":true}]}}