{"id":1757,"date":"2018-10-02T16:57:52","date_gmt":"2018-10-02T13:57:52","guid":{"rendered":"http:\/\/jaaaeg.ee\/?page_id=1757"},"modified":"2025-07-15T13:04:08","modified_gmt":"2025-07-15T10:04:08","slug":"aktivitates-berniem","status":"publish","type":"page","link":"https:\/\/jaaaeg.ee\/lv\/par-ledus-laikmeta-centru\/aktivitates-berniem\/","title":{"rendered":"Aktivit\u0101tes b\u0113rniem"},"content":{"rendered":"<div class=\"vce-row-container\" data-vce-boxed-width=\"true\"><div class=\"vce-row vce-row--col-gap-30 vce-row-content--top\" id=\"el-8c83e8dd\" data-vce-do-apply=\"all el-8c83e8dd\"><div class=\"vce-row-content\" data-vce-element-content=\"true\"><div class=\"vce-col vce-col--md-100p vce-col--xs-1 vce-col--xs-last vce-col--xs-first vce-col--sm-last vce-col--sm-first vce-col--md-last vce-col--lg-last vce-col--xl-last vce-col--md-first vce-col--lg-first vce-col--xl-first\" id=\"el-4d82ec8a\"><div class=\"vce-col-inner\" data-vce-do-apply=\"border margin background  el-4d82ec8a\"><div class=\"vce-col-content\" data-vce-element-content=\"true\" data-vce-do-apply=\"padding el-4d82ec8a\"><div class=\"vce-text-block\"><div class=\"vce-text-block-wrapper vce\" id=\"el-fc5eb9d6\" data-vce-do-apply=\"all el-fc5eb9d6\"><p data-start=\"0\" data-end=\"172\">L\u016bk, j\u016bsu teksts profesion\u0101li tulkots latvie\u0161u valod\u0101, saglab\u0101jot draudz\u012bgu, \u0123imen\u0113m piem\u0113rotu toni, k\u0101 ar\u012b strukt\u016bru, kas labi der m\u0101jaslapai vai inform\u0101cijas materi\u0101liem:<\/p><h2 data-start=\"179\" data-end=\"263\"><strong data-start=\"179\" data-end=\"263\">Ledus laikmeta centrs ir aizraujo\u0161s un interesants apmekl\u0113t\u0101jiem jebkur\u0101 vecum\u0101!<\/strong><\/h2><p data-start=\"265\" data-end=\"479\">B\u0113rniem Ledus laikmeta centr\u0101 pieejama sp\u0113\u013cu ala, kur\u0101 vi\u0146i var veikt arheolo\u0123iskus izrakumus, papildin\u0101t alu z\u012bm\u0113jumus, sp\u0113l\u0113ties ar ledus laikmeta dz\u012bvniekiem un noskat\u012bties anim\u0101cijas filmu \u201cVeiklais Lok\u0161\u0101v\u0113js\u201d.<\/p><p data-start=\"481\" data-end=\"637\">Pirmaj\u0101 st\u0101v\u0101 atrodas ar\u012b sniega ala, kur var iel\u012bst un apskat\u012bt l\u0101\u010da migu, snieg\u0101 dz\u012bvojo\u0161us kukai\u0146us un dz\u012bvniekus, k\u0101 ar\u012b iepaz\u012bt dz\u012bvi zem sniega ziem\u0101.<\/p><p data-start=\"644\" data-end=\"1070\">&nbsp;<\/p><p data-start=\"644\" data-end=\"1070\"><strong data-start=\"644\" data-end=\"668\">Lemminga Lempsa taka<\/strong><br data-start=\"668\" data-end=\"671\">B\u0113rni var izp\u0113t\u012bt Ledus laikmeta centru patst\u0101v\u012bgi, sp\u0113l\u0113jot aizraujo\u0161u mekl\u0113\u0161anas sp\u0113li \u201cLemminga Lempsa taka\u201d. Piedz\u012bvojums s\u0101kas pirmaj\u0101 st\u0101v\u0101. Mekl\u0113 uz gr\u012bdas Lempsa \u2013 leminga \u2013 simbolu, izlasi jaut\u0101jumu, atrod atbildi un atz\u012bm\u0113 to. Mekl\u0113jot, lasot, dom\u0101jot un atbildot, b\u0113rni ieg\u016bst jaunas zin\u0101\u0161anas. Katr\u0101 punkt\u0101 iesp\u0113jams noklaus\u012bties st\u0101stus, sken\u0113jot QR kodus \u2013 vienk\u0101r\u0161i sken\u0113 un klausies.<\/p><p data-start=\"1077\" data-end=\"1304\"><strong data-start=\"1077\" data-end=\"1090\">Sp\u0113\u013cu ala<\/strong><br data-start=\"1090\" data-end=\"1093\">Maz\u0101kos apmekl\u0113t\u0101jus gaida aizraujo\u0161a sp\u0113\u013cu ala, kur iesp\u0113jams veikt arheolo\u0123iskus izrakumus, papildin\u0101t alu z\u012bm\u0113jumus, sp\u0113l\u0113ties ar ledus laikmeta dz\u012bvniekiem un skat\u012bties anim\u0101cijas filmu \u201cVeiklais Lok\u0161\u0101v\u0113js\u201d.<\/p><p><strong data-start=\"1311\" data-end=\"1325\">Sniega ala<\/strong><br data-start=\"1325\" data-end=\"1328\">Pirmaj\u0101 st\u0101v\u0101 b\u0113rni var iel\u012bst sniega al\u0101, lai apskat\u012btu l\u0101\u010da migu, kukai\u0146us un dz\u012bvniekus, kas dz\u012bvo snieg\u0101, k\u0101 ar\u012b uzzin\u0101tu, k\u0101da ir dz\u012bve zem sniega segas ziem\u0101.<\/p><p data-start=\"1311\" data-end=\"1492\"><strong data-start=\"1499\" data-end=\"1515\">B\u0113rnu istaba<\/strong><br data-start=\"1515\" data-end=\"1518\">Ledus laikmeta centra otraj\u0101 st\u0101v\u0101 atrodas m\u0101j\u012bga b\u0113rnu istaba, kur b\u0113rni var k\u0101pel\u0113t, atp\u016bsties, sp\u0113l\u0113t sniega kaujas, b\u016bv\u0113t tor\u0146us no kluc\u012b\u0161iem un v\u0113l daudz ko citu. Te var skraid\u012bt un rota\u013c\u0101ties, bet vec\u0101ki var mier\u012bgi atp\u016bsties \u0161\u016bpu\u013ckr\u0113slos un palas\u012bt \u017eurn\u0101lu. Neliela pauze visiem.<\/p><p data-start=\"1806\" data-end=\"1978\">B\u0113rnu istaba pieejama ar\u012b dzim\u0161anas dienu svin\u012bb\u0101m.<br data-start=\"1857\" data-end=\"1860\">L\u016bdzu, rezerv\u0113jiet telpu vismaz vienu ned\u0113\u013cu iepriek\u0161, rakstot uz: <a href=\"mailto:info@jaaaeg.ee\"><strong>info@jaaaeg.ee<\/strong><\/a> vai zvanot <strong data-start=\"1959\" data-end=\"1977\">+372 5911 3318<\/strong>.<\/p><p data-start=\"1806\" data-end=\"1978\"><strong data-start=\"1985\" data-end=\"2005\">Kr\u0101so\u0161anas siena<\/strong><br data-start=\"2005\" data-end=\"2008\">Tre\u0161aj\u0101 st\u0101v\u0101 b\u0113rni da\u017e\u0101dos vecumos var z\u012bm\u0113t un kr\u0101sot uz \u012bpa\u0161i izveidotas Ledus laikmeta tematikai velt\u012btas sienas.<\/p><p data-start=\"1985\" data-end=\"2125\"><strong data-start=\"2132\" data-end=\"2145\">Audiogids<\/strong><br data-start=\"2145\" data-end=\"2148\">Vis\u0101 centr\u0101 atrad\u012bsiet QR kodus. Izmantojiet savu viedier\u012bci, lai atv\u0113rtu audiofailus. Mekl\u0113jiet 15 \u012bpa\u0161us QR kodus, kas rad\u012bti tie\u0161i b\u0113rniem, un kop\u0101 klausieties interesantus, izgl\u012btojo\u0161us st\u0101stus. Pieejami ar\u012b 25 QR kodi ar saturu pieaugu\u0161ajiem. Virtu\u0101lais gids pieejams \u010detr\u0101s valod\u0101s \u2013 latvie\u0161u, igau\u0146u, krievu un ang\u013cu.<\/p><p data-start=\"2132\" data-end=\"2472\"><strong data-start=\"2479\" data-end=\"2505\">B\u0113rnu dzim\u0161anas dienas<\/strong><br data-start=\"2505\" data-end=\"2508\">Ledus laikmeta centr\u0101 iesp\u0113jams organiz\u0113t ar\u012b b\u0113rnu dzim\u0161anas dienas svin\u012bbas! Iepaz\u012bstieties ar m\u016bsu pied\u0101v\u0101jumiem un \u013caujiet mums pal\u012bdz\u0113t jums izveidot \u012bpa\u0161u un neaizmirstamu dienu.<\/p><h2 data-start=\"2479\" data-end=\"2692\">Ledus laikmeta centrs ir piem\u0113rots apmekl\u0113jumam ar b\u0113rnu rati\u0146iem, un \u0113k\u0101 ir ar\u012b lifts.<\/h2><p data-start=\"2479\" data-end=\"2692\">Papildu inform\u0101cija un nor\u0101des pieejamas Ledus laikmeta centra kas\u0113.<\/p><\/div><\/div><\/div><\/div><\/div><\/div><\/div><\/div><div class=\"vce-row-container\" data-vce-boxed-width=\"true\"><div class=\"vce-row vce-row--col-gap-30 vce-row-equal-height vce-row-content--top\" id=\"el-937ddedd\" data-vce-do-apply=\"all el-937ddedd\"><div class=\"vce-row-content\" data-vce-element-content=\"true\"><div class=\"vce-col vce-col--md-auto vce-col--xs-1 vce-col--xs-last vce-col--xs-first vce-col--sm-last vce-col--sm-first vce-col--md-last vce-col--lg-last vce-col--xl-last vce-col--md-first vce-col--lg-first vce-col--xl-first\" id=\"el-8b5d0b62\"><div class=\"vce-col-inner\" data-vce-do-apply=\"border margin background  el-8b5d0b62\"><div class=\"vce-col-content\" data-vce-element-content=\"true\" data-vce-do-apply=\"padding el-8b5d0b62\"><div class=\"vce-image-gallery vce-image-gallery--gap-10 vce-image-gallery--columns-3\"><div class=\"vce-image-gallery-wrapper vce\" id=\"el-126ecd1e\" data-vce-do-apply=\"all el-126ecd1e\"><div class=\"vce-image-gallery-list\"><div class=\"vce-image-gallery-item\"><figure class=\"vce-image-gallery-item-inner-wrapper\"><a href=\"https:\/\/jaaaeg.ee\/wp-content\/uploads\/2025\/07\/vaiksem_Ice-Age-Centre_Estonia_Virgo-Haan4-1536x1026-1.jpg\" data-lightbox=\"lightbox-126ecd1e\" class=\"vce-image-gallery-item-inner\"><img decoding=\"async\" class=\"vce-image-gallery-img\" src=\"https:\/\/jaaaeg.ee\/wp-content\/uploads\/2025\/07\/vaiksem_Ice-Age-Centre_Estonia_Virgo-Haan4-1536x1026-1-700x401.jpg\" alt=\"\" title=\"v\u00e4iksem_Ice-Age-Centre_Estonia_Virgo-Haan4-1536x1026\"><\/a><\/figure><\/div><div class=\"vce-image-gallery-item\"><figure class=\"vce-image-gallery-item-inner-wrapper\"><a href=\"https:\/\/jaaaeg.ee\/wp-content\/uploads\/2025\/07\/SSepp_varvimissein-scaled.jpg\" data-lightbox=\"lightbox-126ecd1e\" class=\"vce-image-gallery-item-inner\"><img decoding=\"async\" class=\"vce-image-gallery-img\" src=\"https:\/\/jaaaeg.ee\/wp-content\/uploads\/2025\/07\/SSepp_varvimissein-700x471.jpg\" alt=\"\" title=\"SSepp_v\u00e4rvimissein\"><\/a><\/figure><\/div><div class=\"vce-image-gallery-item\"><figure class=\"vce-image-gallery-item-inner-wrapper\"><a href=\"https:\/\/jaaaeg.ee\/wp-content\/uploads\/2025\/07\/JK_mammut_Katrin-Sisask-scaled.jpg\" data-lightbox=\"lightbox-126ecd1e\" class=\"vce-image-gallery-item-inner\"><img decoding=\"async\" class=\"vce-image-gallery-img vce-image-gallery-img--orientation-portrait\" src=\"https:\/\/jaaaeg.ee\/wp-content\/uploads\/2025\/07\/JK_mammut_Katrin-Sisask-700x1048.jpg\" alt=\"\" title=\"JK_mammut_Katrin Sisask\"><\/a><\/figure><\/div><div class=\"vce-image-gallery-item\"><figure class=\"vce-image-gallery-item-inner-wrapper\"><a href=\"https:\/\/jaaaeg.ee\/wp-content\/uploads\/2024\/10\/20240114_133737-scaled.jpg\" data-lightbox=\"lightbox-126ecd1e\" class=\"vce-image-gallery-item-inner\"><img decoding=\"async\" class=\"vce-image-gallery-img vce-image-gallery-img--orientation-portrait\" src=\"https:\/\/jaaaeg.ee\/wp-content\/uploads\/2024\/10\/20240114_133737-700x933.jpg\" alt=\"20240114 133737 scaled\" title=\"20240114 133737 scaled\"><\/a><\/figure><\/div><div class=\"vce-image-gallery-item\"><figure class=\"vce-image-gallery-item-inner-wrapper\"><a href=\"https:\/\/jaaaeg.ee\/wp-content\/uploads\/2024\/10\/KBeljaev_JK-lastetuba-2-scaled.jpg\" data-lightbox=\"lightbox-126ecd1e\" class=\"vce-image-gallery-item-inner\"><img decoding=\"async\" class=\"vce-image-gallery-img vce-image-gallery-img--orientation-portrait\" src=\"https:\/\/jaaaeg.ee\/wp-content\/uploads\/2024\/10\/KBeljaev_JK-lastetuba-2-700x933.jpg\" alt=\"KBeljaev JK lastetuba 2 scaled\" title=\"KBeljaev JK lastetuba 2 scaled\"><\/a><\/figure><\/div><div class=\"vce-image-gallery-item\"><figure class=\"vce-image-gallery-item-inner-wrapper\"><a href=\"https:\/\/jaaaeg.ee\/wp-content\/uploads\/2018\/10\/KValner_lapsed-parvesoidule-2023-scaled.jpg\" data-lightbox=\"lightbox-126ecd1e\" class=\"vce-image-gallery-item-inner\"><img decoding=\"async\" class=\"vce-image-gallery-img\" src=\"https:\/\/jaaaeg.ee\/wp-content\/uploads\/2018\/10\/KValner_lapsed-parvesoidule-2023-700x525.jpg\" alt=\"KValner lapsed parvesoidule 2023 scaled\" title=\"KValner lapsed parvesoidule 2023 scaled\"><\/a><\/figure><\/div><\/div><\/div><\/div><\/div><\/div><\/div><\/div><\/div><\/div>\n","protected":false},"excerpt":{"rendered":"L\u016bk, j\u016bsu teksts profesion\u0101li tulkots latvie\u0161u valod\u0101, saglab\u0101jot draudz\u012bgu, \u0123imen\u0113m piem\u0113rotu toni, k\u0101 ar\u012b strukt\u016bru, kas labi der m\u0101jaslapai vai inform\u0101cijas materi\u0101liem:Ledus laikmeta centrs ir aizraujo\u0161s un interesants apmekl\u0113t\u0101jiem jebkur\u0101 vecum\u0101!B\u0113rniem Ledus laikmeta centr\u0101 pieejama sp\u0113\u013cu ala, kur\u0101 vi\u0146i var veikt arheolo\u0123iskus izrakumus, papildin\u0101t alu z\u012bm\u0113jumus, sp\u0113l\u0113ties ar ledus laikmeta dz\u012bvniekiem un noskat\u012bties anim\u0101cijas filmu&#8230; <a class=\"view-article\" href=\"https:\/\/jaaaeg.ee\/lv\/par-ledus-laikmeta-centru\/aktivitates-berniem\/\">Las\u012bt vair\u0101k<\/a>","protected":false},"author":1,"featured_media":18865,"parent":1734,"menu_order":336,"comment_status":"closed","ping_status":"closed","template":"template-sidebar.php","meta":{"_acf_changed":false,"ngg_post_thumbnail":0,"footnotes":""},"class_list":["post-1757","page","type-page","status-publish","has-post-thumbnail","hentry"],"acf":[],"yoast_head":"<!-- This site is optimized with the Yoast SEO plugin v27.3 - https:\/\/yoast.com\/product\/yoast-seo-wordpress\/ -->\n<title>Aktivit\u0101tes b\u0113rniem - J\u00e4\u00e4aja Keskus<\/title>\n<meta name=\"robots\" content=\"index, follow, max-snippet:-1, max-image-preview:large, max-video-preview:-1\" \/>\n<link rel=\"canonical\" href=\"https:\/\/jaaaeg.ee\/lv\/par-ledus-laikmeta-centru\/aktivitates-berniem\/\" \/>\n<meta property=\"og:locale\" content=\"lv_LV\" \/>\n<meta property=\"og:type\" content=\"article\" \/>\n<meta property=\"og:title\" content=\"Aktivit\u0101tes b\u0113rniem - J\u00e4\u00e4aja Keskus\" \/>\n<meta property=\"og:description\" content=\"L\u016bk, j\u016bsu teksts profesion\u0101li tulkots latvie\u0161u valod\u0101, saglab\u0101jot draudz\u012bgu, \u0123imen\u0113m piem\u0113rotu toni, k\u0101 ar\u012b strukt\u016bru, kas labi der m\u0101jaslapai vai inform\u0101cijas materi\u0101liem:Ledus laikmeta centrs ir aizraujo\u0161s un interesants apmekl\u0113t\u0101jiem jebkur\u0101 vecum\u0101!B\u0113rniem Ledus laikmeta centr\u0101 pieejama sp\u0113\u013cu ala, kur\u0101 vi\u0146i var veikt arheolo\u0123iskus izrakumus, papildin\u0101t alu z\u012bm\u0113jumus, sp\u0113l\u0113ties ar ledus laikmeta dz\u012bvniekiem un noskat\u012bties anim\u0101cijas filmu... Las\u012bt vair\u0101k\" \/>\n<meta property=\"og:url\" content=\"https:\/\/jaaaeg.ee\/lv\/par-ledus-laikmeta-centru\/aktivitates-berniem\/\" \/>\n<meta property=\"og:site_name\" content=\"J\u00e4\u00e4aja Keskus\" \/>\n<meta property=\"article:publisher\" content=\"https:\/\/www.facebook.com\/JaaajaKeskus\/\" \/>\n<meta property=\"article:modified_time\" content=\"2025-07-15T10:04:08+00:00\" \/>\n<meta property=\"og:image\" content=\"https:\/\/jaaaeg.ee\/wp-content\/uploads\/2020\/10\/jaaajakeskus-DSC_9533-scaled.jpg\" \/>\n\t<meta property=\"og:image:width\" content=\"2560\" \/>\n\t<meta property=\"og:image:height\" content=\"1707\" \/>\n\t<meta property=\"og:image:type\" content=\"image\/jpeg\" \/>\n<meta name=\"twitter:card\" content=\"summary_large_image\" \/>\n<meta name=\"twitter:label1\" content=\"Est. reading time\" \/>\n\t<meta name=\"twitter:data1\" content=\"3 minutes\" \/>\n<script type=\"application\/ld+json\" class=\"yoast-schema-graph\">{\"@context\":\"https:\\\/\\\/schema.org\",\"@graph\":[{\"@type\":\"WebPage\",\"@id\":\"https:\\\/\\\/jaaaeg.ee\\\/lv\\\/par-ledus-laikmeta-centru\\\/aktivitates-berniem\\\/\",\"url\":\"https:\\\/\\\/jaaaeg.ee\\\/lv\\\/par-ledus-laikmeta-centru\\\/aktivitates-berniem\\\/\",\"name\":\"Aktivit\u0101tes b\u0113rniem - J\u00e4\u00e4aja Keskus\",\"isPartOf\":{\"@id\":\"https:\\\/\\\/jaaaeg.ee\\\/ru\\\/#website\"},\"primaryImageOfPage\":{\"@id\":\"https:\\\/\\\/jaaaeg.ee\\\/lv\\\/par-ledus-laikmeta-centru\\\/aktivitates-berniem\\\/#primaryimage\"},\"image\":{\"@id\":\"https:\\\/\\\/jaaaeg.ee\\\/lv\\\/par-ledus-laikmeta-centru\\\/aktivitates-berniem\\\/#primaryimage\"},\"thumbnailUrl\":\"https:\\\/\\\/jaaaeg.ee\\\/wp-content\\\/uploads\\\/2020\\\/10\\\/jaaajakeskus-DSC_9533-scaled.jpg\",\"datePublished\":\"2018-10-02T13:57:52+00:00\",\"dateModified\":\"2025-07-15T10:04:08+00:00\",\"breadcrumb\":{\"@id\":\"https:\\\/\\\/jaaaeg.ee\\\/lv\\\/par-ledus-laikmeta-centru\\\/aktivitates-berniem\\\/#breadcrumb\"},\"inLanguage\":\"lv-LV\",\"potentialAction\":[{\"@type\":\"ReadAction\",\"target\":[\"https:\\\/\\\/jaaaeg.ee\\\/lv\\\/par-ledus-laikmeta-centru\\\/aktivitates-berniem\\\/\"]}]},{\"@type\":\"ImageObject\",\"inLanguage\":\"lv-LV\",\"@id\":\"https:\\\/\\\/jaaaeg.ee\\\/lv\\\/par-ledus-laikmeta-centru\\\/aktivitates-berniem\\\/#primaryimage\",\"url\":\"https:\\\/\\\/jaaaeg.ee\\\/wp-content\\\/uploads\\\/2020\\\/10\\\/jaaajakeskus-DSC_9533-scaled.jpg\",\"contentUrl\":\"https:\\\/\\\/jaaaeg.ee\\\/wp-content\\\/uploads\\\/2020\\\/10\\\/jaaajakeskus-DSC_9533-scaled.jpg\",\"width\":2560,\"height\":1707,\"caption\":\"jaaajakeskus DSC 9533 scaled\"},{\"@type\":\"BreadcrumbList\",\"@id\":\"https:\\\/\\\/jaaaeg.ee\\\/lv\\\/par-ledus-laikmeta-centru\\\/aktivitates-berniem\\\/#breadcrumb\",\"itemListElement\":[{\"@type\":\"ListItem\",\"position\":1,\"name\":\"Home\",\"item\":\"https:\\\/\\\/jaaaeg.ee\\\/lv\\\/\"},{\"@type\":\"ListItem\",\"position\":2,\"name\":\"Par Ledus laikmeta centru\",\"item\":\"https:\\\/\\\/jaaaeg.ee\\\/lv\\\/par-ledus-laikmeta-centru\\\/\"},{\"@type\":\"ListItem\",\"position\":3,\"name\":\"Aktivit\u0101tes b\u0113rniem\"}]},{\"@type\":\"WebSite\",\"@id\":\"https:\\\/\\\/jaaaeg.ee\\\/ru\\\/#website\",\"url\":\"https:\\\/\\\/jaaaeg.ee\\\/ru\\\/\",\"name\":\"J\u00e4\u00e4aja Keskus\",\"description\":\"avastamisr\u00f5\u00f5m igas vanuses k\u00fclastajatele\",\"potentialAction\":[{\"@type\":\"SearchAction\",\"target\":{\"@type\":\"EntryPoint\",\"urlTemplate\":\"https:\\\/\\\/jaaaeg.ee\\\/ru\\\/?s={search_term_string}\"},\"query-input\":{\"@type\":\"PropertyValueSpecification\",\"valueRequired\":true,\"valueName\":\"search_term_string\"}}],\"inLanguage\":\"lv-LV\"}]}<\/script>\n<!-- \/ Yoast SEO plugin. -->","yoast_head_json":{"title":"Aktivit\u0101tes b\u0113rniem - J\u00e4\u00e4aja Keskus","robots":{"index":"index","follow":"follow","max-snippet":"max-snippet:-1","max-image-preview":"max-image-preview:large","max-video-preview":"max-video-preview:-1"},"canonical":"https:\/\/jaaaeg.ee\/lv\/par-ledus-laikmeta-centru\/aktivitates-berniem\/","og_locale":"lv_LV","og_type":"article","og_title":"Aktivit\u0101tes b\u0113rniem - J\u00e4\u00e4aja Keskus","og_description":"L\u016bk, j\u016bsu teksts profesion\u0101li tulkots latvie\u0161u valod\u0101, saglab\u0101jot draudz\u012bgu, \u0123imen\u0113m piem\u0113rotu toni, k\u0101 ar\u012b strukt\u016bru, kas labi der m\u0101jaslapai vai inform\u0101cijas materi\u0101liem:Ledus laikmeta centrs ir aizraujo\u0161s un interesants apmekl\u0113t\u0101jiem jebkur\u0101 vecum\u0101!B\u0113rniem Ledus laikmeta centr\u0101 pieejama sp\u0113\u013cu ala, kur\u0101 vi\u0146i var veikt arheolo\u0123iskus izrakumus, papildin\u0101t alu z\u012bm\u0113jumus, sp\u0113l\u0113ties ar ledus laikmeta dz\u012bvniekiem un noskat\u012bties anim\u0101cijas filmu... Las\u012bt vair\u0101k","og_url":"https:\/\/jaaaeg.ee\/lv\/par-ledus-laikmeta-centru\/aktivitates-berniem\/","og_site_name":"J\u00e4\u00e4aja Keskus","article_publisher":"https:\/\/www.facebook.com\/JaaajaKeskus\/","article_modified_time":"2025-07-15T10:04:08+00:00","og_image":[{"width":2560,"height":1707,"url":"https:\/\/jaaaeg.ee\/wp-content\/uploads\/2020\/10\/jaaajakeskus-DSC_9533-scaled.jpg","type":"image\/jpeg"}],"twitter_card":"summary_large_image","twitter_misc":{"Est. reading time":"3 minutes"},"schema":{"@context":"https:\/\/schema.org","@graph":[{"@type":"WebPage","@id":"https:\/\/jaaaeg.ee\/lv\/par-ledus-laikmeta-centru\/aktivitates-berniem\/","url":"https:\/\/jaaaeg.ee\/lv\/par-ledus-laikmeta-centru\/aktivitates-berniem\/","name":"Aktivit\u0101tes b\u0113rniem - J\u00e4\u00e4aja Keskus","isPartOf":{"@id":"https:\/\/jaaaeg.ee\/ru\/#website"},"primaryImageOfPage":{"@id":"https:\/\/jaaaeg.ee\/lv\/par-ledus-laikmeta-centru\/aktivitates-berniem\/#primaryimage"},"image":{"@id":"https:\/\/jaaaeg.ee\/lv\/par-ledus-laikmeta-centru\/aktivitates-berniem\/#primaryimage"},"thumbnailUrl":"https:\/\/jaaaeg.ee\/wp-content\/uploads\/2020\/10\/jaaajakeskus-DSC_9533-scaled.jpg","datePublished":"2018-10-02T13:57:52+00:00","dateModified":"2025-07-15T10:04:08+00:00","breadcrumb":{"@id":"https:\/\/jaaaeg.ee\/lv\/par-ledus-laikmeta-centru\/aktivitates-berniem\/#breadcrumb"},"inLanguage":"lv-LV","potentialAction":[{"@type":"ReadAction","target":["https:\/\/jaaaeg.ee\/lv\/par-ledus-laikmeta-centru\/aktivitates-berniem\/"]}]},{"@type":"ImageObject","inLanguage":"lv-LV","@id":"https:\/\/jaaaeg.ee\/lv\/par-ledus-laikmeta-centru\/aktivitates-berniem\/#primaryimage","url":"https:\/\/jaaaeg.ee\/wp-content\/uploads\/2020\/10\/jaaajakeskus-DSC_9533-scaled.jpg","contentUrl":"https:\/\/jaaaeg.ee\/wp-content\/uploads\/2020\/10\/jaaajakeskus-DSC_9533-scaled.jpg","width":2560,"height":1707,"caption":"jaaajakeskus DSC 9533 scaled"},{"@type":"BreadcrumbList","@id":"https:\/\/jaaaeg.ee\/lv\/par-ledus-laikmeta-centru\/aktivitates-berniem\/#breadcrumb","itemListElement":[{"@type":"ListItem","position":1,"name":"Home","item":"https:\/\/jaaaeg.ee\/lv\/"},{"@type":"ListItem","position":2,"name":"Par Ledus laikmeta centru","item":"https:\/\/jaaaeg.ee\/lv\/par-ledus-laikmeta-centru\/"},{"@type":"ListItem","position":3,"name":"Aktivit\u0101tes b\u0113rniem"}]},{"@type":"WebSite","@id":"https:\/\/jaaaeg.ee\/ru\/#website","url":"https:\/\/jaaaeg.ee\/ru\/","name":"J\u00e4\u00e4aja Keskus","description":"avastamisr\u00f5\u00f5m igas vanuses k\u00fclastajatele","potentialAction":[{"@type":"SearchAction","target":{"@type":"EntryPoint","urlTemplate":"https:\/\/jaaaeg.ee\/ru\/?s={search_term_string}"},"query-input":{"@type":"PropertyValueSpecification","valueRequired":true,"valueName":"search_term_string"}}],"inLanguage":"lv-LV"}]}},"_links":{"self":[{"href":"https:\/\/jaaaeg.ee\/lv\/wp-json\/wp\/v2\/pages\/1757","targetHints":{"allow":["GET"]}}],"collection":[{"href":"https:\/\/jaaaeg.ee\/lv\/wp-json\/wp\/v2\/pages"}],"about":[{"href":"https:\/\/jaaaeg.ee\/lv\/wp-json\/wp\/v2\/types\/page"}],"author":[{"embeddable":true,"href":"https:\/\/jaaaeg.ee\/lv\/wp-json\/wp\/v2\/users\/1"}],"replies":[{"embeddable":true,"href":"https:\/\/jaaaeg.ee\/lv\/wp-json\/wp\/v2\/comments?post=1757"}],"version-history":[{"count":7,"href":"https:\/\/jaaaeg.ee\/lv\/wp-json\/wp\/v2\/pages\/1757\/revisions"}],"predecessor-version":[{"id":31963,"href":"https:\/\/jaaaeg.ee\/lv\/wp-json\/wp\/v2\/pages\/1757\/revisions\/31963"}],"up":[{"embeddable":true,"href":"https:\/\/jaaaeg.ee\/lv\/wp-json\/wp\/v2\/pages\/1734"}],"wp:featuredmedia":[{"embeddable":true,"href":"https:\/\/jaaaeg.ee\/lv\/wp-json\/wp\/v2\/media\/18865"}],"wp:attachment":[{"href":"https:\/\/jaaaeg.ee\/lv\/wp-json\/wp\/v2\/media?parent=1757"}],"curies":[{"name":"wp","href":"https:\/\/api.w.org\/{rel}","templated":true}]}}