{"id":1753,"date":"2018-10-02T16:54:21","date_gmt":"2018-10-02T13:54:21","guid":{"rendered":"http:\/\/jaaaeg.ee\/?page_id=1753"},"modified":"2018-10-08T10:43:57","modified_gmt":"2018-10-08T07:43:57","slug":"ka-atklut","status":"publish","type":"page","link":"https:\/\/jaaaeg.ee\/lv\/par-ledus-laikmeta-centru\/ka-atklut\/","title":{"rendered":"K\u0101 atk\u013c\u016bt?"},"content":{"rendered":"<div class=\"vce-row-container\"><div class=\"vce-row vce-row--col-gap-30 vce-row-columns--top vce-row-content--top\" id=\"el-1bb2dca6\" data-vce-do-apply=\"all el-1bb2dca6\"><div class=\"vce-row-content\" data-vce-element-content=\"true\"><div class=\"vce-col vce-col--md-100p vce-col--xs-1 vce-col--xs-last vce-col--xs-first vce-col--sm-last vce-col--sm-first vce-col--md-last vce-col--lg-last vce-col--xl-last vce-col--md-first vce-col--lg-first vce-col--xl-first\" id=\"el-19821de2\" data-vce-do-apply=\"background border el-19821de2\"><div class=\"vce-col-inner\" data-vce-element-content=\"true\" data-vce-do-apply=\"padding margin  el-19821de2\"><div class=\"vce-text-block\"><div class=\"vce-text-block-wrapper vce\" id=\"el-764a8535\" data-vce-do-apply=\"all el-764a8535\"><p>Ledus laikmeta centra atra\u0161an\u0101s GPS koordin\u0101tas: 58.525755, 26.676229<\/p><p><iframe loading=\"lazy\" style=\"border: 0;\" src=\"https:\/\/www.google.com\/maps\/embed?pb=!1m18!1m12!1m3!1d2005.2264531997787!2d26.673950849053895!3d58.52570845485291!2m3!1f0!2f0!3f0!3m2!1i1024!2i768!4f13.1!3m3!1m2!1s0x46eb4ad6cb25105d%3A0x5e881c29c1882d4f!2zSsOkw6RhamEgS2Vza3Vz!5e0!3m2!1set!2see!4v1536666121462\" width=\"600\" height=\"450\" frameborder=\"0\" allowfullscreen=\"allowfullscreen\" data-mce-fragment=\"1\"><\/iframe><\/p><p><strong>Att\u0101lumi no pils\u0113t\u0101m:<\/strong><\/p><ul><li>Tartu 18 km<\/li><li>J\u00f5geva 34 km<\/li><li>P\u00f5ltsamaa 52 km<\/li><li>Rakvere 107 km<\/li><li>Narva 166 km<\/li><li>P\u00e4rnu 176 km<\/li><li>Tallinn 178 km<\/li><\/ul><p><strong>No Tartu uz Ledus laikmeta centru iesp\u0113jams atk\u013c\u016bt ar sekojo\u0161\u0101m sabiedrisk\u0101 autobusa l\u012bnij\u0101m: <\/strong>nr 611, 613, 614, 732, 612, 733, 738, kuras no Tartu atiet atbilsto\u0161i 7.30, 12.30, 14.00, 15.25, 16.30, 18.00 ja 21.30. S\u012bk\u0101ka inform\u0101cija par autobusu satiksmi:&nbsp;<a href=\"https:\/\/www.peatus.ee\/\">www.peatus.ee<\/a>.<\/p><p>Ledus laikmeta centra autobusa pieturas nosaukums ir Keskus.<\/p><\/div><\/div><\/div><\/div><\/div><\/div><\/div>\n","protected":false},"excerpt":{"rendered":"Ledus laikmeta centra atra\u0161an\u0101s GPS koordin\u0101tas: 58.525755, 26.676229Att\u0101lumi no pils\u0113t\u0101m:Tartu 18 kmJ\u00f5geva 34 kmP\u00f5ltsamaa 52 kmRakvere 107 kmNarva 166 kmP\u00e4rnu 176 kmTallinn 178 kmNo Tartu uz Ledus laikmeta centru iesp\u0113jams atk\u013c\u016bt ar sekojo\u0161\u0101m sabiedrisk\u0101 autobusa l\u012bnij\u0101m: nr 611, 613, 614, 732, 612, 733, 738, kuras no Tartu atiet atbilsto\u0161i 7.30, 12.30, 14.00, 15.25, 16.30, 18.00&#8230; <a class=\"view-article\" href=\"https:\/\/jaaaeg.ee\/lv\/par-ledus-laikmeta-centru\/ka-atklut\/\">Las\u012bt vair\u0101k<\/a>","protected":false},"author":1,"featured_media":0,"parent":1734,"menu_order":338,"comment_status":"closed","ping_status":"closed","template":"template-sidebar.php","meta":{"_acf_changed":false,"ngg_post_thumbnail":0,"footnotes":""},"class_list":["post-1753","page","type-page","status-publish","hentry"],"acf":[],"yoast_head":"<!-- This site is optimized with the Yoast SEO plugin v27.3 - https:\/\/yoast.com\/product\/yoast-seo-wordpress\/ -->\n<title>K\u0101 atk\u013c\u016bt? - J\u00e4\u00e4aja Keskus<\/title>\n<meta name=\"robots\" content=\"index, follow, max-snippet:-1, max-image-preview:large, max-video-preview:-1\" \/>\n<link rel=\"canonical\" href=\"https:\/\/jaaaeg.ee\/lv\/par-ledus-laikmeta-centru\/ka-atklut\/\" \/>\n<meta property=\"og:locale\" content=\"lv_LV\" \/>\n<meta property=\"og:type\" content=\"article\" \/>\n<meta property=\"og:title\" content=\"K\u0101 atk\u013c\u016bt? - J\u00e4\u00e4aja Keskus\" \/>\n<meta property=\"og:description\" content=\"Ledus laikmeta centra atra\u0161an\u0101s GPS koordin\u0101tas: 58.525755, 26.676229Att\u0101lumi no pils\u0113t\u0101m:Tartu 18 kmJ\u00f5geva 34 kmP\u00f5ltsamaa 52 kmRakvere 107 kmNarva 166 kmP\u00e4rnu 176 kmTallinn 178 kmNo Tartu uz Ledus laikmeta centru iesp\u0113jams atk\u013c\u016bt ar sekojo\u0161\u0101m sabiedrisk\u0101 autobusa l\u012bnij\u0101m: nr 611, 613, 614, 732, 612, 733, 738, kuras no Tartu atiet atbilsto\u0161i 7.30, 12.30, 14.00, 15.25, 16.30, 18.00... Las\u012bt vair\u0101k\" \/>\n<meta property=\"og:url\" content=\"https:\/\/jaaaeg.ee\/lv\/par-ledus-laikmeta-centru\/ka-atklut\/\" \/>\n<meta property=\"og:site_name\" content=\"J\u00e4\u00e4aja Keskus\" \/>\n<meta property=\"article:publisher\" content=\"https:\/\/www.facebook.com\/JaaajaKeskus\/\" \/>\n<meta property=\"article:modified_time\" content=\"2018-10-08T07:43:57+00:00\" \/>\n<meta name=\"twitter:card\" content=\"summary_large_image\" \/>\n<script type=\"application\/ld+json\" class=\"yoast-schema-graph\">{\"@context\":\"https:\\\/\\\/schema.org\",\"@graph\":[{\"@type\":\"WebPage\",\"@id\":\"https:\\\/\\\/jaaaeg.ee\\\/lv\\\/par-ledus-laikmeta-centru\\\/ka-atklut\\\/\",\"url\":\"https:\\\/\\\/jaaaeg.ee\\\/lv\\\/par-ledus-laikmeta-centru\\\/ka-atklut\\\/\",\"name\":\"K\u0101 atk\u013c\u016bt? - J\u00e4\u00e4aja Keskus\",\"isPartOf\":{\"@id\":\"https:\\\/\\\/jaaaeg.ee\\\/ru\\\/#website\"},\"datePublished\":\"2018-10-02T13:54:21+00:00\",\"dateModified\":\"2018-10-08T07:43:57+00:00\",\"breadcrumb\":{\"@id\":\"https:\\\/\\\/jaaaeg.ee\\\/lv\\\/par-ledus-laikmeta-centru\\\/ka-atklut\\\/#breadcrumb\"},\"inLanguage\":\"lv-LV\",\"potentialAction\":[{\"@type\":\"ReadAction\",\"target\":[\"https:\\\/\\\/jaaaeg.ee\\\/lv\\\/par-ledus-laikmeta-centru\\\/ka-atklut\\\/\"]}]},{\"@type\":\"BreadcrumbList\",\"@id\":\"https:\\\/\\\/jaaaeg.ee\\\/lv\\\/par-ledus-laikmeta-centru\\\/ka-atklut\\\/#breadcrumb\",\"itemListElement\":[{\"@type\":\"ListItem\",\"position\":1,\"name\":\"Home\",\"item\":\"https:\\\/\\\/jaaaeg.ee\\\/lv\\\/\"},{\"@type\":\"ListItem\",\"position\":2,\"name\":\"Par Ledus laikmeta centru\",\"item\":\"https:\\\/\\\/jaaaeg.ee\\\/lv\\\/par-ledus-laikmeta-centru\\\/\"},{\"@type\":\"ListItem\",\"position\":3,\"name\":\"K\u0101 atk\u013c\u016bt?\"}]},{\"@type\":\"WebSite\",\"@id\":\"https:\\\/\\\/jaaaeg.ee\\\/ru\\\/#website\",\"url\":\"https:\\\/\\\/jaaaeg.ee\\\/ru\\\/\",\"name\":\"J\u00e4\u00e4aja Keskus\",\"description\":\"avastamisr\u00f5\u00f5m igas vanuses k\u00fclastajatele\",\"potentialAction\":[{\"@type\":\"SearchAction\",\"target\":{\"@type\":\"EntryPoint\",\"urlTemplate\":\"https:\\\/\\\/jaaaeg.ee\\\/ru\\\/?s={search_term_string}\"},\"query-input\":{\"@type\":\"PropertyValueSpecification\",\"valueRequired\":true,\"valueName\":\"search_term_string\"}}],\"inLanguage\":\"lv-LV\"}]}<\/script>\n<!-- \/ Yoast SEO plugin. -->","yoast_head_json":{"title":"K\u0101 atk\u013c\u016bt? - J\u00e4\u00e4aja Keskus","robots":{"index":"index","follow":"follow","max-snippet":"max-snippet:-1","max-image-preview":"max-image-preview:large","max-video-preview":"max-video-preview:-1"},"canonical":"https:\/\/jaaaeg.ee\/lv\/par-ledus-laikmeta-centru\/ka-atklut\/","og_locale":"lv_LV","og_type":"article","og_title":"K\u0101 atk\u013c\u016bt? - J\u00e4\u00e4aja Keskus","og_description":"Ledus laikmeta centra atra\u0161an\u0101s GPS koordin\u0101tas: 58.525755, 26.676229Att\u0101lumi no pils\u0113t\u0101m:Tartu 18 kmJ\u00f5geva 34 kmP\u00f5ltsamaa 52 kmRakvere 107 kmNarva 166 kmP\u00e4rnu 176 kmTallinn 178 kmNo Tartu uz Ledus laikmeta centru iesp\u0113jams atk\u013c\u016bt ar sekojo\u0161\u0101m sabiedrisk\u0101 autobusa l\u012bnij\u0101m: nr 611, 613, 614, 732, 612, 733, 738, kuras no Tartu atiet atbilsto\u0161i 7.30, 12.30, 14.00, 15.25, 16.30, 18.00... Las\u012bt vair\u0101k","og_url":"https:\/\/jaaaeg.ee\/lv\/par-ledus-laikmeta-centru\/ka-atklut\/","og_site_name":"J\u00e4\u00e4aja Keskus","article_publisher":"https:\/\/www.facebook.com\/JaaajaKeskus\/","article_modified_time":"2018-10-08T07:43:57+00:00","twitter_card":"summary_large_image","schema":{"@context":"https:\/\/schema.org","@graph":[{"@type":"WebPage","@id":"https:\/\/jaaaeg.ee\/lv\/par-ledus-laikmeta-centru\/ka-atklut\/","url":"https:\/\/jaaaeg.ee\/lv\/par-ledus-laikmeta-centru\/ka-atklut\/","name":"K\u0101 atk\u013c\u016bt? - J\u00e4\u00e4aja Keskus","isPartOf":{"@id":"https:\/\/jaaaeg.ee\/ru\/#website"},"datePublished":"2018-10-02T13:54:21+00:00","dateModified":"2018-10-08T07:43:57+00:00","breadcrumb":{"@id":"https:\/\/jaaaeg.ee\/lv\/par-ledus-laikmeta-centru\/ka-atklut\/#breadcrumb"},"inLanguage":"lv-LV","potentialAction":[{"@type":"ReadAction","target":["https:\/\/jaaaeg.ee\/lv\/par-ledus-laikmeta-centru\/ka-atklut\/"]}]},{"@type":"BreadcrumbList","@id":"https:\/\/jaaaeg.ee\/lv\/par-ledus-laikmeta-centru\/ka-atklut\/#breadcrumb","itemListElement":[{"@type":"ListItem","position":1,"name":"Home","item":"https:\/\/jaaaeg.ee\/lv\/"},{"@type":"ListItem","position":2,"name":"Par Ledus laikmeta centru","item":"https:\/\/jaaaeg.ee\/lv\/par-ledus-laikmeta-centru\/"},{"@type":"ListItem","position":3,"name":"K\u0101 atk\u013c\u016bt?"}]},{"@type":"WebSite","@id":"https:\/\/jaaaeg.ee\/ru\/#website","url":"https:\/\/jaaaeg.ee\/ru\/","name":"J\u00e4\u00e4aja Keskus","description":"avastamisr\u00f5\u00f5m igas vanuses k\u00fclastajatele","potentialAction":[{"@type":"SearchAction","target":{"@type":"EntryPoint","urlTemplate":"https:\/\/jaaaeg.ee\/ru\/?s={search_term_string}"},"query-input":{"@type":"PropertyValueSpecification","valueRequired":true,"valueName":"search_term_string"}}],"inLanguage":"lv-LV"}]}},"_links":{"self":[{"href":"https:\/\/jaaaeg.ee\/lv\/wp-json\/wp\/v2\/pages\/1753","targetHints":{"allow":["GET"]}}],"collection":[{"href":"https:\/\/jaaaeg.ee\/lv\/wp-json\/wp\/v2\/pages"}],"about":[{"href":"https:\/\/jaaaeg.ee\/lv\/wp-json\/wp\/v2\/types\/page"}],"author":[{"embeddable":true,"href":"https:\/\/jaaaeg.ee\/lv\/wp-json\/wp\/v2\/users\/1"}],"replies":[{"embeddable":true,"href":"https:\/\/jaaaeg.ee\/lv\/wp-json\/wp\/v2\/comments?post=1753"}],"version-history":[{"count":5,"href":"https:\/\/jaaaeg.ee\/lv\/wp-json\/wp\/v2\/pages\/1753\/revisions"}],"predecessor-version":[{"id":16404,"href":"https:\/\/jaaaeg.ee\/lv\/wp-json\/wp\/v2\/pages\/1753\/revisions\/16404"}],"up":[{"embeddable":true,"href":"https:\/\/jaaaeg.ee\/lv\/wp-json\/wp\/v2\/pages\/1734"}],"wp:attachment":[{"href":"https:\/\/jaaaeg.ee\/lv\/wp-json\/wp\/v2\/media?parent=1753"}],"curies":[{"name":"wp","href":"https:\/\/api.w.org\/{rel}","templated":true}]}}