{"id":1748,"date":"2018-10-02T16:46:59","date_gmt":"2018-10-02T13:46:59","guid":{"rendered":"http:\/\/jaaaeg.ee\/?page_id=1748"},"modified":"2023-06-06T12:57:35","modified_gmt":"2023-06-06T09:57:35","slug":"grupam","status":"publish","type":"page","link":"https:\/\/jaaaeg.ee\/lv\/par-ledus-laikmeta-centru\/grupam\/","title":{"rendered":"Grup\u0101m"},"content":{"rendered":"<div class=\"vce-row-container\" data-vce-boxed-width=\"true\"><div class=\"vce-row vce-row--col-gap-30 vce-row-content--top\" id=\"el-dbeb94b3\" data-vce-do-apply=\"all el-dbeb94b3\"><div class=\"vce-row-content\" data-vce-element-content=\"true\"><div class=\"vce-col vce-col--md-100p vce-col--xs-1 vce-col--xs-last vce-col--xs-first vce-col--sm-last vce-col--sm-first vce-col--md-last vce-col--lg-last vce-col--xl-last vce-col--md-first vce-col--lg-first vce-col--xl-first\" id=\"el-3499fea2\"><div class=\"vce-col-inner\" data-vce-do-apply=\"border margin background  el-3499fea2\"><div class=\"vce-col-content\" data-vce-element-content=\"true\" data-vce-do-apply=\"padding el-3499fea2\"><div class=\"vce-text-block\"><div class=\"vce-text-block-wrapper vce\" id=\"el-da278ef0\" data-vce-do-apply=\"all el-da278ef0\"><p><strong>Grup\u0101m, kuras pieteiku\u0161\u0101s iepriek\u0161 (s\u0101kot no 12 cilv\u0113kiem) tiek piem\u0113rota Ledus laikmeta centra apmekl\u0113juma atlaide -10%.<\/strong><\/p><p><strong>Grupas apmekl\u0113jumu l\u016bdzam pieteikt rakstot uz <\/strong><a href=\"mailto:info@jaaaeg.ee\">info@jaaaeg.ee<\/a>&nbsp;vai zvanot&nbsp;+372&nbsp;5911 3318. Lab\u0101kas klientu apkalpo\u0161anas nol\u016bkos Ledus laikmeta centram ir ties\u012bbas iepriek\u0161 nepieteikt\u0101m grup\u0101m likt uzgaid\u012bt.<\/p><p><span style=\"font-weight: 400;\">Ja v\u0113laties gida pakalpojumu, l\u016bdzam J\u016bs to pieteikt iepriek\u0161. <strong>Pied\u0101v\u0101jam gida pakalpojumus igau\u0146u, krievu un ang\u013cu valod\u0101.<\/strong><\/span><\/p><p>Centra iepaz\u012b\u0161ana ar gidu ilgst vienu stundu, ta\u010du ir iesp\u0113jams pieteikt ar\u012b ilg\u0101kas, k\u0101 ar\u012b tematisk\u0101s ekskursijas. Grupas maksim\u0101lais lielums ir 25 cilv\u0113ki vienam gidam. Ja grupa ir liel\u0101ka, nepiecie\u0161ams pieteikt vair\u0101kus gidus. Ja grupa kav\u0113jas vair\u0101k k\u0101 15 min\u016btes, ekskursijas garums var tikt sa\u012bsin\u0101ts par attiec\u012bgi kav\u0113to laiku.<\/p><p><strong>Skol\u0113nu grup\u0101s uz katriem 10 b\u0113rniem viena skolot\u0101ja var apmekl\u0113t centru bez maksas. <\/strong>Skol\u0113nu grupu pavado\u0146u pien\u0101kums ir sekot skol\u0113nu uzved\u012bbai, un nepie\u013caut Ledus laikmeta centra k\u0101rt\u012bbas noteikumu p\u0101rk\u0101p\u0161anu.<\/p><p><strong>Iepriek\u0161 piesakot, grup\u0101m ir iesp\u0113jams pas\u016bt\u012bt pusdienas.<\/strong><\/p><p>Par grupas apmekl\u0113jumu ir iesp\u0113jams nor\u0113\u0137in\u0101ties gan uz vietas, gan maks\u0101jot ar p\u0101rskait\u012bjumu. R\u0113\u0137ina apmaksas gad\u012bjum\u0101, l\u016bdzam l\u012bdzi pa\u0146emt garantijas v\u0113stuli.<\/p><p><a href=\"http:\/\/jaaaeg.ee\/kontakti\/?lang=lv\"><u>Rezerv\u0113 grupas apmekl\u0113jumu<\/u><\/a><\/p><\/div><\/div><\/div><\/div><\/div><\/div><\/div><\/div><div class=\"vce-row-container\" data-vce-boxed-width=\"true\"><div class=\"vce-row vce-row--col-gap-30 vce-row-equal-height vce-row-content--top\" id=\"el-afc0211a\" data-vce-do-apply=\"all el-afc0211a\"><div class=\"vce-row-content\" data-vce-element-content=\"true\"><div class=\"vce-col vce-col--md-auto vce-col--xs-1 vce-col--xs-last vce-col--xs-first vce-col--sm-last vce-col--sm-first vce-col--md-last vce-col--lg-last vce-col--xl-last vce-col--md-first vce-col--lg-first vce-col--xl-first\" id=\"el-5851c959\"><div class=\"vce-col-inner\" data-vce-do-apply=\"border margin background  el-5851c959\"><div class=\"vce-col-content\" data-vce-element-content=\"true\" data-vce-do-apply=\"padding el-5851c959\"><div class=\"vce-image-masonry-gallery\"><div class=\"vce-image-masonry-gallery-wrapper vce vce-image-masonry-gallery--gap-10 vce-image-masonry-gallery--columns-3\" id=\"el-145216fc\" data-vce-do-apply=\"all el-145216fc\"><div class=\"vce-image-masonry-gallery-list\"><div class=\"vce-image-masonry-gallery-column\"><a href=\"https:\/\/jaaaeg.ee\/wp-content\/uploads\/2023\/06\/JK_lapsed_randkivid_Signe-Milkov.jpg\" data-lightbox=\"lightbox-145216fc\" class=\"vce-image-masonry-gallery-item\"><img decoding=\"async\" class=\"vce-image-masonry-gallery-img\" src=\"https:\/\/jaaaeg.ee\/wp-content\/uploads\/2023\/06\/JK_lapsed_randkivid_Signe-Milkov.jpg\" alt=\"\"><\/a><a href=\"https:\/\/jaaaeg.ee\/wp-content\/uploads\/2023\/06\/JK_ekspo_Beljaev_2022-4-scaled.jpg\" data-lightbox=\"lightbox-145216fc\" class=\"vce-image-masonry-gallery-item\"><img decoding=\"async\" class=\"vce-image-masonry-gallery-img\" src=\"https:\/\/jaaaeg.ee\/wp-content\/uploads\/2023\/06\/JK_ekspo_Beljaev_2022-4-scaled.jpg\" alt=\"\"><\/a><\/div><div class=\"vce-image-masonry-gallery-column\"><a href=\"https:\/\/jaaaeg.ee\/wp-content\/uploads\/2023\/06\/JK_koopalovi-ja-urghirv_Jaanika-Aasav-scaled.jpg\" data-lightbox=\"lightbox-145216fc\" class=\"vce-image-masonry-gallery-item\"><img decoding=\"async\" class=\"vce-image-masonry-gallery-img\" src=\"https:\/\/jaaaeg.ee\/wp-content\/uploads\/2023\/06\/JK_koopalovi-ja-urghirv_Jaanika-Aasav-scaled.jpg\" alt=\"\"><\/a><a href=\"https:\/\/jaaaeg.ee\/wp-content\/uploads\/2023\/06\/JK_ekspo_Beljaev_2022-3-scaled.jpg\" data-lightbox=\"lightbox-145216fc\" class=\"vce-image-masonry-gallery-item\"><img decoding=\"async\" class=\"vce-image-masonry-gallery-img\" src=\"https:\/\/jaaaeg.ee\/wp-content\/uploads\/2023\/06\/JK_ekspo_Beljaev_2022-3-scaled.jpg\" alt=\"\"><\/a><\/div><div class=\"vce-image-masonry-gallery-column\"><a href=\"https:\/\/jaaaeg.ee\/wp-content\/uploads\/2023\/06\/JK_koobas_-KBeljaev-scaled.jpg\" data-lightbox=\"lightbox-145216fc\" class=\"vce-image-masonry-gallery-item\"><img decoding=\"async\" class=\"vce-image-masonry-gallery-img\" src=\"https:\/\/jaaaeg.ee\/wp-content\/uploads\/2023\/06\/JK_koobas_-KBeljaev-scaled.jpg\" alt=\"\"><\/a><a href=\"https:\/\/jaaaeg.ee\/wp-content\/uploads\/2023\/06\/JK_ekspo_beljaev_23-15-scaled.jpg\" data-lightbox=\"lightbox-145216fc\" class=\"vce-image-masonry-gallery-item\"><img decoding=\"async\" class=\"vce-image-masonry-gallery-img\" src=\"https:\/\/jaaaeg.ee\/wp-content\/uploads\/2023\/06\/JK_ekspo_beljaev_23-15-scaled.jpg\" alt=\"\"><\/a><\/div><\/div><\/div><\/div><\/div><\/div><\/div><\/div><\/div><\/div>\n","protected":false},"excerpt":{"rendered":"Grup\u0101m, kuras pieteiku\u0161\u0101s iepriek\u0161 (s\u0101kot no 12 cilv\u0113kiem) tiek piem\u0113rota Ledus laikmeta centra apmekl\u0113juma atlaide -10%.Grupas apmekl\u0113jumu l\u016bdzam pieteikt rakstot uz info@jaaaeg.ee&nbsp;vai zvanot&nbsp;+372&nbsp;5911 3318. Lab\u0101kas klientu apkalpo\u0161anas nol\u016bkos Ledus laikmeta centram ir ties\u012bbas iepriek\u0161 nepieteikt\u0101m grup\u0101m likt uzgaid\u012bt.Ja v\u0113laties gida pakalpojumu, l\u016bdzam J\u016bs to pieteikt iepriek\u0161. Pied\u0101v\u0101jam gida pakalpojumus igau\u0146u, krievu un ang\u013cu valod\u0101.Centra iepaz\u012b\u0161ana&#8230; <a class=\"view-article\" href=\"https:\/\/jaaaeg.ee\/lv\/par-ledus-laikmeta-centru\/grupam\/\">Las\u012bt vair\u0101k<\/a>","protected":false},"author":1,"featured_media":0,"parent":1734,"menu_order":343,"comment_status":"closed","ping_status":"closed","template":"template-sidebar.php","meta":{"_acf_changed":false,"ngg_post_thumbnail":0,"footnotes":""},"class_list":["post-1748","page","type-page","status-publish","hentry"],"acf":[],"yoast_head":"<!-- This site is optimized with the Yoast SEO plugin v27.3 - https:\/\/yoast.com\/product\/yoast-seo-wordpress\/ -->\n<title>Grup\u0101m - J\u00e4\u00e4aja Keskus<\/title>\n<meta name=\"robots\" content=\"index, follow, max-snippet:-1, max-image-preview:large, max-video-preview:-1\" \/>\n<link rel=\"canonical\" href=\"https:\/\/jaaaeg.ee\/lv\/par-ledus-laikmeta-centru\/grupam\/\" \/>\n<meta property=\"og:locale\" content=\"lv_LV\" \/>\n<meta property=\"og:type\" content=\"article\" \/>\n<meta property=\"og:title\" content=\"Grup\u0101m - J\u00e4\u00e4aja Keskus\" \/>\n<meta property=\"og:description\" content=\"Grup\u0101m, kuras pieteiku\u0161\u0101s iepriek\u0161 (s\u0101kot no 12 cilv\u0113kiem) tiek piem\u0113rota Ledus laikmeta centra apmekl\u0113juma atlaide -10%.Grupas apmekl\u0113jumu l\u016bdzam pieteikt rakstot uz info@jaaaeg.ee&nbsp;vai zvanot&nbsp;+372&nbsp;5911 3318. Lab\u0101kas klientu apkalpo\u0161anas nol\u016bkos Ledus laikmeta centram ir ties\u012bbas iepriek\u0161 nepieteikt\u0101m grup\u0101m likt uzgaid\u012bt.Ja v\u0113laties gida pakalpojumu, l\u016bdzam J\u016bs to pieteikt iepriek\u0161. Pied\u0101v\u0101jam gida pakalpojumus igau\u0146u, krievu un ang\u013cu valod\u0101.Centra iepaz\u012b\u0161ana... Las\u012bt vair\u0101k\" \/>\n<meta property=\"og:url\" content=\"https:\/\/jaaaeg.ee\/lv\/par-ledus-laikmeta-centru\/grupam\/\" \/>\n<meta property=\"og:site_name\" content=\"J\u00e4\u00e4aja Keskus\" \/>\n<meta property=\"article:publisher\" content=\"https:\/\/www.facebook.com\/JaaajaKeskus\/\" \/>\n<meta property=\"article:modified_time\" content=\"2023-06-06T09:57:35+00:00\" \/>\n<meta name=\"twitter:card\" content=\"summary_large_image\" \/>\n<meta name=\"twitter:label1\" content=\"Est. reading time\" \/>\n\t<meta name=\"twitter:data1\" content=\"1 minute\" \/>\n<script type=\"application\/ld+json\" class=\"yoast-schema-graph\">{\"@context\":\"https:\\\/\\\/schema.org\",\"@graph\":[{\"@type\":\"WebPage\",\"@id\":\"https:\\\/\\\/jaaaeg.ee\\\/lv\\\/par-ledus-laikmeta-centru\\\/grupam\\\/\",\"url\":\"https:\\\/\\\/jaaaeg.ee\\\/lv\\\/par-ledus-laikmeta-centru\\\/grupam\\\/\",\"name\":\"Grup\u0101m - J\u00e4\u00e4aja Keskus\",\"isPartOf\":{\"@id\":\"https:\\\/\\\/jaaaeg.ee\\\/ru\\\/#website\"},\"datePublished\":\"2018-10-02T13:46:59+00:00\",\"dateModified\":\"2023-06-06T09:57:35+00:00\",\"breadcrumb\":{\"@id\":\"https:\\\/\\\/jaaaeg.ee\\\/lv\\\/par-ledus-laikmeta-centru\\\/grupam\\\/#breadcrumb\"},\"inLanguage\":\"lv-LV\",\"potentialAction\":[{\"@type\":\"ReadAction\",\"target\":[\"https:\\\/\\\/jaaaeg.ee\\\/lv\\\/par-ledus-laikmeta-centru\\\/grupam\\\/\"]}]},{\"@type\":\"BreadcrumbList\",\"@id\":\"https:\\\/\\\/jaaaeg.ee\\\/lv\\\/par-ledus-laikmeta-centru\\\/grupam\\\/#breadcrumb\",\"itemListElement\":[{\"@type\":\"ListItem\",\"position\":1,\"name\":\"Home\",\"item\":\"https:\\\/\\\/jaaaeg.ee\\\/lv\\\/\"},{\"@type\":\"ListItem\",\"position\":2,\"name\":\"Par Ledus laikmeta centru\",\"item\":\"https:\\\/\\\/jaaaeg.ee\\\/lv\\\/par-ledus-laikmeta-centru\\\/\"},{\"@type\":\"ListItem\",\"position\":3,\"name\":\"Grup\u0101m\"}]},{\"@type\":\"WebSite\",\"@id\":\"https:\\\/\\\/jaaaeg.ee\\\/ru\\\/#website\",\"url\":\"https:\\\/\\\/jaaaeg.ee\\\/ru\\\/\",\"name\":\"J\u00e4\u00e4aja Keskus\",\"description\":\"avastamisr\u00f5\u00f5m igas vanuses k\u00fclastajatele\",\"potentialAction\":[{\"@type\":\"SearchAction\",\"target\":{\"@type\":\"EntryPoint\",\"urlTemplate\":\"https:\\\/\\\/jaaaeg.ee\\\/ru\\\/?s={search_term_string}\"},\"query-input\":{\"@type\":\"PropertyValueSpecification\",\"valueRequired\":true,\"valueName\":\"search_term_string\"}}],\"inLanguage\":\"lv-LV\"}]}<\/script>\n<!-- \/ Yoast SEO plugin. -->","yoast_head_json":{"title":"Grup\u0101m - J\u00e4\u00e4aja Keskus","robots":{"index":"index","follow":"follow","max-snippet":"max-snippet:-1","max-image-preview":"max-image-preview:large","max-video-preview":"max-video-preview:-1"},"canonical":"https:\/\/jaaaeg.ee\/lv\/par-ledus-laikmeta-centru\/grupam\/","og_locale":"lv_LV","og_type":"article","og_title":"Grup\u0101m - J\u00e4\u00e4aja Keskus","og_description":"Grup\u0101m, kuras pieteiku\u0161\u0101s iepriek\u0161 (s\u0101kot no 12 cilv\u0113kiem) tiek piem\u0113rota Ledus laikmeta centra apmekl\u0113juma atlaide -10%.Grupas apmekl\u0113jumu l\u016bdzam pieteikt rakstot uz info@jaaaeg.ee&nbsp;vai zvanot&nbsp;+372&nbsp;5911 3318. Lab\u0101kas klientu apkalpo\u0161anas nol\u016bkos Ledus laikmeta centram ir ties\u012bbas iepriek\u0161 nepieteikt\u0101m grup\u0101m likt uzgaid\u012bt.Ja v\u0113laties gida pakalpojumu, l\u016bdzam J\u016bs to pieteikt iepriek\u0161. Pied\u0101v\u0101jam gida pakalpojumus igau\u0146u, krievu un ang\u013cu valod\u0101.Centra iepaz\u012b\u0161ana... Las\u012bt vair\u0101k","og_url":"https:\/\/jaaaeg.ee\/lv\/par-ledus-laikmeta-centru\/grupam\/","og_site_name":"J\u00e4\u00e4aja Keskus","article_publisher":"https:\/\/www.facebook.com\/JaaajaKeskus\/","article_modified_time":"2023-06-06T09:57:35+00:00","twitter_card":"summary_large_image","twitter_misc":{"Est. reading time":"1 minute"},"schema":{"@context":"https:\/\/schema.org","@graph":[{"@type":"WebPage","@id":"https:\/\/jaaaeg.ee\/lv\/par-ledus-laikmeta-centru\/grupam\/","url":"https:\/\/jaaaeg.ee\/lv\/par-ledus-laikmeta-centru\/grupam\/","name":"Grup\u0101m - J\u00e4\u00e4aja Keskus","isPartOf":{"@id":"https:\/\/jaaaeg.ee\/ru\/#website"},"datePublished":"2018-10-02T13:46:59+00:00","dateModified":"2023-06-06T09:57:35+00:00","breadcrumb":{"@id":"https:\/\/jaaaeg.ee\/lv\/par-ledus-laikmeta-centru\/grupam\/#breadcrumb"},"inLanguage":"lv-LV","potentialAction":[{"@type":"ReadAction","target":["https:\/\/jaaaeg.ee\/lv\/par-ledus-laikmeta-centru\/grupam\/"]}]},{"@type":"BreadcrumbList","@id":"https:\/\/jaaaeg.ee\/lv\/par-ledus-laikmeta-centru\/grupam\/#breadcrumb","itemListElement":[{"@type":"ListItem","position":1,"name":"Home","item":"https:\/\/jaaaeg.ee\/lv\/"},{"@type":"ListItem","position":2,"name":"Par Ledus laikmeta centru","item":"https:\/\/jaaaeg.ee\/lv\/par-ledus-laikmeta-centru\/"},{"@type":"ListItem","position":3,"name":"Grup\u0101m"}]},{"@type":"WebSite","@id":"https:\/\/jaaaeg.ee\/ru\/#website","url":"https:\/\/jaaaeg.ee\/ru\/","name":"J\u00e4\u00e4aja Keskus","description":"avastamisr\u00f5\u00f5m igas vanuses k\u00fclastajatele","potentialAction":[{"@type":"SearchAction","target":{"@type":"EntryPoint","urlTemplate":"https:\/\/jaaaeg.ee\/ru\/?s={search_term_string}"},"query-input":{"@type":"PropertyValueSpecification","valueRequired":true,"valueName":"search_term_string"}}],"inLanguage":"lv-LV"}]}},"_links":{"self":[{"href":"https:\/\/jaaaeg.ee\/lv\/wp-json\/wp\/v2\/pages\/1748","targetHints":{"allow":["GET"]}}],"collection":[{"href":"https:\/\/jaaaeg.ee\/lv\/wp-json\/wp\/v2\/pages"}],"about":[{"href":"https:\/\/jaaaeg.ee\/lv\/wp-json\/wp\/v2\/types\/page"}],"author":[{"embeddable":true,"href":"https:\/\/jaaaeg.ee\/lv\/wp-json\/wp\/v2\/users\/1"}],"replies":[{"embeddable":true,"href":"https:\/\/jaaaeg.ee\/lv\/wp-json\/wp\/v2\/comments?post=1748"}],"version-history":[{"count":9,"href":"https:\/\/jaaaeg.ee\/lv\/wp-json\/wp\/v2\/pages\/1748\/revisions"}],"predecessor-version":[{"id":22559,"href":"https:\/\/jaaaeg.ee\/lv\/wp-json\/wp\/v2\/pages\/1748\/revisions\/22559"}],"up":[{"embeddable":true,"href":"https:\/\/jaaaeg.ee\/lv\/wp-json\/wp\/v2\/pages\/1734"}],"wp:attachment":[{"href":"https:\/\/jaaaeg.ee\/lv\/wp-json\/wp\/v2\/media?parent=1748"}],"curies":[{"name":"wp","href":"https:\/\/api.w.org\/{rel}","templated":true}]}}