{"id":1744,"date":"2018-10-02T16:43:12","date_gmt":"2018-10-02T13:43:12","guid":{"rendered":"http:\/\/jaaaeg.ee\/?page_id=1744"},"modified":"2025-04-30T10:50:13","modified_gmt":"2025-04-30T07:50:13","slug":"apmekletajiem","status":"publish","type":"page","link":"https:\/\/jaaaeg.ee\/lv\/par-ledus-laikmeta-centru\/apmekletajiem\/","title":{"rendered":"Apmekl\u0113t\u0101jiem"},"content":{"rendered":"<div class=\"vce-row-container\" data-vce-boxed-width=\"true\"><div class=\"vce-row vce-row--col-gap-30 vce-row-content--top\" id=\"el-74fbc187\" data-vce-do-apply=\"all el-74fbc187\"><div class=\"vce-row-content\" data-vce-element-content=\"true\"><div class=\"vce-col vce-col--md-100p vce-col--xs-1 vce-col--xs-last vce-col--xs-first vce-col--sm-last vce-col--sm-first vce-col--md-last vce-col--lg-last vce-col--xl-last vce-col--md-first vce-col--lg-first vce-col--xl-first\" id=\"el-4d63c302\"><div class=\"vce-col-inner\" data-vce-do-apply=\"border margin background  el-4d63c302\"><div class=\"vce-col-content\" data-vce-element-content=\"true\" data-vce-do-apply=\"padding el-4d63c302\"><div class=\"vce-text-block\"><div class=\"vce-text-block-wrapper vce\" id=\"el-373f32b5\" data-vce-do-apply=\"all el-373f32b5\"><p><strong>Ledus laikmeta centrs ir pilns piedz\u012bvojumu, gaid\u0101m J\u016bs ciemos! Esam atv\u0113rti visu gadu!<\/strong><\/p><p>Pie mums ir iesp\u0113jams iepaz\u012bties ar mamutu un ledusl\u0101ci, k\u0101 ar\u012b uzzin\u0101t daudz interesanta par Igaunijas un pasaules dabas veido\u0161anos. Ledus laikmeta centrs ir ide\u0101li piem\u0113rots <strong>\u0123imen\u0113m. <\/strong>T\u0101pat \u013coti tiek gaid\u012btas <strong>b\u0113rnu un jaunie\u0161u grupas, <\/strong>kam pied\u0101v\u0101jam praktiskas m\u0101c\u012bbu programmas.<\/p><p>Papildus aizraujo\u0161ajai ekspoz\u012bcijai, J\u016bs gaida ar\u012b&nbsp; kafejn\u012bca un skaists brauciens ar plostu pa S\u0101djerves ezeru!<\/p><p><strong>Lai sp\u0113tu kvalitat\u012bvi izbaud\u012bt m\u016bsu pied\u0101v\u0101jumu, iesakam Jums pl\u0101not savu laiku: <\/strong><\/p><ul><li><strong>1 stunda \u2013 <\/strong>\u0101tra iepaz\u012b\u0161an\u0101s ar pamatizst\u0101di<\/li><li><strong>2 stundas \u2013 <\/strong>s\u012bk\u0101ka iepaz\u012b\u0161an\u0101s ar izst\u0101di, ar filmu skat\u012b\u0161anos<\/li><li><strong>3 stundas \u2013 <\/strong>s\u012bk\u0101ka iepaz\u012b\u0161an\u0101s ar izst\u0101di, ar filmu skat\u012b\u0161anos, k\u0101 ar\u012b interakt\u012bvo ekspon\u0101tu un info stendu iepaz\u012b\u0161anos<\/li><\/ul><p><strong>Bi\u013ce\u0161u inform\u0101cija<\/strong><\/p><table width=\"100%\"><tbody><tr><td><strong>Pilna bi\u013cete<\/strong><\/td><td><strong>12 \u20ac<\/strong><\/td><\/tr><tr><td>Bi\u013cete ar atlaidi (b\u0113rni jaun\u0101ki par 5 gadiem, skol\u0113ni, studenti, pendion\u0101ri, skolot\u0101ji ar ITIC karti, cilv\u0113ki ar \u012bpa\u0161\u0101m vajadz\u012bb\u0101m, cilv\u0113ku ar smagu invalidit\u0101ti pavado\u0146i)<\/td><td>8 \u20ac<\/td><\/tr><tr><td><strong>\u0122imenes bi\u013cete (divi pieaugu\u0161ie un 2 b\u0113rni vecum\u0101 no 5 -18 gadiem)<\/strong><\/td><td><strong>26 \u20ac<\/strong><\/td><\/tr><tr><td>B\u0113rni l\u012bdz 4 gadu vecumam (ieskaitot)<\/td><td>Bez maksas<\/td><\/tr><tr><td>Cilv\u0113ki ar smagu invalidit\u0101ti<\/td><td>Bez maksas<\/td><\/tr><tr><td>Gida pakalpojumi (igau\u0146u valod\u0101, 20 cilv\u0113ku)<\/td><td>50 \u20ac\/h<\/td><\/tr><tr><td>Gida pakalpojumi sve\u0161valod\u0101 (ang\u013cu vai krievu, 20 cilv\u0113ku)<\/td><td>50 \u20ac\/h<\/td><\/tr><tr><td><p>Plosta bi\u013cete (brauciena ilgums 25 min)&nbsp;<\/p><p>Ja dal\u012bbnieku skaits ir maz\u0101ks par 5, brauciens kop\u0101 maks\u0101 25 \u20ac.<\/p><\/td><td><p>5 \u20ac\/cilv<\/p><p>B\u0113rni l\u012bdz 4 gadu vecumam (ieskaitot)<\/p><\/td><\/tr><tr><td>Plosts iepriek\u0161 piesakoties (l\u012bdz 20 cilv\u0113ku lielai grupai)<\/td><td>65 \u20ac\/h<\/td><\/tr><\/tbody><\/table><p>Pie mums var nor\u0113\u0137in\u0101ties gan skaidr\u0101 naud\u0101, gan ar karti<\/p><\/div><\/div><\/div><\/div><\/div><\/div><\/div><\/div>\n","protected":false},"excerpt":{"rendered":"Ledus laikmeta centrs ir pilns piedz\u012bvojumu, gaid\u0101m J\u016bs ciemos! Esam atv\u0113rti visu gadu!Pie mums ir iesp\u0113jams iepaz\u012bties ar mamutu un ledusl\u0101ci, k\u0101 ar\u012b uzzin\u0101t daudz interesanta par Igaunijas un pasaules dabas veido\u0161anos. Ledus laikmeta centrs ir ide\u0101li piem\u0113rots \u0123imen\u0113m. T\u0101pat \u013coti tiek gaid\u012btas b\u0113rnu un jaunie\u0161u grupas, kam pied\u0101v\u0101jam praktiskas m\u0101c\u012bbu programmas.Papildus aizraujo\u0161ajai ekspoz\u012bcijai, J\u016bs&#8230; <a class=\"view-article\" href=\"https:\/\/jaaaeg.ee\/lv\/par-ledus-laikmeta-centru\/apmekletajiem\/\">Las\u012bt vair\u0101k<\/a>","protected":false},"author":1,"featured_media":18859,"parent":1734,"menu_order":348,"comment_status":"closed","ping_status":"closed","template":"template-sidebar.php","meta":{"_acf_changed":false,"ngg_post_thumbnail":0,"footnotes":""},"class_list":["post-1744","page","type-page","status-publish","has-post-thumbnail","hentry"],"acf":[],"yoast_head":"<!-- This site is optimized with the Yoast SEO plugin v27.5 - https:\/\/yoast.com\/product\/yoast-seo-wordpress\/ -->\n<title>Apmekl\u0113t\u0101jiem - J\u00e4\u00e4aja Keskus<\/title>\n<meta name=\"description\" content=\"ticket, price, Apmekl\u0113t\u0101jiem J\u00e4\u00e4aja Keskus - Ice Age Centre tickets, pileti hinnad, Kui palju maksab? Mis on hind?\" \/>\n<meta name=\"robots\" content=\"index, follow, max-snippet:-1, max-image-preview:large, max-video-preview:-1\" \/>\n<link rel=\"canonical\" href=\"https:\/\/jaaaeg.ee\/lv\/par-ledus-laikmeta-centru\/apmekletajiem\/\" \/>\n<meta property=\"og:locale\" content=\"lv_LV\" \/>\n<meta property=\"og:type\" content=\"article\" \/>\n<meta property=\"og:title\" content=\"Apmekl\u0113t\u0101jiem - J\u00e4\u00e4aja Keskus\" \/>\n<meta property=\"og:description\" content=\"ticket, price, Apmekl\u0113t\u0101jiem J\u00e4\u00e4aja Keskus - Ice Age Centre tickets, pileti hinnad, Kui palju maksab? Mis on hind?\" \/>\n<meta property=\"og:url\" content=\"https:\/\/jaaaeg.ee\/lv\/par-ledus-laikmeta-centru\/apmekletajiem\/\" \/>\n<meta property=\"og:site_name\" content=\"J\u00e4\u00e4aja Keskus\" \/>\n<meta property=\"article:publisher\" content=\"https:\/\/www.facebook.com\/JaaajaKeskus\/\" \/>\n<meta property=\"article:modified_time\" content=\"2025-04-30T07:50:13+00:00\" \/>\n<meta property=\"og:image\" content=\"https:\/\/jaaaeg.ee\/wp-content\/uploads\/2020\/10\/jaaajakeskus-DSC_9556-scaled.jpg\" \/>\n\t<meta property=\"og:image:width\" content=\"2560\" \/>\n\t<meta property=\"og:image:height\" content=\"1707\" \/>\n\t<meta property=\"og:image:type\" content=\"image\/jpeg\" \/>\n<meta name=\"twitter:card\" content=\"summary_large_image\" \/>\n<meta name=\"twitter:label1\" content=\"Est. reading time\" \/>\n\t<meta name=\"twitter:data1\" content=\"2 minutes\" \/>\n<script type=\"application\/ld+json\" class=\"yoast-schema-graph\">{\"@context\":\"https:\\\/\\\/schema.org\",\"@graph\":[{\"@type\":\"WebPage\",\"@id\":\"https:\\\/\\\/jaaaeg.ee\\\/lv\\\/par-ledus-laikmeta-centru\\\/apmekletajiem\\\/\",\"url\":\"https:\\\/\\\/jaaaeg.ee\\\/lv\\\/par-ledus-laikmeta-centru\\\/apmekletajiem\\\/\",\"name\":\"Apmekl\u0113t\u0101jiem - J\u00e4\u00e4aja Keskus\",\"isPartOf\":{\"@id\":\"https:\\\/\\\/jaaaeg.ee\\\/ru\\\/#website\"},\"primaryImageOfPage\":{\"@id\":\"https:\\\/\\\/jaaaeg.ee\\\/lv\\\/par-ledus-laikmeta-centru\\\/apmekletajiem\\\/#primaryimage\"},\"image\":{\"@id\":\"https:\\\/\\\/jaaaeg.ee\\\/lv\\\/par-ledus-laikmeta-centru\\\/apmekletajiem\\\/#primaryimage\"},\"thumbnailUrl\":\"https:\\\/\\\/jaaaeg.ee\\\/wp-content\\\/uploads\\\/2020\\\/10\\\/jaaajakeskus-DSC_9556-scaled.jpg\",\"datePublished\":\"2018-10-02T13:43:12+00:00\",\"dateModified\":\"2025-04-30T07:50:13+00:00\",\"description\":\"ticket, price, Apmekl\u0113t\u0101jiem J\u00e4\u00e4aja Keskus - Ice Age Centre tickets, pileti hinnad, Kui palju maksab? Mis on hind?\",\"breadcrumb\":{\"@id\":\"https:\\\/\\\/jaaaeg.ee\\\/lv\\\/par-ledus-laikmeta-centru\\\/apmekletajiem\\\/#breadcrumb\"},\"inLanguage\":\"lv-LV\",\"potentialAction\":[{\"@type\":\"ReadAction\",\"target\":[\"https:\\\/\\\/jaaaeg.ee\\\/lv\\\/par-ledus-laikmeta-centru\\\/apmekletajiem\\\/\"]}]},{\"@type\":\"ImageObject\",\"inLanguage\":\"lv-LV\",\"@id\":\"https:\\\/\\\/jaaaeg.ee\\\/lv\\\/par-ledus-laikmeta-centru\\\/apmekletajiem\\\/#primaryimage\",\"url\":\"https:\\\/\\\/jaaaeg.ee\\\/wp-content\\\/uploads\\\/2020\\\/10\\\/jaaajakeskus-DSC_9556-scaled.jpg\",\"contentUrl\":\"https:\\\/\\\/jaaaeg.ee\\\/wp-content\\\/uploads\\\/2020\\\/10\\\/jaaajakeskus-DSC_9556-scaled.jpg\",\"width\":2560,\"height\":1707,\"caption\":\"jaaajakeskus DSC 9556 scaled\"},{\"@type\":\"BreadcrumbList\",\"@id\":\"https:\\\/\\\/jaaaeg.ee\\\/lv\\\/par-ledus-laikmeta-centru\\\/apmekletajiem\\\/#breadcrumb\",\"itemListElement\":[{\"@type\":\"ListItem\",\"position\":1,\"name\":\"Home\",\"item\":\"https:\\\/\\\/jaaaeg.ee\\\/lv\\\/\"},{\"@type\":\"ListItem\",\"position\":2,\"name\":\"Par Ledus laikmeta centru\",\"item\":\"https:\\\/\\\/jaaaeg.ee\\\/lv\\\/par-ledus-laikmeta-centru\\\/\"},{\"@type\":\"ListItem\",\"position\":3,\"name\":\"Apmekl\u0113t\u0101jiem\"}]},{\"@type\":\"WebSite\",\"@id\":\"https:\\\/\\\/jaaaeg.ee\\\/ru\\\/#website\",\"url\":\"https:\\\/\\\/jaaaeg.ee\\\/ru\\\/\",\"name\":\"J\u00e4\u00e4aja Keskus\",\"description\":\"avastamisr\u00f5\u00f5m igas vanuses k\u00fclastajatele\",\"potentialAction\":[{\"@type\":\"SearchAction\",\"target\":{\"@type\":\"EntryPoint\",\"urlTemplate\":\"https:\\\/\\\/jaaaeg.ee\\\/ru\\\/?s={search_term_string}\"},\"query-input\":{\"@type\":\"PropertyValueSpecification\",\"valueRequired\":true,\"valueName\":\"search_term_string\"}}],\"inLanguage\":\"lv-LV\"}]}<\/script>\n<!-- \/ Yoast SEO plugin. -->","yoast_head_json":{"title":"Apmekl\u0113t\u0101jiem - J\u00e4\u00e4aja Keskus","description":"ticket, price, Apmekl\u0113t\u0101jiem J\u00e4\u00e4aja Keskus - Ice Age Centre tickets, pileti hinnad, Kui palju maksab? Mis on hind?","robots":{"index":"index","follow":"follow","max-snippet":"max-snippet:-1","max-image-preview":"max-image-preview:large","max-video-preview":"max-video-preview:-1"},"canonical":"https:\/\/jaaaeg.ee\/lv\/par-ledus-laikmeta-centru\/apmekletajiem\/","og_locale":"lv_LV","og_type":"article","og_title":"Apmekl\u0113t\u0101jiem - J\u00e4\u00e4aja Keskus","og_description":"ticket, price, Apmekl\u0113t\u0101jiem J\u00e4\u00e4aja Keskus - Ice Age Centre tickets, pileti hinnad, Kui palju maksab? Mis on hind?","og_url":"https:\/\/jaaaeg.ee\/lv\/par-ledus-laikmeta-centru\/apmekletajiem\/","og_site_name":"J\u00e4\u00e4aja Keskus","article_publisher":"https:\/\/www.facebook.com\/JaaajaKeskus\/","article_modified_time":"2025-04-30T07:50:13+00:00","og_image":[{"width":2560,"height":1707,"url":"https:\/\/jaaaeg.ee\/wp-content\/uploads\/2020\/10\/jaaajakeskus-DSC_9556-scaled.jpg","type":"image\/jpeg"}],"twitter_card":"summary_large_image","twitter_misc":{"Est. reading time":"2 minutes"},"schema":{"@context":"https:\/\/schema.org","@graph":[{"@type":"WebPage","@id":"https:\/\/jaaaeg.ee\/lv\/par-ledus-laikmeta-centru\/apmekletajiem\/","url":"https:\/\/jaaaeg.ee\/lv\/par-ledus-laikmeta-centru\/apmekletajiem\/","name":"Apmekl\u0113t\u0101jiem - J\u00e4\u00e4aja Keskus","isPartOf":{"@id":"https:\/\/jaaaeg.ee\/ru\/#website"},"primaryImageOfPage":{"@id":"https:\/\/jaaaeg.ee\/lv\/par-ledus-laikmeta-centru\/apmekletajiem\/#primaryimage"},"image":{"@id":"https:\/\/jaaaeg.ee\/lv\/par-ledus-laikmeta-centru\/apmekletajiem\/#primaryimage"},"thumbnailUrl":"https:\/\/jaaaeg.ee\/wp-content\/uploads\/2020\/10\/jaaajakeskus-DSC_9556-scaled.jpg","datePublished":"2018-10-02T13:43:12+00:00","dateModified":"2025-04-30T07:50:13+00:00","description":"ticket, price, Apmekl\u0113t\u0101jiem J\u00e4\u00e4aja Keskus - Ice Age Centre tickets, pileti hinnad, Kui palju maksab? Mis on hind?","breadcrumb":{"@id":"https:\/\/jaaaeg.ee\/lv\/par-ledus-laikmeta-centru\/apmekletajiem\/#breadcrumb"},"inLanguage":"lv-LV","potentialAction":[{"@type":"ReadAction","target":["https:\/\/jaaaeg.ee\/lv\/par-ledus-laikmeta-centru\/apmekletajiem\/"]}]},{"@type":"ImageObject","inLanguage":"lv-LV","@id":"https:\/\/jaaaeg.ee\/lv\/par-ledus-laikmeta-centru\/apmekletajiem\/#primaryimage","url":"https:\/\/jaaaeg.ee\/wp-content\/uploads\/2020\/10\/jaaajakeskus-DSC_9556-scaled.jpg","contentUrl":"https:\/\/jaaaeg.ee\/wp-content\/uploads\/2020\/10\/jaaajakeskus-DSC_9556-scaled.jpg","width":2560,"height":1707,"caption":"jaaajakeskus DSC 9556 scaled"},{"@type":"BreadcrumbList","@id":"https:\/\/jaaaeg.ee\/lv\/par-ledus-laikmeta-centru\/apmekletajiem\/#breadcrumb","itemListElement":[{"@type":"ListItem","position":1,"name":"Home","item":"https:\/\/jaaaeg.ee\/lv\/"},{"@type":"ListItem","position":2,"name":"Par Ledus laikmeta centru","item":"https:\/\/jaaaeg.ee\/lv\/par-ledus-laikmeta-centru\/"},{"@type":"ListItem","position":3,"name":"Apmekl\u0113t\u0101jiem"}]},{"@type":"WebSite","@id":"https:\/\/jaaaeg.ee\/ru\/#website","url":"https:\/\/jaaaeg.ee\/ru\/","name":"J\u00e4\u00e4aja Keskus","description":"avastamisr\u00f5\u00f5m igas vanuses k\u00fclastajatele","potentialAction":[{"@type":"SearchAction","target":{"@type":"EntryPoint","urlTemplate":"https:\/\/jaaaeg.ee\/ru\/?s={search_term_string}"},"query-input":{"@type":"PropertyValueSpecification","valueRequired":true,"valueName":"search_term_string"}}],"inLanguage":"lv-LV"}]}},"_links":{"self":[{"href":"https:\/\/jaaaeg.ee\/lv\/wp-json\/wp\/v2\/pages\/1744","targetHints":{"allow":["GET"]}}],"collection":[{"href":"https:\/\/jaaaeg.ee\/lv\/wp-json\/wp\/v2\/pages"}],"about":[{"href":"https:\/\/jaaaeg.ee\/lv\/wp-json\/wp\/v2\/types\/page"}],"author":[{"embeddable":true,"href":"https:\/\/jaaaeg.ee\/lv\/wp-json\/wp\/v2\/users\/1"}],"replies":[{"embeddable":true,"href":"https:\/\/jaaaeg.ee\/lv\/wp-json\/wp\/v2\/comments?post=1744"}],"version-history":[{"count":21,"href":"https:\/\/jaaaeg.ee\/lv\/wp-json\/wp\/v2\/pages\/1744\/revisions"}],"predecessor-version":[{"id":31203,"href":"https:\/\/jaaaeg.ee\/lv\/wp-json\/wp\/v2\/pages\/1744\/revisions\/31203"}],"up":[{"embeddable":true,"href":"https:\/\/jaaaeg.ee\/lv\/wp-json\/wp\/v2\/pages\/1734"}],"wp:featuredmedia":[{"embeddable":true,"href":"https:\/\/jaaaeg.ee\/lv\/wp-json\/wp\/v2\/media\/18859"}],"wp:attachment":[{"href":"https:\/\/jaaaeg.ee\/lv\/wp-json\/wp\/v2\/media?parent=1744"}],"curies":[{"name":"wp","href":"https:\/\/api.w.org\/{rel}","templated":true}]}}