{"id":1741,"date":"2018-10-02T16:40:34","date_gmt":"2018-10-02T13:40:34","guid":{"rendered":"http:\/\/jaaaeg.ee\/?page_id=1741"},"modified":"2026-03-12T15:55:29","modified_gmt":"2026-03-12T13:55:29","slug":"apmekletajiem-2","status":"publish","type":"page","link":"https:\/\/jaaaeg.ee\/lv\/par-ledus-laikmeta-centru\/apmekletajiem-2\/","title":{"rendered":"Apvienoto apmekl\u0113jumu pied\u0101v\u0101jumi"},"content":{"rendered":"\r\n<div class=\"vce-row-container\">\r\n<div id=\"el-5a0c915d\" class=\"vce-row vce-row--col-gap-30 vce-row-columns--top vce-row-content--top\" data-vce-do-apply=\"all el-5a0c915d\">\r\n<div class=\"vce-row-content\" data-vce-element-content=\"true\">\r\n<div id=\"el-3b3a142d\" class=\"vce-col vce-col--md-100p vce-col--xs-1 vce-col--xs-last vce-col--xs-first vce-col--sm-last vce-col--sm-first vce-col--md-last vce-col--lg-last vce-col--xl-last vce-col--md-first vce-col--lg-first vce-col--xl-first\">\r\n<div class=\"vce-col-inner\" data-vce-do-apply=\"border margin background el-3b3a142d\">\r\n<div class=\"vce-col-content\" data-vce-element-content=\"true\" data-vce-do-apply=\"padding el-3b3a142d\">\r\n<div class=\"vce-text-block\">\r\n<div id=\"el-019a6e30\" class=\"vce-text-block-wrapper vce\" data-vce-do-apply=\"all el-019a6e30\">\r\n\r\nEsam padar\u012bju\u0161i J\u016bsu dz\u012bvi viegl\u0101ku un, sadarb\u012bb\u0101 ar saviem partneriem, pied\u0101v\u0101jam Jums \u0113rtus apvienotos apmekl\u0113jumus! <strong>Iepaz\u012bsties ar Ledus laikmeta centra apvienotajiem pied\u0101v\u0101jumiem un izv\u0113lies piem\u0113rot\u0101ko!'<\/strong>\r\n<h2><strong>Apmekl\u0113juma pied\u0101v\u0101jumi ar nak\u0161\u0146o\u0161anu:<\/strong><\/h2>\r\n<p data-start=\"165\" data-end=\"345\">Atkl\u0101j aizraujo\u0161as \u0123imenes br\u012bvdienas Tartu kop\u0101 ar <strong data-start=\"217\" data-end=\"242\">Ledus laikmeta centru<\/strong>!<br data-start=\"243\" data-end=\"246\">Izv\u0113lies sev piem\u0113rot\u0101ko pied\u0101v\u0101jumu un apvieno izgl\u012btojo\u0161u piedz\u012bvojumu ar atp\u016btu \u0113rt\u0101 viesn\u012bc\u0101.<\/p>\r\n<p data-start=\"347\" data-end=\"591\"><strong data-start=\"350\" data-end=\"478\"><a class=\"decorated-link\" href=\"https:\/\/hothotpack.com\/en\/package\/554\/exciting_family_holidays_in_tartu_3_days_2_nights\" target=\"_new\" rel=\"noopener\" data-start=\"352\" data-end=\"476\">Hotell Sophia \u0123imenes pied\u0101v\u0101jums<\/a><\/strong> \u2013 tr\u012bs dienas un divas naktis ar jautr\u0101m aktivit\u0101t\u0113m visai \u0123imenei, tostarp apmekl\u0113jumu Ledus laikmeta centr\u0101.<\/p>\r\n<p data-start=\"593\" data-end=\"856\"><strong data-start=\"596\" data-end=\"718\"><a class=\"decorated-link\" href=\"https:\/\/hothotpack.com\/en\/package\/547\/family_holidays_in_tartu_3_days_2_nights\" target=\"_new\" rel=\"noopener\" data-start=\"598\" data-end=\"716\">Art Hotel Pallas \u0123imenes pied\u0101v\u0101jums<\/a><\/strong> \u2013 lieliska iesp\u0113ja izbaud\u012bt Tartu kult\u016bru, m\u0101kslu un zin\u0101tni, savienojot pils\u0113tas atmosf\u0113ru ar aizraujo\u0161u viz\u012bti Ledus laikmeta centr\u0101.<\/p>\r\n<p data-start=\"858\" data-end=\"943\" data-is-last-node=\"\" data-is-only-node=\"\">Pl\u0101no savas br\u012bvdienas Tartu \u2013 piedz\u012bvojums, zin\u0101tk\u0101re un \u0123imenes prieks te satiekas!<\/p>\r\n\r\n<\/div>\r\n<\/div>\r\n<\/div>\r\n<\/div>\r\n<\/div>\r\n<\/div>\r\n<\/div>\r\n<\/div>\r\n<div class=\"vce-row-container\">\r\n<div id=\"el-10d40865\" class=\"vce-row vce-row--col-gap-30 vce-row-columns--top vce-row-content--top\" data-vce-do-apply=\"all el-10d40865\">\r\n<div class=\"vce-row-content\" data-vce-element-content=\"true\">\r\n<div id=\"el-200e8dcd\" class=\"vce-col vce-col--md-auto vce-col--xs-1 vce-col--xs-last vce-col--xs-first vce-col--sm-last vce-col--sm-first vce-col--md-last vce-col--lg-last vce-col--xl-last vce-col--md-first vce-col--lg-first vce-col--xl-first\">\r\n<div class=\"vce-col-inner\" data-vce-do-apply=\"border margin background el-200e8dcd\">\r\n<div class=\"vce-col-content\" data-vce-element-content=\"true\" data-vce-do-apply=\"padding el-200e8dcd\">\r\n<div class=\"vce-text-block\">\r\n<div id=\"el-34a93d42\" class=\"vce-text-block-wrapper vce\" data-vce-do-apply=\"all el-34a93d42\">\r\n<h2><strong>Apmekl\u0113juma pied\u0101v\u0101jumi kop\u0101 ar citiem izklaides centriem:<\/strong><\/h2>\r\n<\/div>\r\n<\/div>\r\n<\/div>\r\n<\/div>\r\n<\/div>\r\n<\/div>\r\n<\/div>\r\n<\/div>\r\n<div class=\"vce-row-container\">\r\n<div id=\"el-af8b64b7\" class=\"vce-row vce-row--col-gap-30 vce-row-columns--top vce-row-content--top\" data-vce-do-apply=\"all el-af8b64b7\">\r\n<div class=\"vce-row-content\" data-vce-element-content=\"true\">\r\n<div id=\"el-cdbb9825\" class=\"vce-col vce-col--md-auto vce-col--xs-1 vce-col--xs-last vce-col--xs-first vce-col--sm-last vce-col--sm-first vce-col--md-last vce-col--lg-last vce-col--xl-last vce-col--md-first vce-col--lg-first vce-col--xl-first\">\r\n<div class=\"vce-col-inner\" data-vce-do-apply=\"border margin background el-cdbb9825\">\r\n<div class=\"vce-col-content\" data-vce-element-content=\"true\" data-vce-do-apply=\"padding el-cdbb9825\">\r\n<div class=\"vce-faq-toggle vce-faq-toggle-color--fff vce-faq-toggle-shape-color--1D64C5 vce-faq-toggle-shape--rounded\">\r\n<div id=\"el-4489c213\" class=\"vce-faq-toggle-wrapper vce\" data-vce-do-apply=\"margin padding border background el-4489c213\">\r\n<div class=\"vce-faq-toggle-inner\">\r\n<div class=\"vce-faq-toggle-title\">\r\n<h3 class=\"vce-faq-toggle-title-text\"><i class=\"vce-faq-toggle-icon\"><\/i>Auras \u016bdens parka apmekl\u0113jums ar Ledus laikmeta bi\u013ceti<\/h3>\r\n<\/div>\r\n<div class=\"vce-faq-toggle-text-block\">\r\n\r\nLedus laikmeta un <u>Auras \u016bdens parka<\/u> apvienotais apmekl\u0113jums! Saglab\u0101jiet pirm\u0101 apmekl\u0113t\u0101 centra \u010deku un 7 dienu laik\u0101 apmekl\u0113jiet otru ar 20% atlaidi!Pied\u0101v\u0101jums ir sp\u0113k\u0101 gan uzr\u0101dot Auras bi\u013ceti Ledus laikmeta centr\u0101, gan otr\u0101di!\r\n\r\n<\/div>\r\n<\/div>\r\n<\/div>\r\n<\/div>\r\n<div class=\"vce-faq-toggle vce-faq-toggle-color--fff vce-faq-toggle-shape-color--1D64C5 vce-faq-toggle-shape--rounded\">\r\n<div id=\"el-ef30f481\" class=\"vce-faq-toggle-wrapper vce\" data-vce-do-apply=\"margin padding border background el-ef30f481\">\r\n<div class=\"vce-faq-toggle-inner\">\r\n<div class=\"vce-faq-toggle-title\">\r\n<h3 class=\"vce-faq-toggle-title-text\"><i class=\"vce-faq-toggle-icon\"><\/i>Ar Ledus laikmeta centra bi\u013ceti uz V Spa<\/h3>\r\n<\/div>\r\n<div class=\"vce-faq-toggle-text-block\">\r\n\r\nUzr\u0101dot Ledus laikmeta bi\u013ceti, sa\u0146emsiet 10% atlaidi ieejai V Spa! T\u0101pat ar V Spa ieejas bi\u013ceti iesp\u0113jams sa\u0146emt 10% atlaidi Ledus laikmeta centra apmekl\u0113jumam. Papildus inform\u0101cija par V Spa: <a href=\"https:\/\/vspa.ee\/\">https:\/\/vspa.ee\/<\/a>\r\n\r\nAtlaides nesumm\u0113jas ar citiem pied\u0101v\u0101jumiem un ir sp\u0113k\u0101 7 dienas no bi\u013cetes ieg\u0101des br\u012b\u017ea.\r\n\r\n<\/div>\r\n<\/div>\r\n<\/div>\r\n<\/div>\r\n<div class=\"vce-faq-toggle vce-faq-toggle-color--fff vce-faq-toggle-shape-color--1D64C5 vce-faq-toggle-shape--rounded\">\r\n<div id=\"el-89336901\" class=\"vce-faq-toggle-wrapper vce\" data-vce-do-apply=\"margin padding border background el-89336901\">\r\n<div class=\"vce-faq-toggle-inner\">\r\n<div class=\"vce-faq-toggle-title\">\r\n<h3 class=\"vce-faq-toggle-title-text\"><i class=\"vce-faq-toggle-icon\"><\/i>Ledus laikmeta centrs un Igaunijas Nacion\u0101lais muzejs iel\u016bdz Tevi atkl\u0101t pasauli!<\/h3>\r\n<\/div>\r\n<div class=\"vce-faq-toggle-text-block\">\r\n\r\n<span style=\"font-weight: 400;\">Tevi gaida aizraujo\u0161s st\u0101sts no pasaules ra\u0161an\u0101s l\u012bdz pat m\u016bsdienu Igaunijas kult\u016brai!<\/span>\r\n\r\nUzr\u0101dot vienu no bi\u013cet\u0113m, <b>sa\u0146emsi 20% atlaidi <\/b>otrai!\r\n\r\n<\/div>\r\n&nbsp; &nbsp;\r\n\r\n\n\t\t<style type=\"text\/css\">\n\t\t\t#gallery-1 {\n\t\t\t\tmargin: auto;\n\t\t\t}\n\t\t\t#gallery-1 .gallery-item {\n\t\t\t\tfloat: left;\n\t\t\t\tmargin-top: 10px;\n\t\t\t\ttext-align: center;\n\t\t\t\twidth: 33%;\n\t\t\t}\n\t\t\t#gallery-1 img {\n\t\t\t\tborder: 2px solid #cfcfcf;\n\t\t\t}\n\t\t\t#gallery-1 .gallery-caption {\n\t\t\t\tmargin-left: 0;\n\t\t\t}\n\t\t\t\/* see gallery_shortcode() in wp-includes\/media.php *\/\n\t\t<\/style>\n\t\t<div id='gallery-1' class='gallery galleryid-1741 gallery-columns-3 gallery-size-thumbnail'><dl class='gallery-item'>\n\t\t\t<dt class='gallery-icon landscape'>\n\t\t\t\t<a title=\"\u00fcrgmere saladused foto\"  href='https:\/\/jaaaeg.ee\/lv\/par-ledus-laikmeta-centru\/apmekletajiem-2\/urgmere-saladused_foto\/'><img width=\"150\" height=\"150\" src=\"https:\/\/jaaaeg.ee\/wp-content\/uploads\/2025\/10\/urgmere-saladused_foto-150x150.jpg\" class=\"attachment-thumbnail size-thumbnail\" alt=\"\u00fcrgmere saladused foto\" aria-describedby=\"gallery-1-32981\" srcset=\"https:\/\/jaaaeg.ee\/wp-content\/uploads\/2025\/10\/urgmere-saladused_foto-150x150.jpg 150w, https:\/\/jaaaeg.ee\/wp-content\/uploads\/2025\/10\/urgmere-saladused_foto-300x300.jpg 300w, https:\/\/jaaaeg.ee\/wp-content\/uploads\/2025\/10\/urgmere-saladused_foto-100x100.jpg 100w\" sizes=\"(max-width: 150px) 100vw, 150px\" \/><\/a>\n\t\t\t<\/dt>\n\t\t\t\t<dd class='wp-caption-text gallery-caption' id='gallery-1-32981'>\n\t\t\t\t\u00fcrgmere saladused foto\n\t\t\t\t<\/dd><\/dl><dl class='gallery-item'>\n\t\t\t<dt class='gallery-icon landscape'>\n\t\t\t\t<a title=\"v 2025 05 j\u00e4\u00e4aja keskuse uus n\u00e4itus foto timo arbeiter artimo.ee 92\"  href='https:\/\/jaaaeg.ee\/lv\/par-ledus-laikmeta-centru\/apmekletajiem-2\/v_2025-05_jaaaja-keskuse-uus-naitus_foto-timo-arbeiter-artimo-ee-92\/'><img width=\"150\" height=\"150\" src=\"https:\/\/jaaaeg.ee\/wp-content\/uploads\/2025\/10\/v_2025-05_jaaaja-keskuse-uus-naitus_foto-timo-arbeiter-artimo.ee-92-150x150.jpg\" class=\"attachment-thumbnail size-thumbnail\" alt=\"v 2025 05 j\u00e4\u00e4aja keskuse uus n\u00e4itus foto timo arbeiter artimo.ee 92\" aria-describedby=\"gallery-1-32976\" srcset=\"https:\/\/jaaaeg.ee\/wp-content\/uploads\/2025\/10\/v_2025-05_jaaaja-keskuse-uus-naitus_foto-timo-arbeiter-artimo.ee-92-150x150.jpg 150w, https:\/\/jaaaeg.ee\/wp-content\/uploads\/2025\/10\/v_2025-05_jaaaja-keskuse-uus-naitus_foto-timo-arbeiter-artimo.ee-92-300x300.jpg 300w, https:\/\/jaaaeg.ee\/wp-content\/uploads\/2025\/10\/v_2025-05_jaaaja-keskuse-uus-naitus_foto-timo-arbeiter-artimo.ee-92-100x100.jpg 100w\" sizes=\"(max-width: 150px) 100vw, 150px\" \/><\/a>\n\t\t\t<\/dt>\n\t\t\t\t<dd class='wp-caption-text gallery-caption' id='gallery-1-32976'>\n\t\t\t\tv 2025 05 j\u00e4\u00e4aja keskuse uus n\u00e4itus foto timo arbeiter artimo.ee 92\n\t\t\t\t<\/dd><\/dl><dl class='gallery-item'>\n\t\t\t<dt class='gallery-icon landscape'>\n\t\t\t\t<a title=\"SSepp JK \u00f5ues (2)\"  href='https:\/\/jaaaeg.ee\/lv\/par-ledus-laikmeta-centru\/apmekletajiem-2\/ssepp_jk-oues-2\/'><img width=\"150\" height=\"150\" src=\"https:\/\/jaaaeg.ee\/wp-content\/uploads\/2025\/10\/SSepp_JK-oues-2-150x150.jpeg\" class=\"attachment-thumbnail size-thumbnail\" alt=\"SSepp JK \u00f5ues (2)\" aria-describedby=\"gallery-1-32966\" srcset=\"https:\/\/jaaaeg.ee\/wp-content\/uploads\/2025\/10\/SSepp_JK-oues-2-150x150.jpeg 150w, https:\/\/jaaaeg.ee\/wp-content\/uploads\/2025\/10\/SSepp_JK-oues-2-300x300.jpeg 300w, https:\/\/jaaaeg.ee\/wp-content\/uploads\/2025\/10\/SSepp_JK-oues-2-100x100.jpeg 100w\" sizes=\"(max-width: 150px) 100vw, 150px\" \/><\/a>\n\t\t\t<\/dt>\n\t\t\t\t<dd class='wp-caption-text gallery-caption' id='gallery-1-32966'>\n\t\t\t\tSSepp JK \u00f5ues (2)\n\t\t\t\t<\/dd><\/dl><br style=\"clear: both\" \/><dl class='gallery-item'>\n\t\t\t<dt class='gallery-icon landscape'>\n\t\t\t\t<a title=\"sigrid Sepp 2025 JKrand\"  href='https:\/\/jaaaeg.ee\/lv\/par-ledus-laikmeta-centru\/apmekletajiem-2\/sigrid-sepp_2025_jkrand\/'><img width=\"150\" height=\"150\" src=\"https:\/\/jaaaeg.ee\/wp-content\/uploads\/2025\/10\/sigrid-Sepp_2025_JKrand-150x150.jpeg\" class=\"attachment-thumbnail size-thumbnail\" alt=\"sigrid Sepp 2025 JKrand\" aria-describedby=\"gallery-1-32961\" srcset=\"https:\/\/jaaaeg.ee\/wp-content\/uploads\/2025\/10\/sigrid-Sepp_2025_JKrand-150x150.jpeg 150w, https:\/\/jaaaeg.ee\/wp-content\/uploads\/2025\/10\/sigrid-Sepp_2025_JKrand-300x300.jpeg 300w, https:\/\/jaaaeg.ee\/wp-content\/uploads\/2025\/10\/sigrid-Sepp_2025_JKrand-100x100.jpeg 100w\" sizes=\"(max-width: 150px) 100vw, 150px\" \/><\/a>\n\t\t\t<\/dt>\n\t\t\t\t<dd class='wp-caption-text gallery-caption' id='gallery-1-32961'>\n\t\t\t\tsigrid Sepp 2025 JKrand\n\t\t\t\t<\/dd><\/dl><dl class='gallery-item'>\n\t\t\t<dt class='gallery-icon landscape'>\n\t\t\t\t<a title=\"Ragnar Vutt droonifoto3 1680\"  href='https:\/\/jaaaeg.ee\/lv\/par-ledus-laikmeta-centru\/apmekletajiem-2\/ragnar-vutt_droonifoto3_1680\/'><img width=\"150\" height=\"150\" src=\"https:\/\/jaaaeg.ee\/wp-content\/uploads\/2025\/10\/Ragnar-Vutt_droonifoto3_1680-150x150.jpg\" class=\"attachment-thumbnail size-thumbnail\" alt=\"Ragnar Vutt droonifoto3 1680\" aria-describedby=\"gallery-1-32956\" srcset=\"https:\/\/jaaaeg.ee\/wp-content\/uploads\/2025\/10\/Ragnar-Vutt_droonifoto3_1680-150x150.jpg 150w, https:\/\/jaaaeg.ee\/wp-content\/uploads\/2025\/10\/Ragnar-Vutt_droonifoto3_1680-300x300.jpg 300w, https:\/\/jaaaeg.ee\/wp-content\/uploads\/2025\/10\/Ragnar-Vutt_droonifoto3_1680-100x100.jpg 100w\" sizes=\"(max-width: 150px) 100vw, 150px\" \/><\/a>\n\t\t\t<\/dt>\n\t\t\t\t<dd class='wp-caption-text gallery-caption' id='gallery-1-32956'>\n\t\t\t\tRagnar Vutt droonifoto3 1680\n\t\t\t\t<\/dd><\/dl><dl class='gallery-item'>\n\t\t\t<dt class='gallery-icon landscape'>\n\t\t\t\t<a title=\"lapsed_r\u00e4ndkivid\"  href='https:\/\/jaaaeg.ee\/lv\/par-ledus-laikmeta-centru\/lapsed_randkivid-4-2\/'><img width=\"150\" height=\"150\" src=\"https:\/\/jaaaeg.ee\/wp-content\/uploads\/2025\/09\/lapsed_randkivid-1-150x150.jpg\" class=\"attachment-thumbnail size-thumbnail\" alt=\"\" srcset=\"https:\/\/jaaaeg.ee\/wp-content\/uploads\/2025\/09\/lapsed_randkivid-1-150x150.jpg 150w, https:\/\/jaaaeg.ee\/wp-content\/uploads\/2025\/09\/lapsed_randkivid-1-300x300.jpg 300w, https:\/\/jaaaeg.ee\/wp-content\/uploads\/2025\/09\/lapsed_randkivid-1-100x100.jpg 100w\" sizes=\"(max-width: 150px) 100vw, 150px\" \/><\/a>\n\t\t\t<\/dt><\/dl><br style=\"clear: both\" \/>\n\t\t<\/div>\n\r\n\r\n<\/div>\r\n<\/div>\r\n<\/div>\r\n<\/div>\r\n<\/div>\r\n<\/div>\r\n<\/div>\r\n<\/div>\r\n<\/div>\r\n<div class=\"vce-row-container\">\r\n<div id=\"el-3ce7fc21\" class=\"vce-row vce-row--col-gap-30 vce-row-columns--top vce-row-content--top\" data-vce-do-apply=\"all el-3ce7fc21\">\r\n<div class=\"vce-row-content\" data-vce-element-content=\"true\">\r\n<div id=\"el-c1664513\" class=\"vce-col vce-col--md-auto vce-col--xs-1 vce-col--xs-last vce-col--xs-first vce-col--sm-last vce-col--sm-first vce-col--md-last vce-col--lg-last vce-col--xl-last vce-col--md-first vce-col--lg-first vce-col--xl-first\">\r\n<div class=\"vce-col-inner\" data-vce-do-apply=\"border margin background el-c1664513\">\r\n<div class=\"vce-col-content\" data-vce-element-content=\"true\" data-vce-do-apply=\"padding el-c1664513\">&nbsp;<\/div>\r\n<\/div>\r\n<\/div>\r\n<\/div>\r\n<\/div>\r\n<\/div>\r\n<div class=\"vce-row-container\">\r\n<div id=\"el-ab9f8c2a\" class=\"vce-row vce-row--col-gap-30 vce-row-columns--top vce-row-content--top\" data-vce-do-apply=\"all el-ab9f8c2a\">\r\n<div class=\"vce-row-content\" data-vce-element-content=\"true\">&nbsp;<\/div>\r\n<\/div>\r\n<\/div>\r\n\n","protected":false},"excerpt":{"rendered":"Esam padar\u012bju\u0161i J\u016bsu dz\u012bvi viegl\u0101ku un, sadarb\u012bb\u0101 ar saviem partneriem, pied\u0101v\u0101jam Jums \u0113rtus apvienotos apmekl\u0113jumus! Iepaz\u012bsties ar Ledus laikmeta centra apvienotajiem pied\u0101v\u0101jumiem un izv\u0113lies piem\u0113rot\u0101ko!&#8217; Apmekl\u0113juma pied\u0101v\u0101jumi ar nak\u0161\u0146o\u0161anu: Atkl\u0101j aizraujo\u0161as \u0123imenes br\u012bvdienas Tartu kop\u0101 ar Ledus laikmeta centru!Izv\u0113lies sev piem\u0113rot\u0101ko pied\u0101v\u0101jumu un apvieno izgl\u012btojo\u0161u piedz\u012bvojumu ar atp\u016btu \u0113rt\u0101 viesn\u012bc\u0101. Hotell Sophia \u0123imenes pied\u0101v\u0101jums \u2013&#8230; <a class=\"view-article\" href=\"https:\/\/jaaaeg.ee\/lv\/par-ledus-laikmeta-centru\/apmekletajiem-2\/\">Las\u012bt vair\u0101k<\/a>","protected":false},"author":1,"featured_media":0,"parent":1734,"menu_order":323,"comment_status":"closed","ping_status":"closed","template":"","meta":{"_acf_changed":false,"ngg_post_thumbnail":0,"footnotes":""},"class_list":["post-1741","page","type-page","status-publish","hentry"],"acf":[],"yoast_head":"<!-- This site is optimized with the Yoast SEO plugin v27.3 - https:\/\/yoast.com\/product\/yoast-seo-wordpress\/ -->\n<title>Apvienoto apmekl\u0113jumu pied\u0101v\u0101jumi - J\u00e4\u00e4aja Keskus<\/title>\n<meta name=\"description\" content=\"Iepaz\u012bsties ar Ledus laikmeta centra apvienotajiem pied\u0101v\u0101jumiem un izv\u0113lies piem\u0113rot\u0101ko!&#039; J\u00e4\u00e4aja Keskus Apvienoto apmekl\u0113jumu pied\u0101v\u0101jumi\" \/>\n<meta name=\"robots\" content=\"index, follow, max-snippet:-1, max-image-preview:large, max-video-preview:-1\" \/>\n<link rel=\"canonical\" href=\"https:\/\/jaaaeg.ee\/lv\/par-ledus-laikmeta-centru\/apmekletajiem-2\/\" \/>\n<meta property=\"og:locale\" content=\"lv_LV\" \/>\n<meta property=\"og:type\" content=\"article\" \/>\n<meta property=\"og:title\" content=\"Apvienoto apmekl\u0113jumu pied\u0101v\u0101jumi - J\u00e4\u00e4aja Keskus\" \/>\n<meta property=\"og:description\" content=\"Iepaz\u012bsties ar Ledus laikmeta centra apvienotajiem pied\u0101v\u0101jumiem un izv\u0113lies piem\u0113rot\u0101ko!&#039; J\u00e4\u00e4aja Keskus Apvienoto apmekl\u0113jumu pied\u0101v\u0101jumi\" \/>\n<meta property=\"og:url\" content=\"https:\/\/jaaaeg.ee\/lv\/par-ledus-laikmeta-centru\/apmekletajiem-2\/\" \/>\n<meta property=\"og:site_name\" content=\"J\u00e4\u00e4aja Keskus\" \/>\n<meta property=\"article:publisher\" content=\"https:\/\/www.facebook.com\/JaaajaKeskus\/\" \/>\n<meta property=\"article:modified_time\" content=\"2026-03-12T13:55:29+00:00\" \/>\n<meta property=\"og:image\" content=\"https:\/\/jaaaeg.ee\/wp-content\/uploads\/2025\/10\/urgmere-saladused_foto-150x150.jpg\" \/>\n<meta name=\"twitter:card\" content=\"summary_large_image\" \/>\n<meta name=\"twitter:label1\" content=\"Est. reading time\" \/>\n\t<meta name=\"twitter:data1\" content=\"2 minutes\" \/>\n<script type=\"application\/ld+json\" class=\"yoast-schema-graph\">{\"@context\":\"https:\\\/\\\/schema.org\",\"@graph\":[{\"@type\":\"WebPage\",\"@id\":\"https:\\\/\\\/jaaaeg.ee\\\/lv\\\/par-ledus-laikmeta-centru\\\/apmekletajiem-2\\\/\",\"url\":\"https:\\\/\\\/jaaaeg.ee\\\/lv\\\/par-ledus-laikmeta-centru\\\/apmekletajiem-2\\\/\",\"name\":\"Apvienoto apmekl\u0113jumu pied\u0101v\u0101jumi - J\u00e4\u00e4aja Keskus\",\"isPartOf\":{\"@id\":\"https:\\\/\\\/jaaaeg.ee\\\/ru\\\/#website\"},\"datePublished\":\"2018-10-02T13:40:34+00:00\",\"dateModified\":\"2026-03-12T13:55:29+00:00\",\"description\":\"Iepaz\u012bsties ar Ledus laikmeta centra apvienotajiem pied\u0101v\u0101jumiem un izv\u0113lies piem\u0113rot\u0101ko!' J\u00e4\u00e4aja Keskus Apvienoto apmekl\u0113jumu pied\u0101v\u0101jumi\",\"breadcrumb\":{\"@id\":\"https:\\\/\\\/jaaaeg.ee\\\/lv\\\/par-ledus-laikmeta-centru\\\/apmekletajiem-2\\\/#breadcrumb\"},\"inLanguage\":\"lv-LV\",\"potentialAction\":[{\"@type\":\"ReadAction\",\"target\":[\"https:\\\/\\\/jaaaeg.ee\\\/lv\\\/par-ledus-laikmeta-centru\\\/apmekletajiem-2\\\/\"]}]},{\"@type\":\"BreadcrumbList\",\"@id\":\"https:\\\/\\\/jaaaeg.ee\\\/lv\\\/par-ledus-laikmeta-centru\\\/apmekletajiem-2\\\/#breadcrumb\",\"itemListElement\":[{\"@type\":\"ListItem\",\"position\":1,\"name\":\"Home\",\"item\":\"https:\\\/\\\/jaaaeg.ee\\\/lv\\\/\"},{\"@type\":\"ListItem\",\"position\":2,\"name\":\"Par Ledus laikmeta centru\",\"item\":\"https:\\\/\\\/jaaaeg.ee\\\/lv\\\/par-ledus-laikmeta-centru\\\/\"},{\"@type\":\"ListItem\",\"position\":3,\"name\":\"Apvienoto apmekl\u0113jumu pied\u0101v\u0101jumi\"}]},{\"@type\":\"WebSite\",\"@id\":\"https:\\\/\\\/jaaaeg.ee\\\/ru\\\/#website\",\"url\":\"https:\\\/\\\/jaaaeg.ee\\\/ru\\\/\",\"name\":\"J\u00e4\u00e4aja Keskus\",\"description\":\"avastamisr\u00f5\u00f5m igas vanuses k\u00fclastajatele\",\"potentialAction\":[{\"@type\":\"SearchAction\",\"target\":{\"@type\":\"EntryPoint\",\"urlTemplate\":\"https:\\\/\\\/jaaaeg.ee\\\/ru\\\/?s={search_term_string}\"},\"query-input\":{\"@type\":\"PropertyValueSpecification\",\"valueRequired\":true,\"valueName\":\"search_term_string\"}}],\"inLanguage\":\"lv-LV\"}]}<\/script>\n<!-- \/ Yoast SEO plugin. -->","yoast_head_json":{"title":"Apvienoto apmekl\u0113jumu pied\u0101v\u0101jumi - J\u00e4\u00e4aja Keskus","description":"Iepaz\u012bsties ar Ledus laikmeta centra apvienotajiem pied\u0101v\u0101jumiem un izv\u0113lies piem\u0113rot\u0101ko!' J\u00e4\u00e4aja Keskus Apvienoto apmekl\u0113jumu pied\u0101v\u0101jumi","robots":{"index":"index","follow":"follow","max-snippet":"max-snippet:-1","max-image-preview":"max-image-preview:large","max-video-preview":"max-video-preview:-1"},"canonical":"https:\/\/jaaaeg.ee\/lv\/par-ledus-laikmeta-centru\/apmekletajiem-2\/","og_locale":"lv_LV","og_type":"article","og_title":"Apvienoto apmekl\u0113jumu pied\u0101v\u0101jumi - J\u00e4\u00e4aja Keskus","og_description":"Iepaz\u012bsties ar Ledus laikmeta centra apvienotajiem pied\u0101v\u0101jumiem un izv\u0113lies piem\u0113rot\u0101ko!' J\u00e4\u00e4aja Keskus Apvienoto apmekl\u0113jumu pied\u0101v\u0101jumi","og_url":"https:\/\/jaaaeg.ee\/lv\/par-ledus-laikmeta-centru\/apmekletajiem-2\/","og_site_name":"J\u00e4\u00e4aja Keskus","article_publisher":"https:\/\/www.facebook.com\/JaaajaKeskus\/","article_modified_time":"2026-03-12T13:55:29+00:00","og_image":[{"url":"https:\/\/jaaaeg.ee\/wp-content\/uploads\/2025\/10\/urgmere-saladused_foto-150x150.jpg","type":"","width":"","height":""}],"twitter_card":"summary_large_image","twitter_misc":{"Est. reading time":"2 minutes"},"schema":{"@context":"https:\/\/schema.org","@graph":[{"@type":"WebPage","@id":"https:\/\/jaaaeg.ee\/lv\/par-ledus-laikmeta-centru\/apmekletajiem-2\/","url":"https:\/\/jaaaeg.ee\/lv\/par-ledus-laikmeta-centru\/apmekletajiem-2\/","name":"Apvienoto apmekl\u0113jumu pied\u0101v\u0101jumi - J\u00e4\u00e4aja Keskus","isPartOf":{"@id":"https:\/\/jaaaeg.ee\/ru\/#website"},"datePublished":"2018-10-02T13:40:34+00:00","dateModified":"2026-03-12T13:55:29+00:00","description":"Iepaz\u012bsties ar Ledus laikmeta centra apvienotajiem pied\u0101v\u0101jumiem un izv\u0113lies piem\u0113rot\u0101ko!' J\u00e4\u00e4aja Keskus Apvienoto apmekl\u0113jumu pied\u0101v\u0101jumi","breadcrumb":{"@id":"https:\/\/jaaaeg.ee\/lv\/par-ledus-laikmeta-centru\/apmekletajiem-2\/#breadcrumb"},"inLanguage":"lv-LV","potentialAction":[{"@type":"ReadAction","target":["https:\/\/jaaaeg.ee\/lv\/par-ledus-laikmeta-centru\/apmekletajiem-2\/"]}]},{"@type":"BreadcrumbList","@id":"https:\/\/jaaaeg.ee\/lv\/par-ledus-laikmeta-centru\/apmekletajiem-2\/#breadcrumb","itemListElement":[{"@type":"ListItem","position":1,"name":"Home","item":"https:\/\/jaaaeg.ee\/lv\/"},{"@type":"ListItem","position":2,"name":"Par Ledus laikmeta centru","item":"https:\/\/jaaaeg.ee\/lv\/par-ledus-laikmeta-centru\/"},{"@type":"ListItem","position":3,"name":"Apvienoto apmekl\u0113jumu pied\u0101v\u0101jumi"}]},{"@type":"WebSite","@id":"https:\/\/jaaaeg.ee\/ru\/#website","url":"https:\/\/jaaaeg.ee\/ru\/","name":"J\u00e4\u00e4aja Keskus","description":"avastamisr\u00f5\u00f5m igas vanuses k\u00fclastajatele","potentialAction":[{"@type":"SearchAction","target":{"@type":"EntryPoint","urlTemplate":"https:\/\/jaaaeg.ee\/ru\/?s={search_term_string}"},"query-input":{"@type":"PropertyValueSpecification","valueRequired":true,"valueName":"search_term_string"}}],"inLanguage":"lv-LV"}]}},"_links":{"self":[{"href":"https:\/\/jaaaeg.ee\/lv\/wp-json\/wp\/v2\/pages\/1741","targetHints":{"allow":["GET"]}}],"collection":[{"href":"https:\/\/jaaaeg.ee\/lv\/wp-json\/wp\/v2\/pages"}],"about":[{"href":"https:\/\/jaaaeg.ee\/lv\/wp-json\/wp\/v2\/types\/page"}],"author":[{"embeddable":true,"href":"https:\/\/jaaaeg.ee\/lv\/wp-json\/wp\/v2\/users\/1"}],"replies":[{"embeddable":true,"href":"https:\/\/jaaaeg.ee\/lv\/wp-json\/wp\/v2\/comments?post=1741"}],"version-history":[{"count":12,"href":"https:\/\/jaaaeg.ee\/lv\/wp-json\/wp\/v2\/pages\/1741\/revisions"}],"predecessor-version":[{"id":32987,"href":"https:\/\/jaaaeg.ee\/lv\/wp-json\/wp\/v2\/pages\/1741\/revisions\/32987"}],"up":[{"embeddable":true,"href":"https:\/\/jaaaeg.ee\/lv\/wp-json\/wp\/v2\/pages\/1734"}],"wp:attachment":[{"href":"https:\/\/jaaaeg.ee\/lv\/wp-json\/wp\/v2\/media?parent=1741"}],"curies":[{"name":"wp","href":"https:\/\/api.w.org\/{rel}","templated":true}]}}