{"id":1734,"date":"2018-10-02T16:36:01","date_gmt":"2018-10-02T13:36:01","guid":{"rendered":"http:\/\/jaaaeg.ee\/?page_id=1734"},"modified":"2021-05-05T15:42:32","modified_gmt":"2021-05-05T12:42:32","slug":"par-ledus-laikmeta-centru","status":"publish","type":"page","link":"https:\/\/jaaaeg.ee\/lv\/par-ledus-laikmeta-centru\/","title":{"rendered":"Par Ledus laikmeta centru"},"content":{"rendered":"<div class=\"vce-row-container\" data-vce-boxed-width=\"true\"><div class=\"vce-row vce-row--col-gap-30 vce-row-content--top\" id=\"el-6f20acd4\" data-vce-do-apply=\"all el-6f20acd4\"><div class=\"vce-row-content\" data-vce-element-content=\"true\"><div class=\"vce-col vce-col--md-100p vce-col--xs-1 vce-col--xs-last vce-col--xs-first vce-col--sm-last vce-col--sm-first vce-col--md-last vce-col--lg-last vce-col--xl-last vce-col--md-first vce-col--lg-first vce-col--xl-first\" id=\"el-6d00a7ee\"><div class=\"vce-col-inner\" data-vce-do-apply=\"border margin background  el-6d00a7ee\"><div class=\"vce-col-content\" data-vce-element-content=\"true\" data-vce-do-apply=\"padding el-6d00a7ee\"><div class=\"vce-text-block\"><div class=\"vce-text-block-wrapper vce\" id=\"el-d34b9aab\" data-vce-do-apply=\"all el-d34b9aab\"><p><!--vcv no format--><\/p>\n<div class=\"vce-row-container\">\n<div id=\"el-59e9a01c\" class=\"vce-row vce-row--col-gap-30 vce-row-columns--top vce-row-content--top\" data-vce-do-apply=\"all el-59e9a01c\">\n<div class=\"vce-row-content\" data-vce-element-content=\"true\">\n<div id=\"el-c0670088\" class=\"vce-col vce-col--md-100p vce-col--xs-1 vce-col--xs-last vce-col--xs-first vce-col--sm-last vce-col--sm-first vce-col--md-last vce-col--lg-last vce-col--xl-last vce-col--md-first vce-col--lg-first vce-col--xl-first\" data-vce-do-apply=\"background border el-c0670088\">\n<div class=\"vce-col-inner\" data-vce-element-content=\"true\" data-vce-do-apply=\"padding margin el-c0670088\">\n<div class=\"vce-text-block\">\n<div id=\"el-a1b37cc5\" class=\"vce-text-block-wrapper vce\" data-vce-do-apply=\"all el-a1b37cc5\">\n<p><strong>Ledus laikmeta centrs ir tematiskais parks, kur\u0161 piem\u0113rots visai \u0123imenei, t\u0101p\u0113c gaid\u0101m k\u0101 lielus t\u0101 mazus draugus. M\u0113s priec\u0101jamies par visu vecumu apmekl\u0113t\u0101ju atkl\u0101\u0161anas prieku! <\/strong><\/p>\n<p>M\u016bsu tematiskais centrs ir unik\u0101ls vis\u0101 Baltij\u0101 \u2013 \u0161eit variet iepaz\u012bties ar <strong>re\u0101la izm\u0113ra dz\u012bvniekiem <\/strong>un rast lielisku priek\u0161statu par to k\u0101 <strong>gadu t\u016bksto\u0161u gait\u0101 ir veidojusies pasaule un Igaunijas daba. <\/strong><\/p>\n<p>Vai mamuts ir spalvains zilonis? Kad Igaunij\u0101 uz dz\u012bvi apmetu\u0161ies cilv\u0113ki? K\u0101 laika gait\u0101 ir izmain\u012bjusies krasta l\u012bnija? Vai klimats paliek silt\u0101ks vai atdziest?<\/p>\n<p><strong>Pie mums J\u016bs uzzin\u0101siet, k\u0101ds ir Universa veido\u0161an\u0101s st\u0101sts un kas m\u016bs sagaida n\u0101kotn\u0113!<\/strong><\/p>\n<p><strong>Ledus laikmeta centra ekspoz\u012bcija apmekl\u0113t\u0101jiem pied\u0101v\u0101 p\u0101rskatu <\/strong>par ledus laikmeta veido\u0161an\u0101s iemesliem un t\u0101 ietekmi uz zemeslodi, Igauniju un Vorem\u0101, k\u0101 ar\u012b iepaz\u012bstina ar Igaunijas dabu un cilv\u0113ku apmet\u0146u att\u012bst\u012bbas procesu p\u0113c p\u0113d\u0113j\u0101 ledus laikmeta. T\u0101pat tiek skaidroti klimata izmai\u0146u iemesli un to p\u0113t\u012bjumi.<\/p>\n<p>Atrodamies Tartum\u0101 S\u0101djerves ezera krast\u0101, pa\u0161\u0101 Vorem\u0101 sird\u012b, kas ir paz\u012bstams ar saviem <strong>ledus laikmeta un Kalevipoega nost\u0101stiem. <\/strong><\/p>\n<p>Ja mekl\u0113jiet aizraujo\u0161u vietu Tartum\u0101, kurp doties ar b\u0113rniem vai \u0123imeni, tad <strong>gaid\u0101m J\u016bs ciemos! <\/strong>T\u0101pat m\u016bsu telpas ir iesp\u0113jams izmantot konferen\u010du, dzim\u0161anas dienu un citu pas\u0101kumu r\u012bko\u0161anai.<\/p>\n<h2>Ledus laikmeta centra \u0113kas pl\u0101ns<\/h2>\n<h3>I st\u0101vs \u2013 Ledus laikmets un ledus m\u016bsu laik\u0101<\/h3>\n<p><img loading=\"lazy\" decoding=\"async\" width=\"300\" height=\"199\" class=\"size-medium wp-image-1736 alignleft\" src=\"https:\/\/jaaaeg.ee\/wp-content\/uploads\/2018\/09\/Picture1-300x199.png\" alt=\"\" srcset=\"https:\/\/jaaaeg.ee\/wp-content\/uploads\/2018\/09\/Picture1-300x199.png 300w, https:\/\/jaaaeg.ee\/wp-content\/uploads\/2018\/09\/Picture1-120x79.png 120w, https:\/\/jaaaeg.ee\/wp-content\/uploads\/2018\/09\/Picture1.png 468w\" sizes=\"auto, (max-width: 300px) 100vw, 300px\" \/><\/p>\n<ul>\n<li>Ledus laikmeta dz\u012bvnieki \u2013 mamuti, milzu briedis, alu lauva<\/li>\n<li>Ledus laikmets pasaules v\u0113stures kontekst\u0101<\/li>\n<li>Cilv\u0113ks ledus laikmet\u0101<\/li>\n<li>B\u0113rnu rota\u013cistaba ledus laikmeta al\u0101<\/li>\n<li>Ledus saj\u016bta<\/li>\n<li><strong>Pirmaj\u0101 st\u0101v\u0101 variet iepaz\u012bties ar m\u016bsu slaven\u0101ko iem\u012btnieku \u2013 mamutu!<\/strong><\/li>\n<\/ul>\n<h3>II st\u0101vs \u2013 Ledus laikmeta p\u0113das Igaunijas reljef\u0101<\/h3>\n<p><img loading=\"lazy\" decoding=\"async\" width=\"300\" height=\"199\" class=\"size-medium wp-image-1737 alignleft\" src=\"https:\/\/jaaaeg.ee\/wp-content\/uploads\/2018\/09\/Picture2-300x199.png\" alt=\"\" srcset=\"https:\/\/jaaaeg.ee\/wp-content\/uploads\/2018\/09\/Picture2-300x199.png 300w, https:\/\/jaaaeg.ee\/wp-content\/uploads\/2018\/09\/Picture2-120x79.png 120w, https:\/\/jaaaeg.ee\/wp-content\/uploads\/2018\/09\/Picture2.png 468w\" sizes=\"auto, (max-width: 300px) 100vw, 300px\" \/><\/p>\n<ul>\n<li>\u0160\u013c\u016bdo\u0146a atst\u0101t\u0101s p\u0113das ainav\u0101<\/li>\n<li>Dabas att\u012bst\u012bba p\u0113c ledus laikmeta beig\u0101m<\/li>\n<li>Ledus laikmeta mantojums tautas folklor\u0101<\/li>\n<li>Vorem\u0101 - ledus laikmeta br\u012bvdabas muzejs<\/li>\n<\/ul>\n<h3>III st\u0101vs \u2013 Vai n\u0101kotne ir atkar\u012bga no mums?<\/h3>\n<p><img loading=\"lazy\" decoding=\"async\" width=\"300\" height=\"199\" class=\"size-medium wp-image-1738 alignleft\" src=\"https:\/\/jaaaeg.ee\/wp-content\/uploads\/2018\/09\/Picture3-300x199.png\" alt=\"\" srcset=\"https:\/\/jaaaeg.ee\/wp-content\/uploads\/2018\/09\/Picture3-300x199.png 300w, https:\/\/jaaaeg.ee\/wp-content\/uploads\/2018\/09\/Picture3-120x79.png 120w, https:\/\/jaaaeg.ee\/wp-content\/uploads\/2018\/09\/Picture3.png 468w\" sizes=\"auto, (max-width: 300px) 100vw, 300px\" \/><\/p>\n<ul>\n<li>Laikapst\u0101k\u013cu nov\u0113rojumi un klimats<\/li>\n<li>Vai tuvojas jauns ledus laikmets?<\/li>\n<li>Cilv\u0113ka loma klimata izmai\u0146\u0101s<\/li>\n<li>Ekolo\u0123iskais nospiedums<\/li>\n<li><strong>Tre\u0161aj\u0101 st\u0101v\u0101 J\u016bs gaida ledus l\u0101cis Farncs re\u0101l\u0101 izm\u0113r\u0101. <\/strong>Tas ir reiz Tallinas Zoolo\u0123iskaj\u0101 d\u0101rz\u0101 dz\u012bvoju\u0161\u0101 ledusl\u0101\u010da Fran\u010da izb\u0101zenis.<\/li>\n<\/ul>\n<\/div>\n<\/div>\n<\/div>\n<\/div>\n<\/div>\n<\/div>\n<\/div>\n<p><!--vcv no format--><\/p><\/div><\/div><\/div><\/div><\/div><\/div><\/div><\/div>\n","protected":false},"excerpt":{"rendered":"Ledus laikmeta centrs ir tematiskais parks, kur\u0161 piem\u0113rots visai \u0123imenei, t\u0101p\u0113c gaid\u0101m k\u0101 lielus t\u0101 mazus draugus. M\u0113s priec\u0101jamies par visu vecumu apmekl\u0113t\u0101ju atkl\u0101\u0161anas prieku! M\u016bsu tematiskais centrs ir unik\u0101ls vis\u0101 Baltij\u0101 \u2013 \u0161eit variet iepaz\u012bties ar re\u0101la izm\u0113ra dz\u012bvniekiem un rast lielisku priek\u0161statu par to k\u0101 gadu t\u016bksto\u0161u gait\u0101 ir veidojusies pasaule un Igaunijas&#8230; <a class=\"view-article\" href=\"https:\/\/jaaaeg.ee\/lv\/par-ledus-laikmeta-centru\/\">Las\u012bt vair\u0101k<\/a>","protected":false},"author":1,"featured_media":1739,"parent":0,"menu_order":370,"comment_status":"closed","ping_status":"closed","template":"template-sidebar.php","meta":{"_acf_changed":false,"ngg_post_thumbnail":0,"footnotes":""},"class_list":["post-1734","page","type-page","status-publish","has-post-thumbnail","hentry"],"acf":[],"yoast_head":"<!-- This site is optimized with the Yoast SEO plugin v27.3 - https:\/\/yoast.com\/product\/yoast-seo-wordpress\/ -->\n<title>Par Ledus laikmeta centru - J\u00e4\u00e4aja Keskus<\/title>\n<meta name=\"description\" content=\"J\u00e4\u00e4aja Keskus on Tartumaal asuv kogu pere m\u00f5eldud p\u00f5nev elamuskeskus, kust leiavad avastamisr\u00f5\u00f5mus igas vanuses k\u00fclastajad.\" \/>\n<meta name=\"robots\" content=\"index, follow, max-snippet:-1, max-image-preview:large, max-video-preview:-1\" \/>\n<link rel=\"canonical\" href=\"https:\/\/jaaaeg.ee\/lv\/par-ledus-laikmeta-centru\/\" \/>\n<meta property=\"og:locale\" content=\"lv_LV\" \/>\n<meta property=\"og:type\" content=\"article\" \/>\n<meta property=\"og:title\" content=\"Par Ledus laikmeta centru - J\u00e4\u00e4aja Keskus\" \/>\n<meta property=\"og:description\" content=\"J\u00e4\u00e4aja Keskus on Tartumaal asuv kogu pere m\u00f5eldud p\u00f5nev elamuskeskus, kust leiavad avastamisr\u00f5\u00f5mus igas vanuses k\u00fclastajad.\" \/>\n<meta property=\"og:url\" content=\"https:\/\/jaaaeg.ee\/lv\/par-ledus-laikmeta-centru\/\" \/>\n<meta property=\"og:site_name\" content=\"J\u00e4\u00e4aja Keskus\" \/>\n<meta property=\"article:publisher\" content=\"https:\/\/www.facebook.com\/JaaajaKeskus\/\" \/>\n<meta property=\"article:modified_time\" content=\"2021-05-05T12:42:32+00:00\" \/>\n<meta property=\"og:image\" content=\"https:\/\/jaaaeg.ee\/wp-content\/uploads\/2018\/07\/aapl.jpg\" \/>\n\t<meta property=\"og:image:width\" content=\"4368\" \/>\n\t<meta property=\"og:image:height\" content=\"2912\" \/>\n\t<meta property=\"og:image:type\" content=\"image\/jpeg\" \/>\n<meta name=\"twitter:card\" content=\"summary_large_image\" \/>\n<meta name=\"twitter:label1\" content=\"Est. reading time\" \/>\n\t<meta name=\"twitter:data1\" content=\"2 minutes\" \/>\n<script type=\"application\/ld+json\" class=\"yoast-schema-graph\">{\"@context\":\"https:\\\/\\\/schema.org\",\"@graph\":[{\"@type\":\"WebPage\",\"@id\":\"https:\\\/\\\/jaaaeg.ee\\\/lv\\\/par-ledus-laikmeta-centru\\\/\",\"url\":\"https:\\\/\\\/jaaaeg.ee\\\/lv\\\/par-ledus-laikmeta-centru\\\/\",\"name\":\"Par Ledus laikmeta centru - J\u00e4\u00e4aja Keskus\",\"isPartOf\":{\"@id\":\"https:\\\/\\\/jaaaeg.ee\\\/ru\\\/#website\"},\"primaryImageOfPage\":{\"@id\":\"https:\\\/\\\/jaaaeg.ee\\\/lv\\\/par-ledus-laikmeta-centru\\\/#primaryimage\"},\"image\":{\"@id\":\"https:\\\/\\\/jaaaeg.ee\\\/lv\\\/par-ledus-laikmeta-centru\\\/#primaryimage\"},\"thumbnailUrl\":\"https:\\\/\\\/jaaaeg.ee\\\/wp-content\\\/uploads\\\/2018\\\/07\\\/aapl-scaled.jpg\",\"datePublished\":\"2018-10-02T13:36:01+00:00\",\"dateModified\":\"2021-05-05T12:42:32+00:00\",\"description\":\"J\u00e4\u00e4aja Keskus on Tartumaal asuv kogu pere m\u00f5eldud p\u00f5nev elamuskeskus, kust leiavad avastamisr\u00f5\u00f5mus igas vanuses k\u00fclastajad.\",\"breadcrumb\":{\"@id\":\"https:\\\/\\\/jaaaeg.ee\\\/lv\\\/par-ledus-laikmeta-centru\\\/#breadcrumb\"},\"inLanguage\":\"lv-LV\",\"potentialAction\":[{\"@type\":\"ReadAction\",\"target\":[\"https:\\\/\\\/jaaaeg.ee\\\/lv\\\/par-ledus-laikmeta-centru\\\/\"]}]},{\"@type\":\"ImageObject\",\"inLanguage\":\"lv-LV\",\"@id\":\"https:\\\/\\\/jaaaeg.ee\\\/lv\\\/par-ledus-laikmeta-centru\\\/#primaryimage\",\"url\":\"https:\\\/\\\/jaaaeg.ee\\\/wp-content\\\/uploads\\\/2018\\\/07\\\/aapl-scaled.jpg\",\"contentUrl\":\"https:\\\/\\\/jaaaeg.ee\\\/wp-content\\\/uploads\\\/2018\\\/07\\\/aapl-scaled.jpg\",\"width\":2560,\"height\":1707,\"caption\":\"aapl scaled\"},{\"@type\":\"BreadcrumbList\",\"@id\":\"https:\\\/\\\/jaaaeg.ee\\\/lv\\\/par-ledus-laikmeta-centru\\\/#breadcrumb\",\"itemListElement\":[{\"@type\":\"ListItem\",\"position\":1,\"name\":\"Home\",\"item\":\"https:\\\/\\\/jaaaeg.ee\\\/lv\\\/\"},{\"@type\":\"ListItem\",\"position\":2,\"name\":\"Par Ledus laikmeta centru\"}]},{\"@type\":\"WebSite\",\"@id\":\"https:\\\/\\\/jaaaeg.ee\\\/ru\\\/#website\",\"url\":\"https:\\\/\\\/jaaaeg.ee\\\/ru\\\/\",\"name\":\"J\u00e4\u00e4aja Keskus\",\"description\":\"avastamisr\u00f5\u00f5m igas vanuses k\u00fclastajatele\",\"potentialAction\":[{\"@type\":\"SearchAction\",\"target\":{\"@type\":\"EntryPoint\",\"urlTemplate\":\"https:\\\/\\\/jaaaeg.ee\\\/ru\\\/?s={search_term_string}\"},\"query-input\":{\"@type\":\"PropertyValueSpecification\",\"valueRequired\":true,\"valueName\":\"search_term_string\"}}],\"inLanguage\":\"lv-LV\"}]}<\/script>\n<!-- \/ Yoast SEO plugin. -->","yoast_head_json":{"title":"Par Ledus laikmeta centru - J\u00e4\u00e4aja Keskus","description":"J\u00e4\u00e4aja Keskus on Tartumaal asuv kogu pere m\u00f5eldud p\u00f5nev elamuskeskus, kust leiavad avastamisr\u00f5\u00f5mus igas vanuses k\u00fclastajad.","robots":{"index":"index","follow":"follow","max-snippet":"max-snippet:-1","max-image-preview":"max-image-preview:large","max-video-preview":"max-video-preview:-1"},"canonical":"https:\/\/jaaaeg.ee\/lv\/par-ledus-laikmeta-centru\/","og_locale":"lv_LV","og_type":"article","og_title":"Par Ledus laikmeta centru - J\u00e4\u00e4aja Keskus","og_description":"J\u00e4\u00e4aja Keskus on Tartumaal asuv kogu pere m\u00f5eldud p\u00f5nev elamuskeskus, kust leiavad avastamisr\u00f5\u00f5mus igas vanuses k\u00fclastajad.","og_url":"https:\/\/jaaaeg.ee\/lv\/par-ledus-laikmeta-centru\/","og_site_name":"J\u00e4\u00e4aja Keskus","article_publisher":"https:\/\/www.facebook.com\/JaaajaKeskus\/","article_modified_time":"2021-05-05T12:42:32+00:00","og_image":[{"width":4368,"height":2912,"url":"https:\/\/jaaaeg.ee\/wp-content\/uploads\/2018\/07\/aapl.jpg","type":"image\/jpeg"}],"twitter_card":"summary_large_image","twitter_misc":{"Est. reading time":"2 minutes"},"schema":{"@context":"https:\/\/schema.org","@graph":[{"@type":"WebPage","@id":"https:\/\/jaaaeg.ee\/lv\/par-ledus-laikmeta-centru\/","url":"https:\/\/jaaaeg.ee\/lv\/par-ledus-laikmeta-centru\/","name":"Par Ledus laikmeta centru - J\u00e4\u00e4aja Keskus","isPartOf":{"@id":"https:\/\/jaaaeg.ee\/ru\/#website"},"primaryImageOfPage":{"@id":"https:\/\/jaaaeg.ee\/lv\/par-ledus-laikmeta-centru\/#primaryimage"},"image":{"@id":"https:\/\/jaaaeg.ee\/lv\/par-ledus-laikmeta-centru\/#primaryimage"},"thumbnailUrl":"https:\/\/jaaaeg.ee\/wp-content\/uploads\/2018\/07\/aapl-scaled.jpg","datePublished":"2018-10-02T13:36:01+00:00","dateModified":"2021-05-05T12:42:32+00:00","description":"J\u00e4\u00e4aja Keskus on Tartumaal asuv kogu pere m\u00f5eldud p\u00f5nev elamuskeskus, kust leiavad avastamisr\u00f5\u00f5mus igas vanuses k\u00fclastajad.","breadcrumb":{"@id":"https:\/\/jaaaeg.ee\/lv\/par-ledus-laikmeta-centru\/#breadcrumb"},"inLanguage":"lv-LV","potentialAction":[{"@type":"ReadAction","target":["https:\/\/jaaaeg.ee\/lv\/par-ledus-laikmeta-centru\/"]}]},{"@type":"ImageObject","inLanguage":"lv-LV","@id":"https:\/\/jaaaeg.ee\/lv\/par-ledus-laikmeta-centru\/#primaryimage","url":"https:\/\/jaaaeg.ee\/wp-content\/uploads\/2018\/07\/aapl-scaled.jpg","contentUrl":"https:\/\/jaaaeg.ee\/wp-content\/uploads\/2018\/07\/aapl-scaled.jpg","width":2560,"height":1707,"caption":"aapl scaled"},{"@type":"BreadcrumbList","@id":"https:\/\/jaaaeg.ee\/lv\/par-ledus-laikmeta-centru\/#breadcrumb","itemListElement":[{"@type":"ListItem","position":1,"name":"Home","item":"https:\/\/jaaaeg.ee\/lv\/"},{"@type":"ListItem","position":2,"name":"Par Ledus laikmeta centru"}]},{"@type":"WebSite","@id":"https:\/\/jaaaeg.ee\/ru\/#website","url":"https:\/\/jaaaeg.ee\/ru\/","name":"J\u00e4\u00e4aja Keskus","description":"avastamisr\u00f5\u00f5m igas vanuses k\u00fclastajatele","potentialAction":[{"@type":"SearchAction","target":{"@type":"EntryPoint","urlTemplate":"https:\/\/jaaaeg.ee\/ru\/?s={search_term_string}"},"query-input":{"@type":"PropertyValueSpecification","valueRequired":true,"valueName":"search_term_string"}}],"inLanguage":"lv-LV"}]}},"_links":{"self":[{"href":"https:\/\/jaaaeg.ee\/lv\/wp-json\/wp\/v2\/pages\/1734","targetHints":{"allow":["GET"]}}],"collection":[{"href":"https:\/\/jaaaeg.ee\/lv\/wp-json\/wp\/v2\/pages"}],"about":[{"href":"https:\/\/jaaaeg.ee\/lv\/wp-json\/wp\/v2\/types\/page"}],"author":[{"embeddable":true,"href":"https:\/\/jaaaeg.ee\/lv\/wp-json\/wp\/v2\/users\/1"}],"replies":[{"embeddable":true,"href":"https:\/\/jaaaeg.ee\/lv\/wp-json\/wp\/v2\/comments?post=1734"}],"version-history":[{"count":5,"href":"https:\/\/jaaaeg.ee\/lv\/wp-json\/wp\/v2\/pages\/1734\/revisions"}],"predecessor-version":[{"id":19443,"href":"https:\/\/jaaaeg.ee\/lv\/wp-json\/wp\/v2\/pages\/1734\/revisions\/19443"}],"wp:featuredmedia":[{"embeddable":true,"href":"https:\/\/jaaaeg.ee\/lv\/wp-json\/wp\/v2\/media\/1739"}],"wp:attachment":[{"href":"https:\/\/jaaaeg.ee\/lv\/wp-json\/wp\/v2\/media?parent=1734"}],"curies":[{"name":"wp","href":"https:\/\/api.w.org\/{rel}","templated":true}]}}