{"id":1716,"date":"2018-10-02T16:06:43","date_gmt":"2018-10-02T13:06:43","guid":{"rendered":"http:\/\/jaaaeg.ee\/?page_id=1716"},"modified":"2024-09-04T12:48:57","modified_gmt":"2024-09-04T09:48:57","slug":"izglitibas-programmas","status":"publish","type":"page","link":"https:\/\/jaaaeg.ee\/lv\/izglitibas-programmas\/","title":{"rendered":"Izgl\u012bt\u012bbas programmas"},"content":{"rendered":"<ul>\n<li>Vides izgl\u012bt\u012bbas programmas skol\u0113niem<\/li>\n<li>Vides apm\u0101c\u012bba pieaugu\u0161ajiem<\/li>\n<li>Atp\u016btas programmas ikvienam<\/li>\n<li>Izbraukumi ar plostu pa S\u0101djerves ezeru<\/li>\n<\/ul>\n<p>Inform\u0101cija par programm\u0101m un apm\u0101c\u012bb\u0101m info@jaaaeg.ee<\/p>\n<p>Ledus laikmeta centr\u0101 darbojas S\u0101djerves Dabas centrs.<\/p>\n","protected":false},"excerpt":{"rendered":"Vides izgl\u012bt\u012bbas programmas skol\u0113niem Vides apm\u0101c\u012bba pieaugu\u0161ajiem Atp\u016btas programmas ikvienam Izbraukumi ar plostu pa S\u0101djerves ezeru Inform\u0101cija par programm\u0101m un apm\u0101c\u012bb\u0101m info@jaaaeg.ee Ledus laikmeta centr\u0101 darbojas S\u0101djerves Dabas centrs.","protected":false},"author":1,"featured_media":475,"parent":0,"menu_order":275,"comment_status":"closed","ping_status":"closed","template":"template-sidebar.php","meta":{"_acf_changed":false,"ngg_post_thumbnail":0,"footnotes":""},"class_list":["post-1716","page","type-page","status-publish","has-post-thumbnail","hentry"],"acf":[],"yoast_head":"<!-- This site is optimized with the Yoast SEO plugin v27.3 - https:\/\/yoast.com\/product\/yoast-seo-wordpress\/ -->\n<title>Izgl\u012bt\u012bbas programmas - J\u00e4\u00e4aja Keskus<\/title>\n<meta name=\"robots\" content=\"index, follow, max-snippet:-1, max-image-preview:large, max-video-preview:-1\" \/>\n<link rel=\"canonical\" href=\"https:\/\/jaaaeg.ee\/lv\/izglitibas-programmas\/\" \/>\n<meta property=\"og:locale\" content=\"lv_LV\" \/>\n<meta property=\"og:type\" content=\"article\" \/>\n<meta property=\"og:title\" content=\"Izgl\u012bt\u012bbas programmas - J\u00e4\u00e4aja Keskus\" \/>\n<meta property=\"og:description\" content=\"Vides izgl\u012bt\u012bbas programmas skol\u0113niem Vides apm\u0101c\u012bba pieaugu\u0161ajiem Atp\u016btas programmas ikvienam Izbraukumi ar plostu pa S\u0101djerves ezeru Inform\u0101cija par programm\u0101m un apm\u0101c\u012bb\u0101m info@jaaaeg.ee Ledus laikmeta centr\u0101 darbojas S\u0101djerves Dabas centrs.\" \/>\n<meta property=\"og:url\" content=\"https:\/\/jaaaeg.ee\/lv\/izglitibas-programmas\/\" \/>\n<meta property=\"og:site_name\" content=\"J\u00e4\u00e4aja Keskus\" \/>\n<meta property=\"article:publisher\" content=\"https:\/\/www.facebook.com\/JaaajaKeskus\/\" \/>\n<meta property=\"article:modified_time\" content=\"2024-09-04T09:48:57+00:00\" \/>\n<meta property=\"og:image\" content=\"https:\/\/jaaaeg.ee\/wp-content\/uploads\/2018\/09\/lapsed_r\u00e4ndkivid.jpg\" \/>\n\t<meta property=\"og:image:width\" content=\"2048\" \/>\n\t<meta property=\"og:image:height\" content=\"1365\" \/>\n\t<meta property=\"og:image:type\" content=\"image\/jpeg\" \/>\n<meta name=\"twitter:card\" content=\"summary_large_image\" \/>\n<meta name=\"twitter:label1\" content=\"Est. reading time\" \/>\n\t<meta name=\"twitter:data1\" content=\"1 minute\" \/>\n<script type=\"application\/ld+json\" class=\"yoast-schema-graph\">{\"@context\":\"https:\\\/\\\/schema.org\",\"@graph\":[{\"@type\":\"WebPage\",\"@id\":\"https:\\\/\\\/jaaaeg.ee\\\/lv\\\/izglitibas-programmas\\\/\",\"url\":\"https:\\\/\\\/jaaaeg.ee\\\/lv\\\/izglitibas-programmas\\\/\",\"name\":\"Izgl\u012bt\u012bbas programmas - J\u00e4\u00e4aja Keskus\",\"isPartOf\":{\"@id\":\"https:\\\/\\\/jaaaeg.ee\\\/ru\\\/#website\"},\"primaryImageOfPage\":{\"@id\":\"https:\\\/\\\/jaaaeg.ee\\\/lv\\\/izglitibas-programmas\\\/#primaryimage\"},\"image\":{\"@id\":\"https:\\\/\\\/jaaaeg.ee\\\/lv\\\/izglitibas-programmas\\\/#primaryimage\"},\"thumbnailUrl\":\"https:\\\/\\\/jaaaeg.ee\\\/wp-content\\\/uploads\\\/2018\\\/09\\\/lapsed_r\u00e4ndkivid.jpg\",\"datePublished\":\"2018-10-02T13:06:43+00:00\",\"dateModified\":\"2024-09-04T09:48:57+00:00\",\"breadcrumb\":{\"@id\":\"https:\\\/\\\/jaaaeg.ee\\\/lv\\\/izglitibas-programmas\\\/#breadcrumb\"},\"inLanguage\":\"lv-LV\",\"potentialAction\":[{\"@type\":\"ReadAction\",\"target\":[\"https:\\\/\\\/jaaaeg.ee\\\/lv\\\/izglitibas-programmas\\\/\"]}]},{\"@type\":\"ImageObject\",\"inLanguage\":\"lv-LV\",\"@id\":\"https:\\\/\\\/jaaaeg.ee\\\/lv\\\/izglitibas-programmas\\\/#primaryimage\",\"url\":\"https:\\\/\\\/jaaaeg.ee\\\/wp-content\\\/uploads\\\/2018\\\/09\\\/lapsed_r\u00e4ndkivid.jpg\",\"contentUrl\":\"https:\\\/\\\/jaaaeg.ee\\\/wp-content\\\/uploads\\\/2018\\\/09\\\/lapsed_r\u00e4ndkivid.jpg\",\"width\":2048,\"height\":1365,\"caption\":\"lapsed r\u00e4ndkivid\"},{\"@type\":\"BreadcrumbList\",\"@id\":\"https:\\\/\\\/jaaaeg.ee\\\/lv\\\/izglitibas-programmas\\\/#breadcrumb\",\"itemListElement\":[{\"@type\":\"ListItem\",\"position\":1,\"name\":\"Home\",\"item\":\"https:\\\/\\\/jaaaeg.ee\\\/lv\\\/\"},{\"@type\":\"ListItem\",\"position\":2,\"name\":\"Izgl\u012bt\u012bbas programmas\"}]},{\"@type\":\"WebSite\",\"@id\":\"https:\\\/\\\/jaaaeg.ee\\\/ru\\\/#website\",\"url\":\"https:\\\/\\\/jaaaeg.ee\\\/ru\\\/\",\"name\":\"J\u00e4\u00e4aja Keskus\",\"description\":\"avastamisr\u00f5\u00f5m igas vanuses k\u00fclastajatele\",\"potentialAction\":[{\"@type\":\"SearchAction\",\"target\":{\"@type\":\"EntryPoint\",\"urlTemplate\":\"https:\\\/\\\/jaaaeg.ee\\\/ru\\\/?s={search_term_string}\"},\"query-input\":{\"@type\":\"PropertyValueSpecification\",\"valueRequired\":true,\"valueName\":\"search_term_string\"}}],\"inLanguage\":\"lv-LV\"}]}<\/script>\n<!-- \/ Yoast SEO plugin. -->","yoast_head_json":{"title":"Izgl\u012bt\u012bbas programmas - J\u00e4\u00e4aja Keskus","robots":{"index":"index","follow":"follow","max-snippet":"max-snippet:-1","max-image-preview":"max-image-preview:large","max-video-preview":"max-video-preview:-1"},"canonical":"https:\/\/jaaaeg.ee\/lv\/izglitibas-programmas\/","og_locale":"lv_LV","og_type":"article","og_title":"Izgl\u012bt\u012bbas programmas - J\u00e4\u00e4aja Keskus","og_description":"Vides izgl\u012bt\u012bbas programmas skol\u0113niem Vides apm\u0101c\u012bba pieaugu\u0161ajiem Atp\u016btas programmas ikvienam Izbraukumi ar plostu pa S\u0101djerves ezeru Inform\u0101cija par programm\u0101m un apm\u0101c\u012bb\u0101m info@jaaaeg.ee Ledus laikmeta centr\u0101 darbojas S\u0101djerves Dabas centrs.","og_url":"https:\/\/jaaaeg.ee\/lv\/izglitibas-programmas\/","og_site_name":"J\u00e4\u00e4aja Keskus","article_publisher":"https:\/\/www.facebook.com\/JaaajaKeskus\/","article_modified_time":"2024-09-04T09:48:57+00:00","og_image":[{"width":2048,"height":1365,"url":"https:\/\/jaaaeg.ee\/wp-content\/uploads\/2018\/09\/lapsed_r\u00e4ndkivid.jpg","type":"image\/jpeg"}],"twitter_card":"summary_large_image","twitter_misc":{"Est. reading time":"1 minute"},"schema":{"@context":"https:\/\/schema.org","@graph":[{"@type":"WebPage","@id":"https:\/\/jaaaeg.ee\/lv\/izglitibas-programmas\/","url":"https:\/\/jaaaeg.ee\/lv\/izglitibas-programmas\/","name":"Izgl\u012bt\u012bbas programmas - J\u00e4\u00e4aja Keskus","isPartOf":{"@id":"https:\/\/jaaaeg.ee\/ru\/#website"},"primaryImageOfPage":{"@id":"https:\/\/jaaaeg.ee\/lv\/izglitibas-programmas\/#primaryimage"},"image":{"@id":"https:\/\/jaaaeg.ee\/lv\/izglitibas-programmas\/#primaryimage"},"thumbnailUrl":"https:\/\/jaaaeg.ee\/wp-content\/uploads\/2018\/09\/lapsed_r\u00e4ndkivid.jpg","datePublished":"2018-10-02T13:06:43+00:00","dateModified":"2024-09-04T09:48:57+00:00","breadcrumb":{"@id":"https:\/\/jaaaeg.ee\/lv\/izglitibas-programmas\/#breadcrumb"},"inLanguage":"lv-LV","potentialAction":[{"@type":"ReadAction","target":["https:\/\/jaaaeg.ee\/lv\/izglitibas-programmas\/"]}]},{"@type":"ImageObject","inLanguage":"lv-LV","@id":"https:\/\/jaaaeg.ee\/lv\/izglitibas-programmas\/#primaryimage","url":"https:\/\/jaaaeg.ee\/wp-content\/uploads\/2018\/09\/lapsed_r\u00e4ndkivid.jpg","contentUrl":"https:\/\/jaaaeg.ee\/wp-content\/uploads\/2018\/09\/lapsed_r\u00e4ndkivid.jpg","width":2048,"height":1365,"caption":"lapsed r\u00e4ndkivid"},{"@type":"BreadcrumbList","@id":"https:\/\/jaaaeg.ee\/lv\/izglitibas-programmas\/#breadcrumb","itemListElement":[{"@type":"ListItem","position":1,"name":"Home","item":"https:\/\/jaaaeg.ee\/lv\/"},{"@type":"ListItem","position":2,"name":"Izgl\u012bt\u012bbas programmas"}]},{"@type":"WebSite","@id":"https:\/\/jaaaeg.ee\/ru\/#website","url":"https:\/\/jaaaeg.ee\/ru\/","name":"J\u00e4\u00e4aja Keskus","description":"avastamisr\u00f5\u00f5m igas vanuses k\u00fclastajatele","potentialAction":[{"@type":"SearchAction","target":{"@type":"EntryPoint","urlTemplate":"https:\/\/jaaaeg.ee\/ru\/?s={search_term_string}"},"query-input":{"@type":"PropertyValueSpecification","valueRequired":true,"valueName":"search_term_string"}}],"inLanguage":"lv-LV"}]}},"_links":{"self":[{"href":"https:\/\/jaaaeg.ee\/lv\/wp-json\/wp\/v2\/pages\/1716","targetHints":{"allow":["GET"]}}],"collection":[{"href":"https:\/\/jaaaeg.ee\/lv\/wp-json\/wp\/v2\/pages"}],"about":[{"href":"https:\/\/jaaaeg.ee\/lv\/wp-json\/wp\/v2\/types\/page"}],"author":[{"embeddable":true,"href":"https:\/\/jaaaeg.ee\/lv\/wp-json\/wp\/v2\/users\/1"}],"replies":[{"embeddable":true,"href":"https:\/\/jaaaeg.ee\/lv\/wp-json\/wp\/v2\/comments?post=1716"}],"version-history":[{"count":4,"href":"https:\/\/jaaaeg.ee\/lv\/wp-json\/wp\/v2\/pages\/1716\/revisions"}],"predecessor-version":[{"id":28481,"href":"https:\/\/jaaaeg.ee\/lv\/wp-json\/wp\/v2\/pages\/1716\/revisions\/28481"}],"wp:featuredmedia":[{"embeddable":true,"href":"https:\/\/jaaaeg.ee\/lv\/wp-json\/wp\/v2\/media\/475"}],"wp:attachment":[{"href":"https:\/\/jaaaeg.ee\/lv\/wp-json\/wp\/v2\/media?parent=1716"}],"curies":[{"name":"wp","href":"https:\/\/api.w.org\/{rel}","templated":true}]}}