{"id":16726,"date":"2018-10-24T10:06:56","date_gmt":"2018-10-24T07:06:56","guid":{"rendered":"http:\/\/jaaaeg.ee\/?page_id=16726"},"modified":"2018-12-03T14:33:44","modified_gmt":"2018-12-03T12:33:44","slug":"jaaaja-joulud","status":"publish","type":"page","link":"https:\/\/jaaaeg.ee\/lv\/jaaaja-joulud\/","title":{"rendered":"J\u00e4\u00e4aja J\u00f5ulud"},"content":{"rendered":"<div class=\"vce-row-container\"><div class=\"vce-row vce-row--col-gap-30 vce-row-columns--top vce-row-content--top\" id=\"el-70cf1463\" data-vce-do-apply=\"all el-70cf1463\"><div class=\"vce-row-content\" data-vce-element-content=\"true\"><div class=\"vce-col vce-col--md-100p vce-col--xs-1 vce-col--xs-last vce-col--xs-first vce-col--sm-last vce-col--sm-first vce-col--md-last vce-col--lg-last vce-col--xl-last vce-col--md-first vce-col--lg-first vce-col--xl-first\" id=\"el-d68aae39\" data-vce-do-apply=\"background border el-d68aae39\"><div class=\"vce-col-inner\" data-vce-element-content=\"true\" data-vce-do-apply=\"padding margin  el-d68aae39\"><div class=\"vce-single-image-container vce-single-image--align-center\"><div class=\"vce vce-single-image-wrapper\" id=\"el-7cfa96a7\" data-vce-do-apply=\"all el-7cfa96a7\"><figure><div class=\"vce-single-image-inner\"><img class=\"vce-single-image\" data-width=\"820\" data-height=\"340\"src=\"https:\/\/jaaaeg.ee\/wp-content\/uploads\/2018\/12\/JK-j-ulud-FB-uus-820x340.jpg\" data-img-src=\"https:\/\/jaaaeg.ee\/wp-content\/uploads\/2018\/10\/JK-j-ulud-FB-uus.jpg\" alt=\"J\u00e4\u00e4aja J\u00f5ulud\" title=\"J\u00e4\u00e4aja J\u00f5ulud\"\/><\/div><\/figure><\/div><\/div><\/div><\/div><\/div><\/div><\/div><div class=\"vce-row-container\"><div class=\"vce-row vce-row--col-gap-30 vce-row-columns--top vce-row-content--top\" id=\"el-c90197d0\" data-vce-do-apply=\"all el-c90197d0\"><div class=\"vce-row-content\" data-vce-element-content=\"true\"><div class=\"vce-col vce-col--md-100p vce-col--xs-1 vce-col--xs-last vce-col--xs-first vce-col--sm-last vce-col--sm-first vce-col--md-last vce-col--lg-last vce-col--xl-last vce-col--md-first vce-col--lg-first vce-col--xl-first\" id=\"el-03e959f6\" data-vce-do-apply=\"background border el-03e959f6\"><div class=\"vce-col-inner\" data-vce-element-content=\"true\" data-vce-do-apply=\"padding margin  el-03e959f6\"><div class=\"vce vce-separator-with-title-container vce-separator-with-title--align-center\" id=\"el-748667b5\" data-vce-do-apply=\"margin el-748667b5\"><div class=\"vce-separator-with-title vce-separator-with-title--color-bfc0c1 vce-separator-with-title--width-60\" data-vce-do-apply=\"border padding background  el-748667b5\"><div class=\"vce-separator-with-title--line vce-separator-with-title--line--style-solid vce-separator-with-title-line--thickness-1 vce-separator-with-title--line-left\"><\/div><h3 class=\"vce-separator-with-title--title vce-separator-with-title--title--color-fae862\">NB! J\u00e4\u00e4aja J\u00f5ulud on 15. ja 16. detsember broneeritud!<\/h3><div class=\"vce-separator-with-title--line vce-separator-with-title--line--style-solid vce-separator-with-title-line--thickness-1 vce-separator-with-title--line-right\"><\/div><\/div><\/div><\/div><\/div><\/div><\/div><\/div><div class=\"vce-row-container\"><div class=\"vce-row vce-row--col-gap-30 vce-row-columns--top vce-row-content--top\" id=\"el-39c5bdb3\" data-vce-do-apply=\"all el-39c5bdb3\"><div class=\"vce-row-content\" data-vce-element-content=\"true\"><div class=\"vce-col vce-col--md-100p vce-col--xs-1 vce-col--xs-last vce-col--xs-first vce-col--sm-last vce-col--sm-first vce-col--md-last vce-col--lg-last vce-col--xl-last vce-col--md-first vce-col--lg-first vce-col--xl-first\" id=\"el-a177fef3\" data-vce-do-apply=\"background border el-a177fef3\"><div class=\"vce-col-inner\" data-vce-element-content=\"true\" data-vce-do-apply=\"padding margin  el-a177fef3\"><div class=\"vce-faq-toggle vce-faq-toggle-color--fff vce-faq-toggle-shape-color--1D64C5 vce-faq-toggle-shape--rounded\"><div class=\"vce-faq-toggle-wrapper vce\" id=\"el-7b408663\" data-vce-do-apply=\"margin padding border background  el-7b408663\"><div class=\"vce-faq-toggle-inner\"><div class=\"vce-faq-toggle-title\"><h3 class=\"vce-faq-toggle-title-text\"><i class=\"vce-faq-toggle-icon\"><\/i>P\u00e4kapikkude t\u00f6\u00f6toad<\/h3><\/div><div class=\"vce-faq-toggle-text-block\"><p><strong>Kell 11.00<\/strong> ja <strong>13.00<\/strong> toimuvad terves&nbsp;keskuses&nbsp;vahvad p\u00e4kapikkude t\u00f6\u00f6toad, kus huvilised&nbsp;saavad koos abilistega meisterdada j\u00f5ulukinke, kaarte ja palju muud.<\/p><p><img loading=\"lazy\" decoding=\"async\" class=\"wp-image-16732 size-medium alignright\" src=\"https:\/\/jaaaeg.ee\/wp-content\/uploads\/2018\/10\/15417707_10154743763224754_1585379361_o-300x400.jpg\" alt=\"p\u00e4kapikk J\u00e4\u00e4aja Keskus\" width=\"225\" height=\"300\" srcset=\"https:\/\/jaaaeg.ee\/wp-content\/uploads\/2018\/10\/15417707_10154743763224754_1585379361_o-300x400.jpg 300w, https:\/\/jaaaeg.ee\/wp-content\/uploads\/2018\/10\/15417707_10154743763224754_1585379361_o-600x800.jpg 600w, https:\/\/jaaaeg.ee\/wp-content\/uploads\/2018\/10\/15417707_10154743763224754_1585379361_o-768x1024.jpg 768w, https:\/\/jaaaeg.ee\/wp-content\/uploads\/2018\/10\/15417707_10154743763224754_1585379361_o-700x933.jpg 700w, https:\/\/jaaaeg.ee\/wp-content\/uploads\/2018\/10\/15417707_10154743763224754_1585379361_o-120x160.jpg 120w, https:\/\/jaaaeg.ee\/wp-content\/uploads\/2018\/10\/15417707_10154743763224754_1585379361_o.jpg 852w\" sizes=\"auto, (max-width: 225px) 100vw, 225px\" \/><\/p><\/div><\/div><\/div><\/div><div class=\"vce-faq-toggle vce-faq-toggle-color--fff vce-faq-toggle-shape-color--1D64C5 vce-faq-toggle-shape--rounded\"><div class=\"vce-faq-toggle-wrapper vce\" id=\"el-33345a85\" data-vce-do-apply=\"margin padding border background  el-33345a85\"><div class=\"vce-faq-toggle-inner\"><div class=\"vce-faq-toggle-title\"><h3 class=\"vce-faq-toggle-title-text\"><i class=\"vce-faq-toggle-icon\"><\/i>Etendus AJAMASIN<\/h3><\/div><div class=\"vce-faq-toggle-text-block\"><p>Kell 12.00 ja 14.00 toimub keskuse uues konverentsisaalis m\u00f5nus ja \u00fcllatusi t\u00e4is kogupere j\u00f5uluetendus \"AJAMASIN\".<br>Etendust \"Ajamasin\" n\u00e4eb t\u00f6\u00f6p\u00e4evadel (10.-21. detsembril 2018) Vudila J\u00f5ulumaal: <a href=\"https:\/\/www.vudila.ee\">www.vudila.ee<\/a><\/p><p><img loading=\"lazy\" decoding=\"async\" class=\"aligncenter wp-image-16737 size-medium\" src=\"https:\/\/jaaaeg.ee\/wp-content\/uploads\/2018\/10\/Ajamasin-300x234.png\" alt=\"j\u00f5uluetendus Ajamasin\" width=\"300\" height=\"234\" srcset=\"https:\/\/jaaaeg.ee\/wp-content\/uploads\/2018\/10\/Ajamasin-300x234.png 300w, https:\/\/jaaaeg.ee\/wp-content\/uploads\/2018\/10\/Ajamasin-600x469.png 600w, https:\/\/jaaaeg.ee\/wp-content\/uploads\/2018\/10\/Ajamasin-120x94.png 120w, https:\/\/jaaaeg.ee\/wp-content\/uploads\/2018\/10\/Ajamasin.png 613w\" sizes=\"auto, (max-width: 300px) 100vw, 300px\" \/><\/p><\/div><\/div><\/div><\/div><div class=\"vce-faq-toggle vce-faq-toggle-color--fff vce-faq-toggle-shape-color--1D64C5 vce-faq-toggle-shape--rounded\"><div class=\"vce-faq-toggle-wrapper vce\" id=\"el-d63d768f\" data-vce-do-apply=\"margin padding border background  el-d63d768f\"><div class=\"vce-faq-toggle-inner\"><div class=\"vce-faq-toggle-title\"><h3 class=\"vce-faq-toggle-title-text\"><i class=\"vce-faq-toggle-icon\"><\/i>K\u00fclas j\u00f5uluvana ja teised J\u00e4\u00e4aja Keskuse tegelased<\/h3><\/div><div class=\"vce-faq-toggle-text-block\"><p>Kell 12.30 ja 14.30 tuleb J\u00e4\u00e4aja Keskusesse k\u00fclla J\u00f5uluvana, kellele saab lugeda salmida ning avaldada oma salajased kingisoovid.<br>Lisaks v\u00f5ib sel ajal kohata keskuses ka teisi J\u00e4\u00e4aja tegelasi (mammutit ja j\u00e4\u00e4karu t\u00fcdrukut).<\/p><p><img loading=\"lazy\" decoding=\"async\" class=\"aligncenter wp-image-16742 size-medium\" src=\"https:\/\/jaaaeg.ee\/wp-content\/uploads\/2018\/10\/kivil-mammut-2-300x224.jpg\" alt=\"J\u00e4\u00e4aja J\u00f5ulud\" width=\"300\" height=\"224\" srcset=\"https:\/\/jaaaeg.ee\/wp-content\/uploads\/2018\/10\/kivil-mammut-2-300x224.jpg 300w, https:\/\/jaaaeg.ee\/wp-content\/uploads\/2018\/10\/kivil-mammut-2-600x447.jpg 600w, https:\/\/jaaaeg.ee\/wp-content\/uploads\/2018\/10\/kivil-mammut-2-768x572.jpg 768w, https:\/\/jaaaeg.ee\/wp-content\/uploads\/2018\/10\/kivil-mammut-2-700x522.jpg 700w, https:\/\/jaaaeg.ee\/wp-content\/uploads\/2018\/10\/kivil-mammut-2-120x89.jpg 120w, https:\/\/jaaaeg.ee\/wp-content\/uploads\/2018\/10\/kivil-mammut-2-1900x1416.jpg 1900w\" sizes=\"auto, (max-width: 300px) 100vw, 300px\" \/><\/p><\/div><\/div><\/div><\/div><\/div><\/div><\/div><\/div><\/div><div class=\"vce-row-container\"><div class=\"vce-row vce-row--col-gap-30 vce-row-columns--top vce-row-content--top\" id=\"el-81203f9c\" data-vce-do-apply=\"all el-81203f9c\"><div class=\"vce-row-content\" data-vce-element-content=\"true\"><div class=\"vce-col vce-col--md-100p vce-col--xs-1 vce-col--xs-last vce-col--xs-first vce-col--sm-last vce-col--sm-first vce-col--md-last vce-col--lg-last vce-col--xl-last vce-col--md-first vce-col--lg-first vce-col--xl-first\" id=\"el-625a9df9\" data-vce-do-apply=\"background border el-625a9df9\"><div class=\"vce-col-inner\" data-vce-element-content=\"true\" data-vce-do-apply=\"padding margin  el-625a9df9\"><div class=\"vce-faq-toggle vce-faq-toggle-color--fff vce-faq-toggle-shape-color--1D64C5 vce-faq-toggle-shape--rounded\"><div class=\"vce-faq-toggle-wrapper vce\" id=\"el-5316c73c\" data-vce-do-apply=\"margin padding border background  el-5316c73c\"><div class=\"vce-faq-toggle-inner\"><div class=\"vce-faq-toggle-title\"><h3 class=\"vce-faq-toggle-title-text\"><i class=\"vce-faq-toggle-icon\"><\/i>Piparkoogi \u00f5pituba<\/h3><\/div><div class=\"vce-faq-toggle-text-block\"><p>J\u00e4\u00e4karu Kohvikus \u00f5petab j\u00e4\u00e4karu t\u00fcdruk piparkooke k\u00fcpsetama ja kaunistama.<\/p><\/div><\/div><\/div><\/div><\/div><\/div><\/div><\/div><\/div><div class=\"vce-row-container\"><div class=\"vce-row vce-row--col-gap-30 vce-row-columns--top vce-row-content--top\" id=\"el-9ed5686c\" data-vce-do-apply=\"all el-9ed5686c\"><div class=\"vce-row-content\" data-vce-element-content=\"true\"><div class=\"vce-col vce-col--md-100p vce-col--xs-1 vce-col--xs-last vce-col--xs-first vce-col--sm-last vce-col--sm-first vce-col--md-last vce-col--lg-last vce-col--xl-last vce-col--md-first vce-col--lg-first vce-col--xl-first\" id=\"el-7132b119\" data-vce-do-apply=\"background border el-7132b119\"><div class=\"vce-col-inner\" data-vce-element-content=\"true\" data-vce-do-apply=\"padding margin  el-7132b119\"><div class=\"vce-faq-toggle vce-faq-toggle-color--fff vce-faq-toggle-shape-color--1D64C5 vce-faq-toggle-shape--rounded\"><div class=\"vce-faq-toggle-wrapper vce\" id=\"el-971b126e\" data-vce-do-apply=\"margin padding border background  el-971b126e\"><div class=\"vce-faq-toggle-inner\"><div class=\"vce-faq-toggle-title\"><h3 class=\"vce-faq-toggle-title-text\"><i class=\"vce-faq-toggle-icon\"><\/i>M\u00f5nusad j\u00f5ulutoidud J\u00e4\u00e4karu kohvikus<\/h3><\/div><div class=\"vce-faq-toggle-text-block\"><p>Selleks, et terve j\u00f5ulup\u00e4ev J\u00e4\u00e4aja Keskuses m\u00f5nusalt m\u00f6\u00f6duks, pakub J\u00e4\u00e4karu kohvik neil p\u00e4evadel klassikalisi j\u00f5ulutoite.<\/p><p><img loading=\"lazy\" decoding=\"async\" width=\"300\" height=\"450\" class=\"size-medium wp-image-16747 aligncenter\" src=\"https:\/\/jaaaeg.ee\/wp-content\/uploads\/2018\/10\/JNY_4109-300x450.jpg\" alt=\"J\u00e4\u00e4karu kohvik\" srcset=\"https:\/\/jaaaeg.ee\/wp-content\/uploads\/2018\/10\/JNY_4109-300x450.jpg 300w, https:\/\/jaaaeg.ee\/wp-content\/uploads\/2018\/10\/JNY_4109-600x900.jpg 600w, https:\/\/jaaaeg.ee\/wp-content\/uploads\/2018\/10\/JNY_4109-768x1152.jpg 768w, https:\/\/jaaaeg.ee\/wp-content\/uploads\/2018\/10\/JNY_4109-700x1050.jpg 700w, https:\/\/jaaaeg.ee\/wp-content\/uploads\/2018\/10\/JNY_4109-120x180.jpg 120w, https:\/\/jaaaeg.ee\/wp-content\/uploads\/2018\/10\/JNY_4109-1900x2850.jpg 1900w, https:\/\/jaaaeg.ee\/wp-content\/uploads\/2018\/10\/JNY_4109-scaled.jpg 1707w\" sizes=\"auto, (max-width: 300px) 100vw, 300px\" \/> <\/p><\/div><\/div><\/div><\/div><\/div><\/div><div class=\"vce-col vce-col--md-100p vce-col--xs-1 vce-col--xs-last vce-col--xs-first vce-col--sm-last vce-col--sm-first vce-col--md-last vce-col--lg-last vce-col--xl-last vce-col--md-first vce-col--lg-first vce-col--xl-first\" id=\"el-0474ec12\" data-vce-do-apply=\"background border el-0474ec12\"><div class=\"vce-col-inner\" data-vce-element-content=\"true\" data-vce-do-apply=\"padding margin  el-0474ec12\"><div class=\"vce vce-separator-container vce-separator--align-center vce-separator--style-solid\" id=\"el-2cd0e710\" data-vce-do-apply=\"margin el-2cd0e710\"><div class=\"vce-separator vce-separator--color-bfc0c1 vce-separator--width-60 vce-separator--thickness-1\" data-vce-do-apply=\"border padding background  el-2cd0e710\"><\/div><\/div><\/div><\/div><\/div><\/div><\/div><div class=\"vce-row-container\"><div class=\"vce-row vce-row--col-gap-30 vce-row-columns--top vce-row-content--top\" id=\"el-3db0d541\" data-vce-do-apply=\"all el-3db0d541\"><div class=\"vce-row-content\" data-vce-element-content=\"true\"><div class=\"vce-col vce-col--md-100p vce-col--xs-1 vce-col--xs-last vce-col--xs-first vce-col--sm-last vce-col--sm-first vce-col--md-last vce-col--lg-last vce-col--xl-last vce-col--md-first vce-col--lg-first vce-col--xl-first\" id=\"el-e6f14083\" data-vce-do-apply=\"background border el-e6f14083\"><div class=\"vce-col-inner\" data-vce-element-content=\"true\" data-vce-do-apply=\"padding margin  el-e6f14083\"><div class=\"vce vce-separator-with-title-container vce-separator-with-title--align-center\" id=\"el-f603235b\" data-vce-do-apply=\"margin el-f603235b\"><div class=\"vce-separator-with-title vce-separator-with-title--color-bfc0c1 vce-separator-with-title--width-42\" data-vce-do-apply=\"border padding background  el-f603235b\"><div class=\"vce-separator-with-title--line vce-separator-with-title--line--style-solid vce-separator-with-title-line--thickness-3 vce-separator-with-title--line-left\"><\/div><h3 class=\"vce-separator-with-title--title vce-separator-with-title--title--color-fae862\">Pilet: 10 EUR (alla 4-aastastele TASUTA)<\/h3><div class=\"vce-separator-with-title--line vce-separator-with-title--line--style-solid vce-separator-with-title-line--thickness-3 vce-separator-with-title--line-right\"><\/div><\/div><\/div><div class=\"vce vce-separator-with-icon-container vce-separator-with-icon--align-center\" id=\"el-546e873e\" data-vce-do-apply=\"margin el-546e873e\"><div class=\"vce-separator-with-icon vce-separator-with-icon--color-bfc0c1 vce-separator-with-icon--width-60\" data-vce-do-apply=\"border padding background  el-546e873e\"><div class=\"vce-separator-with-icon--line vce-separator-with-icon--line--style-solid vce-separator-with-icon-line--thickness-1 vce-separator-with-icon--line-left\"><\/div><div class=\"vce-separator-with-icon--icon vce-icon vce-separator-with-icon--icon--style-shape-none vce-separator-with-icon--icon--style-size-medium vce-separator-with-icon--icon--style-color-ff2b3c vce-separator-with-icon--icon--style-shape-color-3cb878\"><svg xmlns=\"https:\/\/www.w3.org\/2000\/svg\" viewBox=\"0 0 769 769\"><path stroke-width=\"40\" d=\"M565.755 696.27h-360l-180-311.77 180-311.77h360l180 311.77z\"><\/path><\/svg><span class=\"vce-icon-container vcv-ui-icon-material vcv-ui-icon-material-room\"><\/span><\/div><div class=\"vce-separator-with-icon--line vce-separator-with-icon--line--style-solid vce-separator-with-icon-line--thickness-1 vce-separator-with-icon--line-right\"><\/div><\/div><\/div><\/div><\/div><\/div><\/div><\/div><div class=\"vce-row-container\"><div class=\"vce-row vce-row--col-gap-30 vce-row-columns--top vce-row-content--top\" id=\"el-8acbc2a8\" data-vce-do-apply=\"all el-8acbc2a8\"><div class=\"vce-row-content\" data-vce-element-content=\"true\"><div class=\"vce-col vce-col--md-100p vce-col--xs-1 vce-col--xs-last vce-col--xs-first vce-col--sm-last vce-col--sm-first vce-col--md-last vce-col--lg-last vce-col--xl-last vce-col--md-first vce-col--lg-first vce-col--xl-first\" id=\"el-1123fcb6\" data-vce-do-apply=\"background border el-1123fcb6\"><div class=\"vce-col-inner\" data-vce-element-content=\"true\" data-vce-do-apply=\"padding margin  el-1123fcb6\"><div class=\"vce-text-block\"><div class=\"vce-text-block-wrapper vce\" id=\"el-77de125f\" data-vce-do-apply=\"all el-77de125f\"><h3 style=\"text-align: center;\">Lisainfo ja broneerimine: <a href=\"mailto:info@jaaaeg.ee\">info@jaaaeg.ee<\/a> v\u00f5i 5911 3318<\/h3><\/div><\/div><\/div><\/div><\/div><\/div><\/div><div class=\"vce-row-container\"><div class=\"vce-row vce-row--col-gap-30 vce-row-columns--top vce-row-content--top\" id=\"el-f48af9fc\" data-vce-do-apply=\"all el-f48af9fc\"><div class=\"vce-row-content\" data-vce-element-content=\"true\"><div class=\"vce-col vce-col--md-100p vce-col--xs-1 vce-col--xs-last vce-col--xs-first vce-col--sm-last vce-col--sm-first vce-col--md-last vce-col--lg-last vce-col--xl-last vce-col--md-first vce-col--lg-first vce-col--xl-first\" id=\"el-c2c5dd86\" data-vce-do-apply=\"background border el-c2c5dd86\"><div class=\"vce-col-inner\" data-vce-element-content=\"true\" data-vce-do-apply=\"padding margin  el-c2c5dd86\"><\/div><\/div><\/div><\/div><\/div>\n","protected":false},"excerpt":{"rendered":"NB! J\u00e4\u00e4aja J\u00f5ulud on 15. ja 16. detsember broneeritud!P\u00e4kapikkude t\u00f6\u00f6toadKell 11.00 ja 13.00 toimuvad terves&nbsp;keskuses&nbsp;vahvad p\u00e4kapikkude t\u00f6\u00f6toad, kus huvilised&nbsp;saavad koos abilistega meisterdada j\u00f5ulukinke, kaarte ja palju muud.Etendus AJAMASINKell 12.00 ja 14.00 toimub keskuse uues konverentsisaalis m\u00f5nus ja \u00fcllatusi t\u00e4is kogupere j\u00f5uluetendus &#8220;AJAMASIN&#8221;.Etendust &#8220;Ajamasin&#8221; n\u00e4eb t\u00f6\u00f6p\u00e4evadel (10.-21. detsembril 2018) Vudila J\u00f5ulumaal: www.vudila.eeK\u00fclas j\u00f5uluvana ja teised J\u00e4\u00e4aja&#8230; <a class=\"view-article\" href=\"https:\/\/jaaaeg.ee\/lv\/jaaaja-joulud\/\">Las\u012bt vair\u0101k<\/a>","protected":false},"author":3,"featured_media":16760,"parent":0,"menu_order":271,"comment_status":"closed","ping_status":"closed","template":"","meta":{"_acf_changed":false,"ngg_post_thumbnail":0,"footnotes":""},"class_list":["post-16726","page","type-page","status-publish","has-post-thumbnail","hentry"],"acf":[],"yoast_head":"<!-- This site is optimized with the Yoast SEO plugin v27.4 - https:\/\/yoast.com\/product\/yoast-seo-wordpress\/ -->\n<title>J\u00e4\u00e4aja J\u00f5ulud - J\u00e4\u00e4aja Keskuse j\u00f5uluprogramm 2018<\/title>\n<meta name=\"description\" content=\"P\u00e4eva jagu p\u00f5nevaid j\u00f5ulutegevusi J\u00e4\u00e4aja Keskuses! Detsembris 2018 ja jaanuaris 2019. Vahvad t\u00f6\u00f6toad ja kogupere j\u00f5uluetenduses.\" \/>\n<meta name=\"robots\" content=\"index, follow, max-snippet:-1, max-image-preview:large, max-video-preview:-1\" \/>\n<link rel=\"canonical\" href=\"https:\/\/jaaaeg.ee\/jaaaja-joulud\/\" \/>\n<meta property=\"og:locale\" content=\"lv_LV\" \/>\n<meta property=\"og:type\" content=\"article\" \/>\n<meta property=\"og:title\" content=\"J\u00e4\u00e4aja J\u00f5ulud - J\u00e4\u00e4aja Keskuse j\u00f5uluprogramm 2018\" \/>\n<meta property=\"og:description\" content=\"P\u00e4eva jagu p\u00f5nevaid j\u00f5ulutegevusi J\u00e4\u00e4aja Keskuses! Detsembris 2018 ja jaanuaris 2019. Vahvad t\u00f6\u00f6toad ja kogupere j\u00f5uluetenduses.\" \/>\n<meta property=\"og:url\" content=\"https:\/\/jaaaeg.ee\/jaaaja-joulud\/\" \/>\n<meta property=\"og:site_name\" content=\"J\u00e4\u00e4aja Keskus\" \/>\n<meta property=\"article:publisher\" content=\"https:\/\/www.facebook.com\/JaaajaKeskus\/\" \/>\n<meta property=\"article:modified_time\" content=\"2018-12-03T12:33:44+00:00\" \/>\n<meta property=\"og:image\" content=\"https:\/\/jaaaeg.ee\/wp-content\/uploads\/2018\/10\/kivil-pikutav-mammut-e1540815549448.jpg\" \/>\n\t<meta property=\"og:image:width\" content=\"533\" \/>\n\t<meta property=\"og:image:height\" content=\"400\" \/>\n\t<meta property=\"og:image:type\" content=\"image\/jpeg\" \/>\n<meta name=\"twitter:card\" content=\"summary_large_image\" \/>\n<meta name=\"twitter:label1\" content=\"Est. reading time\" \/>\n\t<meta name=\"twitter:data1\" content=\"1 minute\" \/>\n<script type=\"application\/ld+json\" class=\"yoast-schema-graph\">{\"@context\":\"https:\\\/\\\/schema.org\",\"@graph\":[{\"@type\":\"WebPage\",\"@id\":\"https:\\\/\\\/jaaaeg.ee\\\/jaaaja-joulud\\\/\",\"url\":\"https:\\\/\\\/jaaaeg.ee\\\/jaaaja-joulud\\\/\",\"name\":\"J\u00e4\u00e4aja J\u00f5ulud - J\u00e4\u00e4aja Keskuse j\u00f5uluprogramm 2018\",\"isPartOf\":{\"@id\":\"https:\\\/\\\/jaaaeg.ee\\\/ru\\\/#website\"},\"primaryImageOfPage\":{\"@id\":\"https:\\\/\\\/jaaaeg.ee\\\/jaaaja-joulud\\\/#primaryimage\"},\"image\":{\"@id\":\"https:\\\/\\\/jaaaeg.ee\\\/jaaaja-joulud\\\/#primaryimage\"},\"thumbnailUrl\":\"https:\\\/\\\/jaaaeg.ee\\\/wp-content\\\/uploads\\\/2018\\\/10\\\/kivil-pikutav-mammut-e1540815549448.jpg\",\"datePublished\":\"2018-10-24T07:06:56+00:00\",\"dateModified\":\"2018-12-03T12:33:44+00:00\",\"description\":\"P\u00e4eva jagu p\u00f5nevaid j\u00f5ulutegevusi J\u00e4\u00e4aja Keskuses! Detsembris 2018 ja jaanuaris 2019. Vahvad t\u00f6\u00f6toad ja kogupere j\u00f5uluetenduses.\",\"breadcrumb\":{\"@id\":\"https:\\\/\\\/jaaaeg.ee\\\/jaaaja-joulud\\\/#breadcrumb\"},\"inLanguage\":\"lv-LV\",\"potentialAction\":[{\"@type\":\"ReadAction\",\"target\":[\"https:\\\/\\\/jaaaeg.ee\\\/jaaaja-joulud\\\/\"]}]},{\"@type\":\"ImageObject\",\"inLanguage\":\"lv-LV\",\"@id\":\"https:\\\/\\\/jaaaeg.ee\\\/jaaaja-joulud\\\/#primaryimage\",\"url\":\"https:\\\/\\\/jaaaeg.ee\\\/wp-content\\\/uploads\\\/2018\\\/10\\\/kivil-pikutav-mammut-e1540815549448.jpg\",\"contentUrl\":\"https:\\\/\\\/jaaaeg.ee\\\/wp-content\\\/uploads\\\/2018\\\/10\\\/kivil-pikutav-mammut-e1540815549448.jpg\",\"width\":533,\"height\":400,\"caption\":\"kivil pikutav mammut scaled\"},{\"@type\":\"BreadcrumbList\",\"@id\":\"https:\\\/\\\/jaaaeg.ee\\\/jaaaja-joulud\\\/#breadcrumb\",\"itemListElement\":[{\"@type\":\"ListItem\",\"position\":1,\"name\":\"Home\",\"item\":\"https:\\\/\\\/jaaaeg.ee\\\/lv\\\/\"},{\"@type\":\"ListItem\",\"position\":2,\"name\":\"J\u00e4\u00e4aja J\u00f5ulud\"}]},{\"@type\":\"WebSite\",\"@id\":\"https:\\\/\\\/jaaaeg.ee\\\/ru\\\/#website\",\"url\":\"https:\\\/\\\/jaaaeg.ee\\\/ru\\\/\",\"name\":\"J\u00e4\u00e4aja Keskus\",\"description\":\"avastamisr\u00f5\u00f5m igas vanuses k\u00fclastajatele\",\"potentialAction\":[{\"@type\":\"SearchAction\",\"target\":{\"@type\":\"EntryPoint\",\"urlTemplate\":\"https:\\\/\\\/jaaaeg.ee\\\/ru\\\/?s={search_term_string}\"},\"query-input\":{\"@type\":\"PropertyValueSpecification\",\"valueRequired\":true,\"valueName\":\"search_term_string\"}}],\"inLanguage\":\"lv-LV\"}]}<\/script>\n<!-- \/ Yoast SEO plugin. -->","yoast_head_json":{"title":"J\u00e4\u00e4aja J\u00f5ulud - J\u00e4\u00e4aja Keskuse j\u00f5uluprogramm 2018","description":"P\u00e4eva jagu p\u00f5nevaid j\u00f5ulutegevusi J\u00e4\u00e4aja Keskuses! Detsembris 2018 ja jaanuaris 2019. Vahvad t\u00f6\u00f6toad ja kogupere j\u00f5uluetenduses.","robots":{"index":"index","follow":"follow","max-snippet":"max-snippet:-1","max-image-preview":"max-image-preview:large","max-video-preview":"max-video-preview:-1"},"canonical":"https:\/\/jaaaeg.ee\/jaaaja-joulud\/","og_locale":"lv_LV","og_type":"article","og_title":"J\u00e4\u00e4aja J\u00f5ulud - J\u00e4\u00e4aja Keskuse j\u00f5uluprogramm 2018","og_description":"P\u00e4eva jagu p\u00f5nevaid j\u00f5ulutegevusi J\u00e4\u00e4aja Keskuses! Detsembris 2018 ja jaanuaris 2019. Vahvad t\u00f6\u00f6toad ja kogupere j\u00f5uluetenduses.","og_url":"https:\/\/jaaaeg.ee\/jaaaja-joulud\/","og_site_name":"J\u00e4\u00e4aja Keskus","article_publisher":"https:\/\/www.facebook.com\/JaaajaKeskus\/","article_modified_time":"2018-12-03T12:33:44+00:00","og_image":[{"width":533,"height":400,"url":"https:\/\/jaaaeg.ee\/wp-content\/uploads\/2018\/10\/kivil-pikutav-mammut-e1540815549448.jpg","type":"image\/jpeg"}],"twitter_card":"summary_large_image","twitter_misc":{"Est. reading time":"1 minute"},"schema":{"@context":"https:\/\/schema.org","@graph":[{"@type":"WebPage","@id":"https:\/\/jaaaeg.ee\/jaaaja-joulud\/","url":"https:\/\/jaaaeg.ee\/jaaaja-joulud\/","name":"J\u00e4\u00e4aja J\u00f5ulud - J\u00e4\u00e4aja Keskuse j\u00f5uluprogramm 2018","isPartOf":{"@id":"https:\/\/jaaaeg.ee\/ru\/#website"},"primaryImageOfPage":{"@id":"https:\/\/jaaaeg.ee\/jaaaja-joulud\/#primaryimage"},"image":{"@id":"https:\/\/jaaaeg.ee\/jaaaja-joulud\/#primaryimage"},"thumbnailUrl":"https:\/\/jaaaeg.ee\/wp-content\/uploads\/2018\/10\/kivil-pikutav-mammut-e1540815549448.jpg","datePublished":"2018-10-24T07:06:56+00:00","dateModified":"2018-12-03T12:33:44+00:00","description":"P\u00e4eva jagu p\u00f5nevaid j\u00f5ulutegevusi J\u00e4\u00e4aja Keskuses! Detsembris 2018 ja jaanuaris 2019. Vahvad t\u00f6\u00f6toad ja kogupere j\u00f5uluetenduses.","breadcrumb":{"@id":"https:\/\/jaaaeg.ee\/jaaaja-joulud\/#breadcrumb"},"inLanguage":"lv-LV","potentialAction":[{"@type":"ReadAction","target":["https:\/\/jaaaeg.ee\/jaaaja-joulud\/"]}]},{"@type":"ImageObject","inLanguage":"lv-LV","@id":"https:\/\/jaaaeg.ee\/jaaaja-joulud\/#primaryimage","url":"https:\/\/jaaaeg.ee\/wp-content\/uploads\/2018\/10\/kivil-pikutav-mammut-e1540815549448.jpg","contentUrl":"https:\/\/jaaaeg.ee\/wp-content\/uploads\/2018\/10\/kivil-pikutav-mammut-e1540815549448.jpg","width":533,"height":400,"caption":"kivil pikutav mammut scaled"},{"@type":"BreadcrumbList","@id":"https:\/\/jaaaeg.ee\/jaaaja-joulud\/#breadcrumb","itemListElement":[{"@type":"ListItem","position":1,"name":"Home","item":"https:\/\/jaaaeg.ee\/lv\/"},{"@type":"ListItem","position":2,"name":"J\u00e4\u00e4aja J\u00f5ulud"}]},{"@type":"WebSite","@id":"https:\/\/jaaaeg.ee\/ru\/#website","url":"https:\/\/jaaaeg.ee\/ru\/","name":"J\u00e4\u00e4aja Keskus","description":"avastamisr\u00f5\u00f5m igas vanuses k\u00fclastajatele","potentialAction":[{"@type":"SearchAction","target":{"@type":"EntryPoint","urlTemplate":"https:\/\/jaaaeg.ee\/ru\/?s={search_term_string}"},"query-input":{"@type":"PropertyValueSpecification","valueRequired":true,"valueName":"search_term_string"}}],"inLanguage":"lv-LV"}]}},"_links":{"self":[{"href":"https:\/\/jaaaeg.ee\/lv\/wp-json\/wp\/v2\/pages\/16726","targetHints":{"allow":["GET"]}}],"collection":[{"href":"https:\/\/jaaaeg.ee\/lv\/wp-json\/wp\/v2\/pages"}],"about":[{"href":"https:\/\/jaaaeg.ee\/lv\/wp-json\/wp\/v2\/types\/page"}],"author":[{"embeddable":true,"href":"https:\/\/jaaaeg.ee\/lv\/wp-json\/wp\/v2\/users\/3"}],"replies":[{"embeddable":true,"href":"https:\/\/jaaaeg.ee\/lv\/wp-json\/wp\/v2\/comments?post=16726"}],"version-history":[{"count":9,"href":"https:\/\/jaaaeg.ee\/lv\/wp-json\/wp\/v2\/pages\/16726\/revisions"}],"predecessor-version":[{"id":17112,"href":"https:\/\/jaaaeg.ee\/lv\/wp-json\/wp\/v2\/pages\/16726\/revisions\/17112"}],"wp:featuredmedia":[{"embeddable":true,"href":"https:\/\/jaaaeg.ee\/lv\/wp-json\/wp\/v2\/media\/16760"}],"wp:attachment":[{"href":"https:\/\/jaaaeg.ee\/lv\/wp-json\/wp\/v2\/media?parent=16726"}],"curies":[{"name":"wp","href":"https:\/\/api.w.org\/{rel}","templated":true}]}}