{"id":16473,"date":"2018-10-10T10:42:38","date_gmt":"2018-10-10T07:42:38","guid":{"rendered":"http:\/\/jaaaeg.ee\/?page_id=16473"},"modified":"2018-10-23T13:21:09","modified_gmt":"2018-10-23T10:21:09","slug":"tiigripaev","status":"publish","type":"page","link":"https:\/\/jaaaeg.ee\/lv\/et\/tiigripaev\/","title":{"rendered":"Heategevuslik Tiigrip\u00e4ev"},"content":{"rendered":"<div class=\"vce-row-container\"><div class=\"vce-row vce-row--col-gap-30 vce-row-columns--top vce-row-content--top\" id=\"el-a29e4243\" data-vce-do-apply=\"all el-a29e4243\"><div class=\"vce-row-content\" data-vce-element-content=\"true\"><div class=\"vce-col vce-col--md-auto vce-col--xs-1 vce-col--xs-last vce-col--xs-first vce-col--sm-last vce-col--sm-first vce-col--md-last vce-col--lg-last vce-col--xl-last vce-col--md-first vce-col--lg-first vce-col--xl-first\" id=\"el-5a492352\" data-vce-do-apply=\"background border el-5a492352\"><div class=\"vce-col-inner\" data-vce-element-content=\"true\" data-vce-do-apply=\"padding margin  el-5a492352\"><div class=\"vce-text-block\"><div class=\"vce-text-block-wrapper vce\" id=\"el-ca8a2b6b\" data-vce-do-apply=\"all el-ca8a2b6b\"><p data-fontsize=\"21\" data-lineheight=\"27\">Laup\u00e4eval, 27. oktoobril 2018<\/p><p data-fontsize=\"21\" data-lineheight=\"27\">kell 11.00-18.00<\/p><h2 class=\"title-heading-center\" data-fontsize=\"18\" data-lineheight=\"24\">AJAKAVA<\/h2><\/div><\/div><div class=\"vce-faq-toggle vce-faq-toggle-color--fff vce-faq-toggle-shape-color--1D64C5 vce-faq-toggle-shape--rounded\"><div class=\"vce-faq-toggle-wrapper vce\" id=\"el-310f3655\" data-vce-do-apply=\"margin padding border background  el-310f3655\"><div class=\"vce-faq-toggle-inner\"><div class=\"vce-faq-toggle-title\"><h3 class=\"vce-faq-toggle-title-text\"><i class=\"vce-faq-toggle-icon\"><\/i>Kell 12.00 Tiigrip\u00e4eva avamine<\/h3><\/div><div class=\"vce-faq-toggle-text-block\"><p>Heategevusliku Tiigrip\u00e4eva avavad p\u00e4evajuht-tiiger, J\u00e4\u00e4aja Keskuse mammut, Tallinna Loomaaia esindaja, J\u00e4\u00e4aja Keskuse esindaja ning Tiigrioru projekti eestvedaja Veronika Padar.<\/p><\/div><\/div><\/div><\/div><div class=\"vce-faq-toggle vce-faq-toggle-color--fff vce-faq-toggle-shape-color--1D64C5 vce-faq-toggle-shape--rounded\"><div class=\"vce-faq-toggle-wrapper vce\" id=\"el-338bea64\" data-vce-do-apply=\"margin padding border background  el-338bea64\"><div class=\"vce-faq-toggle-inner\"><div class=\"vce-faq-toggle-title\"><h3 class=\"vce-faq-toggle-title-text\"><i class=\"vce-faq-toggle-icon\"><\/i>Kell 12.30 ja 14.30 Mati Kaal<\/h3><\/div><div class=\"vce-faq-toggle-text-block\"><p>Tallinna Loomaaia endine direktor r\u00e4\u00e4gib vahvaid lugusid loomaaia tiigritest ning tutvustab tiigrite elu loomaaias.<\/p><\/div><\/div><\/div><\/div><div class=\"vce-faq-toggle vce-faq-toggle-color--fff vce-faq-toggle-shape-color--1D64C5 vce-faq-toggle-shape--rounded\"><div class=\"vce-faq-toggle-wrapper vce\" id=\"el-91cd4fe1\" data-vce-do-apply=\"margin padding border background  el-91cd4fe1\"><div class=\"vce-faq-toggle-inner\"><div class=\"vce-faq-toggle-title\"><h3 class=\"vce-faq-toggle-title-text\"><i class=\"vce-faq-toggle-icon\"><\/i>Kell 13.00 ja 15.00 Aleksei Turovski<\/h3><\/div><div class=\"vce-faq-toggle-text-block\"><p>Zooloog Aleksei Turovski&nbsp;r\u00e4\u00e4gib p\u00f5hjalikult tiigrite v\u00e4limusest ja k\u00e4itumisest. Igal tiigril on individuaalne muster \u2014 miks on \u00f5ige \u00f6elda, et tiigril on v\u00f6\u00f6did, mitte triibud? Kuidas vanemad kasvatavad kutsikaid? Mil moel j\u00e4litab tiiger saaklooma?<\/p><\/div><\/div><\/div><\/div><div class=\"vce-faq-toggle vce-faq-toggle-color--fff vce-faq-toggle-shape-color--1D64C5 vce-faq-toggle-shape--rounded\"><div class=\"vce-faq-toggle-wrapper vce\" id=\"el-702a2376\" data-vce-do-apply=\"margin padding border background  el-702a2376\"><div class=\"vce-faq-toggle-inner\"><div class=\"vce-faq-toggle-title\"><h3 class=\"vce-faq-toggle-title-text\"><i class=\"vce-faq-toggle-icon\"><\/i>Kell 13.30 Tiigrim\u00e4ng<\/h3><\/div><div class=\"vce-faq-toggle-text-block\"><p>Vahva hariv tiigrim\u00e4ng Tallinna Loomaaia eestvedamisel.<\/p><p>Parimatele auhinnaks raamat \u201cKassiparadiis\u201d<\/p><\/div><\/div><\/div><\/div><div class=\"vce-faq-toggle vce-faq-toggle-color--fff vce-faq-toggle-shape-color--1D64C5 vce-faq-toggle-shape--rounded\"><div class=\"vce-faq-toggle-wrapper vce\" id=\"el-80d7cb7e\" data-vce-do-apply=\"margin padding border background  el-80d7cb7e\"><div class=\"vce-faq-toggle-inner\"><div class=\"vce-faq-toggle-title\"><h3 class=\"vce-faq-toggle-title-text\"><i class=\"vce-faq-toggle-icon\"><\/i>Kell 16.00 Kiskjate giidituur J\u00e4\u00e4aja Keskuses<\/h3><\/div><div class=\"vce-faq-toggle-text-block\"><p>J\u00e4\u00e4aja Keskuse giidid tutvustavad l\u00e4hemalt keskuses elavaid kiskjaid ja kaslasi. Eriti p\u00f5hjalikult r\u00e4\u00e4gitakse t\u00e4naseks v\u00e4ljasurnud koopal\u00f5vist.<\/p><\/div><\/div><\/div><\/div><div class=\"vce-faq-toggle vce-faq-toggle-color--fff vce-faq-toggle-shape-color--1D64C5 vce-faq-toggle-shape--rounded\"><div class=\"vce-faq-toggle-wrapper vce\" id=\"el-2e3c4236\" data-vce-do-apply=\"margin padding border background  el-2e3c4236\"><div class=\"vce-faq-toggle-inner\"><div class=\"vce-faq-toggle-title\"><h3 class=\"vce-faq-toggle-title-text\"><i class=\"vce-faq-toggle-icon\"><\/i>Kell 16.45 Tiigriluuletuse v\u00f5istluse parimad palad<\/h3><\/div><div class=\"vce-faq-toggle-text-block\"><p>Tiigrioru projekti eestvedaja Veronika Padar tutvustab kooli\u00f5pilaste tiigriluuletuse v\u00f5istluse v\u00f5idut\u00f6id.<\/p><\/div><\/div><\/div><\/div><div class=\"vce-faq-toggle vce-faq-toggle-color--fff vce-faq-toggle-shape-color--1D64C5 vce-faq-toggle-shape--rounded\"><div class=\"vce-faq-toggle-wrapper vce\" id=\"el-49202c94\" data-vce-do-apply=\"margin padding border background  el-49202c94\"><div class=\"vce-faq-toggle-inner\"><div class=\"vce-faq-toggle-title\"><h3 class=\"vce-faq-toggle-title-text\"><i class=\"vce-faq-toggle-icon\"><\/i>Kell 17.00 Alen Veziko kontsert<\/h3><\/div><div class=\"vce-faq-toggle-text-block\"><p style=\"text-align: left;\">Tiigrite suur austaja Alen Veziko l\u00f5petab Tiigrip\u00e4eva m\u00f5nusa kontserdiga.<\/p><p><img loading=\"lazy\" decoding=\"async\" width=\"300\" height=\"454\" class=\"size-medium wp-image-16695 alignright\" src=\"https:\/\/jaaaeg.ee\/wp-content\/uploads\/2018\/10\/2-alen-veziko-merili-reinpalu-300x454.jpg\" alt=\"\" srcset=\"https:\/\/jaaaeg.ee\/wp-content\/uploads\/2018\/10\/2-alen-veziko-merili-reinpalu-300x454.jpg 300w, https:\/\/jaaaeg.ee\/wp-content\/uploads\/2018\/10\/2-alen-veziko-merili-reinpalu-120x182.jpg 120w, https:\/\/jaaaeg.ee\/wp-content\/uploads\/2018\/10\/2-alen-veziko-merili-reinpalu.jpg 474w\" sizes=\"auto, (max-width: 300px) 100vw, 300px\" \/><\/p><p>&nbsp;<\/p><\/div><\/div><\/div><\/div><\/div><\/div><\/div><\/div><\/div><div class=\"vce-row-container\"><div class=\"vce-row vce-row--col-gap-30 vce-row-columns--top vce-row-content--top\" id=\"el-2ff3b207\" data-vce-do-apply=\"all el-2ff3b207\"><div class=\"vce-row-content\" data-vce-element-content=\"true\"><div class=\"vce-col vce-col--md-auto vce-col--xs-1 vce-col--xs-last vce-col--xs-first vce-col--sm-last vce-col--sm-first vce-col--md-last vce-col--lg-last vce-col--xl-last vce-col--md-first vce-col--lg-first vce-col--xl-first\" id=\"el-bd2455f2\" data-vce-do-apply=\"background border el-bd2455f2\"><div class=\"vce-col-inner\" data-vce-element-content=\"true\" data-vce-do-apply=\"padding margin  el-bd2455f2\"><div class=\"vce-text-block\"><div class=\"vce-text-block-wrapper vce\" id=\"el-39e6fa34\" data-vce-do-apply=\"all el-39e6fa34\"><h2 class=\"title-heading-center\" data-fontsize=\"18\" data-lineheight=\"24\">TERVE P\u00c4EV<\/h2><\/div><\/div><div class=\"vce-faq-toggle vce-faq-toggle-color--fff vce-faq-toggle-shape-color--1D64C5 vce-faq-toggle-shape--rounded\"><div class=\"vce-faq-toggle-wrapper vce\" id=\"el-fd5b12dc\" data-vce-do-apply=\"margin padding border background  el-fd5b12dc\"><div class=\"vce-faq-toggle-inner\"><div class=\"vce-faq-toggle-title\"><h3 class=\"vce-faq-toggle-title-text\"><i class=\"vce-faq-toggle-icon\"><\/i>N\u00e4omaalingud, meisterdamine, joonistamine, v\u00e4rvimine<\/h3><\/div><div class=\"vce-faq-toggle-text-block\"><p>Tiigrip\u00e4eva pisikesi k\u00fclalisi ootavad vahvad tiigri n\u00e4omaalingud, tiigriteemalised meisterdused, joonistamine ja v\u00e4rvimine.<\/p><\/div><\/div><\/div><\/div><div class=\"vce-faq-toggle vce-faq-toggle-color--fff vce-faq-toggle-shape-color--1D64C5 vce-faq-toggle-shape--rounded\"><div class=\"vce-faq-toggle-wrapper vce\" id=\"el-e9296c6f\" data-vce-do-apply=\"margin padding border background  el-e9296c6f\"><div class=\"vce-faq-toggle-inner\"><div class=\"vce-faq-toggle-title\"><h3 class=\"vce-faq-toggle-title-text\"><i class=\"vce-faq-toggle-icon\"><\/i>Tiigri voolimise t\u00f6\u00f6tuba<\/h3><\/div><div class=\"vce-faq-toggle-text-block\"><p>Vahva t\u00f6\u00f6tuba, kus huvilised saavad&nbsp;Vunder-Skizze Stuudio kunstniku k\u00e4e all voolida tiigrit.<\/p><\/div><\/div><\/div><\/div><div class=\"vce-faq-toggle vce-faq-toggle-color--fff vce-faq-toggle-shape-color--1D64C5 vce-faq-toggle-shape--rounded\"><div class=\"vce-faq-toggle-wrapper vce\" id=\"el-90dec9ff\" data-vce-do-apply=\"margin padding border background  el-90dec9ff\"><div class=\"vce-faq-toggle-inner\"><div class=\"vce-faq-toggle-title\"><h3 class=\"vce-faq-toggle-title-text\"><i class=\"vce-faq-toggle-icon\"><\/i>Kaslaste film<\/h3><\/div><div class=\"vce-faq-toggle-text-block\"><p>Kinosaalis on terve p\u00e4eva jooksul v\u00f5imalik vaadata p\u00f5nevat filmi kaslaste elust.<\/p><\/div><\/div><\/div><\/div><div class=\"vce-faq-toggle vce-faq-toggle-color--fff vce-faq-toggle-shape-color--1D64C5 vce-faq-toggle-shape--rounded\"><div class=\"vce-faq-toggle-wrapper vce\" id=\"el-78b8ff6c\" data-vce-do-apply=\"margin padding border background  el-78b8ff6c\"><div class=\"vce-faq-toggle-inner\"><div class=\"vce-faq-toggle-title\"><h3 class=\"vce-faq-toggle-title-text\"><i class=\"vce-faq-toggle-icon\"><\/i>Tiigritoidud<\/h3><\/div><div class=\"vce-faq-toggle-text-block\"><p>J\u00e4\u00e4karu kohviku men\u00fc\u00fcs on sel p\u00e4eval p\u00f5nevad tiigriteemalised toidud igas vanuses k\u00fclastajatele<\/p><\/div><\/div><\/div><\/div><div class=\"vce-faq-toggle vce-faq-toggle-color--fff vce-faq-toggle-shape-color--1D64C5 vce-faq-toggle-shape--rounded\"><div class=\"vce-faq-toggle-wrapper vce\" id=\"el-970615d6\" data-vce-do-apply=\"margin padding border background  el-970615d6\"><div class=\"vce-faq-toggle-inner\"><div class=\"vce-faq-toggle-title\"><h3 class=\"vce-faq-toggle-title-text\"><i class=\"vce-faq-toggle-icon\"><\/i>Tiigri pildid<\/h3><\/div><div class=\"vce-faq-toggle-text-block\"><p>II korruse fotoboksis saab j\u00e4\u00e4dvustada end koos tiigriga.<\/p><\/div><\/div><\/div><\/div><\/div><\/div><\/div><\/div><\/div>\n","protected":false},"excerpt":{"rendered":"Laup\u00e4eval, 27. oktoobril 2018kell 11.00-18.00AJAKAVAKell 12.00 Tiigrip\u00e4eva avamineHeategevusliku Tiigrip\u00e4eva avavad p\u00e4evajuht-tiiger, J\u00e4\u00e4aja Keskuse mammut, Tallinna Loomaaia esindaja, J\u00e4\u00e4aja Keskuse esindaja ning Tiigrioru projekti eestvedaja Veronika Padar.Kell 12.30 ja 14.30 Mati KaalTallinna Loomaaia endine direktor r\u00e4\u00e4gib vahvaid lugusid loomaaia tiigritest ning tutvustab tiigrite elu loomaaias.Kell 13.00 ja 15.00 Aleksei TurovskiZooloog Aleksei Turovski&nbsp;r\u00e4\u00e4gib p\u00f5hjalikult tiigrite v\u00e4limusest ja&#8230; <a class=\"view-article\" href=\"https:\/\/jaaaeg.ee\/lv\/et\/tiigripaev\/\">Las\u012bt vair\u0101k<\/a>","protected":false},"author":1,"featured_media":16477,"parent":16587,"menu_order":273,"comment_status":"closed","ping_status":"closed","template":"","meta":{"_acf_changed":false,"ngg_post_thumbnail":0,"footnotes":""},"class_list":["post-16473","page","type-page","status-publish","has-post-thumbnail","hentry"],"acf":[],"yoast_head":"<!-- This site is optimized with the Yoast SEO plugin v27.5 - https:\/\/yoast.com\/product\/yoast-seo-wordpress\/ -->\n<title>Heategevuslik Tiigrip\u00e4ev - J\u00e4\u00e4aja Keskus<\/title>\n<meta name=\"robots\" content=\"index, follow, max-snippet:-1, max-image-preview:large, max-video-preview:-1\" \/>\n<link rel=\"canonical\" href=\"https:\/\/jaaaeg.ee\/en\/et\/tiigripaev\/\" \/>\n<meta property=\"og:locale\" content=\"lv_LV\" \/>\n<meta property=\"og:type\" content=\"article\" \/>\n<meta property=\"og:title\" content=\"Heategevuslik Tiigrip\u00e4ev - J\u00e4\u00e4aja Keskus\" \/>\n<meta property=\"og:description\" content=\"Laup\u00e4eval, 27. oktoobril 2018kell 11.00-18.00AJAKAVAKell 12.00 Tiigrip\u00e4eva avamineHeategevusliku Tiigrip\u00e4eva avavad p\u00e4evajuht-tiiger, J\u00e4\u00e4aja Keskuse mammut, Tallinna Loomaaia esindaja, J\u00e4\u00e4aja Keskuse esindaja ning Tiigrioru projekti eestvedaja Veronika Padar.Kell 12.30 ja 14.30 Mati KaalTallinna Loomaaia endine direktor r\u00e4\u00e4gib vahvaid lugusid loomaaia tiigritest ning tutvustab tiigrite elu loomaaias.Kell 13.00 ja 15.00 Aleksei TurovskiZooloog Aleksei Turovski&nbsp;r\u00e4\u00e4gib p\u00f5hjalikult tiigrite v\u00e4limusest ja... Las\u012bt vair\u0101k\" \/>\n<meta property=\"og:url\" content=\"https:\/\/jaaaeg.ee\/en\/et\/tiigripaev\/\" \/>\n<meta property=\"og:site_name\" content=\"J\u00e4\u00e4aja Keskus\" \/>\n<meta property=\"article:publisher\" content=\"https:\/\/www.facebook.com\/JaaajaKeskus\/\" \/>\n<meta property=\"article:modified_time\" content=\"2018-10-23T10:21:09+00:00\" \/>\n<meta property=\"og:image\" content=\"https:\/\/jaaaeg.ee\/wp-content\/uploads\/2018\/10\/Amuuri_tiiger_Pootsman_1_Merike_Valdlo.jpg\" \/>\n\t<meta property=\"og:image:width\" content=\"6000\" \/>\n\t<meta property=\"og:image:height\" content=\"4000\" \/>\n\t<meta property=\"og:image:type\" content=\"image\/jpeg\" \/>\n<meta name=\"twitter:card\" content=\"summary_large_image\" \/>\n<meta name=\"twitter:label1\" content=\"Est. reading time\" \/>\n\t<meta name=\"twitter:data1\" content=\"1 minute\" \/>\n<script type=\"application\/ld+json\" class=\"yoast-schema-graph\">{\"@context\":\"https:\\\/\\\/schema.org\",\"@graph\":[{\"@type\":\"WebPage\",\"@id\":\"https:\\\/\\\/jaaaeg.ee\\\/en\\\/et\\\/tiigripaev\\\/\",\"url\":\"https:\\\/\\\/jaaaeg.ee\\\/en\\\/et\\\/tiigripaev\\\/\",\"name\":\"Heategevuslik Tiigrip\u00e4ev - J\u00e4\u00e4aja Keskus\",\"isPartOf\":{\"@id\":\"https:\\\/\\\/jaaaeg.ee\\\/ru\\\/#website\"},\"primaryImageOfPage\":{\"@id\":\"https:\\\/\\\/jaaaeg.ee\\\/en\\\/et\\\/tiigripaev\\\/#primaryimage\"},\"image\":{\"@id\":\"https:\\\/\\\/jaaaeg.ee\\\/en\\\/et\\\/tiigripaev\\\/#primaryimage\"},\"thumbnailUrl\":\"https:\\\/\\\/jaaaeg.ee\\\/wp-content\\\/uploads\\\/2018\\\/10\\\/Amuuri_tiiger_Pootsman_1_Merike_Valdlo-scaled.jpg\",\"datePublished\":\"2018-10-10T07:42:38+00:00\",\"dateModified\":\"2018-10-23T10:21:09+00:00\",\"breadcrumb\":{\"@id\":\"https:\\\/\\\/jaaaeg.ee\\\/en\\\/et\\\/tiigripaev\\\/#breadcrumb\"},\"inLanguage\":\"lv-LV\",\"potentialAction\":[{\"@type\":\"ReadAction\",\"target\":[\"https:\\\/\\\/jaaaeg.ee\\\/en\\\/et\\\/tiigripaev\\\/\"]}]},{\"@type\":\"ImageObject\",\"inLanguage\":\"lv-LV\",\"@id\":\"https:\\\/\\\/jaaaeg.ee\\\/en\\\/et\\\/tiigripaev\\\/#primaryimage\",\"url\":\"https:\\\/\\\/jaaaeg.ee\\\/wp-content\\\/uploads\\\/2018\\\/10\\\/Amuuri_tiiger_Pootsman_1_Merike_Valdlo-scaled.jpg\",\"contentUrl\":\"https:\\\/\\\/jaaaeg.ee\\\/wp-content\\\/uploads\\\/2018\\\/10\\\/Amuuri_tiiger_Pootsman_1_Merike_Valdlo-scaled.jpg\",\"width\":2560,\"height\":1707,\"caption\":\"Amuuri tiiger Pootsman 1 Merike Valdlo scaled\"},{\"@type\":\"BreadcrumbList\",\"@id\":\"https:\\\/\\\/jaaaeg.ee\\\/en\\\/et\\\/tiigripaev\\\/#breadcrumb\",\"itemListElement\":[{\"@type\":\"ListItem\",\"position\":1,\"name\":\"Home\",\"item\":\"https:\\\/\\\/jaaaeg.ee\\\/lv\\\/\"},{\"@type\":\"ListItem\",\"position\":2,\"name\":\"et\",\"item\":\"https:\\\/\\\/jaaaeg.ee\\\/en\\\/et\\\/\"},{\"@type\":\"ListItem\",\"position\":3,\"name\":\"Heategevuslik Tiigrip\u00e4ev\"}]},{\"@type\":\"WebSite\",\"@id\":\"https:\\\/\\\/jaaaeg.ee\\\/ru\\\/#website\",\"url\":\"https:\\\/\\\/jaaaeg.ee\\\/ru\\\/\",\"name\":\"J\u00e4\u00e4aja Keskus\",\"description\":\"avastamisr\u00f5\u00f5m igas vanuses k\u00fclastajatele\",\"potentialAction\":[{\"@type\":\"SearchAction\",\"target\":{\"@type\":\"EntryPoint\",\"urlTemplate\":\"https:\\\/\\\/jaaaeg.ee\\\/ru\\\/?s={search_term_string}\"},\"query-input\":{\"@type\":\"PropertyValueSpecification\",\"valueRequired\":true,\"valueName\":\"search_term_string\"}}],\"inLanguage\":\"lv-LV\"}]}<\/script>\n<!-- \/ Yoast SEO plugin. -->","yoast_head_json":{"title":"Heategevuslik Tiigrip\u00e4ev - J\u00e4\u00e4aja Keskus","robots":{"index":"index","follow":"follow","max-snippet":"max-snippet:-1","max-image-preview":"max-image-preview:large","max-video-preview":"max-video-preview:-1"},"canonical":"https:\/\/jaaaeg.ee\/en\/et\/tiigripaev\/","og_locale":"lv_LV","og_type":"article","og_title":"Heategevuslik Tiigrip\u00e4ev - J\u00e4\u00e4aja Keskus","og_description":"Laup\u00e4eval, 27. oktoobril 2018kell 11.00-18.00AJAKAVAKell 12.00 Tiigrip\u00e4eva avamineHeategevusliku Tiigrip\u00e4eva avavad p\u00e4evajuht-tiiger, J\u00e4\u00e4aja Keskuse mammut, Tallinna Loomaaia esindaja, J\u00e4\u00e4aja Keskuse esindaja ning Tiigrioru projekti eestvedaja Veronika Padar.Kell 12.30 ja 14.30 Mati KaalTallinna Loomaaia endine direktor r\u00e4\u00e4gib vahvaid lugusid loomaaia tiigritest ning tutvustab tiigrite elu loomaaias.Kell 13.00 ja 15.00 Aleksei TurovskiZooloog Aleksei Turovski&nbsp;r\u00e4\u00e4gib p\u00f5hjalikult tiigrite v\u00e4limusest ja... Las\u012bt vair\u0101k","og_url":"https:\/\/jaaaeg.ee\/en\/et\/tiigripaev\/","og_site_name":"J\u00e4\u00e4aja Keskus","article_publisher":"https:\/\/www.facebook.com\/JaaajaKeskus\/","article_modified_time":"2018-10-23T10:21:09+00:00","og_image":[{"width":6000,"height":4000,"url":"https:\/\/jaaaeg.ee\/wp-content\/uploads\/2018\/10\/Amuuri_tiiger_Pootsman_1_Merike_Valdlo.jpg","type":"image\/jpeg"}],"twitter_card":"summary_large_image","twitter_misc":{"Est. reading time":"1 minute"},"schema":{"@context":"https:\/\/schema.org","@graph":[{"@type":"WebPage","@id":"https:\/\/jaaaeg.ee\/en\/et\/tiigripaev\/","url":"https:\/\/jaaaeg.ee\/en\/et\/tiigripaev\/","name":"Heategevuslik Tiigrip\u00e4ev - J\u00e4\u00e4aja Keskus","isPartOf":{"@id":"https:\/\/jaaaeg.ee\/ru\/#website"},"primaryImageOfPage":{"@id":"https:\/\/jaaaeg.ee\/en\/et\/tiigripaev\/#primaryimage"},"image":{"@id":"https:\/\/jaaaeg.ee\/en\/et\/tiigripaev\/#primaryimage"},"thumbnailUrl":"https:\/\/jaaaeg.ee\/wp-content\/uploads\/2018\/10\/Amuuri_tiiger_Pootsman_1_Merike_Valdlo-scaled.jpg","datePublished":"2018-10-10T07:42:38+00:00","dateModified":"2018-10-23T10:21:09+00:00","breadcrumb":{"@id":"https:\/\/jaaaeg.ee\/en\/et\/tiigripaev\/#breadcrumb"},"inLanguage":"lv-LV","potentialAction":[{"@type":"ReadAction","target":["https:\/\/jaaaeg.ee\/en\/et\/tiigripaev\/"]}]},{"@type":"ImageObject","inLanguage":"lv-LV","@id":"https:\/\/jaaaeg.ee\/en\/et\/tiigripaev\/#primaryimage","url":"https:\/\/jaaaeg.ee\/wp-content\/uploads\/2018\/10\/Amuuri_tiiger_Pootsman_1_Merike_Valdlo-scaled.jpg","contentUrl":"https:\/\/jaaaeg.ee\/wp-content\/uploads\/2018\/10\/Amuuri_tiiger_Pootsman_1_Merike_Valdlo-scaled.jpg","width":2560,"height":1707,"caption":"Amuuri tiiger Pootsman 1 Merike Valdlo scaled"},{"@type":"BreadcrumbList","@id":"https:\/\/jaaaeg.ee\/en\/et\/tiigripaev\/#breadcrumb","itemListElement":[{"@type":"ListItem","position":1,"name":"Home","item":"https:\/\/jaaaeg.ee\/lv\/"},{"@type":"ListItem","position":2,"name":"et","item":"https:\/\/jaaaeg.ee\/en\/et\/"},{"@type":"ListItem","position":3,"name":"Heategevuslik Tiigrip\u00e4ev"}]},{"@type":"WebSite","@id":"https:\/\/jaaaeg.ee\/ru\/#website","url":"https:\/\/jaaaeg.ee\/ru\/","name":"J\u00e4\u00e4aja Keskus","description":"avastamisr\u00f5\u00f5m igas vanuses k\u00fclastajatele","potentialAction":[{"@type":"SearchAction","target":{"@type":"EntryPoint","urlTemplate":"https:\/\/jaaaeg.ee\/ru\/?s={search_term_string}"},"query-input":{"@type":"PropertyValueSpecification","valueRequired":true,"valueName":"search_term_string"}}],"inLanguage":"lv-LV"}]}},"_links":{"self":[{"href":"https:\/\/jaaaeg.ee\/lv\/wp-json\/wp\/v2\/pages\/16473","targetHints":{"allow":["GET"]}}],"collection":[{"href":"https:\/\/jaaaeg.ee\/lv\/wp-json\/wp\/v2\/pages"}],"about":[{"href":"https:\/\/jaaaeg.ee\/lv\/wp-json\/wp\/v2\/types\/page"}],"author":[{"embeddable":true,"href":"https:\/\/jaaaeg.ee\/lv\/wp-json\/wp\/v2\/users\/1"}],"replies":[{"embeddable":true,"href":"https:\/\/jaaaeg.ee\/lv\/wp-json\/wp\/v2\/comments?post=16473"}],"version-history":[{"count":13,"href":"https:\/\/jaaaeg.ee\/lv\/wp-json\/wp\/v2\/pages\/16473\/revisions"}],"predecessor-version":[{"id":16719,"href":"https:\/\/jaaaeg.ee\/lv\/wp-json\/wp\/v2\/pages\/16473\/revisions\/16719"}],"up":[{"embeddable":true,"href":"https:\/\/jaaaeg.ee\/lv\/wp-json\/wp\/v2\/pages\/16587"}],"wp:featuredmedia":[{"embeddable":true,"href":"https:\/\/jaaaeg.ee\/lv\/wp-json\/wp\/v2\/media\/16477"}],"wp:attachment":[{"href":"https:\/\/jaaaeg.ee\/lv\/wp-json\/wp\/v2\/media?parent=16473"}],"curies":[{"name":"wp","href":"https:\/\/api.w.org\/{rel}","templated":true}]}}