{"id":1414,"date":"2018-09-25T15:56:43","date_gmt":"2018-09-25T12:56:43","guid":{"rendered":"http:\/\/jaaaeg.ee\/?page_id=1414"},"modified":"2025-08-18T13:28:43","modified_gmt":"2025-08-18T10:28:43","slug":"algkoolile","status":"publish","type":"page","link":"https:\/\/jaaaeg.ee\/lv\/opetajale\/algkoolile\/","title":{"rendered":"Algkoolile"},"content":{"rendered":"<div class=\"vce-row-container\" data-vce-boxed-width=\"true\"><div class=\"vce-row vce-row--col-gap-30 vce-row-equal-height vce-row-content--top\" id=\"el-b4c578bd\" data-vce-do-apply=\"all el-b4c578bd\"><div class=\"vce-row-content\" data-vce-element-content=\"true\"><div class=\"vce-col vce-col--md-auto vce-col--xs-1 vce-col--xs-last vce-col--xs-first vce-col--sm-last vce-col--sm-first vce-col--md-last vce-col--lg-last vce-col--xl-last vce-col--md-first vce-col--lg-first vce-col--xl-first\" id=\"el-d3bc04b0\"><div class=\"vce-col-inner\" data-vce-do-apply=\"border margin background  el-d3bc04b0\"><div class=\"vce-col-content\" data-vce-element-content=\"true\" data-vce-do-apply=\"padding el-d3bc04b0\"><div class=\"vce-text-block\"><div class=\"vce-text-block-wrapper vce\" id=\"el-0a24f238\" data-vce-do-apply=\"all el-0a24f238\"><h4 data-start=\"371\" data-end=\"428\"><span style=\"color: #333333;\">Meie algkoolilastele loodud \u00f5ppeprogrammid p\u00f5hinevad <strong data-start=\"541\" data-end=\"569\">kogemus- ja avastus\u00f5ppel<\/strong> \u2013 lapsed saavad teadmisi mitte ainult kuulata, vaid ka <strong data-start=\"625\" data-end=\"661\">ise katsetada, uurida ja m\u00e4ngida<\/strong>.<\/span><\/h4><h4 data-start=\"371\" data-end=\"428\">\ud83d\udd52 Programmi kestus<\/h4><p data-start=\"371\" data-end=\"428\">Algkoolilaste \u00f5ppeprogrammid kestavad kuni <strong data-start=\"1242\" data-end=\"1256\">60 minutit<\/strong>, hoides v\u00e4ikeste uurijate t\u00e4helepanu ja huvi kogu tegevuse v\u00e4ltel.<\/p><p data-start=\"1034\" data-end=\"1166\">&nbsp;<\/p><p><div class=\"woocommerce columns-4 \"><ul class=\"products columns-4\">\n<li class=\"product type-product post-26488 status-publish first instock product_cat-alg-lv product_cat-laste-lv has-post-thumbnail downloadable virtual product-type-simple\">\n\t<a href=\"https:\/\/jaaaeg.ee\/lv\/oppeprogramm\/alg-lv\/mammutipoiss-aksel-tuleb-kulla\/\" class=\"woocommerce-LoopProduct-link woocommerce-loop-product__link\"><img width=\"300\" height=\"300\" src=\"https:\/\/jaaaeg.ee\/wp-content\/uploads\/2018\/09\/OP_mammutipoeg-Aksel-tuleb-kulla-300x300.jpg\" class=\"attachment-woocommerce_thumbnail size-woocommerce_thumbnail\" alt=\"OP mammutipoeg Aksel tuleb kulla\" srcset=\"https:\/\/jaaaeg.ee\/wp-content\/uploads\/2018\/09\/OP_mammutipoeg-Aksel-tuleb-kulla-300x300.jpg 300w, https:\/\/jaaaeg.ee\/wp-content\/uploads\/2018\/09\/OP_mammutipoeg-Aksel-tuleb-kulla-150x150.jpg 150w, https:\/\/jaaaeg.ee\/wp-content\/uploads\/2018\/09\/OP_mammutipoeg-Aksel-tuleb-kulla-100x100.jpg 100w\" sizes=\"(max-width: 300px) 100vw, 300px\" \/><h2 class=\"woocommerce-loop-product__title\">Mammutipoiss \u00c4ksel tuleb k\u00fclla<\/h2>\n<\/a><a href=\"https:\/\/jaaaeg.ee\/lv\/oppeprogramm\/alg-lv\/mammutipoiss-aksel-tuleb-kulla\/\" aria-describedby=\"woocommerce_loop_add_to_cart_link_describedby_26488\" data-quantity=\"1\" class=\"button product_type_simple\" data-product_id=\"26488\" data-product_sku=\"\" aria-label=\"Read more about &ldquo;Mammutipoiss \u00c4ksel tuleb k\u00fclla&rdquo;\" rel=\"nofollow\" data-success_message=\"\">Read more<\/a>\t<span id=\"woocommerce_loop_add_to_cart_link_describedby_26488\" class=\"screen-reader-text\">\n\t\t\t<\/span>\n<\/li>\n<li class=\"product type-product post-26451 status-publish instock product_cat-alg-lv product_cat-laste-lv has-post-thumbnail downloadable virtual product-type-simple\">\n\t<a href=\"https:\/\/jaaaeg.ee\/lv\/oppeprogramm\/alg-lv\/retk-lemming-lempsiga-1h\/\" class=\"woocommerce-LoopProduct-link woocommerce-loop-product__link\"><img width=\"300\" height=\"300\" src=\"https:\/\/jaaaeg.ee\/wp-content\/uploads\/2019\/02\/IMG_0679-300x300.jpeg\" class=\"attachment-woocommerce_thumbnail size-woocommerce_thumbnail\" alt=\"Retk Lemming Lempsiga\" srcset=\"https:\/\/jaaaeg.ee\/wp-content\/uploads\/2019\/02\/IMG_0679-300x300.jpeg 300w, https:\/\/jaaaeg.ee\/wp-content\/uploads\/2019\/02\/IMG_0679-150x150.jpeg 150w, https:\/\/jaaaeg.ee\/wp-content\/uploads\/2019\/02\/IMG_0679-100x100.jpeg 100w\" sizes=\"(max-width: 300px) 100vw, 300px\" \/><h2 class=\"woocommerce-loop-product__title\">Retk lemming Lempsiga<\/h2>\n<\/a><a href=\"https:\/\/jaaaeg.ee\/lv\/oppeprogramm\/alg-lv\/retk-lemming-lempsiga-1h\/\" aria-describedby=\"woocommerce_loop_add_to_cart_link_describedby_26451\" data-quantity=\"1\" class=\"button product_type_simple\" data-product_id=\"26451\" data-product_sku=\"\" aria-label=\"Read more about &ldquo;Retk lemming Lempsiga&rdquo;\" rel=\"nofollow\" data-success_message=\"\">Read more<\/a>\t<span id=\"woocommerce_loop_add_to_cart_link_describedby_26451\" class=\"screen-reader-text\">\n\t\t\t<\/span>\n<\/li>\n<li class=\"product type-product post-25071 status-publish instock product_cat-alg-lv product_cat-gymna-lv product_cat-pohikoolile-lv has-post-thumbnail virtual product-type-simple\">\n\t<a href=\"https:\/\/jaaaeg.ee\/lv\/oppeprogramm\/alg-lv\/jarv-elukeskkonnana-parv\/\" class=\"woocommerce-LoopProduct-link woocommerce-loop-product__link\"><img width=\"300\" height=\"300\" src=\"https:\/\/jaaaeg.ee\/wp-content\/uploads\/2018\/10\/Jarv-elukeskkonnana-1-300x300.png\" class=\"attachment-woocommerce_thumbnail size-woocommerce_thumbnail\" alt=\"J\u00e4rv elukeskkonnana: uuringud parvelt\" srcset=\"https:\/\/jaaaeg.ee\/wp-content\/uploads\/2018\/10\/Jarv-elukeskkonnana-1-300x300.png 300w, https:\/\/jaaaeg.ee\/wp-content\/uploads\/2018\/10\/Jarv-elukeskkonnana-1-150x150.png 150w, https:\/\/jaaaeg.ee\/wp-content\/uploads\/2018\/10\/Jarv-elukeskkonnana-1-100x100.png 100w\" sizes=\"(max-width: 300px) 100vw, 300px\" \/><h2 class=\"woocommerce-loop-product__title\">J\u00e4rv elukeskkonnana: uuringud parvelt<\/h2>\n<\/a><a href=\"https:\/\/jaaaeg.ee\/lv\/oppeprogramm\/alg-lv\/jarv-elukeskkonnana-parv\/\" aria-describedby=\"woocommerce_loop_add_to_cart_link_describedby_25071\" data-quantity=\"1\" class=\"button product_type_simple\" data-product_id=\"25071\" data-product_sku=\"\" aria-label=\"Read more about &ldquo;J\u00e4rv elukeskkonnana: uuringud parvelt&rdquo;\" rel=\"nofollow\" data-success_message=\"\">Read more<\/a>\t<span id=\"woocommerce_loop_add_to_cart_link_describedby_25071\" class=\"screen-reader-text\">\n\t\t\t<\/span>\n<\/li>\n<\/ul>\n<\/div><\/p><\/div><\/div><\/div><\/div><\/div><\/div><\/div><\/div>\n","protected":false},"excerpt":{"rendered":"Meie algkoolilastele loodud \u00f5ppeprogrammid p\u00f5hinevad kogemus- ja avastus\u00f5ppel \u2013 lapsed saavad teadmisi mitte ainult kuulata, vaid ka ise katsetada, uurida ja m\u00e4ngida.\ud83d\udd52 Programmi kestusAlgkoolilaste \u00f5ppeprogrammid kestavad kuni 60 minutit, hoides v\u00e4ikeste uurijate t\u00e4helepanu ja huvi kogu tegevuse v\u00e4ltel.&nbsp;","protected":false},"author":1,"featured_media":84,"parent":15,"menu_order":304,"comment_status":"closed","ping_status":"closed","template":"template-sidebar.php","meta":{"_acf_changed":false,"ngg_post_thumbnail":0,"footnotes":""},"class_list":["post-1414","page","type-page","status-publish","has-post-thumbnail","hentry"],"acf":[],"yoast_head":"<!-- This site is optimized with the Yoast SEO plugin v27.3 - https:\/\/yoast.com\/product\/yoast-seo-wordpress\/ -->\n<title>Algkoolile - J\u00e4\u00e4aja Keskus<\/title>\n<meta name=\"robots\" content=\"index, follow, max-snippet:-1, max-image-preview:large, max-video-preview:-1\" \/>\n<link rel=\"canonical\" href=\"https:\/\/jaaaeg.ee\/opetajale\/algkoolile\/\" \/>\n<meta property=\"og:locale\" content=\"lv_LV\" \/>\n<meta property=\"og:type\" content=\"article\" \/>\n<meta property=\"og:title\" content=\"Algkoolile - J\u00e4\u00e4aja Keskus\" \/>\n<meta property=\"og:description\" content=\"Meie algkoolilastele loodud \u00f5ppeprogrammid p\u00f5hinevad kogemus- ja avastus\u00f5ppel \u2013 lapsed saavad teadmisi mitte ainult kuulata, vaid ka ise katsetada, uurida ja m\u00e4ngida.\ud83d\udd52 Programmi kestusAlgkoolilaste \u00f5ppeprogrammid kestavad kuni 60 minutit, hoides v\u00e4ikeste uurijate t\u00e4helepanu ja huvi kogu tegevuse v\u00e4ltel.&nbsp;\" \/>\n<meta property=\"og:url\" content=\"https:\/\/jaaaeg.ee\/opetajale\/algkoolile\/\" \/>\n<meta property=\"og:site_name\" content=\"J\u00e4\u00e4aja Keskus\" \/>\n<meta property=\"article:publisher\" content=\"https:\/\/www.facebook.com\/JaaajaKeskus\/\" \/>\n<meta property=\"article:modified_time\" content=\"2025-08-18T10:28:43+00:00\" \/>\n<meta property=\"og:image\" content=\"https:\/\/jaaaeg.ee\/wp-content\/uploads\/2018\/07\/hero_aa.jpg\" \/>\n\t<meta property=\"og:image:width\" content=\"1360\" \/>\n\t<meta property=\"og:image:height\" content=\"700\" \/>\n\t<meta property=\"og:image:type\" content=\"image\/jpeg\" \/>\n<meta name=\"twitter:card\" content=\"summary_large_image\" \/>\n<script type=\"application\/ld+json\" class=\"yoast-schema-graph\">{\"@context\":\"https:\\\/\\\/schema.org\",\"@graph\":[{\"@type\":\"WebPage\",\"@id\":\"https:\\\/\\\/jaaaeg.ee\\\/opetajale\\\/algkoolile\\\/\",\"url\":\"https:\\\/\\\/jaaaeg.ee\\\/opetajale\\\/algkoolile\\\/\",\"name\":\"Algkoolile - J\u00e4\u00e4aja Keskus\",\"isPartOf\":{\"@id\":\"https:\\\/\\\/jaaaeg.ee\\\/ru\\\/#website\"},\"primaryImageOfPage\":{\"@id\":\"https:\\\/\\\/jaaaeg.ee\\\/opetajale\\\/algkoolile\\\/#primaryimage\"},\"image\":{\"@id\":\"https:\\\/\\\/jaaaeg.ee\\\/opetajale\\\/algkoolile\\\/#primaryimage\"},\"thumbnailUrl\":\"https:\\\/\\\/jaaaeg.ee\\\/wp-content\\\/uploads\\\/2018\\\/07\\\/hero_aa.jpg\",\"datePublished\":\"2018-09-25T12:56:43+00:00\",\"dateModified\":\"2025-08-18T10:28:43+00:00\",\"breadcrumb\":{\"@id\":\"https:\\\/\\\/jaaaeg.ee\\\/opetajale\\\/algkoolile\\\/#breadcrumb\"},\"inLanguage\":\"lv-LV\",\"potentialAction\":[{\"@type\":\"ReadAction\",\"target\":[\"https:\\\/\\\/jaaaeg.ee\\\/opetajale\\\/algkoolile\\\/\"]}]},{\"@type\":\"ImageObject\",\"inLanguage\":\"lv-LV\",\"@id\":\"https:\\\/\\\/jaaaeg.ee\\\/opetajale\\\/algkoolile\\\/#primaryimage\",\"url\":\"https:\\\/\\\/jaaaeg.ee\\\/wp-content\\\/uploads\\\/2018\\\/07\\\/hero_aa.jpg\",\"contentUrl\":\"https:\\\/\\\/jaaaeg.ee\\\/wp-content\\\/uploads\\\/2018\\\/07\\\/hero_aa.jpg\",\"width\":1360,\"height\":700,\"caption\":\"hero aa\"},{\"@type\":\"BreadcrumbList\",\"@id\":\"https:\\\/\\\/jaaaeg.ee\\\/opetajale\\\/algkoolile\\\/#breadcrumb\",\"itemListElement\":[{\"@type\":\"ListItem\",\"position\":1,\"name\":\"Home\",\"item\":\"https:\\\/\\\/jaaaeg.ee\\\/lv\\\/\"},{\"@type\":\"ListItem\",\"position\":2,\"name\":\"\u00d5petajale\",\"item\":\"https:\\\/\\\/jaaaeg.ee\\\/opetajale\\\/\"},{\"@type\":\"ListItem\",\"position\":3,\"name\":\"Algkoolile\"}]},{\"@type\":\"WebSite\",\"@id\":\"https:\\\/\\\/jaaaeg.ee\\\/ru\\\/#website\",\"url\":\"https:\\\/\\\/jaaaeg.ee\\\/ru\\\/\",\"name\":\"J\u00e4\u00e4aja Keskus\",\"description\":\"avastamisr\u00f5\u00f5m igas vanuses k\u00fclastajatele\",\"potentialAction\":[{\"@type\":\"SearchAction\",\"target\":{\"@type\":\"EntryPoint\",\"urlTemplate\":\"https:\\\/\\\/jaaaeg.ee\\\/ru\\\/?s={search_term_string}\"},\"query-input\":{\"@type\":\"PropertyValueSpecification\",\"valueRequired\":true,\"valueName\":\"search_term_string\"}}],\"inLanguage\":\"lv-LV\"}]}<\/script>\n<!-- \/ Yoast SEO plugin. -->","yoast_head_json":{"title":"Algkoolile - J\u00e4\u00e4aja Keskus","robots":{"index":"index","follow":"follow","max-snippet":"max-snippet:-1","max-image-preview":"max-image-preview:large","max-video-preview":"max-video-preview:-1"},"canonical":"https:\/\/jaaaeg.ee\/opetajale\/algkoolile\/","og_locale":"lv_LV","og_type":"article","og_title":"Algkoolile - J\u00e4\u00e4aja Keskus","og_description":"Meie algkoolilastele loodud \u00f5ppeprogrammid p\u00f5hinevad kogemus- ja avastus\u00f5ppel \u2013 lapsed saavad teadmisi mitte ainult kuulata, vaid ka ise katsetada, uurida ja m\u00e4ngida.\ud83d\udd52 Programmi kestusAlgkoolilaste \u00f5ppeprogrammid kestavad kuni 60 minutit, hoides v\u00e4ikeste uurijate t\u00e4helepanu ja huvi kogu tegevuse v\u00e4ltel.&nbsp;","og_url":"https:\/\/jaaaeg.ee\/opetajale\/algkoolile\/","og_site_name":"J\u00e4\u00e4aja Keskus","article_publisher":"https:\/\/www.facebook.com\/JaaajaKeskus\/","article_modified_time":"2025-08-18T10:28:43+00:00","og_image":[{"width":1360,"height":700,"url":"https:\/\/jaaaeg.ee\/wp-content\/uploads\/2018\/07\/hero_aa.jpg","type":"image\/jpeg"}],"twitter_card":"summary_large_image","schema":{"@context":"https:\/\/schema.org","@graph":[{"@type":"WebPage","@id":"https:\/\/jaaaeg.ee\/opetajale\/algkoolile\/","url":"https:\/\/jaaaeg.ee\/opetajale\/algkoolile\/","name":"Algkoolile - J\u00e4\u00e4aja Keskus","isPartOf":{"@id":"https:\/\/jaaaeg.ee\/ru\/#website"},"primaryImageOfPage":{"@id":"https:\/\/jaaaeg.ee\/opetajale\/algkoolile\/#primaryimage"},"image":{"@id":"https:\/\/jaaaeg.ee\/opetajale\/algkoolile\/#primaryimage"},"thumbnailUrl":"https:\/\/jaaaeg.ee\/wp-content\/uploads\/2018\/07\/hero_aa.jpg","datePublished":"2018-09-25T12:56:43+00:00","dateModified":"2025-08-18T10:28:43+00:00","breadcrumb":{"@id":"https:\/\/jaaaeg.ee\/opetajale\/algkoolile\/#breadcrumb"},"inLanguage":"lv-LV","potentialAction":[{"@type":"ReadAction","target":["https:\/\/jaaaeg.ee\/opetajale\/algkoolile\/"]}]},{"@type":"ImageObject","inLanguage":"lv-LV","@id":"https:\/\/jaaaeg.ee\/opetajale\/algkoolile\/#primaryimage","url":"https:\/\/jaaaeg.ee\/wp-content\/uploads\/2018\/07\/hero_aa.jpg","contentUrl":"https:\/\/jaaaeg.ee\/wp-content\/uploads\/2018\/07\/hero_aa.jpg","width":1360,"height":700,"caption":"hero aa"},{"@type":"BreadcrumbList","@id":"https:\/\/jaaaeg.ee\/opetajale\/algkoolile\/#breadcrumb","itemListElement":[{"@type":"ListItem","position":1,"name":"Home","item":"https:\/\/jaaaeg.ee\/lv\/"},{"@type":"ListItem","position":2,"name":"\u00d5petajale","item":"https:\/\/jaaaeg.ee\/opetajale\/"},{"@type":"ListItem","position":3,"name":"Algkoolile"}]},{"@type":"WebSite","@id":"https:\/\/jaaaeg.ee\/ru\/#website","url":"https:\/\/jaaaeg.ee\/ru\/","name":"J\u00e4\u00e4aja Keskus","description":"avastamisr\u00f5\u00f5m igas vanuses k\u00fclastajatele","potentialAction":[{"@type":"SearchAction","target":{"@type":"EntryPoint","urlTemplate":"https:\/\/jaaaeg.ee\/ru\/?s={search_term_string}"},"query-input":{"@type":"PropertyValueSpecification","valueRequired":true,"valueName":"search_term_string"}}],"inLanguage":"lv-LV"}]}},"_links":{"self":[{"href":"https:\/\/jaaaeg.ee\/lv\/wp-json\/wp\/v2\/pages\/1414","targetHints":{"allow":["GET"]}}],"collection":[{"href":"https:\/\/jaaaeg.ee\/lv\/wp-json\/wp\/v2\/pages"}],"about":[{"href":"https:\/\/jaaaeg.ee\/lv\/wp-json\/wp\/v2\/types\/page"}],"author":[{"embeddable":true,"href":"https:\/\/jaaaeg.ee\/lv\/wp-json\/wp\/v2\/users\/1"}],"replies":[{"embeddable":true,"href":"https:\/\/jaaaeg.ee\/lv\/wp-json\/wp\/v2\/comments?post=1414"}],"version-history":[{"count":8,"href":"https:\/\/jaaaeg.ee\/lv\/wp-json\/wp\/v2\/pages\/1414\/revisions"}],"predecessor-version":[{"id":32426,"href":"https:\/\/jaaaeg.ee\/lv\/wp-json\/wp\/v2\/pages\/1414\/revisions\/32426"}],"up":[{"embeddable":true,"href":"https:\/\/jaaaeg.ee\/lv\/wp-json\/wp\/v2\/pages\/15"}],"wp:featuredmedia":[{"embeddable":true,"href":"https:\/\/jaaaeg.ee\/lv\/wp-json\/wp\/v2\/media\/84"}],"wp:attachment":[{"href":"https:\/\/jaaaeg.ee\/lv\/wp-json\/wp\/v2\/media?parent=1414"}],"curies":[{"name":"wp","href":"https:\/\/api.w.org\/{rel}","templated":true}]}}