{"id":27716,"date":"2018-09-21T11:29:30","date_gmt":"2018-09-21T08:29:30","guid":{"rendered":"https:\/\/jaaaeg.ee\/oppeprogramm\/uncategorized\/jarv-selgrootud\/"},"modified":"2026-03-04T10:53:06","modified_gmt":"2026-03-04T08:53:06","slug":"jarv-selgrootud","status":"publish","type":"product","link":"https:\/\/jaaaeg.ee\/fi\/oppeprogramm\/pohikoolile-fi\/jarv-selgrootud\/","title":{"rendered":"J\u00e4rv elukeskkonnana: veeselgrootud"},"content":{"rendered":"<p>\u00d5ues\u00f5ppeprogramm, mis viiakse l\u00e4bi r\u00fchmat\u00f6\u00f6na. \u00d5pime, kes on selgrootud ja kuidas erinevaid selgrootuid \u00e4ra tunda. Selgrootuid p\u00fc\u00fcame Saadj\u00e4rve kaldaveest, m\u00e4\u00e4rame aga \u00f5ppeklassis. Koos leiame seose vee keskkonnatingimuste ja selgrootute loomade mitmekesisuse vahel.<\/p>\n<p>Tegemist on \u00fche huvitavaima \u00f5ppeprogrammiga, sest osalejad saavad v\u00e4ga palju ise tegutseda ja ka k\u00f5ige vallatuma \u00f5pilase t\u00e4helepanu saab k\u00f6idetud.&nbsp;<\/p>\n<p>Vajalik sobiv riietus. \u00d5ppematerjalid on J\u00e4\u00e4aja Keskusel k\u00f5igile olemas.&nbsp;<\/p>\n<p>&nbsp; &nbsp; &nbsp; &nbsp;<\/p>\n<p><strong>T\u00f6\u00f6lehed:<\/strong><\/p>\n<p><a href=\"https:\/\/jaaaeg.ee\/wp-content\/uploads\/2018\/09\/Veeselgrootud_Saadjarvel-1.pdf\" rel=\"\">Veeselgrootud_Saadjarvel<\/a><\/p>\n<p><a href=\"https:\/\/jaaaeg.ee\/wp-content\/uploads\/2018\/09\/Veetaimed_Saadjarvel-1.pdf\" rel=\"\">Veetaimed_Saadjarvel<\/a><\/p>\n<p><a href=\"https:\/\/jaaaeg.ee\/wp-content\/uploads\/2018\/09\/Uurimuslik_ope_gymn.pdf\" rel=\"\">Uurimuslik_ope_gymn<\/a><\/p>\n<p>&nbsp;<\/p>\n<p><strong>Programmi tutvustus ja erinevad moodulid:<\/strong>&nbsp;<a href=\"https:\/\/jaaaeg.ee\/wp-content\/uploads\/2018\/09\/J\u00e4rv-elukeskonnana-\u00f5ppeprogramm-ja-moodulid-juhend-1.pdf\" rel=\"\">J\u00e4rv elukeskkonnana<\/a><\/p>\n<p><strong>Programmi tutvustus ja moodulid ENG:<\/strong>&nbsp;<a href=\"https:\/\/jaaaeg.ee\/wp-content\/uploads\/2018\/09\/J\u00e4rv-elukeskonnana-\u00f5ppeprogramm-ja-moodulid-juhend-ENG-1.pdf\" rel=\"\">J\u00e4rv elukeskkonnana ENG<\/a><\/p>\n<p><strong>Programmi tutvustus ja moodulid RUS:<\/strong>&nbsp;<a href=\"https:\/\/jaaaeg.ee\/wp-content\/uploads\/2018\/09\/J\u00e4rv-elukeskonnana-\u00f5ppeprogramm-ja-moodulid-juhend-RUS-1.pdf\" rel=\"\">J\u00e4rv elukeskkonnana RUS<\/a><\/p>\n<p>&nbsp;<\/p>\n<p><strong>T\u00f6\u00f6lehed inglise keeles:<\/strong><\/p>\n<p><a href=\"https:\/\/jaaaeg.ee\/wp-content\/uploads\/2018\/09\/ENG_Veetaimed-Saadj\u00e4rvel-1.pdf\" rel=\"\">Veetaimed Saadj\u00e4rvel ENG<\/a><\/p>\n<p><a href=\"https:\/\/jaaaeg.ee\/wp-content\/uploads\/2018\/09\/ENG_Veeselgrootud-Saadj\u00e4rvel-1.pdf\" rel=\"\">Veeselgrootud Saadj\u00e4rvel ENG<\/a><\/p>\n<p><a href=\"https:\/\/jaaaeg.ee\/wp-content\/uploads\/2018\/09\/ENG_Uurimuslik-\u00f5pe-1.pdf\" rel=\"\">Uurimuslik \u00f5pe ENG<\/a><\/p>\n<p>&nbsp;<\/p>\n<p><strong>T\u00f6\u00f6lehed vene keeles:<\/strong><\/p>\n<p><a href=\"https:\/\/jaaaeg.ee\/wp-content\/uploads\/2018\/09\/RUS_Veetaimed-Saadj\u00e4rvel-1.pdf\" rel=\"\">Veetaimed Saadj\u00e4rvel RUS<\/a><\/p>\n<p><a href=\"https:\/\/jaaaeg.ee\/wp-content\/uploads\/2018\/09\/RUS_Veeselgrootud-Saadj\u00e4rvel-1.pdf\" rel=\"\">Veeselgrootud Saadj\u00e4rvel RUS<\/a><\/p>\n<p><a href=\"https:\/\/jaaaeg.ee\/wp-content\/uploads\/2018\/09\/RUS_Uurimuslik-\u00f5pe-1.pdf\" rel=\"\">Uurimuslik \u00f5pe RUS<\/a><\/p>\n","protected":false},"excerpt":{"rendered":"<strong>Sihtgrupp: <\/strong>4.-12. klass\r\n<strong>Kestus<\/strong>:&nbsp;1,5 tundi\r\n<strong>Koht:<\/strong> Saadj\u00e4rv, J\u00e4\u00e4aja Keskuse \u00f5ppeklass\r\n<strong>Grupi suurus: <\/strong>kuni 20 \u00f5pilast\r\n<strong>Hind: 7 \u20ac osaleja + juhendamise tasu 50 \u20ac<\/strong>\r\n\r\n<a href=\"https:\/\/lydian.ee\/broneeri\/programmid\/jaaaeg\/jarv-elukeskkonnana-veeselgrootud\/\">BRONEERI<\/a>\r\n\r\n&nbsp;","protected":false},"featured_media":438,"template":"","meta":{"_acf_changed":false,"ngg_post_thumbnail":0},"product_brand":[],"product_cat":[116,115],"product_tag":[],"class_list":{"0":"post-27716","1":"product","2":"type-product","3":"status-publish","4":"has-post-thumbnail","6":"product_cat-gymna-fi","7":"product_cat-pohikoolile-fi","8":"product_shipping_class-parvesoit-fi","10":"first","11":"instock","12":"virtual","13":"product-type-simple"},"acf":[],"yoast_head":"<!-- This site is optimized with the Yoast SEO plugin v27.3 - https:\/\/yoast.com\/product\/yoast-seo-wordpress\/ -->\n<title>J\u00e4rv elukeskkonnana: veeselgrootud - J\u00e4\u00e4aja Keskus<\/title>\n<meta name=\"robots\" content=\"index, follow, max-snippet:-1, max-image-preview:large, max-video-preview:-1\" \/>\n<link rel=\"canonical\" href=\"https:\/\/jaaaeg.ee\/fi\/oppeprogramm\/pohikoolile-fi\/jarv-selgrootud\/\" \/>\n<meta property=\"og:locale\" content=\"fi_FI\" \/>\n<meta property=\"og:type\" content=\"article\" \/>\n<meta property=\"og:title\" content=\"J\u00e4rv elukeskkonnana: veeselgrootud - J\u00e4\u00e4aja Keskus\" \/>\n<meta property=\"og:description\" content=\"Sihtgrupp: 4.-12. klass Kestus:&nbsp;1,5 tundi Koht: Saadj\u00e4rv, J\u00e4\u00e4aja Keskuse \u00f5ppeklass Grupi suurus: kuni 20 \u00f5pilast Hind: 7 \u20ac osaleja + juhendamise tasu 50 \u20ac  BRONEERI  &nbsp;\" \/>\n<meta property=\"og:url\" content=\"https:\/\/jaaaeg.ee\/fi\/oppeprogramm\/pohikoolile-fi\/jarv-selgrootud\/\" \/>\n<meta property=\"og:site_name\" content=\"J\u00e4\u00e4aja Keskus\" \/>\n<meta property=\"article:publisher\" content=\"https:\/\/www.facebook.com\/JaaajaKeskus\/\" \/>\n<meta property=\"article:modified_time\" content=\"2026-03-04T08:53:06+00:00\" \/>\n<meta property=\"og:image\" content=\"https:\/\/jaaaeg.ee\/wp-content\/uploads\/2018\/09\/J\u00e4rv-elukeskkonnana-4-12-kl.jpg\" \/>\n\t<meta property=\"og:image:width\" content=\"500\" \/>\n\t<meta property=\"og:image:height\" content=\"335\" \/>\n\t<meta property=\"og:image:type\" content=\"image\/jpeg\" \/>\n<meta name=\"twitter:card\" content=\"summary_large_image\" \/>\n<meta name=\"twitter:label1\" content=\"Arvioitu lukuaika\" \/>\n\t<meta name=\"twitter:data1\" content=\"1 minuutti\" \/>\n<script type=\"application\/ld+json\" class=\"yoast-schema-graph\">{\"@context\":\"https:\\\/\\\/schema.org\",\"@graph\":[{\"@type\":\"WebPage\",\"@id\":\"https:\\\/\\\/jaaaeg.ee\\\/fi\\\/oppeprogramm\\\/pohikoolile-fi\\\/jarv-selgrootud\\\/\",\"url\":\"https:\\\/\\\/jaaaeg.ee\\\/fi\\\/oppeprogramm\\\/pohikoolile-fi\\\/jarv-selgrootud\\\/\",\"name\":\"J\u00e4rv elukeskkonnana: veeselgrootud - J\u00e4\u00e4aja Keskus\",\"isPartOf\":{\"@id\":\"https:\\\/\\\/jaaaeg.ee\\\/ru\\\/#website\"},\"primaryImageOfPage\":{\"@id\":\"https:\\\/\\\/jaaaeg.ee\\\/fi\\\/oppeprogramm\\\/pohikoolile-fi\\\/jarv-selgrootud\\\/#primaryimage\"},\"image\":{\"@id\":\"https:\\\/\\\/jaaaeg.ee\\\/fi\\\/oppeprogramm\\\/pohikoolile-fi\\\/jarv-selgrootud\\\/#primaryimage\"},\"thumbnailUrl\":\"https:\\\/\\\/jaaaeg.ee\\\/wp-content\\\/uploads\\\/2018\\\/09\\\/J\u00e4rv-elukeskkonnana-4-12-kl.jpg\",\"datePublished\":\"2018-09-21T08:29:30+00:00\",\"dateModified\":\"2026-03-04T08:53:06+00:00\",\"breadcrumb\":{\"@id\":\"https:\\\/\\\/jaaaeg.ee\\\/fi\\\/oppeprogramm\\\/pohikoolile-fi\\\/jarv-selgrootud\\\/#breadcrumb\"},\"inLanguage\":\"fi\",\"potentialAction\":[{\"@type\":\"ReadAction\",\"target\":[\"https:\\\/\\\/jaaaeg.ee\\\/fi\\\/oppeprogramm\\\/pohikoolile-fi\\\/jarv-selgrootud\\\/\"]}]},{\"@type\":\"ImageObject\",\"inLanguage\":\"fi\",\"@id\":\"https:\\\/\\\/jaaaeg.ee\\\/fi\\\/oppeprogramm\\\/pohikoolile-fi\\\/jarv-selgrootud\\\/#primaryimage\",\"url\":\"https:\\\/\\\/jaaaeg.ee\\\/wp-content\\\/uploads\\\/2018\\\/09\\\/J\u00e4rv-elukeskkonnana-4-12-kl.jpg\",\"contentUrl\":\"https:\\\/\\\/jaaaeg.ee\\\/wp-content\\\/uploads\\\/2018\\\/09\\\/J\u00e4rv-elukeskkonnana-4-12-kl.jpg\",\"width\":500,\"height\":335,\"caption\":\"J\u00e4rv elukeskkonnana 4 12 kl\"},{\"@type\":\"BreadcrumbList\",\"@id\":\"https:\\\/\\\/jaaaeg.ee\\\/fi\\\/oppeprogramm\\\/pohikoolile-fi\\\/jarv-selgrootud\\\/#breadcrumb\",\"itemListElement\":[{\"@type\":\"ListItem\",\"position\":1,\"name\":\"Home\",\"item\":\"https:\\\/\\\/jaaaeg.ee\\\/fi\\\/\"},{\"@type\":\"ListItem\",\"position\":2,\"name\":\"J\u00e4rv elukeskkonnana: veeselgrootud\"}]},{\"@type\":\"WebSite\",\"@id\":\"https:\\\/\\\/jaaaeg.ee\\\/ru\\\/#website\",\"url\":\"https:\\\/\\\/jaaaeg.ee\\\/ru\\\/\",\"name\":\"J\u00e4\u00e4aja Keskus\",\"description\":\"avastamisr\u00f5\u00f5m igas vanuses k\u00fclastajatele\",\"potentialAction\":[{\"@type\":\"SearchAction\",\"target\":{\"@type\":\"EntryPoint\",\"urlTemplate\":\"https:\\\/\\\/jaaaeg.ee\\\/ru\\\/?s={search_term_string}\"},\"query-input\":{\"@type\":\"PropertyValueSpecification\",\"valueRequired\":true,\"valueName\":\"search_term_string\"}}],\"inLanguage\":\"fi\"}]}<\/script>\n<!-- \/ Yoast SEO plugin. -->","yoast_head_json":{"title":"J\u00e4rv elukeskkonnana: veeselgrootud - J\u00e4\u00e4aja Keskus","robots":{"index":"index","follow":"follow","max-snippet":"max-snippet:-1","max-image-preview":"max-image-preview:large","max-video-preview":"max-video-preview:-1"},"canonical":"https:\/\/jaaaeg.ee\/fi\/oppeprogramm\/pohikoolile-fi\/jarv-selgrootud\/","og_locale":"fi_FI","og_type":"article","og_title":"J\u00e4rv elukeskkonnana: veeselgrootud - J\u00e4\u00e4aja Keskus","og_description":"Sihtgrupp: 4.-12. klass Kestus:&nbsp;1,5 tundi Koht: Saadj\u00e4rv, J\u00e4\u00e4aja Keskuse \u00f5ppeklass Grupi suurus: kuni 20 \u00f5pilast Hind: 7 \u20ac osaleja + juhendamise tasu 50 \u20ac  BRONEERI  &nbsp;","og_url":"https:\/\/jaaaeg.ee\/fi\/oppeprogramm\/pohikoolile-fi\/jarv-selgrootud\/","og_site_name":"J\u00e4\u00e4aja Keskus","article_publisher":"https:\/\/www.facebook.com\/JaaajaKeskus\/","article_modified_time":"2026-03-04T08:53:06+00:00","og_image":[{"width":500,"height":335,"url":"https:\/\/jaaaeg.ee\/wp-content\/uploads\/2018\/09\/J\u00e4rv-elukeskkonnana-4-12-kl.jpg","type":"image\/jpeg"}],"twitter_card":"summary_large_image","twitter_misc":{"Arvioitu lukuaika":"1 minuutti"},"schema":{"@context":"https:\/\/schema.org","@graph":[{"@type":"WebPage","@id":"https:\/\/jaaaeg.ee\/fi\/oppeprogramm\/pohikoolile-fi\/jarv-selgrootud\/","url":"https:\/\/jaaaeg.ee\/fi\/oppeprogramm\/pohikoolile-fi\/jarv-selgrootud\/","name":"J\u00e4rv elukeskkonnana: veeselgrootud - J\u00e4\u00e4aja Keskus","isPartOf":{"@id":"https:\/\/jaaaeg.ee\/ru\/#website"},"primaryImageOfPage":{"@id":"https:\/\/jaaaeg.ee\/fi\/oppeprogramm\/pohikoolile-fi\/jarv-selgrootud\/#primaryimage"},"image":{"@id":"https:\/\/jaaaeg.ee\/fi\/oppeprogramm\/pohikoolile-fi\/jarv-selgrootud\/#primaryimage"},"thumbnailUrl":"https:\/\/jaaaeg.ee\/wp-content\/uploads\/2018\/09\/J\u00e4rv-elukeskkonnana-4-12-kl.jpg","datePublished":"2018-09-21T08:29:30+00:00","dateModified":"2026-03-04T08:53:06+00:00","breadcrumb":{"@id":"https:\/\/jaaaeg.ee\/fi\/oppeprogramm\/pohikoolile-fi\/jarv-selgrootud\/#breadcrumb"},"inLanguage":"fi","potentialAction":[{"@type":"ReadAction","target":["https:\/\/jaaaeg.ee\/fi\/oppeprogramm\/pohikoolile-fi\/jarv-selgrootud\/"]}]},{"@type":"ImageObject","inLanguage":"fi","@id":"https:\/\/jaaaeg.ee\/fi\/oppeprogramm\/pohikoolile-fi\/jarv-selgrootud\/#primaryimage","url":"https:\/\/jaaaeg.ee\/wp-content\/uploads\/2018\/09\/J\u00e4rv-elukeskkonnana-4-12-kl.jpg","contentUrl":"https:\/\/jaaaeg.ee\/wp-content\/uploads\/2018\/09\/J\u00e4rv-elukeskkonnana-4-12-kl.jpg","width":500,"height":335,"caption":"J\u00e4rv elukeskkonnana 4 12 kl"},{"@type":"BreadcrumbList","@id":"https:\/\/jaaaeg.ee\/fi\/oppeprogramm\/pohikoolile-fi\/jarv-selgrootud\/#breadcrumb","itemListElement":[{"@type":"ListItem","position":1,"name":"Home","item":"https:\/\/jaaaeg.ee\/fi\/"},{"@type":"ListItem","position":2,"name":"J\u00e4rv elukeskkonnana: veeselgrootud"}]},{"@type":"WebSite","@id":"https:\/\/jaaaeg.ee\/ru\/#website","url":"https:\/\/jaaaeg.ee\/ru\/","name":"J\u00e4\u00e4aja Keskus","description":"avastamisr\u00f5\u00f5m igas vanuses k\u00fclastajatele","potentialAction":[{"@type":"SearchAction","target":{"@type":"EntryPoint","urlTemplate":"https:\/\/jaaaeg.ee\/ru\/?s={search_term_string}"},"query-input":{"@type":"PropertyValueSpecification","valueRequired":true,"valueName":"search_term_string"}}],"inLanguage":"fi"}]}},"_links":{"self":[{"href":"https:\/\/jaaaeg.ee\/fi\/wp-json\/wp\/v2\/product\/27716","targetHints":{"allow":["GET"]}}],"collection":[{"href":"https:\/\/jaaaeg.ee\/fi\/wp-json\/wp\/v2\/product"}],"about":[{"href":"https:\/\/jaaaeg.ee\/fi\/wp-json\/wp\/v2\/types\/product"}],"wp:featuredmedia":[{"embeddable":true,"href":"https:\/\/jaaaeg.ee\/fi\/wp-json\/wp\/v2\/media\/438"}],"wp:attachment":[{"href":"https:\/\/jaaaeg.ee\/fi\/wp-json\/wp\/v2\/media?parent=27716"}],"wp:term":[{"taxonomy":"product_brand","embeddable":true,"href":"https:\/\/jaaaeg.ee\/fi\/wp-json\/wp\/v2\/product_brand?post=27716"},{"taxonomy":"product_cat","embeddable":true,"href":"https:\/\/jaaaeg.ee\/fi\/wp-json\/wp\/v2\/product_cat?post=27716"},{"taxonomy":"product_tag","embeddable":true,"href":"https:\/\/jaaaeg.ee\/fi\/wp-json\/wp\/v2\/product_tag?post=27716"}],"curies":[{"name":"wp","href":"https:\/\/api.w.org\/{rel}","templated":true}]}}